{"id":14351,"date":"2023-03-24T15:30:36","date_gmt":"2023-03-24T14:30:36","guid":{"rendered":"https:\/\/projectes.xtec.cat\/digital\/?page_id=14351"},"modified":"2024-07-31T13:42:05","modified_gmt":"2024-07-31T11:42:05","slug":"assignar-hores-de-la-coordinacio-digital","status":"publish","type":"page","link":"https:\/\/projectes.xtec.cat\/digital\/perfils\/equip-directiu\/assignar-hores-de-la-coordinacio-digital\/","title":{"rendered":"Assignar hores de la coordinaci\u00f3 digital"},"content":{"rendered":"\n<p>Dins del <a href=\"https:\/\/projectes.xtec.cat\/digital\/wp-content\/uploads\/usu2317\/2024\/07\/Orientacions-per-a-la-coordinacio-digital-2024.pdf\" data-type=\"link\" data-id=\"https:\/\/projectes.xtec.cat\/digital\/wp-content\/uploads\/usu2317\/2024\/06\/Orientacions-per-a-la-coordinacio-digital-maig-2024-Pendent-correccio-ortografica.pdf\" target=\"_blank\" rel=\"noreferrer noopener\">document d&#8217;Orientacions de la Coordinaci\u00f3 digital<\/a> es fa la seg\u00fcent recomanaci\u00f3 general d&#8217;assignaci\u00f3 hor\u00e0ria:<\/p>\n\n\n\n<h2 class=\"wp-block-heading alignwide\">Prim\u00e0ria<\/h2>\n\n\n\n<figure class=\"wp-block-table alignleft\"><table><thead><tr><th>1 l\u00ednia \/ 9 grups<\/th><th>2 l\u00ednies \/ 18 grups<\/th><th>3 l\u00ednies \/ 27 grups<\/th><\/tr><\/thead><tbody><tr><td>2h \/ setmana<\/td><td>4h \/ setmana<\/td><td>5h \/ setmana<\/td><\/tr><\/tbody><\/table><\/figure>\n\n\n\n<h2 class=\"wp-block-heading alignwide\">Secund\u00e0ria<\/h2>\n\n\n\n<figure class=\"wp-block-table alignleft\"><table><thead><tr><th>18 grups<\/th><th>24 grups<\/th><th>30 grups<\/th><\/tr><\/thead><tbody><tr><td>4h \/ setmana<\/td><td>5h \/ setmana<\/td><td>6h \/ setmana<\/td><\/tr><\/tbody><\/table><\/figure>\n\n\n\n<div style=\"height:12px\" aria-hidden=\"true\" class=\"wp-block-spacer\"><\/div>\n\n\n\n<p class=\"has-background\" style=\"background-color:#ffe6e6\">\u26a0\ufe0f Aquestes taules <strong>s\u00f3n nom\u00e9s una refer\u00e8ncia<\/strong> i cal adaptar el c\u00e0lcul a les caracter\u00edstiques del centre. <\/p>\n\n\n\n<p>Per ajudar aquesta adaptaci\u00f3, es proporciona la calculadora de temps que incorpora m\u00e9s par\u00e0metres, tots ells de car\u00e0cter objectiu, com per exemple:<\/p>\n\n\n\n<ul class=\"wp-block-list\">\n<li>Nombre de grups.<\/li>\n\n\n\n<li>Nombre d\u2019equips i dispositius, diferenciant-ne les tipologies.<\/li>\n\n\n\n<li>Percentatge d\u2019equips en manteniment i sense servei de manteniment.<\/li>\n\n\n\n<li>Estat de la xarxa (transformada\/no transformada).<\/li>\n<\/ul>\n\n\n\n<div style=\"height:40px\" aria-hidden=\"true\" class=\"wp-block-spacer\"><\/div>\n\n\n\n<h2 class=\"wp-block-heading\">Calculadora d&#8217;hores<\/h2>\n\n\n\n<iframe loading=\"lazy\" src=\"https:\/\/edumet.cat\/areatac\/coordigital\/inici.html\" width=\"100%\" height=\"900\"><\/iframe>\n","protected":false},"excerpt":{"rendered":"<p>Dins del document d&#8217;Orientacions de la Coordinaci\u00f3 digital es fa la seg\u00fcent recomanaci\u00f3 general d&#8217;assignaci\u00f3 hor\u00e0ria: Prim\u00e0ria 1 l\u00ednia \/ 9 grups 2 l\u00ednies \/ 18 grups 3 l\u00ednies \/ 27 grups 2h \/ setmana 4h \/ setmana 5h \/ setmana Secund\u00e0ria 18 grups 24 grups 30 grups 4h \/ setmana 5h \/ setmana 6h [&hellip;]<\/p>\n","protected":false},"author":2,"featured_media":0,"parent":13645,"menu_order":0,"comment_status":"closed","ping_status":"close","template":"","meta":{"site-sidebar-layout":"default","site-content-layout":"","ast-site-content-layout":"default","site-content-style":"default","site-sidebar-style":"default","ast-global-header-display":"","ast-banner-title-visibility":"","ast-main-header-display":"","ast-hfb-above-header-display":"","ast-hfb-below-header-display":"","ast-hfb-mobile-header-display":"","site-post-title":"","ast-breadcrumbs-content":"","ast-featured-img":"","footer-sml-layout":"","theme-transparent-header-meta":"","adv-header-id-meta":"","stick-header-meta":"","header-above-stick-meta":"","header-main-stick-meta":"","header-below-stick-meta":"","astra-migrate-meta-layouts":"set","ast-page-background-enabled":"default","ast-page-background-meta":{"desktop":{"background-color":"var(--ast-global-color-4)","background-image":"","background-repeat":"repeat","background-position":"center center","background-size":"auto","background-attachment":"scroll","background-type":"","background-media":"","overlay-type":"","overlay-color":"","overlay-opacity":"","overlay-gradient":""},"tablet":{"background-color":"","background-image":"","background-repeat":"repeat","background-position":"center center","background-size":"auto","background-attachment":"scroll","background-type":"","background-media":"","overlay-type":"","overlay-color":"","overlay-opacity":"","overlay-gradient":""},"mobile":{"background-color":"","background-image":"","background-repeat":"repeat","background-position":"center center","background-size":"auto","background-attachment":"scroll","background-type":"","background-media":"","overlay-type":"","overlay-color":"","overlay-opacity":"","overlay-gradient":""}},"ast-content-background-meta":{"desktop":{"background-color":"var(--ast-global-color-5)","background-image":"","background-repeat":"repeat","background-position":"center center","background-size":"auto","background-attachment":"scroll","background-type":"","background-media":"","overlay-type":"","overlay-color":"","overlay-opacity":"","overlay-gradient":""},"tablet":{"background-color":"var(--ast-global-color-5)","background-image":"","background-repeat":"repeat","background-position":"center center","background-size":"auto","background-attachment":"scroll","background-type":"","background-media":"","overlay-type":"","overlay-color":"","overlay-opacity":"","overlay-gradient":""},"mobile":{"background-color":"var(--ast-global-color-5)","background-image":"","background-repeat":"repeat","background-position":"center center","background-size":"auto","background-attachment":"scroll","background-type":"","background-media":"","overlay-type":"","overlay-color":"","overlay-opacity":"","overlay-gradient":""}},"footnotes":""},"class_list":["post-14351","page","type-page","status-publish","hentry"],"post_mailing_queue_ids":[],"_links":{"self":[{"href":"https:\/\/projectes.xtec.cat\/digital\/wp-json\/wp\/v2\/pages\/14351","targetHints":{"allow":["GET"]}}],"collection":[{"href":"https:\/\/projectes.xtec.cat\/digital\/wp-json\/wp\/v2\/pages"}],"about":[{"href":"https:\/\/projectes.xtec.cat\/digital\/wp-json\/wp\/v2\/types\/page"}],"author":[{"embeddable":true,"href":"https:\/\/projectes.xtec.cat\/digital\/wp-json\/wp\/v2\/users\/2"}],"replies":[{"embeddable":true,"href":"https:\/\/projectes.xtec.cat\/digital\/wp-json\/wp\/v2\/comments?post=14351"}],"version-history":[{"count":6,"href":"https:\/\/projectes.xtec.cat\/digital\/wp-json\/wp\/v2\/pages\/14351\/revisions"}],"predecessor-version":[{"id":28700,"href":"https:\/\/projectes.xtec.cat\/digital\/wp-json\/wp\/v2\/pages\/14351\/revisions\/28700"}],"up":[{"embeddable":true,"href":"https:\/\/projectes.xtec.cat\/digital\/wp-json\/wp\/v2\/pages\/13645"}],"wp:attachment":[{"href":"https:\/\/projectes.xtec.cat\/digital\/wp-json\/wp\/v2\/media?parent=14351"}],"curies":[{"name":"wp","href":"https:\/\/api.w.org\/{rel}","templated":true}]}}