{"id":14396,"date":"2023-03-27T09:21:14","date_gmt":"2023-03-27T07:21:14","guid":{"rendered":"https:\/\/projectes.xtec.cat\/digital\/?page_id=14396"},"modified":"2025-07-28T13:10:20","modified_gmt":"2025-07-28T11:10:20","slug":"consultar-inventari-digital-tic","status":"publish","type":"page","link":"https:\/\/projectes.xtec.cat\/digital\/perfils\/coordinacio-digital\/consultar-inventari-digital-tic\/","title":{"rendered":"Consultar l&#8217;inventari digital TIC"},"content":{"rendered":"\n<div class=\"wp-block-getwid-section alignfull alignfull\"><div class=\"wp-block-getwid-section__wrapper\"><div class=\"wp-block-getwid-section__inner-wrapper\"><div class=\"wp-block-getwid-section__background-holder\"><div class=\"wp-block-getwid-section__background\"><\/div><div class=\"wp-block-getwid-section__foreground\"><\/div><\/div><div class=\"wp-block-getwid-section__content\"><div class=\"wp-block-getwid-section__inner-content\">\n<p>Aquest apartat<strong> nom\u00e9s <\/strong>mostra com consultar els equips que han arribat al centre mitjan\u00e7ant:<\/p>\n\n\n\n<ul class=\"wp-block-list\">\n<li>Compra en el cat\u00e0leg TIC<\/li>\n\n\n\n<li>Dotacions (excepte els ordinadors i MiFis del Pla d&#8217;educaci\u00f3 digital, que es gestionen a INDIC)<\/li>\n<\/ul>\n\n\n\n<p>Generalment, les coordinacions digitals consulten l&#8217;inventari TIC quan han d&#8217;obrir una incid\u00e8ncia i volen consultar si l&#8217;equip continua estan en manteniment. Per consultat l&#8217;inventari TIC, heu d&#8217;anar al <a href=\"https:\/\/pautic.gencat.cat\/\" target=\"_blank\" rel=\"noreferrer noopener\">Remedy<\/a> (Portal \u00c0TOM\/Pautic) i triar:<\/p>\n\n\n\n<p class=\"has-text-align-left has-ast-global-color-4-background-color has-background\">Necessito demanar &#8211;> Sol\u00b7licitud d&#8217;informe del maquinari del centre.<\/p>\n\n\n\n<div style=\"height:30px\" aria-hidden=\"true\" class=\"wp-block-spacer\"><\/div>\n\n\n\n<figure class=\"wp-block-image aligncenter size-large is-resized doc\"><a href=\"https:\/\/projectes.xtec.cat\/digital\/wp-content\/uploads\/usu2317\/2023\/03\/36fe7d207904a0de9632bf706bc69a5a4fae872d_2_637x500.png\"><img loading=\"lazy\" decoding=\"async\" width=\"637\" height=\"500\" src=\"https:\/\/projectes.xtec.cat\/digital\/wp-content\/uploads\/usu2317\/2023\/03\/36fe7d207904a0de9632bf706bc69a5a4fae872d_2_637x500.png\" alt=\"Captura del Remedy\" class=\"wp-image-14410\" style=\"width:570px;height:447px\" srcset=\"https:\/\/projectes.xtec.cat\/digital\/wp-content\/uploads\/usu2317\/2023\/03\/36fe7d207904a0de9632bf706bc69a5a4fae872d_2_637x500.png 637w, https:\/\/projectes.xtec.cat\/digital\/wp-content\/uploads\/usu2317\/2023\/03\/36fe7d207904a0de9632bf706bc69a5a4fae872d_2_637x500-300x235.png 300w\" sizes=\"auto, (max-width: 637px) 100vw, 637px\" \/><\/a><\/figure>\n\n\n\n<p>En poques hores rebreu un correu amb el llistat d&#8217;equips, incloent si tenen servei de manteniment o no. <\/p>\n\n\n\n<p>\u26a0\ufe0f Si no us apareix l&#8217;opci\u00f3, vol dir que no esteu autoritzats per fer aquesta petici\u00f3 i heu de demanar al vostre equip directiu que obri una petici\u00f3 a&nbsp;<a href=\"https:\/\/pautic.gencat.cat\/\">Remedy<\/a> del tipus:<\/p>\n\n\n\n<p class=\"has-text-align-left has-ast-global-color-4-background-color has-background\">Necessito demanar &gt; Autoritzaci\u00f3 de serveis TIC CiSE<\/p>\n\n\n\n<div style=\"height:30px\" aria-hidden=\"true\" class=\"wp-block-spacer\"><\/div>\n<\/div><\/div><\/div><\/div><\/div>\n\n\n\n<div class=\"wp-block-getwid-section alignfull alignfull\"><div class=\"wp-block-getwid-section__wrapper\"><div class=\"wp-block-getwid-section__inner-wrapper\"><div class=\"wp-block-getwid-section__background-holder\"><div class=\"wp-block-getwid-section__background has-background has-ast-global-color-4-background-color\"><\/div><div class=\"wp-block-getwid-section__foreground\"><\/div><\/div><div class=\"wp-block-getwid-section__content\"><div class=\"wp-block-getwid-section__inner-content\">\n<div style=\"height:50px\" aria-hidden=\"true\" class=\"wp-block-spacer\"><\/div>\n\n\n\n<h2 class=\"wp-block-heading\">Converses sobre <strong>inventaris<\/strong> a la xarxa docent Nus<\/h2>\n\n\n\n<div class=\"wp-block-columns is-layout-flex wp-container-core-columns-is-layout-1 wp-block-columns-is-layout-flex\">\n<div class=\"wp-block-column is-layout-flow wp-block-column-is-layout-flow\">\n<h3 class=\"wp-block-heading\">Darreres converses<\/h3>\n\n\n<div class='nus_topics'><span class=\"nus_data\">18.03.26<\/span> <a target=\"_blank\" href=\"https:\/\/comunitat.edigital.cat\/t\/assignar-dotacio-que-no-tinc\/44876\">Assignar dotaci\u00f3 que NO tinc<\/a><br><span class=\"nus_data\">15.03.26<\/span> <a target=\"_blank\" href=\"https:\/\/comunitat.edigital.cat\/t\/inventari-biblioteca\/26039\">Inventari biblioteca<\/a><br><span class=\"nus_data\">12.03.26<\/span> <a target=\"_blank\" href=\"https:\/\/comunitat.edigital.cat\/t\/inventari-indic-incorrecte\/44766\">Inventari INDIC incorrecte<\/a><br><span class=\"nus_data\">09.02.26<\/span> <a target=\"_blank\" href=\"https:\/\/comunitat.edigital.cat\/t\/tercera-tasca-gestions-a-atom\/42838\">Tercera tasca. Gestions a \u00c0tom<\/a><br><span class=\"nus_data\">04.02.26<\/span> <a target=\"_blank\" href=\"https:\/\/comunitat.edigital.cat\/t\/obert-el-proces-per-demanar-equips-a-primaria\/44154\">Obert el proc\u00e9s per demanar equips a prim\u00e0ria<\/a><br><span class=\"nus_data\">28.01.26<\/span> <a target=\"_blank\" href=\"https:\/\/comunitat.edigital.cat\/t\/inventari-indic\/44258\">Inventari INDIC<\/a><br><span class=\"nus_data\">20.01.26<\/span> <a target=\"_blank\" href=\"https:\/\/comunitat.edigital.cat\/t\/inventari-indic-descontrolat\/44134\">Inventari INDIC descontrolat<\/a><br><span class=\"nus_data\">05.01.26<\/span> <a target=\"_blank\" href=\"https:\/\/comunitat.edigital.cat\/t\/segona-tasca-gestions-a-indic-2\/42048\">Segona tasca. Gestions a INDIC (2)<\/a><br><span class=\"nus_data\">10.11.25<\/span> <a target=\"_blank\" href=\"https:\/\/comunitat.edigital.cat\/t\/problemes-indic\/42931\">Problemes INDIC<\/a><br><span class=\"nus_data\">08.11.25<\/span> <a target=\"_blank\" href=\"https:\/\/comunitat.edigital.cat\/t\/la-sindicatura-ha-publicat-linforme-sobre-el-programa-per-a-la-digitalitzacio-del-sistema-educatiu-financat-amb-fons-next-generation\/43204\">La Sindicatura ha publicat l'Informe sobre el Programa per a la digitalitzaci\u00f3 del sistema educatiu finan\u00e7at amb fons Next Generation<\/a><br><\/div>\n<\/div>\n\n\n\n<div class=\"wp-block-column is-layout-flow wp-block-column-is-layout-flow\">\n<h3 class=\"wp-block-heading\">M\u00e9s vistes<\/h3>\n\n\n<div class='nus_topics'><span class=\"nus_data\">29.11.21<\/span> <a target=\"_blank\" href=\"https:\/\/comunitat.edigital.cat\/t\/sessio-1-de-la-subxarxa-de-la-coordinacio-digital-dijous-21-10-21-a-les-17-30\/5506\">Sessi\u00f3 1 de la subxarxa de la Coordinaci\u00f3 digital: Dijous 21.10.21 a les 17:30<\/a><br><span class=\"nus_data\">15.05.23<\/span> <a target=\"_blank\" href=\"https:\/\/comunitat.edigital.cat\/t\/questionari-societat-de-la-informacio-22-23\/24903\">Q\u00fcestionari Societat de la Informaci\u00f3 22-23<\/a><br><span class=\"nus_data\">05.04.22<\/span> <a target=\"_blank\" href=\"https:\/\/comunitat.edigital.cat\/t\/demanar-linventari-del-centre\/6815\">Demanar l'inventari del centre<\/a><br><span class=\"nus_data\">28.10.24<\/span> <a target=\"_blank\" href=\"https:\/\/comunitat.edigital.cat\/t\/bomba-el-tecnic-preventiu-nomes-podra-tocar-equips-amb-sace\/26836\">BOMBA! el t\u00e8cnic preventiu nom\u00e9s podr\u00e0 tocar equips amb SACE<\/a><br><span class=\"nus_data\">15.02.22<\/span> <a target=\"_blank\" href=\"https:\/\/comunitat.edigital.cat\/t\/gestio-incidencies-i-inventari-via-nodes\/6710\">Gesti\u00f3 incid\u00e8ncies i inventari via Nodes<\/a><br><span class=\"nus_data\">28.05.25<\/span> <a target=\"_blank\" href=\"https:\/\/comunitat.edigital.cat\/t\/inventari\/40340\">Inventari<\/a><br><span class=\"nus_data\">14.06.25<\/span> <a target=\"_blank\" href=\"https:\/\/comunitat.edigital.cat\/t\/inventari-maleta-audiovisual\/37347\">Inventari maleta audiovisual<\/a><br><span class=\"nus_data\">10.12.24<\/span> <a target=\"_blank\" href=\"https:\/\/comunitat.edigital.cat\/t\/inventari-equipament-robotica\/32086\">Inventari Equipament Rob\u00f2tica<\/a><br><span class=\"nus_data\">09.12.21<\/span> <a target=\"_blank\" href=\"https:\/\/comunitat.edigital.cat\/t\/canvi-ordinador-docent\/8740\">Canvi ordinador docent<\/a><br><span class=\"nus_data\">25.09.23<\/span> <a target=\"_blank\" href=\"https:\/\/comunitat.edigital.cat\/t\/accions-relacionades-amb-el-pla-deducacio-digital-de-catalunya-pedc-per-al-curs-2023-2024\/26601\">Accions relacionades amb el Pla d'educaci\u00f3 digital de Catalunya (PEDC) per al curs 2023-2024<\/a><br><\/div>\n<\/div>\n<\/div>\n\n\n\n<div style=\"height:30px\" aria-hidden=\"true\" class=\"wp-block-spacer\"><\/div>\n\n\n\n<p class=\"has-text-align-center\">Veure totes les converses amb etiqueta <a rel=\"noreferrer noopener\" href=\"https:\/\/comunitat.edigital.cat\/tag\/inventari\" data-type=\"URL\" data-id=\"https:\/\/comunitat.edigital.cat\/tag\/inventari\" target=\"_blank\">inventari<\/a>.<\/p>\n\n\n\n<div style=\"height:50px\" aria-hidden=\"true\" class=\"wp-block-spacer\"><\/div>\n<\/div><\/div><\/div><\/div><\/div>\n","protected":false},"excerpt":{"rendered":"","protected":false},"author":2,"featured_media":0,"parent":13388,"menu_order":0,"comment_status":"closed","ping_status":"close","template":"","meta":{"site-sidebar-layout":"default","site-content-layout":"","ast-site-content-layout":"default","site-content-style":"default","site-sidebar-style":"default","ast-global-header-display":"","ast-banner-title-visibility":"","ast-main-header-display":"","ast-hfb-above-header-display":"","ast-hfb-below-header-display":"","ast-hfb-mobile-header-display":"","site-post-title":"","ast-breadcrumbs-content":"","ast-featured-img":"","footer-sml-layout":"","theme-transparent-header-meta":"","adv-header-id-meta":"","stick-header-meta":"","header-above-stick-meta":"","header-main-stick-meta":"","header-below-stick-meta":"","astra-migrate-meta-layouts":"set","ast-page-background-enabled":"default","ast-page-background-meta":{"desktop":{"background-color":"var(--ast-global-color-4)","background-image":"","background-repeat":"repeat","background-position":"center center","background-size":"auto","background-attachment":"scroll","background-type":"","background-media":"","overlay-type":"","overlay-color":"","overlay-opacity":"","overlay-gradient":""},"tablet":{"background-color":"","background-image":"","background-repeat":"repeat","background-position":"center center","background-size":"auto","background-attachment":"scroll","background-type":"","background-media":"","overlay-type":"","overlay-color":"","overlay-opacity":"","overlay-gradient":""},"mobile":{"background-color":"","background-image":"","background-repeat":"repeat","background-position":"center center","background-size":"auto","background-attachment":"scroll","background-type":"","background-media":"","overlay-type":"","overlay-color":"","overlay-opacity":"","overlay-gradient":""}},"ast-content-background-meta":{"desktop":{"background-color":"var(--ast-global-color-5)","background-image":"","background-repeat":"repeat","background-position":"center center","background-size":"auto","background-attachment":"scroll","background-type":"","background-media":"","overlay-type":"","overlay-color":"","overlay-opacity":"","overlay-gradient":""},"tablet":{"background-color":"var(--ast-global-color-5)","background-image":"","background-repeat":"repeat","background-position":"center center","background-size":"auto","background-attachment":"scroll","background-type":"","background-media":"","overlay-type":"","overlay-color":"","overlay-opacity":"","overlay-gradient":""},"mobile":{"background-color":"var(--ast-global-color-5)","background-image":"","background-repeat":"repeat","background-position":"center center","background-size":"auto","background-attachment":"scroll","background-type":"","background-media":"","overlay-type":"","overlay-color":"","overlay-opacity":"","overlay-gradient":""}},"footnotes":""},"class_list":["post-14396","page","type-page","status-publish","hentry"],"post_mailing_queue_ids":[],"_links":{"self":[{"href":"https:\/\/projectes.xtec.cat\/digital\/wp-json\/wp\/v2\/pages\/14396","targetHints":{"allow":["GET"]}}],"collection":[{"href":"https:\/\/projectes.xtec.cat\/digital\/wp-json\/wp\/v2\/pages"}],"about":[{"href":"https:\/\/projectes.xtec.cat\/digital\/wp-json\/wp\/v2\/types\/page"}],"author":[{"embeddable":true,"href":"https:\/\/projectes.xtec.cat\/digital\/wp-json\/wp\/v2\/users\/2"}],"replies":[{"embeddable":true,"href":"https:\/\/projectes.xtec.cat\/digital\/wp-json\/wp\/v2\/comments?post=14396"}],"version-history":[{"count":5,"href":"https:\/\/projectes.xtec.cat\/digital\/wp-json\/wp\/v2\/pages\/14396\/revisions"}],"predecessor-version":[{"id":36951,"href":"https:\/\/projectes.xtec.cat\/digital\/wp-json\/wp\/v2\/pages\/14396\/revisions\/36951"}],"up":[{"embeddable":true,"href":"https:\/\/projectes.xtec.cat\/digital\/wp-json\/wp\/v2\/pages\/13388"}],"wp:attachment":[{"href":"https:\/\/projectes.xtec.cat\/digital\/wp-json\/wp\/v2\/media?parent=14396"}],"curies":[{"name":"wp","href":"https:\/\/api.w.org\/{rel}","templated":true}]}}