{"id":14469,"date":"2023-03-27T16:48:08","date_gmt":"2023-03-27T14:48:08","guid":{"rendered":"https:\/\/projectes.xtec.cat\/digital\/?page_id=14469"},"modified":"2025-07-28T13:22:32","modified_gmt":"2025-07-28T11:22:32","slug":"us-dels-mobils-al-centre","status":"publish","type":"page","link":"https:\/\/projectes.xtec.cat\/digital\/perfils\/comissio-digital\/us-dels-mobils-al-centre\/","title":{"rendered":"\u00das dels m\u00f2bils al centre"},"content":{"rendered":"\n<div class=\"wp-block-getwid-section alignwide alignwide\"><div class=\"wp-block-getwid-section__wrapper\"><div class=\"wp-block-getwid-section__inner-wrapper\"><div class=\"wp-block-getwid-section__background-holder\"><div class=\"wp-block-getwid-section__background\"><\/div><div class=\"wp-block-getwid-section__foreground\"><\/div><\/div><div class=\"wp-block-getwid-section__content\"><div class=\"wp-block-getwid-section__inner-content\">\n<div class=\"wp-block-columns alignwide is-layout-flex wp-container-core-columns-is-layout-1 wp-block-columns-is-layout-flex\">\n<div class=\"wp-block-column is-layout-flow wp-block-column-is-layout-flow\" style=\"flex-basis:66.66%\">\n<p>El Departament d&#8217;Educaci\u00f3 ha establert unes <a href=\"https:\/\/documents.espai.educacio.gencat.cat\/IPCNormativa\/DOIGC\/ORG_Us_Mobils.pdf\" data-type=\"link\" data-id=\"https:\/\/documents.espai.educacio.gencat.cat\/IPCNormativa\/DOIGC\/ORG_Us_Mobils.pdf\">instruccions<\/a> clares per assegurar que l&#8217;\u00fas dels m\u00f2bils no interfereix amb el proc\u00e9s d&#8217;aprenentatge de l&#8217;alumnat i la conviv\u00e8ncia entre els membres de la comunitat educativa.<\/p>\n\n\n\n<p>Aquestes directrius parteixen de les conclusions de l&#8217;<a href=\"https:\/\/conselleducacio.gencat.cat\/ca\/detalls\/actualitat\/publicat-informe-regulacio-us-mobils-centres-educatius\" data-type=\"link\" data-id=\"https:\/\/conselleducacio.gencat.cat\/ca\/detalls\/actualitat\/publicat-informe-regulacio-us-mobils-centres-educatius\">informe del Consell d&#8217;Educaci\u00f3 de Catalunya<\/a> de desembre de 2023, fruit dels debats amb la comunitat educativa d&#8217;arreu del territori:<\/p>\n\n\n\n<ul class=\"wp-block-list\">\n<li><strong>Cal reduir al m\u00ednim possible l&#8217;\u00fas dels tel\u00e8fons m\u00f2bils als centres educatius<\/strong>; els usos permesos han d&#8217;estar justificats educativament.<\/li>\n\n\n\n<li>La limitaci\u00f3 d&#8217;aquests dispositius&nbsp;<strong>afavoreix la concentraci\u00f3 de l&#8217;alumnat i fomenta les interaccions cara a cara<\/strong>.<\/li>\n\n\n\n<li><strong>Els centres educatius han de garantir que l&#8217;alumnat assoleixi la compet\u00e8ncia digital<\/strong>, amb l&#8217;\u00fas de recursos i eines digitals de qu\u00e8 ja disposa el sistema, fomentant l&#8217;autoregulaci\u00f3 i el pensament cr\u00edtic, clau per al bon \u00fas dels tel\u00e8fons m\u00f2bils.<\/li>\n<\/ul>\n\n\n\n<p class=\"paragraf-rodo has-background\" style=\"background-color:#fde6e6\">La regulaci\u00f3 de l&#8217;\u00fas dels tel\u00e8fons m\u00f2bils no nom\u00e9s preserva l&#8217;entorn d&#8217;aprenentatge, sin\u00f3 que tamb\u00e9 contribueix al desenvolupament integral dels estudiants i fomenta l&#8217;assoliment de la compet\u00e8ncia digital d&#8217;una manera responsable i ben orientada.<\/p>\n<\/div>\n\n\n\n<div class=\"wp-block-column is-layout-flow wp-block-column-is-layout-flow\">\n<figure class=\"wp-block-image aligncenter size-full is-resized vora\"><a href=\"https:\/\/documents.espai.educacio.gencat.cat\/IPCNormativa\/DOIGC\/ORG_Us_Mobils.pdf\" target=\"_blank\" rel=\"noreferrer noopener\"><img loading=\"lazy\" decoding=\"async\" width=\"512\" height=\"677\" src=\"https:\/\/projectes.xtec.cat\/digital\/wp-content\/uploads\/usu2317\/2024\/01\/instruccions-mobils.png\" alt=\"Document d'instruccions\" class=\"wp-image-22082\" style=\"aspect-ratio:0.7562776957163959;width:279px;height:auto\" srcset=\"https:\/\/projectes.xtec.cat\/digital\/wp-content\/uploads\/usu2317\/2024\/01\/instruccions-mobils.png 512w, https:\/\/projectes.xtec.cat\/digital\/wp-content\/uploads\/usu2317\/2024\/01\/instruccions-mobils-227x300.png 227w\" sizes=\"auto, (max-width: 512px) 100vw, 512px\" \/><\/a><\/figure>\n\n\n\n<div class=\"wp-block-buttons is-horizontal is-content-justification-center is-layout-flex wp-container-core-buttons-is-layout-1 wp-block-buttons-is-layout-flex\" style=\"margin-top:0;margin-bottom:0\">\n<div class=\"wp-block-button is-style-fill\"><a class=\"wp-block-button__link wp-element-button\" href=\"https:\/\/documents.espai.educacio.gencat.cat\/IPCNormativa\/DOIGC\/ORG_Us_Mobils.pdf\" target=\"_blank\" rel=\"noreferrer noopener\">Veure document<\/a><\/div>\n<\/div>\n<\/div>\n<\/div>\n\n\n\n<div style=\"height:30px\" aria-hidden=\"true\" class=\"wp-block-spacer\"><\/div>\n\n\n\n<div class=\"wp-block-buttons is-content-justification-left is-layout-flex wp-container-core-buttons-is-layout-2 wp-block-buttons-is-layout-flex\">\n<div class=\"wp-block-button is-style-fill\"><a class=\"wp-block-button__link wp-element-button\" href=\"https:\/\/educacio.gencat.cat\/ca\/arees-actuacio\/centres-serveis-educatius\/centres\/mobils\/index.html\" target=\"_blank\" rel=\"noreferrer noopener\">M\u00e9s informaci\u00f3<\/a><\/div>\n\n\n\n<div class=\"wp-block-button is-style-fill\"><a class=\"wp-block-button__link wp-element-button\" href=\"https:\/\/educacio.gencat.cat\/ca\/departament\/publicacions\/infografies\/us-mobils-infografies\/\" target=\"_blank\" rel=\"noreferrer noopener\">Veure infografia<\/a><\/div>\n<\/div>\n\n\n\n<div style=\"height:70px\" aria-hidden=\"true\" class=\"wp-block-spacer\"><\/div>\n\n\n\n<div class=\"wp-block-getwid-accordion has-icon-left\" data-active-element=\"none\">\n<div class=\"wp-block-getwid-accordion__header-wrapper\"><span class=\"wp-block-getwid-accordion__header\"><a href=\"#\"><span class=\"wp-block-getwid-accordion__header-title\">Hist\u00f2ric de documents relacionats<\/span><span class=\"wp-block-getwid-accordion__icon is-active\"><i class=\"fas fa-plus\"><\/i><\/span><span class=\"wp-block-getwid-accordion__icon is-passive\"><i class=\"fas fa-minus\"><\/i><\/span><\/a><\/span><\/div><div class=\"wp-block-getwid-accordion__content-wrapper\"><div class=\"wp-block-getwid-accordion__content\">\n<div class=\"wp-block-columns alignwide is-layout-flex wp-container-core-columns-is-layout-2 wp-block-columns-is-layout-flex\">\n<div class=\"wp-block-column is-layout-flow wp-block-column-is-layout-flow\" style=\"flex-basis:50%\">\n<p>A l&#8217;any <strong>2015<\/strong>, el Consell Escolar de Catalunya va publicar el document <a rel=\"noreferrer noopener\" href=\"https:\/\/projectes.xtec.cat\/digital\/wp-content\/uploads\/usu2317\/2023\/03\/Les-tecnologies-mobils_catala_web.pdf\" data-type=\"URL\" data-id=\"https:\/\/projectes.xtec.cat\/digital\/wp-content\/uploads\/usu2317\/2023\/03\/Les-tecnologies-mobils_catala_web.pdf\" target=\"_blank\">Les tecnologies m\u00f2bils als centres educatius<\/a> que es centra en <em>&#8220;la necessitat de compatibilitzar la utilitzaci\u00f3 de les tecnologies m\u00f2bils en les activitats d\u2019ensenyament i aprenentatge amb el bon \u00fas d\u2019aquests dispositius dins els centres educatius de manera que se n\u2019aprofiti al m\u00e0xim el potencial i que la conviv\u00e8ncia surti enfortida&#8221;<\/em><\/p>\n\n\n\n<p>A l&#8217;any <strong>2019<\/strong> es van ampliar les idees clau i recomanacions en el document <a rel=\"noreferrer noopener\" href=\"https:\/\/projectes.xtec.cat\/digital\/wp-content\/uploads\/usu2317\/2023\/03\/Doc_2-2019_Mo\u0300bils-1.pdf\" data-type=\"URL\" data-id=\"https:\/\/projectes.xtec.cat\/digital\/wp-content\/uploads\/usu2317\/2023\/03\/Doc_2-2019_Mo\u0300bils-1.pdf\" target=\"_blank\">Els dispositius m\u00f2bils als centres educatius<\/a>, afegint apartats sobre la normativa i el curr\u00edculum, el ciberassejament, l&#8217;educaci\u00f3 medi\u00e0tica, etc. <\/p>\n<\/div>\n\n\n\n<div class=\"wp-block-column is-layout-flow wp-block-column-is-layout-flow\">\n<figure class=\"wp-block-image aligncenter size-large is-resized doc\"><a href=\"https:\/\/projectes.xtec.cat\/digital\/wp-content\/uploads\/usu2317\/2023\/03\/Les-tecnologies-mobils_catala_web.pdf\" target=\"_blank\" rel=\"noopener\"><img loading=\"lazy\" decoding=\"async\" width=\"624\" height=\"875\" src=\"https:\/\/projectes.xtec.cat\/digital\/wp-content\/uploads\/usu2317\/2023\/03\/consell-mo\u0300bils-aula.jpg\" alt=\"\" class=\"wp-image-14484\" style=\"width:206px;height:288px\" srcset=\"https:\/\/projectes.xtec.cat\/digital\/wp-content\/uploads\/usu2317\/2023\/03\/consell-mo\u0300bils-aula.jpg 624w, https:\/\/projectes.xtec.cat\/digital\/wp-content\/uploads\/usu2317\/2023\/03\/consell-mo\u0300bils-aula-214x300.jpg 214w\" sizes=\"auto, (max-width: 624px) 100vw, 624px\" \/><\/a><figcaption class=\"wp-element-caption\">Consell Escolar de Catalunya, 2015<\/figcaption><\/figure>\n<\/div>\n\n\n\n<div class=\"wp-block-column is-layout-flow wp-block-column-is-layout-flow\">\n<figure class=\"wp-block-image aligncenter size-large is-resized doc\"><a href=\"https:\/\/projectes.xtec.cat\/digital\/wp-content\/uploads\/usu2317\/2023\/03\/Doc_2-2019_Mo\u0300bils-1.pdf\" target=\"_blank\" rel=\"noopener\"><img decoding=\"async\" src=\"https:\/\/projectes.xtec.cat\/digital\/wp-content\/uploads\/usu2317\/2023\/03\/Doc_2-2019_Mo%CC%80bils-1-pdf.jpg\" alt=\"\" style=\"width:199px;height:280px\"\/><\/a><figcaption class=\"wp-element-caption\">Consell Escolar de Catalunya, 2019<\/figcaption><\/figure>\n<\/div>\n<\/div>\n<\/div><\/div>\n<\/div>\n<\/div><\/div><\/div><\/div><\/div>\n\n\n\n<div style=\"height:40px\" aria-hidden=\"true\" class=\"wp-block-spacer\"><\/div>\n\n\n\n<div class=\"wp-block-getwid-section alignfull amaga alignfull\"><div class=\"wp-block-getwid-section__wrapper\"><div class=\"wp-block-getwid-section__inner-wrapper\"><div class=\"wp-block-getwid-section__background-holder\"><div class=\"wp-block-getwid-section__background has-background has-ast-global-color-4-background-color\"><\/div><div class=\"wp-block-getwid-section__foreground\"><\/div><\/div><div class=\"wp-block-getwid-section__content\"><div class=\"wp-block-getwid-section__inner-content\">\n<div style=\"height:50px\" aria-hidden=\"true\" class=\"wp-block-spacer\"><\/div>\n\n\n\n<h2 class=\"wp-block-heading alignwide\">Exemples de centres educatius<\/h2>\n\n\n\n<p>A continuaci\u00f3 es comparteixen diferents models de gesti\u00f3 en documents diversos: extractes, annexos de les NOFC, guies d&#8217;\u00fas, bones pr\u00e0ctiques, etc.<\/p>\n\n\n\n<div class=\"wp-block-columns alignwide is-layout-flex wp-container-core-columns-is-layout-3 wp-block-columns-is-layout-flex\">\n<div class=\"wp-block-column caixa-link is-layout-flow wp-block-column-is-layout-flow\" id=\"https:\/\/projectes.xtec.cat\/digital\/wp-content\/uploads\/usu2317\/2023\/03\/AAs-dels-dispositius-mAAbils-INS-Joaquima-Pla-i-Farreras-4.pdf\">\n<h2 class=\"wp-block-heading\" style=\"font-size:28px\">Pautes d\u2019\u00fas dels dispositius m\u00f2bils al centre<\/h2>\n\n\n\n<figure class=\"wp-block-image aligncenter size-large is-resized doc\"><img loading=\"lazy\" decoding=\"async\" width=\"539\" height=\"600\" src=\"https:\/\/projectes.xtec.cat\/digital\/wp-content\/uploads\/usu2317\/2023\/03\/pauta-mobils.jpg\" alt=\"Captura-colors\" class=\"wp-image-14473\" style=\"width:184px;height:205px\" srcset=\"https:\/\/projectes.xtec.cat\/digital\/wp-content\/uploads\/usu2317\/2023\/03\/pauta-mobils.jpg 539w, https:\/\/projectes.xtec.cat\/digital\/wp-content\/uploads\/usu2317\/2023\/03\/pauta-mobils-270x300.jpg 270w\" sizes=\"auto, (max-width: 539px) 100vw, 539px\" \/><\/figure>\n\n\n\n<p class=\"has-text-align-center\">Institut Plafarreres <br>(Sant Cugat)<\/p>\n<\/div>\n\n\n\n<div class=\"wp-block-column caixa-link is-layout-flow wp-block-column-is-layout-flow\" id=\"https:\/\/projectes.xtec.cat\/digital\/wp-content\/uploads\/usu2317\/2023\/03\/proposta-mobils-illa-rodes.pdf\">\n<h2 class=\"wp-block-heading\" style=\"font-size:28px\">Annex. Regulaci\u00f3 de l&#8217;\u00fas de dispositius m\u00f2bils al centre<\/h2>\n\n\n\n<figure class=\"wp-block-image aligncenter size-large is-resized doc\"><img decoding=\"async\" src=\"https:\/\/projectes.xtec.cat\/digital\/wp-content\/uploads\/usu2317\/2023\/03\/proposta-mobils-illa-rodes-pdf-724x1024.jpg\" alt=\"\" style=\"width:143px;height:201px\"\/><\/figure>\n\n\n\n<p class=\"has-text-align-center\">Institut Illa de Rodes <br>(Roses)<\/p>\n<\/div>\n\n\n\n<div class=\"wp-block-column caixa-link is-layout-flow wp-block-column-is-layout-flow\" id=\"https:\/\/projectes.xtec.cat\/digital\/wp-content\/uploads\/usu2317\/2023\/03\/DI-DG-41-US-RESPONSABLE-DEL-MOBIL.pdf\">\n<h2 class=\"wp-block-heading\" style=\"font-size:28px\">Regulaci\u00f3 de l&#8217;\u00fas de dispositius m\u00f2bils al centre<\/h2>\n\n\n\n<figure class=\"wp-block-image aligncenter size-large is-resized doc\"><img decoding=\"async\" src=\"https:\/\/projectes.xtec.cat\/digital\/wp-content\/uploads\/usu2317\/2023\/03\/DI-DG-41-US-RESPONSABLE-DEL-MOBIL-pdf-724x1024.jpg\" alt=\"\" style=\"width:168px;height:237px\"\/><\/figure>\n\n\n\n<p class=\"has-text-align-center\">Jaume Viladoms<br>(Sabadell)<\/p>\n<\/div>\n<\/div>\n\n\n\n<div style=\"height:50px\" aria-hidden=\"true\" class=\"wp-block-spacer\"><\/div>\n<\/div><\/div><\/div><\/div><\/div>\n\n\n\n<div style=\"height:39px\" aria-hidden=\"true\" class=\"wp-block-spacer\"><\/div>\n\n\n\n<div class=\"wp-block-getwid-section alignfull alignfull\"><div class=\"wp-block-getwid-section__wrapper\"><div class=\"wp-block-getwid-section__inner-wrapper\"><div class=\"wp-block-getwid-section__background-holder\"><div class=\"wp-block-getwid-section__background has-background has-ast-global-color-4-background-color\"><\/div><div class=\"wp-block-getwid-section__foreground\"><\/div><\/div><div class=\"wp-block-getwid-section__content\"><div class=\"wp-block-getwid-section__inner-content\">\n<h2 class=\"wp-block-heading\">Converses a la xarxa docent Nus sobre l&#8217;<strong>\u00fas dels m\u00f2bils<\/strong><\/h2>\n\n\n\n<div class=\"wp-block-columns is-layout-flex wp-container-core-columns-is-layout-4 wp-block-columns-is-layout-flex\">\n<div class=\"wp-block-column is-layout-flow wp-block-column-is-layout-flow\">\n<h3 class=\"wp-block-heading\">Darreres converses<\/h3>\n\n\n<div class='nus_topics'><span class=\"nus_data\">01.07.25<\/span> <a target=\"_blank\" href=\"https:\/\/comunitat.edigital.cat\/t\/nova-normativa-dus-dels-telefons-mobils-als-centres-educatius-maig-2025\/40917\">Nova normativa d'\u00fas dels tel\u00e8fons m\u00f2bils als centres educatius (maig 2025)<\/a><br><span class=\"nus_data\">26.06.25<\/span> <a target=\"_blank\" href=\"https:\/\/comunitat.edigital.cat\/t\/us-dels-telefons-mobils-als-centres-educatius-curs-2024-25\/30265\">\u00das dels tel\u00e8fons m\u00f2bils als centres educatius (curs 2024-25)<\/a><br><span class=\"nus_data\">07.06.23<\/span> <a target=\"_blank\" href=\"https:\/\/comunitat.edigital.cat\/t\/lus-de-la-tecnologia-a-led-infantil\/5078\">L'\u00fas de la tecnologia a l'Ed. Infantil<\/a><br><span class=\"nus_data\">30.09.22<\/span> <a target=\"_blank\" href=\"https:\/\/comunitat.edigital.cat\/t\/tecnologies-digital-a-la-infancia-ladolescencia-i-la-joventut\/19027\"> Tecnologies digital a la inf\u00e0ncia, l'adolesc\u00e8ncia i la joventut<\/a><br><span class=\"nus_data\">17.06.22<\/span> <a target=\"_blank\" href=\"https:\/\/comunitat.edigital.cat\/t\/us-correcte-del-mobil-en-sortides\/16270\">Us correcte del mobil en sortides<\/a><br><span class=\"nus_data\">15.06.22<\/span> <a target=\"_blank\" href=\"https:\/\/comunitat.edigital.cat\/t\/mobils-a-laula-si-o-no\/7531\">M\u00f2bils a l'aula, s\u00ed o no?<\/a><br><span class=\"nus_data\">19.05.22<\/span> <a target=\"_blank\" href=\"https:\/\/comunitat.edigital.cat\/t\/telefons-mobils-a-primaria\/15470\">Tel\u00e8fons m\u00f2bils a prim\u00e0ria<\/a><br><\/div>\n<\/div>\n\n\n\n<div class=\"wp-block-column is-layout-flow wp-block-column-is-layout-flow\">\n<h3 class=\"wp-block-heading\">M\u00e9s vistes<\/h3>\n\n\n<div class='nus_topics'><span class=\"nus_data\">15.06.22<\/span> <a target=\"_blank\" href=\"https:\/\/comunitat.edigital.cat\/t\/mobils-a-laula-si-o-no\/7531\">M\u00f2bils a l'aula, s\u00ed o no?<\/a><br><span class=\"nus_data\">07.06.23<\/span> <a target=\"_blank\" href=\"https:\/\/comunitat.edigital.cat\/t\/lus-de-la-tecnologia-a-led-infantil\/5078\">L'\u00fas de la tecnologia a l'Ed. Infantil<\/a><br><span class=\"nus_data\">26.06.25<\/span> <a target=\"_blank\" href=\"https:\/\/comunitat.edigital.cat\/t\/us-dels-telefons-mobils-als-centres-educatius-curs-2024-25\/30265\">\u00das dels tel\u00e8fons m\u00f2bils als centres educatius (curs 2024-25)<\/a><br><span class=\"nus_data\">17.06.22<\/span> <a target=\"_blank\" href=\"https:\/\/comunitat.edigital.cat\/t\/us-correcte-del-mobil-en-sortides\/16270\">Us correcte del mobil en sortides<\/a><br><span class=\"nus_data\">01.07.25<\/span> <a target=\"_blank\" href=\"https:\/\/comunitat.edigital.cat\/t\/nova-normativa-dus-dels-telefons-mobils-als-centres-educatius-maig-2025\/40917\">Nova normativa d'\u00fas dels tel\u00e8fons m\u00f2bils als centres educatius (maig 2025)<\/a><br><span class=\"nus_data\">30.09.22<\/span> <a target=\"_blank\" href=\"https:\/\/comunitat.edigital.cat\/t\/tecnologies-digital-a-la-infancia-ladolescencia-i-la-joventut\/19027\"> Tecnologies digital a la inf\u00e0ncia, l'adolesc\u00e8ncia i la joventut<\/a><br><span class=\"nus_data\">19.05.22<\/span> <a target=\"_blank\" href=\"https:\/\/comunitat.edigital.cat\/t\/telefons-mobils-a-primaria\/15470\">Tel\u00e8fons m\u00f2bils a prim\u00e0ria<\/a><br><\/div>\n<\/div>\n<\/div>\n\n\n\n<div style=\"height:100px\" aria-hidden=\"true\" class=\"wp-block-spacer\"><\/div>\n<\/div><\/div><\/div><\/div><\/div>\n","protected":false},"excerpt":{"rendered":"","protected":false},"author":1,"featured_media":0,"parent":13707,"menu_order":0,"comment_status":"closed","ping_status":"close","template":"","meta":{"site-sidebar-layout":"default","site-content-layout":"","ast-site-content-layout":"default","site-content-style":"default","site-sidebar-style":"default","ast-global-header-display":"","ast-banner-title-visibility":"","ast-main-header-display":"","ast-hfb-above-header-display":"","ast-hfb-below-header-display":"","ast-hfb-mobile-header-display":"","site-post-title":"","ast-breadcrumbs-content":"","ast-featured-img":"","footer-sml-layout":"","theme-transparent-header-meta":"","adv-header-id-meta":"","stick-header-meta":"","header-above-stick-meta":"","header-main-stick-meta":"","header-below-stick-meta":"","astra-migrate-meta-layouts":"set","ast-page-background-enabled":"default","ast-page-background-meta":{"desktop":{"background-color":"var(--ast-global-color-4)","background-image":"","background-repeat":"repeat","background-position":"center center","background-size":"auto","background-attachment":"scroll","background-type":"","background-media":"","overlay-type":"","overlay-color":"","overlay-opacity":"","overlay-gradient":""},"tablet":{"background-color":"","background-image":"","background-repeat":"repeat","background-position":"center center","background-size":"auto","background-attachment":"scroll","background-type":"","background-media":"","overlay-type":"","overlay-color":"","overlay-opacity":"","overlay-gradient":""},"mobile":{"background-color":"","background-image":"","background-repeat":"repeat","background-position":"center center","background-size":"auto","background-attachment":"scroll","background-type":"","background-media":"","overlay-type":"","overlay-color":"","overlay-opacity":"","overlay-gradient":""}},"ast-content-background-meta":{"desktop":{"background-color":"var(--ast-global-color-5)","background-image":"","background-repeat":"repeat","background-position":"center center","background-size":"auto","background-attachment":"scroll","background-type":"","background-media":"","overlay-type":"","overlay-color":"","overlay-opacity":"","overlay-gradient":""},"tablet":{"background-color":"var(--ast-global-color-5)","background-image":"","background-repeat":"repeat","background-position":"center center","background-size":"auto","background-attachment":"scroll","background-type":"","background-media":"","overlay-type":"","overlay-color":"","overlay-opacity":"","overlay-gradient":""},"mobile":{"background-color":"var(--ast-global-color-5)","background-image":"","background-repeat":"repeat","background-position":"center center","background-size":"auto","background-attachment":"scroll","background-type":"","background-media":"","overlay-type":"","overlay-color":"","overlay-opacity":"","overlay-gradient":""}},"footnotes":""},"class_list":["post-14469","page","type-page","status-publish","hentry"],"post_mailing_queue_ids":[],"_links":{"self":[{"href":"https:\/\/projectes.xtec.cat\/digital\/wp-json\/wp\/v2\/pages\/14469","targetHints":{"allow":["GET"]}}],"collection":[{"href":"https:\/\/projectes.xtec.cat\/digital\/wp-json\/wp\/v2\/pages"}],"about":[{"href":"https:\/\/projectes.xtec.cat\/digital\/wp-json\/wp\/v2\/types\/page"}],"author":[{"embeddable":true,"href":"https:\/\/projectes.xtec.cat\/digital\/wp-json\/wp\/v2\/users\/1"}],"replies":[{"embeddable":true,"href":"https:\/\/projectes.xtec.cat\/digital\/wp-json\/wp\/v2\/comments?post=14469"}],"version-history":[{"count":6,"href":"https:\/\/projectes.xtec.cat\/digital\/wp-json\/wp\/v2\/pages\/14469\/revisions"}],"predecessor-version":[{"id":36956,"href":"https:\/\/projectes.xtec.cat\/digital\/wp-json\/wp\/v2\/pages\/14469\/revisions\/36956"}],"up":[{"embeddable":true,"href":"https:\/\/projectes.xtec.cat\/digital\/wp-json\/wp\/v2\/pages\/13707"}],"wp:attachment":[{"href":"https:\/\/projectes.xtec.cat\/digital\/wp-json\/wp\/v2\/media?parent=14469"}],"curies":[{"name":"wp","href":"https:\/\/api.w.org\/{rel}","templated":true}]}}