{"id":14514,"date":"2023-03-27T18:06:51","date_gmt":"2023-03-27T16:06:51","guid":{"rendered":"https:\/\/projectes.xtec.cat\/digital\/?page_id=14514"},"modified":"2023-03-27T18:07:36","modified_gmt":"2023-03-27T16:07:36","slug":"crear-un-inventari-digital-intern","status":"publish","type":"page","link":"https:\/\/projectes.xtec.cat\/digital\/perfils\/coordinacio-digital\/crear-un-inventari-digital-intern\/","title":{"rendered":"Crear un inventari digital intern"},"content":{"rendered":"\n<p>Una part dels equips del centre educatiu no queden registrat en els inventaris corporatius (INDIC, inventari TIC). S\u00f3n els equips comprats fora de cat\u00e0leg TIC (a altres prove\u00efdors, tendes d&#8217;inform\u00e0tica,etc) o b\u00e9, son fruit d&#8217;una donaci\u00f3. <\/p>\n\n\n\n<p>Per tal de portar un control dels equipament, \u00e9s necessari que el centre implementi algun sistema intern d&#8217;inventari. Es pot fer servir un full de c\u00e0lcul o es pot fer servir algun sistema m\u00e9s orientat a usuaris no experts. Nodes disposa d&#8217;una extensi\u00f3 que permet gestionar un inventari intern de manera c\u00f2mode i senzilla. <\/p>\n\n\n\n<p>Al Tauler del Nodes del vostre centre, trobareu una caixa que fiu &#8220;Gestor d&#8217;inventari digital&#8221;. <\/p>\n\n\n\n<div class=\"wp-block-image doc\"><figure class=\"aligncenter size-large\"><a href=\"https:\/\/projectes.xtec.cat\/digital\/wp-content\/uploads\/usu2317\/2023\/03\/inventari-intern.png\"><img loading=\"lazy\" decoding=\"async\" width=\"601\" height=\"478\" src=\"https:\/\/projectes.xtec.cat\/digital\/wp-content\/uploads\/usu2317\/2023\/03\/inventari-intern.png\" alt=\"captura de l'activaci\u00f3 de l'inventari intern\" class=\"wp-image-14418\" srcset=\"https:\/\/projectes.xtec.cat\/digital\/wp-content\/uploads\/usu2317\/2023\/03\/inventari-intern.png 601w, https:\/\/projectes.xtec.cat\/digital\/wp-content\/uploads\/usu2317\/2023\/03\/inventari-intern-300x239.png 300w\" sizes=\"auto, (max-width: 601px) 100vw, 601px\" \/><\/a><\/figure><\/div>\n\n\n\n<p>Al fer clic al bot\u00f3 <strong>Activa<\/strong> apareix una nova secci\u00f3 &#8220;Inventari digital&#8221; que permet definir el tipus d&#8217;equipaments, els estats, l&#8217;ubicaci\u00f3, etc.<\/p>\n\n\n\n<div class=\"wp-block-image doc\"><figure class=\"aligncenter size-large\"><a href=\"https:\/\/projectes.xtec.cat\/digital\/wp-content\/uploads\/usu2317\/2023\/03\/pantalla-inventari-digital.png\"><img loading=\"lazy\" decoding=\"async\" width=\"1024\" height=\"452\" src=\"https:\/\/projectes.xtec.cat\/digital\/wp-content\/uploads\/usu2317\/2023\/03\/pantalla-inventari-digital-1024x452.png\" alt=\"captura de la pantalla de inventari digital\" class=\"wp-image-14422\" srcset=\"https:\/\/projectes.xtec.cat\/digital\/wp-content\/uploads\/usu2317\/2023\/03\/pantalla-inventari-digital-1024x452.png 1024w, https:\/\/projectes.xtec.cat\/digital\/wp-content\/uploads\/usu2317\/2023\/03\/pantalla-inventari-digital-300x132.png 300w, https:\/\/projectes.xtec.cat\/digital\/wp-content\/uploads\/usu2317\/2023\/03\/pantalla-inventari-digital-768x339.png 768w, https:\/\/projectes.xtec.cat\/digital\/wp-content\/uploads\/usu2317\/2023\/03\/pantalla-inventari-digital.png 1395w\" sizes=\"auto, (max-width: 1024px) 100vw, 1024px\" \/><\/a><figcaption>Secci\u00f3 Inventari digital<\/figcaption><\/figure><\/div>\n\n\n\n<div style=\"height:50px\" aria-hidden=\"true\" class=\"wp-block-spacer\"><\/div>\n\n\n\n<div class=\"wp-block-getwid-section alignfull alignfull\"><div class=\"wp-block-getwid-section__wrapper\"><div class=\"wp-block-getwid-section__inner-wrapper\"><div class=\"wp-block-getwid-section__background-holder\"><div class=\"wp-block-getwid-section__background has-background has-ast-global-color-4-background-color\"><\/div><div class=\"wp-block-getwid-section__foreground\"><\/div><\/div><div class=\"wp-block-getwid-section__content\"><div class=\"wp-block-getwid-section__inner-content\">\n<div style=\"height:50px\" aria-hidden=\"true\" class=\"wp-block-spacer\"><\/div>\n\n\n\n<h2 class=\"wp-block-heading\">Converses sobre <strong>inventaris<\/strong> a la xarxa docent Nus<\/h2>\n\n\n\n<div class=\"wp-block-columns is-layout-flex wp-container-core-columns-is-layout-1 wp-block-columns-is-layout-flex\">\n<div class=\"wp-block-column is-layout-flow wp-block-column-is-layout-flow\">\n<h3 class=\"wp-block-heading\">Darreres converses<\/h3>\n\n\n<div class='nus_topics'><span class=\"nus_data\">18.03.26<\/span> <a target=\"_blank\" href=\"https:\/\/comunitat.edigital.cat\/t\/assignar-dotacio-que-no-tinc\/44876\">Assignar dotaci\u00f3 que NO tinc<\/a><br><span class=\"nus_data\">15.03.26<\/span> <a target=\"_blank\" href=\"https:\/\/comunitat.edigital.cat\/t\/inventari-biblioteca\/26039\">Inventari biblioteca<\/a><br><span class=\"nus_data\">12.03.26<\/span> <a target=\"_blank\" href=\"https:\/\/comunitat.edigital.cat\/t\/inventari-indic-incorrecte\/44766\">Inventari INDIC incorrecte<\/a><br><span class=\"nus_data\">09.02.26<\/span> <a target=\"_blank\" href=\"https:\/\/comunitat.edigital.cat\/t\/tercera-tasca-gestions-a-atom\/42838\">Tercera tasca. Gestions a \u00c0tom<\/a><br><span class=\"nus_data\">04.02.26<\/span> <a target=\"_blank\" href=\"https:\/\/comunitat.edigital.cat\/t\/obert-el-proces-per-demanar-equips-a-primaria\/44154\">Obert el proc\u00e9s per demanar equips a prim\u00e0ria<\/a><br><span class=\"nus_data\">28.01.26<\/span> <a target=\"_blank\" href=\"https:\/\/comunitat.edigital.cat\/t\/inventari-indic\/44258\">Inventari INDIC<\/a><br><span class=\"nus_data\">20.01.26<\/span> <a target=\"_blank\" href=\"https:\/\/comunitat.edigital.cat\/t\/inventari-indic-descontrolat\/44134\">Inventari INDIC descontrolat<\/a><br><span class=\"nus_data\">05.01.26<\/span> <a target=\"_blank\" href=\"https:\/\/comunitat.edigital.cat\/t\/segona-tasca-gestions-a-indic-2\/42048\">Segona tasca. Gestions a INDIC (2)<\/a><br><span class=\"nus_data\">10.11.25<\/span> <a target=\"_blank\" href=\"https:\/\/comunitat.edigital.cat\/t\/problemes-indic\/42931\">Problemes INDIC<\/a><br><span class=\"nus_data\">08.11.25<\/span> <a target=\"_blank\" href=\"https:\/\/comunitat.edigital.cat\/t\/la-sindicatura-ha-publicat-linforme-sobre-el-programa-per-a-la-digitalitzacio-del-sistema-educatiu-financat-amb-fons-next-generation\/43204\">La Sindicatura ha publicat l'Informe sobre el Programa per a la digitalitzaci\u00f3 del sistema educatiu finan\u00e7at amb fons Next Generation<\/a><br><\/div>\n<\/div>\n\n\n\n<div class=\"wp-block-column is-layout-flow wp-block-column-is-layout-flow\">\n<h3 class=\"wp-block-heading\">M\u00e9s vistes<\/h3>\n\n\n<div class='nus_topics'><span class=\"nus_data\">29.11.21<\/span> <a target=\"_blank\" href=\"https:\/\/comunitat.edigital.cat\/t\/sessio-1-de-la-subxarxa-de-la-coordinacio-digital-dijous-21-10-21-a-les-17-30\/5506\">Sessi\u00f3 1 de la subxarxa de la Coordinaci\u00f3 digital: Dijous 21.10.21 a les 17:30<\/a><br><span class=\"nus_data\">15.05.23<\/span> <a target=\"_blank\" href=\"https:\/\/comunitat.edigital.cat\/t\/questionari-societat-de-la-informacio-22-23\/24903\">Q\u00fcestionari Societat de la Informaci\u00f3 22-23<\/a><br><span class=\"nus_data\">05.04.22<\/span> <a target=\"_blank\" href=\"https:\/\/comunitat.edigital.cat\/t\/demanar-linventari-del-centre\/6815\">Demanar l'inventari del centre<\/a><br><span class=\"nus_data\">28.10.24<\/span> <a target=\"_blank\" href=\"https:\/\/comunitat.edigital.cat\/t\/bomba-el-tecnic-preventiu-nomes-podra-tocar-equips-amb-sace\/26836\">BOMBA! el t\u00e8cnic preventiu nom\u00e9s podr\u00e0 tocar equips amb SACE<\/a><br><span class=\"nus_data\">15.02.22<\/span> <a target=\"_blank\" href=\"https:\/\/comunitat.edigital.cat\/t\/gestio-incidencies-i-inventari-via-nodes\/6710\">Gesti\u00f3 incid\u00e8ncies i inventari via Nodes<\/a><br><span class=\"nus_data\">28.05.25<\/span> <a target=\"_blank\" href=\"https:\/\/comunitat.edigital.cat\/t\/inventari\/40340\">Inventari<\/a><br><span class=\"nus_data\">14.06.25<\/span> <a target=\"_blank\" href=\"https:\/\/comunitat.edigital.cat\/t\/inventari-maleta-audiovisual\/37347\">Inventari maleta audiovisual<\/a><br><span class=\"nus_data\">10.12.24<\/span> <a target=\"_blank\" href=\"https:\/\/comunitat.edigital.cat\/t\/inventari-equipament-robotica\/32086\">Inventari Equipament Rob\u00f2tica<\/a><br><span class=\"nus_data\">09.12.21<\/span> <a target=\"_blank\" href=\"https:\/\/comunitat.edigital.cat\/t\/canvi-ordinador-docent\/8740\">Canvi ordinador docent<\/a><br><span class=\"nus_data\">25.09.23<\/span> <a target=\"_blank\" href=\"https:\/\/comunitat.edigital.cat\/t\/accions-relacionades-amb-el-pla-deducacio-digital-de-catalunya-pedc-per-al-curs-2023-2024\/26601\">Accions relacionades amb el Pla d'educaci\u00f3 digital de Catalunya (PEDC) per al curs 2023-2024<\/a><br><\/div>\n<\/div>\n<\/div>\n\n\n\n<div style=\"height:30px\" aria-hidden=\"true\" class=\"wp-block-spacer\"><\/div>\n\n\n\n<p class=\"has-text-align-center\">Veure totes les converses amb etiqueta <a rel=\"noreferrer noopener\" href=\"https:\/\/comunitat.edigital.cat\/tag\/inventari\" data-type=\"URL\" data-id=\"https:\/\/comunitat.edigital.cat\/tag\/inventari\" target=\"_blank\">inventari<\/a>.<\/p>\n\n\n\n<div style=\"height:50px\" aria-hidden=\"true\" class=\"wp-block-spacer\"><\/div>\n<\/div><\/div><\/div><\/div><\/div>\n","protected":false},"excerpt":{"rendered":"<p>Una part dels equips del centre educatiu no queden registrat en els inventaris corporatius (INDIC, inventari TIC). S\u00f3n els equips comprats fora de cat\u00e0leg TIC (a altres prove\u00efdors, tendes d&#8217;inform\u00e0tica,etc) o b\u00e9, son fruit d&#8217;una donaci\u00f3. Per tal de portar un control dels equipament, \u00e9s necessari que el centre implementi algun sistema intern d&#8217;inventari. Es [&hellip;]<\/p>\n","protected":false},"author":2,"featured_media":0,"parent":13388,"menu_order":0,"comment_status":"closed","ping_status":"close","template":"","meta":{"site-sidebar-layout":"default","site-content-layout":"","ast-site-content-layout":"","site-content-style":"default","site-sidebar-style":"default","ast-global-header-display":"","ast-banner-title-visibility":"","ast-main-header-display":"","ast-hfb-above-header-display":"","ast-hfb-below-header-display":"","ast-hfb-mobile-header-display":"","site-post-title":"","ast-breadcrumbs-content":"","ast-featured-img":"","footer-sml-layout":"","theme-transparent-header-meta":"","adv-header-id-meta":"","stick-header-meta":"","header-above-stick-meta":"","header-main-stick-meta":"","header-below-stick-meta":"","astra-migrate-meta-layouts":"default","ast-page-background-enabled":"default","ast-page-background-meta":{"desktop":{"background-color":"var(--ast-global-color-4)","background-image":"","background-repeat":"repeat","background-position":"center center","background-size":"auto","background-attachment":"scroll","background-type":"","background-media":"","overlay-type":"","overlay-color":"","overlay-opacity":"","overlay-gradient":""},"tablet":{"background-color":"","background-image":"","background-repeat":"repeat","background-position":"center center","background-size":"auto","background-attachment":"scroll","background-type":"","background-media":"","overlay-type":"","overlay-color":"","overlay-opacity":"","overlay-gradient":""},"mobile":{"background-color":"","background-image":"","background-repeat":"repeat","background-position":"center center","background-size":"auto","background-attachment":"scroll","background-type":"","background-media":"","overlay-type":"","overlay-color":"","overlay-opacity":"","overlay-gradient":""}},"ast-content-background-meta":{"desktop":{"background-color":"var(--ast-global-color-5)","background-image":"","background-repeat":"repeat","background-position":"center center","background-size":"auto","background-attachment":"scroll","background-type":"","background-media":"","overlay-type":"","overlay-color":"","overlay-opacity":"","overlay-gradient":""},"tablet":{"background-color":"var(--ast-global-color-5)","background-image":"","background-repeat":"repeat","background-position":"center center","background-size":"auto","background-attachment":"scroll","background-type":"","background-media":"","overlay-type":"","overlay-color":"","overlay-opacity":"","overlay-gradient":""},"mobile":{"background-color":"var(--ast-global-color-5)","background-image":"","background-repeat":"repeat","background-position":"center center","background-size":"auto","background-attachment":"scroll","background-type":"","background-media":"","overlay-type":"","overlay-color":"","overlay-opacity":"","overlay-gradient":""}},"footnotes":""},"class_list":["post-14514","page","type-page","status-publish","hentry"],"post_mailing_queue_ids":[],"_links":{"self":[{"href":"https:\/\/projectes.xtec.cat\/digital\/wp-json\/wp\/v2\/pages\/14514","targetHints":{"allow":["GET"]}}],"collection":[{"href":"https:\/\/projectes.xtec.cat\/digital\/wp-json\/wp\/v2\/pages"}],"about":[{"href":"https:\/\/projectes.xtec.cat\/digital\/wp-json\/wp\/v2\/types\/page"}],"author":[{"embeddable":true,"href":"https:\/\/projectes.xtec.cat\/digital\/wp-json\/wp\/v2\/users\/2"}],"replies":[{"embeddable":true,"href":"https:\/\/projectes.xtec.cat\/digital\/wp-json\/wp\/v2\/comments?post=14514"}],"version-history":[{"count":2,"href":"https:\/\/projectes.xtec.cat\/digital\/wp-json\/wp\/v2\/pages\/14514\/revisions"}],"predecessor-version":[{"id":14516,"href":"https:\/\/projectes.xtec.cat\/digital\/wp-json\/wp\/v2\/pages\/14514\/revisions\/14516"}],"up":[{"embeddable":true,"href":"https:\/\/projectes.xtec.cat\/digital\/wp-json\/wp\/v2\/pages\/13388"}],"wp:attachment":[{"href":"https:\/\/projectes.xtec.cat\/digital\/wp-json\/wp\/v2\/media?parent=14514"}],"curies":[{"name":"wp","href":"https:\/\/api.w.org\/{rel}","templated":true}]}}