{"id":14853,"date":"2023-04-22T13:05:36","date_gmt":"2023-04-22T11:05:36","guid":{"rendered":"https:\/\/projectes.xtec.cat\/digital\/?page_id=14853"},"modified":"2025-05-16T09:56:51","modified_gmt":"2025-05-16T07:56:51","slug":"canviar-la-contrasenya-de-gicar","status":"publish","type":"page","link":"https:\/\/projectes.xtec.cat\/digital\/perfils\/docents\/canviar-la-contrasenya-de-gicar\/","title":{"rendered":"Canviar la contrasenya de GICAR"},"content":{"rendered":"\n<p>GICAR \u00e9s l&#8217;eina de gesti\u00f3 centralitzada de les identitats (nom d&#8217;usuari i contrasenya) de persones que interactuen amb els sistemes d\u2019informaci\u00f3 de la Generalitat de Catalunya. En el cas del Departament d&#8217;Educaci\u00f3, GICAR dona acc\u00e9s, entre d&#8217;altres a: <\/p>\n\n\n\n<ul class=\"wp-block-list\">\n<li><a href=\"https:\/\/atriportal.gencat.cat\/\" data-type=\"URL\" data-id=\"https:\/\/atriportal.gencat.cat\/\" target=\"_blank\" rel=\"noreferrer noopener\">Portal ATRI<\/a><\/li>\n\n\n\n<li><a href=\"https:\/\/odissea.xtec.cat\/\" data-type=\"URL\" data-id=\"https:\/\/odissea.xtec.cat\/\" target=\"_blank\" rel=\"noreferrer noopener\">Odissea<\/a><\/li>\n\n\n\n<li><a href=\"https:\/\/inici.espai.educacio.gencat.cat\/\" data-type=\"URL\" data-id=\"https:\/\/inici.espai.educacio.gencat.cat\/\" target=\"_blank\" rel=\"noreferrer noopener\">Portal de centre<\/a><\/li>\n\n\n\n<li><a href=\"https:\/\/pladigitalcentres.educacio.gencat.cat\/ca\/Account\/Login\" data-type=\"URL\" data-id=\"https:\/\/pladigitalcentres.educacio.gencat.cat\/ca\/Account\/Login\" target=\"_blank\" rel=\"noreferrer noopener\">INDIC<\/a><\/li>\n\n\n\n<li><a href=\"https:\/\/accounts.google.com\/signin\/v2\/pwd?service=mail&amp;passive=true&amp;rm=false&amp;continue=https%3A%2F%2Fmail.google.com%2Fmail%2F&amp;ss=1&amp;scc=1&amp;ltmpl=default&amp;ltmplcache=2&amp;emr=1&amp;osid=1&amp;flowName=GlifWebSignIn&amp;flowEntry=ServiceLogin\" data-type=\"URL\" data-id=\"https:\/\/accounts.google.com\/signin\/v2\/pwd?service=mail&amp;passive=true&amp;rm=false&amp;continue=https%3A%2F%2Fmail.google.com%2Fmail%2F&amp;ss=1&amp;scc=1&amp;ltmpl=default&amp;ltmplcache=2&amp;emr=1&amp;osid=1&amp;flowName=GlifWebSignIn&amp;flowEntry=ServiceLogin\" target=\"_blank\" rel=\"noreferrer noopener\">La meva XTEC<\/a> (suite de Google amb correu i documents)<\/li>\n\n\n\n<li><a href=\"https:\/\/ie.pladigitalcentres.gestioeducativa.gencat.cat\/\" data-type=\"URL\" data-id=\"https:\/\/ie.pladigitalcentres.gestioeducativa.gencat.cat\/\" target=\"_blank\" rel=\"noreferrer noopener\">Portal d&#8217;\u00fas<\/a><\/li>\n<\/ul>\n\n\n\n<p>Peri\u00f2dicament rebreu un correu per canviar la contrasenya, per\u00f2 podeu canviar-la en qualsevol moment accedint a: <\/p>\n\n\n\n<p><a href=\"https:\/\/autenticaciogicar4.extranet.gencat.cat\/autogestio\/\">https:\/\/autenticaciogicar4.extranet.gencat.cat\/autogestio\/<\/a><\/p>\n\n\n\n<p>\ud83d\udc49 Quan es fa un canvi de contrasenya des de GICAR (enlla\u00e7 anterior) es propaga el canvi a <strong>La meva XTEC<\/strong>, el que permet que estiguin sincronitzats en tot moment. <\/p>\n\n\n\n<p>\u26a0\ufe0f Eviteu canviar la contrasenya de <strong>La meva XTEC<\/strong> des de la interf\u00edcie de comptes Google perqu\u00e8 es pot perdre aquesta sincronitzaci\u00f3.   <\/p>\n\n\n\n<div style=\"height:30px\" aria-hidden=\"true\" class=\"wp-block-spacer\"><\/div>\n\n\n\n<div class=\"wp-block-buttons is-layout-flex wp-block-buttons-is-layout-flex\">\n<div class=\"wp-block-button is-style-fill\"><a class=\"wp-block-button__link wp-element-button\" href=\"https:\/\/autenticaciogicar4.extranet.gencat.cat\/siteminderagent\/forms\/manuals\/Guia_rapida_canvi_de_contrasenya_GICAR.pdf\" target=\"_blank\" rel=\"noreferrer noopener\">M\u00e9s informaci\u00f3<\/a><\/div>\n<\/div>\n\n\n\n<div style=\"height:100px\" aria-hidden=\"true\" class=\"wp-block-spacer\"><\/div>\n","protected":false},"excerpt":{"rendered":"<p>GICAR \u00e9s l&#8217;eina de gesti\u00f3 centralitzada de les identitats (nom d&#8217;usuari i contrasenya) de persones que interactuen amb els sistemes d\u2019informaci\u00f3 de la Generalitat de Catalunya. En el cas del Departament d&#8217;Educaci\u00f3, GICAR dona acc\u00e9s, entre d&#8217;altres a: Peri\u00f2dicament rebreu un correu per canviar la contrasenya, per\u00f2 podeu canviar-la en qualsevol moment accedint a: https:\/\/autenticaciogicar4.extranet.gencat.cat\/autogestio\/ [&hellip;]<\/p>\n","protected":false},"author":2,"featured_media":0,"parent":14671,"menu_order":0,"comment_status":"closed","ping_status":"close","template":"","meta":{"site-sidebar-layout":"default","site-content-layout":"","ast-site-content-layout":"default","site-content-style":"default","site-sidebar-style":"default","ast-global-header-display":"","ast-banner-title-visibility":"","ast-main-header-display":"","ast-hfb-above-header-display":"","ast-hfb-below-header-display":"","ast-hfb-mobile-header-display":"","site-post-title":"","ast-breadcrumbs-content":"","ast-featured-img":"","footer-sml-layout":"","theme-transparent-header-meta":"","adv-header-id-meta":"","stick-header-meta":"","header-above-stick-meta":"","header-main-stick-meta":"","header-below-stick-meta":"","astra-migrate-meta-layouts":"set","ast-page-background-enabled":"default","ast-page-background-meta":{"desktop":{"background-color":"var(--ast-global-color-4)","background-image":"","background-repeat":"repeat","background-position":"center center","background-size":"auto","background-attachment":"scroll","background-type":"","background-media":"","overlay-type":"","overlay-color":"","overlay-opacity":"","overlay-gradient":""},"tablet":{"background-color":"","background-image":"","background-repeat":"repeat","background-position":"center center","background-size":"auto","background-attachment":"scroll","background-type":"","background-media":"","overlay-type":"","overlay-color":"","overlay-opacity":"","overlay-gradient":""},"mobile":{"background-color":"","background-image":"","background-repeat":"repeat","background-position":"center center","background-size":"auto","background-attachment":"scroll","background-type":"","background-media":"","overlay-type":"","overlay-color":"","overlay-opacity":"","overlay-gradient":""}},"ast-content-background-meta":{"desktop":{"background-color":"var(--ast-global-color-5)","background-image":"","background-repeat":"repeat","background-position":"center center","background-size":"auto","background-attachment":"scroll","background-type":"","background-media":"","overlay-type":"","overlay-color":"","overlay-opacity":"","overlay-gradient":""},"tablet":{"background-color":"var(--ast-global-color-5)","background-image":"","background-repeat":"repeat","background-position":"center center","background-size":"auto","background-attachment":"scroll","background-type":"","background-media":"","overlay-type":"","overlay-color":"","overlay-opacity":"","overlay-gradient":""},"mobile":{"background-color":"var(--ast-global-color-5)","background-image":"","background-repeat":"repeat","background-position":"center center","background-size":"auto","background-attachment":"scroll","background-type":"","background-media":"","overlay-type":"","overlay-color":"","overlay-opacity":"","overlay-gradient":""}},"footnotes":""},"class_list":["post-14853","page","type-page","status-publish","hentry"],"post_mailing_queue_ids":[],"_links":{"self":[{"href":"https:\/\/projectes.xtec.cat\/digital\/wp-json\/wp\/v2\/pages\/14853","targetHints":{"allow":["GET"]}}],"collection":[{"href":"https:\/\/projectes.xtec.cat\/digital\/wp-json\/wp\/v2\/pages"}],"about":[{"href":"https:\/\/projectes.xtec.cat\/digital\/wp-json\/wp\/v2\/types\/page"}],"author":[{"embeddable":true,"href":"https:\/\/projectes.xtec.cat\/digital\/wp-json\/wp\/v2\/users\/2"}],"replies":[{"embeddable":true,"href":"https:\/\/projectes.xtec.cat\/digital\/wp-json\/wp\/v2\/comments?post=14853"}],"version-history":[{"count":4,"href":"https:\/\/projectes.xtec.cat\/digital\/wp-json\/wp\/v2\/pages\/14853\/revisions"}],"predecessor-version":[{"id":36367,"href":"https:\/\/projectes.xtec.cat\/digital\/wp-json\/wp\/v2\/pages\/14853\/revisions\/36367"}],"up":[{"embeddable":true,"href":"https:\/\/projectes.xtec.cat\/digital\/wp-json\/wp\/v2\/pages\/14671"}],"wp:attachment":[{"href":"https:\/\/projectes.xtec.cat\/digital\/wp-json\/wp\/v2\/media?parent=14853"}],"curies":[{"name":"wp","href":"https:\/\/api.w.org\/{rel}","templated":true}]}}