{"id":15365,"date":"2023-05-12T07:32:14","date_gmt":"2023-05-12T05:32:14","guid":{"rendered":"https:\/\/projectes.xtec.cat\/digital\/?page_id=15365"},"modified":"2025-07-28T13:27:27","modified_gmt":"2025-07-28T11:27:27","slug":"sincronitzacio-equips-windows","status":"publish","type":"page","link":"https:\/\/projectes.xtec.cat\/digital\/perfils\/coordinacio-digital\/sincronitzacio-equips-windows\/","title":{"rendered":"Sincronitzaci\u00f3 d&#8217;equips Windows"},"content":{"rendered":"\n<p>Els equips Windows se sincronitzen peri\u00f2dicament amb el portal Intune per rebre paquets d&#8217;actualitzaci\u00f3 i ordres diverses. <\/p>\n\n\n\n<p>Per for\u00e7ar la sincronitzaci\u00f3 dels equips Windows: <\/p>\n\n\n\n<div class=\"wp-block-columns alignwide is-layout-flex wp-container-core-columns-is-layout-1 wp-block-columns-is-layout-flex\">\n<div class=\"wp-block-column caixa is-layout-flow wp-block-column-is-layout-flow\">\n<h2 class=\"wp-block-heading\">En molts equips, de manera centralitzada amb Intune<\/h2>\n\n\n\n<ol class=\"wp-block-list\">\n<li>Accediu a <a href=\"http:\/\/intuneeducation.portal.azure.com\/\" data-type=\"URL\" data-id=\"http:\/\/intuneeducation.portal.azure.com\/\" target=\"_blank\" rel=\"noreferrer noopener\">Intune<\/a> amb un usuari amb rol d&#8217;acc\u00e9s ACC\u00c9S_INTUNE_TOTAL. Si no podeu accedir, consulteu els <a href=\"https:\/\/projectes.xtec.cat\/digital\/perfils\/coordinacio-digital\/permisos-necessaris-per-a-la-coordinacio-digital\/\" data-type=\"URL\" data-id=\"https:\/\/projectes.xtec.cat\/digital\/perfils\/coordinacio-digital\/permisos-necessaris-per-a-la-coordinacio-digital\/\" target=\"_blank\" rel=\"noreferrer noopener\">Permisos necessaris per a la Coordinaci\u00f3 digital<\/a>. <\/li>\n\n\n\n<li>Aneu a l&#8217;opci\u00f3 <strong>Dispositivos<\/strong>, de la barra lateral dreta. <\/li>\n\n\n\n<li>Seleccioneu els dispositius que voleu sincronitzar i feu clic a l&#8217;opci\u00f3 <strong>Sincronitzar<\/strong>. <\/li>\n<\/ol>\n\n\n\n<figure class=\"wp-block-image aligncenter size-large\"><a href=\"https:\/\/projectes.xtec.cat\/digital\/wp-content\/uploads\/usu2317\/2023\/06\/sincronitzar2-e1686850801377.png\"><img loading=\"lazy\" decoding=\"async\" width=\"340\" height=\"379\" src=\"https:\/\/projectes.xtec.cat\/digital\/wp-content\/uploads\/usu2317\/2023\/06\/sincronitzar2-e1686850801377.png\" alt=\"selecci\u00f3 d'equips\" class=\"wp-image-16983\" srcset=\"https:\/\/projectes.xtec.cat\/digital\/wp-content\/uploads\/usu2317\/2023\/06\/sincronitzar2-e1686850801377.png 340w, https:\/\/projectes.xtec.cat\/digital\/wp-content\/uploads\/usu2317\/2023\/06\/sincronitzar2-e1686850801377-269x300.png 269w\" sizes=\"auto, (max-width: 340px) 100vw, 340px\" \/><\/a><\/figure>\n\n\n\n<p>Si l&#8217;equip fa molt temps que no se sincronitza, \u00e9s possible que hagi perdut la connexi\u00f3 amb Intune i, per tant, no pugui rebre l&#8217;ordre de sincronitzaci\u00f3. En aquest cas, \u00e9s necessari una sincronitzaci\u00f3 manual (veure l&#8217;altre apartat) o una remaquetaci\u00f3 de l&#8217;equip per part del t\u00e8cnic preventiu.<\/p>\n\n\n\n<p class=\"has-ast-global-color-4-background-color has-background\">Cal que els equips estiguin encesos i connectats al corrent perqu\u00e8 s&#8217;inici\u00ef el proc\u00e9s de sincronitzaci\u00f3.<\/p>\n<\/div>\n\n\n\n<div class=\"wp-block-column caixa is-layout-flow wp-block-column-is-layout-flow\">\n<h2 class=\"wp-block-heading\">En un equip, amb el portal d&#8217;aplicacions<\/h2>\n\n\n\n<p>Si l&#8217;equip deixa de connectar-se a Intune durant un temps llarg, es produeix una dessincronitzaci\u00f3 que impedeix que l&#8217;equip pugui rebre m\u00e9s actualitzacions, for\u00e7ant la necessitat de fer una sincronitzaci\u00f3 directament en l&#8217;equip. <\/p>\n\n\n\n<figure class=\"wp-block-image alignright size-large is-resized\"><a href=\"https:\/\/projectes.xtec.cat\/digital\/wp-content\/uploads\/usu2317\/2023\/06\/company-portal.png\"><img loading=\"lazy\" decoding=\"async\" width=\"135\" height=\"122\" src=\"https:\/\/projectes.xtec.cat\/digital\/wp-content\/uploads\/usu2317\/2023\/06\/company-portal.png\" alt=\"logo del company portal\" class=\"wp-image-16976\" style=\"width:106px;height:96px\"\/><\/a><\/figure>\n\n\n\n<ol class=\"wp-block-list\">\n<li>Feu clic a l&#8217;aplicaci\u00f3 <strong>Portal d&#8217;aplicacions<\/strong> del men\u00fa d&#8217;aplicacions.<\/li>\n<\/ol>\n\n\n\n<ol start=\"2\" class=\"wp-block-list\">\n<li>Feu clic a <strong>Configuraci\u00f3n<\/strong>.<\/li>\n<\/ol>\n\n\n\n<figure class=\"wp-block-image aligncenter size-large\"><a href=\"https:\/\/projectes.xtec.cat\/digital\/wp-content\/uploads\/usu2317\/2023\/06\/mi-perfil.png\"><img loading=\"lazy\" decoding=\"async\" width=\"371\" height=\"123\" src=\"https:\/\/projectes.xtec.cat\/digital\/wp-content\/uploads\/usu2317\/2023\/06\/mi-perfil.png\" alt=\"configuraci\u00f3\" class=\"wp-image-16978\" srcset=\"https:\/\/projectes.xtec.cat\/digital\/wp-content\/uploads\/usu2317\/2023\/06\/mi-perfil.png 371w, https:\/\/projectes.xtec.cat\/digital\/wp-content\/uploads\/usu2317\/2023\/06\/mi-perfil-300x99.png 300w\" sizes=\"auto, (max-width: 371px) 100vw, 371px\" \/><\/a><\/figure>\n\n\n\n<ol start=\"3\" class=\"wp-block-list\">\n<li>Feu clic al bot\u00f3 <strong>Sincronizar<\/strong>.<\/li>\n\n\n\n<li>En el moment que sincronitza, mostra la data del moment de la sincronitzaci\u00f3.<\/li>\n<\/ol>\n\n\n\n<figure class=\"wp-block-image size-large vora\"><a href=\"https:\/\/projectes.xtec.cat\/digital\/wp-content\/uploads\/usu2317\/2023\/06\/sincronitzar.png\"><img loading=\"lazy\" decoding=\"async\" width=\"556\" height=\"233\" src=\"https:\/\/projectes.xtec.cat\/digital\/wp-content\/uploads\/usu2317\/2023\/06\/sincronitzar.png\" alt=\"sincronitzar\" class=\"wp-image-16970\" srcset=\"https:\/\/projectes.xtec.cat\/digital\/wp-content\/uploads\/usu2317\/2023\/06\/sincronitzar.png 556w, https:\/\/projectes.xtec.cat\/digital\/wp-content\/uploads\/usu2317\/2023\/06\/sincronitzar-300x126.png 300w\" sizes=\"auto, (max-width: 556px) 100vw, 556px\" \/><\/a><\/figure>\n\n\n\n<p class=\"has-ast-global-color-4-background-color has-background\">Cal que els equips estiguin encesos i connectats al corrent perqu\u00e8 s&#8217;inici\u00ef el proc\u00e9s de sincronitzaci\u00f3. <\/p>\n<\/div>\n<\/div>\n\n\n\n\n\n<div style=\"height:100px\" aria-hidden=\"true\" class=\"wp-block-spacer\"><\/div>\n","protected":false},"excerpt":{"rendered":"<p>Els equips Windows se sincronitzen peri\u00f2dicament amb el portal Intune per rebre paquets d&#8217;actualitzaci\u00f3 i ordres diverses. Per for\u00e7ar la sincronitzaci\u00f3 dels equips Windows: En molts equips, de manera centralitzada amb Intune Si l&#8217;equip fa molt temps que no se sincronitza, \u00e9s possible que hagi perdut la connexi\u00f3 amb Intune i, per tant, no pugui [&hellip;]<\/p>\n","protected":false},"author":1,"featured_media":0,"parent":13388,"menu_order":0,"comment_status":"closed","ping_status":"close","template":"","meta":{"site-sidebar-layout":"default","site-content-layout":"","ast-site-content-layout":"default","site-content-style":"default","site-sidebar-style":"default","ast-global-header-display":"","ast-banner-title-visibility":"","ast-main-header-display":"","ast-hfb-above-header-display":"","ast-hfb-below-header-display":"","ast-hfb-mobile-header-display":"","site-post-title":"","ast-breadcrumbs-content":"","ast-featured-img":"","footer-sml-layout":"","theme-transparent-header-meta":"","adv-header-id-meta":"","stick-header-meta":"","header-above-stick-meta":"","header-main-stick-meta":"","header-below-stick-meta":"","astra-migrate-meta-layouts":"set","ast-page-background-enabled":"default","ast-page-background-meta":{"desktop":{"background-color":"var(--ast-global-color-4)","background-image":"","background-repeat":"repeat","background-position":"center center","background-size":"auto","background-attachment":"scroll","background-type":"","background-media":"","overlay-type":"","overlay-color":"","overlay-opacity":"","overlay-gradient":""},"tablet":{"background-color":"","background-image":"","background-repeat":"repeat","background-position":"center center","background-size":"auto","background-attachment":"scroll","background-type":"","background-media":"","overlay-type":"","overlay-color":"","overlay-opacity":"","overlay-gradient":""},"mobile":{"background-color":"","background-image":"","background-repeat":"repeat","background-position":"center center","background-size":"auto","background-attachment":"scroll","background-type":"","background-media":"","overlay-type":"","overlay-color":"","overlay-opacity":"","overlay-gradient":""}},"ast-content-background-meta":{"desktop":{"background-color":"var(--ast-global-color-5)","background-image":"","background-repeat":"repeat","background-position":"center center","background-size":"auto","background-attachment":"scroll","background-type":"","background-media":"","overlay-type":"","overlay-color":"","overlay-opacity":"","overlay-gradient":""},"tablet":{"background-color":"var(--ast-global-color-5)","background-image":"","background-repeat":"repeat","background-position":"center center","background-size":"auto","background-attachment":"scroll","background-type":"","background-media":"","overlay-type":"","overlay-color":"","overlay-opacity":"","overlay-gradient":""},"mobile":{"background-color":"var(--ast-global-color-5)","background-image":"","background-repeat":"repeat","background-position":"center center","background-size":"auto","background-attachment":"scroll","background-type":"","background-media":"","overlay-type":"","overlay-color":"","overlay-opacity":"","overlay-gradient":""}},"footnotes":""},"class_list":["post-15365","page","type-page","status-publish","hentry"],"post_mailing_queue_ids":[],"_links":{"self":[{"href":"https:\/\/projectes.xtec.cat\/digital\/wp-json\/wp\/v2\/pages\/15365","targetHints":{"allow":["GET"]}}],"collection":[{"href":"https:\/\/projectes.xtec.cat\/digital\/wp-json\/wp\/v2\/pages"}],"about":[{"href":"https:\/\/projectes.xtec.cat\/digital\/wp-json\/wp\/v2\/types\/page"}],"author":[{"embeddable":true,"href":"https:\/\/projectes.xtec.cat\/digital\/wp-json\/wp\/v2\/users\/1"}],"replies":[{"embeddable":true,"href":"https:\/\/projectes.xtec.cat\/digital\/wp-json\/wp\/v2\/comments?post=15365"}],"version-history":[{"count":4,"href":"https:\/\/projectes.xtec.cat\/digital\/wp-json\/wp\/v2\/pages\/15365\/revisions"}],"predecessor-version":[{"id":36957,"href":"https:\/\/projectes.xtec.cat\/digital\/wp-json\/wp\/v2\/pages\/15365\/revisions\/36957"}],"up":[{"embeddable":true,"href":"https:\/\/projectes.xtec.cat\/digital\/wp-json\/wp\/v2\/pages\/13388"}],"wp:attachment":[{"href":"https:\/\/projectes.xtec.cat\/digital\/wp-json\/wp\/v2\/media?parent=15365"}],"curies":[{"name":"wp","href":"https:\/\/api.w.org\/{rel}","templated":true}]}}