{"id":15412,"date":"2023-05-12T13:56:13","date_gmt":"2023-05-12T11:56:13","guid":{"rendered":"https:\/\/projectes.xtec.cat\/digital\/?page_id=15412"},"modified":"2023-05-17T12:17:33","modified_gmt":"2023-05-17T10:17:33","slug":"restabliment-local-equips-del-pedc","status":"publish","type":"page","link":"https:\/\/projectes.xtec.cat\/digital\/equipaments-i-infraestructures\/ordinadors\/restabliment-local-equips-del-pedc\/","title":{"rendered":"Restabliment local d&#8217;un equip Windows"},"content":{"rendered":"\n<p class=\"has-medium-font-size\">El procediment de restabliment inclou l&#8217;esborrat de totes les dades de l&#8217;equip i la reinstal\u00b7laci\u00f3 del sistema operatiu. \u00c9s el procediment recomanat quan un equip t\u00e9 un baix rendiment (lentitud, es queda congelat, etc) o quan l&#8217;alumne el deixa de fer servir definitivament (canvi de centre, finalitzaci\u00f3 dels estudis, etc.). Aquest proc\u00e9s tamb\u00e9 s&#8217;anomena &#8220;Recuperaci\u00f3&#8221; o &#8220;Restauraci\u00f3&#8221; de l&#8217;equip. <\/p>\n\n\n\n<div class=\"wp-block-getwid-section alignfull alignfull\"><div class=\"wp-block-getwid-section__wrapper\"><div class=\"wp-block-getwid-section__inner-wrapper\"><div class=\"wp-block-getwid-section__background-holder\"><div class=\"wp-block-getwid-section__background has-background has-ast-global-color-4-background-color\"><\/div><div class=\"wp-block-getwid-section__foreground\"><\/div><\/div><div class=\"wp-block-getwid-section__content\"><div class=\"wp-block-getwid-section__inner-content\">\n<p class=\"has-medium-font-size\">Abans de comen\u00e7ar el proc\u00e9s \u00e9s important: <\/p>\n\n\n\n<ul id=\"block-4190d3d3-baac-467c-ba27-9ac0ba3130c9\" class=\"has-medium-font-size wp-block-list\"><li>Cal <strong>fer<\/strong> <strong>una c\u00f2pia de seguretat<\/strong> dels documents que tingueu al dispositiu que vulgueu conservar. El procediment de restabliment esborrar\u00e0 totes les dades de manera irrecuperable. <\/li><li>Cal que l\u2019ordinador <strong>estigui connectat amb l\u2019alimentador<\/strong>. En cas contrari no es pot fer la restauraci\u00f3 manual.<\/li><li><strong>No&nbsp; es pot aturar l\u2019ordinador<\/strong> durant el proc\u00e9s de restauraci\u00f3 local.<\/li><\/ul>\n<\/div><\/div><\/div><\/div><\/div>\n\n\n\n<div style=\"height:40px\" aria-hidden=\"true\" class=\"wp-block-spacer\"><\/div>\n\n\n\n<div class=\"wp-block-columns alignwide is-layout-flex wp-container-core-columns-is-layout-1 wp-block-columns-is-layout-flex\">\n<div class=\"wp-block-column is-vertically-aligned-center is-layout-flow wp-block-column-is-layout-flow\" style=\"flex-basis:40%\">\n<h3 class=\"has-text-align-left wp-block-heading\">1. Escriu &#8220;restableix&#8221; en el cercador i fes clic a l&#8217;opci\u00f3 <strong>Restableix aquest ordinador<\/strong><\/h3>\n\n\n\n<p class=\"has-text-align-left\">Aix\u00f2 obrir\u00e0 la pantalla de configuraci\u00f3 d&#8217;Actualitzaci\u00f3 i seguretat<\/p>\n<\/div>\n\n\n\n<div class=\"wp-block-column is-layout-flow wp-block-column-is-layout-flow\">\n<figure class=\"wp-block-image size-large\"><a href=\"https:\/\/projectes.xtec.cat\/digital\/wp-content\/uploads\/usu2317\/2023\/05\/Captura-de-Pantalla-2023-05-12-a-les-23.46.07.png\"><img loading=\"lazy\" decoding=\"async\" width=\"780\" height=\"645\" src=\"https:\/\/projectes.xtec.cat\/digital\/wp-content\/uploads\/usu2317\/2023\/05\/Captura-de-Pantalla-2023-05-12-a-les-23.46.07.png\" alt=\"\" class=\"wp-image-15443\" srcset=\"https:\/\/projectes.xtec.cat\/digital\/wp-content\/uploads\/usu2317\/2023\/05\/Captura-de-Pantalla-2023-05-12-a-les-23.46.07.png 780w, https:\/\/projectes.xtec.cat\/digital\/wp-content\/uploads\/usu2317\/2023\/05\/Captura-de-Pantalla-2023-05-12-a-les-23.46.07-300x248.png 300w, https:\/\/projectes.xtec.cat\/digital\/wp-content\/uploads\/usu2317\/2023\/05\/Captura-de-Pantalla-2023-05-12-a-les-23.46.07-768x635.png 768w\" sizes=\"auto, (max-width: 780px) 100vw, 780px\" \/><\/a><\/figure>\n<\/div>\n<\/div>\n\n\n\n<div style=\"height:30px\" aria-hidden=\"true\" class=\"wp-block-spacer\"><\/div>\n\n\n\n<div class=\"wp-block-columns alignwide is-layout-flex wp-container-core-columns-is-layout-2 wp-block-columns-is-layout-flex\">\n<div class=\"wp-block-column is-vertically-aligned-center is-layout-flow wp-block-column-is-layout-flow\" style=\"flex-basis:40%\">\n<h3 class=\"has-text-align-left wp-block-heading\">2.Tria l&#8217;opci\u00f3 de <strong>Recuperaci\u00f3<\/strong> i fes clic al bot\u00f3 <strong>Comen\u00e7a<\/strong>.<\/h3>\n\n\n\n<p class=\"has-text-align-left\">Aix\u00f2 comen\u00e7ar\u00e0 el proc\u00e9s de Recuperaci\u00f3, que consisteix en l&#8217;esborrat i reinstal\u00b7laci\u00f3 b\u00e0sica de l&#8217;equip. <\/p>\n<\/div>\n\n\n\n<div class=\"wp-block-column is-layout-flow wp-block-column-is-layout-flow\">\n<figure class=\"wp-block-image size-large\"><a href=\"https:\/\/projectes.xtec.cat\/digital\/wp-content\/uploads\/usu2317\/2023\/05\/Captura-de-Pantalla-2023-05-12-a-les-23.51.39.png\"><img loading=\"lazy\" decoding=\"async\" width=\"849\" height=\"645\" src=\"https:\/\/projectes.xtec.cat\/digital\/wp-content\/uploads\/usu2317\/2023\/05\/Captura-de-Pantalla-2023-05-12-a-les-23.51.39.png\" alt=\"\" class=\"wp-image-15445\" srcset=\"https:\/\/projectes.xtec.cat\/digital\/wp-content\/uploads\/usu2317\/2023\/05\/Captura-de-Pantalla-2023-05-12-a-les-23.51.39.png 849w, https:\/\/projectes.xtec.cat\/digital\/wp-content\/uploads\/usu2317\/2023\/05\/Captura-de-Pantalla-2023-05-12-a-les-23.51.39-300x228.png 300w, https:\/\/projectes.xtec.cat\/digital\/wp-content\/uploads\/usu2317\/2023\/05\/Captura-de-Pantalla-2023-05-12-a-les-23.51.39-768x583.png 768w\" sizes=\"auto, (max-width: 849px) 100vw, 849px\" \/><\/a><\/figure>\n<\/div>\n<\/div>\n\n\n\n<div style=\"height:30px\" aria-hidden=\"true\" class=\"wp-block-spacer\"><\/div>\n\n\n\n<div class=\"wp-block-columns alignwide is-layout-flex wp-container-core-columns-is-layout-3 wp-block-columns-is-layout-flex\">\n<div class=\"wp-block-column is-vertically-aligned-center is-layout-flow wp-block-column-is-layout-flow\" style=\"flex-basis:40%\">\n<h3 class=\"has-text-align-left wp-block-heading\">3. Introdueix les <strong>credencials<\/strong> de la persona <strong>coordinadora digital<\/strong><\/h3>\n\n\n\n<p class=\"has-text-align-left\">Si la persona que fa la coordinaci\u00f3 digital no t\u00e9 permisos de <strong>coordinaci\u00f3 digital<\/strong>, la <a href=\"https:\/\/projectes.xtec.cat\/digital\/perfils\/coordinacio-digital\/permisos-necessaris-per-a-la-coordinacio-digital\/\" data-type=\"URL\" data-id=\"https:\/\/projectes.xtec.cat\/digital\/perfils\/coordinacio-digital\/permisos-necessaris-per-a-la-coordinacio-digital\/\" target=\"_blank\" rel=\"noreferrer noopener\">direcci\u00f3 del centre els ha de donar<\/a> mitjan\u00e7ant l&#8217;aplicaci\u00f3<strong> GUAC<\/strong>. <\/p>\n<\/div>\n\n\n\n<div class=\"wp-block-column is-vertically-aligned-center is-layout-flow wp-block-column-is-layout-flow\">\n<div class=\"wp-block-image\"><figure class=\"aligncenter size-large is-resized\"><a href=\"https:\/\/projectes.xtec.cat\/digital\/wp-content\/uploads\/usu2317\/2023\/05\/Captura-de-Pantalla-2023-05-13-a-les-0.01.45.png\"><img loading=\"lazy\" decoding=\"async\" src=\"https:\/\/projectes.xtec.cat\/digital\/wp-content\/uploads\/usu2317\/2023\/05\/Captura-de-Pantalla-2023-05-13-a-les-0.01.45.png\" alt=\"\" class=\"wp-image-15450\" width=\"335\" height=\"344\" srcset=\"https:\/\/projectes.xtec.cat\/digital\/wp-content\/uploads\/usu2317\/2023\/05\/Captura-de-Pantalla-2023-05-13-a-les-0.01.45.png 501w, https:\/\/projectes.xtec.cat\/digital\/wp-content\/uploads\/usu2317\/2023\/05\/Captura-de-Pantalla-2023-05-13-a-les-0.01.45-292x300.png 292w\" sizes=\"auto, (max-width: 335px) 100vw, 335px\" \/><\/a><\/figure><\/div>\n<\/div>\n<\/div>\n\n\n\n<div style=\"height:30px\" aria-hidden=\"true\" class=\"wp-block-spacer\"><\/div>\n\n\n\n<div class=\"wp-block-columns alignwide is-layout-flex wp-container-core-columns-is-layout-4 wp-block-columns-is-layout-flex\">\n<div class=\"wp-block-column is-vertically-aligned-center is-layout-flow wp-block-column-is-layout-flow\" style=\"flex-basis:40%\">\n<h3 class=\"has-text-align-left wp-block-heading\">4.Trieu l&#8217;opci\u00f3 <strong>Suprimeix-ho tot<\/strong><\/h3>\n\n\n\n<p class=\"has-text-align-left\">Si teniu dades a l&#8217;equip i no heu fet c\u00f2pia en un dispositiu extern o al n\u00favol, cancel\u00b7leu la recuperaci\u00f3 i feu la c\u00f2pia. <\/p>\n<\/div>\n\n\n\n<div class=\"wp-block-column is-vertically-aligned-center is-layout-flow wp-block-column-is-layout-flow\">\n<figure class=\"wp-block-image size-large vora\"><a href=\"https:\/\/projectes.xtec.cat\/digital\/wp-content\/uploads\/usu2317\/2023\/05\/suprimeix-tot.jpg\"><img loading=\"lazy\" decoding=\"async\" width=\"994\" height=\"530\" src=\"https:\/\/projectes.xtec.cat\/digital\/wp-content\/uploads\/usu2317\/2023\/05\/suprimeix-tot.jpg\" alt=\"\" class=\"wp-image-15493\" srcset=\"https:\/\/projectes.xtec.cat\/digital\/wp-content\/uploads\/usu2317\/2023\/05\/suprimeix-tot.jpg 994w, https:\/\/projectes.xtec.cat\/digital\/wp-content\/uploads\/usu2317\/2023\/05\/suprimeix-tot-300x160.jpg 300w, https:\/\/projectes.xtec.cat\/digital\/wp-content\/uploads\/usu2317\/2023\/05\/suprimeix-tot-768x409.jpg 768w\" sizes=\"auto, (max-width: 994px) 100vw, 994px\" \/><\/a><\/figure>\n<\/div>\n<\/div>\n\n\n\n<div style=\"height:30px\" aria-hidden=\"true\" class=\"wp-block-spacer\"><\/div>\n\n\n\n<div class=\"wp-block-columns alignwide is-layout-flex wp-container-core-columns-is-layout-5 wp-block-columns-is-layout-flex\">\n<div class=\"wp-block-column is-vertically-aligned-center is-layout-flow wp-block-column-is-layout-flow\" style=\"flex-basis:40%\">\n<h3 class=\"has-text-align-left wp-block-heading\">5.Trieu l&#8217;opci\u00f3 <strong>Torna a instal\u00b7lar localment<\/strong><\/h3>\n\n\n\n<p class=\"has-text-align-left\">Si teniu dades a l&#8217;equip i no heu fet c\u00f2pia en un dispositiu extern o al n\u00favol, cancel\u00b7leu la recuperaci\u00f3 i feu la c\u00f2pia. <\/p>\n<\/div>\n\n\n\n<div class=\"wp-block-column is-vertically-aligned-center is-layout-flow wp-block-column-is-layout-flow\">\n<figure class=\"wp-block-image size-large vora\"><a href=\"https:\/\/projectes.xtec.cat\/digital\/wp-content\/uploads\/usu2317\/2023\/05\/com-vols-instalar.jpg\"><img loading=\"lazy\" decoding=\"async\" width=\"990\" height=\"516\" src=\"https:\/\/projectes.xtec.cat\/digital\/wp-content\/uploads\/usu2317\/2023\/05\/com-vols-instalar.jpg\" alt=\"captura de pantalla\" class=\"wp-image-15486\" srcset=\"https:\/\/projectes.xtec.cat\/digital\/wp-content\/uploads\/usu2317\/2023\/05\/com-vols-instalar.jpg 990w, https:\/\/projectes.xtec.cat\/digital\/wp-content\/uploads\/usu2317\/2023\/05\/com-vols-instalar-300x156.jpg 300w, https:\/\/projectes.xtec.cat\/digital\/wp-content\/uploads\/usu2317\/2023\/05\/com-vols-instalar-768x400.jpg 768w\" sizes=\"auto, (max-width: 990px) 100vw, 990px\" \/><\/a><\/figure>\n<\/div>\n<\/div>\n\n\n\n<div style=\"height:30px\" aria-hidden=\"true\" class=\"wp-block-spacer\"><\/div>\n\n\n\n<div class=\"wp-block-columns alignwide is-layout-flex wp-container-core-columns-is-layout-6 wp-block-columns-is-layout-flex\">\n<div class=\"wp-block-column is-vertically-aligned-center is-layout-flow wp-block-column-is-layout-flow\" style=\"flex-basis:40%\">\n<h3 class=\"has-text-align-left wp-block-heading\">6. <strong>No atureu l&#8217;equip<\/strong> durant el proc\u00e9s de restabliment<\/h3>\n\n\n\n<p class=\"has-text-align-left\">El proc\u00e9s inclou varis de reinicis i pot durar <strong>40 minuts o m\u00e9s<\/strong>. <\/p>\n\n\n\n<p class=\"has-text-align-left\">Toca els punts o les fletxes per veure les diferents etapes del proc\u00e9s. <\/p>\n<\/div>\n\n\n\n<div class=\"wp-block-column is-vertically-aligned-center is-layout-flow wp-block-column-is-layout-flow\">\n<div class=\"wp-block-getwid-images-slider has-arrows-inside has-dots-outside has-images-center has-cropped-images\"><div class=\"wp-block-getwid-images-slider__wrapper\" data-effect=\"slide\" data-slides-show=\"1\" data-slides-show-laptop=\"1\" data-slides-show-tablet=\"1\" data-slides-show-mobile=\"1\" data-slides-scroll=\"1\" data-autoplay=\"false\" data-autoplay-speed=\"6000\" data-infinite=\"false\" data-animation-speed=\"800\" data-center-mode=\"false\" data-variable-width=\"false\" data-arrows=\"inside\" data-dots=\"outside\" data-spacing=\"none\"><div class=\"wp-block-getwid-images-slider__item\"><a href=\"https:\/\/projectes.xtec.cat\/digital\/wp-content\/uploads\/usu2317\/2023\/05\/recuperacio\u0301-1.jpg\"><figure><img loading=\"lazy\" decoding=\"async\" width=\"1511\" height=\"791\" src=\"https:\/\/projectes.xtec.cat\/digital\/wp-content\/uploads\/usu2317\/2023\/05\/recuperacio\u0301-1.jpg\" data-id=\"15509\" data-link=\"https:\/\/projectes.xtec.cat\/digital\/equipaments-i-infraestructures\/ordinadors\/restabliment-dequips-del-pedc\/attachment\/recuperacio-1\/\" data-original-link=\"https:\/\/projectes.xtec.cat\/digital\/wp-content\/uploads\/usu2317\/2023\/05\/recuperacio\u0301-1.jpg\" class=\"wp-block-getwid-images-slider__image wp-image-15509\" srcset=\"https:\/\/projectes.xtec.cat\/digital\/wp-content\/uploads\/usu2317\/2023\/05\/recuperacio\u0301-1.jpg 1511w, https:\/\/projectes.xtec.cat\/digital\/wp-content\/uploads\/usu2317\/2023\/05\/recuperacio\u0301-1-300x157.jpg 300w, https:\/\/projectes.xtec.cat\/digital\/wp-content\/uploads\/usu2317\/2023\/05\/recuperacio\u0301-1-1024x536.jpg 1024w, https:\/\/projectes.xtec.cat\/digital\/wp-content\/uploads\/usu2317\/2023\/05\/recuperacio\u0301-1-768x402.jpg 768w\" sizes=\"auto, (max-width: 1511px) 100vw, 1511px\" \/><\/figure><\/a><\/div><div class=\"wp-block-getwid-images-slider__item\"><a href=\"https:\/\/projectes.xtec.cat\/digital\/wp-content\/uploads\/usu2317\/2023\/05\/recuperacio-2.jpg\"><figure><img loading=\"lazy\" decoding=\"async\" width=\"1299\" height=\"693\" src=\"https:\/\/projectes.xtec.cat\/digital\/wp-content\/uploads\/usu2317\/2023\/05\/recuperacio-2.jpg\" data-id=\"15512\" data-link=\"https:\/\/projectes.xtec.cat\/digital\/equipaments-i-infraestructures\/ordinadors\/restabliment-dequips-del-pedc\/attachment\/recuperacio-2\/\" data-original-link=\"https:\/\/projectes.xtec.cat\/digital\/wp-content\/uploads\/usu2317\/2023\/05\/recuperacio-2.jpg\" class=\"wp-block-getwid-images-slider__image wp-image-15512\" srcset=\"https:\/\/projectes.xtec.cat\/digital\/wp-content\/uploads\/usu2317\/2023\/05\/recuperacio-2.jpg 1299w, https:\/\/projectes.xtec.cat\/digital\/wp-content\/uploads\/usu2317\/2023\/05\/recuperacio-2-300x160.jpg 300w, https:\/\/projectes.xtec.cat\/digital\/wp-content\/uploads\/usu2317\/2023\/05\/recuperacio-2-1024x546.jpg 1024w, https:\/\/projectes.xtec.cat\/digital\/wp-content\/uploads\/usu2317\/2023\/05\/recuperacio-2-768x410.jpg 768w\" sizes=\"auto, (max-width: 1299px) 100vw, 1299px\" \/><\/figure><\/a><\/div><div class=\"wp-block-getwid-images-slider__item\"><a href=\"https:\/\/projectes.xtec.cat\/digital\/wp-content\/uploads\/usu2317\/2023\/05\/recuperacio\u0301-3.jpg\"><figure><img loading=\"lazy\" decoding=\"async\" width=\"1471\" height=\"769\" src=\"https:\/\/projectes.xtec.cat\/digital\/wp-content\/uploads\/usu2317\/2023\/05\/recuperacio\u0301-3.jpg\" data-id=\"15511\" data-link=\"https:\/\/projectes.xtec.cat\/digital\/equipaments-i-infraestructures\/ordinadors\/restabliment-dequips-del-pedc\/attachment\/recuperacio-3\/\" data-original-link=\"https:\/\/projectes.xtec.cat\/digital\/wp-content\/uploads\/usu2317\/2023\/05\/recuperacio\u0301-3.jpg\" class=\"wp-block-getwid-images-slider__image wp-image-15511\" srcset=\"https:\/\/projectes.xtec.cat\/digital\/wp-content\/uploads\/usu2317\/2023\/05\/recuperacio\u0301-3.jpg 1471w, https:\/\/projectes.xtec.cat\/digital\/wp-content\/uploads\/usu2317\/2023\/05\/recuperacio\u0301-3-300x157.jpg 300w, https:\/\/projectes.xtec.cat\/digital\/wp-content\/uploads\/usu2317\/2023\/05\/recuperacio\u0301-3-1024x535.jpg 1024w, https:\/\/projectes.xtec.cat\/digital\/wp-content\/uploads\/usu2317\/2023\/05\/recuperacio\u0301-3-768x401.jpg 768w\" sizes=\"auto, (max-width: 1471px) 100vw, 1471px\" \/><\/figure><\/a><\/div><div class=\"wp-block-getwid-images-slider__item\"><a href=\"https:\/\/projectes.xtec.cat\/digital\/wp-content\/uploads\/usu2317\/2023\/05\/recuperacio\u0301-4.jpg\"><figure><img loading=\"lazy\" decoding=\"async\" width=\"1117\" height=\"561\" src=\"https:\/\/projectes.xtec.cat\/digital\/wp-content\/uploads\/usu2317\/2023\/05\/recuperacio\u0301-4.jpg\" data-id=\"15510\" data-link=\"https:\/\/projectes.xtec.cat\/digital\/equipaments-i-infraestructures\/ordinadors\/restabliment-dequips-del-pedc\/attachment\/recuperacio-4\/\" data-original-link=\"https:\/\/projectes.xtec.cat\/digital\/wp-content\/uploads\/usu2317\/2023\/05\/recuperacio\u0301-4.jpg\" class=\"wp-block-getwid-images-slider__image wp-image-15510\" srcset=\"https:\/\/projectes.xtec.cat\/digital\/wp-content\/uploads\/usu2317\/2023\/05\/recuperacio\u0301-4.jpg 1117w, https:\/\/projectes.xtec.cat\/digital\/wp-content\/uploads\/usu2317\/2023\/05\/recuperacio\u0301-4-300x151.jpg 300w, https:\/\/projectes.xtec.cat\/digital\/wp-content\/uploads\/usu2317\/2023\/05\/recuperacio\u0301-4-1024x514.jpg 1024w, https:\/\/projectes.xtec.cat\/digital\/wp-content\/uploads\/usu2317\/2023\/05\/recuperacio\u0301-4-768x386.jpg 768w\" sizes=\"auto, (max-width: 1117px) 100vw, 1117px\" \/><\/figure><\/a><\/div><div class=\"wp-block-getwid-images-slider__item\"><a href=\"https:\/\/projectes.xtec.cat\/digital\/wp-content\/uploads\/usu2317\/2023\/05\/recuperacio\u0301-5.jpg\"><figure><img loading=\"lazy\" decoding=\"async\" width=\"953\" height=\"524\" src=\"https:\/\/projectes.xtec.cat\/digital\/wp-content\/uploads\/usu2317\/2023\/05\/recuperacio\u0301-5.jpg\" data-id=\"15516\" data-link=\"https:\/\/projectes.xtec.cat\/digital\/equipaments-i-infraestructures\/ordinadors\/restabliment-dequips-del-pedc\/attachment\/recuperacio-5\/\" data-original-link=\"https:\/\/projectes.xtec.cat\/digital\/wp-content\/uploads\/usu2317\/2023\/05\/recuperacio\u0301-5.jpg\" class=\"wp-block-getwid-images-slider__image wp-image-15516\" srcset=\"https:\/\/projectes.xtec.cat\/digital\/wp-content\/uploads\/usu2317\/2023\/05\/recuperacio\u0301-5.jpg 953w, https:\/\/projectes.xtec.cat\/digital\/wp-content\/uploads\/usu2317\/2023\/05\/recuperacio\u0301-5-300x165.jpg 300w, https:\/\/projectes.xtec.cat\/digital\/wp-content\/uploads\/usu2317\/2023\/05\/recuperacio\u0301-5-768x422.jpg 768w\" sizes=\"auto, (max-width: 953px) 100vw, 953px\" \/><\/figure><\/a><\/div><\/div><\/div>\n<\/div>\n<\/div>\n\n\n\n<div style=\"height:30px\" aria-hidden=\"true\" class=\"wp-block-spacer\"><\/div>\n\n\n\n<div class=\"wp-block-getwid-section alignfull alignfull\"><div class=\"wp-block-getwid-section__wrapper\"><div class=\"wp-block-getwid-section__inner-wrapper\"><div class=\"wp-block-getwid-section__background-holder\"><div class=\"wp-block-getwid-section__background has-background has-ast-global-color-4-background-color\"><\/div><div class=\"wp-block-getwid-section__foreground\"><\/div><\/div><div class=\"wp-block-getwid-section__content\"><div class=\"wp-block-getwid-section__inner-content\">\n<div style=\"height:30px\" aria-hidden=\"true\" class=\"wp-block-spacer\"><\/div>\n\n\n\n<p class=\"has-medium-font-size\">Una vegada restablert, l&#8217;equip est\u00e0 net de qualsevol dada de l&#8217;antic usuari i est\u00e0 preparat per ser utilitzat per un nou usuari. La primera vegada que s&#8217;inicia sessi\u00f3 en un equip restablert, es produeix la configuraci\u00f3 inicial i l&#8217;enrolat de l&#8217;equip en el directori de Microsoft Azure AD. El nou usuari es converteix en <a href=\"https:\/\/projectes.xtec.cat\/digital\/directori\/que-es-el-primary-user-o-usuari-principal\/\" data-type=\"URL\" data-id=\"https:\/\/projectes.xtec.cat\/digital\/directori\/que-es-el-primary-user-o-usuari-principal\/\" target=\"_blank\" rel=\"noreferrer noopener\">usuari principal<\/a> (primary user) de l&#8217;equip, el que li dona alguns privilegis extra respecte a un usuari normal. <\/p>\n\n\n\n<div class=\"wp-block-buttons is-content-justification-center is-layout-flex wp-block-buttons-is-layout-flex\">\n<div class=\"wp-block-button is-style-outline is-style-outline--1\"><a class=\"wp-block-button__link\" href=\"https:\/\/projectes.xtec.cat\/digital\/equipaments-i-infraestructures\/ordinadors\/enrolat-dun-equip-windows\/\" target=\"_blank\" rel=\"noreferrer noopener\">Anar al procediment d&#8217;enrolat<\/a><\/div>\n<\/div>\n\n\n\n<div style=\"height:100px\" aria-hidden=\"true\" class=\"wp-block-spacer\"><\/div>\n<\/div><\/div><\/div><\/div><\/div>\n","protected":false},"excerpt":{"rendered":"<p>El procediment de restabliment inclou l&#8217;esborrat de totes les dades de l&#8217;equip i la reinstal\u00b7laci\u00f3 del sistema operatiu. \u00c9s el procediment recomanat quan un equip t\u00e9 un baix rendiment (lentitud, es queda congelat, etc) o quan l&#8217;alumne el deixa de fer servir definitivament (canvi de centre, finalitzaci\u00f3 dels estudis, etc.). Aquest proc\u00e9s tamb\u00e9 s&#8217;anomena &#8220;Recuperaci\u00f3&#8221; [&hellip;]<\/p>\n","protected":false},"author":1,"featured_media":0,"parent":12586,"menu_order":0,"comment_status":"closed","ping_status":"close","template":"","meta":{"site-sidebar-layout":"default","site-content-layout":"","ast-site-content-layout":"","site-content-style":"default","site-sidebar-style":"default","ast-global-header-display":"","ast-banner-title-visibility":"","ast-main-header-display":"","ast-hfb-above-header-display":"","ast-hfb-below-header-display":"","ast-hfb-mobile-header-display":"","site-post-title":"","ast-breadcrumbs-content":"","ast-featured-img":"","footer-sml-layout":"","theme-transparent-header-meta":"","adv-header-id-meta":"","stick-header-meta":"","header-above-stick-meta":"","header-main-stick-meta":"","header-below-stick-meta":"","astra-migrate-meta-layouts":"default","ast-page-background-enabled":"default","ast-page-background-meta":{"desktop":{"background-color":"var(--ast-global-color-4)","background-image":"","background-repeat":"repeat","background-position":"center center","background-size":"auto","background-attachment":"scroll","background-type":"","background-media":"","overlay-type":"","overlay-color":"","overlay-opacity":"","overlay-gradient":""},"tablet":{"background-color":"","background-image":"","background-repeat":"repeat","background-position":"center center","background-size":"auto","background-attachment":"scroll","background-type":"","background-media":"","overlay-type":"","overlay-color":"","overlay-opacity":"","overlay-gradient":""},"mobile":{"background-color":"","background-image":"","background-repeat":"repeat","background-position":"center center","background-size":"auto","background-attachment":"scroll","background-type":"","background-media":"","overlay-type":"","overlay-color":"","overlay-opacity":"","overlay-gradient":""}},"ast-content-background-meta":{"desktop":{"background-color":"var(--ast-global-color-5)","background-image":"","background-repeat":"repeat","background-position":"center center","background-size":"auto","background-attachment":"scroll","background-type":"","background-media":"","overlay-type":"","overlay-color":"","overlay-opacity":"","overlay-gradient":""},"tablet":{"background-color":"var(--ast-global-color-5)","background-image":"","background-repeat":"repeat","background-position":"center center","background-size":"auto","background-attachment":"scroll","background-type":"","background-media":"","overlay-type":"","overlay-color":"","overlay-opacity":"","overlay-gradient":""},"mobile":{"background-color":"var(--ast-global-color-5)","background-image":"","background-repeat":"repeat","background-position":"center center","background-size":"auto","background-attachment":"scroll","background-type":"","background-media":"","overlay-type":"","overlay-color":"","overlay-opacity":"","overlay-gradient":""}},"footnotes":""},"class_list":["post-15412","page","type-page","status-publish","hentry"],"post_mailing_queue_ids":[],"_links":{"self":[{"href":"https:\/\/projectes.xtec.cat\/digital\/wp-json\/wp\/v2\/pages\/15412","targetHints":{"allow":["GET"]}}],"collection":[{"href":"https:\/\/projectes.xtec.cat\/digital\/wp-json\/wp\/v2\/pages"}],"about":[{"href":"https:\/\/projectes.xtec.cat\/digital\/wp-json\/wp\/v2\/types\/page"}],"author":[{"embeddable":true,"href":"https:\/\/projectes.xtec.cat\/digital\/wp-json\/wp\/v2\/users\/1"}],"replies":[{"embeddable":true,"href":"https:\/\/projectes.xtec.cat\/digital\/wp-json\/wp\/v2\/comments?post=15412"}],"version-history":[{"count":3,"href":"https:\/\/projectes.xtec.cat\/digital\/wp-json\/wp\/v2\/pages\/15412\/revisions"}],"predecessor-version":[{"id":15650,"href":"https:\/\/projectes.xtec.cat\/digital\/wp-json\/wp\/v2\/pages\/15412\/revisions\/15650"}],"up":[{"embeddable":true,"href":"https:\/\/projectes.xtec.cat\/digital\/wp-json\/wp\/v2\/pages\/12586"}],"wp:attachment":[{"href":"https:\/\/projectes.xtec.cat\/digital\/wp-json\/wp\/v2\/media?parent=15412"}],"curies":[{"name":"wp","href":"https:\/\/api.w.org\/{rel}","templated":true}]}}