{"id":15845,"date":"2023-05-25T17:18:12","date_gmt":"2023-05-25T15:18:12","guid":{"rendered":"https:\/\/projectes.xtec.cat\/digital\/?page_id=15845"},"modified":"2024-12-12T11:13:58","modified_gmt":"2024-12-12T10:13:58","slug":"seguiment-dels-equips-chromebook","status":"publish","type":"page","link":"https:\/\/projectes.xtec.cat\/digital\/perfils\/coordinacio-digital\/seguiment-dels-equips-chromebook\/","title":{"rendered":"Seguiment dels equips Chromebook"},"content":{"rendered":"\n<div class=\"wp-block-columns alignwide is-layout-flex wp-container-core-columns-is-layout-1 wp-block-columns-is-layout-flex\">\n<div class=\"wp-block-column is-layout-flow wp-block-column-is-layout-flow\" style=\"flex-basis:66.66%\">\n<p>El Departament d&#8217;Educaci\u00f3 fa un seguiment d&#8217;\u00fas dels dispositius lliurats en el marc del Pla d&#8217;Educaci\u00f3 Digital. Aquest seguiment \u00e9s necessari per satisfer els requisits operatius, d&#8217;inventari i d&#8217;auditoria fixats a la normativa dels fons europeus que han perm\u00e9s el desplegament. El seguiment es basa en el registre dels inicis de sessi\u00f3 dels equips. Per poder veure aquesta informaci\u00f3 es necessita:<\/p>\n<\/div>\n\n\n\n<div class=\"wp-block-column is-layout-flow wp-block-column-is-layout-flow\" style=\"flex-basis:20%\">\n<figure class=\"wp-block-image size-large is-resized\"><a href=\"https:\/\/projectes.xtec.cat\/digital\/wp-content\/uploads\/usu2317\/2023\/03\/chromebook.jpg\"><img loading=\"lazy\" decoding=\"async\" width=\"988\" height=\"602\" src=\"https:\/\/projectes.xtec.cat\/digital\/wp-content\/uploads\/usu2317\/2023\/03\/chromebook.jpg\" alt=\"chromebook\" class=\"wp-image-13286\" style=\"width:244px;height:148px\" srcset=\"https:\/\/projectes.xtec.cat\/digital\/wp-content\/uploads\/usu2317\/2023\/03\/chromebook.jpg 988w, https:\/\/projectes.xtec.cat\/digital\/wp-content\/uploads\/usu2317\/2023\/03\/chromebook-300x183.jpg 300w, https:\/\/projectes.xtec.cat\/digital\/wp-content\/uploads\/usu2317\/2023\/03\/chromebook-768x468.jpg 768w\" sizes=\"auto, (max-width: 988px) 100vw, 988px\" \/><\/a><\/figure>\n<\/div>\n<\/div>\n\n\n\n<div class=\"wp-block-getwid-anchor acces-gws\"><\/div>\n\n\n\n<h2 class=\"wp-block-heading alignwide\">1. Donar acc\u00e9s al Google Workspace del centre<\/h2>\n\n\n\n<p>L&#8217;acc\u00e9s \u00e9s necessari per poder consultar els inicis de sessi\u00f3 i justificar l&#8217;\u00fas dels equips. Per donar acc\u00e9s al Departament d&#8217;Educaci\u00f3 hi ha 2 opcions: <\/p>\n\n\n\n<div class=\"wp-block-columns alignwide is-layout-flex wp-container-core-columns-is-layout-2 wp-block-columns-is-layout-flex\">\n<div class=\"wp-block-column caixa is-layout-flow wp-block-column-is-layout-flow\">\n<h3 class=\"wp-block-heading\">A. Com a usuari amb drets d&#8217;administraci\u00f3<\/h3>\n\n\n\n<p>Si opteu per aquesta possibilitat, haureu d&#8217;accedir a la consola d&#8217;administraci\u00f3 i: <\/p>\n\n\n\n<ol class=\"wp-block-list\">\n<li>Crear un usuari nou amb les caracter\u00edstiques seg\u00fcents:<\/li>\n<\/ol>\n\n\n\n<ul class=\"wp-block-list\">\n<li><strong>Nom<\/strong>: Departament<\/li>\n\n\n\n<li><strong>Cognoms<\/strong>: d&#8217;Educaci\u00f3<\/li>\n\n\n\n<li><strong>Correu electr\u00f2nic principal<\/strong>: departamenteducacio@[dominidelcentre]<br><em>ex. departamenteducacio@institutsabadell.cat<\/em><\/li>\n\n\n\n<li><strong>Adre\u00e7a de correu alternativa<\/strong>: cloud_pladigitalcentres.educacio@gencat.cat<\/li>\n\n\n\n<li><strong>Unitat organitzativa<\/strong>: Seleccioneu la unitat arrel.<\/li>\n<\/ul>\n\n\n\n<ol class=\"wp-block-list\" start=\"2\">\n<li>A <em>Gestionar contrasenya<\/em> escolliu <strong>Crear contrasenya<\/strong> i definiu una contrasenya segura (8 d\u00edgits amb n\u00fameros, car\u00e0cters, alguna maj\u00fascula i signes de puntuaci\u00f3).<br>\u26a0\ufe0f <mark style=\"background-color:#f9ff00\" class=\"has-inline-color has-ast-global-color-1-color\"><strong>No<\/strong> utilitzeu l&#8217;opci\u00f3 de generar una contrasenya autom\u00e0ticament.<\/mark><\/li>\n\n\n\n<li>Busqueu l&#8217;usuari &#8220;Departament d&#8217;Educaci\u00f3&#8221; al directori d&#8217;usuaris, feu clic per editar-lo, busqueu la secci\u00f3 &#8220;<em>Privilegis i rols d&#8217;administraci\u00f3<\/em>&#8221; (cap a la meitat de la p\u00e0gina), feu clic a &#8220;<em>Assignar rols<\/em>&#8220;, marqueu l&#8217;opci\u00f3 &#8220;<em>Superadministrador<\/em>&#8221; i feu clic a <strong>GUARDAR<\/strong>.<\/li>\n\n\n\n<li>Finalment, envieu un correu electr\u00f2nic a cloud_pladigitalcentres.educacio@gencat.cat amb la seg\u00fcent informaci\u00f3: \n<ul class=\"wp-block-list\">\n<li><strong>Nom del centre:<\/strong>&nbsp;[Escriu el nom del centre]<\/li>\n\n\n\n<li><strong>Domini del centre:<\/strong> [ Escriu el domini del vostre centre]<\/li>\n\n\n\n<li><strong>Codi del centre:<\/strong>&nbsp;[Escriu el codi del centre]<\/li>\n\n\n\n<li><strong>Compte:<\/strong>&nbsp;[departamenteducacio@[dominidelcentre]]<\/li>\n\n\n\n<li><strong>Contrasenya<\/strong>: [Contrasenya que has definit en el pas anterior]<\/li>\n<\/ul>\n<\/li>\n<\/ol>\n\n\n\n<p class=\"has-background\" style=\"background-color:#fde6e6\">\ud83d\udc49 <strong>Aquest usuari s&#8217;utilitzar\u00e0 \u00fanicament per recollir les dades d&#8217;\u00fas dels dispositius Chromebook<\/strong>. El tractament de les dades recollides el faran sempre empreses autoritzades pel Departament d&#8217;Educaci\u00f3, en l&#8217;\u00e0mbit de les bases de dades d&#8217;alumnat i professorat registrades davant l&#8217;Autoritat Catalana de Protecci\u00f3 de Dades, i la cust\u00f2dia de les credencials d&#8217;acc\u00e9s es far\u00e0 d&#8217;acord amb els procediments de seguretat establerts per als prove\u00efdors de serveis TIC a la Generalitat de Catalunya.<\/p>\n<\/div>\n\n\n\n<div class=\"wp-block-column caixa is-layout-flow wp-block-column-is-layout-flow\">\n<h3 class=\"wp-block-heading\">B. Com a distribu\u00efdor (Reseller)<\/h3>\n\n\n\n<p class=\"has-background\" style=\"background-color:#fde6e6\"><strong>\u26a0\ufe0f <\/strong>Google nom\u00e9s contempla l&#8217;exist\u00e8ncia d&#8217;un \u00fanic distribu\u00efdor (reseller) per domini. Si teniu serveis o llic\u00e8ncies adquirides a banda (de les proporcionades pel Departament d&#8217;Ensenyament) \u00e9s probable que ja tingueu un distribu\u00efdor i haur\u00edeu de triar l&#8217;opci\u00f3 B (Com a usuari amb drets d&#8217;administraci\u00f3)<\/p>\n\n\n\n<ol class=\"wp-block-list\">\n<li>Accedir a aquest enlla\u00e7 amb un usuari superadministrador de la vostra consola <em>G-Suite<\/em>:<br><a href=\"https:\/\/admin.google.com\/ac\/billing\/transfertoken\">https:\/\/admin.google.com\/ac\/billing\/transfertoken<br><\/a><\/li>\n\n\n\n<li>Llegir els termes d&#8217;\u00fas i marcar l&#8217;opci\u00f3 &#8220;<em>He llegit i accepto els Google Workspace, Supplemental Terms and Conditions for Google Workspace Free Trial, Google Workspace<\/em>&#8220;. S\u00f3n les mateixes condicions que vau acceptar en fer el registre de <em>G-Suite for Education<\/em>.<br><\/li>\n\n\n\n<li>Introduir l&#8217;identificador p\u00fablic del distribu\u00efdor: <strong>C04366cnl<br><\/strong><\/li>\n\n\n\n<li>Fer clic a &#8220;<em>CONFIRMAR IDENTIFICADOR DEL DISTRIBU\u00cfDOR<\/em>&#8220;<br><\/li>\n\n\n\n<li>Us mostrar\u00e0 un codi format un conjunt de lletres i n\u00fameros (<em>token<\/em>), que haureu de copiar i enviar per correu electr\u00f2nic a l&#8217;adre\u00e7a:<br><strong>cloud_pladigitalcentres.educacio@gencat.cat<\/strong>.<br>Al mateix missatge de correu electr\u00f2nic heu d&#8217;indicar tamb\u00e9 el <strong>domini principal<\/strong> de la vostra consola G-Suite (per exemple: &#8220;nominstitut.cat&#8221;) i una <strong>adre\u00e7a de correu electr\u00f2nic de contacte<\/strong> (per exemple: &#8220;admin@nominstitut.cat&#8221;), que s&#8217;utilitzar\u00e0 per a notificacions relacionades amb l&#8217;administraci\u00f3 de la consola <em>G-Suite<\/em>.<\/li>\n<\/ol>\n\n\n\n<p>Un cop rebuda la designaci\u00f3 de distribu\u00efdor, l&#8217;oficina t\u00e8cnica crear\u00e0 un usuari al domini Workspace del vostre centre amb l&#8217;identificador <strong>departamenteducacio<\/strong>, amb els permisos necessaris per accedir als registres d&#8217;\u00fas dels dispositius Chromebook.<\/p>\n<\/div>\n<\/div>\n\n\n\n<div style=\"height:50px\" aria-hidden=\"true\" class=\"wp-block-spacer\"><\/div>\n\n\n\n<div class=\"wp-block-getwid-anchor\" id=\"idi\"><\/div>\n\n\n\n<h2 class=\"wp-block-heading alignwide\">2. Informar de l&#8217;identificador Google Workspace dels alumnes a l&#8217;IDI<\/h2>\n\n\n\n<div style=\"height:20px\" aria-hidden=\"true\" class=\"wp-block-spacer\"><\/div>\n\n\n\n<div class=\"wp-block-columns alignwide are-vertically-aligned-top is-layout-flex wp-container-core-columns-is-layout-3 wp-block-columns-is-layout-flex\">\n<div class=\"wp-block-column is-vertically-aligned-top is-layout-flow wp-block-column-is-layout-flow\" style=\"flex-basis:60%\">\n<p class=\"has-text-align-left\">Cada alumne que utilitzi un equip Chromebook disposa d&#8217;un usuari google de centre. Cal vincular aquest identificador amb l&#8217;identificador IDI de l&#8217;alumne. <\/p>\n\n\n\n<p class=\"has-text-align-left\">Aix\u00f2 \u00e9s pot fer dins de l&#8217;<a rel=\"noreferrer noopener\" href=\"https:\/\/projectes.xtec.cat\/digital\/directori\/idi\/\" target=\"_blank\">aplicaci\u00f3 IDI<\/a> a <strong>Alumnes<\/strong>, apartat <strong>Detall alumnes<\/strong> i cal informar-ho a <strong>Identificador Google Suite<\/strong>.<\/p>\n<\/div>\n\n\n\n<div class=\"wp-block-column is-vertically-aligned-top is-layout-flow wp-block-column-is-layout-flow\" style=\"flex-basis:66.66%\">\n<figure class=\"wp-block-image size-large is-resized vora\"><a href=\"https:\/\/projectes.xtec.cat\/digital\/wp-content\/uploads\/usu2317\/2023\/05\/id-gsuite.png\"><img loading=\"lazy\" decoding=\"async\" width=\"607\" height=\"582\" src=\"https:\/\/projectes.xtec.cat\/digital\/wp-content\/uploads\/usu2317\/2023\/05\/id-gsuite.png\" alt=\"captura g-suite\" class=\"wp-image-15867\" style=\"width:502px;height:481px\" srcset=\"https:\/\/projectes.xtec.cat\/digital\/wp-content\/uploads\/usu2317\/2023\/05\/id-gsuite.png 607w, https:\/\/projectes.xtec.cat\/digital\/wp-content\/uploads\/usu2317\/2023\/05\/id-gsuite-300x288.png 300w\" sizes=\"auto, (max-width: 607px) 100vw, 607px\" \/><\/a><\/figure>\n<\/div>\n<\/div>\n\n\n\n<div style=\"height:100px\" aria-hidden=\"true\" class=\"wp-block-spacer\"><\/div>\n","protected":false},"excerpt":{"rendered":"<p>El Departament d&#8217;Educaci\u00f3 fa un seguiment d&#8217;\u00fas dels dispositius lliurats en el marc del Pla d&#8217;Educaci\u00f3 Digital. Aquest seguiment \u00e9s necessari per satisfer els requisits operatius, d&#8217;inventari i d&#8217;auditoria fixats a la normativa dels fons europeus que han perm\u00e9s el desplegament. El seguiment es basa en el registre dels inicis de sessi\u00f3 dels equips. Per [&hellip;]<\/p>\n","protected":false},"author":1,"featured_media":0,"parent":13388,"menu_order":0,"comment_status":"closed","ping_status":"close","template":"","meta":{"site-sidebar-layout":"default","site-content-layout":"","ast-site-content-layout":"default","site-content-style":"default","site-sidebar-style":"default","ast-global-header-display":"","ast-banner-title-visibility":"","ast-main-header-display":"","ast-hfb-above-header-display":"","ast-hfb-below-header-display":"","ast-hfb-mobile-header-display":"","site-post-title":"","ast-breadcrumbs-content":"","ast-featured-img":"","footer-sml-layout":"","theme-transparent-header-meta":"","adv-header-id-meta":"","stick-header-meta":"","header-above-stick-meta":"","header-main-stick-meta":"","header-below-stick-meta":"","astra-migrate-meta-layouts":"set","ast-page-background-enabled":"default","ast-page-background-meta":{"desktop":{"background-color":"var(--ast-global-color-4)","background-image":"","background-repeat":"repeat","background-position":"center center","background-size":"auto","background-attachment":"scroll","background-type":"","background-media":"","overlay-type":"","overlay-color":"","overlay-opacity":"","overlay-gradient":""},"tablet":{"background-color":"","background-image":"","background-repeat":"repeat","background-position":"center center","background-size":"auto","background-attachment":"scroll","background-type":"","background-media":"","overlay-type":"","overlay-color":"","overlay-opacity":"","overlay-gradient":""},"mobile":{"background-color":"","background-image":"","background-repeat":"repeat","background-position":"center center","background-size":"auto","background-attachment":"scroll","background-type":"","background-media":"","overlay-type":"","overlay-color":"","overlay-opacity":"","overlay-gradient":""}},"ast-content-background-meta":{"desktop":{"background-color":"var(--ast-global-color-5)","background-image":"","background-repeat":"repeat","background-position":"center center","background-size":"auto","background-attachment":"scroll","background-type":"","background-media":"","overlay-type":"","overlay-color":"","overlay-opacity":"","overlay-gradient":""},"tablet":{"background-color":"var(--ast-global-color-5)","background-image":"","background-repeat":"repeat","background-position":"center center","background-size":"auto","background-attachment":"scroll","background-type":"","background-media":"","overlay-type":"","overlay-color":"","overlay-opacity":"","overlay-gradient":""},"mobile":{"background-color":"var(--ast-global-color-5)","background-image":"","background-repeat":"repeat","background-position":"center center","background-size":"auto","background-attachment":"scroll","background-type":"","background-media":"","overlay-type":"","overlay-color":"","overlay-opacity":"","overlay-gradient":""}},"footnotes":""},"class_list":["post-15845","page","type-page","status-publish","hentry"],"post_mailing_queue_ids":[],"_links":{"self":[{"href":"https:\/\/projectes.xtec.cat\/digital\/wp-json\/wp\/v2\/pages\/15845","targetHints":{"allow":["GET"]}}],"collection":[{"href":"https:\/\/projectes.xtec.cat\/digital\/wp-json\/wp\/v2\/pages"}],"about":[{"href":"https:\/\/projectes.xtec.cat\/digital\/wp-json\/wp\/v2\/types\/page"}],"author":[{"embeddable":true,"href":"https:\/\/projectes.xtec.cat\/digital\/wp-json\/wp\/v2\/users\/1"}],"replies":[{"embeddable":true,"href":"https:\/\/projectes.xtec.cat\/digital\/wp-json\/wp\/v2\/comments?post=15845"}],"version-history":[{"count":6,"href":"https:\/\/projectes.xtec.cat\/digital\/wp-json\/wp\/v2\/pages\/15845\/revisions"}],"predecessor-version":[{"id":33163,"href":"https:\/\/projectes.xtec.cat\/digital\/wp-json\/wp\/v2\/pages\/15845\/revisions\/33163"}],"up":[{"embeddable":true,"href":"https:\/\/projectes.xtec.cat\/digital\/wp-json\/wp\/v2\/pages\/13388"}],"wp:attachment":[{"href":"https:\/\/projectes.xtec.cat\/digital\/wp-json\/wp\/v2\/media?parent=15845"}],"curies":[{"name":"wp","href":"https:\/\/api.w.org\/{rel}","templated":true}]}}