{"id":16015,"date":"2023-05-27T15:29:08","date_gmt":"2023-05-27T13:29:08","guid":{"rendered":"https:\/\/projectes.xtec.cat\/digital\/?page_id=16015"},"modified":"2023-11-27T12:20:11","modified_gmt":"2023-11-27T11:20:11","slug":"actualitzacio-dels-equips-windows","status":"publish","type":"page","link":"https:\/\/projectes.xtec.cat\/digital\/equipaments-i-infraestructures\/ordinadors\/actualitzacio-dels-equips-windows\/","title":{"rendered":"Actualitzaci\u00f3 dels equips Windows"},"content":{"rendered":"\n<div style=\"height:30px\" aria-hidden=\"true\" class=\"wp-block-spacer\"><\/div>\n\n\n\n<div class=\"wp-block-columns alignwide is-layout-flex wp-container-core-columns-is-layout-1 wp-block-columns-is-layout-flex\">\n<div class=\"wp-block-column is-vertically-aligned-center is-layout-flow wp-block-column-is-layout-flow\" style=\"flex-basis:40%\">\n<ol class=\"wp-block-list\"><li>Aneu al cercador de Windows i escriviu &#8220;<strong>buscar actualitzacions<\/strong>&#8220;. Aix\u00f2 iniciar\u00e0 l&#8217;aplicaci\u00f3 <strong>Windows Update<\/strong> que us informar\u00e0 de l&#8217;estat de les actualitzacions i si no est\u00e0 actualitzat, us proposar\u00e0 que actualitzeu.<\/li><\/ol>\n<\/div>\n\n\n\n<div class=\"wp-block-column is-layout-flow wp-block-column-is-layout-flow\">\n<div class=\"wp-block-image vora\"><figure class=\"alignleft size-large is-resized\"><a href=\"https:\/\/projectes.xtec.cat\/digital\/wp-content\/uploads\/usu2317\/2023\/05\/win-update.png\"><img loading=\"lazy\" decoding=\"async\" src=\"https:\/\/projectes.xtec.cat\/digital\/wp-content\/uploads\/usu2317\/2023\/05\/win-update-507x1024.png\" alt=\"captura de windows update\" class=\"wp-image-16043\" width=\"253\" height=\"511\" srcset=\"https:\/\/projectes.xtec.cat\/digital\/wp-content\/uploads\/usu2317\/2023\/05\/win-update-507x1024.png 507w, https:\/\/projectes.xtec.cat\/digital\/wp-content\/uploads\/usu2317\/2023\/05\/win-update-149x300.png 149w, https:\/\/projectes.xtec.cat\/digital\/wp-content\/uploads\/usu2317\/2023\/05\/win-update.png 527w\" sizes=\"auto, (max-width: 253px) 100vw, 253px\" \/><\/a><\/figure><\/div>\n\n\n\n<div class=\"wp-block-image vora\"><figure class=\"alignleft size-large is-resized\"><a href=\"https:\/\/projectes.xtec.cat\/digital\/wp-content\/uploads\/usu2317\/2023\/05\/update.png\"><img loading=\"lazy\" decoding=\"async\" src=\"https:\/\/projectes.xtec.cat\/digital\/wp-content\/uploads\/usu2317\/2023\/05\/update.png\" alt=\"update\" class=\"wp-image-16049\" width=\"296\" height=\"311\" srcset=\"https:\/\/projectes.xtec.cat\/digital\/wp-content\/uploads\/usu2317\/2023\/05\/update.png 916w, https:\/\/projectes.xtec.cat\/digital\/wp-content\/uploads\/usu2317\/2023\/05\/update-768x810.png 768w\" sizes=\"auto, (max-width: 296px) 100vw, 296px\" \/><\/a><\/figure><\/div>\n<\/div>\n<\/div>\n\n\n\n<div style=\"height:90px\" aria-hidden=\"true\" class=\"wp-block-spacer\"><\/div>\n\n\n\n<div class=\"wp-block-columns alignwide is-layout-flex wp-container-core-columns-is-layout-2 wp-block-columns-is-layout-flex\">\n<div class=\"wp-block-column is-layout-flow wp-block-column-is-layout-flow\" style=\"flex-basis:40%\">\n<p>2. L&#8217;actualitzaci\u00f3 pot trigar for\u00e7a estona depenent de la mida dels paquets pendents a instal\u00b7lar i de l&#8217;estabilitat i capacitat de la xarxa. <\/p>\n\n\n\n<ul class=\"wp-block-list\"><li>Planifiqueu l&#8217;actualitzaci\u00f3 de manera que pugueu tenir l&#8217;equip <strong>10 hores enc\u00e8s<\/strong> i <strong>connectat al corrent.<\/strong> <\/li><li>\u00c9s possible que us demani que reinicieu l&#8217;equip diverses vegades durant el proc\u00e9s. <\/li><li>Una vegada actualitzat, si visiteu el <strong>Windows update<\/strong> de nou veureu un missatge indicant que tot est\u00e0 actualitzat. <\/li><\/ul>\n<\/div>\n\n\n\n<div class=\"wp-block-column is-layout-flow wp-block-column-is-layout-flow\">\n<div class=\"wp-block-image\"><figure class=\"alignleft size-large is-resized\"><a href=\"https:\/\/projectes.xtec.cat\/digital\/wp-content\/uploads\/usu2317\/2023\/05\/updateok.png\"><img loading=\"lazy\" decoding=\"async\" src=\"https:\/\/projectes.xtec.cat\/digital\/wp-content\/uploads\/usu2317\/2023\/05\/updateok.png\" alt=\"equip actualitzat\" class=\"wp-image-16051\" width=\"380\" height=\"374\" srcset=\"https:\/\/projectes.xtec.cat\/digital\/wp-content\/uploads\/usu2317\/2023\/05\/updateok.png 695w, https:\/\/projectes.xtec.cat\/digital\/wp-content\/uploads\/usu2317\/2023\/05\/updateok-300x295.png 300w\" sizes=\"auto, (max-width: 380px) 100vw, 380px\" \/><\/a><\/figure><\/div>\n<\/div>\n<\/div>\n\n\n\n\n\n<div class=\"wp-block-getwid-section alignfull alignfull\"><div class=\"wp-block-getwid-section__wrapper\"><div class=\"wp-block-getwid-section__inner-wrapper\"><div class=\"wp-block-getwid-section__background-holder\"><div class=\"wp-block-getwid-section__background has-background has-ast-global-color-4-background-color\"><\/div><div class=\"wp-block-getwid-section__foreground\"><\/div><\/div><div class=\"wp-block-getwid-section__content\"><div class=\"wp-block-getwid-section__inner-content\"><\/div><\/div><\/div><\/div><\/div>\n\n\n\n<div class=\"wp-block-getwid-section alignfull alignfull\"><div class=\"wp-block-getwid-section__wrapper\"><div class=\"wp-block-getwid-section__inner-wrapper\"><div class=\"wp-block-getwid-section__background-holder\"><div class=\"wp-block-getwid-section__background has-background has-ast-global-color-5-background-color\"><\/div><div class=\"wp-block-getwid-section__foreground\"><\/div><\/div><div class=\"wp-block-getwid-section__content\"><div class=\"wp-block-getwid-section__inner-content\">\n<div style=\"height:50px\" aria-hidden=\"true\" class=\"wp-block-spacer\"><\/div>\n\n\n\n<h2 class=\"alignwide wp-block-heading\">Com puc saber si l&#8217;equip est\u00e0 actualitat? <\/h2>\n\n\n\n<p class=\"has-medium-font-size\">La darrera versi\u00f3 a la que l&#8217;equip ha d&#8217;estar actualitzat \u00e9s la versi\u00f3 <strong>22H2 Compilaci\u00f3 10.0.19045.XXXX<\/strong>. <br>Els darrers 4 d\u00edgits no s\u00f3n rellevants.  Per comprovar la versi\u00f3 del sistema operatiu d&#8217;un equip teniu 2 opcions: <\/p>\n\n\n\n<div class=\"wp-block-getwid-tabs alignwide alignwide\" data-active-tab=\"0\"><ul class=\"wp-block-getwid-tabs__nav-links\"><\/ul>\n<div class=\"wp-block-getwid-tabs__nav-link\"><span class=\"wp-block-getwid-tabs__title-wrapper\"><a href=\"#\"><span class=\"wp-block-getwid-tabs__title\">Des de l&#8217;ordinador<\/span><\/a><\/span><\/div><div class=\"wp-block-getwid-tabs__tab-content-wrapper\"><div class=\"wp-block-getwid-tabs__tab-content\">\n<p class=\"has-medium-font-size\">Aneu al cercador de Windows i escriviu <strong>winver<\/strong>. Us apareixer\u00e0 un di\u00e0leg amb informaci\u00f3 del sistema, incloent-hi la versi\u00f3 de Windows de l&#8217;equip. <\/p>\n\n\n\n<div class=\"wp-block-image\"><figure class=\"alignleft size-large is-resized\"><a href=\"https:\/\/projectes.xtec.cat\/digital\/wp-content\/uploads\/usu2317\/2023\/05\/winver.png\"><img loading=\"lazy\" decoding=\"async\" src=\"https:\/\/projectes.xtec.cat\/digital\/wp-content\/uploads\/usu2317\/2023\/05\/winver.png\" alt=\"winver\" class=\"wp-image-16033\" width=\"269\" height=\"531\" srcset=\"https:\/\/projectes.xtec.cat\/digital\/wp-content\/uploads\/usu2317\/2023\/05\/winver.png 518w, https:\/\/projectes.xtec.cat\/digital\/wp-content\/uploads\/usu2317\/2023\/05\/winver-152x300.png 152w\" sizes=\"auto, (max-width: 269px) 100vw, 269px\" \/><\/a><\/figure><\/div>\n\n\n\n<div class=\"wp-block-image\"><figure class=\"alignleft size-large is-resized\"><a href=\"https:\/\/projectes.xtec.cat\/digital\/wp-content\/uploads\/usu2317\/2023\/05\/winver-info.png\"><img loading=\"lazy\" decoding=\"async\" src=\"https:\/\/projectes.xtec.cat\/digital\/wp-content\/uploads\/usu2317\/2023\/05\/winver-info-1024x940.png\" alt=\"informaci\u00f3 de versi\u00f3 de Windows\" class=\"wp-image-16035\" width=\"599\" height=\"549\" srcset=\"https:\/\/projectes.xtec.cat\/digital\/wp-content\/uploads\/usu2317\/2023\/05\/winver-info-1024x940.png 1024w, https:\/\/projectes.xtec.cat\/digital\/wp-content\/uploads\/usu2317\/2023\/05\/winver-info-300x276.png 300w, https:\/\/projectes.xtec.cat\/digital\/wp-content\/uploads\/usu2317\/2023\/05\/winver-info-768x705.png 768w, https:\/\/projectes.xtec.cat\/digital\/wp-content\/uploads\/usu2317\/2023\/05\/winver-info.png 1200w\" sizes=\"auto, (max-width: 599px) 100vw, 599px\" \/><\/a><\/figure><\/div>\n<\/div><\/div>\n\n\n\n<div class=\"wp-block-getwid-tabs__nav-link\"><span class=\"wp-block-getwid-tabs__title-wrapper\"><a href=\"#\"><span class=\"wp-block-getwid-tabs__title\">Des d&#8217;Intune for Education<\/span><\/a><\/span><\/div><div class=\"wp-block-getwid-tabs__tab-content-wrapper\"><div class=\"wp-block-getwid-tabs__tab-content\">\n<p class=\"has-medium-font-size\">Aquesta opci\u00f3 permet comprovar de manera centralitzada l&#8217;estat d&#8217;actualitzaci\u00f3 dels equips del centre. <\/p>\n\n\n\n<ol class=\"has-medium-font-size wp-block-list\"><li>Aneu a <a href=\"https:\/\/intuneeducation.portal.azure.com\/\">https:\/\/intuneeducation.portal.azure.com\/<\/a> i entreu amb un usuari que tingui rol ACC\u00c9S_INTUNE_TOTAL (atorgat per l&#8217;equip directiu al <a href=\"https:\/\/projectes.xtec.cat\/digital\/directori\/guac\/\" data-type=\"URL\" data-id=\"https:\/\/projectes.xtec.cat\/digital\/directori\/guac\/\" target=\"_blank\" rel=\"noreferrer noopener\">GUAC<\/a>).<\/li><li>Feu clic a l&#8217;opci\u00f3 <strong>Dispositius<\/strong> de la barra lateral esquerra. Us apareixer\u00e0 la llista d&#8217;equips amb una columna amb la darrera versi\u00f3 instal\u00b7lada per cada equip. <\/li><\/ol>\n\n\n\n<div class=\"wp-block-image vora\"><figure class=\"aligncenter size-large\"><a href=\"https:\/\/projectes.xtec.cat\/digital\/wp-content\/uploads\/usu2317\/2023\/05\/llistat-equips.png\"><img loading=\"lazy\" decoding=\"async\" width=\"1024\" height=\"199\" src=\"https:\/\/projectes.xtec.cat\/digital\/wp-content\/uploads\/usu2317\/2023\/05\/llistat-equips-1024x199.png\" alt=\"llistat d'equips\" class=\"wp-image-16022\" srcset=\"https:\/\/projectes.xtec.cat\/digital\/wp-content\/uploads\/usu2317\/2023\/05\/llistat-equips-1024x199.png 1024w, https:\/\/projectes.xtec.cat\/digital\/wp-content\/uploads\/usu2317\/2023\/05\/llistat-equips-300x58.png 300w, https:\/\/projectes.xtec.cat\/digital\/wp-content\/uploads\/usu2317\/2023\/05\/llistat-equips-768x149.png 768w, https:\/\/projectes.xtec.cat\/digital\/wp-content\/uploads\/usu2317\/2023\/05\/llistat-equips-1536x298.png 1536w, https:\/\/projectes.xtec.cat\/digital\/wp-content\/uploads\/usu2317\/2023\/05\/llistat-equips-2048x398.png 2048w\" sizes=\"auto, (max-width: 1024px) 100vw, 1024px\" \/><\/a><\/figure><\/div>\n\n\n\n<ol class=\"wp-block-list\" start=\"3\"><li>Tamb\u00e9 podeu fer clic sobre el dispositiu i veure la versi\u00f3 amb la resta de propietats:<\/li><\/ol>\n\n\n\n<div class=\"wp-block-image vora\"><figure class=\"aligncenter size-large is-resized\"><a href=\"https:\/\/projectes.xtec.cat\/digital\/wp-content\/uploads\/usu2317\/2023\/05\/versio\u0301-dispositiu.png\"><img loading=\"lazy\" decoding=\"async\" src=\"https:\/\/projectes.xtec.cat\/digital\/wp-content\/uploads\/usu2317\/2023\/05\/versio\u0301-dispositiu-1024x657.png\" alt=\"versio-dispositiu\" class=\"wp-image-16029\" width=\"564\" height=\"362\" srcset=\"https:\/\/projectes.xtec.cat\/digital\/wp-content\/uploads\/usu2317\/2023\/05\/versio\u0301-dispositiu-1024x657.png 1024w, https:\/\/projectes.xtec.cat\/digital\/wp-content\/uploads\/usu2317\/2023\/05\/versio\u0301-dispositiu-300x193.png 300w, https:\/\/projectes.xtec.cat\/digital\/wp-content\/uploads\/usu2317\/2023\/05\/versio\u0301-dispositiu-768x493.png 768w, https:\/\/projectes.xtec.cat\/digital\/wp-content\/uploads\/usu2317\/2023\/05\/versio\u0301-dispositiu-1536x986.png 1536w, https:\/\/projectes.xtec.cat\/digital\/wp-content\/uploads\/usu2317\/2023\/05\/versio\u0301-dispositiu.png 1620w\" sizes=\"auto, (max-width: 564px) 100vw, 564px\" \/><\/a><\/figure><\/div>\n<\/div><\/div>\n<\/div>\n\n\n\n<div style=\"height:100px\" aria-hidden=\"true\" class=\"wp-block-spacer\"><\/div>\n<\/div><\/div><\/div><\/div><\/div>\n","protected":false},"excerpt":{"rendered":"<p>Aneu al cercador de Windows i escriviu &#8220;buscar actualitzacions&#8220;. Aix\u00f2 iniciar\u00e0 l&#8217;aplicaci\u00f3 Windows Update que us informar\u00e0 de l&#8217;estat de les actualitzacions i si no est\u00e0 actualitzat, us proposar\u00e0 que actualitzeu. 2. L&#8217;actualitzaci\u00f3 pot trigar for\u00e7a estona depenent de la mida dels paquets pendents a instal\u00b7lar i de l&#8217;estabilitat i capacitat de la xarxa. Planifiqueu [&hellip;]<\/p>\n","protected":false},"author":2,"featured_media":0,"parent":12586,"menu_order":0,"comment_status":"closed","ping_status":"close","template":"","meta":{"site-sidebar-layout":"default","site-content-layout":"","ast-site-content-layout":"","site-content-style":"default","site-sidebar-style":"default","ast-global-header-display":"","ast-banner-title-visibility":"","ast-main-header-display":"","ast-hfb-above-header-display":"","ast-hfb-below-header-display":"","ast-hfb-mobile-header-display":"","site-post-title":"","ast-breadcrumbs-content":"","ast-featured-img":"","footer-sml-layout":"","theme-transparent-header-meta":"","adv-header-id-meta":"","stick-header-meta":"","header-above-stick-meta":"","header-main-stick-meta":"","header-below-stick-meta":"","astra-migrate-meta-layouts":"default","ast-page-background-enabled":"default","ast-page-background-meta":{"desktop":{"background-color":"var(--ast-global-color-4)","background-image":"","background-repeat":"repeat","background-position":"center center","background-size":"auto","background-attachment":"scroll","background-type":"","background-media":"","overlay-type":"","overlay-color":"","overlay-opacity":"","overlay-gradient":""},"tablet":{"background-color":"","background-image":"","background-repeat":"repeat","background-position":"center center","background-size":"auto","background-attachment":"scroll","background-type":"","background-media":"","overlay-type":"","overlay-color":"","overlay-opacity":"","overlay-gradient":""},"mobile":{"background-color":"","background-image":"","background-repeat":"repeat","background-position":"center center","background-size":"auto","background-attachment":"scroll","background-type":"","background-media":"","overlay-type":"","overlay-color":"","overlay-opacity":"","overlay-gradient":""}},"ast-content-background-meta":{"desktop":{"background-color":"var(--ast-global-color-5)","background-image":"","background-repeat":"repeat","background-position":"center center","background-size":"auto","background-attachment":"scroll","background-type":"","background-media":"","overlay-type":"","overlay-color":"","overlay-opacity":"","overlay-gradient":""},"tablet":{"background-color":"var(--ast-global-color-5)","background-image":"","background-repeat":"repeat","background-position":"center center","background-size":"auto","background-attachment":"scroll","background-type":"","background-media":"","overlay-type":"","overlay-color":"","overlay-opacity":"","overlay-gradient":""},"mobile":{"background-color":"var(--ast-global-color-5)","background-image":"","background-repeat":"repeat","background-position":"center center","background-size":"auto","background-attachment":"scroll","background-type":"","background-media":"","overlay-type":"","overlay-color":"","overlay-opacity":"","overlay-gradient":""}},"footnotes":""},"class_list":["post-16015","page","type-page","status-publish","hentry"],"post_mailing_queue_ids":[],"_links":{"self":[{"href":"https:\/\/projectes.xtec.cat\/digital\/wp-json\/wp\/v2\/pages\/16015","targetHints":{"allow":["GET"]}}],"collection":[{"href":"https:\/\/projectes.xtec.cat\/digital\/wp-json\/wp\/v2\/pages"}],"about":[{"href":"https:\/\/projectes.xtec.cat\/digital\/wp-json\/wp\/v2\/types\/page"}],"author":[{"embeddable":true,"href":"https:\/\/projectes.xtec.cat\/digital\/wp-json\/wp\/v2\/users\/2"}],"replies":[{"embeddable":true,"href":"https:\/\/projectes.xtec.cat\/digital\/wp-json\/wp\/v2\/comments?post=16015"}],"version-history":[{"count":5,"href":"https:\/\/projectes.xtec.cat\/digital\/wp-json\/wp\/v2\/pages\/16015\/revisions"}],"predecessor-version":[{"id":19949,"href":"https:\/\/projectes.xtec.cat\/digital\/wp-json\/wp\/v2\/pages\/16015\/revisions\/19949"}],"up":[{"embeddable":true,"href":"https:\/\/projectes.xtec.cat\/digital\/wp-json\/wp\/v2\/pages\/12586"}],"wp:attachment":[{"href":"https:\/\/projectes.xtec.cat\/digital\/wp-json\/wp\/v2\/media?parent=16015"}],"curies":[{"name":"wp","href":"https:\/\/api.w.org\/{rel}","templated":true}]}}