{"id":16078,"date":"2023-05-27T22:06:39","date_gmt":"2023-05-27T20:06:39","guid":{"rendered":"https:\/\/projectes.xtec.cat\/digital\/?page_id=16078"},"modified":"2025-07-31T16:56:56","modified_gmt":"2025-07-31T14:56:56","slug":"restabliment-inici-de-curs-equips-alumnat-linkat","status":"publish","type":"page","link":"https:\/\/projectes.xtec.cat\/digital\/equipaments-i-infraestructures\/ordinadors\/ordinadors-alumnat\/gestio-ordinadors-alumnat-canvi-curs\/restabliment-inici-de-curs-equips-alumnat-linkat\/","title":{"rendered":"Restabliment d\u2019inici de curs d\u2019equips d\u2019alumnat Linkat"},"content":{"rendered":"\n<p class=\"has-ast-global-color-4-background-color has-background\" style=\"font-size:22px\">Per fer la neteja <strong>local <\/strong>de l\u2019equip, s&#8217;ha de fer servir l\u2019eina: <strong>Reassignaci\u00f3 d\u2019equips Linkat<\/strong> <img decoding=\"async\" class=\"wp-image-36234\" style=\"width: 32px;\" src=\"https:\/\/projectes.xtec.cat\/digital\/wp-content\/uploads\/usu2317\/2025\/05\/linkat-reassigna-equips.png\" alt=\"\"> que hi ha a l\u2019<strong>escriptori<\/strong> de l\u2019usuari <strong>suport<\/strong>. Aquesta eina es troba tamb\u00e9 es troba a dins del men\u00fa: <strong>Aplicacions \u2192 Eines del sistema \u2192 Reassignaci\u00f3 d\u2019equips Linkat<\/strong>.<\/p>\n\n\n\n<p>En cas que el centre vulgui actualizar la versi\u00f3 de <strong>Linkat 18.04<\/strong> a <strong>Linkat 22.04,<\/strong> es pot demanar la remaquetaci\u00f3 de l&#8217;equip al t\u00e8cnic preventiu a dins de les hores programades per al seu centre.<\/p>\n\n\n\n<p><\/p>\n\n\n\n<div class=\"wp-block-getwid-anchor\" id=\"pmf\"><\/div>\n\n\n\n<div style=\"height:30px\" aria-hidden=\"true\" class=\"wp-block-spacer\"><\/div>\n\n\n\n<h2 class=\"wp-block-heading alignwide\">Preguntes freq\u00fcents<\/h2>\n\n\n\n<div class=\"wp-block-getwid-accordion alignwide has-icon-left alignwide\" data-active-element=\"none\">\n<div class=\"wp-block-getwid-accordion__header-wrapper\"><span class=\"wp-block-getwid-accordion__header\"><a href=\"#\"><span class=\"wp-block-getwid-accordion__header-title\">Cal que els alumnes firmin algun document per rebre l&#8217;ordinador? <\/span><span class=\"wp-block-getwid-accordion__icon is-active\"><i class=\"far fa-question-circle\"><\/i><\/span><span class=\"wp-block-getwid-accordion__icon is-passive\"><i class=\"fas fa-chevron-up\"><\/i><\/span><\/a><\/span><\/div><div class=\"wp-block-getwid-accordion__content-wrapper\"><div class=\"wp-block-getwid-accordion__content\">\n<p>S\u00ed, la fam\u00edlia ha de retornar signada la carta de lliurament (<a href=\"https:\/\/ja.cat\/model-lliurament-alumnat\" target=\"_blank\" rel=\"noreferrer noopener\">model<\/a>) on es compromet a qu\u00e8 es far\u00e0 un bon \u00fas de l\u2019equip i es retornar\u00e0 en finalitzar el curs (o quan deixi el centre educatiu).<\/p>\n<\/div><\/div>\n<\/div>\n\n\n\n<div style=\"height:100px\" aria-hidden=\"true\" class=\"wp-block-spacer\"><\/div>\n","protected":false},"excerpt":{"rendered":"<p>Per fer la neteja local de l\u2019equip, s&#8217;ha de fer servir l\u2019eina: Reassignaci\u00f3 d\u2019equips Linkat que hi ha a l\u2019escriptori de l\u2019usuari suport. Aquesta eina es troba tamb\u00e9 es troba a dins del men\u00fa: Aplicacions \u2192 Eines del sistema \u2192 Reassignaci\u00f3 d\u2019equips Linkat. En cas que el centre vulgui actualizar la versi\u00f3 de Linkat 18.04 [&hellip;]<\/p>\n","protected":false},"author":1,"featured_media":0,"parent":15960,"menu_order":0,"comment_status":"closed","ping_status":"close","template":"","meta":{"site-sidebar-layout":"default","site-content-layout":"","ast-site-content-layout":"default","site-content-style":"default","site-sidebar-style":"default","ast-global-header-display":"","ast-banner-title-visibility":"","ast-main-header-display":"","ast-hfb-above-header-display":"","ast-hfb-below-header-display":"","ast-hfb-mobile-header-display":"","site-post-title":"","ast-breadcrumbs-content":"","ast-featured-img":"","footer-sml-layout":"","theme-transparent-header-meta":"","adv-header-id-meta":"","stick-header-meta":"","header-above-stick-meta":"","header-main-stick-meta":"","header-below-stick-meta":"","astra-migrate-meta-layouts":"set","ast-page-background-enabled":"default","ast-page-background-meta":{"desktop":{"background-color":"var(--ast-global-color-4)","background-image":"","background-repeat":"repeat","background-position":"center center","background-size":"auto","background-attachment":"scroll","background-type":"","background-media":"","overlay-type":"","overlay-color":"","overlay-opacity":"","overlay-gradient":""},"tablet":{"background-color":"","background-image":"","background-repeat":"repeat","background-position":"center center","background-size":"auto","background-attachment":"scroll","background-type":"","background-media":"","overlay-type":"","overlay-color":"","overlay-opacity":"","overlay-gradient":""},"mobile":{"background-color":"","background-image":"","background-repeat":"repeat","background-position":"center center","background-size":"auto","background-attachment":"scroll","background-type":"","background-media":"","overlay-type":"","overlay-color":"","overlay-opacity":"","overlay-gradient":""}},"ast-content-background-meta":{"desktop":{"background-color":"var(--ast-global-color-5)","background-image":"","background-repeat":"repeat","background-position":"center center","background-size":"auto","background-attachment":"scroll","background-type":"","background-media":"","overlay-type":"","overlay-color":"","overlay-opacity":"","overlay-gradient":""},"tablet":{"background-color":"var(--ast-global-color-5)","background-image":"","background-repeat":"repeat","background-position":"center center","background-size":"auto","background-attachment":"scroll","background-type":"","background-media":"","overlay-type":"","overlay-color":"","overlay-opacity":"","overlay-gradient":""},"mobile":{"background-color":"var(--ast-global-color-5)","background-image":"","background-repeat":"repeat","background-position":"center center","background-size":"auto","background-attachment":"scroll","background-type":"","background-media":"","overlay-type":"","overlay-color":"","overlay-opacity":"","overlay-gradient":""}},"footnotes":""},"class_list":["post-16078","page","type-page","status-publish","hentry"],"post_mailing_queue_ids":[],"_links":{"self":[{"href":"https:\/\/projectes.xtec.cat\/digital\/wp-json\/wp\/v2\/pages\/16078","targetHints":{"allow":["GET"]}}],"collection":[{"href":"https:\/\/projectes.xtec.cat\/digital\/wp-json\/wp\/v2\/pages"}],"about":[{"href":"https:\/\/projectes.xtec.cat\/digital\/wp-json\/wp\/v2\/types\/page"}],"author":[{"embeddable":true,"href":"https:\/\/projectes.xtec.cat\/digital\/wp-json\/wp\/v2\/users\/1"}],"replies":[{"embeddable":true,"href":"https:\/\/projectes.xtec.cat\/digital\/wp-json\/wp\/v2\/comments?post=16078"}],"version-history":[{"count":6,"href":"https:\/\/projectes.xtec.cat\/digital\/wp-json\/wp\/v2\/pages\/16078\/revisions"}],"predecessor-version":[{"id":37089,"href":"https:\/\/projectes.xtec.cat\/digital\/wp-json\/wp\/v2\/pages\/16078\/revisions\/37089"}],"up":[{"embeddable":true,"href":"https:\/\/projectes.xtec.cat\/digital\/wp-json\/wp\/v2\/pages\/15960"}],"wp:attachment":[{"href":"https:\/\/projectes.xtec.cat\/digital\/wp-json\/wp\/v2\/media?parent=16078"}],"curies":[{"name":"wp","href":"https:\/\/api.w.org\/{rel}","templated":true}]}}