{"id":17061,"date":"2023-06-17T22:03:00","date_gmt":"2023-06-17T20:03:00","guid":{"rendered":"https:\/\/projectes.xtec.cat\/digital\/?page_id=17061"},"modified":"2025-07-18T12:24:59","modified_gmt":"2025-07-18T10:24:59","slug":"microsoft-365","status":"publish","type":"page","link":"https:\/\/projectes.xtec.cat\/digital\/serveis-digitals\/microsoft-365\/","title":{"rendered":"Microsoft 365"},"content":{"rendered":"\n<div class=\"wp-block-columns alignwide is-layout-flex wp-container-core-columns-is-layout-1 wp-block-columns-is-layout-flex\">\n<div class=\"wp-block-column is-layout-flow wp-block-column-is-layout-flow\" style=\"flex-basis:15%\">\n<figure class=\"wp-block-image size-full is-resized\"><a href=\"https:\/\/projectes.xtec.cat\/digital\/wp-content\/uploads\/usu2317\/2024\/02\/ms365.png\"><img loading=\"lazy\" decoding=\"async\" width=\"139\" height=\"135\" src=\"https:\/\/projectes.xtec.cat\/digital\/wp-content\/uploads\/usu2317\/2024\/02\/ms365.png\" alt=\"\" class=\"wp-image-22346\" style=\"aspect-ratio:1.0296296296296297;width:128px;height:auto\"\/><\/a><\/figure>\n<\/div>\n\n\n\n<div class=\"wp-block-column is-layout-flow wp-block-column-is-layout-flow\">\n<p>Conjunt d&#8217;aplicacions de productivitat basada en el n\u00favol que ofereix un conjunt de serveis i programari com ara <strong>Word<\/strong>, <strong>Excel<\/strong>, <strong>PowerPoint<\/strong>, <strong>Visio<\/strong> i moltes altres. A m\u00e9s de les aplicacions de productivitat tradicionals, Microsoft 365 tamb\u00e9 ofereix <strong>OneDrive<\/strong>, servei d&#8217;emmagatzematge en l\u00ednia. <\/p>\n<\/div>\n<\/div>\n\n\n\n<div style=\"height:19px\" aria-hidden=\"true\" class=\"wp-block-spacer\"><\/div>\n\n\n\n<div style=\"height:25px\" aria-hidden=\"true\" class=\"wp-block-spacer\"><\/div>\n\n\n\n<div class=\"wp-block-columns alignwide is-layout-flex wp-container-core-columns-is-layout-2 wp-block-columns-is-layout-flex\">\n<div class=\"wp-block-column caixa is-layout-flow wp-block-column-is-layout-flow\">\n<figure class=\"wp-block-image aligncenter size-full is-resized\"><img loading=\"lazy\" decoding=\"async\" width=\"300\" height=\"300\" src=\"https:\/\/projectes.xtec.cat\/digital\/wp-content\/uploads\/usu2317\/2024\/02\/ms-word.png\" alt=\"logo word\" class=\"wp-image-22393\" style=\"aspect-ratio:1;width:126px;height:auto\" srcset=\"https:\/\/projectes.xtec.cat\/digital\/wp-content\/uploads\/usu2317\/2024\/02\/ms-word.png 300w, https:\/\/projectes.xtec.cat\/digital\/wp-content\/uploads\/usu2317\/2024\/02\/ms-word-150x150.png 150w\" sizes=\"auto, (max-width: 300px) 100vw, 300px\" \/><\/figure>\n\n\n\n<h2 class=\"wp-block-heading has-text-align-center\">Word<\/h2>\n\n\n\n<p class=\"has-text-align-center\">Editor de text en l\u00ednia<\/p>\n<\/div>\n\n\n\n<div class=\"wp-block-column caixa is-layout-flow wp-block-column-is-layout-flow\">\n<figure class=\"wp-block-image aligncenter size-full is-resized\"><img loading=\"lazy\" decoding=\"async\" width=\"300\" height=\"300\" src=\"https:\/\/projectes.xtec.cat\/digital\/wp-content\/uploads\/usu2317\/2024\/02\/ms-excel.png\" alt=\"logo excel\" class=\"wp-image-22395\" style=\"aspect-ratio:1;width:130px;height:auto\" srcset=\"https:\/\/projectes.xtec.cat\/digital\/wp-content\/uploads\/usu2317\/2024\/02\/ms-excel.png 300w, https:\/\/projectes.xtec.cat\/digital\/wp-content\/uploads\/usu2317\/2024\/02\/ms-excel-150x150.png 150w\" sizes=\"auto, (max-width: 300px) 100vw, 300px\" \/><\/figure>\n\n\n\n<h2 class=\"wp-block-heading has-text-align-center\">Excel<\/h2>\n\n\n\n<p class=\"has-text-align-center\">Fulls de c\u00e0lcul en l\u00ednia<\/p>\n<\/div>\n\n\n\n<div class=\"wp-block-column caixa is-layout-flow wp-block-column-is-layout-flow\">\n<figure class=\"wp-block-image aligncenter size-full is-resized\"><img loading=\"lazy\" decoding=\"async\" width=\"300\" height=\"300\" src=\"https:\/\/projectes.xtec.cat\/digital\/wp-content\/uploads\/usu2317\/2024\/02\/ms-powerpoint-v1.png\" alt=\"logo powerpoint\" class=\"wp-image-22397\" style=\"aspect-ratio:1;width:129px;height:auto\" srcset=\"https:\/\/projectes.xtec.cat\/digital\/wp-content\/uploads\/usu2317\/2024\/02\/ms-powerpoint-v1.png 300w, https:\/\/projectes.xtec.cat\/digital\/wp-content\/uploads\/usu2317\/2024\/02\/ms-powerpoint-v1-150x150.png 150w\" sizes=\"auto, (max-width: 300px) 100vw, 300px\" \/><\/figure>\n\n\n\n<h2 class=\"wp-block-heading has-text-align-center\">Powerpoint<\/h2>\n\n\n\n<p class=\"has-text-align-center\">Presentacions en l\u00ednia<\/p>\n<\/div>\n\n\n\n<div class=\"wp-block-column caixa is-layout-flow wp-block-column-is-layout-flow\">\n<figure class=\"wp-block-image aligncenter size-full is-resized\"><img loading=\"lazy\" decoding=\"async\" width=\"300\" height=\"300\" src=\"https:\/\/projectes.xtec.cat\/digital\/wp-content\/uploads\/usu2317\/2024\/02\/microsoft-visio.png\" alt=\"logo visio\" class=\"wp-image-22398\" style=\"aspect-ratio:1;width:131px;height:auto\" srcset=\"https:\/\/projectes.xtec.cat\/digital\/wp-content\/uploads\/usu2317\/2024\/02\/microsoft-visio.png 300w, https:\/\/projectes.xtec.cat\/digital\/wp-content\/uploads\/usu2317\/2024\/02\/microsoft-visio-150x150.png 150w\" sizes=\"auto, (max-width: 300px) 100vw, 300px\" \/><\/figure>\n\n\n\n<h2 class=\"wp-block-heading has-text-align-center\">Visio<\/h2>\n\n\n\n<p class=\"has-text-align-center\">Esquemes i mapes conceptuals en l\u00ednia<\/p>\n<\/div>\n\n\n\n<div class=\"wp-block-column caixa is-layout-flow wp-block-column-is-layout-flow\">\n<figure class=\"wp-block-image aligncenter size-full is-resized\"><img loading=\"lazy\" decoding=\"async\" width=\"300\" height=\"300\" src=\"https:\/\/projectes.xtec.cat\/digital\/wp-content\/uploads\/usu2317\/2024\/02\/onedrive.png\" alt=\"logo onedrive\" class=\"wp-image-22399\" style=\"aspect-ratio:1;width:129px;height:auto\" srcset=\"https:\/\/projectes.xtec.cat\/digital\/wp-content\/uploads\/usu2317\/2024\/02\/onedrive.png 300w, https:\/\/projectes.xtec.cat\/digital\/wp-content\/uploads\/usu2317\/2024\/02\/onedrive-150x150.png 150w\" sizes=\"auto, (max-width: 300px) 100vw, 300px\" \/><\/figure>\n\n\n\n<h2 class=\"wp-block-heading has-text-align-center\">OneDrive<\/h2>\n\n\n\n<p class=\"has-text-align-center\">Emmagatzematge en el n\u00favol<\/p>\n<\/div>\n<\/div>\n\n\n\n<div style=\"height:20px\" aria-hidden=\"true\" class=\"wp-block-spacer\"><\/div>\n\n\n\n<div style=\"height:41px\" aria-hidden=\"true\" class=\"wp-block-spacer\"><\/div>\n\n\n\n<div class=\"wp-block-getwid-section alignfull alignfull\"><div class=\"wp-block-getwid-section__wrapper\"><div class=\"wp-block-getwid-section__inner-wrapper\"><div class=\"wp-block-getwid-section__background-holder\"><div class=\"wp-block-getwid-section__background has-background has-ast-global-color-4-background-color\"><\/div><div class=\"wp-block-getwid-section__foreground\"><\/div><\/div><div class=\"wp-block-getwid-section__content\"><div class=\"wp-block-getwid-section__inner-content\">\n<div style=\"height:32px\" aria-hidden=\"true\" class=\"wp-block-spacer\"><\/div>\n\n\n\n<h2 class=\"wp-block-heading\" id=\"suport-365\">Preguntes freq\u00fcents<\/h2>\n\n\n\n<div class=\"wp-block-getwid-accordion has-icon-left\" data-active-element=\"none\">\n<div class=\"wp-block-getwid-accordion__header-wrapper\"><span class=\"wp-block-getwid-accordion__header\"><a href=\"#\"><span class=\"wp-block-getwid-accordion__header-title\">Com puc tenir l&#8217;Office 365 en catal\u00e0? <\/span><span class=\"wp-block-getwid-accordion__icon is-active\"><i class=\"far fa-question-circle\"><\/i><\/span><span class=\"wp-block-getwid-accordion__icon is-passive\"><i class=\"fas fa-chevron-up\"><\/i><\/span><\/a><\/span><\/div><div class=\"wp-block-getwid-accordion__content-wrapper\"><div class=\"wp-block-getwid-accordion__content\">\n<ol class=\"wp-block-list\">\n<li>Assegureu-vos que el vostre <a href=\"https:\/\/www.softcatala.org\/tutorials\/configuracio-dels-navegadors\/navega-en-catala\/\" data-type=\"link\" data-id=\"https:\/\/www.softcatala.org\/tutorials\/configuracio-dels-navegadors\/navega-en-catala\/\" target=\"_blank\" rel=\"noreferrer noopener\">navegador web est\u00e0 configurat en catal\u00e0<\/a>. La configuraci\u00f3 del navegador \u00e9s priorit\u00e0ria respecte a la configuraci\u00f3 en la plataforma Microsoft 365. <\/li>\n\n\n\n<li>Configurar l&#8217;idioma <strong>Catal\u00e0 <\/strong>a Microsoft 365 (<a href=\"https:\/\/www.office.com\/\" target=\"_blank\" rel=\"noreferrer noopener\">https:\/\/www.office.com\/<\/a>) anant al compte d&#8217;usuari, a la configuraci\u00f3 (roda dentada), a <strong>Idioma i fus horari<\/strong> i fer clic a <strong>Canvia la llengua<\/strong>. <\/li>\n<\/ol>\n\n\n\n<figure class=\"wp-block-image size-full\"><a href=\"https:\/\/projectes.xtec.cat\/digital\/wp-content\/uploads\/usu2317\/2024\/03\/idioma-office.png\"><img loading=\"lazy\" decoding=\"async\" width=\"371\" height=\"599\" src=\"https:\/\/projectes.xtec.cat\/digital\/wp-content\/uploads\/usu2317\/2024\/03\/idioma-office.png\" alt=\"\" class=\"wp-image-24643\" srcset=\"https:\/\/projectes.xtec.cat\/digital\/wp-content\/uploads\/usu2317\/2024\/03\/idioma-office.png 371w, https:\/\/projectes.xtec.cat\/digital\/wp-content\/uploads\/usu2317\/2024\/03\/idioma-office-186x300.png 186w\" sizes=\"auto, (max-width: 371px) 100vw, 371px\" \/><\/a><\/figure>\n\n\n\n<p>Definiu l&#8217;idioma de visualitzaci\u00f3 i d\u2019altres lleng\u00fces que vulgueu activar (ex. Catal\u00e0 i Angl\u00e8s):<\/p>\n\n\n\n<figure class=\"wp-block-image size-full is-resized\"><a href=\"https:\/\/projectes.xtec.cat\/digital\/wp-content\/uploads\/usu2317\/2024\/03\/image-1.png\"><img loading=\"lazy\" decoding=\"async\" width=\"514\" height=\"554\" src=\"https:\/\/projectes.xtec.cat\/digital\/wp-content\/uploads\/usu2317\/2024\/03\/image-1.png\" alt=\"Llenguatge\" class=\"wp-image-24644\" style=\"aspect-ratio:0.927797833935018;width:457px;height:auto\" srcset=\"https:\/\/projectes.xtec.cat\/digital\/wp-content\/uploads\/usu2317\/2024\/03\/image-1.png 514w, https:\/\/projectes.xtec.cat\/digital\/wp-content\/uploads\/usu2317\/2024\/03\/image-1-278x300.png 278w\" sizes=\"auto, (max-width: 514px) 100vw, 514px\" \/><\/a><\/figure>\n<\/div><\/div>\n\n\n\n<div class=\"wp-block-getwid-accordion__header-wrapper\"><span class=\"wp-block-getwid-accordion__header\"><a href=\"#\"><span class=\"wp-block-getwid-accordion__header-title\">S&#8217;activar\u00e0 el servei pels alumnes? <\/span><span class=\"wp-block-getwid-accordion__icon is-active\"><i class=\"far fa-question-circle\"><\/i><\/span><span class=\"wp-block-getwid-accordion__icon is-passive\"><i class=\"fas fa-chevron-up\"><\/i><\/span><\/a><\/span><\/div><div class=\"wp-block-getwid-accordion__content-wrapper\"><div class=\"wp-block-getwid-accordion__content\">\n<p>L&#8217;activaci\u00f3 durant el curs 2023-24 es limita als docents. No hi ha data prevista per l&#8217;activaci\u00f3 del servei pels alumnes. <\/p>\n<\/div><\/div>\n\n\n\n<div class=\"wp-block-getwid-accordion__header-wrapper\"><span class=\"wp-block-getwid-accordion__header\"><a href=\"#\"><span class=\"wp-block-getwid-accordion__header-title\">L&#8217;activaci\u00f3 dels serveis en l\u00ednia de Microsoft 365 aplica tamb\u00e9 als centres concertats? <\/span><span class=\"wp-block-getwid-accordion__icon is-active\"><i class=\"far fa-question-circle\"><\/i><\/span><span class=\"wp-block-getwid-accordion__icon is-passive\"><i class=\"fas fa-chevron-up\"><\/i><\/span><\/a><\/span><\/div><div class=\"wp-block-getwid-accordion__content-wrapper\"><div class=\"wp-block-getwid-accordion__content\">\n<p>No, nom\u00e9s als centres p\u00fablics. <br>Els centres concertats poden demanar l&#8217;activaci\u00f3 directament amb Microsoft en el seg\u00fcent <a rel=\"noreferrer noopener\" href=\"https:\/\/www.microsoft.com\/es-es\/education\/products\/office\" data-type=\"link\" data-id=\"https:\/\/www.microsoft.com\/es-es\/education\/products\/office\" target=\"_blank\">enlla\u00e7<\/a>. <\/p>\n<\/div><\/div>\n\n\n\n<div class=\"wp-block-getwid-accordion__header-wrapper\"><span class=\"wp-block-getwid-accordion__header\"><a href=\"#\"><span class=\"wp-block-getwid-accordion__header-title\">Els serveis de Microsoft 365 que s&#8217;activen inclouen l&#8217;aplicaci\u00f3 d&#8217;escriptori (Word, Excel, PowerPoint)?<\/span><span class=\"wp-block-getwid-accordion__icon is-active\"><i class=\"far fa-question-circle\"><\/i><\/span><span class=\"wp-block-getwid-accordion__icon is-passive\"><i class=\"fas fa-chevron-up\"><\/i><\/span><\/a><\/span><\/div><div class=\"wp-block-getwid-accordion__content-wrapper\"><div class=\"wp-block-getwid-accordion__content\">\n<p>No, \u00fanicament s&#8217;activen <strong>la versi\u00f3 en l\u00ednia<\/strong> de les eines ofim\u00e0tiques (Word, Excel, PowerPoint).<\/p>\n<\/div><\/div>\n\n\n\n<div class=\"wp-block-getwid-accordion__header-wrapper\"><span class=\"wp-block-getwid-accordion__header\"><a href=\"#\"><span class=\"wp-block-getwid-accordion__header-title\">Quin \u00e9s el calendari d&#8217;activaci\u00f3? Quan arribar\u00e0 al meu centre? <\/span><span class=\"wp-block-getwid-accordion__icon is-active\"><i class=\"far fa-question-circle\"><\/i><\/span><span class=\"wp-block-getwid-accordion__icon is-passive\"><i class=\"fas fa-chevron-up\"><\/i><\/span><\/a><\/span><\/div><div class=\"wp-block-getwid-accordion__content-wrapper\"><div class=\"wp-block-getwid-accordion__content\">\n<figure class=\"wp-block-image size-full\"><a href=\"https:\/\/projectes.xtec.cat\/digital\/wp-content\/uploads\/usu2317\/2024\/03\/Calendari-dactivacio-MS-365.png\"><img loading=\"lazy\" decoding=\"async\" width=\"410\" height=\"455\" src=\"https:\/\/projectes.xtec.cat\/digital\/wp-content\/uploads\/usu2317\/2024\/03\/Calendari-dactivacio-MS-365.png\" alt=\"Calendari MS 365\" class=\"wp-image-24234\" srcset=\"https:\/\/projectes.xtec.cat\/digital\/wp-content\/uploads\/usu2317\/2024\/03\/Calendari-dactivacio-MS-365.png 410w, https:\/\/projectes.xtec.cat\/digital\/wp-content\/uploads\/usu2317\/2024\/03\/Calendari-dactivacio-MS-365-270x300.png 270w\" sizes=\"auto, (max-width: 410px) 100vw, 410px\" \/><\/a><\/figure>\n\n\n\n<p>Un cop activat el centre, els docents amb compte XTEC rebran un missatge de confirmaci\u00f3 de l&#8217;activaci\u00f3 del servei en el seu centre.\u200b<\/p>\n<\/div><\/div>\n\n\n\n<div class=\"wp-block-getwid-accordion__header-wrapper\"><span class=\"wp-block-getwid-accordion__header\"><a href=\"#\"><span class=\"wp-block-getwid-accordion__header-title\">Quines s\u00f3n les credencials per accedir a Microsoft 365?<\/span><span class=\"wp-block-getwid-accordion__icon is-active\"><i class=\"far fa-question-circle\"><\/i><\/span><span class=\"wp-block-getwid-accordion__icon is-passive\"><i class=\"fas fa-chevron-up\"><\/i><\/span><\/a><\/span><\/div><div class=\"wp-block-getwid-accordion__content-wrapper\"><div class=\"wp-block-getwid-accordion__content\">\n<p>Les credencials s\u00f3n el conjunt d&#8217;usuari i contrasenya. <\/p>\n\n\n\n<ul class=\"wp-block-list\">\n<li><strong>Adre\u00e7a d&#8217;acc\u00e9s al servei<\/strong>: www.office.com<\/li>\n\n\n\n<li><strong>Usuari<\/strong>: qualsevol de les opcions seg\u00fcents:\n<ul class=\"wp-block-list\">\n<li>usuari XTEC@edu.gencat.cat<\/li>\n\n\n\n<li>usuari XTEC@xtec.cat<\/li>\n<\/ul>\n<\/li>\n\n\n\n<li><strong>Contrasenya<\/strong>: mateixa contrasenya per accedir a GICAR-Atri. <\/li>\n<\/ul>\n\n\n\n<p>\ud83d\udc49 \u00c9s necessari configurar el MFA (sistema d&#8217;autenticaci\u00f3 m\u00faltifactor) per poder iniciar sessi\u00f3. <\/p>\n<\/div><\/div>\n\n\n\n<div class=\"wp-block-getwid-accordion__header-wrapper\"><span class=\"wp-block-getwid-accordion__header\"><a href=\"#\"><span class=\"wp-block-getwid-accordion__header-title\">Qu\u00e8 \u00e9s el MFA? Com es configura? <\/span><span class=\"wp-block-getwid-accordion__icon is-active\"><i class=\"far fa-question-circle\"><\/i><\/span><span class=\"wp-block-getwid-accordion__icon is-passive\"><i class=\"fas fa-chevron-up\"><\/i><\/span><\/a><\/span><\/div><div class=\"wp-block-getwid-accordion__content-wrapper\"><div class=\"wp-block-getwid-accordion__content\">\n<p>\u00c9s un sistema que ofereix un nivell extra de seguretat per iniciar sessi\u00f3 en els serveis Microsoft 365. Despr\u00e9s de validar l&#8217;usuari i la contrasenya, el sistema valida el dispositiu de l&#8217;usuari. <\/p>\n\n\n\n<p>Aqu\u00ed teniu una <a rel=\"noreferrer noopener\" href=\"https:\/\/espai.educacio.gencat.cat\/Recursos\/Solucions-suport-TIC\/serveis-microsoft-docents\/Documents\/guia-cas-us-col.laboracio-docents.pdf\" data-type=\"link\" data-id=\"https:\/\/espai.educacio.gencat.cat\/Recursos\/Solucions-suport-TIC\/serveis-microsoft-docents\/Documents\/guia-cas-us-col.laboracio-docents.pdf\" target=\"_blank\">guia de configuraci\u00f3<\/a> i un v\u00eddeo de resum: <\/p>\n\n\n\n<iframe loading=\"lazy\" width=\"100%\" height=\"500\" src=\"https:\/\/documents.espai.educacio.gencat.cat\/documents_publics\/video-guia-configuracio-docents.mp4\"><\/iframe>\n<\/div><\/div>\n\n\n\n<div class=\"wp-block-getwid-accordion__header-wrapper\"><span class=\"wp-block-getwid-accordion__header\"><a href=\"#\"><span class=\"wp-block-getwid-accordion__header-title\">Aquest servei substitueix o substituir\u00e0 el conjunt d&#8217;aplicacions ofim\u00e0tiques en l\u00ednia d&#8217;XTEC (Google Workspace)? <\/span><span class=\"wp-block-getwid-accordion__icon is-active\"><i class=\"far fa-question-circle\"><\/i><\/span><span class=\"wp-block-getwid-accordion__icon is-passive\"><i class=\"fas fa-chevron-up\"><\/i><\/span><\/a><\/span><\/div><div class=\"wp-block-getwid-accordion__content-wrapper\"><div class=\"wp-block-getwid-accordion__content\">\n<p>No. Microsoft 365 s&#8217;afegeix a l&#8217;oferta de serveis en l\u00ednia disponibles pels docents. <\/p>\n<\/div><\/div>\n\n\n\n<div class=\"wp-block-getwid-accordion__header-wrapper\"><span class=\"wp-block-getwid-accordion__header\"><a href=\"#\"><span class=\"wp-block-getwid-accordion__header-title\">Hi ha un correu electr\u00f2nic associat? Es pot fer servir Outlook? <\/span><span class=\"wp-block-getwid-accordion__icon is-active\"><i class=\"far fa-question-circle\"><\/i><\/span><span class=\"wp-block-getwid-accordion__icon is-passive\"><i class=\"fas fa-chevron-up\"><\/i><\/span><\/a><\/span><\/div><div class=\"wp-block-getwid-accordion__content-wrapper\"><div class=\"wp-block-getwid-accordion__content\">\n<p>No. Existeix un correu intern necessari per al funcionament del servei, per\u00f2 no est\u00e0 disponible per enviar ni rebre correu. El compte de correu docent \u00e9s el correu amb domini <strong>xtec.cat<\/strong> i el gestor de correu \u00e9s el <a href=\"https:\/\/mail.google.com\/\" data-type=\"link\" data-id=\"https:\/\/mail.google.com\/\" target=\"_blank\" rel=\"noreferrer noopener\">Gmail <\/a>del Google Workspace XTEC. <\/p>\n<\/div><\/div>\n\n\n\n<div class=\"wp-block-getwid-accordion__header-wrapper\"><span class=\"wp-block-getwid-accordion__header\"><a href=\"#\"><span class=\"wp-block-getwid-accordion__header-title\">Si ja no estic a cap centre educatiu, quant de temps podr\u00e9 accedir al compte? <\/span><span class=\"wp-block-getwid-accordion__icon is-active\"><i class=\"far fa-question-circle\"><\/i><\/span><span class=\"wp-block-getwid-accordion__icon is-passive\"><i class=\"fas fa-chevron-up\"><\/i><\/span><\/a><\/span><\/div><div class=\"wp-block-getwid-accordion__content-wrapper\"><div class=\"wp-block-getwid-accordion__content\">\n<p>En el moment que s&#8217;acaba la vinculaci\u00f3 contractual amb el Departament d&#8217;educaci\u00f3, l&#8217;acc\u00e9s al servei es desactiva autom\u00e0ticament (tamb\u00e9 es desactiva l&#8217;acc\u00e9s a l&#8217;ATRI).<\/p>\n\n\n\n<p>Una vegada desactivat el compte, la informaci\u00f3 es conserva durant <strong>15 dies<\/strong>. <\/p>\n<\/div><\/div>\n<\/div>\n\n\n\n<div style=\"height:65px\" aria-hidden=\"true\" class=\"wp-block-spacer\"><\/div>\n<\/div><\/div><\/div><\/div><\/div>\n\n\n\n<div class=\"wp-block-getwid-section alignfull alignfull\"><div class=\"wp-block-getwid-section__wrapper\"><div class=\"wp-block-getwid-section__inner-wrapper\"><div class=\"wp-block-getwid-section__background-holder\"><div class=\"wp-block-getwid-section__background\"><\/div><div class=\"wp-block-getwid-section__foreground\"><\/div><\/div><div class=\"wp-block-getwid-section__content\"><div class=\"wp-block-getwid-section__inner-content\">\n<div style=\"height:32px\" aria-hidden=\"true\" class=\"wp-block-spacer\"><\/div>\n\n\n\n<h2 class=\"wp-block-heading\" id=\"suport-365\">Suport<\/h2>\n\n\n\n<p>Podeu dirigir les vostres consultes a l&#8217;espai Microsoft 365 de la xarxa docent Nus. Si no heu participat mai en aquesta xarxa docent: <\/p>\n\n\n\n<ol class=\"wp-block-list\">\n<li><a href=\"https:\/\/comunitat.edigital.cat\/signup\" data-type=\"link\" data-id=\"https:\/\/comunitat.edigital.cat\/signup\">Registreu-vos<\/a> amb el vostre usuari XTEC<\/li>\n\n\n\n<li><a href=\"https:\/\/comunitat.edigital.cat\/g\/microsoft365\/\" data-type=\"link\" data-id=\"https:\/\/comunitat.edigital.cat\/g\/microsoft365\/\">Subscriviu-vos<\/a> al grup Microsoft 365<\/li>\n\n\n\n<li>Accediu a l&#8217;<a href=\"https:\/\/comunitat.edigital.cat\/c\/tecnologies-aula\/microsoft365\/238\" data-type=\"link\" data-id=\"https:\/\/comunitat.edigital.cat\/c\/tecnologies-aula\/microsoft365\/238\">espai Microsoft 365<\/a><\/li>\n<\/ol>\n\n\n\n<div style=\"height:65px\" aria-hidden=\"true\" class=\"wp-block-spacer\"><\/div>\n<\/div><\/div><\/div><\/div><\/div>\n","protected":false},"excerpt":{"rendered":"<p>Conjunt d&#8217;aplicacions de productivitat basada en el n\u00favol que ofereix un conjunt de serveis i programari com ara Word, Excel, PowerPoint, Visio i moltes altres. A m\u00e9s de les aplicacions de productivitat tradicionals, Microsoft 365 tamb\u00e9 ofereix OneDrive, servei d&#8217;emmagatzematge en l\u00ednia. Word Editor de text en l\u00ednia Excel Fulls de c\u00e0lcul en l\u00ednia Powerpoint [&hellip;]<\/p>\n","protected":false},"author":1,"featured_media":0,"parent":8706,"menu_order":0,"comment_status":"closed","ping_status":"close","template":"","meta":{"site-sidebar-layout":"default","site-content-layout":"","ast-site-content-layout":"default","site-content-style":"default","site-sidebar-style":"default","ast-global-header-display":"","ast-banner-title-visibility":"","ast-main-header-display":"","ast-hfb-above-header-display":"","ast-hfb-below-header-display":"","ast-hfb-mobile-header-display":"","site-post-title":"","ast-breadcrumbs-content":"","ast-featured-img":"","footer-sml-layout":"","theme-transparent-header-meta":"","adv-header-id-meta":"","stick-header-meta":"","header-above-stick-meta":"","header-main-stick-meta":"","header-below-stick-meta":"","astra-migrate-meta-layouts":"set","ast-page-background-enabled":"default","ast-page-background-meta":{"desktop":{"background-color":"var(--ast-global-color-4)","background-image":"","background-repeat":"repeat","background-position":"center center","background-size":"auto","background-attachment":"scroll","background-type":"","background-media":"","overlay-type":"","overlay-color":"","overlay-opacity":"","overlay-gradient":""},"tablet":{"background-color":"","background-image":"","background-repeat":"repeat","background-position":"center center","background-size":"auto","background-attachment":"scroll","background-type":"","background-media":"","overlay-type":"","overlay-color":"","overlay-opacity":"","overlay-gradient":""},"mobile":{"background-color":"","background-image":"","background-repeat":"repeat","background-position":"center center","background-size":"auto","background-attachment":"scroll","background-type":"","background-media":"","overlay-type":"","overlay-color":"","overlay-opacity":"","overlay-gradient":""}},"ast-content-background-meta":{"desktop":{"background-color":"var(--ast-global-color-5)","background-image":"","background-repeat":"repeat","background-position":"center center","background-size":"auto","background-attachment":"scroll","background-type":"","background-media":"","overlay-type":"","overlay-color":"","overlay-opacity":"","overlay-gradient":""},"tablet":{"background-color":"var(--ast-global-color-5)","background-image":"","background-repeat":"repeat","background-position":"center center","background-size":"auto","background-attachment":"scroll","background-type":"","background-media":"","overlay-type":"","overlay-color":"","overlay-opacity":"","overlay-gradient":""},"mobile":{"background-color":"var(--ast-global-color-5)","background-image":"","background-repeat":"repeat","background-position":"center center","background-size":"auto","background-attachment":"scroll","background-type":"","background-media":"","overlay-type":"","overlay-color":"","overlay-opacity":"","overlay-gradient":""}},"footnotes":""},"class_list":["post-17061","page","type-page","status-publish","hentry"],"post_mailing_queue_ids":[],"_links":{"self":[{"href":"https:\/\/projectes.xtec.cat\/digital\/wp-json\/wp\/v2\/pages\/17061","targetHints":{"allow":["GET"]}}],"collection":[{"href":"https:\/\/projectes.xtec.cat\/digital\/wp-json\/wp\/v2\/pages"}],"about":[{"href":"https:\/\/projectes.xtec.cat\/digital\/wp-json\/wp\/v2\/types\/page"}],"author":[{"embeddable":true,"href":"https:\/\/projectes.xtec.cat\/digital\/wp-json\/wp\/v2\/users\/1"}],"replies":[{"embeddable":true,"href":"https:\/\/projectes.xtec.cat\/digital\/wp-json\/wp\/v2\/comments?post=17061"}],"version-history":[{"count":6,"href":"https:\/\/projectes.xtec.cat\/digital\/wp-json\/wp\/v2\/pages\/17061\/revisions"}],"predecessor-version":[{"id":36831,"href":"https:\/\/projectes.xtec.cat\/digital\/wp-json\/wp\/v2\/pages\/17061\/revisions\/36831"}],"up":[{"embeddable":true,"href":"https:\/\/projectes.xtec.cat\/digital\/wp-json\/wp\/v2\/pages\/8706"}],"wp:attachment":[{"href":"https:\/\/projectes.xtec.cat\/digital\/wp-json\/wp\/v2\/media?parent=17061"}],"curies":[{"name":"wp","href":"https:\/\/api.w.org\/{rel}","templated":true}]}}