{"id":17553,"date":"2023-08-02T16:49:31","date_gmt":"2023-08-02T14:49:31","guid":{"rendered":"https:\/\/projectes.xtec.cat\/digital\/?page_id=17553"},"modified":"2024-03-21T14:29:23","modified_gmt":"2024-03-21T13:29:23","slug":"signatura-digital","status":"publish","type":"page","link":"https:\/\/projectes.xtec.cat\/digital\/perfils\/equip-directiu\/signatura-digital\/","title":{"rendered":"Signatura digital"},"content":{"rendered":"\n<div class=\"wp-block-getwid-section alignfull alignfull\"><div class=\"wp-block-getwid-section__wrapper\"><div class=\"wp-block-getwid-section__inner-wrapper\"><div class=\"wp-block-getwid-section__background-holder\"><div class=\"wp-block-getwid-section__background\"><\/div><div class=\"wp-block-getwid-section__foreground\"><\/div><\/div><div class=\"wp-block-getwid-section__content\"><div class=\"wp-block-getwid-section__inner-content\">\n<p>La signatura electr\u00f2nica \u00e9s un concepte ampli, at\u00e8s que engloba diversos m\u00e8todes per signar un document que s&#8217;ha redactat en suport electr\u00f2nic. La signatura electr\u00f2nica reconeguda t\u00e9 el mateix valor que la signatura manuscrita, en relaci\u00f3 amb les dades consignades en suport paper.<\/p>\n\n\n\n<p>Per signar digitalment un document com a equip directiu necessitareu un <strong>certificat digital que us permeti identificar-vos amb el vostre c\u00e0rrec<\/strong> i una <strong>aplicaci\u00f3 per incorporar i desar la firma digital<\/strong>. <\/p>\n<\/div><\/div><\/div><\/div><\/div>\n\n\n\n<div class=\"wp-block-getwid-section alignfull alignfull\"><div class=\"wp-block-getwid-section__wrapper\"><div class=\"wp-block-getwid-section__inner-wrapper\"><div class=\"wp-block-getwid-section__background-holder\"><div class=\"wp-block-getwid-section__background has-background has-ast-global-color-4-background-color\"><\/div><div class=\"wp-block-getwid-section__foreground\"><\/div><\/div><div class=\"wp-block-getwid-section__content\"><div class=\"wp-block-getwid-section__inner-content\">\n<div class=\"wp-block-columns is-layout-flex wp-container-core-columns-is-layout-2 wp-block-columns-is-layout-flex\">\n<div class=\"wp-block-column caixa is-layout-flow wp-block-column-is-layout-flow\">\n<h2 class=\"wp-block-heading\">Pas 1. Obtenir els certificats digitals<\/h2>\n\n\n\n<div class=\"wp-block-columns is-layout-flex wp-container-core-columns-is-layout-1 wp-block-columns-is-layout-flex\">\n<div class=\"wp-block-column is-layout-flow wp-block-column-is-layout-flow\" style=\"flex-basis:80%\">\n<p>Depenent de l&#8217;entitat on s&#8217;hagi de presentar el document signat digitalment, ser\u00e0 necessari un certificat digital o un altre. Podeu incorporar al vostre ordinador tants certificats digitals com vulgueu. <\/p>\n\n\n\n<p><mark style=\"background-color:rgba(0, 0, 0, 0)\" class=\"has-inline-color has-ast-global-color-8-color\">Per tr\u00e0mits administratius amb el Departament d&#8217;Educaci\u00f3, per ordre de prefer\u00e8ncia: <\/mark><\/p>\n<\/div>\n\n\n\n<div class=\"wp-block-column is-layout-flow wp-block-column-is-layout-flow\" style=\"flex-basis:20%\">\n<figure class=\"wp-block-image aligncenter size-full is-resized is-style-default\"><a href=\"https:\/\/projectes.xtec.cat\/digital\/wp-content\/uploads\/usu2317\/2024\/03\/laptop-arrow-down-1.png\"><img loading=\"lazy\" decoding=\"async\" width=\"512\" height=\"512\" src=\"https:\/\/projectes.xtec.cat\/digital\/wp-content\/uploads\/usu2317\/2024\/03\/laptop-arrow-down-1.png\" alt=\"\" class=\"wp-image-25264\" style=\"aspect-ratio:1;width:91px;height:auto\" srcset=\"https:\/\/projectes.xtec.cat\/digital\/wp-content\/uploads\/usu2317\/2024\/03\/laptop-arrow-down-1.png 512w, https:\/\/projectes.xtec.cat\/digital\/wp-content\/uploads\/usu2317\/2024\/03\/laptop-arrow-down-1-300x300.png 300w, https:\/\/projectes.xtec.cat\/digital\/wp-content\/uploads\/usu2317\/2024\/03\/laptop-arrow-down-1-150x150.png 150w\" sizes=\"auto, (max-width: 512px) 100vw, 512px\" \/><\/a><\/figure>\n<\/div>\n<\/div>\n\n\n\n<div class=\"wp-block-getwid-toggle has-icon-left\">\n<div class=\"wp-block-getwid-toggle__row\"><div class=\"wp-block-getwid-toggle__header-wrapper\"><span class=\"wp-block-getwid-toggle__header\"><a href=\"#\"><span class=\"wp-block-getwid-toggle__header-title\"><mark style=\"background-color:rgba(0, 0, 0, 0)\" class=\"has-inline-color has-ast-global-color-8-color\">Com a representant de la persona jur\u00eddica: <strong>Certificat T-CAT \/ T-CAT P<\/strong><\/mark><\/span><span class=\"wp-block-getwid-toggle__icon is-active\"><i class=\"fas fa-chevron-down\"><\/i><\/span><span class=\"wp-block-getwid-toggle__icon is-passive\"><i class=\"fas fa-minus\"><\/i><\/span><\/a><\/span><\/div><div class=\"wp-block-getwid-toggle__content-wrapper\"><div class=\"wp-block-getwid-toggle__content\">\n<p>La T-CAT \u00e9s el certificat personal d\u2019identificaci\u00f3, xifrat i&nbsp;<strong>signatura avan\u00e7ada amb c\u00e0rrec<\/strong> que identifica, a m\u00e9s de la persona que el posseeix, a la seva organitzaci\u00f3 subscriptora, i pot incloure una manifestaci\u00f3 relativa al c\u00e0rrec del posse\u00efdor de claus. <\/p>\n\n\n\n<ul class=\"wp-block-list\">\n<li>El certificat T-CAT es lliura mitjan\u00e7ant una targeta personal, en suport f\u00edsic.<\/li>\n\n\n\n<li>El certificat T-CAT P es lliura en programari que es pot instal\u00b7lar en diferents suports: ordinadors, tel\u00e8fons m\u00f2bils, tabletes, etc.<\/li>\n<\/ul>\n\n\n\n<p>El seu \u00fas principal \u00e9s la&nbsp;<strong>identificaci\u00f3 i autenticaci\u00f3<\/strong>&nbsp;per realitzar de tr\u00e0mits telem\u00e0tics amb plenes garanties jur\u00eddiques i t\u00e8cniques, tant a nivell de treballador del sector p\u00fablic catal\u00e0 com a nivell personal.<\/p>\n\n\n\n<p>En cas que necessiteu una emissi\u00f3 o renovaci\u00f3 de la targeta T-CAT o del certificat T-CAT P l\u2019haureu de demanar al responsable corresponent del vostre ens, que a la seva vegada haur\u00e0 de seguir el procediment establert.<\/p>\n\n\n\n<div class=\"wp-block-buttons is-content-justification-center is-layout-flex wp-container-core-buttons-is-layout-1 wp-block-buttons-is-layout-flex\">\n<div class=\"wp-block-button\"><a class=\"wp-block-button__link has-ast-global-color-8-color has-text-color wp-element-button\" href=\"https:\/\/suport-tcat.aoc.cat\/hc\/ca\/articles\/4413898446993-Primers-passos-amb-la-T-CAT-en-targeta\" target=\"_blank\" rel=\"noreferrer noopener\">Instruccions d&#8217;\u00fas T-CAT<\/a><\/div>\n\n\n\n<div class=\"wp-block-button\"><a class=\"wp-block-button__link has-ast-global-color-8-color has-text-color wp-element-button\" href=\"https:\/\/suport-tcat.aoc.cat\/hc\/ca\/articles\/4413898450577-Desc%C3%A0rrega-i-instal-laci%C3%B3-de-la-T-CAT-P-Programari\" target=\"_blank\" rel=\"noreferrer noopener\">Instruccions d&#8217;\u00fas T-CAT P<\/a><\/div>\n<\/div>\n\n\n\n<div style=\"height:25px\" aria-hidden=\"true\" class=\"wp-block-spacer\"><\/div>\n\n\n\n<p>Enlla\u00e7os d&#8217;inter\u00e8s:<\/p>\n\n\n\n<ul class=\"wp-block-list\">\n<li><a href=\"https:\/\/docs.google.com\/presentation\/d\/16FYGedGTiEJXhKgthTeQobXPhZlyT_5r973atfOT5zs\/edit#slide=id.p1\" data-type=\"link\" data-id=\"https:\/\/docs.google.com\/presentation\/d\/16FYGedGTiEJXhKgthTeQobXPhZlyT_5r973atfOT5zs\/edit#slide=id.p1\" target=\"_blank\" rel=\"noreferrer noopener\">Certificaci\u00f3 Digital: T-CAT<\/a><\/li>\n\n\n\n<li><a href=\"https:\/\/projectes.xtec.cat\/digital\/wp-content\/uploads\/usu2317\/2023\/08\/Explicacio-completa-T_CAT-P.pdf\" data-type=\"link\" data-id=\"https:\/\/projectes.xtec.cat\/digital\/wp-content\/uploads\/usu2317\/2023\/08\/Explicacio-completa-T_CAT-P.pdf\">Certificaci\u00f3 Digital: T-CAT P<\/a><\/li>\n\n\n\n<li><a href=\"https:\/\/www.aoc.cat\/serveis-aoc\/catcert-titulars-t-cat\/#que-es-cataleg15b7-4219\" data-type=\"link\" data-id=\"https:\/\/www.aoc.cat\/serveis-aoc\/catcert-titulars-t-cat\/#que-es-cataleg15b7-4219\" target=\"_blank\" rel=\"noreferrer noopener\">Informaci\u00f3 per als usuaris de la T-CAT i la T-CAT P<\/a><\/li>\n\n\n\n<li><a href=\"https:\/\/suport-tcat.aoc.cat\/hc\/ca\/articles\/4413898471185-Sol-licitud-de-certificats-digitals-a-trav%C3%A9s-d-EACAT\" data-type=\"link\" data-id=\"https:\/\/suport-tcat.aoc.cat\/hc\/ca\/articles\/4413898471185-Sol-licitud-de-certificats-digitals-a-trav%C3%A9s-d-EACAT\" target=\"_blank\" rel=\"noreferrer noopener\">Sol\u00b7licitud de certificats digitals a trav\u00e9s d&#8217;EACAT<\/a><\/li>\n<\/ul>\n<\/div><\/div><\/div>\n\n\n\n<div class=\"wp-block-getwid-toggle__row\"><div class=\"wp-block-getwid-toggle__header-wrapper\"><span class=\"wp-block-getwid-toggle__header\"><a href=\"#\"><span class=\"wp-block-getwid-toggle__header-title\"><mark style=\"background-color:rgba(0, 0, 0, 0)\" class=\"has-inline-color has-ast-global-color-8-color\">Com a representant de la persona jur\u00eddica:<\/mark> <mark style=\"background-color:rgba(0, 0, 0, 0)\" class=\"has-inline-color has-ast-global-color-8-color\"><mark style=\"background-color:rgba(0, 0, 0, 0)\" class=\"has-inline-color has-ast-global-color-8-color\"><strong>Certificat Digital de la F\u00e0brica Nacional de Moneda i Timbre<\/strong><\/mark><\/mark><\/span><span class=\"wp-block-getwid-toggle__icon is-active\"><i class=\"fas fa-chevron-down\"><\/i><\/span><span class=\"wp-block-getwid-toggle__icon is-passive\"><i class=\"fas fa-minus\"><\/i><\/span><\/a><\/span><\/div><div class=\"wp-block-getwid-toggle__content-wrapper\"><div class=\"wp-block-getwid-toggle__content\">\n<p>El Certificat Digital FNMT de Persona Jur\u00eddica \u00e9s la certificaci\u00f3 electr\u00f2nica expedida per la F\u00e0brica Nacional de Moneda i Timbre &#8211; Reial Casa de la Moneda (FNMT-RCM) a les persones f\u00edsiques com a representants de les persones jur\u00eddiques per al seu \u00fas en les relacions amb les Administracions p\u00fabliques, entitats i organismes p\u00fablics, vinculats o dependents dels mateixos.<\/p>\n\n\n\n<div class=\"wp-block-buttons is-content-justification-center is-layout-flex wp-container-core-buttons-is-layout-2 wp-block-buttons-is-layout-flex\">\n<div class=\"wp-block-button\"><a class=\"wp-block-button__link has-ast-global-color-8-color has-text-color wp-element-button\" href=\"https:\/\/www.sede.fnmt.gob.es\/ca\/certificados\/certificado-de-representante\/persona-juridica\/configuracion-previa\" target=\"_blank\" rel=\"noreferrer noopener\">Tramitaci\u00f3 certificat FNMT &#8211; Persona jur\u00eddica<\/a><\/div>\n<\/div>\n\n\n\n<p>Enlla\u00e7os d&#8217;inter\u00e8s:<\/p>\n\n\n\n<ul class=\"wp-block-list\">\n<li><a rel=\"noreferrer noopener\" href=\"https:\/\/drive.google.com\/file\/d\/1wMYUenHgRE33IYZvDFHqJeyHYIhJ_tLm\/view\" data-type=\"link\" data-id=\"https:\/\/drive.google.com\/file\/d\/1wMYUenHgRE33IYZvDFHqJeyHYIhJ_tLm\/view\" target=\"_blank\">Manual de tramitaci\u00f3 certificat FNMT<\/a><\/li>\n<\/ul>\n<\/div><\/div><\/div>\n\n\n\n<div class=\"wp-block-getwid-toggle__row\"><div class=\"wp-block-getwid-toggle__header-wrapper\"><span class=\"wp-block-getwid-toggle__header\"><a href=\"#\"><span class=\"wp-block-getwid-toggle__header-title\"><mark style=\"background-color:rgba(0, 0, 0, 0)\" class=\"has-inline-color has-ast-global-color-8-color\">Com a persona f\u00edsica: <\/mark><strong><mark style=\"background-color:rgba(0, 0, 0, 0)\" class=\"has-inline-color has-ast-global-color-8-color\">Certificat DNIe<\/mark><\/strong><\/span><span class=\"wp-block-getwid-toggle__icon is-active\"><i class=\"fas fa-chevron-down\"><\/i><\/span><span class=\"wp-block-getwid-toggle__icon is-passive\"><i class=\"fas fa-minus\"><\/i><\/span><\/a><\/span><\/div><div class=\"wp-block-getwid-toggle__content-wrapper\"><div class=\"wp-block-getwid-toggle__content\">\n<p>El DNI electr\u00f2nic serveix per <strong>acreditar de forma f\u00edsica i digital la identitat personal del seu titular<\/strong> i permet la signatura electr\u00f2nica de documents. Es pot activar en els punts d&#8217;expedici\u00f3 del DNI (Comissaries de Policia) als terminals denominats \u201cPunts d&#8217;Actualitzaci\u00f3 del DNI electr\u00f2nic\u201d.&nbsp;<\/p>\n\n\n\n<p>Per a utilitzar el DNIe cal introduir la targeta del DNI en un lector i confirmar la seva identitat marcant el PIN personal associat.<\/p>\n\n\n\n<p>Enlla\u00e7os d&#8217;inter\u00e9s:<\/p>\n\n\n\n<ul class=\"wp-block-list\">\n<li><a href=\"https:\/\/sede.sepe.gob.es\/portalSede\/ca\/firma-electronica\/preguntas-frecuentes\/DNI.html\" data-type=\"link\" data-id=\"https:\/\/sede.sepe.gob.es\/portalSede\/ca\/firma-electronica\/preguntas-frecuentes\/DNI.html\">Preguntes freq\u00fcents: DNI electr\u00f2nic<\/a><\/li>\n<\/ul>\n<\/div><\/div><\/div>\n\n\n\n<div class=\"wp-block-getwid-toggle__row\"><div class=\"wp-block-getwid-toggle__header-wrapper\"><span class=\"wp-block-getwid-toggle__header\"><a href=\"#\"><span class=\"wp-block-getwid-toggle__header-title\"><mark style=\"background-color:rgba(0, 0, 0, 0)\" class=\"has-inline-color has-ast-global-color-8-color\">Com a persona f\u00edsica: <strong>Certificat idCAT<\/strong><\/mark><\/span><span class=\"wp-block-getwid-toggle__icon is-active\"><i class=\"fas fa-chevron-down\"><\/i><\/span><span class=\"wp-block-getwid-toggle__icon is-passive\"><i class=\"fas fa-minus\"><\/i><\/span><\/a><\/span><\/div><div class=\"wp-block-getwid-toggle__content-wrapper\"><div class=\"wp-block-getwid-toggle__content\">\n<p><strong>L&#8217;idCAT Certificat \u00e9s un identificador digital que s&#8217;instal\u00b7la al vostre navegador tot garantint la vostra identitat a Internet<\/strong>&nbsp;i us permet accedir als diferents tr\u00e0mits i gestions que ofereixen moltes administracions.<\/p>\n\n\n\n<div class=\"wp-block-buttons is-content-justification-center is-layout-flex wp-container-core-buttons-is-layout-3 wp-block-buttons-is-layout-flex\">\n<div class=\"wp-block-button\"><a class=\"wp-block-button__link has-ast-global-color-8-color has-text-color wp-element-button\" href=\"https:\/\/www.idcat.cat\/\" target=\"_blank\" rel=\"noreferrer noopener\">Obtenir certificat idCAT<\/a><\/div>\n<\/div>\n<\/div><\/div><\/div>\n<\/div>\n\n\n\n<div style=\"height:20px\" aria-hidden=\"true\" class=\"wp-block-spacer\"><\/div>\n\n\n\n<p>Per tr\u00e0mits amb Hisenda i administraci\u00f3 central:<\/p>\n\n\n\n<div class=\"wp-block-getwid-toggle has-icon-left\">\n<div class=\"wp-block-getwid-toggle__row\"><div class=\"wp-block-getwid-toggle__header-wrapper\"><span class=\"wp-block-getwid-toggle__header\"><a href=\"#\"><span class=\"wp-block-getwid-toggle__header-title\"><mark style=\"background-color:rgba(0, 0, 0, 0)\" class=\"has-inline-color has-ast-global-color-8-color\"><mark style=\"background-color:rgba(0, 0, 0, 0)\" class=\"has-inline-color has-ast-global-color-8-color\"><strong>Certificat Digital de la F\u00e0brica Nacional de Moneda i Timbre<\/strong><\/mark><\/mark><\/span><span class=\"wp-block-getwid-toggle__icon is-active\"><i class=\"fas fa-chevron-down\"><\/i><\/span><span class=\"wp-block-getwid-toggle__icon is-passive\"><i class=\"fas fa-minus\"><\/i><\/span><\/a><\/span><\/div><div class=\"wp-block-getwid-toggle__content-wrapper\"><div class=\"wp-block-getwid-toggle__content\">\n<p>El Certificat Digital FNMT de Persona Jur\u00eddica \u00e9s la certificaci\u00f3 electr\u00f2nica expedida per la F\u00e0brica Nacional de Moneda i Timbre &#8211; Reial Casa de la Moneda (FNMT-RCM) a les persones f\u00edsiques com a representants de les persones jur\u00eddiques per al seu \u00fas en les relacions amb les Administracions p\u00fabliques, entitats i organismes p\u00fablics, vinculats o dependents dels mateixos.<\/p>\n\n\n\n<div class=\"wp-block-buttons is-content-justification-center is-layout-flex wp-container-core-buttons-is-layout-4 wp-block-buttons-is-layout-flex\">\n<div class=\"wp-block-button\"><a class=\"wp-block-button__link has-ast-global-color-8-color has-text-color wp-element-button\" href=\"https:\/\/www.sede.fnmt.gob.es\/ca\/certificados\/certificado-de-representante\/persona-juridica\/configuracion-previa\" target=\"_blank\" rel=\"noreferrer noopener\">Tramitaci\u00f3 certificat FNMT &#8211; Persona jur\u00eddica<\/a><\/div>\n<\/div>\n\n\n\n<p>Enlla\u00e7os d&#8217;inter\u00e8s:<\/p>\n\n\n\n<ul class=\"wp-block-list\">\n<li><a rel=\"noreferrer noopener\" href=\"https:\/\/drive.google.com\/file\/d\/1wMYUenHgRE33IYZvDFHqJeyHYIhJ_tLm\/view\" data-type=\"link\" data-id=\"https:\/\/drive.google.com\/file\/d\/1wMYUenHgRE33IYZvDFHqJeyHYIhJ_tLm\/view\" target=\"_blank\">Manual de tramitaci\u00f3 certificat FNMT<\/a><\/li>\n<\/ul>\n<\/div><\/div><\/div>\n<\/div>\n\n\n\n<div style=\"height:20px\" aria-hidden=\"true\" class=\"wp-block-spacer\"><\/div>\n<\/div>\n<\/div>\n<\/div><\/div><\/div><\/div><\/div>\n\n\n\n<div class=\"wp-block-getwid-section alignfull alignfull\"><div class=\"wp-block-getwid-section__wrapper\"><div class=\"wp-block-getwid-section__inner-wrapper\"><div class=\"wp-block-getwid-section__background-holder\"><div class=\"wp-block-getwid-section__background has-background has-ast-global-color-4-background-color\"><\/div><div class=\"wp-block-getwid-section__foreground\"><\/div><\/div><div class=\"wp-block-getwid-section__content\"><div class=\"wp-block-getwid-section__inner-content\">\n<div class=\"wp-block-columns is-layout-flex wp-container-core-columns-is-layout-4 wp-block-columns-is-layout-flex\">\n<div class=\"wp-block-column caixa is-layout-flow wp-block-column-is-layout-flow\">\n<h2 class=\"wp-block-heading\">Pas 2. Signar un document o formulari<\/h2>\n\n\n\n<div class=\"wp-block-columns is-layout-flex wp-container-core-columns-is-layout-3 wp-block-columns-is-layout-flex\">\n<div class=\"wp-block-column is-layout-flow wp-block-column-is-layout-flow\" style=\"flex-basis:80%\">\n<p>Un cop obtingut el certificat digital, ser\u00e0 necessari utilitzar una aplicaci\u00f3 que us permeti incorporar i desar la signatura digital.<\/p>\n\n\n\n<p>Podeu signar digitalment en:<\/p>\n<\/div>\n\n\n\n<div class=\"wp-block-column is-layout-flow wp-block-column-is-layout-flow\" style=\"flex-basis:20%\">\n<figure class=\"wp-block-image aligncenter size-full is-resized is-style-default\"><a href=\"https:\/\/projectes.xtec.cat\/digital\/wp-content\/uploads\/usu2317\/2024\/03\/signature-lock-2.png\"><img loading=\"lazy\" decoding=\"async\" width=\"512\" height=\"512\" src=\"https:\/\/projectes.xtec.cat\/digital\/wp-content\/uploads\/usu2317\/2024\/03\/signature-lock-2.png\" alt=\"\" class=\"wp-image-25268\" style=\"aspect-ratio:1;width:79px;height:auto\" srcset=\"https:\/\/projectes.xtec.cat\/digital\/wp-content\/uploads\/usu2317\/2024\/03\/signature-lock-2.png 512w, https:\/\/projectes.xtec.cat\/digital\/wp-content\/uploads\/usu2317\/2024\/03\/signature-lock-2-300x300.png 300w, https:\/\/projectes.xtec.cat\/digital\/wp-content\/uploads\/usu2317\/2024\/03\/signature-lock-2-150x150.png 150w\" sizes=\"auto, (max-width: 512px) 100vw, 512px\" \/><\/a><\/figure>\n<\/div>\n<\/div>\n\n\n\n<div class=\"wp-block-getwid-toggle has-icon-left\">\n<div class=\"wp-block-getwid-toggle__row\"><div class=\"wp-block-getwid-toggle__header-wrapper\"><span class=\"wp-block-getwid-toggle__header\"><a href=\"#\"><span class=\"wp-block-getwid-toggle__header-title\"><mark style=\"background-color:rgba(0, 0, 0, 0)\" class=\"has-inline-color has-ast-global-color-8-color\">Signar documents i formularis <strong>en PDF<\/strong><\/mark><\/span><span class=\"wp-block-getwid-toggle__icon is-active\"><i class=\"fas fa-chevron-down\"><\/i><\/span><span class=\"wp-block-getwid-toggle__icon is-passive\"><i class=\"fas fa-minus\"><\/i><\/span><\/a><\/span><\/div><div class=\"wp-block-getwid-toggle__content-wrapper\"><div class=\"wp-block-getwid-toggle__content\">\n<p>Per a signar formularis descarregats en format PDF amb el programari <strong>Adobe Acrobat Reader<\/strong>:<\/p>\n\n\n\n<ul class=\"wp-block-list\">\n<li><a rel=\"noreferrer noopener\" href=\"https:\/\/web.gencat.cat\/ca\/tramits\/suport-tramitacio\/durant-la-tramitacio\/signatura-identificacio-digital\/com-signar-digitalment-un-tramit\/index.html#signar-documents-i-formularis-en-format-pdf\" data-type=\"link\" data-id=\"https:\/\/web.gencat.cat\/ca\/tramits\/suport-tramitacio\/durant-la-tramitacio\/signatura-identificacio-digital\/com-signar-digitalment-un-tramit\/index.html#signar-documents-i-formularis-en-format-pdf\" target=\"_blank\">Instruccions per a signar amb Acrobat Reader<\/a><\/li>\n<\/ul>\n<\/div><\/div><\/div>\n\n\n\n<div class=\"wp-block-getwid-toggle__row\"><div class=\"wp-block-getwid-toggle__header-wrapper\"><span class=\"wp-block-getwid-toggle__header\"><a href=\"#\"><span class=\"wp-block-getwid-toggle__header-title\"><mark style=\"background-color:rgba(0, 0, 0, 0)\" class=\"has-inline-color has-ast-global-color-8-color\">Signar documents i formularis <strong>en l\u00ednia (HTML)<\/strong><\/mark><\/span><span class=\"wp-block-getwid-toggle__icon is-active\"><i class=\"fas fa-chevron-down\"><\/i><\/span><span class=\"wp-block-getwid-toggle__icon is-passive\"><i class=\"fas fa-minus\"><\/i><\/span><\/a><\/span><\/div><div class=\"wp-block-getwid-toggle__content-wrapper\"><div class=\"wp-block-getwid-toggle__content\">\n<p>Per a signar documents i formularis en l\u00ednia (HTML) sense descarregar-lo podeu seguir les instruccions seg\u00fcents:<\/p>\n\n\n\n<ul class=\"wp-block-list\">\n<li><a href=\"https:\/\/web.gencat.cat\/ca\/tramits\/suport-tramitacio\/durant-la-tramitacio\/signatura-identificacio-digital\/com-signar-digitalment-un-tramit\/index.html#signar-documents-i-formularis-en-format-html\" data-type=\"link\" data-id=\"https:\/\/web.gencat.cat\/ca\/tramits\/suport-tramitacio\/durant-la-tramitacio\/signatura-identificacio-digital\/com-signar-digitalment-un-tramit\/index.html#signar-documents-i-formularis-en-format-html\">Instruccions per a signar en l\u00ednia (HTML)<\/a><\/li>\n<\/ul>\n<\/div><\/div><\/div>\n<\/div>\n<\/div>\n<\/div>\n\n\n\n<div style=\"height:30px\" aria-hidden=\"true\" class=\"wp-block-spacer\"><\/div>\n<\/div><\/div><\/div><\/div><\/div>\n","protected":false},"excerpt":{"rendered":"","protected":false},"author":1,"featured_media":0,"parent":13645,"menu_order":0,"comment_status":"closed","ping_status":"close","template":"","meta":{"site-sidebar-layout":"no-sidebar","site-content-layout":"plain-container","ast-site-content-layout":"","site-content-style":"default","site-sidebar-style":"default","ast-global-header-display":"","ast-banner-title-visibility":"","ast-main-header-display":"","ast-hfb-above-header-display":"","ast-hfb-below-header-display":"","ast-hfb-mobile-header-display":"","site-post-title":"","ast-breadcrumbs-content":"","ast-featured-img":"","footer-sml-layout":"","theme-transparent-header-meta":"","adv-header-id-meta":"","stick-header-meta":"","header-above-stick-meta":"","header-main-stick-meta":"","header-below-stick-meta":"","astra-migrate-meta-layouts":"default","ast-page-background-enabled":"default","ast-page-background-meta":{"desktop":{"background-color":"var(--ast-global-color-4)","background-image":"","background-repeat":"repeat","background-position":"center center","background-size":"auto","background-attachment":"scroll","background-type":"","background-media":"","overlay-type":"","overlay-color":"","overlay-opacity":"","overlay-gradient":""},"tablet":{"background-color":"","background-image":"","background-repeat":"repeat","background-position":"center center","background-size":"auto","background-attachment":"scroll","background-type":"","background-media":"","overlay-type":"","overlay-color":"","overlay-opacity":"","overlay-gradient":""},"mobile":{"background-color":"","background-image":"","background-repeat":"repeat","background-position":"center center","background-size":"auto","background-attachment":"scroll","background-type":"","background-media":"","overlay-type":"","overlay-color":"","overlay-opacity":"","overlay-gradient":""}},"ast-content-background-meta":{"desktop":{"background-color":"var(--ast-global-color-5)","background-image":"","background-repeat":"repeat","background-position":"center center","background-size":"auto","background-attachment":"scroll","background-type":"","background-media":"","overlay-type":"","overlay-color":"","overlay-opacity":"","overlay-gradient":""},"tablet":{"background-color":"var(--ast-global-color-5)","background-image":"","background-repeat":"repeat","background-position":"center center","background-size":"auto","background-attachment":"scroll","background-type":"","background-media":"","overlay-type":"","overlay-color":"","overlay-opacity":"","overlay-gradient":""},"mobile":{"background-color":"var(--ast-global-color-5)","background-image":"","background-repeat":"repeat","background-position":"center center","background-size":"auto","background-attachment":"scroll","background-type":"","background-media":"","overlay-type":"","overlay-color":"","overlay-opacity":"","overlay-gradient":""}},"footnotes":""},"class_list":["post-17553","page","type-page","status-publish","hentry"],"post_mailing_queue_ids":[],"_links":{"self":[{"href":"https:\/\/projectes.xtec.cat\/digital\/wp-json\/wp\/v2\/pages\/17553","targetHints":{"allow":["GET"]}}],"collection":[{"href":"https:\/\/projectes.xtec.cat\/digital\/wp-json\/wp\/v2\/pages"}],"about":[{"href":"https:\/\/projectes.xtec.cat\/digital\/wp-json\/wp\/v2\/types\/page"}],"author":[{"embeddable":true,"href":"https:\/\/projectes.xtec.cat\/digital\/wp-json\/wp\/v2\/users\/1"}],"replies":[{"embeddable":true,"href":"https:\/\/projectes.xtec.cat\/digital\/wp-json\/wp\/v2\/comments?post=17553"}],"version-history":[{"count":6,"href":"https:\/\/projectes.xtec.cat\/digital\/wp-json\/wp\/v2\/pages\/17553\/revisions"}],"predecessor-version":[{"id":25270,"href":"https:\/\/projectes.xtec.cat\/digital\/wp-json\/wp\/v2\/pages\/17553\/revisions\/25270"}],"up":[{"embeddable":true,"href":"https:\/\/projectes.xtec.cat\/digital\/wp-json\/wp\/v2\/pages\/13645"}],"wp:attachment":[{"href":"https:\/\/projectes.xtec.cat\/digital\/wp-json\/wp\/v2\/media?parent=17553"}],"curies":[{"name":"wp","href":"https:\/\/api.w.org\/{rel}","templated":true}]}}