{"id":18236,"date":"2023-09-23T08:15:47","date_gmt":"2023-09-23T06:15:47","guid":{"rendered":"https:\/\/projectes.xtec.cat\/digital\/?page_id=18236"},"modified":"2023-09-23T08:52:28","modified_gmt":"2023-09-23T06:52:28","slug":"usuaris-que-no-han-retornat-lequip-en-el-centre-anterior","status":"publish","type":"page","link":"https:\/\/projectes.xtec.cat\/digital\/perfils\/coordinacio-digital\/usuaris-que-no-han-retornat-lequip-en-el-centre-anterior\/","title":{"rendered":"Usuaris que no han retornat l&#8217;equip en el centre anterior"},"content":{"rendered":"\n<p style=\"font-size:22px\">Cada usuari, sigui alumne o docent, nom\u00e9s pot tenir <strong>un equip assignat.<\/strong> Aix\u00f2 permet evitar que els usuaris que canvien de centre rebin un nou ordinador quan tenen un pendent de retornar en el centre anterior. <\/p>\n\n\n\n<p class=\"has-medium-font-size\">INDIC (inventari digital de centre) incorpora un mecanisme de control que evita una nova assignaci\u00f3 si consta que l&#8217;usuari ja t\u00e9 un equip. Aquesta situaci\u00f3 pot respondre, en realitat, a dues situacions: <\/p>\n\n\n\n<ol class=\"wp-block-list\" style=\"font-size:22px\"><li>L&#8217;usuari no ha retornat l&#8217;equip.<\/li><li>L&#8217;inventari del centre d&#8217;on ve l&#8217;usuari no est\u00e0 actualitzat. L&#8217;usuari ha retornat l&#8217;equip, per\u00f2 no s&#8217;ha desassignat a l&#8217;INDIC. <\/li><\/ol>\n\n\n\n<h3 class=\"alignwide wp-block-heading\">Qu\u00e8 fer en aquest casos? <\/h3>\n\n\n\n<p style=\"font-size:22px\">No \u00e9s recomanable donar-li un equip a un usuari fins que es pugui assignar a INDIC. La correcta gesti\u00f3 de l&#8217;inventari INDIC \u00e9s fonamental per fer un bon \u00fas dels recursos p\u00fablics. <\/p>\n\n\n\n<p style=\"font-size:22px\">Teniu dues opcions perqu\u00e8 el centre anterior actualitzi el seu inventari: <\/p>\n\n\n\n<ol class=\"wp-block-list\" style=\"font-size:22px\"><li>Contacteu amb els centres i informeu-los de la situaci\u00f3. Podeu exportar tota la informaci\u00f3 necess\u00e0ria (SACE, nom de l&#8217;usuari) generant un informe que podeu trobar a: <br><strong>INDIC &#8211;&gt; Informaci\u00f3 general &#8211;&gt; Informes &#8211;&gt; Persones del centre que tenen un equip d&#8217;un altre centre<\/strong><\/li><\/ol>\n\n\n\n<figure class=\"wp-block-image size-large\"><a href=\"https:\/\/projectes.xtec.cat\/digital\/wp-content\/uploads\/usu2317\/2023\/09\/Captura-de-pantalla-2023-09-23-a-les-8.20.22.png\"><img loading=\"lazy\" decoding=\"async\" width=\"1024\" height=\"599\" src=\"https:\/\/projectes.xtec.cat\/digital\/wp-content\/uploads\/usu2317\/2023\/09\/Captura-de-pantalla-2023-09-23-a-les-8.20.22-1024x599.png\" alt=\"informe resaltat\" class=\"wp-image-18240\" srcset=\"https:\/\/projectes.xtec.cat\/digital\/wp-content\/uploads\/usu2317\/2023\/09\/Captura-de-pantalla-2023-09-23-a-les-8.20.22-1024x599.png 1024w, https:\/\/projectes.xtec.cat\/digital\/wp-content\/uploads\/usu2317\/2023\/09\/Captura-de-pantalla-2023-09-23-a-les-8.20.22-300x176.png 300w, https:\/\/projectes.xtec.cat\/digital\/wp-content\/uploads\/usu2317\/2023\/09\/Captura-de-pantalla-2023-09-23-a-les-8.20.22-768x450.png 768w, https:\/\/projectes.xtec.cat\/digital\/wp-content\/uploads\/usu2317\/2023\/09\/Captura-de-pantalla-2023-09-23-a-les-8.20.22.png 1037w\" sizes=\"auto, (max-width: 1024px) 100vw, 1024px\" \/><\/a><\/figure>\n\n\n\n<p class=\"has-text-align-center\" style=\"font-size:22px\">\ud83d\udc49 Al ser una tarea no t\u00e8cnica, podeu delegar-la en el personal administratiu del centre.<\/p>\n\n\n\n<div style=\"height:30px\" aria-hidden=\"true\" class=\"wp-block-spacer\"><\/div>\n\n\n\n<ol class=\"wp-block-list\" start=\"2\" style=\"font-size:22px\"><li>Demaneu a l&#8217;usuari que retorni l&#8217;equip al seu anterior centre o, si ja el va retornar, que es posi en contacte amb el seu centre educatiu anterior i demani que actualitzin l&#8217;inventari. <br><\/li><li>Si el centre anterior no actualitza el seu inventari, contacteu amb el vostre <a rel=\"noreferrer noopener\" href=\"https:\/\/projectes.xtec.cat\/digital\/suport-a-la-digitalitzacio\/gestor-tic\/\" data-type=\"URL\" data-id=\"https:\/\/projectes.xtec.cat\/digital\/suport-a-la-digitalitzacio\/gestor-tic\/\" target=\"_blank\">gestor TIC<\/a>.<\/li><\/ol>\n\n\n\n<div style=\"height:100px\" aria-hidden=\"true\" class=\"wp-block-spacer\"><\/div>\n\n\n\n<p><\/p>\n","protected":false},"excerpt":{"rendered":"<p>Cada usuari, sigui alumne o docent, nom\u00e9s pot tenir un equip assignat. Aix\u00f2 permet evitar que els usuaris que canvien de centre rebin un nou ordinador quan tenen un pendent de retornar en el centre anterior. INDIC (inventari digital de centre) incorpora un mecanisme de control que evita una nova assignaci\u00f3 si consta que l&#8217;usuari [&hellip;]<\/p>\n","protected":false},"author":2,"featured_media":0,"parent":13388,"menu_order":0,"comment_status":"closed","ping_status":"close","template":"","meta":{"site-sidebar-layout":"default","site-content-layout":"","ast-site-content-layout":"","site-content-style":"default","site-sidebar-style":"default","ast-global-header-display":"","ast-banner-title-visibility":"","ast-main-header-display":"","ast-hfb-above-header-display":"","ast-hfb-below-header-display":"","ast-hfb-mobile-header-display":"","site-post-title":"","ast-breadcrumbs-content":"","ast-featured-img":"","footer-sml-layout":"","theme-transparent-header-meta":"","adv-header-id-meta":"","stick-header-meta":"","header-above-stick-meta":"","header-main-stick-meta":"","header-below-stick-meta":"","astra-migrate-meta-layouts":"default","ast-page-background-enabled":"default","ast-page-background-meta":{"desktop":{"background-color":"var(--ast-global-color-4)","background-image":"","background-repeat":"repeat","background-position":"center center","background-size":"auto","background-attachment":"scroll","background-type":"","background-media":"","overlay-type":"","overlay-color":"","overlay-opacity":"","overlay-gradient":""},"tablet":{"background-color":"","background-image":"","background-repeat":"repeat","background-position":"center center","background-size":"auto","background-attachment":"scroll","background-type":"","background-media":"","overlay-type":"","overlay-color":"","overlay-opacity":"","overlay-gradient":""},"mobile":{"background-color":"","background-image":"","background-repeat":"repeat","background-position":"center center","background-size":"auto","background-attachment":"scroll","background-type":"","background-media":"","overlay-type":"","overlay-color":"","overlay-opacity":"","overlay-gradient":""}},"ast-content-background-meta":{"desktop":{"background-color":"var(--ast-global-color-5)","background-image":"","background-repeat":"repeat","background-position":"center center","background-size":"auto","background-attachment":"scroll","background-type":"","background-media":"","overlay-type":"","overlay-color":"","overlay-opacity":"","overlay-gradient":""},"tablet":{"background-color":"var(--ast-global-color-5)","background-image":"","background-repeat":"repeat","background-position":"center center","background-size":"auto","background-attachment":"scroll","background-type":"","background-media":"","overlay-type":"","overlay-color":"","overlay-opacity":"","overlay-gradient":""},"mobile":{"background-color":"var(--ast-global-color-5)","background-image":"","background-repeat":"repeat","background-position":"center center","background-size":"auto","background-attachment":"scroll","background-type":"","background-media":"","overlay-type":"","overlay-color":"","overlay-opacity":"","overlay-gradient":""}},"footnotes":""},"class_list":["post-18236","page","type-page","status-publish","hentry"],"post_mailing_queue_ids":[],"_links":{"self":[{"href":"https:\/\/projectes.xtec.cat\/digital\/wp-json\/wp\/v2\/pages\/18236","targetHints":{"allow":["GET"]}}],"collection":[{"href":"https:\/\/projectes.xtec.cat\/digital\/wp-json\/wp\/v2\/pages"}],"about":[{"href":"https:\/\/projectes.xtec.cat\/digital\/wp-json\/wp\/v2\/types\/page"}],"author":[{"embeddable":true,"href":"https:\/\/projectes.xtec.cat\/digital\/wp-json\/wp\/v2\/users\/2"}],"replies":[{"embeddable":true,"href":"https:\/\/projectes.xtec.cat\/digital\/wp-json\/wp\/v2\/comments?post=18236"}],"version-history":[{"count":3,"href":"https:\/\/projectes.xtec.cat\/digital\/wp-json\/wp\/v2\/pages\/18236\/revisions"}],"predecessor-version":[{"id":18249,"href":"https:\/\/projectes.xtec.cat\/digital\/wp-json\/wp\/v2\/pages\/18236\/revisions\/18249"}],"up":[{"embeddable":true,"href":"https:\/\/projectes.xtec.cat\/digital\/wp-json\/wp\/v2\/pages\/13388"}],"wp:attachment":[{"href":"https:\/\/projectes.xtec.cat\/digital\/wp-json\/wp\/v2\/media?parent=18236"}],"curies":[{"name":"wp","href":"https:\/\/api.w.org\/{rel}","templated":true}]}}