{"id":18728,"date":"2023-11-07T16:35:33","date_gmt":"2023-11-07T15:35:33","guid":{"rendered":"https:\/\/projectes.xtec.cat\/digital\/?page_id=18728"},"modified":"2025-05-27T12:05:50","modified_gmt":"2025-05-27T10:05:50","slug":"avisos","status":"publish","type":"page","link":"https:\/\/projectes.xtec.cat\/digital\/serveis-digitals\/indic\/manual-indic\/avisos\/","title":{"rendered":"Avisos"},"content":{"rendered":"\n<p>Aquesta \u00e0rea, visible nom\u00e9s a la pantalla inicial, mostra <strong>informacions<\/strong> d\u2019inter\u00e8s i <strong>avisos<\/strong> d\u2019equips en una situaci\u00f3 inconsistent.<\/p>\n\n\n\n<figure class=\"wp-block-image aligncenter size-large is-resized\"><img loading=\"lazy\" decoding=\"async\" width=\"840\" height=\"207\" src=\"https:\/\/projectes.xtec.cat\/digital\/wp-content\/uploads\/usu2317\/2023\/10\/3.avisos-2.png\" alt=\"\" class=\"wp-image-18565\" srcset=\"https:\/\/projectes.xtec.cat\/digital\/wp-content\/uploads\/usu2317\/2023\/10\/3.avisos-2.png 840w, https:\/\/projectes.xtec.cat\/digital\/wp-content\/uploads\/usu2317\/2023\/10\/3.avisos-2-300x74.png 300w, https:\/\/projectes.xtec.cat\/digital\/wp-content\/uploads\/usu2317\/2023\/10\/3.avisos-2-768x189.png 768w\" sizes=\"auto, (max-width: 840px) 100vw, 840px\" \/><figcaption class=\"wp-element-caption\">Avisos a <strong>INDIC<\/strong><\/figcaption><\/figure>\n\n\n\n<p>Els avisos poden ser:&nbsp;<\/p>\n\n\n\n<p><\/p>\n\n\n\n<p><\/p>\n\n\n\n<div class=\"wp-block-getwid-accordion alignwide has-icon-left alignwide\" data-active-element=\"none\">\n<div class=\"wp-block-getwid-accordion__header-wrapper\"><span class=\"wp-block-getwid-accordion__header\"><a href=\"#\"><span class=\"wp-block-getwid-accordion__header-title\">Av\u00eds 0. <strong>Tens X equips en estat \u201cDisponible\u201d amb inicis de sessi\u00f3 recents<\/strong><\/span><span class=\"wp-block-getwid-accordion__icon is-active\"><i class=\"fas fa-angle-down\"><\/i><\/span><span class=\"wp-block-getwid-accordion__icon is-passive\"><i class=\"fas fa-angle-up\"><\/i><\/span><\/a><\/span><\/div><div class=\"wp-block-getwid-accordion__content-wrapper\"><div class=\"wp-block-getwid-accordion__content\">\n<p><em>L\u2019equip est\u00e0 en estat \u201cDisponible\u201d per\u00f2 s\u2019est\u00e0 fent servir. L\u2019av\u00eds apareix despr\u00e9s de cinc inicis de sessi\u00f3 en els darrers quinze dies. Per solucionar aquesta inconsist\u00e8ncia, assigneu l\u2019equip a l\u2019usuari que correspongui i canvieu l\u2019estat a Entregat. Aquest av\u00eds no t\u00e9 en compte els Chromebooks que no tenen informat l\u2019<\/em><a href=\"https:\/\/projectes.xtec.cat\/edc\/wp-content\/uploads\/usu2268\/2021\/03\/PEDC_IDI.pdf#page=5\"><em>usuari de Google workspace a IDI<\/em><\/a><em>. <\/em><em><br><\/em><em><br><\/em>\ud83d\udc49 Si teniu molts equips a corregir, reviseu com fer <a href=\"https:\/\/docs.google.com\/document\/d\/1nk9gL6yr61svkk4PlOeAva5wot04xnttD9nB0U1spiY\/edit#heading=h.krwh42h4yg53\">actualitzacions<\/a> via fitxe<a href=\"https:\/\/docs.google.com\/document\/d\/1nk9gL6yr61svkk4PlOeAva5wot04xnttD9nB0U1spiY\/edit#heading=h.krwh42h4yg53\">r<\/a>.&nbsp;&nbsp;<\/p>\n\n\n\n<p>\u26a0\ufe0f No s\u2019estan recopilant la informaci\u00f3 dels inicis de sessi\u00f3 en els equips Chromebooks. Els avisos poden estar desactualitzats respecte a l\u2019estat real de l\u2019equip.<\/p>\n\n\n\n<p>\u26a0\ufe0f La informaci\u00f3 d\u2019inici de sessi\u00f3 en els equips LINKAT es recopila setmanalment. Els avisos poden estar desactualitzats respecte a l\u2019estat real de l\u2019equip.&nbsp;&nbsp;&nbsp;<\/p>\n<\/div><\/div>\n\n\n\n<div class=\"wp-block-getwid-accordion__header-wrapper\"><span class=\"wp-block-getwid-accordion__header\"><a href=\"#\"><span class=\"wp-block-getwid-accordion__header-title\">Av\u00eds 1. <strong>Tens X equips en estat \u201cPer entregar\u201d amb inicis de sessi\u00f3 recents<\/strong><\/span><span class=\"wp-block-getwid-accordion__icon is-active\"><i class=\"fas fa-angle-down\"><\/i><\/span><span class=\"wp-block-getwid-accordion__icon is-passive\"><i class=\"fas fa-angle-up\"><\/i><\/span><\/a><\/span><\/div><div class=\"wp-block-getwid-accordion__content-wrapper\"><div class=\"wp-block-getwid-accordion__content\">\n<p>L\u2019equip s\u2019est\u00e0 fent servir i est\u00e0 en un estat diferent d\u2019\u201cEntregat\u201d. Si l\u2019usuari que est\u00e0 fent servir l\u2019equip \u00e9s l\u2019usuari assignat (camp Persona), canvia l\u2019estat a \u201cEntregat\u201d.<br><br>\ud83d\udc49 Si teniu molts equips a corregir, reviseu com fer <a href=\"https:\/\/docs.google.com\/document\/d\/1nk9gL6yr61svkk4PlOeAva5wot04xnttD9nB0U1spiY\/edit#heading=h.krwh42h4yg53\">actualitzacions<\/a> via fitxer.<\/p>\n\n\n\n<p>\u26a0\ufe0f No s\u2019estan recopilant la informaci\u00f3 dels inicis de sessi\u00f3 en els equips Chromebooks. Els avisos poden estar desactualitzats respecte a l\u2019estat real de l\u2019equip.&nbsp;&nbsp;&nbsp;<\/p>\n\n\n\n<p>\u26a0\ufe0f La informaci\u00f3 d\u2019inici de sessi\u00f3 en els equips LINKAT es recopila setmanalment. Els avisos poden estar desactualitzats respecte a l\u2019estat real de l\u2019equip.&nbsp;&nbsp;&nbsp;<\/p>\n<\/div><\/div>\n\n\n\n<div class=\"wp-block-getwid-accordion__header-wrapper\"><span class=\"wp-block-getwid-accordion__header\"><a href=\"#\"><span class=\"wp-block-getwid-accordion__header-title\">Av\u00eds 2. <strong>Tens X equips en estat \u201cEntregat\u201d sense inicis de sessi\u00f3 recents<\/strong><\/span><span class=\"wp-block-getwid-accordion__icon is-active\"><i class=\"fas fa-angle-down\"><\/i><\/span><span class=\"wp-block-getwid-accordion__icon is-passive\"><i class=\"fas fa-angle-up\"><\/i><\/span><\/a><\/span><\/div><div class=\"wp-block-getwid-accordion__content-wrapper\"><div class=\"wp-block-getwid-accordion__content\">\n<p>L\u2019equip est\u00e0 en estat \u201cEntregat\u201d (que implica \u00fas) per\u00f2 no ha iniciat sessi\u00f3 en els darrers trenta dies.&nbsp;<\/p>\n\n\n\n<p><br>\u26a0\ufe0f&nbsp; Cal que l\u2019usuari reinici l\u2019equip o tanqui sessi\u00f3 amb freq\u00fc\u00e8ncia (un cop a la setmana, com a m\u00ednim) per evitar aquest tipus d\u2019av\u00eds en equips en \u00fas. Reiniciar els equips millora el seu rendiment general.<\/p>\n\n\n\n<p>\ud83d\udc49&nbsp; Si teniu molts equips a corregir, reviseu com fer les <a href=\"https:\/\/docs.google.com\/document\/d\/1nk9gL6yr61svkk4PlOeAva5wot04xnttD9nB0U1spiY\/edit#heading=h.krwh42h4yg53\">actualitzacions<\/a> via fitxer.&nbsp;&nbsp;<\/p>\n\n\n\n<p><br>\u26a0\ufe0f No s\u2019estan recopilant la informaci\u00f3 dels inicis de sessi\u00f3 en els equips Chromebooks. Els avisos poden estar desactualitzats respecte a l\u2019estat real de l\u2019equip.&nbsp;&nbsp;<br>\u26a0\ufe0f La informaci\u00f3 d\u2019inici de sessi\u00f3 en els equips LINKAT es recopila setmanalment. Els avisos poden estar desactualitzats respecte a l\u2019estat real de l\u2019equip.&nbsp;&nbsp;&nbsp;<\/p>\n<\/div><\/div>\n\n\n\n<div class=\"wp-block-getwid-accordion__header-wrapper\"><span class=\"wp-block-getwid-accordion__header\"><a href=\"#\"><span class=\"wp-block-getwid-accordion__header-title\">Av\u00eds 3. <strong>Tens X equips reclamats des de fa m\u00e9s de vint dies<\/strong><\/span><span class=\"wp-block-getwid-accordion__icon is-active\"><i class=\"fas fa-angle-down\"><\/i><\/span><span class=\"wp-block-getwid-accordion__icon is-passive\"><i class=\"fas fa-angle-up\"><\/i><\/span><\/a><\/span><\/div><div class=\"wp-block-getwid-accordion__content-wrapper\"><div class=\"wp-block-getwid-accordion__content\">\n<ul class=\"wp-block-list\">\n<li><em>Un equip no pot estar en estat \u201cReclamat\u201d m\u00e9s de vint dies. Si la persona no retorna l\u2019equip, cal fer den\u00fancia i obrir una incid\u00e8ncia a Pautic\/Remedy (<\/em><a href=\"https:\/\/projectes.xtec.cat\/edc\/pmf\/que-he-de-fer-en-cas-de-robatori-dalgun-equip-dun-docent\/\"><em>docent<\/em><\/a><em> o <\/em><a href=\"https:\/\/projectes.xtec.cat\/edc\/pmf\/que-he-de-fer-en-cas-de-robatori-dalgun-equip-dun-a-alumne-a\/\"><em>alumne<\/em><\/a><em>). Una vegada oberta la incid\u00e8ncia, cal canviar l\u2019estat a \u201cDesaparegut\u201d.&nbsp;<\/em><\/li>\n<\/ul>\n\n\n\n<p>\ud83d\udc49 Si teniu molts equips a corregir, reviseu com fer <a href=\"https:\/\/docs.google.com\/document\/d\/1nk9gL6yr61svkk4PlOeAva5wot04xnttD9nB0U1spiY\/edit#heading=h.krwh42h4yg53\">actualitzacions<\/a> via fitxer.<\/p>\n<\/div><\/div>\n\n\n\n<div class=\"wp-block-getwid-accordion__header-wrapper\"><span class=\"wp-block-getwid-accordion__header\"><a href=\"#\"><span class=\"wp-block-getwid-accordion__header-title\">Av\u00eds 4. <strong>Tens X equips on l\u2019usuari habitual \u00e9s diferent de l\u2019usuari assignat<\/strong><\/span><span class=\"wp-block-getwid-accordion__icon is-active\"><i class=\"fas fa-angle-down\"><\/i><\/span><span class=\"wp-block-getwid-accordion__icon is-passive\"><i class=\"fas fa-angle-up\"><\/i><\/span><\/a><\/span><\/div><div class=\"wp-block-getwid-accordion__content-wrapper\"><div class=\"wp-block-getwid-accordion__content\">\n<p><em>L\u2019usuari assignat (camp Persona) no coincideix amb l\u2019usuari que ha iniciat sessi\u00f3 les darreres cinc sessions. Reviseu la pestanya \u201cSessions\u201d a la fitxa de l\u2019equip. <\/em><em><br><\/em><em><br><\/em>\ud83d\udc49 Si teniu molts equips a corregir, <a href=\"https:\/\/docs.google.com\/document\/d\/1nk9gL6yr61svkk4PlOeAva5wot04xnttD9nB0U1spiY\/edit#heading=h.krwh42h4yg53\">actualitzacions<\/a> via fitxer.&nbsp;&nbsp;<\/p>\n\n\n\n<p>\u26a0\ufe0f No s\u2019estan recopilant la informaci\u00f3 dels inicis de sessi\u00f3 en els equips Chromebooks. Els avisos poden estar desactualitzats respecte a l\u2019estat real de l\u2019equip.&nbsp;&nbsp;&nbsp;<\/p>\n\n\n\n<p>\u26a0\ufe0f La informaci\u00f3 d\u2019inici de sessi\u00f3 en els equips LINKAT es recopila setmanalment. Els avisos poden estar desactualitzats respecte a l\u2019estat real de l\u2019equip. &nbsp;<\/p>\n<\/div><\/div>\n\n\n\n<div class=\"wp-block-getwid-accordion__header-wrapper\"><span class=\"wp-block-getwid-accordion__header\"><a href=\"#\"><span class=\"wp-block-getwid-accordion__header-title\">Av\u00eds 5. <strong>L\u2019equip est\u00e0 assignat a una persona que est\u00e0 en un altre centre<\/strong><\/span><span class=\"wp-block-getwid-accordion__icon is-active\"><i class=\"fas fa-angle-down\"><\/i><\/span><span class=\"wp-block-getwid-accordion__icon is-passive\"><i class=\"fas fa-angle-up\"><\/i><\/span><\/a><\/span><\/div><div class=\"wp-block-getwid-accordion__content-wrapper\"><div class=\"wp-block-getwid-accordion__content\">\n<p><em>Si la persona us va retornar l\u2019equip, cal assignar-lo al nou usuari o canviar l\u2019estat de l\u2019equip a Disponible. \u00c9s molt important que regularitzeu aquesta situaci\u00f3, ja que no se li pot assignar cap altre equip en el nou centre. Si la persona no us ha retornat l\u2019equip cal iniciar el proc\u00e9s de reclamaci\u00f3\/den\u00fancia (<\/em><a href=\"https:\/\/projectes.xtec.cat\/edc\/pmf\/que-he-de-fer-en-cas-de-robatori-dalgun-equip-dun-docent\/\"><em>docent<\/em><\/a><em> o <\/em><a href=\"https:\/\/projectes.xtec.cat\/edc\/pmf\/que-he-de-fer-en-cas-de-robatori-dalgun-equip-dun-a-alumne-a\/\"><em>alumne<\/em><\/a><em>).<\/em><\/p>\n<\/div><\/div>\n\n\n\n<div class=\"wp-block-getwid-accordion__header-wrapper\"><span class=\"wp-block-getwid-accordion__header\"><a href=\"#\"><span class=\"wp-block-getwid-accordion__header-title\">Av\u00eds 6. <strong>Tens X equips assignats a persones que ja no consten com a actives a INDIC<\/strong><\/span><span class=\"wp-block-getwid-accordion__icon is-active\"><i class=\"fas fa-angle-down\"><\/i><\/span><span class=\"wp-block-getwid-accordion__icon is-passive\"><i class=\"fas fa-angle-up\"><\/i><\/span><\/a><\/span><\/div><div class=\"wp-block-getwid-accordion__content-wrapper\"><div class=\"wp-block-getwid-accordion__content\">\n<ul class=\"wp-block-list\">\n<li><em>La persona ja no est\u00e0 al teu centre i no consta com a activa a INDIC (docent substitut pendent d\u2019assignaci\u00f3 o alumne\/a que no s\u2019ha matriculat en un altre centre p\u00fablic\/concertat). Si la persona us va retornar l\u2019equip, cal assignar-lo al nou usuari o canviar l\u2019estat de l\u2019equip a \u201cDisponible\u201d. Si la persona no us ha retornat l\u2019equip cal iniciar el proc\u00e9s de reclamaci\u00f3\/den\u00fancia (<\/em><a href=\"https:\/\/projectes.xtec.cat\/edc\/pmf\/que-he-de-fer-en-cas-de-robatori-dalgun-equip-dun-docent\/\"><em>docent<\/em><\/a><em> o <\/em><a href=\"https:\/\/projectes.xtec.cat\/edc\/pmf\/que-he-de-fer-en-cas-de-robatori-dalgun-equip-dun-a-alumne-a\/\"><em>alumne<\/em><\/a><em>).<\/em><\/li>\n<\/ul>\n\n\n\n<p>En fer clic en cada av\u00eds podreu accedir directament als equips afectats i corregir la situaci\u00f3.&nbsp;<\/p>\n\n\n\n<p>\ud83d\udc49 Si teniu molts equips a corregir, reviseu com fer una <a href=\"https:\/\/docs.google.com\/document\/d\/1nk9gL6yr61svkk4PlOeAva5wot04xnttD9nB0U1spiY\/edit#heading=h.krwh42h4yg53\">actualitzaci\u00f3<\/a> via fitxer.&nbsp;&nbsp;<\/p>\n<\/div><\/div>\n\n\n\n<div class=\"wp-block-getwid-accordion__header-wrapper\"><span class=\"wp-block-getwid-accordion__header\"><a href=\"#\"><span class=\"wp-block-getwid-accordion__header-title\">Av\u00eds 7. <strong>Tens X equips en estat \u201cDesaparegut\u201d des de fa m\u00e9s de vint dies<\/strong><\/span><span class=\"wp-block-getwid-accordion__icon is-active\"><i class=\"fas fa-angle-down\"><\/i><\/span><span class=\"wp-block-getwid-accordion__icon is-passive\"><i class=\"fas fa-angle-up\"><\/i><\/span><\/a><\/span><\/div><div class=\"wp-block-getwid-accordion__content-wrapper\"><div class=\"wp-block-getwid-accordion__content\">\n<ul class=\"wp-block-list\">\n<li><em>Si s\u2019ha tramitat la den\u00fancia i s\u2019ha obert la incid\u00e8ncia a Pautic\/Remedy (<\/em><a href=\"https:\/\/projectes.xtec.cat\/edc\/pmf\/que-he-de-fer-en-cas-de-robatori-dalgun-equip-dun-docent\/\"><em>docent<\/em><\/a><em> o <\/em><a href=\"https:\/\/projectes.xtec.cat\/edc\/pmf\/que-he-de-fer-en-cas-de-robatori-dalgun-equip-dun-a-alumne-a\/\"><em>alumne<\/em><\/a><em>), l\u2019equip hauria de desapar\u00e8ixer d\u2019INDIC autom\u00e0ticament en un per\u00edode inferior a vint dies. Reviseu l\u2019estat de la incid\u00e8ncia a Pautic\/Remedy.&nbsp;<\/em><\/li>\n<\/ul>\n\n\n\n<p>\ud83d\udc49 Si teniu molts equips a corregir, reviseu com fer <a href=\"https:\/\/docs.google.com\/document\/d\/1nk9gL6yr61svkk4PlOeAva5wot04xnttD9nB0U1spiY\/edit#heading=h.krwh42h4yg53\">actualitzacions<\/a> via fitxer<em>.<\/em><em><\/em><\/p>\n<\/div><\/div>\n\n\n\n<div class=\"wp-block-getwid-accordion__header-wrapper\"><span class=\"wp-block-getwid-accordion__header\"><a href=\"#\"><span class=\"wp-block-getwid-accordion__header-title\">Av\u00eds 8. <strong>Tens X equips en estat \u201cPendent de reparaci\u00f3\u201d des de fa m\u00e9s de quinze dies<\/strong><\/span><span class=\"wp-block-getwid-accordion__icon is-active\"><i class=\"fas fa-angle-down\"><\/i><\/span><span class=\"wp-block-getwid-accordion__icon is-passive\"><i class=\"fas fa-angle-up\"><\/i><\/span><\/a><\/span><\/div><div class=\"wp-block-getwid-accordion__content-wrapper\"><div class=\"wp-block-getwid-accordion__content\">\n<p><em>Quan un equip t\u00e9 un problema que requereix la intervenci\u00f3 del servei t\u00e8cnic, cal canviar obrir una petici\u00f3 a Pautic\/Remedy i, de manera opcional, canviar l\u2019estat a \u201cPendent de reparaci\u00f3\u201d. Si despr\u00e9s de quinze dies, encara teniu un equip en estat \u201cPendent de reparaci\u00f3\u201d, reviseu l\u2019estat de la incid\u00e8ncia a Pautic\/Remedy.&nbsp;<\/em><\/p>\n\n\n\n<p>\ud83d\udc49 Si teniu molts equips a corregir, reviseu com fer <a href=\"https:\/\/docs.google.com\/document\/d\/1nk9gL6yr61svkk4PlOeAva5wot04xnttD9nB0U1spiY\/edit#heading=h.krwh42h4yg53\">actualitzacions<\/a> via fitxer<\/p>\n<\/div><\/div>\n\n\n\n<div class=\"wp-block-getwid-accordion__header-wrapper\"><span class=\"wp-block-getwid-accordion__header\"><a href=\"#\"><span class=\"wp-block-getwid-accordion__header-title\">Av\u00eds 9. <strong>Tens X a<strong>lumnes sense \u00e0lies GSuite informat.<\/strong><\/strong><\/span><span class=\"wp-block-getwid-accordion__icon is-active\"><i class=\"fas fa-angle-down\"><\/i><\/span><span class=\"wp-block-getwid-accordion__icon is-passive\"><i class=\"fas fa-angle-up\"><\/i><\/span><\/a><\/span><\/div><div class=\"wp-block-getwid-accordion__content-wrapper\"><div class=\"wp-block-getwid-accordion__content\">\n<p><em>Quan un alumne no t\u00e9 el seu identificador de  GSuite  informat a IDI s&#8217;ha d&#8217;informar per poder recollir l&#8217;activitat d&#8217;aquest equip. En el full fer fer-ho no cal poasr l&#8217;\u00e0lies, amb l&#8217;identificador del GSuite \u00e9s sufucient.<\/em><\/p>\n\n\n\n<p>\ud83d\udc49 Si teniu molts equips a corregir, reviseu com fer <a href=\"https:\/\/docs.google.com\/document\/d\/1nk9gL6yr61svkk4PlOeAva5wot04xnttD9nB0U1spiY\/edit#heading=h.krwh42h4yg53\">actualitzacions<\/a> via fitxer<\/p>\n<\/div><\/div>\n<\/div>\n\n\n\n<div style=\"height:100px\" aria-hidden=\"true\" class=\"wp-block-spacer\"><\/div>\n","protected":false},"excerpt":{"rendered":"<p>Aquesta \u00e0rea, visible nom\u00e9s a la pantalla inicial, mostra informacions d\u2019inter\u00e8s i avisos d\u2019equips en una situaci\u00f3 inconsistent. Els avisos poden ser:&nbsp;<\/p>\n","protected":false},"author":1,"featured_media":0,"parent":18751,"menu_order":0,"comment_status":"closed","ping_status":"close","template":"","meta":{"site-sidebar-layout":"default","site-content-layout":"","ast-site-content-layout":"default","site-content-style":"default","site-sidebar-style":"default","ast-global-header-display":"","ast-banner-title-visibility":"","ast-main-header-display":"","ast-hfb-above-header-display":"","ast-hfb-below-header-display":"","ast-hfb-mobile-header-display":"","site-post-title":"","ast-breadcrumbs-content":"","ast-featured-img":"","footer-sml-layout":"","theme-transparent-header-meta":"","adv-header-id-meta":"","stick-header-meta":"","header-above-stick-meta":"","header-main-stick-meta":"","header-below-stick-meta":"","astra-migrate-meta-layouts":"set","ast-page-background-enabled":"default","ast-page-background-meta":{"desktop":{"background-color":"var(--ast-global-color-4)","background-image":"","background-repeat":"repeat","background-position":"center center","background-size":"auto","background-attachment":"scroll","background-type":"","background-media":"","overlay-type":"","overlay-color":"","overlay-opacity":"","overlay-gradient":""},"tablet":{"background-color":"","background-image":"","background-repeat":"repeat","background-position":"center center","background-size":"auto","background-attachment":"scroll","background-type":"","background-media":"","overlay-type":"","overlay-color":"","overlay-opacity":"","overlay-gradient":""},"mobile":{"background-color":"","background-image":"","background-repeat":"repeat","background-position":"center center","background-size":"auto","background-attachment":"scroll","background-type":"","background-media":"","overlay-type":"","overlay-color":"","overlay-opacity":"","overlay-gradient":""}},"ast-content-background-meta":{"desktop":{"background-color":"var(--ast-global-color-5)","background-image":"","background-repeat":"repeat","background-position":"center center","background-size":"auto","background-attachment":"scroll","background-type":"","background-media":"","overlay-type":"","overlay-color":"","overlay-opacity":"","overlay-gradient":""},"tablet":{"background-color":"var(--ast-global-color-5)","background-image":"","background-repeat":"repeat","background-position":"center center","background-size":"auto","background-attachment":"scroll","background-type":"","background-media":"","overlay-type":"","overlay-color":"","overlay-opacity":"","overlay-gradient":""},"mobile":{"background-color":"var(--ast-global-color-5)","background-image":"","background-repeat":"repeat","background-position":"center center","background-size":"auto","background-attachment":"scroll","background-type":"","background-media":"","overlay-type":"","overlay-color":"","overlay-opacity":"","overlay-gradient":""}},"footnotes":""},"class_list":["post-18728","page","type-page","status-publish","hentry"],"post_mailing_queue_ids":[],"_links":{"self":[{"href":"https:\/\/projectes.xtec.cat\/digital\/wp-json\/wp\/v2\/pages\/18728","targetHints":{"allow":["GET"]}}],"collection":[{"href":"https:\/\/projectes.xtec.cat\/digital\/wp-json\/wp\/v2\/pages"}],"about":[{"href":"https:\/\/projectes.xtec.cat\/digital\/wp-json\/wp\/v2\/types\/page"}],"author":[{"embeddable":true,"href":"https:\/\/projectes.xtec.cat\/digital\/wp-json\/wp\/v2\/users\/1"}],"replies":[{"embeddable":true,"href":"https:\/\/projectes.xtec.cat\/digital\/wp-json\/wp\/v2\/comments?post=18728"}],"version-history":[{"count":6,"href":"https:\/\/projectes.xtec.cat\/digital\/wp-json\/wp\/v2\/pages\/18728\/revisions"}],"predecessor-version":[{"id":36388,"href":"https:\/\/projectes.xtec.cat\/digital\/wp-json\/wp\/v2\/pages\/18728\/revisions\/36388"}],"up":[{"embeddable":true,"href":"https:\/\/projectes.xtec.cat\/digital\/wp-json\/wp\/v2\/pages\/18751"}],"wp:attachment":[{"href":"https:\/\/projectes.xtec.cat\/digital\/wp-json\/wp\/v2\/media?parent=18728"}],"curies":[{"name":"wp","href":"https:\/\/api.w.org\/{rel}","templated":true}]}}