{"id":18751,"date":"2023-11-07T13:58:19","date_gmt":"2023-11-07T12:58:19","guid":{"rendered":"https:\/\/projectes.xtec.cat\/digital\/?page_id=18751"},"modified":"2025-07-17T09:54:44","modified_gmt":"2025-07-17T07:54:44","slug":"manual-indic","status":"publish","type":"page","link":"https:\/\/projectes.xtec.cat\/digital\/serveis-digitals\/indic\/manual-indic\/","title":{"rendered":"Manual INDIC"},"content":{"rendered":"\n<div class=\"wp-block-columns alignwide is-layout-flex wp-container-core-columns-is-layout-1 wp-block-columns-is-layout-flex\">\n<div class=\"wp-block-column is-layout-flow wp-block-column-is-layout-flow\">\n<p><strong>INDIC<\/strong> (Inventari digital de centre) \u00e9s l&#8217;aplicaci\u00f3 per a la gesti\u00f3 dels equips inform\u00e0tics desplegats als centres educatius en el marc del <strong>Pla d&#8217;Educaci\u00f3 Digital de Catalunya 2020-23<\/strong>. Tot i que l\u2019aplicaci\u00f3 ja disposa de les funcionalitats b\u00e0siques, es continua el seu desenvolupament per proporcionar m\u00e9s funcionalitats. Aix\u00f2 pot fer que algunes refer\u00e8ncies a etiquetes, botons o algunes imatges d\u2019aquest manual difereixin lleugerament de l\u2019estat actual de l\u2019aplicaci\u00f3.&nbsp;<\/p>\n<\/div>\n\n\n\n<div class=\"wp-block-column is-layout-flow wp-block-column-is-layout-flow\">\n<figure class=\"wp-block-embed is-type-video is-provider-youtube wp-block-embed-youtube wp-embed-aspect-16-9 wp-has-aspect-ratio\"><div class=\"wp-block-embed__wrapper\">\n<div class=\"ast-oembed-container \" style=\"height: 100%;\"><iframe loading=\"lazy\" title=\"Introducci\u00f3 a INDIC\" width=\"500\" height=\"281\" src=\"https:\/\/www.youtube.com\/embed\/zqWtSseq8DA?feature=oembed\" frameborder=\"0\" allow=\"accelerometer; autoplay; clipboard-write; encrypted-media; gyroscope; picture-in-picture; web-share\" referrerpolicy=\"strict-origin-when-cross-origin\" allowfullscreen><\/iframe><\/div>\n<\/div><\/figure>\n<\/div>\n<\/div>\n\n\n\n<div style=\"height:50px\" aria-hidden=\"true\" class=\"wp-block-spacer\"><\/div>\n\n\n\n<div class=\"wp-block-getwid-section alignfull alignfull\"><div class=\"wp-block-getwid-section__wrapper\"><div class=\"wp-block-getwid-section__inner-wrapper\"><div class=\"wp-block-getwid-section__background-holder\"><div class=\"wp-block-getwid-section__background has-background has-ast-global-color-4-background-color\"><\/div><div class=\"wp-block-getwid-section__foreground\"><\/div><\/div><div class=\"wp-block-getwid-section__content\"><div class=\"wp-block-getwid-section__inner-content\">\n<h2 class=\"wp-block-heading\">Acc\u00e9s a INDIC<\/h2>\n\n\n\n<p>Al nom d&#8217;usuari i la contrasenya cal introduir les credencials de <strong>GICAR<\/strong>. Nom\u00e9s estan habilitats el personal<strong> <\/strong>de<strong> l\u2019equip directiu<\/strong>, les persones que fan la <strong>coordinaci\u00f3 digital<\/strong> del centre i les persones (docents, PAS) habilitats per la direcci\u00f3 del centre mitjan\u00e7ant l\u2019aplicaci\u00f3 GUAC.<\/p>\n\n\n\n<div class=\"wp-block-buttons is-content-justification-center is-layout-flex wp-container-core-buttons-is-layout-1 wp-block-buttons-is-layout-flex\">\n<div class=\"wp-block-button\"><a class=\"wp-block-button__link wp-element-button\" href=\"https:\/\/pladigitalcentres.educacio.gencat.cat\/ca\/Account\/Login\">Acc\u00e9s a INDIC<\/a><\/div>\n<\/div>\n\n\n\n<div style=\"height:22px\" aria-hidden=\"true\" class=\"wp-block-spacer\"><\/div>\n\n\n\n<p>En cas d\u2019incid\u00e8ncia d\u2019acc\u00e9s, podeu enviar un correu electr\u00f2nic a <a href=\"mailto:sau.tic@pautic.gencat.cat\"><\/a><a href=\"mailto:assistencia@atom.gencat.cat\">assistencia@atom.gencat.cat<\/a>, indicant nom complet i NIF de la persona amb problemes i les dades de contacte del centre.&nbsp;<\/p>\n<\/div><\/div><\/div><\/div><\/div>\n\n\n\n<div style=\"height:29px\" aria-hidden=\"true\" class=\"wp-block-spacer\"><\/div>\n\n\n\n<div class=\"wp-block-getwid-section alignfull alignfull\"><div class=\"wp-block-getwid-section__wrapper\"><div class=\"wp-block-getwid-section__inner-wrapper\"><div class=\"wp-block-getwid-section__background-holder\"><div class=\"wp-block-getwid-section__background\"><\/div><div class=\"wp-block-getwid-section__foreground\"><\/div><\/div><div class=\"wp-block-getwid-section__content\"><div class=\"wp-block-getwid-section__inner-content\">\n<div class=\"wp-block-columns is-layout-flex wp-container-core-columns-is-layout-2 wp-block-columns-is-layout-flex\">\n<div class=\"wp-block-column caixa-link is-layout-flow wp-block-column-is-layout-flow\" id=\"https:\/\/projectes.xtec.cat\/digital\/?page_id=18728\">\n<p><strong>Informaci\u00f3 general<\/strong><\/p>\n\n\n\n<p>Aquesta \u00e0rea, visible nom\u00e9s a la pantalla inicial, mostra <strong>Informacions<\/strong> d\u2019inter\u00e8s i <strong>avisos<\/strong> d\u2019equips en una situaci\u00f3 inconsistent.<\/p>\n<\/div>\n\n\n\n<div class=\"wp-block-column caixa-link is-layout-flow wp-block-column-is-layout-flow\" id=\"https:\/\/projectes.xtec.cat\/digital\/?page_id=18766\">\n<p><strong>Desplegaments<\/strong><\/p>\n\n\n\n<p>Permet veure la tra\u00e7abilitat del desplegament dels projectes assignats a un centre. Inclou l\u2019assignaci\u00f3 d&#8217;equips, dates previstes, estat del projecte i l&#8217;equipament lliurat. <\/p>\n<\/div>\n\n\n\n<div class=\"wp-block-column caixa is-layout-flow wp-block-column-is-layout-flow\" id=\"https:\/\/projectes.xtec.cat\/digital\/?page_id=18776\">\n<p><strong>Inventari<\/strong><\/p>\n\n\n\n<p>El <strong>m\u00f2dul d&#8217;inventari<\/strong> permet veure les persones i els equips inform\u00e0tics assignats al vostre centre. <\/p>\n\n\n\n<ul class=\"wp-block-list\">\n<li><strong><a href=\"https:\/\/projectes.xtec.cat\/digital\/?page_id=18780\">Equipaments<\/a><\/strong>: dades de l&#8217;equipament del centre educatiu desplegat en el PEDC i fons MRR. <\/li>\n\n\n\n<li><strong><a href=\"https:\/\/projectes.xtec.cat\/digital\/?page_id=18786\">Persones<\/a><\/strong>: dades de l\u2019alumnat i del personal docent del centre educatiu.<\/li>\n<\/ul>\n<\/div>\n<\/div>\n\n\n\n<div style=\"height:25px\" aria-hidden=\"true\" class=\"wp-block-spacer\"><\/div>\n<\/div><\/div><\/div><\/div><\/div>\n\n\n\n<div class=\"wp-block-getwid-section alignfull alignfull\"><div class=\"wp-block-getwid-section__wrapper\"><div class=\"wp-block-getwid-section__inner-wrapper\"><div class=\"wp-block-getwid-section__background-holder\"><div class=\"wp-block-getwid-section__background has-background has-ast-global-color-4-background-color\"><\/div><div class=\"wp-block-getwid-section__foreground\"><\/div><\/div><div class=\"wp-block-getwid-section__content\"><div class=\"wp-block-getwid-section__inner-content\">\n<h2 class=\"wp-block-heading\">En cas d&#8217;incid\u00e8ncia<\/h2>\n\n\n\n<p>En<strong> cas d\u2019incid\u00e8ncia<\/strong> amb l\u2019aplicaci\u00f3 o que alguna dada no s\u2019ajusti a la realitat del centre, com per exemple:&nbsp;<\/p>\n\n\n\n<ul class=\"wp-block-list\">\n<li>Falta un alumne o un docent (i han passat m\u00e9s de 15 dies des de la seva incorporaci\u00f3)<\/li>\n\n\n\n<li>Apareix un alumne o un docent que ja no \u00e9s al centre<\/li>\n\n\n\n<li>Falta un equip que \u00e9s al centre<\/li>\n\n\n\n<li>Apareix un equip que no pertany al centre<\/li>\n\n\n\n<li>etc.<\/li>\n<\/ul>\n\n\n\n<p>Obriu una incid\u00e8ncia fent servir un d\u2019aquests canals: &nbsp;<\/p>\n\n\n\n<ul class=\"wp-block-list\">\n<li><a href=\"https:\/\/pautic.gencat.cat\" target=\"_blank\" rel=\"noreferrer noopener\">Portal ATOM<\/a> amb l\u2019opci\u00f3 <strong>Avaria o Mal funcionament<\/strong> \u2192 <strong>Incid\u00e8ncia en l\u2019aplicaci\u00f3<\/strong> i triar INDIC com a nom d\u2019aplicaci\u00f3.<\/li>\n\n\n\n<li>Enviant un correu a <strong><a href=\"mailto:assistencia@atom.gencat.cat\">assistencia@atom.gencat.cat<\/a><\/strong><\/li>\n\n\n\n<li>Trucant al 900 82 82 82 (opci\u00f3 4 i despr\u00e9s opci\u00f3 3)<\/li>\n<\/ul>\n\n\n\n<p><\/p>\n<\/div><\/div><\/div><\/div><\/div>\n","protected":false},"excerpt":{"rendered":"<p>INDIC (Inventari digital de centre) \u00e9s l&#8217;aplicaci\u00f3 per a la gesti\u00f3 dels equips inform\u00e0tics desplegats als centres educatius en el marc del Pla d&#8217;Educaci\u00f3 Digital de Catalunya 2020-23. Tot i que l\u2019aplicaci\u00f3 ja disposa de les funcionalitats b\u00e0siques, es continua el seu desenvolupament per proporcionar m\u00e9s funcionalitats. Aix\u00f2 pot fer que algunes refer\u00e8ncies a etiquetes, [&hellip;]<\/p>\n","protected":false},"author":1,"featured_media":0,"parent":10890,"menu_order":0,"comment_status":"closed","ping_status":"close","template":"","meta":{"site-sidebar-layout":"default","site-content-layout":"","ast-site-content-layout":"default","site-content-style":"default","site-sidebar-style":"default","ast-global-header-display":"","ast-banner-title-visibility":"","ast-main-header-display":"","ast-hfb-above-header-display":"","ast-hfb-below-header-display":"","ast-hfb-mobile-header-display":"","site-post-title":"","ast-breadcrumbs-content":"","ast-featured-img":"","footer-sml-layout":"","theme-transparent-header-meta":"","adv-header-id-meta":"","stick-header-meta":"","header-above-stick-meta":"","header-main-stick-meta":"","header-below-stick-meta":"","astra-migrate-meta-layouts":"set","ast-page-background-enabled":"default","ast-page-background-meta":{"desktop":{"background-color":"var(--ast-global-color-4)","background-image":"","background-repeat":"repeat","background-position":"center center","background-size":"auto","background-attachment":"scroll","background-type":"","background-media":"","overlay-type":"","overlay-color":"","overlay-opacity":"","overlay-gradient":""},"tablet":{"background-color":"","background-image":"","background-repeat":"repeat","background-position":"center center","background-size":"auto","background-attachment":"scroll","background-type":"","background-media":"","overlay-type":"","overlay-color":"","overlay-opacity":"","overlay-gradient":""},"mobile":{"background-color":"","background-image":"","background-repeat":"repeat","background-position":"center center","background-size":"auto","background-attachment":"scroll","background-type":"","background-media":"","overlay-type":"","overlay-color":"","overlay-opacity":"","overlay-gradient":""}},"ast-content-background-meta":{"desktop":{"background-color":"var(--ast-global-color-5)","background-image":"","background-repeat":"repeat","background-position":"center center","background-size":"auto","background-attachment":"scroll","background-type":"","background-media":"","overlay-type":"","overlay-color":"","overlay-opacity":"","overlay-gradient":""},"tablet":{"background-color":"var(--ast-global-color-5)","background-image":"","background-repeat":"repeat","background-position":"center center","background-size":"auto","background-attachment":"scroll","background-type":"","background-media":"","overlay-type":"","overlay-color":"","overlay-opacity":"","overlay-gradient":""},"mobile":{"background-color":"var(--ast-global-color-5)","background-image":"","background-repeat":"repeat","background-position":"center center","background-size":"auto","background-attachment":"scroll","background-type":"","background-media":"","overlay-type":"","overlay-color":"","overlay-opacity":"","overlay-gradient":""}},"footnotes":""},"class_list":["post-18751","page","type-page","status-publish","hentry"],"post_mailing_queue_ids":[],"_links":{"self":[{"href":"https:\/\/projectes.xtec.cat\/digital\/wp-json\/wp\/v2\/pages\/18751","targetHints":{"allow":["GET"]}}],"collection":[{"href":"https:\/\/projectes.xtec.cat\/digital\/wp-json\/wp\/v2\/pages"}],"about":[{"href":"https:\/\/projectes.xtec.cat\/digital\/wp-json\/wp\/v2\/types\/page"}],"author":[{"embeddable":true,"href":"https:\/\/projectes.xtec.cat\/digital\/wp-json\/wp\/v2\/users\/1"}],"replies":[{"embeddable":true,"href":"https:\/\/projectes.xtec.cat\/digital\/wp-json\/wp\/v2\/comments?post=18751"}],"version-history":[{"count":6,"href":"https:\/\/projectes.xtec.cat\/digital\/wp-json\/wp\/v2\/pages\/18751\/revisions"}],"predecessor-version":[{"id":36825,"href":"https:\/\/projectes.xtec.cat\/digital\/wp-json\/wp\/v2\/pages\/18751\/revisions\/36825"}],"up":[{"embeddable":true,"href":"https:\/\/projectes.xtec.cat\/digital\/wp-json\/wp\/v2\/pages\/10890"}],"wp:attachment":[{"href":"https:\/\/projectes.xtec.cat\/digital\/wp-json\/wp\/v2\/media?parent=18751"}],"curies":[{"name":"wp","href":"https:\/\/api.w.org\/{rel}","templated":true}]}}