{"id":18766,"date":"2023-11-07T12:07:12","date_gmt":"2023-11-07T11:07:12","guid":{"rendered":"https:\/\/projectes.xtec.cat\/digital\/?page_id=18766"},"modified":"2025-09-12T12:44:15","modified_gmt":"2025-09-12T10:44:15","slug":"desplegaments","status":"publish","type":"page","link":"https:\/\/projectes.xtec.cat\/digital\/serveis-digitals\/indic\/manual-indic\/desplegaments\/","title":{"rendered":"Desplegaments"},"content":{"rendered":"\n<div class=\"wp-block-getwid-section alignwide\"><div class=\"wp-block-getwid-section__wrapper\"><div class=\"wp-block-getwid-section__inner-wrapper\"><div class=\"wp-block-getwid-section__background-holder\"><div class=\"wp-block-getwid-section__background\"><\/div><div class=\"wp-block-getwid-section__foreground\"><\/div><\/div><div class=\"wp-block-getwid-section__content\"><div class=\"wp-block-getwid-section__inner-content\">\n<p>El m\u00f2dul <strong>Desplegaments<\/strong> permet veure la tra\u00e7abilitat del desplegament dels projectes assignats a un centre. Inclou l\u2019assignaci\u00f3 final, dates planificades, estats del projecte, equipament inicial i lliurat. Es pot accedir al m\u00f2dul mitjan\u00e7ant l\u2019opci\u00f3 del men\u00fa superior o la caixa de la zona central. El personal de l\u2019equip directiu i de la coordinaci\u00f3 digital del centre nom\u00e9s tenen acc\u00e9s a les dades pr\u00f2pies del centre.<\/p>\n\n\n\n<figure class=\"wp-block-image size-large\"><a href=\"https:\/\/projectes.xtec.cat\/digital\/wp-content\/uploads\/usu2317\/2023\/10\/4.desplegaments-1.png\"><img loading=\"lazy\" decoding=\"async\" width=\"840\" height=\"571\" src=\"https:\/\/projectes.xtec.cat\/digital\/wp-content\/uploads\/usu2317\/2023\/10\/4.desplegaments-1.png\" alt=\"\" class=\"wp-image-18653\" srcset=\"https:\/\/projectes.xtec.cat\/digital\/wp-content\/uploads\/usu2317\/2023\/10\/4.desplegaments-1.png 840w, https:\/\/projectes.xtec.cat\/digital\/wp-content\/uploads\/usu2317\/2023\/10\/4.desplegaments-1-300x204.png 300w, https:\/\/projectes.xtec.cat\/digital\/wp-content\/uploads\/usu2317\/2023\/10\/4.desplegaments-1-768x522.png 768w\" sizes=\"auto, (max-width: 840px) 100vw, 840px\" \/><\/a><\/figure>\n\n\n\n<p>Podeu trobar tota la informaci\u00f3 sobre els equips de docents i alumnes aqu\u00ed:<\/p>\n\n\n\n<h2 class=\"wp-block-heading\">P\u00e0gina principal<\/h2>\n\n\n\n<p>Cada centre podr\u00e0 consultar, a la p\u00e0gina principal, els projectes que t\u00e9 assignats i l\u2019estat del desplegament en qu\u00e8 es troben per fer el seguiment i veure la tra\u00e7abilitat.&nbsp;&nbsp;<\/p>\n\n\n\n<ul class=\"wp-block-list\">\n<li>El centre no podr\u00e0 fer cap modificaci\u00f3 sobre la informaci\u00f3 reflectida, m\u00e9s enll\u00e0 d\u2019obrir alguna incid\u00e8ncia relacionada amb el desplegament de cada projecte.&nbsp;&nbsp;<\/li>\n\n\n\n<li>La informaci\u00f3 i estats seran actualitzats per l\u2019oficina t\u00e8cnica de l&#8217;empresa prove\u00efdora, conforme a la informaci\u00f3 validada pr\u00e8viament al m\u00f2dul de la demanda i\/o criteris d\u2019assignaci\u00f3, i validat posteriorment pel Departament. Els estats canviaran a mesura que s\u2019avanci en el proc\u00e9s de desplegament de cada projecte; el centre els podr\u00e0 consultar en qualsevol moment.<\/li>\n\n\n\n<li>L\u2019element identificat \u00e9s la previsi\u00f3 per realitzar els desplegaments al centre amb les dates informades segons quin sigui l\u2019estat.&nbsp;<\/li>\n\n\n\n<li>Els desplegaments que es poden consultar actualment, en funci\u00f3 del que tingui definit cada centre pel Pla d\u2019acceleraci\u00f3 digital, s\u00f3n:\n<ul class=\"wp-block-list\">\n<li>Connectivitat MiFi (p\u00fablics i concertats)<\/li>\n\n\n\n<li>Port\u00e0tils docents (p\u00fablics)<\/li>\n\n\n\n<li>Port\u00e0tils alumnat (p\u00fablics)<\/li>\n<\/ul>\n<\/li>\n<\/ul>\n\n\n\n<p><\/p>\n\n\n\n<figure class=\"wp-block-image size-large\"><a href=\"https:\/\/projectes.xtec.cat\/digital\/wp-content\/uploads\/usu2317\/2023\/10\/5.despplegaments-2.png\"><img loading=\"lazy\" decoding=\"async\" width=\"1024\" height=\"537\" src=\"https:\/\/projectes.xtec.cat\/digital\/wp-content\/uploads\/usu2317\/2023\/10\/5.despplegaments-2-1024x537.png\" alt=\"\" class=\"wp-image-18656\" srcset=\"https:\/\/projectes.xtec.cat\/digital\/wp-content\/uploads\/usu2317\/2023\/10\/5.despplegaments-2-1024x537.png 1024w, https:\/\/projectes.xtec.cat\/digital\/wp-content\/uploads\/usu2317\/2023\/10\/5.despplegaments-2-300x157.png 300w, https:\/\/projectes.xtec.cat\/digital\/wp-content\/uploads\/usu2317\/2023\/10\/5.despplegaments-2-768x403.png 768w, https:\/\/projectes.xtec.cat\/digital\/wp-content\/uploads\/usu2317\/2023\/10\/5.despplegaments-2.png 1031w\" sizes=\"auto, (max-width: 1024px) 100vw, 1024px\" \/><\/a><\/figure>\n\n\n\n<h2 class=\"wp-block-heading\">Sistemes operatius demanats<\/h2>\n\n\n\n<p>Es poden consultar els sistemes operatius demanats en la darrera enquesta de petici\u00f3 clicant sobre de la icona S.O., a la part superior dreta:<\/p>\n\n\n\n<figure class=\"wp-block-image size-large\"><a href=\"https:\/\/projectes.xtec.cat\/digital\/wp-content\/uploads\/usu2317\/2023\/10\/6.desplegaments-2.png\"><img loading=\"lazy\" decoding=\"async\" width=\"1024\" height=\"483\" src=\"https:\/\/projectes.xtec.cat\/digital\/wp-content\/uploads\/usu2317\/2023\/10\/6.desplegaments-2-1024x483.png\" alt=\"\" class=\"wp-image-18657\" srcset=\"https:\/\/projectes.xtec.cat\/digital\/wp-content\/uploads\/usu2317\/2023\/10\/6.desplegaments-2-1024x483.png 1024w, https:\/\/projectes.xtec.cat\/digital\/wp-content\/uploads\/usu2317\/2023\/10\/6.desplegaments-2-300x142.png 300w, https:\/\/projectes.xtec.cat\/digital\/wp-content\/uploads\/usu2317\/2023\/10\/6.desplegaments-2-768x363.png 768w, https:\/\/projectes.xtec.cat\/digital\/wp-content\/uploads\/usu2317\/2023\/10\/6.desplegaments-2.png 1146w\" sizes=\"auto, (max-width: 1024px) 100vw, 1024px\" \/><\/a><\/figure>\n\n\n\n<h2 class=\"wp-block-heading\"><strong>Detall de l\u2019equipament per projecte&nbsp;<\/strong><\/h2>\n\n\n\n<p>Per consultar les caracter\u00edstiques equipaments desplegats en un projecte, premeu a sobre de la icona <img loading=\"lazy\" decoding=\"async\" src=\"https:\/\/lh3.googleusercontent.com\/1ull6d-zo4E8qWA5sbUh1_9bU52_CCL3UEYde2GJDIr_gHLc-0h4pUOp1qXAvZfBSykdlMJbxiFLACaOhAPX-uNtGEgeueNgUJLkCxPa4f_gtDIyXr2TpWlOJzj4A6wvkiT1xxsPIy34l6M038dj73M\" width=\"20\" height=\"21\">que hi ha a la columna \u201c<strong>Detall<\/strong>\u201d i s\u2019obrir\u00e0 la finestra \u201c<strong>Detall del desplegament\u201d<\/strong>. El projecte ha de tenir un estat diferent de \u201c<strong>Registrat<\/strong>\u201d per poder consultar el detall.<\/p>\n\n\n\n<p>La pantalla de detall es mostren dues zones d\u2019informaci\u00f3: <strong>dades del projecte<\/strong> i <strong>zona de pestanyes<\/strong>.<\/p>\n\n\n\n<figure class=\"wp-block-image size-large\"><a href=\"https:\/\/projectes.xtec.cat\/digital\/wp-content\/uploads\/usu2317\/2023\/10\/7.desplegaments-1.png\"><img loading=\"lazy\" decoding=\"async\" width=\"1024\" height=\"491\" src=\"https:\/\/projectes.xtec.cat\/digital\/wp-content\/uploads\/usu2317\/2023\/10\/7.desplegaments-1-1024x491.png\" alt=\"\" class=\"wp-image-18658\" srcset=\"https:\/\/projectes.xtec.cat\/digital\/wp-content\/uploads\/usu2317\/2023\/10\/7.desplegaments-1-1024x491.png 1024w, https:\/\/projectes.xtec.cat\/digital\/wp-content\/uploads\/usu2317\/2023\/10\/7.desplegaments-1-300x144.png 300w, https:\/\/projectes.xtec.cat\/digital\/wp-content\/uploads\/usu2317\/2023\/10\/7.desplegaments-1-768x368.png 768w, https:\/\/projectes.xtec.cat\/digital\/wp-content\/uploads\/usu2317\/2023\/10\/7.desplegaments-1.png 1147w\" sizes=\"auto, (max-width: 1024px) 100vw, 1024px\" \/><\/a><\/figure>\n\n\n\n<h2 class=\"wp-block-heading\"><strong>Dades del projecte<\/strong><\/h2>\n\n\n\n<p>A les dades generals es mostren diferents informacions referents al desplegament:<\/p>\n\n\n\n<ul class=\"wp-block-list\">\n<li><strong>ID<\/strong>: N\u00famero d\u2019identificaci\u00f3.&nbsp;<\/li>\n\n\n\n<li><strong>Registrat<\/strong>: Data de registre del desplegament.<\/li>\n\n\n\n<li><strong>Planificat<\/strong>: Data d\u2019entrega al centre.<\/li>\n\n\n\n<li><strong>Completat<\/strong>: Data de registre de la finalitzaci\u00f3 del desplegament.<\/li>\n\n\n\n<li><strong>Estat<\/strong>: Estat intern del projecte per fer el seguiment.<\/li>\n\n\n\n<li><strong>Centre<\/strong>: On es fa l\u2019actuaci\u00f3.<\/li>\n\n\n\n<li><strong>Comunicat<\/strong>:<\/li>\n\n\n\n<li><strong>Projecte<\/strong>: Tipus de projecte<\/li>\n\n\n\n<li><strong>Usuari<\/strong>:<\/li>\n\n\n\n<li><strong>Seguiment<\/strong>: A trav\u00e9s de la web de l\u2019empresa de log\u00edstica.<\/li>\n\n\n\n<li><strong>Tiquet extern<\/strong>:&nbsp;<\/li>\n\n\n\n<li><strong>POD<\/strong>: Comprovant d\u2019entrega digitalitzat.<\/li>\n<\/ul>\n\n\n\n<figure class=\"wp-block-image size-large\"><a href=\"https:\/\/projectes.xtec.cat\/digital\/wp-content\/uploads\/usu2317\/2023\/10\/8.desplegaments-1.png\"><img loading=\"lazy\" decoding=\"async\" width=\"1024\" height=\"177\" src=\"https:\/\/projectes.xtec.cat\/digital\/wp-content\/uploads\/usu2317\/2023\/10\/8.desplegaments-1-1024x177.png\" alt=\"\" class=\"wp-image-18659\" srcset=\"https:\/\/projectes.xtec.cat\/digital\/wp-content\/uploads\/usu2317\/2023\/10\/8.desplegaments-1-1024x177.png 1024w, https:\/\/projectes.xtec.cat\/digital\/wp-content\/uploads\/usu2317\/2023\/10\/8.desplegaments-1-300x52.png 300w, https:\/\/projectes.xtec.cat\/digital\/wp-content\/uploads\/usu2317\/2023\/10\/8.desplegaments-1-768x132.png 768w, https:\/\/projectes.xtec.cat\/digital\/wp-content\/uploads\/usu2317\/2023\/10\/8.desplegaments-1.png 1148w\" sizes=\"auto, (max-width: 1024px) 100vw, 1024px\" \/><\/a><\/figure>\n\n\n\n<h2 class=\"wp-block-heading\"><strong>Zona de pestanyes<\/strong><\/h2>\n\n\n\n<div class=\"wp-block-getwid-accordion has-icon-left\" data-active-element=\"none\">\n<div class=\"wp-block-getwid-accordion__header-wrapper\"><span class=\"wp-block-getwid-accordion__header\"><a href=\"#\"><span class=\"wp-block-getwid-accordion__header-title\"><strong>Pestanya \u201cAssignacions\u201d<\/strong><\/span><span class=\"wp-block-getwid-accordion__icon is-active\"><i class=\"fas fa-plus\"><\/i><\/span><span class=\"wp-block-getwid-accordion__icon is-passive\"><i class=\"fas fa-minus\"><\/i><\/span><\/a><\/span><\/div><div class=\"wp-block-getwid-accordion__content-wrapper\"><div class=\"wp-block-getwid-accordion__content\">\n<p>En aquesta pestanya, el centre pot consultar la relaci\u00f3 nominal de les persones i equipaments assignats. Els camps definits a la pestanya s\u00f3n:&nbsp;<\/p>\n\n\n\n<ul class=\"wp-block-list\">\n<li><strong>Identificador:<\/strong> NIF\/NIE del o la docent o IDALU de l\u2019alumnat (l\u2019identificador atorgat pel RALC).<\/li>\n\n\n\n<li><strong>Nom:<\/strong> nom complet de la persona docent o alumna (dels grups obligatoris i addicionals) amb port\u00e0til assignat per ordre alfab\u00e8tic i validat a la demanda.<\/li>\n\n\n\n<li><strong>Curs<\/strong>: nivell educatiu cursat per l\u2019usuari.<\/li>\n\n\n\n<li><strong>Model:<\/strong> model del port\u00e0til assignat.&nbsp;<\/li>\n\n\n\n<li><strong>Maqueta:<\/strong> versi\u00f3 del programari preinstal\u00b7lat. Inclou informaci\u00f3 sobre els sistemes operatius instal\u00b7lats.&nbsp;<\/li>\n\n\n\n<li><strong>S.N.: <\/strong>el n\u00famero de s\u00e8rie de l\u2019equip.&nbsp;<\/li>\n\n\n\n<li><strong>Tipus de moviment<\/strong>: Pot ser alta o baixa.<\/li>\n\n\n\n<li><strong>Estat:<\/strong> estat intern del projecte per fer el seguiment.&nbsp;<\/li>\n\n\n\n<li><strong>Tipus de movimen<\/strong>t: pot ser <strong>alta<\/strong> o <strong>baixa<\/strong>.<\/li>\n\n\n\n<li><strong>Observacions: <\/strong>per informar, entre altres coses, si el port\u00e0til \u00e9s entregat finalment a una persona substituta, un comentari addicional\u2026<\/li>\n<\/ul>\n\n\n\n<figure class=\"wp-block-image size-large\"><a href=\"https:\/\/projectes.xtec.cat\/digital\/wp-content\/uploads\/usu2317\/2023\/10\/10.desplegaments-1.png\"><img loading=\"lazy\" decoding=\"async\" width=\"1017\" height=\"546\" src=\"https:\/\/projectes.xtec.cat\/digital\/wp-content\/uploads\/usu2317\/2023\/10\/10.desplegaments-1.png\" alt=\"\" class=\"wp-image-18661\" srcset=\"https:\/\/projectes.xtec.cat\/digital\/wp-content\/uploads\/usu2317\/2023\/10\/10.desplegaments-1.png 1017w, https:\/\/projectes.xtec.cat\/digital\/wp-content\/uploads\/usu2317\/2023\/10\/10.desplegaments-1-300x161.png 300w, https:\/\/projectes.xtec.cat\/digital\/wp-content\/uploads\/usu2317\/2023\/10\/10.desplegaments-1-768x412.png 768w\" sizes=\"auto, (max-width: 1017px) 100vw, 1017px\" \/><\/a><\/figure>\n<\/div><\/div>\n\n\n\n<div class=\"wp-block-getwid-accordion__header-wrapper\"><span class=\"wp-block-getwid-accordion__header\"><a href=\"#\"><span class=\"wp-block-getwid-accordion__header-title\"><strong>Pestanya \u201cDocuments\u201d&nbsp;<\/strong><\/span><span class=\"wp-block-getwid-accordion__icon is-active\"><i class=\"fas fa-plus\"><\/i><\/span><span class=\"wp-block-getwid-accordion__icon is-passive\"><i class=\"fas fa-minus\"><\/i><\/span><\/a><\/span><\/div><div class=\"wp-block-getwid-accordion__content-wrapper\"><div class=\"wp-block-getwid-accordion__content\">\n<p>En aquesta pestanya, es penjaran les actes signades pel centre en el proc\u00e9s de desplegament dels equips del professorat i de l\u2019alumnat, un cop el projecte estigui en estat completat. Una vegada l\u2019acta ha estat revisada per l\u2019oficina t\u00e8cnica del prove\u00efdor o prove\u00efdora, l\u2019estat del projecte canvia a \u201cinventariat\u201d. El centre pot descarregar l\u2019acta signada i la relaci\u00f3 de l\u2019equipament desplegat al centre.<\/p>\n\n\n\n<ul class=\"wp-block-list\">\n<li><strong>T\u00edtol:<\/strong> Nom del document.<\/li>\n\n\n\n<li><strong>Data:<\/strong> Data de lliurament.<\/li>\n\n\n\n<li><strong>Tipus<\/strong>: Tipus de document.<\/li>\n\n\n\n<li><strong>Estat:<\/strong> En quin moment es troba el proc\u00e9s de desplegament.&nbsp;<\/li>\n<\/ul>\n\n\n\n<p>A m\u00e9s podem trobar tres icones que ens serveixen per descarregar el document, per consultar-ne les dades o per eliminar-lo.<\/p>\n\n\n\n<figure class=\"wp-block-image size-large\"><a href=\"https:\/\/projectes.xtec.cat\/digital\/wp-content\/uploads\/usu2317\/2023\/10\/11.desplegaments-1.png\"><img loading=\"lazy\" decoding=\"async\" width=\"1024\" height=\"361\" src=\"https:\/\/projectes.xtec.cat\/digital\/wp-content\/uploads\/usu2317\/2023\/10\/11.desplegaments-1-1024x361.png\" alt=\"\" class=\"wp-image-18662\" srcset=\"https:\/\/projectes.xtec.cat\/digital\/wp-content\/uploads\/usu2317\/2023\/10\/11.desplegaments-1-1024x361.png 1024w, https:\/\/projectes.xtec.cat\/digital\/wp-content\/uploads\/usu2317\/2023\/10\/11.desplegaments-1-300x106.png 300w, https:\/\/projectes.xtec.cat\/digital\/wp-content\/uploads\/usu2317\/2023\/10\/11.desplegaments-1-768x271.png 768w, https:\/\/projectes.xtec.cat\/digital\/wp-content\/uploads\/usu2317\/2023\/10\/11.desplegaments-1.png 1208w\" sizes=\"auto, (max-width: 1024px) 100vw, 1024px\" \/><\/a><\/figure>\n<\/div><\/div>\n\n\n\n<div class=\"wp-block-getwid-accordion__header-wrapper\"><span class=\"wp-block-getwid-accordion__header\"><a href=\"#\"><span class=\"wp-block-getwid-accordion__header-title\"><strong>Pestanya \u201cequips\u201d<\/strong><\/span><span class=\"wp-block-getwid-accordion__icon is-active\"><i class=\"fas fa-plus\"><\/i><\/span><span class=\"wp-block-getwid-accordion__icon is-passive\"><i class=\"fas fa-minus\"><\/i><\/span><\/a><\/span><\/div><div class=\"wp-block-getwid-accordion__content-wrapper\"><div class=\"wp-block-getwid-accordion__content\">\n<p>En aquesta pestanya trobem informaci\u00f3 sobre els equips desplegats. Podem trobar els seg\u00fcents camps:<\/p>\n\n\n\n<ul class=\"wp-block-list\">\n<li><strong>Model:<\/strong> model del port\u00e0til assignat.&nbsp;<\/li>\n\n\n\n<li><strong>Maqueta:<\/strong> versi\u00f3 del programari preinstal\u00b7lat. Inclou informaci\u00f3 sobre els sistemes operatius instal\u00b7lats.&nbsp;<\/li>\n\n\n\n<li><strong>S.N: <\/strong>el n\u00famero de s\u00e8rie de l\u2019equip.&nbsp;<\/li>\n\n\n\n<li><strong>Abonat: <\/strong>n\u00famero de tel\u00e8fon associat a l\u2019equip.<\/li>\n\n\n\n<li><strong>Estat:<\/strong> estat intern del projecte per fer el seguiment. Hi podem trobar:\n<ul class=\"wp-block-list\">\n<li>Anul\u00b7lat<\/li>\n\n\n\n<li>Completat<\/li>\n\n\n\n<li>En curs<\/li>\n\n\n\n<li>Entrega fallida<\/li>\n\n\n\n<li>Incid\u00e8ncia<\/li>\n\n\n\n<li>Inventariat<\/li>\n\n\n\n<li>Parcialment instal\u00b7lat<\/li>\n\n\n\n<li>Pendent de planificar<\/li>\n\n\n\n<li>Planificat<\/li>\n\n\n\n<li>Registrat<\/li>\n\n\n\n<li>Revisi\u00f3<\/li>\n<\/ul>\n<\/li>\n\n\n\n<li><strong>Tipus de movimen<\/strong>t: pot ser <strong>alta<\/strong> o <strong>baixa<\/strong>.<\/li>\n\n\n\n<li><strong>Observacions: <\/strong>per informar, entre altres coses, si el port\u00e0til \u00e9s entregat finalment a una persona substituta.<\/li>\n<\/ul>\n\n\n\n<figure class=\"wp-block-image size-large\"><a href=\"https:\/\/projectes.xtec.cat\/digital\/wp-content\/uploads\/usu2317\/2023\/10\/12.desplegaments-1.png\"><img loading=\"lazy\" decoding=\"async\" width=\"1024\" height=\"331\" src=\"https:\/\/projectes.xtec.cat\/digital\/wp-content\/uploads\/usu2317\/2023\/10\/12.desplegaments-1-1024x331.png\" alt=\"\" class=\"wp-image-18663\" srcset=\"https:\/\/projectes.xtec.cat\/digital\/wp-content\/uploads\/usu2317\/2023\/10\/12.desplegaments-1-1024x331.png 1024w, https:\/\/projectes.xtec.cat\/digital\/wp-content\/uploads\/usu2317\/2023\/10\/12.desplegaments-1-300x97.png 300w, https:\/\/projectes.xtec.cat\/digital\/wp-content\/uploads\/usu2317\/2023\/10\/12.desplegaments-1-768x248.png 768w, https:\/\/projectes.xtec.cat\/digital\/wp-content\/uploads\/usu2317\/2023\/10\/12.desplegaments-1.png 1200w\" sizes=\"auto, (max-width: 1024px) 100vw, 1024px\" \/><\/a><\/figure>\n<\/div><\/div>\n\n\n\n<div class=\"wp-block-getwid-accordion__header-wrapper\"><span class=\"wp-block-getwid-accordion__header\"><a href=\"#\"><span class=\"wp-block-getwid-accordion__header-title\"><strong>Pestanya \u201cSol\u00b7licituds\u201d&nbsp;<\/strong><\/span><span class=\"wp-block-getwid-accordion__icon is-active\"><i class=\"fas fa-plus\"><\/i><\/span><span class=\"wp-block-getwid-accordion__icon is-passive\"><i class=\"fas fa-minus\"><\/i><\/span><\/a><\/span><\/div><div class=\"wp-block-getwid-accordion__content-wrapper\"><div class=\"wp-block-getwid-accordion__content\">\n<p>En aquesta pestanya, el centre pot visualitzar un resum de l\u2019equipament. Hi trobar\u00e0s la seg\u00fcent informaci\u00f3:&nbsp;<\/p>\n\n\n\n<ul class=\"wp-block-list\">\n<li><strong>Tipus: <\/strong>port\u00e0til o MiFi (connectivitat).&nbsp;<\/li>\n\n\n\n<li><strong>Fabricant: <\/strong>Marca registrada del fabricant de l\u2019equipament.&nbsp;<\/li>\n\n\n\n<li><strong>Model-Ref.<\/strong>: Caracter\u00edstiques t\u00e8cniques de l\u2019equipament.<\/li>\n\n\n\n<li><strong>Maqueta:<\/strong> imatge del programari preinstal\u00b7lat a l\u2019ordinador port\u00e0til. No aplicable als MiFi (N\/A).&nbsp;<\/li>\n\n\n\n<li><strong>Tipus de movimen<\/strong>t: pot ser <strong>alta<\/strong> o <strong>baixa<\/strong>.<\/li>\n\n\n\n<li><strong>Qt. Inicial: <\/strong>la quantitat total d\u2019equipaments validats per desplegar.&nbsp;<\/li>\n\n\n\n<li><strong>Qt. Lliurat: <\/strong>la quantitat total d\u2019equipaments lliurats al centre.<\/li>\n<\/ul>\n\n\n\n<figure class=\"wp-block-image size-large\"><a href=\"https:\/\/projectes.xtec.cat\/digital\/wp-content\/uploads\/usu2317\/2023\/10\/9.desplegaments-1.png\"><img loading=\"lazy\" decoding=\"async\" width=\"1024\" height=\"157\" src=\"https:\/\/projectes.xtec.cat\/digital\/wp-content\/uploads\/usu2317\/2023\/10\/9.desplegaments-1-1024x157.png\" alt=\"\" class=\"wp-image-18660\" srcset=\"https:\/\/projectes.xtec.cat\/digital\/wp-content\/uploads\/usu2317\/2023\/10\/9.desplegaments-1-1024x157.png 1024w, https:\/\/projectes.xtec.cat\/digital\/wp-content\/uploads\/usu2317\/2023\/10\/9.desplegaments-1-300x46.png 300w, https:\/\/projectes.xtec.cat\/digital\/wp-content\/uploads\/usu2317\/2023\/10\/9.desplegaments-1-768x118.png 768w, https:\/\/projectes.xtec.cat\/digital\/wp-content\/uploads\/usu2317\/2023\/10\/9.desplegaments-1.png 1394w\" sizes=\"auto, (max-width: 1024px) 100vw, 1024px\" \/><\/a><\/figure>\n<\/div><\/div>\n<\/div>\n\n\n\n<div style=\"height:100px\" aria-hidden=\"true\" class=\"wp-block-spacer\"><\/div>\n<\/div><\/div><\/div><\/div><\/div>\n","protected":false},"excerpt":{"rendered":"","protected":false},"author":4,"featured_media":0,"parent":18751,"menu_order":0,"comment_status":"closed","ping_status":"closed","template":"","meta":{"site-sidebar-layout":"default","site-content-layout":"","ast-site-content-layout":"default","site-content-style":"default","site-sidebar-style":"default","ast-global-header-display":"","ast-banner-title-visibility":"","ast-main-header-display":"","ast-hfb-above-header-display":"","ast-hfb-below-header-display":"","ast-hfb-mobile-header-display":"","site-post-title":"","ast-breadcrumbs-content":"","ast-featured-img":"","footer-sml-layout":"","theme-transparent-header-meta":"","adv-header-id-meta":"","stick-header-meta":"","header-above-stick-meta":"","header-main-stick-meta":"","header-below-stick-meta":"","astra-migrate-meta-layouts":"set","ast-page-background-enabled":"default","ast-page-background-meta":{"desktop":{"background-color":"var(--ast-global-color-4)","background-image":"","background-repeat":"repeat","background-position":"center center","background-size":"auto","background-attachment":"scroll","background-type":"","background-media":"","overlay-type":"","overlay-color":"","overlay-opacity":"","overlay-gradient":""},"tablet":{"background-color":"","background-image":"","background-repeat":"repeat","background-position":"center center","background-size":"auto","background-attachment":"scroll","background-type":"","background-media":"","overlay-type":"","overlay-color":"","overlay-opacity":"","overlay-gradient":""},"mobile":{"background-color":"","background-image":"","background-repeat":"repeat","background-position":"center center","background-size":"auto","background-attachment":"scroll","background-type":"","background-media":"","overlay-type":"","overlay-color":"","overlay-opacity":"","overlay-gradient":""}},"ast-content-background-meta":{"desktop":{"background-color":"var(--ast-global-color-5)","background-image":"","background-repeat":"repeat","background-position":"center center","background-size":"auto","background-attachment":"scroll","background-type":"","background-media":"","overlay-type":"","overlay-color":"","overlay-opacity":"","overlay-gradient":""},"tablet":{"background-color":"var(--ast-global-color-5)","background-image":"","background-repeat":"repeat","background-position":"center center","background-size":"auto","background-attachment":"scroll","background-type":"","background-media":"","overlay-type":"","overlay-color":"","overlay-opacity":"","overlay-gradient":""},"mobile":{"background-color":"var(--ast-global-color-5)","background-image":"","background-repeat":"repeat","background-position":"center center","background-size":"auto","background-attachment":"scroll","background-type":"","background-media":"","overlay-type":"","overlay-color":"","overlay-opacity":"","overlay-gradient":""}},"footnotes":""},"class_list":["post-18766","page","type-page","status-publish","hentry"],"post_mailing_queue_ids":[],"_links":{"self":[{"href":"https:\/\/projectes.xtec.cat\/digital\/wp-json\/wp\/v2\/pages\/18766","targetHints":{"allow":["GET"]}}],"collection":[{"href":"https:\/\/projectes.xtec.cat\/digital\/wp-json\/wp\/v2\/pages"}],"about":[{"href":"https:\/\/projectes.xtec.cat\/digital\/wp-json\/wp\/v2\/types\/page"}],"author":[{"embeddable":true,"href":"https:\/\/projectes.xtec.cat\/digital\/wp-json\/wp\/v2\/users\/4"}],"replies":[{"embeddable":true,"href":"https:\/\/projectes.xtec.cat\/digital\/wp-json\/wp\/v2\/comments?post=18766"}],"version-history":[{"count":6,"href":"https:\/\/projectes.xtec.cat\/digital\/wp-json\/wp\/v2\/pages\/18766\/revisions"}],"predecessor-version":[{"id":37295,"href":"https:\/\/projectes.xtec.cat\/digital\/wp-json\/wp\/v2\/pages\/18766\/revisions\/37295"}],"up":[{"embeddable":true,"href":"https:\/\/projectes.xtec.cat\/digital\/wp-json\/wp\/v2\/pages\/18751"}],"wp:attachment":[{"href":"https:\/\/projectes.xtec.cat\/digital\/wp-json\/wp\/v2\/media?parent=18766"}],"curies":[{"name":"wp","href":"https:\/\/api.w.org\/{rel}","templated":true}]}}