{"id":18780,"date":"2023-11-07T16:37:12","date_gmt":"2023-11-07T15:37:12","guid":{"rendered":"https:\/\/projectes.xtec.cat\/digital\/?page_id=18780"},"modified":"2025-09-16T14:00:09","modified_gmt":"2025-09-16T12:00:09","slug":"inventari-equipaments","status":"publish","type":"page","link":"https:\/\/projectes.xtec.cat\/digital\/serveis-digitals\/indic\/manual-indic\/inventari-equipaments\/","title":{"rendered":"Equipaments"},"content":{"rendered":"\n<p>Un equipament (ordinadors, MiFi, etc.) pot tenir un dels seg\u00fcents estats (nom\u00e9s un simult\u00e0niament):&nbsp;<\/p>\n\n\n\n<ul class=\"wp-block-list\">\n<li><strong>Per entregar:<\/strong> L&#8217;equipament est\u00e0 assignat a una persona, per\u00f2 encara no s&#8217;ha fet l&#8217;entrega f\u00edsica. El centre custodia l\u2019equipament fins a l\u2019entrega.&nbsp;<\/li>\n\n\n\n<li><strong>Entregat:<\/strong> L&#8217;equipament ha sigut entregat f\u00edsicament a la persona. Aquest ser\u00e0 l&#8217;estat normal de funcionament de l&#8217;equipament. Aplica tamb\u00e9 en el cas que s\u2019optin per custodiar els equips al centre fora de l\u2019horari lectiu.&nbsp;&nbsp;<\/li>\n\n\n\n<li><strong>Reclamat:<\/strong> El centre demana al personal docent o a l\u2019alumne o alumna que retorni l\u2019equipament. Aquest estat es pot donar per les seg\u00fcents raons:<br>\n<ul class=\"wp-block-list\">\n<li>Jubilaci\u00f3 de la personal docent<\/li>\n\n\n\n<li>Persona interina que canvia de centre<\/li>\n\n\n\n<li>Persona substituta que finalitza la substituci\u00f3<\/li>\n\n\n\n<li>Alumne o alumna que finalitza els seus estudis<\/li>\n\n\n\n<li>Alumne o alumna que canvia de centre<\/li>\n\n\n\n<li>Alumne o alumna absentista<\/li>\n\n\n\n<li>Final de curs (a criteri del centre, el qual pot decidir si custodia els equipaments durant l\u2019estiu o els cedeix a l\u2019alumnat.)<br><\/li>\n<\/ul>\n<\/li>\n<\/ul>\n\n\n\n<p>Si la persona no retorna l\u2019equip, passats uns dies (a criteri del centre) cal obrir una incid\u00e8ncia a Remedy adjuntant la den\u00fancia als mossos i canviar l\u2019estat de l\u2019equip a \u201cDesaparegut\u201d (vegeu estat \u201cDesaparegut\u201d).&nbsp;<\/p>\n\n\n\n<ul class=\"wp-block-list\">\n<li><strong>Disponible:<\/strong> L&#8217;equipament est\u00e0 f\u00edsicament al centre i disponible per a noves assignacions.<\/li>\n\n\n\n<li><strong>Pendent de reparaci\u00f3:<\/strong> L\u2019equipament t\u00e9 una incid\u00e8ncia i est\u00e0 en proc\u00e9s de reparaci\u00f3.&nbsp;<\/li>\n\n\n\n<li><strong>Desaparegut:<\/strong> La persona notifica que l&#8217;equipament ha desaparegut (robatori, p\u00e8rdua) o no retorna un equip reclamat pel centre. El centre ha d\u2019obrir una incid\u00e8ncia al <a href=\"http:\/\/pautic.gencat.cat\/\">portal d\u2019autogesti\u00f3<\/a> (Pautic, Remedy) a <em>Avaria o mal funcionament<\/em> \u2192<em> Incid\u00e8ncia amb un ordinador o Element d\u2019aula CISE<\/em>, problema: <em>P\u00e8rdua o Robatori<\/em>. A la part superior del formulari d\u2019incid\u00e8ncia podeu trobar instruccions detallades.<\/li>\n<\/ul>\n\n\n\n<figure class=\"wp-block-image aligncenter size-large\"><a href=\"https:\/\/projectes.xtec.cat\/digital\/wp-content\/uploads\/usu2317\/2023\/10\/14.Inventari.png\"><img loading=\"lazy\" decoding=\"async\" width=\"573\" height=\"443\" src=\"https:\/\/projectes.xtec.cat\/digital\/wp-content\/uploads\/usu2317\/2023\/10\/14.Inventari.png\" alt=\"\" class=\"wp-image-18579\" srcset=\"https:\/\/projectes.xtec.cat\/digital\/wp-content\/uploads\/usu2317\/2023\/10\/14.Inventari.png 573w, https:\/\/projectes.xtec.cat\/digital\/wp-content\/uploads\/usu2317\/2023\/10\/14.Inventari-300x232.png 300w\" sizes=\"auto, (max-width: 573px) 100vw, 573px\" \/><\/a><\/figure>\n\n\n\n<ul class=\"wp-block-list\">\n<li><strong>No operatiu:<\/strong> L&#8217;equipament ha deixat de funcionar i no es reparar\u00e0 (casos no contemplats pel servei de manteniment: manipulaci\u00f3 indeguda de l\u2019equipament, vandalisme, etc.). Pot ser interessant mantenir aquest equipament a l\u2019inventari per possibles reciclatges, etc.<\/li>\n\n\n\n<li><strong>Reinici f\u00e0brica:<\/strong> L\u2019equipament s\u2019ha de netejar de dades mitjan\u00e7ant un reinici de f\u00e0brica. Aquest estat \u00e9s \u00fatil pels t\u00e8cnics de camp a final de curs en el cas que s\u2019habiliti la neteja programada.<\/li>\n<\/ul>\n\n\n\n<div style=\"height:100px\" aria-hidden=\"true\" class=\"wp-block-spacer\"><\/div>\n","protected":false},"excerpt":{"rendered":"<p>Un equipament (ordinadors, MiFi, etc.) pot tenir un dels seg\u00fcents estats (nom\u00e9s un simult\u00e0niament):&nbsp; Si la persona no retorna l\u2019equip, passats uns dies (a criteri del centre) cal obrir una incid\u00e8ncia a Remedy adjuntant la den\u00fancia als mossos i canviar l\u2019estat de l\u2019equip a \u201cDesaparegut\u201d (vegeu estat \u201cDesaparegut\u201d).&nbsp;<\/p>\n","protected":false},"author":4,"featured_media":0,"parent":18751,"menu_order":0,"comment_status":"closed","ping_status":"close","template":"","meta":{"site-sidebar-layout":"default","site-content-layout":"","ast-site-content-layout":"default","site-content-style":"default","site-sidebar-style":"default","ast-global-header-display":"","ast-banner-title-visibility":"","ast-main-header-display":"","ast-hfb-above-header-display":"","ast-hfb-below-header-display":"","ast-hfb-mobile-header-display":"","site-post-title":"","ast-breadcrumbs-content":"","ast-featured-img":"","footer-sml-layout":"","theme-transparent-header-meta":"","adv-header-id-meta":"","stick-header-meta":"","header-above-stick-meta":"","header-main-stick-meta":"","header-below-stick-meta":"","astra-migrate-meta-layouts":"set","ast-page-background-enabled":"default","ast-page-background-meta":{"desktop":{"background-color":"var(--ast-global-color-4)","background-image":"","background-repeat":"repeat","background-position":"center center","background-size":"auto","background-attachment":"scroll","background-type":"","background-media":"","overlay-type":"","overlay-color":"","overlay-opacity":"","overlay-gradient":""},"tablet":{"background-color":"","background-image":"","background-repeat":"repeat","background-position":"center center","background-size":"auto","background-attachment":"scroll","background-type":"","background-media":"","overlay-type":"","overlay-color":"","overlay-opacity":"","overlay-gradient":""},"mobile":{"background-color":"","background-image":"","background-repeat":"repeat","background-position":"center center","background-size":"auto","background-attachment":"scroll","background-type":"","background-media":"","overlay-type":"","overlay-color":"","overlay-opacity":"","overlay-gradient":""}},"ast-content-background-meta":{"desktop":{"background-color":"var(--ast-global-color-5)","background-image":"","background-repeat":"repeat","background-position":"center center","background-size":"auto","background-attachment":"scroll","background-type":"","background-media":"","overlay-type":"","overlay-color":"","overlay-opacity":"","overlay-gradient":""},"tablet":{"background-color":"var(--ast-global-color-5)","background-image":"","background-repeat":"repeat","background-position":"center center","background-size":"auto","background-attachment":"scroll","background-type":"","background-media":"","overlay-type":"","overlay-color":"","overlay-opacity":"","overlay-gradient":""},"mobile":{"background-color":"var(--ast-global-color-5)","background-image":"","background-repeat":"repeat","background-position":"center center","background-size":"auto","background-attachment":"scroll","background-type":"","background-media":"","overlay-type":"","overlay-color":"","overlay-opacity":"","overlay-gradient":""}},"footnotes":""},"class_list":["post-18780","page","type-page","status-publish","hentry"],"post_mailing_queue_ids":[],"_links":{"self":[{"href":"https:\/\/projectes.xtec.cat\/digital\/wp-json\/wp\/v2\/pages\/18780","targetHints":{"allow":["GET"]}}],"collection":[{"href":"https:\/\/projectes.xtec.cat\/digital\/wp-json\/wp\/v2\/pages"}],"about":[{"href":"https:\/\/projectes.xtec.cat\/digital\/wp-json\/wp\/v2\/types\/page"}],"author":[{"embeddable":true,"href":"https:\/\/projectes.xtec.cat\/digital\/wp-json\/wp\/v2\/users\/4"}],"replies":[{"embeddable":true,"href":"https:\/\/projectes.xtec.cat\/digital\/wp-json\/wp\/v2\/comments?post=18780"}],"version-history":[{"count":6,"href":"https:\/\/projectes.xtec.cat\/digital\/wp-json\/wp\/v2\/pages\/18780\/revisions"}],"predecessor-version":[{"id":37318,"href":"https:\/\/projectes.xtec.cat\/digital\/wp-json\/wp\/v2\/pages\/18780\/revisions\/37318"}],"up":[{"embeddable":true,"href":"https:\/\/projectes.xtec.cat\/digital\/wp-json\/wp\/v2\/pages\/18751"}],"wp:attachment":[{"href":"https:\/\/projectes.xtec.cat\/digital\/wp-json\/wp\/v2\/media?parent=18780"}],"curies":[{"name":"wp","href":"https:\/\/api.w.org\/{rel}","templated":true}]}}