{"id":19167,"date":"2023-11-02T17:33:18","date_gmt":"2023-11-02T16:33:18","guid":{"rendered":"https:\/\/projectes.xtec.cat\/digital\/?page_id=19167"},"modified":"2023-12-20T08:58:18","modified_gmt":"2023-12-20T07:58:18","slug":"codego-robot-mouse","status":"publish","type":"page","link":"https:\/\/projectes.xtec.cat\/digital\/equipaments-i-infraestructures\/robotica\/formacio-tecnica-robotica\/robots-educatius\/codego-robot-mouse\/","title":{"rendered":"Code&amp;go robot mouse"},"content":{"rendered":"\n<div class=\"wp-block-getwid-section alignfull alignfull\"><div class=\"wp-block-getwid-section__wrapper\"><div class=\"wp-block-getwid-section__inner-wrapper\"><div class=\"wp-block-getwid-section__background-holder\"><div class=\"wp-block-getwid-section__background\"><\/div><div class=\"wp-block-getwid-section__foreground\"><\/div><\/div><div class=\"wp-block-getwid-section__content\"><div class=\"wp-block-getwid-section__inner-content\">\n<div style=\"height:50px\" aria-hidden=\"true\" class=\"wp-block-spacer\"><\/div>\n\n\n\n<div class=\"wp-block-columns is-layout-flex wp-container-core-columns-is-layout-1 wp-block-columns-is-layout-flex\">\n<div class=\"wp-block-column is-vertically-aligned-center is-layout-flow wp-block-column-is-layout-flow\" style=\"flex-basis:25%\">\n<figure class=\"wp-block-image size-large\"><a href=\"https:\/\/projectes.xtec.cat\/digital\/wp-content\/uploads\/usu2317\/2023\/10\/3.-Code_go-robot-mouse.jpg\"><img loading=\"lazy\" decoding=\"async\" width=\"664\" height=\"664\" src=\"https:\/\/projectes.xtec.cat\/digital\/wp-content\/uploads\/usu2317\/2023\/10\/3.-Code_go-robot-mouse.jpg\" alt=\"\" class=\"wp-image-18908\" srcset=\"https:\/\/projectes.xtec.cat\/digital\/wp-content\/uploads\/usu2317\/2023\/10\/3.-Code_go-robot-mouse.jpg 664w, https:\/\/projectes.xtec.cat\/digital\/wp-content\/uploads\/usu2317\/2023\/10\/3.-Code_go-robot-mouse-300x300.jpg 300w, https:\/\/projectes.xtec.cat\/digital\/wp-content\/uploads\/usu2317\/2023\/10\/3.-Code_go-robot-mouse-150x150.jpg 150w\" sizes=\"auto, (max-width: 664px) 100vw, 664px\" \/><\/a><\/figure>\n<\/div>\n\n\n\n<div class=\"wp-block-column is-layout-flow wp-block-column-is-layout-flow\" style=\"flex-basis:66.66%\">\n<h1 class=\"wp-block-heading\" style=\"font-size:37px\">Code&amp;go robot mouse<\/h1>\n\n\n\n<p>Code&amp;go \u00e9s un robot creat per apropar la rob\u00f2tica educativa a edats preescolars. Utilitza botons amb s\u00edmbols direccionals per guiar el robot, perfecte per a nens que encara no han apr\u00e8s a llegir. El Tale-Bot introdueix als m\u00e9s petits conceptes b\u00e0sics de la codificaci\u00f3 com ara les ordres, les seq\u00fc\u00e8ncies i els bucles.<\/p>\n\n\n\n<div class=\"wp-block-buttons is-content-justification-center is-layout-flex wp-block-buttons-is-layout-flex\">\n<div class=\"wp-block-button is-style-outline is-style-outline--1\"><a class=\"wp-block-button__link\" style=\"border-radius:20px\">Manual d&#8217;\u00fas<\/a><\/div>\n\n\n\n<div class=\"wp-block-button is-style-outline is-style-outline--2\"><a class=\"wp-block-button__link has-ast-global-color-3-color has-ast-global-color-6-background-color has-text-color has-background\" href=\"https:\/\/projectes.xtec.cat\/digital\/wp-content\/uploads\/usu2317\/2023\/12\/Code-_-Go-Robot-Mouse-accessible_.pdf\" style=\"border-radius:20px\" target=\"_blank\" rel=\"noreferrer noopener\">Fitxa resum<\/a><\/div>\n\n\n\n<div class=\"wp-block-button is-style-outline is-style-outline--3\"><a class=\"wp-block-button__link has-ast-global-color-3-color has-ast-global-color-6-background-color has-text-color has-background\" href=\"https:\/\/matatalab.com\/en\/tale-botpro\" style=\"border-radius:20px\" target=\"_blank\" rel=\"noreferrer noopener\">Web del fabricant<\/a><\/div>\n<\/div>\n<\/div>\n<\/div>\n\n\n\n<div style=\"height:50px\" aria-hidden=\"true\" class=\"wp-block-spacer\"><\/div>\n\n\n\n<div class=\"wp-block-getwid-tabs\" data-active-tab=\"0\"><ul class=\"wp-block-getwid-tabs__nav-links\"><\/ul>\n<div class=\"wp-block-getwid-tabs__nav-link\"><span class=\"wp-block-getwid-tabs__title-wrapper\"><a href=\"#\"><span class=\"wp-block-getwid-tabs__title\">V\u00eddeos<\/span><\/a><\/span><\/div><div class=\"wp-block-getwid-tabs__tab-content-wrapper\"><div class=\"wp-block-getwid-tabs__tab-content\">\n<div class=\"wp-block-columns is-layout-flex wp-container-core-columns-is-layout-2 wp-block-columns-is-layout-flex\">\n<div class=\"wp-block-column is-layout-flow wp-block-column-is-layout-flow\">\n<div class=\"video-responsive\"><iframe loading=\"lazy\" width=\"560\" height=\"315\" src=\"https:\/\/www.youtube.com\/embed\/B6oOZU0Zybk?si=36s7Zx6QsiLW52od\" title=\"YouTube video player\" frameborder=\"0\"><\/iframe><\/div>\n<\/div>\n\n\n\n<div class=\"wp-block-column is-layout-flow wp-block-column-is-layout-flow\">\n<figure class=\"wp-block-image size-large\"><a href=\"https:\/\/projectes.xtec.cat\/digital\/wp-content\/uploads\/usu2317\/2023\/10\/videodisponible_digital.jpeg\"><img loading=\"lazy\" decoding=\"async\" width=\"560\" height=\"361\" src=\"https:\/\/projectes.xtec.cat\/digital\/wp-content\/uploads\/usu2317\/2023\/10\/videodisponible_digital.jpeg\" alt=\"Video disponible text\" class=\"wp-image-18942\" srcset=\"https:\/\/projectes.xtec.cat\/digital\/wp-content\/uploads\/usu2317\/2023\/10\/videodisponible_digital.jpeg 560w, https:\/\/projectes.xtec.cat\/digital\/wp-content\/uploads\/usu2317\/2023\/10\/videodisponible_digital-300x193.jpeg 300w\" sizes=\"auto, (max-width: 560px) 100vw, 560px\" \/><\/a><\/figure>\n<\/div>\n\n\n\n<div class=\"wp-block-column is-layout-flow wp-block-column-is-layout-flow\">\n<figure class=\"wp-block-image size-large\"><a href=\"https:\/\/projectes.xtec.cat\/digital\/wp-content\/uploads\/usu2317\/2023\/10\/videodisponible_digital.jpeg\"><img loading=\"lazy\" decoding=\"async\" width=\"560\" height=\"361\" src=\"https:\/\/projectes.xtec.cat\/digital\/wp-content\/uploads\/usu2317\/2023\/10\/videodisponible_digital.jpeg\" alt=\"Video disponible text\" class=\"wp-image-18942\" srcset=\"https:\/\/projectes.xtec.cat\/digital\/wp-content\/uploads\/usu2317\/2023\/10\/videodisponible_digital.jpeg 560w, https:\/\/projectes.xtec.cat\/digital\/wp-content\/uploads\/usu2317\/2023\/10\/videodisponible_digital-300x193.jpeg 300w\" sizes=\"auto, (max-width: 560px) 100vw, 560px\" \/><\/a><\/figure>\n<\/div>\n<\/div>\n<\/div><\/div>\n\n\n\n<div class=\"wp-block-getwid-tabs__nav-link\"><span class=\"wp-block-getwid-tabs__title-wrapper\"><a href=\"#\"><span class=\"wp-block-getwid-tabs__title\">Instal\u00b7laci\u00f3 i programari<\/span><\/a><\/span><\/div><div class=\"wp-block-getwid-tabs__tab-content-wrapper\"><div class=\"wp-block-getwid-tabs__tab-content\">\n<p>Lorem ipsum dolor sit amet, consectetur adipiscing elit. Maecenas tempor, sapien sed commodo auctor, quam nisl viverra eros, sed sodales tellus mi ac augue. Cras mattis sem ac ultrices pellentesque.<\/p>\n\n\n\n<div class=\"wp-block-buttons is-layout-flex wp-block-buttons-is-layout-flex\">\n<div class=\"wp-block-button is-style-outline is-style-outline--4\"><a class=\"wp-block-button__link\" href=\"https:\/\/docs.google.com\/presentation\/d\/1PiC5bRYugXvGCkRxNzvoEMsdpWfEJEjyZiN3sz9HFyk\/edit?usp=sharing\" target=\"_blank\" rel=\"noreferrer noopener\">Windows<\/a><\/div>\n\n\n\n<div class=\"wp-block-button is-style-outline is-style-outline--5\"><a class=\"wp-block-button__link\" href=\"https:\/\/docs.google.com\/presentation\/d\/1brccmr3YAge3pDay5Ud-KFpkmR9qwGjrf6-tRD2JlEo\/edit?usp=sharing\" target=\"_blank\" rel=\"noreferrer noopener\">Linkat<\/a><\/div>\n\n\n\n<div class=\"wp-block-button is-style-outline is-style-outline--6\"><a class=\"wp-block-button__link\" href=\"https:\/\/docs.google.com\/presentation\/d\/1hqYQmuU6MAk1l-qONFM4NfuOcosmWVDGmw680EXv-Wo\/edit?usp=sharing\" target=\"_blank\" rel=\"noreferrer noopener\">ChromeOS<\/a><\/div>\n<\/div>\n<\/div><\/div>\n\n\n\n<div class=\"wp-block-getwid-tabs__nav-link\"><span class=\"wp-block-getwid-tabs__title-wrapper\"><a href=\"#\"><span class=\"wp-block-getwid-tabs__title\">Recursos addicionals<\/span><\/a><\/span><\/div><div class=\"wp-block-getwid-tabs__tab-content-wrapper\"><div class=\"wp-block-getwid-tabs__tab-content\">\n<p>Lorem ipsum dolor sit amet, consectetur adipiscing elit. Vestibulum scelerisque sem vel ante gravida, sit amet viverra lorem porta. Ut accumsan mauris non orci faucibus feugiat. Etiam a tincidunt tellus. Sed at libero dolor. Nam pretium nisi sed metus ullamcorper aliquet. Nullam nec vulputate orci.&nbsp;<\/p>\n\n\n\n<ul class=\"wp-block-list\"><li>Lorem ipsum dolor sit amet, consectetur adipiscing elit.<\/li><li>Vivamus tincidunt felis in ullamcorper faucibus.<\/li><li>Nullam convallis orci ac leo pulvinar placerat.<\/li><\/ul>\n<\/div><\/div>\n\n\n\n<div class=\"wp-block-getwid-tabs__nav-link\"><span class=\"wp-block-getwid-tabs__title-wrapper\"><a href=\"#\"><span class=\"wp-block-getwid-tabs__title\">Preguntes freq\u00fcents<\/span><\/a><\/span><\/div><div class=\"wp-block-getwid-tabs__tab-content-wrapper\"><div class=\"wp-block-getwid-tabs__tab-content\">\n<div class=\"wp-block-getwid-accordion has-icon-left\" data-active-element=\"none\">\n<div class=\"wp-block-getwid-accordion__header-wrapper\"><span class=\"wp-block-getwid-accordion__header\"><a href=\"#\"><span class=\"wp-block-getwid-accordion__header-title\">Necessita piles? Quina autonomia t\u00e9 la bateria? <\/span><span class=\"wp-block-getwid-accordion__icon is-active\"><i class=\"far fa-question-circle\"><\/i><\/span><span class=\"wp-block-getwid-accordion__icon is-passive\"><i class=\"fas fa-chevron-up\"><\/i><\/span><\/a><\/span><\/div><div class=\"wp-block-getwid-accordion__content-wrapper\"><div class=\"wp-block-getwid-accordion__content\">\n<p>Sense piles, Tale-Bot usa una bater\u00eda recargable<\/p>\n\n\n\n<ul class=\"wp-block-list\"><li>Autonom\u00eda de la bater\u00eda: 4 horas<\/li><li>Capacidad: 3500mA<\/li><\/ul>\n<\/div><\/div>\n\n\n\n<div class=\"wp-block-getwid-accordion__header-wrapper\"><span class=\"wp-block-getwid-accordion__header\"><a href=\"#\"><span class=\"wp-block-getwid-accordion__header-title\">\u00bfSe requiere preparaci\u00f3n antes de su uso?<\/span><span class=\"wp-block-getwid-accordion__icon is-active\"><i class=\"far fa-question-circle\"><\/i><\/span><span class=\"wp-block-getwid-accordion__icon is-passive\"><i class=\"fas fa-chevron-up\"><\/i><\/span><\/a><\/span><\/div><div class=\"wp-block-getwid-accordion__content-wrapper\"><div class=\"wp-block-getwid-accordion__content\">\n<p>No. No hay que montar nada y no se requieren APP\u00b4s ni conexi\u00f3n a interne<br><\/p>\n<\/div><\/div>\n\n\n\n<div class=\"wp-block-getwid-accordion__header-wrapper\"><span class=\"wp-block-getwid-accordion__header\"><a href=\"#\"><span class=\"wp-block-getwid-accordion__header-title\">\u00bfPuedo dise\u00f1ar mis propios tapetes?<\/span><span class=\"wp-block-getwid-accordion__icon is-active\"><i class=\"far fa-question-circle\"><\/i><\/span><span class=\"wp-block-getwid-accordion__icon is-passive\"><i class=\"fas fa-chevron-up\"><\/i><\/span><\/a><\/span><\/div><div class=\"wp-block-getwid-accordion__content-wrapper\"><div class=\"wp-block-getwid-accordion__content\">\n<p>Claro! Esta clase de kits se prestan a combinarse con todo tipo de manualidades, ya sea para crear m\u00e1s caretas como para dise\u00f1ar nuevos recorridos.<\/p>\n\n\n\n<p>Para hacer nuevos tapetes puedes usar papel, tela o l\u00e1minas plastificadas.&nbsp;<strong>Tan s\u00f3lo aseg\u00farate de que la cuadr\u00edcula es 10 x 10 cm para que coincida con los pasos del robot.<\/strong><\/p>\n<\/div><\/div>\n\n\n\n<div class=\"wp-block-getwid-accordion__header-wrapper\"><span class=\"wp-block-getwid-accordion__header\"><a href=\"#\"><span class=\"wp-block-getwid-accordion__header-title\">Element #4<\/span><span class=\"wp-block-getwid-accordion__icon is-active\"><i class=\"far fa-question-circle\"><\/i><\/span><span class=\"wp-block-getwid-accordion__icon is-passive\"><i class=\"fas fa-chevron-up\"><\/i><\/span><\/a><\/span><\/div><div class=\"wp-block-getwid-accordion__content-wrapper\"><div class=\"wp-block-getwid-accordion__content\">\n<p><\/p>\n<\/div><\/div>\n\n\n\n<div class=\"wp-block-getwid-accordion__header-wrapper\"><span class=\"wp-block-getwid-accordion__header\"><a href=\"#\"><span class=\"wp-block-getwid-accordion__header-title\">Element #5<\/span><span class=\"wp-block-getwid-accordion__icon is-active\"><i class=\"far fa-question-circle\"><\/i><\/span><span class=\"wp-block-getwid-accordion__icon is-passive\"><i class=\"fas fa-chevron-up\"><\/i><\/span><\/a><\/span><\/div><div class=\"wp-block-getwid-accordion__content-wrapper\"><div class=\"wp-block-getwid-accordion__content\">\n<p><\/p>\n<\/div><\/div>\n<\/div>\n<\/div><\/div>\n<\/div>\n\n\n\n<div style=\"height:40px\" aria-hidden=\"true\" class=\"wp-block-spacer\"><\/div>\n<\/div><\/div><\/div><\/div><\/div>\n\n\n\n<div class=\"wp-block-getwid-section alignfull alignfull\"><div class=\"wp-block-getwid-section__wrapper\"><div class=\"wp-block-getwid-section__inner-wrapper\"><div class=\"wp-block-getwid-section__background-holder\"><div class=\"wp-block-getwid-section__background has-background has-ast-global-color-4-background-color\"><\/div><div class=\"wp-block-getwid-section__foreground\"><\/div><\/div><div class=\"wp-block-getwid-section__content\"><div class=\"wp-block-getwid-section__inner-content\">\n<div style=\"height:50px\" aria-hidden=\"true\" class=\"wp-block-spacer\"><\/div>\n\n\n\n<h2 class=\"alignwide wp-block-heading\">Converses sobre <em>Blue-bot<\/em> a la xarxa docent Nus<\/h2>\n\n\n\n<div style=\"height:20px\" aria-hidden=\"true\" class=\"wp-block-spacer\"><\/div>\n\n\n\n<div class=\"wp-block-columns alignwide is-layout-flex wp-container-core-columns-is-layout-3 wp-block-columns-is-layout-flex\">\n<div class=\"wp-block-column is-layout-flow wp-block-column-is-layout-flow\">\n<h3 class=\"wp-block-heading\">Darreres converses<\/h3>\n\n\n<div class='nus_topics'><span class=\"nus_data\">24.01.26<\/span> <a target=\"_blank\" href=\"https:\/\/comunitat.edigital.cat\/t\/com-ordeneu-i-carregueu-els-kits-de-robotica\/29780\">Com ordeneu i carregueu els kits de rob\u00f3tica?<\/a><br><span class=\"nus_data\">21.12.25<\/span> <a target=\"_blank\" href=\"https:\/\/comunitat.edigital.cat\/t\/avaluacio-cda-rotllana-de-retorn-i-rubrica-docent-de-robots-compactes-infantil\/43750\">Avaluaci\u00f3 CDA, rotllana de retorn i r\u00fabrica docent de robots compactes - Infantil<\/a><br><span class=\"nus_data\">27.11.25<\/span> <a target=\"_blank\" href=\"https:\/\/comunitat.edigital.cat\/t\/nova-activitat-al-cataleg-de-robotica-reciclem-amb-tale-bot-i-blue-bot\/39290\">Nova activitat al cat\u00e0leg de rob\u00f2tica:  Reciclem amb Tale Bot i Blue Bot<\/a><br><span class=\"nus_data\">02.11.25<\/span> <a target=\"_blank\" href=\"https:\/\/comunitat.edigital.cat\/t\/problemes-en-les-compres-per-cataleg-del-departament\/7538\">Problemes en les compres per cat\u00e0leg del Departament<\/a><br><span class=\"nus_data\">24.09.25<\/span> <a target=\"_blank\" href=\"https:\/\/comunitat.edigital.cat\/t\/programacio-robotica-infantil-i-primaria\/35626\">Programaci\u00f3 rob\u00f2tica infantil i prim\u00e0ria<\/a><br><span class=\"nus_data\">04.12.24<\/span> <a target=\"_blank\" href=\"https:\/\/comunitat.edigital.cat\/t\/les-tablets-no-detecten-els-bluebots\/30630\">Les tablets no detecten els Bluebots<\/a><br><span class=\"nus_data\">25.09.24<\/span> <a target=\"_blank\" href=\"https:\/\/comunitat.edigital.cat\/t\/catifes-pels-bee-bots\/8404\">Catifes pels bee-bots<\/a><br><span class=\"nus_data\">05.03.24<\/span> <a target=\"_blank\" href=\"https:\/\/comunitat.edigital.cat\/t\/dubte-dotacio-robots-tale-bot-pro\/28277\">Dubte dotaci\u00f3 robots Tale-Bot Pro<\/a><br><span class=\"nus_data\">29.02.24<\/span> <a target=\"_blank\" href=\"https:\/\/comunitat.edigital.cat\/t\/app-de-bluebot-i-dash-en-angles\/30888\">App de bluebot i dash en angl\u00e8s<\/a><br><span class=\"nus_data\">19.02.24<\/span> <a target=\"_blank\" href=\"https:\/\/comunitat.edigital.cat\/t\/quina-es-la-vostra-experiencia-recomanacio-en-robotica-i-dispositius-programables\/13158\">Quina \u00e9s la vostra experi\u00e8ncia\/recomanaci\u00f3 en rob\u00f2tica i dispositius programables?<\/a><br><\/div>\n<\/div>\n\n\n\n<div class=\"wp-block-column is-layout-flow wp-block-column-is-layout-flow\">\n<h3 class=\"wp-block-heading\">Converses m\u00e9s vistes<\/h3>\n\n\n<div class='nus_topics'><span class=\"nus_data\">24.01.26<\/span> <a target=\"_blank\" href=\"https:\/\/comunitat.edigital.cat\/t\/com-ordeneu-i-carregueu-els-kits-de-robotica\/29780\">Com ordeneu i carregueu els kits de rob\u00f3tica?<\/a><br><span class=\"nus_data\">19.02.24<\/span> <a target=\"_blank\" href=\"https:\/\/comunitat.edigital.cat\/t\/quina-es-la-vostra-experiencia-recomanacio-en-robotica-i-dispositius-programables\/13158\">Quina \u00e9s la vostra experi\u00e8ncia\/recomanaci\u00f3 en rob\u00f2tica i dispositius programables?<\/a><br><span class=\"nus_data\">25.09.24<\/span> <a target=\"_blank\" href=\"https:\/\/comunitat.edigital.cat\/t\/catifes-pels-bee-bots\/8404\">Catifes pels bee-bots<\/a><br><span class=\"nus_data\">24.09.25<\/span> <a target=\"_blank\" href=\"https:\/\/comunitat.edigital.cat\/t\/programacio-robotica-infantil-i-primaria\/35626\">Programaci\u00f3 rob\u00f2tica infantil i prim\u00e0ria<\/a><br><span class=\"nus_data\">05.05.22<\/span> <a target=\"_blank\" href=\"https:\/\/comunitat.edigital.cat\/t\/quantificacio-del-suport-tecnic-necessari\/8779\">Quantificaci\u00f3 del suport t\u00e8cnic necessari<\/a><br><span class=\"nus_data\">27.11.25<\/span> <a target=\"_blank\" href=\"https:\/\/comunitat.edigital.cat\/t\/nova-activitat-al-cataleg-de-robotica-reciclem-amb-tale-bot-i-blue-bot\/39290\">Nova activitat al cat\u00e0leg de rob\u00f2tica:  Reciclem amb Tale Bot i Blue Bot<\/a><br><span class=\"nus_data\">05.03.24<\/span> <a target=\"_blank\" href=\"https:\/\/comunitat.edigital.cat\/t\/dubte-dotacio-robots-tale-bot-pro\/28277\">Dubte dotaci\u00f3 robots Tale-Bot Pro<\/a><br><span class=\"nus_data\">23.06.22<\/span> <a target=\"_blank\" href=\"https:\/\/comunitat.edigital.cat\/t\/apps-per-tablets\/9441\">Apps per tablets<\/a><br><span class=\"nus_data\">09.06.23<\/span> <a target=\"_blank\" href=\"https:\/\/comunitat.edigital.cat\/t\/compartiu-les-vostres-propostes-que-escolliu-del-cataleg-dequipaments-de-robotica-educativa\/25980\">Compartiu les vostres propostes. Qu\u00e8 escolliu del 'CAT\u00c0LEG D'EQUIPAMENTS DE ROB\u00d2TICA EDUCATIVA'?<\/a><br><span class=\"nus_data\">03.01.24<\/span> <a target=\"_blank\" href=\"https:\/\/comunitat.edigital.cat\/t\/expressio-oral-a-infantil\/23627\">Expressi\u00f3 oral a infantil<\/a><br><\/div>\n<\/div>\n<\/div>\n\n\n\n<div style=\"height:100px\" aria-hidden=\"true\" class=\"wp-block-spacer\"><\/div>\n<\/div><\/div><\/div><\/div><\/div>\n\n\n\n<div class=\"wp-block-getwid-section alignfull alignwide alignfull\"><div class=\"wp-block-getwid-section__wrapper\"><div class=\"wp-block-getwid-section__inner-wrapper\"><div class=\"wp-block-getwid-section__background-holder\"><div class=\"wp-block-getwid-section__background has-background has-ast-global-color-5-background-color\"><\/div><div class=\"wp-block-getwid-section__foreground\"><\/div><\/div><div class=\"wp-block-getwid-section__content\"><div class=\"wp-block-getwid-section__inner-content\">\n<hr class=\"wp-block-separator has-css-opacity is-style-wide\"\/>\n\n\n\n<figure class=\"wp-block-image size-large is-resized\"><a href=\"https:\/\/projectes.xtec.cat\/digital\/wp-content\/uploads\/usu2317\/2023\/09\/logosMRR.jpg\"><img loading=\"lazy\" decoding=\"async\" width=\"1024\" height=\"137\" src=\"https:\/\/projectes.xtec.cat\/digital\/wp-content\/uploads\/usu2317\/2023\/09\/logosMRR-1024x137.jpg\" alt=\"Logos MRR\n\" class=\"wp-image-28641\" style=\"width:1052px;height:auto\" srcset=\"https:\/\/projectes.xtec.cat\/digital\/wp-content\/uploads\/usu2317\/2023\/09\/logosMRR-1024x137.jpg 1024w, https:\/\/projectes.xtec.cat\/digital\/wp-content\/uploads\/usu2317\/2023\/09\/logosMRR-300x40.jpg 300w, https:\/\/projectes.xtec.cat\/digital\/wp-content\/uploads\/usu2317\/2023\/09\/logosMRR-768x103.jpg 768w, https:\/\/projectes.xtec.cat\/digital\/wp-content\/uploads\/usu2317\/2023\/09\/logosMRR-1536x205.jpg 1536w, https:\/\/projectes.xtec.cat\/digital\/wp-content\/uploads\/usu2317\/2023\/09\/logosMRR-2048x274.jpg 2048w\" sizes=\"auto, (max-width: 1024px) 100vw, 1024px\" \/><\/a><\/figure>\n<\/div><\/div><\/div><\/div><\/div>\n","protected":false},"excerpt":{"rendered":"","protected":false},"author":371,"featured_media":0,"parent":18893,"menu_order":0,"comment_status":"closed","ping_status":"close","template":"","meta":{"site-sidebar-layout":"default","site-content-layout":"","ast-site-content-layout":"","site-content-style":"default","site-sidebar-style":"default","ast-global-header-display":"","ast-banner-title-visibility":"","ast-main-header-display":"","ast-hfb-above-header-display":"","ast-hfb-below-header-display":"","ast-hfb-mobile-header-display":"","site-post-title":"disabled","ast-breadcrumbs-content":"","ast-featured-img":"","footer-sml-layout":"","theme-transparent-header-meta":"","adv-header-id-meta":"","stick-header-meta":"","header-above-stick-meta":"","header-main-stick-meta":"","header-below-stick-meta":"","astra-migrate-meta-layouts":"default","ast-page-background-enabled":"default","ast-page-background-meta":{"desktop":{"background-color":"var(--ast-global-color-4)","background-image":"","background-repeat":"repeat","background-position":"center center","background-size":"auto","background-attachment":"scroll","background-type":"","background-media":"","overlay-type":"","overlay-color":"","overlay-opacity":"","overlay-gradient":""},"tablet":{"background-color":"","background-image":"","background-repeat":"repeat","background-position":"center center","background-size":"auto","background-attachment":"scroll","background-type":"","background-media":"","overlay-type":"","overlay-color":"","overlay-opacity":"","overlay-gradient":""},"mobile":{"background-color":"","background-image":"","background-repeat":"repeat","background-position":"center center","background-size":"auto","background-attachment":"scroll","background-type":"","background-media":"","overlay-type":"","overlay-color":"","overlay-opacity":"","overlay-gradient":""}},"ast-content-background-meta":{"desktop":{"background-color":"var(--ast-global-color-5)","background-image":"","background-repeat":"repeat","background-position":"center center","background-size":"auto","background-attachment":"scroll","background-type":"","background-media":"","overlay-type":"","overlay-color":"","overlay-opacity":"","overlay-gradient":""},"tablet":{"background-color":"var(--ast-global-color-5)","background-image":"","background-repeat":"repeat","background-position":"center center","background-size":"auto","background-attachment":"scroll","background-type":"","background-media":"","overlay-type":"","overlay-color":"","overlay-opacity":"","overlay-gradient":""},"mobile":{"background-color":"var(--ast-global-color-5)","background-image":"","background-repeat":"repeat","background-position":"center center","background-size":"auto","background-attachment":"scroll","background-type":"","background-media":"","overlay-type":"","overlay-color":"","overlay-opacity":"","overlay-gradient":""}},"footnotes":""},"class_list":["post-19167","page","type-page","status-publish","hentry"],"post_mailing_queue_ids":[],"_links":{"self":[{"href":"https:\/\/projectes.xtec.cat\/digital\/wp-json\/wp\/v2\/pages\/19167","targetHints":{"allow":["GET"]}}],"collection":[{"href":"https:\/\/projectes.xtec.cat\/digital\/wp-json\/wp\/v2\/pages"}],"about":[{"href":"https:\/\/projectes.xtec.cat\/digital\/wp-json\/wp\/v2\/types\/page"}],"author":[{"embeddable":true,"href":"https:\/\/projectes.xtec.cat\/digital\/wp-json\/wp\/v2\/users\/371"}],"replies":[{"embeddable":true,"href":"https:\/\/projectes.xtec.cat\/digital\/wp-json\/wp\/v2\/comments?post=19167"}],"version-history":[{"count":5,"href":"https:\/\/projectes.xtec.cat\/digital\/wp-json\/wp\/v2\/pages\/19167\/revisions"}],"predecessor-version":[{"id":21100,"href":"https:\/\/projectes.xtec.cat\/digital\/wp-json\/wp\/v2\/pages\/19167\/revisions\/21100"}],"up":[{"embeddable":true,"href":"https:\/\/projectes.xtec.cat\/digital\/wp-json\/wp\/v2\/pages\/18893"}],"wp:attachment":[{"href":"https:\/\/projectes.xtec.cat\/digital\/wp-json\/wp\/v2\/media?parent=19167"}],"curies":[{"name":"wp","href":"https:\/\/api.w.org\/{rel}","templated":true}]}}