{"id":19187,"date":"2023-11-02T17:52:17","date_gmt":"2023-11-02T16:52:17","guid":{"rendered":"https:\/\/projectes.xtec.cat\/digital\/?page_id=19187"},"modified":"2024-11-01T13:55:40","modified_gmt":"2024-11-01T12:55:40","slug":"lego-spike-prime","status":"publish","type":"page","link":"https:\/\/projectes.xtec.cat\/digital\/equipaments-i-infraestructures\/robotica\/formacio-tecnica-robotica\/robots-educatius\/lego-spike-prime\/","title":{"rendered":"LEGO SPIKE Prime"},"content":{"rendered":"\n<div class=\"wp-block-getwid-section alignfull alignfull\"><div class=\"wp-block-getwid-section__wrapper\"><div class=\"wp-block-getwid-section__inner-wrapper\"><div class=\"wp-block-getwid-section__background-holder\"><div class=\"wp-block-getwid-section__background\"><\/div><div class=\"wp-block-getwid-section__foreground\"><\/div><\/div><div class=\"wp-block-getwid-section__content\"><div class=\"wp-block-getwid-section__inner-content\">\n<div style=\"height:50px\" aria-hidden=\"true\" class=\"wp-block-spacer\"><\/div>\n\n\n\n<div class=\"wp-block-columns is-layout-flex wp-container-core-columns-is-layout-1 wp-block-columns-is-layout-flex\">\n<div class=\"wp-block-column is-vertically-aligned-center is-layout-flow wp-block-column-is-layout-flow\" style=\"flex-basis:25%\">\n<figure class=\"wp-block-image size-large\"><img loading=\"lazy\" decoding=\"async\" width=\"699\" height=\"699\" src=\"https:\/\/projectes.xtec.cat\/digital\/wp-content\/uploads\/usu2317\/2023\/10\/8.-Lego-Prime.jpg\" alt=\"\" class=\"wp-image-18903\" srcset=\"https:\/\/projectes.xtec.cat\/digital\/wp-content\/uploads\/usu2317\/2023\/10\/8.-Lego-Prime.jpg 699w, https:\/\/projectes.xtec.cat\/digital\/wp-content\/uploads\/usu2317\/2023\/10\/8.-Lego-Prime-300x300.jpg 300w, https:\/\/projectes.xtec.cat\/digital\/wp-content\/uploads\/usu2317\/2023\/10\/8.-Lego-Prime-150x150.jpg 150w\" sizes=\"auto, (max-width: 699px) 100vw, 699px\" \/><\/figure>\n<\/div>\n\n\n\n<div class=\"wp-block-column is-layout-flow wp-block-column-is-layout-flow\" style=\"flex-basis:66.66%\">\n<h1 class=\"wp-block-heading\" style=\"font-size:37px\">LEGO SPIKE Prime<\/h1>\n\n\n\n<p><strong>LEGO SPIKE Prime<\/strong> \u00e9s una soluci\u00f3 que combina construcci\u00f3 amb programaci\u00f3 digital. Est\u00e0 dissenyat per impulsar l\u2019aprenentatge STEAM despertant l&#8217;inter\u00e8s entre els joves, que poden experimentar de forma pr\u00e0ctica construccions i simulacions basades en situacions reals.<\/p>\n\n\n\n<p>El kit incorpora peces de construcci\u00f3, diversos sensors, actuadors i un <em>hub<\/em>. Disposa d\u2019un entorn de programaci\u00f3 que permet codificar el projectes utilitzant blocs d\u2019icona, blocs de paraula en format vertical (semblant a Scratch) i tamb\u00e9 amb Python.<\/p>\n\n\n\n<div class=\"wp-block-buttons is-horizontal is-content-justification-center is-layout-flex wp-container-core-buttons-is-layout-1 wp-block-buttons-is-layout-flex\">\n<div class=\"wp-block-button is-style-fill\"><a class=\"wp-block-button__link wp-element-button\" href=\"https:\/\/projectes.xtec.cat\/digital\/wp-content\/uploads\/usu2317\/2024\/10\/Spike-Prime.pdf\" style=\"border-radius:20px\" target=\"_blank\" rel=\"noreferrer noopener\">Fitxa resum<\/a><\/div>\n\n\n\n<div class=\"wp-block-button is-style-fill\"><a class=\"wp-block-button__link has-ast-global-color-3-color has-text-color wp-element-button\" href=\"https:\/\/drive.google.com\/file\/d\/1kcokN21_sjFqj86fd0IxPOd7lTWn7Y-5\/view?usp=sharing\" style=\"border-radius:20px\">Manual d&#8217;\u00fas<\/a><\/div>\n\n\n\n<div class=\"wp-block-button is-style-fill\"><a class=\"wp-block-button__link wp-element-button\" href=\"https:\/\/comunitat.edigital.cat\/tags\/c\/tecnologies-aula\/pensament-computacional\/lego-spike\" target=\"_blank\" rel=\"noreferrer noopener\">Suport<\/a><\/div>\n<\/div>\n<\/div>\n<\/div>\n\n\n\n<div style=\"height:50px\" aria-hidden=\"true\" class=\"wp-block-spacer\"><\/div>\n\n\n\n<div class=\"wp-block-getwid-tabs\" data-active-tab=\"0\"><ul class=\"wp-block-getwid-tabs__nav-links\"><\/ul>\n<div class=\"wp-block-getwid-tabs__nav-link\"><span class=\"wp-block-getwid-tabs__title-wrapper\"><a href=\"#\"><span class=\"wp-block-getwid-tabs__title\">V\u00eddeos<\/span><\/a><\/span><\/div><div class=\"wp-block-getwid-tabs__tab-content-wrapper\"><div class=\"wp-block-getwid-tabs__tab-content\">\n<div class=\"wp-block-columns is-layout-flex wp-container-core-columns-is-layout-2 wp-block-columns-is-layout-flex\">\n<div class=\"wp-block-column is-layout-flow wp-block-column-is-layout-flow\">\n<div class=\"video-responsive\"><iframe loading=\"lazy\" width=\"560\" height=\"315\" src=\"https:\/\/www.youtube.com\/embed\/OGVe6r7AevM\" title=\"YouTube video player\" frameborder=\"0\"><\/iframe><\/div>\n<\/div>\n\n\n\n<div class=\"wp-block-column is-layout-flow wp-block-column-is-layout-flow\">\n<div class=\"video-responsive\"><iframe loading=\"lazy\" width=\"560\" height=\"315\" src=\"https:\/\/www.youtube.com\/embed\/5RUpG__g7SM\" title=\"YouTube video player\" frameborder=\"0\"><\/iframe><\/div>\n<\/div>\n<\/div>\n\n\n\n<div style=\"height:30px\" aria-hidden=\"true\" class=\"wp-block-spacer\"><\/div>\n\n\n\n<div class=\"wp-block-columns is-layout-flex wp-container-core-columns-is-layout-3 wp-block-columns-is-layout-flex\">\n<div class=\"wp-block-column is-layout-flow wp-block-column-is-layout-flow\">\n<div class=\"video-responsive\"><iframe loading=\"lazy\" width=\"560\" height=\"315\" src=\"https:\/\/www.youtube.com\/embed\/IEh1h5otuzs\" title=\"YouTube video player\" frameborder=\"0\"><\/iframe><\/div>\n<\/div>\n\n\n\n<div class=\"wp-block-column is-layout-flow wp-block-column-is-layout-flow\">\n<div class=\"video-responsive\"><iframe loading=\"lazy\" width=\"560\" height=\"315\" src=\"https:\/\/www.youtube.com\/embed\/rj-ESz-PP7g\" title=\"YouTube video player\" frameborder=\"0\"><\/iframe><\/div>\n<\/div>\n<\/div>\n<\/div><\/div>\n\n\n\n<div class=\"wp-block-getwid-tabs__nav-link\"><span class=\"wp-block-getwid-tabs__title-wrapper\"><a href=\"#\"><span class=\"wp-block-getwid-tabs__title\">Programari<\/span><\/a><\/span><\/div><div class=\"wp-block-getwid-tabs__tab-content-wrapper\"><div class=\"wp-block-getwid-tabs__tab-content\">\n<p><strong>Programar en l\u00ednia des de l\u2019ordinador:<\/strong><\/p>\n\n\n\n<p><strong>Accedeix a l\u2019entorn de programaci\u00f3 en l\u00ednia:<\/strong> <a href=\"https:\/\/spike.legoeducation.com\/\">https:\/\/spike.legoeducation.com\/<\/a>&nbsp; i selecciona \u201cSPIKE Prime\u201d.<\/p>\n\n\n\n<p><strong>Accedeix a l\u2019entorn de programaci\u00f3 des de la tauleta:<\/strong><\/p>\n\n\n\n<ul class=\"wp-block-list\">\n<li>Descarrega l\u2019aplicaci\u00f3 oficial de LEGO SPIKE des de la botiga d\u2019aplicacions del teu sistema. Per a tauletes digitals, caldr\u00e0 que tingui pantalla d&#8217;almenys 8\u201d, 3 GB de RAM, 3 GB d\u2019espai d\u2019emmagatzematge disponible, Bluetooth 4.0 o superior i Android 7.0 o superior.&nbsp;<\/li>\n\n\n\n<li>Per a iPad est\u00e0 disponible als models iPad Air 2 i iPad Mini 4 o superior i el sistema operatiu iOS 14 o superior.<\/li>\n<\/ul>\n\n\n\n<p>Selecciona &#8220;SPIKE Prime&#8221;.<\/p>\n<\/div><\/div>\n\n\n\n<div class=\"wp-block-getwid-tabs__nav-link\"><span class=\"wp-block-getwid-tabs__title-wrapper\"><a href=\"#\"><span class=\"wp-block-getwid-tabs__title\">Enlla\u00e7os d&#8217;inter\u00e8s<\/span><\/a><\/span><\/div><div class=\"wp-block-getwid-tabs__tab-content-wrapper\"><div class=\"wp-block-getwid-tabs__tab-content\">\n<p>La web posa a disposici\u00f3 de l\u2019usuari registrat recursos addicionals com ara unitats did\u00e0ctiques i instruccions de construcci\u00f3, a l&#8217;enlla\u00e7:<\/p>\n\n\n\n<ul class=\"wp-block-list\">\n<li><a href=\"https:\/\/spike.legoeducation.com\/prime\/lobby\/\" data-type=\"URL\" data-id=\"https:\/\/spike.legoeducation.com\/prime\/lobby\/\" target=\"_blank\" rel=\"noreferrer noopener\">Web del fabricant<\/a><\/li>\n<\/ul>\n<\/div><\/div>\n\n\n\n<div class=\"wp-block-getwid-tabs__nav-link\"><span class=\"wp-block-getwid-tabs__title-wrapper\"><a href=\"#\"><span class=\"wp-block-getwid-tabs__title\">Preguntes freq\u00fcents<\/span><\/a><\/span><\/div><div class=\"wp-block-getwid-tabs__tab-content-wrapper\"><div class=\"wp-block-getwid-tabs__tab-content\">\n<div class=\"wp-block-getwid-accordion has-icon-left\" data-active-element=\"none\">\n<div class=\"wp-block-getwid-accordion__header-wrapper\"><span class=\"wp-block-getwid-accordion__header\"><a href=\"#\"><span class=\"wp-block-getwid-accordion__header-title\">Quin \u00e9s el temps de c\u00e0rrega?<\/span><span class=\"wp-block-getwid-accordion__icon is-active\"><i class=\"far fa-question-circle\"><\/i><\/span><span class=\"wp-block-getwid-accordion__icon is-passive\"><i class=\"fas fa-chevron-up\"><\/i><\/span><\/a><\/span><\/div><div class=\"wp-block-getwid-accordion__content-wrapper\"><div class=\"wp-block-getwid-accordion__content\">\n<p>El temps de c\u00e0rrega normal \u00e9s de 3 hores, si la bateria s\u2019ha descarregat completament.<\/p>\n<\/div><\/div>\n\n\n\n<div class=\"wp-block-getwid-accordion__header-wrapper\"><span class=\"wp-block-getwid-accordion__header\"><a href=\"#\"><span class=\"wp-block-getwid-accordion__header-title\">Es pot programar el hub de LEGO SPIKE Essential a l\u2019entorn de LEGO SPIKE Prime i viceversa?&nbsp;<\/span><span class=\"wp-block-getwid-accordion__icon is-active\"><i class=\"far fa-question-circle\"><\/i><\/span><span class=\"wp-block-getwid-accordion__icon is-passive\"><i class=\"fas fa-chevron-up\"><\/i><\/span><\/a><\/span><\/div><div class=\"wp-block-getwid-accordion__content-wrapper\"><div class=\"wp-block-getwid-accordion__content\">\n<p>No, per\u00f2 es poden utilitzar els blocs de paraules o d\u2019icones en ambd\u00f3s entorns.<\/p>\n<\/div><\/div>\n\n\n\n<div class=\"wp-block-getwid-accordion__header-wrapper\"><span class=\"wp-block-getwid-accordion__header\"><a href=\"#\"><span class=\"wp-block-getwid-accordion__header-title\">Com s\u2019actualitza el hub de LEGO?&nbsp;<\/span><span class=\"wp-block-getwid-accordion__icon is-active\"><i class=\"far fa-question-circle\"><\/i><\/span><span class=\"wp-block-getwid-accordion__icon is-passive\"><i class=\"fas fa-chevron-up\"><\/i><\/span><\/a><\/span><\/div><div class=\"wp-block-getwid-accordion__content-wrapper\"><div class=\"wp-block-getwid-accordion__content\">\n<p>A trav\u00e9s del cable USB i l\u2019entorn de programaci\u00f3 a la web spike.legoeducation.com al navegador.<\/p>\n<\/div><\/div>\n<\/div>\n<\/div><\/div>\n<\/div>\n\n\n\n<div style=\"height:40px\" aria-hidden=\"true\" class=\"wp-block-spacer\"><\/div>\n<\/div><\/div><\/div><\/div><\/div>\n\n\n\n<div class=\"wp-block-getwid-section alignfull alignfull\"><div class=\"wp-block-getwid-section__wrapper\"><div class=\"wp-block-getwid-section__inner-wrapper\"><div class=\"wp-block-getwid-section__background-holder\"><div class=\"wp-block-getwid-section__background has-background has-ast-global-color-4-background-color\"><\/div><div class=\"wp-block-getwid-section__foreground\"><\/div><\/div><div class=\"wp-block-getwid-section__content\"><div class=\"wp-block-getwid-section__inner-content\">\n<div style=\"height:50px\" aria-hidden=\"true\" class=\"wp-block-spacer\"><\/div>\n\n\n\n<h2 class=\"wp-block-heading alignwide\">Converses sobre <em>LEGO SPIKE Prime<\/em> a la xarxa docent Nus<\/h2>\n\n\n\n<div style=\"height:20px\" aria-hidden=\"true\" class=\"wp-block-spacer\"><\/div>\n\n\n\n<div class=\"wp-block-columns alignwide is-layout-flex wp-container-core-columns-is-layout-4 wp-block-columns-is-layout-flex\">\n<div class=\"wp-block-column is-layout-flow wp-block-column-is-layout-flow\">\n<h3 class=\"wp-block-heading\">Darreres converses<\/h3>\n\n\n<div class='nus_topics'><span class=\"nus_data\">27.01.26<\/span> <a target=\"_blank\" href=\"https:\/\/comunitat.edigital.cat\/t\/repositori-de-recursos-didactics-lego-spike\/34522\">Repositori de recursos did\u00e0ctics LEGO Spike<\/a><br><span class=\"nus_data\">20.11.25<\/span> <a target=\"_blank\" href=\"https:\/\/comunitat.edigital.cat\/t\/lego-spike-prime-per-a-cee\/43382\">Lego Spike Prime per a CEE<\/a><br><span class=\"nus_data\">17.02.25<\/span> <a target=\"_blank\" href=\"https:\/\/comunitat.edigital.cat\/t\/juguem-a-futbol-amb-lego-spike\/38120\">Juguem a futbol amb lego spike<\/a><br><span class=\"nus_data\">10.02.25<\/span> <a target=\"_blank\" href=\"https:\/\/comunitat.edigital.cat\/t\/app-lego-spike\/38841\">App lego spike<\/a><br><span class=\"nus_data\">18.12.24<\/span> <a target=\"_blank\" href=\"https:\/\/comunitat.edigital.cat\/t\/aconseguir-peces-lego-de-recanvi-perdudes\/37829\">Aconseguir peces LEGO de recanvi perdudes<\/a><br><span class=\"nus_data\">18.10.24<\/span> <a target=\"_blank\" href=\"https:\/\/comunitat.edigital.cat\/t\/bateries-kit-lego-no-funcionen\/36123\">Bateries Kit Lego no funcionen<\/a><br><span class=\"nus_data\">13.09.24<\/span> <a target=\"_blank\" href=\"https:\/\/comunitat.edigital.cat\/t\/la-vostra-experiencia-amb-lego-spike-essential-i-prime\/30332\">La vostra experi\u00e8ncia amb Lego Spike essential i prime<\/a><br><span class=\"nus_data\">29.05.24<\/span> <a target=\"_blank\" href=\"https:\/\/comunitat.edigital.cat\/t\/problematica-codey-rocky-hub-lego-spike-prime\/30891\">Problem\u00e0tica Codey Rocky + HUB Lego Spike Prime<\/a><br><span class=\"nus_data\">28.03.24<\/span> <a target=\"_blank\" href=\"https:\/\/comunitat.edigital.cat\/t\/programari-lego-spike\/29713\">Programari Lego Spike<\/a><br><span class=\"nus_data\">13.03.24<\/span> <a target=\"_blank\" href=\"https:\/\/comunitat.edigital.cat\/t\/advanced-driving-base-assembly\/31110\">Advanced driving Base Assembly<\/a><br><\/div>\n<\/div>\n\n\n\n<div class=\"wp-block-column is-layout-flow wp-block-column-is-layout-flow\">\n<h3 class=\"wp-block-heading\">Converses m\u00e9s vistes<\/h3>\n\n\n<div class='nus_topics'><span class=\"nus_data\">27.01.26<\/span> <a target=\"_blank\" href=\"https:\/\/comunitat.edigital.cat\/t\/repositori-de-recursos-didactics-lego-spike\/34522\">Repositori de recursos did\u00e0ctics LEGO Spike<\/a><br><span class=\"nus_data\">13.09.24<\/span> <a target=\"_blank\" href=\"https:\/\/comunitat.edigital.cat\/t\/la-vostra-experiencia-amb-lego-spike-essential-i-prime\/30332\">La vostra experi\u00e8ncia amb Lego Spike essential i prime<\/a><br><span class=\"nus_data\">29.05.24<\/span> <a target=\"_blank\" href=\"https:\/\/comunitat.edigital.cat\/t\/problematica-codey-rocky-hub-lego-spike-prime\/30891\">Problem\u00e0tica Codey Rocky + HUB Lego Spike Prime<\/a><br><span class=\"nus_data\">28.03.24<\/span> <a target=\"_blank\" href=\"https:\/\/comunitat.edigital.cat\/t\/programari-lego-spike\/29713\">Programari Lego Spike<\/a><br><span class=\"nus_data\">04.05.23<\/span> <a target=\"_blank\" href=\"https:\/\/comunitat.edigital.cat\/t\/lego-spike-essential\/15281\">Lego Spike Essential<\/a><br><span class=\"nus_data\">17.02.25<\/span> <a target=\"_blank\" href=\"https:\/\/comunitat.edigital.cat\/t\/juguem-a-futbol-amb-lego-spike\/38120\">Juguem a futbol amb lego spike<\/a><br><span class=\"nus_data\">18.12.24<\/span> <a target=\"_blank\" href=\"https:\/\/comunitat.edigital.cat\/t\/aconseguir-peces-lego-de-recanvi-perdudes\/37829\">Aconseguir peces LEGO de recanvi perdudes<\/a><br><span class=\"nus_data\">07.11.21<\/span> <a target=\"_blank\" href=\"https:\/\/comunitat.edigital.cat\/t\/no-em-funciona-el-lego-spike\/8096\">No em funciona el Lego Spike<\/a><br><span class=\"nus_data\">31.01.24<\/span> <a target=\"_blank\" href=\"https:\/\/comunitat.edigital.cat\/t\/no-es-mou\/29901\">No es mou<\/a><br><span class=\"nus_data\">20.11.25<\/span> <a target=\"_blank\" href=\"https:\/\/comunitat.edigital.cat\/t\/lego-spike-prime-per-a-cee\/43382\">Lego Spike Prime per a CEE<\/a><br><\/div>\n<\/div>\n<\/div>\n\n\n\n<div style=\"height:100px\" aria-hidden=\"true\" class=\"wp-block-spacer\"><\/div>\n<\/div><\/div><\/div><\/div><\/div>\n\n\n\n<div class=\"wp-block-getwid-section alignfull alignwide alignfull\"><div class=\"wp-block-getwid-section__wrapper\"><div class=\"wp-block-getwid-section__inner-wrapper\"><div class=\"wp-block-getwid-section__background-holder\"><div class=\"wp-block-getwid-section__background has-background has-ast-global-color-5-background-color\"><\/div><div class=\"wp-block-getwid-section__foreground\"><\/div><\/div><div class=\"wp-block-getwid-section__content\"><div class=\"wp-block-getwid-section__inner-content\">\n<hr class=\"wp-block-separator has-css-opacity is-style-wide\"\/>\n\n\n\n<figure class=\"wp-block-image size-large is-resized\"><a href=\"https:\/\/projectes.xtec.cat\/digital\/wp-content\/uploads\/usu2317\/2023\/09\/logosMRR.jpg\"><img loading=\"lazy\" decoding=\"async\" width=\"1024\" height=\"137\" src=\"https:\/\/projectes.xtec.cat\/digital\/wp-content\/uploads\/usu2317\/2023\/09\/logosMRR-1024x137.jpg\" alt=\"Logos MRR\n\" class=\"wp-image-28641\" style=\"width:1052px;height:auto\" srcset=\"https:\/\/projectes.xtec.cat\/digital\/wp-content\/uploads\/usu2317\/2023\/09\/logosMRR-1024x137.jpg 1024w, https:\/\/projectes.xtec.cat\/digital\/wp-content\/uploads\/usu2317\/2023\/09\/logosMRR-300x40.jpg 300w, https:\/\/projectes.xtec.cat\/digital\/wp-content\/uploads\/usu2317\/2023\/09\/logosMRR-768x103.jpg 768w, https:\/\/projectes.xtec.cat\/digital\/wp-content\/uploads\/usu2317\/2023\/09\/logosMRR-1536x205.jpg 1536w, https:\/\/projectes.xtec.cat\/digital\/wp-content\/uploads\/usu2317\/2023\/09\/logosMRR-2048x274.jpg 2048w\" sizes=\"auto, (max-width: 1024px) 100vw, 1024px\" \/><\/a><\/figure>\n<\/div><\/div><\/div><\/div><\/div>\n","protected":false},"excerpt":{"rendered":"","protected":false},"author":371,"featured_media":0,"parent":18893,"menu_order":0,"comment_status":"closed","ping_status":"close","template":"","meta":{"site-sidebar-layout":"default","site-content-layout":"","ast-site-content-layout":"default","site-content-style":"default","site-sidebar-style":"default","ast-global-header-display":"","ast-banner-title-visibility":"","ast-main-header-display":"","ast-hfb-above-header-display":"","ast-hfb-below-header-display":"","ast-hfb-mobile-header-display":"","site-post-title":"disabled","ast-breadcrumbs-content":"","ast-featured-img":"","footer-sml-layout":"","theme-transparent-header-meta":"","adv-header-id-meta":"","stick-header-meta":"","header-above-stick-meta":"","header-main-stick-meta":"","header-below-stick-meta":"","astra-migrate-meta-layouts":"set","ast-page-background-enabled":"default","ast-page-background-meta":{"desktop":{"background-color":"var(--ast-global-color-4)","background-image":"","background-repeat":"repeat","background-position":"center center","background-size":"auto","background-attachment":"scroll","background-type":"","background-media":"","overlay-type":"","overlay-color":"","overlay-opacity":"","overlay-gradient":""},"tablet":{"background-color":"","background-image":"","background-repeat":"repeat","background-position":"center center","background-size":"auto","background-attachment":"scroll","background-type":"","background-media":"","overlay-type":"","overlay-color":"","overlay-opacity":"","overlay-gradient":""},"mobile":{"background-color":"","background-image":"","background-repeat":"repeat","background-position":"center center","background-size":"auto","background-attachment":"scroll","background-type":"","background-media":"","overlay-type":"","overlay-color":"","overlay-opacity":"","overlay-gradient":""}},"ast-content-background-meta":{"desktop":{"background-color":"var(--ast-global-color-5)","background-image":"","background-repeat":"repeat","background-position":"center center","background-size":"auto","background-attachment":"scroll","background-type":"","background-media":"","overlay-type":"","overlay-color":"","overlay-opacity":"","overlay-gradient":""},"tablet":{"background-color":"var(--ast-global-color-5)","background-image":"","background-repeat":"repeat","background-position":"center center","background-size":"auto","background-attachment":"scroll","background-type":"","background-media":"","overlay-type":"","overlay-color":"","overlay-opacity":"","overlay-gradient":""},"mobile":{"background-color":"var(--ast-global-color-5)","background-image":"","background-repeat":"repeat","background-position":"center center","background-size":"auto","background-attachment":"scroll","background-type":"","background-media":"","overlay-type":"","overlay-color":"","overlay-opacity":"","overlay-gradient":""}},"footnotes":""},"class_list":["post-19187","page","type-page","status-publish","hentry"],"post_mailing_queue_ids":[],"_links":{"self":[{"href":"https:\/\/projectes.xtec.cat\/digital\/wp-json\/wp\/v2\/pages\/19187","targetHints":{"allow":["GET"]}}],"collection":[{"href":"https:\/\/projectes.xtec.cat\/digital\/wp-json\/wp\/v2\/pages"}],"about":[{"href":"https:\/\/projectes.xtec.cat\/digital\/wp-json\/wp\/v2\/types\/page"}],"author":[{"embeddable":true,"href":"https:\/\/projectes.xtec.cat\/digital\/wp-json\/wp\/v2\/users\/371"}],"replies":[{"embeddable":true,"href":"https:\/\/projectes.xtec.cat\/digital\/wp-json\/wp\/v2\/comments?post=19187"}],"version-history":[{"count":6,"href":"https:\/\/projectes.xtec.cat\/digital\/wp-json\/wp\/v2\/pages\/19187\/revisions"}],"predecessor-version":[{"id":31304,"href":"https:\/\/projectes.xtec.cat\/digital\/wp-json\/wp\/v2\/pages\/19187\/revisions\/31304"}],"up":[{"embeddable":true,"href":"https:\/\/projectes.xtec.cat\/digital\/wp-json\/wp\/v2\/pages\/18893"}],"wp:attachment":[{"href":"https:\/\/projectes.xtec.cat\/digital\/wp-json\/wp\/v2\/media?parent=19187"}],"curies":[{"name":"wp","href":"https:\/\/api.w.org\/{rel}","templated":true}]}}