{"id":19207,"date":"2023-11-02T18:37:37","date_gmt":"2023-11-02T17:37:37","guid":{"rendered":"https:\/\/projectes.xtec.cat\/digital\/?page_id=19207"},"modified":"2025-06-19T09:38:46","modified_gmt":"2025-06-19T07:38:46","slug":"elements-complementaris","status":"publish","type":"page","link":"https:\/\/projectes.xtec.cat\/digital\/equipaments-i-infraestructures\/panells-digitals\/elements-complementaris\/","title":{"rendered":"Elements complementaris"},"content":{"rendered":"\n<div class=\"wp-block-getwid-section alignfull alignfull\"><div class=\"wp-block-getwid-section__wrapper\"><div class=\"wp-block-getwid-section__inner-wrapper\"><div class=\"wp-block-getwid-section__background-holder\"><div class=\"wp-block-getwid-section__background\"><\/div><div class=\"wp-block-getwid-section__foreground\"><\/div><\/div><div class=\"wp-block-getwid-section__content\"><div class=\"wp-block-getwid-section__inner-content\">\n<p>El projecte estatal finan\u00e7at amb fons europeus MRR #EcoDigEdu ofereix la possibilitat de complementar amb elements addicionals les <strong>aules que ja tinguin un panell digital<\/strong>. Els elements disponibles que els centres han pogut triar s\u00f3n:<\/p>\n\n\n\n<div style=\"height:30px\" aria-hidden=\"true\" class=\"wp-block-spacer\"><\/div>\n\n\n\n<div class=\"wp-block-columns alignfull is-layout-flex wp-container-core-columns-is-layout-1 wp-block-columns-is-layout-flex\">\n<div class=\"wp-block-column caixa is-layout-flow wp-block-column-is-layout-flow\">\n<h3 class=\"wp-block-heading\">Tauleta<\/h3>\n\n\n\n<figure class=\"wp-block-image alignright size-large is-resized\"><a href=\"https:\/\/projectes.xtec.cat\/digital\/wp-content\/uploads\/usu2317\/2023\/04\/android-tablet.png\"><img loading=\"lazy\" decoding=\"async\" width=\"400\" height=\"400\" src=\"https:\/\/projectes.xtec.cat\/digital\/wp-content\/uploads\/usu2317\/2023\/04\/android-tablet.png\" alt=\"\" class=\"wp-image-14821\" style=\"width:158px;height:158px\" srcset=\"https:\/\/projectes.xtec.cat\/digital\/wp-content\/uploads\/usu2317\/2023\/04\/android-tablet.png 400w, https:\/\/projectes.xtec.cat\/digital\/wp-content\/uploads\/usu2317\/2023\/04\/android-tablet-300x300.png 300w, https:\/\/projectes.xtec.cat\/digital\/wp-content\/uploads\/usu2317\/2023\/04\/android-tablet-150x150.png 150w\" sizes=\"auto, (max-width: 400px) 100vw, 400px\" \/><\/a><\/figure>\n\n\n\n<p>Tauleta amb sistema operatiu Android 12, pantalla d\u2019entre 10\u201d i 11\u201d Full HD IPS 1920&#215;1200 i amb tecnologia capacitiva i multit\u00e0ctil.<\/p>\n\n\n\n<ul class=\"wp-block-list\">\n<li>La mem\u00f2ria RAM interna de 4 GB i disposa d&#8217;un emmagatzematge intern de 64 GB.<\/li>\n\n\n\n<li>Disposa de una c\u00e0mera principal i una posterior d\u2019almenys 8 MP.<\/li>\n\n\n\n<li>Incorpora 1 connector USB tipus C i una presa d\u2019\u00e0udio combinada d\u2019auriculars i micr\u00f2fon tipus Jack.<\/li>\n<\/ul>\n<\/div>\n\n\n\n<div class=\"wp-block-column caixa is-layout-flow wp-block-column-is-layout-flow\">\n<h3 class=\"wp-block-heading\">Altaveu port\u00e0til<\/h3>\n\n\n\n<figure class=\"wp-block-image alignright size-large is-resized\"><a href=\"https:\/\/projectes.xtec.cat\/digital\/wp-content\/uploads\/usu2317\/2023\/04\/subwoofer.png\"><img loading=\"lazy\" decoding=\"async\" width=\"400\" height=\"400\" src=\"https:\/\/projectes.xtec.cat\/digital\/wp-content\/uploads\/usu2317\/2023\/04\/subwoofer.png\" alt=\"\" class=\"wp-image-14823\" style=\"width:139px;height:139px\" srcset=\"https:\/\/projectes.xtec.cat\/digital\/wp-content\/uploads\/usu2317\/2023\/04\/subwoofer.png 400w, https:\/\/projectes.xtec.cat\/digital\/wp-content\/uploads\/usu2317\/2023\/04\/subwoofer-300x300.png 300w, https:\/\/projectes.xtec.cat\/digital\/wp-content\/uploads\/usu2317\/2023\/04\/subwoofer-150x150.png 150w\" sizes=\"auto, (max-width: 400px) 100vw, 400px\" \/><\/a><\/figure>\n\n\n\n<p>Altaveu port\u00e0til amb autonomia de 12 hores i amb connexi\u00f3 Bluetooth i reproductor MP3.<\/p>\n\n\n\n<ul class=\"wp-block-list\">\n<li>T\u00e9 una pot\u00e8ncia de sortida m\u00ednima de 100\u202fW i un pes igual o inferior a 11 kg.<\/li>\n\n\n\n<li>Connexions d\u2019entrada i sortida i lector de targetes integrat MicroSD.<\/li>\n\n\n\n<li>Disposa de dos micr\u00f2fons, funcionen amb bateria i es poden connectar a la xarxa el\u00e8ctrica.<\/li>\n\n\n\n<li>Disposa de rodes i nansa que facilita el seu transport.<\/li>\n<\/ul>\n<\/div>\n<\/div>\n\n\n\n<div style=\"height:30px\" aria-hidden=\"true\" class=\"wp-block-spacer\"><\/div>\n\n\n\n<div class=\"wp-block-columns alignfull is-layout-flex wp-container-core-columns-is-layout-2 wp-block-columns-is-layout-flex\">\n<div class=\"wp-block-column caixa is-layout-flow wp-block-column-is-layout-flow\">\n<h3 class=\"wp-block-heading\">Armari de c\u00e0rrega <strong>gran<\/strong><\/h3>\n\n\n\n<figure class=\"wp-block-image alignright size-large is-resized\"><a href=\"https:\/\/projectes.xtec.cat\/digital\/wp-content\/uploads\/usu2317\/2023\/04\/external-closet-sports-activities-flatart-icons-outline-flatarticons.png\"><img loading=\"lazy\" decoding=\"async\" width=\"400\" height=\"400\" src=\"https:\/\/projectes.xtec.cat\/digital\/wp-content\/uploads\/usu2317\/2023\/04\/external-closet-sports-activities-flatart-icons-outline-flatarticons.png\" alt=\"icona d'un armari\" class=\"wp-image-14808\" style=\"width:133px;height:133px\" srcset=\"https:\/\/projectes.xtec.cat\/digital\/wp-content\/uploads\/usu2317\/2023\/04\/external-closet-sports-activities-flatart-icons-outline-flatarticons.png 400w, https:\/\/projectes.xtec.cat\/digital\/wp-content\/uploads\/usu2317\/2023\/04\/external-closet-sports-activities-flatart-icons-outline-flatarticons-300x300.png 300w, https:\/\/projectes.xtec.cat\/digital\/wp-content\/uploads\/usu2317\/2023\/04\/external-closet-sports-activities-flatart-icons-outline-flatarticons-150x150.png 150w\" sizes=\"auto, (max-width: 400px) 100vw, 400px\" \/><\/a><\/figure>\n\n\n\n<p>Armari de c\u00e0rrega amb capacitat per emmagatzemar i carregar almenys 30 equips (port\u00e0til o tauleta) de fins a 15,6\u201d.<\/p>\n\n\n\n<ul class=\"wp-block-list\">\n<li>Les dimensions m\u00e0ximes de cada armari son de 1,15m d\u2019altura, 1m d\u2019ample i 0,7m de fons.<\/li>\n\n\n\n<li>T\u00e9 rodes, frens, anses i tancament de seguretat juntament amb un joc de claus. Permet ancoratge.<\/li>\n\n\n\n<li>Disposa d\u2019un programador digital de c\u00e0rrega programable per franges hor\u00e0ries.<\/li>\n\n\n\n<li>El cable d\u2019alimentaci\u00f3 t\u00e9 una llargada de 2 m.<\/li>\n<\/ul>\n<\/div>\n\n\n\n<div class=\"wp-block-column caixa is-layout-flow wp-block-column-is-layout-flow\">\n<h3 class=\"wp-block-heading\">Armari de c\u00e0rrega <strong>petit<\/strong><\/h3>\n\n\n\n<figure class=\"wp-block-image alignright size-large is-resized\"><a href=\"https:\/\/projectes.xtec.cat\/digital\/wp-content\/uploads\/usu2317\/2023\/04\/external-closet-sports-activities-flatart-icons-outline-flatarticons.png\"><img loading=\"lazy\" decoding=\"async\" width=\"400\" height=\"400\" src=\"https:\/\/projectes.xtec.cat\/digital\/wp-content\/uploads\/usu2317\/2023\/04\/external-closet-sports-activities-flatart-icons-outline-flatarticons.png\" alt=\"icona d'un armari\" class=\"wp-image-14808\" style=\"width:90px;height:90px\" srcset=\"https:\/\/projectes.xtec.cat\/digital\/wp-content\/uploads\/usu2317\/2023\/04\/external-closet-sports-activities-flatart-icons-outline-flatarticons.png 400w, https:\/\/projectes.xtec.cat\/digital\/wp-content\/uploads\/usu2317\/2023\/04\/external-closet-sports-activities-flatart-icons-outline-flatarticons-300x300.png 300w, https:\/\/projectes.xtec.cat\/digital\/wp-content\/uploads\/usu2317\/2023\/04\/external-closet-sports-activities-flatart-icons-outline-flatarticons-150x150.png 150w\" sizes=\"auto, (max-width: 400px) 100vw, 400px\" \/><\/a><\/figure>\n\n\n\n<p>Armari de c\u00e0rrega amb capacitat per emmagatzemar i carregar almenys 10 &#8211; 15 equips (port\u00e0til o tauleta) de fins a 15,6\u201d.<\/p>\n\n\n\n<ul class=\"wp-block-list\">\n<li>Les dimensions m\u00e0ximes de cada armari son de 0,75m d&#8217;altura, 0,65m d&#8217;ample i 0,7m de fons.<\/li>\n\n\n\n<li>T\u00e9 rodes, frens, anses i tancament de seguretat juntament amb un joc de claus. Permet ancoratge.<\/li>\n\n\n\n<li>Disposa d\u2019un programador digital de c\u00e0rrega programable per franges hor\u00e0ries.<\/li>\n\n\n\n<li>El cable d\u2019alimentaci\u00f3 t\u00e9 una llargada de 2 m.<\/li>\n<\/ul>\n<\/div>\n<\/div>\n\n\n\n<div style=\"height:30px\" aria-hidden=\"true\" class=\"wp-block-spacer\"><\/div>\n\n\n\n<div class=\"wp-block-columns alignfull is-layout-flex wp-container-core-columns-is-layout-4 wp-block-columns-is-layout-flex\">\n<div class=\"wp-block-column caixa is-layout-flow wp-block-column-is-layout-flow\" style=\"flex-basis:49%\">\n<h3 class=\"wp-block-heading\">C\u00e0mera visualitzadora de documents<\/h3>\n\n\n\n<figure class=\"wp-block-image alignright size-full is-resized\"><a href=\"https:\/\/projectes.xtec.cat\/digital\/wp-content\/uploads\/usu2317\/2024\/01\/visualitzador-documents.png\"><img loading=\"lazy\" decoding=\"async\" width=\"609\" height=\"460\" src=\"https:\/\/projectes.xtec.cat\/digital\/wp-content\/uploads\/usu2317\/2024\/01\/visualitzador-documents.png\" alt=\"\" class=\"wp-image-21268\" style=\"width:156px;height:156px\" srcset=\"https:\/\/projectes.xtec.cat\/digital\/wp-content\/uploads\/usu2317\/2024\/01\/visualitzador-documents.png 609w, https:\/\/projectes.xtec.cat\/digital\/wp-content\/uploads\/usu2317\/2024\/01\/visualitzador-documents-300x227.png 300w\" sizes=\"auto, (max-width: 609px) 100vw, 609px\" \/><\/a><\/figure>\n\n\n\n<p>Perif\u00e8ric que permet capturar imatges i v\u00eddeos de documents i objectes tridimensionals. Est\u00e0 format per una c\u00e0mera d&#8217;alta resoluci\u00f3 muntada sobre un bra\u00e7 m\u00f2bil i un element que permet la connexi\u00f3 amb l&#8217;ordinador.<\/p>\n\n\n\n<ul class=\"wp-block-list\">\n<li>El seu pes m\u00e0xim \u00e9s de 4 kg, t\u00e9 13 MP i un<em> frame rate<\/em> de 60 fps.<\/li>\n\n\n\n<li>Disposa de diversos modes d\u2019imatge i els efectes d\u2019imatge son en blanc i negre, negatiu i color.<\/li>\n\n\n\n<li>Pot actuar com a gravador d\u2019imatges i v\u00eddeo, i el focus es pot controlar autom\u00e0ticament o manualment a trav\u00e9s de control o panell remot.<\/li>\n\n\n\n<li>Disposa d&#8217;inputs i outputs HDMI i USB.<\/li>\n<\/ul>\n\n\n\n<p>S&#8217;han repartit 2 models: <\/p>\n\n\n\n<div class=\"wp-block-columns is-layout-flex wp-container-core-columns-is-layout-3 wp-block-columns-is-layout-flex\">\n<div class=\"wp-block-column is-layout-flow wp-block-column-is-layout-flow\">\n<p>Model <strong>Smart Doc Camera 360<\/strong>:<\/p>\n\n\n\n<ul class=\"wp-block-list\">\n<li><a href=\"https:\/\/downloads.smarttech.com\/media\/sitecore\/es\/support\/product\/smartdocumentcamera\/sdc650\/guides\/smart_doccam650_userguide.pdf\">Guia d\u2019usuari<\/a><\/li>\n\n\n\n<li><a href=\"https:\/\/downloads.smarttech.com\/media\/sitecore\/es\/support\/product\/smartdocumentcamera\/sdc650\/specs\/smart_doccam650_specifications.pdf\">Especificacions t\u00e8cniques<\/a><\/li>\n<\/ul>\n<\/div>\n\n\n\n<div class=\"wp-block-column is-layout-flow wp-block-column-is-layout-flow\">\n<p>Model <strong>Aver M70W<\/strong>:<\/p>\n\n\n\n<ul class=\"wp-block-list\">\n<li><a href=\"https:\/\/d2g7s34px02c35.cloudfront.net\/M70Wv2_UM_7L_20240830.pdf\">Manual d&#8217;instruccions<\/a><\/li>\n<\/ul>\n<\/div>\n<\/div>\n<\/div>\n\n\n\n<div class=\"wp-block-column is-layout-flow wp-block-column-is-layout-flow\">\n<h3 class=\"wp-block-heading\"><\/h3>\n\n\n\n<p><\/p>\n<\/div>\n<\/div>\n\n\n\n<div style=\"height:61px\" aria-hidden=\"true\" class=\"wp-block-spacer\"><\/div>\n<\/div><\/div><\/div><\/div><\/div>\n","protected":false},"excerpt":{"rendered":"","protected":false},"author":1,"featured_media":0,"parent":12580,"menu_order":0,"comment_status":"closed","ping_status":"close","template":"","meta":{"site-sidebar-layout":"default","site-content-layout":"","ast-site-content-layout":"default","site-content-style":"default","site-sidebar-style":"default","ast-global-header-display":"","ast-banner-title-visibility":"","ast-main-header-display":"","ast-hfb-above-header-display":"","ast-hfb-below-header-display":"","ast-hfb-mobile-header-display":"","site-post-title":"","ast-breadcrumbs-content":"","ast-featured-img":"","footer-sml-layout":"","theme-transparent-header-meta":"","adv-header-id-meta":"","stick-header-meta":"","header-above-stick-meta":"","header-main-stick-meta":"","header-below-stick-meta":"","astra-migrate-meta-layouts":"set","ast-page-background-enabled":"default","ast-page-background-meta":{"desktop":{"background-color":"var(--ast-global-color-4)","background-image":"","background-repeat":"repeat","background-position":"center center","background-size":"auto","background-attachment":"scroll","background-type":"","background-media":"","overlay-type":"","overlay-color":"","overlay-opacity":"","overlay-gradient":""},"tablet":{"background-color":"","background-image":"","background-repeat":"repeat","background-position":"center center","background-size":"auto","background-attachment":"scroll","background-type":"","background-media":"","overlay-type":"","overlay-color":"","overlay-opacity":"","overlay-gradient":""},"mobile":{"background-color":"","background-image":"","background-repeat":"repeat","background-position":"center center","background-size":"auto","background-attachment":"scroll","background-type":"","background-media":"","overlay-type":"","overlay-color":"","overlay-opacity":"","overlay-gradient":""}},"ast-content-background-meta":{"desktop":{"background-color":"var(--ast-global-color-5)","background-image":"","background-repeat":"repeat","background-position":"center center","background-size":"auto","background-attachment":"scroll","background-type":"","background-media":"","overlay-type":"","overlay-color":"","overlay-opacity":"","overlay-gradient":""},"tablet":{"background-color":"var(--ast-global-color-5)","background-image":"","background-repeat":"repeat","background-position":"center center","background-size":"auto","background-attachment":"scroll","background-type":"","background-media":"","overlay-type":"","overlay-color":"","overlay-opacity":"","overlay-gradient":""},"mobile":{"background-color":"var(--ast-global-color-5)","background-image":"","background-repeat":"repeat","background-position":"center center","background-size":"auto","background-attachment":"scroll","background-type":"","background-media":"","overlay-type":"","overlay-color":"","overlay-opacity":"","overlay-gradient":""}},"footnotes":""},"class_list":["post-19207","page","type-page","status-publish","hentry"],"post_mailing_queue_ids":[],"_links":{"self":[{"href":"https:\/\/projectes.xtec.cat\/digital\/wp-json\/wp\/v2\/pages\/19207","targetHints":{"allow":["GET"]}}],"collection":[{"href":"https:\/\/projectes.xtec.cat\/digital\/wp-json\/wp\/v2\/pages"}],"about":[{"href":"https:\/\/projectes.xtec.cat\/digital\/wp-json\/wp\/v2\/types\/page"}],"author":[{"embeddable":true,"href":"https:\/\/projectes.xtec.cat\/digital\/wp-json\/wp\/v2\/users\/1"}],"replies":[{"embeddable":true,"href":"https:\/\/projectes.xtec.cat\/digital\/wp-json\/wp\/v2\/comments?post=19207"}],"version-history":[{"count":6,"href":"https:\/\/projectes.xtec.cat\/digital\/wp-json\/wp\/v2\/pages\/19207\/revisions"}],"predecessor-version":[{"id":36608,"href":"https:\/\/projectes.xtec.cat\/digital\/wp-json\/wp\/v2\/pages\/19207\/revisions\/36608"}],"up":[{"embeddable":true,"href":"https:\/\/projectes.xtec.cat\/digital\/wp-json\/wp\/v2\/pages\/12580"}],"wp:attachment":[{"href":"https:\/\/projectes.xtec.cat\/digital\/wp-json\/wp\/v2\/media?parent=19207"}],"curies":[{"name":"wp","href":"https:\/\/api.w.org\/{rel}","templated":true}]}}