{"id":20459,"date":"2024-01-01T22:19:44","date_gmt":"2024-01-01T21:19:44","guid":{"rendered":"https:\/\/projectes.xtec.cat\/digital\/?page_id=20459"},"modified":"2024-11-12T14:46:42","modified_gmt":"2024-11-12T13:46:42","slug":"esp32-steamakers","status":"publish","type":"page","link":"https:\/\/projectes.xtec.cat\/digital\/equipaments-i-infraestructures\/robotica\/formacio-tecnica-robotica\/plaques-microcontroladores\/esp32-steamakers\/","title":{"rendered":"ESP32 STEAMakers"},"content":{"rendered":"\n<div class=\"wp-block-getwid-section alignfull alignfull\"><div class=\"wp-block-getwid-section__wrapper\"><div class=\"wp-block-getwid-section__inner-wrapper\"><div class=\"wp-block-getwid-section__background-holder\"><div class=\"wp-block-getwid-section__background\"><\/div><div class=\"wp-block-getwid-section__foreground\"><\/div><\/div><div class=\"wp-block-getwid-section__content\"><div class=\"wp-block-getwid-section__inner-content\">\n<div style=\"height:50px\" aria-hidden=\"true\" class=\"wp-block-spacer\"><\/div>\n\n\n\n<div class=\"wp-block-columns is-layout-flex wp-container-core-columns-is-layout-1 wp-block-columns-is-layout-flex\">\n<div class=\"wp-block-column is-vertically-aligned-center is-layout-flow wp-block-column-is-layout-flow\" style=\"flex-basis:25%\">\n<figure class=\"wp-block-image size-large\"><img loading=\"lazy\" decoding=\"async\" width=\"622\" height=\"622\" src=\"https:\/\/projectes.xtec.cat\/digital\/wp-content\/uploads\/usu2317\/2023\/10\/14.-STEAMakers.jpg\" alt=\"\" class=\"wp-image-18976\" srcset=\"https:\/\/projectes.xtec.cat\/digital\/wp-content\/uploads\/usu2317\/2023\/10\/14.-STEAMakers.jpg 622w, https:\/\/projectes.xtec.cat\/digital\/wp-content\/uploads\/usu2317\/2023\/10\/14.-STEAMakers-300x300.jpg 300w, https:\/\/projectes.xtec.cat\/digital\/wp-content\/uploads\/usu2317\/2023\/10\/14.-STEAMakers-150x150.jpg 150w\" sizes=\"auto, (max-width: 622px) 100vw, 622px\" \/><\/figure>\n<\/div>\n\n\n\n<div class=\"wp-block-column is-layout-flow wp-block-column-is-layout-flow\" style=\"flex-basis:66.66%\">\n<h1 class=\"wp-block-heading\" style=\"font-size:37px\">ESP32 STEAMakers<\/h1>\n\n\n\n<p>La placa <strong>ESP32 STEAMakers<\/strong> \u00e9s una placa electr\u00f2nica programable basada en el microcontrolador ESP32, que, gr\u00e0cies a una disposici\u00f3 vers\u00e0til de connectors, facilita l\u2019acc\u00e9s a les seves nombroses entrades i sortides on connectar tota classe de sensors i actuadors. Incorpora comunicaci\u00f3 wifi i Bluetooth integrades, aix\u00ed com m\u00e9s capacitat de processament que la popular placa electr\u00f2nica Arduino UNO.<\/p>\n\n\n\n<p>Tot plegat converteix l\u2019ESP32 STEAMakers en un recurs molt vers\u00e0til i accessible per iniciar-se en electr\u00f2nica, programaci\u00f3 i prototipatge de projectes de rob\u00f2tica, internet de les coses, dom\u00f2tica, etc. \u00c9s especialment adequada per a docents i estudiants gr\u00e0cies a la seva facilitat de programaci\u00f3 i connectivitat sense fils integrada.<\/p>\n\n\n\n<div class=\"wp-block-buttons is-horizontal is-content-justification-center is-layout-flex wp-container-core-buttons-is-layout-1 wp-block-buttons-is-layout-flex\">\n<div class=\"wp-block-button is-style-fill\"><a class=\"wp-block-button__link has-ast-global-color-8-color has-white-background-color has-text-color has-background wp-element-button\" href=\"https:\/\/projectes.xtec.cat\/digital\/wp-content\/uploads\/usu2317\/2024\/10\/ESP32-STEAMakers.pdf\" style=\"border-radius:20px\" target=\"_blank\" rel=\"noreferrer noopener\">Fitxa resum<\/a><\/div>\n\n\n\n<div class=\"wp-block-button is-style-fill\"><a class=\"wp-block-button__link has-ast-global-color-8-color has-white-background-color has-text-color has-background wp-element-button\" href=\"https:\/\/projectes.xtec.cat\/digital\/wp-content\/uploads\/usu2317\/2024\/02\/Manual-d_us-ESP32-STEAMakers.pdf\" style=\"border-radius:20px\" target=\"_blank\" rel=\"noreferrer noopener\">Manual d&#8217;\u00fas<\/a><\/div>\n\n\n\n<div class=\"wp-block-button is-style-fill\"><a class=\"wp-block-button__link has-ast-global-color-8-color has-white-background-color has-text-color has-background wp-element-button\" href=\"https:\/\/comunitat.edigital.cat\/tags\/c\/tecnologies-aula\/pensament-computacional\/165\/esp32\" style=\"border-radius:20px\">Suport<\/a><\/div>\n<\/div>\n<\/div>\n<\/div>\n\n\n\n<div style=\"height:50px\" aria-hidden=\"true\" class=\"wp-block-spacer\"><\/div>\n\n\n\n<div class=\"wp-block-getwid-tabs\" data-active-tab=\"0\"><ul class=\"wp-block-getwid-tabs__nav-links\"><\/ul>\n<div class=\"wp-block-getwid-tabs__nav-link\"><span class=\"wp-block-getwid-tabs__title-wrapper\"><a href=\"#\"><span class=\"wp-block-getwid-tabs__title\">V\u00eddeos<\/span><\/a><\/span><\/div><div class=\"wp-block-getwid-tabs__tab-content-wrapper\"><div class=\"wp-block-getwid-tabs__tab-content\">\n<div class=\"wp-block-columns is-layout-flex wp-container-core-columns-is-layout-2 wp-block-columns-is-layout-flex\">\n<div class=\"wp-block-column is-layout-flow wp-block-column-is-layout-flow\">\n<div class=\"video-responsive\"><iframe loading=\"lazy\" width=\"560\" height=\"315\" src=\"https:\/\/www.youtube.com\/embed\/BBPCzljmu4E?si=vB5SHSl2bgd1ZZj7\" title=\"YouTube video player\" frameborder=\"0\" allow=\"accelerometer; autoplay; clipboard-write; encrypted-media; gyroscope; picture-in-picture; web-share\" referrerpolicy=\"strict-origin-when-cross-origin\" allowfullscreen><\/iframe><\/div>\n<\/div>\n\n\n\n<div class=\"wp-block-column is-layout-flow wp-block-column-is-layout-flow\">\n<div class=\"video-responsive\"><iframe loading=\"lazy\" width=\"560\" height=\"315\" src=\"https:\/\/www.youtube.com\/embed\/v9kV7uZDO44?si=kWx3E1xZMxbOYVY4\" title=\"YouTube video player\" frameborder=\"0\" allow=\"accelerometer; autoplay; clipboard-write; encrypted-media; gyroscope; picture-in-picture; web-share\" referrerpolicy=\"strict-origin-when-cross-origin\" allowfullscreen><\/iframe><\/div>\n<\/div>\n<\/div>\n\n\n\n<div style=\"height:10px\" aria-hidden=\"true\" class=\"wp-block-spacer\"><\/div>\n\n\n\n<div class=\"wp-block-columns is-layout-flex wp-container-core-columns-is-layout-3 wp-block-columns-is-layout-flex\">\n<div class=\"wp-block-column is-layout-flow wp-block-column-is-layout-flow\">\n<div class=\"video-responsive\"><iframe loading=\"lazy\" width=\"560\" height=\"315\" src=\"https:\/\/www.youtube.com\/embed\/_Cbnksic45M?si=mcZGeXMeJL2grL7Z\" title=\"YouTube video player\" frameborder=\"0\" allow=\"accelerometer; autoplay; clipboard-write; encrypted-media; gyroscope; picture-in-picture; web-share\" referrerpolicy=\"strict-origin-when-cross-origin\" allowfullscreen><\/iframe><\/div>\n<\/div>\n\n\n\n<div class=\"wp-block-column is-layout-flow wp-block-column-is-layout-flow\">\n<div class=\"video-responsive\"><iframe loading=\"lazy\" width=\"560\" height=\"315\" src=\"https:\/\/www.youtube.com\/embed\/6xNa7xscvGo?si=xMZz_mv5A_QxceP0\" title=\"YouTube video player\" frameborder=\"0\" allow=\"accelerometer; autoplay; clipboard-write; encrypted-media; gyroscope; picture-in-picture; web-share\" referrerpolicy=\"strict-origin-when-cross-origin\" allowfullscreen><\/iframe><\/div>\n<\/div>\n<\/div>\n<\/div><\/div>\n\n\n\n<div class=\"wp-block-getwid-tabs__nav-link\"><span class=\"wp-block-getwid-tabs__title-wrapper\"><a href=\"#\"><span class=\"wp-block-getwid-tabs__title\">Programari<\/span><\/a><\/span><\/div><div class=\"wp-block-getwid-tabs__tab-content-wrapper\"><div class=\"wp-block-getwid-tabs__tab-content\">\n<ul class=\"wp-block-list\">\n<li><a href=\"https:\/\/docs.google.com\/presentation\/d\/1w0gyccm-jkHpsGxzaTlDXef8v07N4rVeuR3umrk4hBw\/present\" data-type=\"page\" data-id=\"29203\" target=\"_blank\" rel=\"noreferrer noopener\">Guia d\u2019instal\u00b7laci\u00f3 del driver CP210x i del programari ABConnector Windows<\/a><\/li>\n\n\n\n<li><a href=\"https:\/\/docs.google.com\/presentation\/d\/1HWLHwZeFLhR9IIowORlbcjKa7QXEqJ2OWl1JoMKrNwg\/present\" target=\"_blank\" rel=\"noreferrer noopener\">Guia d\u2019instal\u00b7laci\u00f3 del programari ABConnector Linkat<\/a><\/li>\n\n\n\n<li><a href=\"https:\/\/docs.google.com\/presentation\/d\/1R_8WHTrAswzGH9kDQ_KvrMIK0p4oQwxDWLG_ZY6f5T8\/present\" target=\"_blank\" rel=\"noreferrer noopener\">Guia d\u2019instal\u00b7laci\u00f3 del programari ABConnector ChromeOS<\/a><\/li>\n<\/ul>\n\n\n\n<div style=\"height:50px\" aria-hidden=\"true\" class=\"wp-block-spacer\"><\/div>\n<\/div><\/div>\n\n\n\n<div class=\"wp-block-getwid-tabs__nav-link\"><span class=\"wp-block-getwid-tabs__title-wrapper\"><a href=\"#\"><span class=\"wp-block-getwid-tabs__title\">Wifi<\/span><\/a><\/span><\/div><div class=\"wp-block-getwid-tabs__tab-content-wrapper\"><div class=\"wp-block-getwid-tabs__tab-content\">\n<p class=\"has-ast-global-color-4-background-color has-background\">Seguretat: WPA2\/PSK<br>Visibilitat: OCULTA<br>SSID: <strong>gencat_ENS_EDU_LAB<\/strong> (respecteu maj\u00fascules\/min\u00fascules)<br>Contrasenya: <strong>es facilitar\u00e0 als centres en un comunicat<\/strong><\/p>\n\n\n\n<div style=\"height:20px\" aria-hidden=\"true\" class=\"wp-block-spacer\"><\/div>\n\n\n\n<div class=\"wp-block-columns is-layout-flex wp-container-core-columns-is-layout-4 wp-block-columns-is-layout-flex\">\n<div class=\"wp-block-column is-layout-flow wp-block-column-is-layout-flow\">\n<p>Per a connectar la placa <strong>ESP32 STEAMakers<\/strong> a la xarxa wifi:<\/p>\n\n\n\n<ul class=\"wp-block-list\">\n<li>Entreu a l\u2019entorn <a href=\"http:\/\/www.arduinoblocks.com\/\">ArduinoBlocks<\/a>.<\/li>\n\n\n\n<li>Poseu els blocs de la dreta a l\u2019\u00e0rea de programaci\u00f3.<\/li>\n\n\n\n<li>Connecteu la placa ESP32 STEAMakers a l\u2019ordinador mitjan\u00e7ant el cable USB.<\/li>\n\n\n\n<li>Obriu l\u2019aplicaci\u00f3 AB-Connector.<\/li>\n\n\n\n<li>Seleccioneu el port de comunicaci\u00f3 amb la placa (ArduinoBlocks).<\/li>\n\n\n\n<li>Transferiu el programa a la placa.<\/li>\n<\/ul>\n<\/div>\n\n\n\n<div class=\"wp-block-column is-layout-flow wp-block-column-is-layout-flow\">\n<figure class=\"wp-block-image size-large is-style-default\"><a href=\"https:\/\/projectes.xtec.cat\/digital\/wp-content\/uploads\/usu2317\/2024\/02\/wifi_esp32.png\"><img loading=\"lazy\" decoding=\"async\" width=\"1024\" height=\"830\" src=\"https:\/\/projectes.xtec.cat\/digital\/wp-content\/uploads\/usu2317\/2024\/02\/wifi_esp32-1024x830.png\" alt=\"\" class=\"wp-image-22124\" srcset=\"https:\/\/projectes.xtec.cat\/digital\/wp-content\/uploads\/usu2317\/2024\/02\/wifi_esp32-1024x830.png 1024w, https:\/\/projectes.xtec.cat\/digital\/wp-content\/uploads\/usu2317\/2024\/02\/wifi_esp32-300x243.png 300w, https:\/\/projectes.xtec.cat\/digital\/wp-content\/uploads\/usu2317\/2024\/02\/wifi_esp32-768x622.png 768w, https:\/\/projectes.xtec.cat\/digital\/wp-content\/uploads\/usu2317\/2024\/02\/wifi_esp32.png 1276w\" sizes=\"auto, (max-width: 1024px) 100vw, 1024px\" \/><\/a><\/figure>\n<\/div>\n<\/div>\n<\/div><\/div>\n\n\n\n<div class=\"wp-block-getwid-tabs__nav-link\"><span class=\"wp-block-getwid-tabs__title-wrapper\"><a href=\"#\"><span class=\"wp-block-getwid-tabs__title\">Preguntes freq\u00fcents<\/span><\/a><\/span><\/div><div class=\"wp-block-getwid-tabs__tab-content-wrapper\"><div class=\"wp-block-getwid-tabs__tab-content\">\n<div class=\"wp-block-getwid-accordion has-icon-left\" data-active-element=\"none\">\n<div class=\"wp-block-getwid-accordion__header-wrapper\"><span class=\"wp-block-getwid-accordion__header\"><a href=\"#\"><span class=\"wp-block-getwid-accordion__header-title\">En Chromebooks, ArduinoBlocks reconeix el port de connexi\u00f3 de la placa ESP32, per\u00f2 no es transfereix correctament el programa.<\/span><span class=\"wp-block-getwid-accordion__icon is-active\"><i class=\"far fa-question-circle\"><\/i><\/span><span class=\"wp-block-getwid-accordion__icon is-passive\"><i class=\"fas fa-chevron-up\"><\/i><\/span><\/a><\/span><\/div><div class=\"wp-block-getwid-accordion__content-wrapper\"><div class=\"wp-block-getwid-accordion__content\">\n<p>ArduinoBlocks requereix la instal\u00b7laci\u00f3 de l\u2019arxiu en format .deb anomenat python-pyserial. Tamb\u00e9 cal tenir obert el programa AB-Connector.<\/p>\n<\/div><\/div>\n\n\n\n<div class=\"wp-block-getwid-accordion__header-wrapper\"><span class=\"wp-block-getwid-accordion__header\"><a href=\"#\"><span class=\"wp-block-getwid-accordion__header-title\">La placa no connecta a l\u2019entorn de programaci\u00f3 el sistema operatiu Windows.&nbsp;<\/span><span class=\"wp-block-getwid-accordion__icon is-active\"><i class=\"far fa-question-circle\"><\/i><\/span><span class=\"wp-block-getwid-accordion__icon is-passive\"><i class=\"fas fa-chevron-up\"><\/i><\/span><\/a><\/span><\/div><div class=\"wp-block-getwid-accordion__content-wrapper\"><div class=\"wp-block-getwid-accordion__content\">\n<p>Cal comprovar que s\u2019ha instal\u00b7lat correctament el controlador CP210X. Consulteu l\u2019apartat \u201cInstal\u00b7la els controladors necessaris\u201d de la fitxa per veure el proc\u00e9s d\u2019instal\u00b7laci\u00f3.<\/p>\n<\/div><\/div>\n<\/div>\n<\/div><\/div>\n<\/div>\n\n\n\n<div style=\"height:40px\" aria-hidden=\"true\" class=\"wp-block-spacer\"><\/div>\n<\/div><\/div><\/div><\/div><\/div>\n\n\n\n<div class=\"wp-block-getwid-section alignfull alignfull\"><div class=\"wp-block-getwid-section__wrapper\"><div class=\"wp-block-getwid-section__inner-wrapper\"><div class=\"wp-block-getwid-section__background-holder\"><div class=\"wp-block-getwid-section__background has-background has-ast-global-color-4-background-color\"><\/div><div class=\"wp-block-getwid-section__foreground\"><\/div><\/div><div class=\"wp-block-getwid-section__content\"><div class=\"wp-block-getwid-section__inner-content\">\n<div style=\"height:50px\" aria-hidden=\"true\" class=\"wp-block-spacer\"><\/div>\n\n\n\n<h2 class=\"wp-block-heading alignwide\">Converses sobre <em>ESP32 STEAMakers<\/em> a la xarxa docent Nus<\/h2>\n\n\n\n<div style=\"height:20px\" aria-hidden=\"true\" class=\"wp-block-spacer\"><\/div>\n\n\n\n<div class=\"wp-block-columns alignwide is-layout-flex wp-container-core-columns-is-layout-5 wp-block-columns-is-layout-flex\">\n<div class=\"wp-block-column is-layout-flow wp-block-column-is-layout-flow\">\n<h3 class=\"wp-block-heading\">Darreres converses<\/h3>\n\n\n<div class='nus_topics'><span class=\"nus_data\">12.04.26<\/span> <a target=\"_blank\" href=\"https:\/\/comunitat.edigital.cat\/t\/operacio-agenda-2030-repositori-dactivitats-per-aprendre-a-programar-la-placa-esp32\/44795\">Operaci\u00f3 Agenda 2030. Repositori d'activitats per aprendre a programar la placa ESP32<\/a><br><span class=\"nus_data\">13.11.24<\/span> <a target=\"_blank\" href=\"https:\/\/comunitat.edigital.cat\/t\/esp32-vs-arduino\/36954\">ESP32 vs Arduino<\/a><br><span class=\"nus_data\">25.10.24<\/span> <a target=\"_blank\" href=\"https:\/\/comunitat.edigital.cat\/t\/materials-per-treballar-la-programacio-a-secundaria-i-batxillerat\/14296\">Materials per treballar la programaci\u00f3 a secund\u00e0ria i batxillerat<\/a><br><span class=\"nus_data\">15.10.24<\/span> <a target=\"_blank\" href=\"https:\/\/comunitat.edigital.cat\/t\/manual-dus-sensors-avancats\/35800\">Manual d'\u00fas sensors avan\u00e7ats<\/a><br><span class=\"nus_data\">09.10.24<\/span> <a target=\"_blank\" href=\"https:\/\/comunitat.edigital.cat\/t\/esp32-imagina-tdr-steam-peta-al-programar\/35689\">ESP32 + Imagina TdR Steam peta al programar<\/a><br><span class=\"nus_data\">02.07.24<\/span> <a target=\"_blank\" href=\"https:\/\/comunitat.edigital.cat\/t\/peticio-de-panells-digitals-i-equipament-de-robotica\/25848\">Petici\u00f3 de panells digitals i equipament de rob\u00f2tica<\/a><br><span class=\"nus_data\">13.05.24<\/span> <a target=\"_blank\" href=\"https:\/\/comunitat.edigital.cat\/t\/esp32-steamakers-imagina-tdr-steam-arduinoblocks-thingspeak-no-envia-dades-correctament\/31118\">ESP32 STEAMakers + IMAGINA TdR STEAM + Arduinoblocks + ThingSpeak NO ENVIA DADES CORRECTAMENT<\/a><br><span class=\"nus_data\">28.03.24<\/span> <a target=\"_blank\" href=\"https:\/\/comunitat.edigital.cat\/t\/programari-lego-spike\/29713\">Programari Lego Spike<\/a><br><span class=\"nus_data\">16.03.24<\/span> <a target=\"_blank\" href=\"https:\/\/comunitat.edigital.cat\/t\/wifi-per-als-kits-de-robotica-i-altres-equipaments\/29556\">WIFI per als kits de rob\u00f2tica i altres equipaments<\/a><br><span class=\"nus_data\">28.02.24<\/span> <a target=\"_blank\" href=\"https:\/\/comunitat.edigital.cat\/t\/problemes-amb-les-wifi-5g\/30565\">Problemes amb les wifi 5G?<\/a><br><\/div>\n<\/div>\n\n\n\n<div class=\"wp-block-column is-layout-flow wp-block-column-is-layout-flow\">\n<h3 class=\"wp-block-heading\">Converses m\u00e9s vistes<\/h3>\n\n\n<div class='nus_topics'><span class=\"nus_data\">02.07.24<\/span> <a target=\"_blank\" href=\"https:\/\/comunitat.edigital.cat\/t\/peticio-de-panells-digitals-i-equipament-de-robotica\/25848\">Petici\u00f3 de panells digitals i equipament de rob\u00f2tica<\/a><br><span class=\"nus_data\">27.03.23<\/span> <a target=\"_blank\" href=\"https:\/\/comunitat.edigital.cat\/t\/sessio-oberta-a-coordinadors-direccions-amb-mostra-del-cataleg-de-robotica\/22905\">Sessi\u00f3 oberta a coordinadors\/direccions amb mostra del cat\u00e0leg de Rob\u00f2tica<\/a><br><span class=\"nus_data\">16.03.24<\/span> <a target=\"_blank\" href=\"https:\/\/comunitat.edigital.cat\/t\/wifi-per-als-kits-de-robotica-i-altres-equipaments\/29556\">WIFI per als kits de rob\u00f2tica i altres equipaments<\/a><br><span class=\"nus_data\">25.10.24<\/span> <a target=\"_blank\" href=\"https:\/\/comunitat.edigital.cat\/t\/materials-per-treballar-la-programacio-a-secundaria-i-batxillerat\/14296\">Materials per treballar la programaci\u00f3 a secund\u00e0ria i batxillerat<\/a><br><span class=\"nus_data\">28.03.24<\/span> <a target=\"_blank\" href=\"https:\/\/comunitat.edigital.cat\/t\/programari-lego-spike\/29713\">Programari Lego Spike<\/a><br><span class=\"nus_data\">13.05.24<\/span> <a target=\"_blank\" href=\"https:\/\/comunitat.edigital.cat\/t\/esp32-steamakers-imagina-tdr-steam-arduinoblocks-thingspeak-no-envia-dades-correctament\/31118\">ESP32 STEAMakers + IMAGINA TdR STEAM + Arduinoblocks + ThingSpeak NO ENVIA DADES CORRECTAMENT<\/a><br><span class=\"nus_data\">12.04.26<\/span> <a target=\"_blank\" href=\"https:\/\/comunitat.edigital.cat\/t\/operacio-agenda-2030-repositori-dactivitats-per-aprendre-a-programar-la-placa-esp32\/44795\">Operaci\u00f3 Agenda 2030. Repositori d'activitats per aprendre a programar la placa ESP32<\/a><br><span class=\"nus_data\">15.11.22<\/span> <a target=\"_blank\" href=\"https:\/\/comunitat.edigital.cat\/t\/arduinoblocks-i-chromebooks\/21245\">ArduinoBlocks i Chromebooks<\/a><br><span class=\"nus_data\">21.09.23<\/span> <a target=\"_blank\" href=\"https:\/\/comunitat.edigital.cat\/t\/mifis\/24969\">Mifis<\/a><br><span class=\"nus_data\">28.02.24<\/span> <a target=\"_blank\" href=\"https:\/\/comunitat.edigital.cat\/t\/problemes-amb-les-wifi-5g\/30565\">Problemes amb les wifi 5G?<\/a><br><\/div>\n<\/div>\n<\/div>\n\n\n\n<div style=\"height:100px\" aria-hidden=\"true\" class=\"wp-block-spacer\"><\/div>\n<\/div><\/div><\/div><\/div><\/div>\n\n\n\n<div class=\"wp-block-getwid-section alignfull alignwide alignfull\"><div class=\"wp-block-getwid-section__wrapper\"><div class=\"wp-block-getwid-section__inner-wrapper\"><div class=\"wp-block-getwid-section__background-holder\"><div class=\"wp-block-getwid-section__background has-background has-ast-global-color-5-background-color\"><\/div><div class=\"wp-block-getwid-section__foreground\"><\/div><\/div><div class=\"wp-block-getwid-section__content\"><div class=\"wp-block-getwid-section__inner-content\">\n<hr class=\"wp-block-separator has-css-opacity is-style-wide\"\/>\n\n\n\n<p>Finan\u00e7at per: <\/p>\n\n\n\n<div class=\"wp-block-columns is-layout-flex wp-container-core-columns-is-layout-6 wp-block-columns-is-layout-flex\">\n<div class=\"wp-block-column is-layout-flow wp-block-column-is-layout-flow\" style=\"flex-basis:30%\">\n<figure class=\"wp-block-image size-large is-resized is-style-default\"><a href=\"https:\/\/projectes.xtec.cat\/digital\/wp-content\/uploads\/usu2317\/2023\/06\/NextGenerationCatalunya.png\"><img loading=\"lazy\" decoding=\"async\" width=\"440\" height=\"131\" src=\"https:\/\/projectes.xtec.cat\/digital\/wp-content\/uploads\/usu2317\/2023\/06\/NextGenerationCatalunya.png\" alt=\"\" class=\"wp-image-16598\" srcset=\"https:\/\/projectes.xtec.cat\/digital\/wp-content\/uploads\/usu2317\/2023\/06\/NextGenerationCatalunya.png 440w, https:\/\/projectes.xtec.cat\/digital\/wp-content\/uploads\/usu2317\/2023\/06\/NextGenerationCatalunya-300x89.png 300w\" sizes=\"auto, (max-width: 440px) 100vw, 440px\" \/><\/a><\/figure>\n<\/div>\n\n\n\n<div class=\"wp-block-column is-layout-flow wp-block-column-is-layout-flow\">\n<figure class=\"wp-block-image size-large is-resized is-style-default\"><a href=\"https:\/\/projectes.xtec.cat\/digital\/wp-content\/uploads\/usu2317\/2023\/06\/Gencat-300x88-1.png\"><img loading=\"lazy\" decoding=\"async\" width=\"300\" height=\"88\" src=\"https:\/\/projectes.xtec.cat\/digital\/wp-content\/uploads\/usu2317\/2023\/06\/Gencat-300x88-1.png\" alt=\"\" class=\"wp-image-16597\"\/><\/a><\/figure>\n<\/div>\n<\/div>\n<\/div><\/div><\/div><\/div><\/div>\n","protected":false},"excerpt":{"rendered":"","protected":false},"author":371,"featured_media":0,"parent":18973,"menu_order":0,"comment_status":"closed","ping_status":"close","template":"","meta":{"site-sidebar-layout":"default","site-content-layout":"","ast-site-content-layout":"default","site-content-style":"default","site-sidebar-style":"default","ast-global-header-display":"","ast-banner-title-visibility":"","ast-main-header-display":"","ast-hfb-above-header-display":"","ast-hfb-below-header-display":"","ast-hfb-mobile-header-display":"","site-post-title":"disabled","ast-breadcrumbs-content":"","ast-featured-img":"","footer-sml-layout":"","theme-transparent-header-meta":"","adv-header-id-meta":"","stick-header-meta":"","header-above-stick-meta":"","header-main-stick-meta":"","header-below-stick-meta":"","astra-migrate-meta-layouts":"set","ast-page-background-enabled":"default","ast-page-background-meta":{"desktop":{"background-color":"var(--ast-global-color-4)","background-image":"","background-repeat":"repeat","background-position":"center center","background-size":"auto","background-attachment":"scroll","background-type":"","background-media":"","overlay-type":"","overlay-color":"","overlay-opacity":"","overlay-gradient":""},"tablet":{"background-color":"","background-image":"","background-repeat":"repeat","background-position":"center center","background-size":"auto","background-attachment":"scroll","background-type":"","background-media":"","overlay-type":"","overlay-color":"","overlay-opacity":"","overlay-gradient":""},"mobile":{"background-color":"","background-image":"","background-repeat":"repeat","background-position":"center center","background-size":"auto","background-attachment":"scroll","background-type":"","background-media":"","overlay-type":"","overlay-color":"","overlay-opacity":"","overlay-gradient":""}},"ast-content-background-meta":{"desktop":{"background-color":"var(--ast-global-color-5)","background-image":"","background-repeat":"repeat","background-position":"center center","background-size":"auto","background-attachment":"scroll","background-type":"","background-media":"","overlay-type":"","overlay-color":"","overlay-opacity":"","overlay-gradient":""},"tablet":{"background-color":"var(--ast-global-color-5)","background-image":"","background-repeat":"repeat","background-position":"center center","background-size":"auto","background-attachment":"scroll","background-type":"","background-media":"","overlay-type":"","overlay-color":"","overlay-opacity":"","overlay-gradient":""},"mobile":{"background-color":"var(--ast-global-color-5)","background-image":"","background-repeat":"repeat","background-position":"center center","background-size":"auto","background-attachment":"scroll","background-type":"","background-media":"","overlay-type":"","overlay-color":"","overlay-opacity":"","overlay-gradient":""}},"footnotes":""},"class_list":["post-20459","page","type-page","status-publish","hentry"],"post_mailing_queue_ids":[],"_links":{"self":[{"href":"https:\/\/projectes.xtec.cat\/digital\/wp-json\/wp\/v2\/pages\/20459","targetHints":{"allow":["GET"]}}],"collection":[{"href":"https:\/\/projectes.xtec.cat\/digital\/wp-json\/wp\/v2\/pages"}],"about":[{"href":"https:\/\/projectes.xtec.cat\/digital\/wp-json\/wp\/v2\/types\/page"}],"author":[{"embeddable":true,"href":"https:\/\/projectes.xtec.cat\/digital\/wp-json\/wp\/v2\/users\/371"}],"replies":[{"embeddable":true,"href":"https:\/\/projectes.xtec.cat\/digital\/wp-json\/wp\/v2\/comments?post=20459"}],"version-history":[{"count":6,"href":"https:\/\/projectes.xtec.cat\/digital\/wp-json\/wp\/v2\/pages\/20459\/revisions"}],"predecessor-version":[{"id":31626,"href":"https:\/\/projectes.xtec.cat\/digital\/wp-json\/wp\/v2\/pages\/20459\/revisions\/31626"}],"up":[{"embeddable":true,"href":"https:\/\/projectes.xtec.cat\/digital\/wp-json\/wp\/v2\/pages\/18973"}],"wp:attachment":[{"href":"https:\/\/projectes.xtec.cat\/digital\/wp-json\/wp\/v2\/media?parent=20459"}],"curies":[{"name":"wp","href":"https:\/\/api.w.org\/{rel}","templated":true}]}}