{"id":20684,"date":"2024-01-30T09:44:55","date_gmt":"2024-01-30T08:44:55","guid":{"rendered":"https:\/\/projectes.xtec.cat\/digital\/?page_id=20684"},"modified":"2024-11-12T14:49:50","modified_gmt":"2024-11-12T13:49:50","slug":"imagina-tdr-steam","status":"publish","type":"page","link":"https:\/\/projectes.xtec.cat\/digital\/equipaments-i-infraestructures\/robotica\/formacio-tecnica-robotica\/components-i-accessoris\/imagina-tdr-steam\/","title":{"rendered":"Imagina TdR STEAM"},"content":{"rendered":"\n<div class=\"wp-block-getwid-section alignfull alignfull\"><div class=\"wp-block-getwid-section__wrapper\"><div class=\"wp-block-getwid-section__inner-wrapper\"><div class=\"wp-block-getwid-section__background-holder\"><div class=\"wp-block-getwid-section__background\"><\/div><div class=\"wp-block-getwid-section__foreground\"><\/div><\/div><div class=\"wp-block-getwid-section__content\"><div class=\"wp-block-getwid-section__inner-content\">\n<div style=\"height:50px\" aria-hidden=\"true\" class=\"wp-block-spacer\"><\/div>\n\n\n\n<div class=\"wp-block-columns is-layout-flex wp-container-core-columns-is-layout-1 wp-block-columns-is-layout-flex\">\n<div class=\"wp-block-column is-vertically-aligned-center is-layout-flow wp-block-column-is-layout-flow\" style=\"flex-basis:25%\">\n<figure class=\"wp-block-image size-large\"><img loading=\"lazy\" decoding=\"async\" width=\"1024\" height=\"1024\" src=\"https:\/\/projectes.xtec.cat\/digital\/wp-content\/uploads\/usu2317\/2023\/10\/18.-Imagina-TdR-STEAM-1024x1024.jpg\" alt=\"\" class=\"wp-image-18996\" srcset=\"https:\/\/projectes.xtec.cat\/digital\/wp-content\/uploads\/usu2317\/2023\/10\/18.-Imagina-TdR-STEAM-1024x1024.jpg 1024w, https:\/\/projectes.xtec.cat\/digital\/wp-content\/uploads\/usu2317\/2023\/10\/18.-Imagina-TdR-STEAM-300x300.jpg 300w, https:\/\/projectes.xtec.cat\/digital\/wp-content\/uploads\/usu2317\/2023\/10\/18.-Imagina-TdR-STEAM-150x150.jpg 150w, https:\/\/projectes.xtec.cat\/digital\/wp-content\/uploads\/usu2317\/2023\/10\/18.-Imagina-TdR-STEAM-768x768.jpg 768w, https:\/\/projectes.xtec.cat\/digital\/wp-content\/uploads\/usu2317\/2023\/10\/18.-Imagina-TdR-STEAM.jpg 1200w\" sizes=\"auto, (max-width: 1024px) 100vw, 1024px\" \/><\/figure>\n<\/div>\n\n\n\n<div class=\"wp-block-column is-layout-flow wp-block-column-is-layout-flow\" style=\"flex-basis:66.66%\">\n<h1 class=\"wp-block-heading\" style=\"font-size:37px\">Imagina TdR STEAM<\/h1>\n\n\n\n<p>La placa d\u2019extensi\u00f3 Imagina TdR STEAM \u00e9s un dispositiu electr\u00f2nic d\u2019extensi\u00f3; per tant, \u00e9s una placa que ha d\u2019anar col\u00b7locada a sobre d\u2019una altra que contingui el sistema de control, com pot ser una placa tipus Arduino, Keyestudio UNO o ESP32 STEAMakers. La placa integra nombrosos sensors, actuadors, entrades i sortides.<\/p>\n\n\n\n<p>Aquesta placa pot programar-se mitjan\u00e7ant diverses plataformes i llenguatges, com els entorns de programaci\u00f3 visual ArduinoBlocks, MicroBlocks i Snap4Arduino o Arduino IDE amb codi basat en C\/C++.<\/p>\n\n\n\n<div class=\"wp-block-buttons is-horizontal is-content-justification-center is-layout-flex wp-container-core-buttons-is-layout-1 wp-block-buttons-is-layout-flex\">\n<div class=\"wp-block-button is-style-fill\"><a class=\"wp-block-button__link has-ast-global-color-8-color has-white-background-color has-text-color has-background wp-element-button\" href=\"https:\/\/projectes.xtec.cat\/digital\/wp-content\/uploads\/usu2317\/2024\/10\/Imagina-TdR-STEAM.pdf\" style=\"border-radius:20px\" target=\"_blank\" rel=\"noreferrer noopener\">Fitxa resum<\/a><\/div>\n\n\n\n<div class=\"wp-block-button is-style-fill\"><a class=\"wp-block-button__link has-ast-global-color-8-color has-white-background-color has-text-color has-background wp-element-button\" href=\"https:\/\/projectes.xtec.cat\/digital\/wp-content\/uploads\/usu2317\/2024\/02\/Manual-d_us-Imagina-TdR-STEAM.pdf\" style=\"border-radius:20px\">Manual d&#8217;\u00fas<\/a><\/div>\n\n\n\n<div class=\"wp-block-button is-style-fill\"><a class=\"wp-block-button__link has-ast-global-color-8-color has-white-background-color has-text-color has-background wp-element-button\" href=\"https:\/\/comunitat.edigital.cat\/c\/tecnologies-aula\/pensament-computacional\/165\" style=\"border-radius:20px\">Suport<\/a><\/div>\n<\/div>\n<\/div>\n<\/div>\n\n\n\n<div style=\"height:50px\" aria-hidden=\"true\" class=\"wp-block-spacer\"><\/div>\n\n\n\n<div class=\"wp-block-getwid-tabs\" data-active-tab=\"0\"><ul class=\"wp-block-getwid-tabs__nav-links\"><\/ul>\n<div class=\"wp-block-getwid-tabs__nav-link\"><span class=\"wp-block-getwid-tabs__title-wrapper\"><a href=\"#\"><span class=\"wp-block-getwid-tabs__title\">V\u00eddeos<\/span><\/a><\/span><\/div><div class=\"wp-block-getwid-tabs__tab-content-wrapper\"><div class=\"wp-block-getwid-tabs__tab-content\">\n<div class=\"wp-block-columns is-layout-flex wp-container-core-columns-is-layout-4 wp-block-columns-is-layout-flex\">\n<div class=\"wp-block-column is-layout-flow wp-block-column-is-layout-flow\">\n<div class=\"video-responsive\"><iframe loading=\"lazy\" width=\"560\" height=\"315\" src=\"https:\/\/www.youtube.com\/embed\/GE5R3UIcR2E?si=3hzOVYQPOeNs4ggx\" title=\"YouTube video player\" frameborder=\"0\" allow=\"accelerometer; autoplay; clipboard-write; encrypted-media; gyroscope; picture-in-picture; web-share\" referrerpolicy=\"strict-origin-when-cross-origin\" allowfullscreen><\/iframe><\/div>\n\n\n\n<div style=\"height:10px\" aria-hidden=\"true\" class=\"wp-block-spacer\"><\/div>\n\n\n\n<div class=\"wp-block-columns is-layout-flex wp-container-core-columns-is-layout-2 wp-block-columns-is-layout-flex\">\n<div class=\"wp-block-column is-layout-flow wp-block-column-is-layout-flow\">\n<div class=\"video-responsive\"><iframe loading=\"lazy\" width=\"560\" height=\"315\" src=\"https:\/\/www.youtube.com\/embed\/NkDP65oIPSc?si=AR0NBGbSOof723Kk\" title=\"YouTube video player\" frameborder=\"0\" allow=\"accelerometer; autoplay; clipboard-write; encrypted-media; gyroscope; picture-in-picture; web-share\" referrerpolicy=\"strict-origin-when-cross-origin\" allowfullscreen><\/iframe><\/div>\n<\/div>\n<\/div>\n<\/div>\n\n\n\n<div class=\"wp-block-column is-layout-flow wp-block-column-is-layout-flow\">\n<div class=\"video-responsive\"><iframe loading=\"lazy\" width=\"560\" height=\"315\" src=\"https:\/\/www.youtube.com\/embed\/La34alzqqww?si=bWs28QVrwzhscrgq\" title=\"YouTube video player\" frameborder=\"0\" allow=\"accelerometer; autoplay; clipboard-write; encrypted-media; gyroscope; picture-in-picture; web-share\" referrerpolicy=\"strict-origin-when-cross-origin\" allowfullscreen><\/iframe><\/div>\n\n\n\n<div style=\"height:10px\" aria-hidden=\"true\" class=\"wp-block-spacer\"><\/div>\n\n\n\n<div class=\"wp-block-columns is-layout-flex wp-container-core-columns-is-layout-3 wp-block-columns-is-layout-flex\">\n<div class=\"wp-block-column is-layout-flow wp-block-column-is-layout-flow\">\n<div class=\"video-responsive\"><iframe loading=\"lazy\" width=\"560\" height=\"315\" src=\"https:\/\/www.youtube.com\/embed\/rARvsBIWL18?si=L7qTAVYTNRk6Drsu\" title=\"YouTube video player\" frameborder=\"0\" allow=\"accelerometer; autoplay; clipboard-write; encrypted-media; gyroscope; picture-in-picture; web-share\" referrerpolicy=\"strict-origin-when-cross-origin\" allowfullscreen><\/iframe><\/div>\n<\/div>\n<\/div>\n<\/div>\n<\/div>\n<\/div><\/div>\n\n\n\n<div class=\"wp-block-getwid-tabs__nav-link\"><span class=\"wp-block-getwid-tabs__title-wrapper\"><a href=\"#\"><span class=\"wp-block-getwid-tabs__title\">Preguntes freq\u00fcents<\/span><\/a><\/span><\/div><div class=\"wp-block-getwid-tabs__tab-content-wrapper\"><div class=\"wp-block-getwid-tabs__tab-content\">\n<div class=\"wp-block-getwid-accordion has-icon-left\" data-active-element=\"none\">\n<div class=\"wp-block-getwid-accordion__header-wrapper\"><span class=\"wp-block-getwid-accordion__header\"><a href=\"#\"><span class=\"wp-block-getwid-accordion__header-title\">Amb quines plaques controladores \u00e9s compatible la placa d\u2019extensi\u00f3 Imagina TdR STEAM?&nbsp;<\/span><span class=\"wp-block-getwid-accordion__icon is-active\"><i class=\"far fa-question-circle\"><\/i><\/span><span class=\"wp-block-getwid-accordion__icon is-passive\"><i class=\"fas fa-chevron-up\"><\/i><\/span><\/a><\/span><\/div><div class=\"wp-block-getwid-accordion__content-wrapper\"><div class=\"wp-block-getwid-accordion__content\">\n<p>La placa d\u2019extensi\u00f3 Imagina TdR STEAM \u00e9s compatible amb les plaques d\u2019extensi\u00f3 que disposen d\u2019una filera lateral amb pins femella. Aquesta placa d\u2019extensi\u00f3 est\u00e0 especialment dissenyada per acoblar-se a les plaques controladores Keyestudio UNO i ESP32 STEAMakers.&nbsp;<\/p>\n<\/div><\/div>\n\n\n\n<div class=\"wp-block-getwid-accordion__header-wrapper\"><span class=\"wp-block-getwid-accordion__header\"><a href=\"#\"><span class=\"wp-block-getwid-accordion__header-title\">No es transfereix correctament el programa a la placa controladora amb la placa TdR STEAM, tot i que ArduinoBlocks detecta el port de comunicaci\u00f3.&nbsp;<\/span><span class=\"wp-block-getwid-accordion__icon is-active\"><i class=\"far fa-question-circle\"><\/i><\/span><span class=\"wp-block-getwid-accordion__icon is-passive\"><i class=\"fas fa-chevron-up\"><\/i><\/span><\/a><\/span><\/div><div class=\"wp-block-getwid-accordion__content-wrapper\"><div class=\"wp-block-getwid-accordion__content\">\n<p>En alguns casos se soluciona el problema de transfer\u00e8ncia situant al m\u00ednim el potenci\u00f2metre de la placa Imagina TdR.<\/p>\n<\/div><\/div>\n<\/div>\n<\/div><\/div>\n<\/div>\n\n\n\n<div style=\"height:40px\" aria-hidden=\"true\" class=\"wp-block-spacer\"><\/div>\n<\/div><\/div><\/div><\/div><\/div>\n\n\n\n<div class=\"wp-block-getwid-section alignfull alignfull\"><div class=\"wp-block-getwid-section__wrapper\"><div class=\"wp-block-getwid-section__inner-wrapper\"><div class=\"wp-block-getwid-section__background-holder\"><div class=\"wp-block-getwid-section__background has-background has-ast-global-color-4-background-color\"><\/div><div class=\"wp-block-getwid-section__foreground\"><\/div><\/div><div class=\"wp-block-getwid-section__content\"><div class=\"wp-block-getwid-section__inner-content\">\n<div style=\"height:50px\" aria-hidden=\"true\" class=\"wp-block-spacer\"><\/div>\n\n\n\n<h2 class=\"wp-block-heading alignwide\">Converses sobre <em>Imagina TdR STEAM<\/em> a la xarxa docent Nus<\/h2>\n\n\n\n<div style=\"height:20px\" aria-hidden=\"true\" class=\"wp-block-spacer\"><\/div>\n\n\n\n<div class=\"wp-block-columns alignwide is-layout-flex wp-container-core-columns-is-layout-5 wp-block-columns-is-layout-flex\">\n<div class=\"wp-block-column is-layout-flow wp-block-column-is-layout-flow\">\n<h3 class=\"wp-block-heading\">Darreres converses<\/h3>\n\n\n<div class='nus_topics'><\/div>\n<\/div>\n\n\n\n<div class=\"wp-block-column is-layout-flow wp-block-column-is-layout-flow\">\n<h3 class=\"wp-block-heading\">Converses m\u00e9s vistes<\/h3>\n\n\n<div class='nus_topics'><\/div>\n<\/div>\n<\/div>\n\n\n\n<div style=\"height:100px\" aria-hidden=\"true\" class=\"wp-block-spacer\"><\/div>\n<\/div><\/div><\/div><\/div><\/div>\n\n\n\n<div class=\"wp-block-getwid-section alignfull alignwide alignfull\"><div class=\"wp-block-getwid-section__wrapper\"><div class=\"wp-block-getwid-section__inner-wrapper\"><div class=\"wp-block-getwid-section__background-holder\"><div class=\"wp-block-getwid-section__background has-background has-ast-global-color-5-background-color\"><\/div><div class=\"wp-block-getwid-section__foreground\"><\/div><\/div><div class=\"wp-block-getwid-section__content\"><div class=\"wp-block-getwid-section__inner-content\">\n<hr class=\"wp-block-separator has-css-opacity is-style-wide\"\/>\n\n\n\n<p>Finan\u00e7at per: <\/p>\n\n\n\n<div class=\"wp-block-columns is-layout-flex wp-container-core-columns-is-layout-6 wp-block-columns-is-layout-flex\">\n<div class=\"wp-block-column is-layout-flow wp-block-column-is-layout-flow\" style=\"flex-basis:30%\">\n<figure class=\"wp-block-image size-large is-resized\"><a href=\"https:\/\/projectes.xtec.cat\/digital\/wp-content\/uploads\/usu2317\/2023\/06\/NextGenerationCatalunya.png\"><img loading=\"lazy\" decoding=\"async\" width=\"440\" height=\"131\" src=\"https:\/\/projectes.xtec.cat\/digital\/wp-content\/uploads\/usu2317\/2023\/06\/NextGenerationCatalunya.png\" alt=\"\" class=\"wp-image-16598\" style=\"width:208px;height:61px\" srcset=\"https:\/\/projectes.xtec.cat\/digital\/wp-content\/uploads\/usu2317\/2023\/06\/NextGenerationCatalunya.png 440w, https:\/\/projectes.xtec.cat\/digital\/wp-content\/uploads\/usu2317\/2023\/06\/NextGenerationCatalunya-300x89.png 300w\" sizes=\"auto, (max-width: 440px) 100vw, 440px\" \/><\/a><\/figure>\n<\/div>\n\n\n\n<div class=\"wp-block-column is-layout-flow wp-block-column-is-layout-flow\">\n<figure class=\"wp-block-image size-large is-resized\"><a href=\"https:\/\/projectes.xtec.cat\/digital\/wp-content\/uploads\/usu2317\/2023\/06\/Gencat-300x88-1.png\"><img loading=\"lazy\" decoding=\"async\" width=\"300\" height=\"88\" src=\"https:\/\/projectes.xtec.cat\/digital\/wp-content\/uploads\/usu2317\/2023\/06\/Gencat-300x88-1.png\" alt=\"\" class=\"wp-image-16597\" style=\"width:216px;height:63px\"\/><\/a><\/figure>\n<\/div>\n<\/div>\n<\/div><\/div><\/div><\/div><\/div>\n","protected":false},"excerpt":{"rendered":"","protected":false},"author":371,"featured_media":0,"parent":18990,"menu_order":0,"comment_status":"closed","ping_status":"close","template":"","meta":{"site-sidebar-layout":"default","site-content-layout":"","ast-site-content-layout":"default","site-content-style":"default","site-sidebar-style":"default","ast-global-header-display":"","ast-banner-title-visibility":"","ast-main-header-display":"","ast-hfb-above-header-display":"","ast-hfb-below-header-display":"","ast-hfb-mobile-header-display":"","site-post-title":"disabled","ast-breadcrumbs-content":"","ast-featured-img":"","footer-sml-layout":"","theme-transparent-header-meta":"","adv-header-id-meta":"","stick-header-meta":"","header-above-stick-meta":"","header-main-stick-meta":"","header-below-stick-meta":"","astra-migrate-meta-layouts":"set","ast-page-background-enabled":"default","ast-page-background-meta":{"desktop":{"background-color":"var(--ast-global-color-4)","background-image":"","background-repeat":"repeat","background-position":"center center","background-size":"auto","background-attachment":"scroll","background-type":"","background-media":"","overlay-type":"","overlay-color":"","overlay-opacity":"","overlay-gradient":""},"tablet":{"background-color":"","background-image":"","background-repeat":"repeat","background-position":"center center","background-size":"auto","background-attachment":"scroll","background-type":"","background-media":"","overlay-type":"","overlay-color":"","overlay-opacity":"","overlay-gradient":""},"mobile":{"background-color":"","background-image":"","background-repeat":"repeat","background-position":"center center","background-size":"auto","background-attachment":"scroll","background-type":"","background-media":"","overlay-type":"","overlay-color":"","overlay-opacity":"","overlay-gradient":""}},"ast-content-background-meta":{"desktop":{"background-color":"var(--ast-global-color-5)","background-image":"","background-repeat":"repeat","background-position":"center center","background-size":"auto","background-attachment":"scroll","background-type":"","background-media":"","overlay-type":"","overlay-color":"","overlay-opacity":"","overlay-gradient":""},"tablet":{"background-color":"var(--ast-global-color-5)","background-image":"","background-repeat":"repeat","background-position":"center center","background-size":"auto","background-attachment":"scroll","background-type":"","background-media":"","overlay-type":"","overlay-color":"","overlay-opacity":"","overlay-gradient":""},"mobile":{"background-color":"var(--ast-global-color-5)","background-image":"","background-repeat":"repeat","background-position":"center center","background-size":"auto","background-attachment":"scroll","background-type":"","background-media":"","overlay-type":"","overlay-color":"","overlay-opacity":"","overlay-gradient":""}},"footnotes":""},"class_list":["post-20684","page","type-page","status-publish","hentry"],"post_mailing_queue_ids":[],"_links":{"self":[{"href":"https:\/\/projectes.xtec.cat\/digital\/wp-json\/wp\/v2\/pages\/20684","targetHints":{"allow":["GET"]}}],"collection":[{"href":"https:\/\/projectes.xtec.cat\/digital\/wp-json\/wp\/v2\/pages"}],"about":[{"href":"https:\/\/projectes.xtec.cat\/digital\/wp-json\/wp\/v2\/types\/page"}],"author":[{"embeddable":true,"href":"https:\/\/projectes.xtec.cat\/digital\/wp-json\/wp\/v2\/users\/371"}],"replies":[{"embeddable":true,"href":"https:\/\/projectes.xtec.cat\/digital\/wp-json\/wp\/v2\/comments?post=20684"}],"version-history":[{"count":6,"href":"https:\/\/projectes.xtec.cat\/digital\/wp-json\/wp\/v2\/pages\/20684\/revisions"}],"predecessor-version":[{"id":31630,"href":"https:\/\/projectes.xtec.cat\/digital\/wp-json\/wp\/v2\/pages\/20684\/revisions\/31630"}],"up":[{"embeddable":true,"href":"https:\/\/projectes.xtec.cat\/digital\/wp-json\/wp\/v2\/pages\/18990"}],"wp:attachment":[{"href":"https:\/\/projectes.xtec.cat\/digital\/wp-json\/wp\/v2\/media?parent=20684"}],"curies":[{"name":"wp","href":"https:\/\/api.w.org\/{rel}","templated":true}]}}