{"id":20742,"date":"2023-12-14T10:52:22","date_gmt":"2023-12-14T09:52:22","guid":{"rendered":"https:\/\/projectes.xtec.cat\/digital\/?page_id=20742"},"modified":"2026-03-12T08:25:18","modified_gmt":"2026-03-12T07:25:18","slug":"aplicacio-de-quotes-demmagatzematge","status":"publish","type":"page","link":"https:\/\/projectes.xtec.cat\/digital\/serveis-digitals\/la-meva-xtec\/aplicacio-de-quotes-demmagatzematge\/","title":{"rendered":"Emmagatzematge"},"content":{"rendered":"\n<div class=\"wp-block-getwid-section alignfull alignfull\"><div class=\"wp-block-getwid-section__wrapper\"><div class=\"wp-block-getwid-section__inner-wrapper\"><div class=\"wp-block-getwid-section__background-holder\"><div class=\"wp-block-getwid-section__background\"><\/div><div class=\"wp-block-getwid-section__foreground\"><\/div><\/div><div class=\"wp-block-getwid-section__content\"><div class=\"wp-block-getwid-section__inner-content\">\n<figure class=\"wp-block-image alignright size-large is-resized\"><a href=\"https:\/\/projectes.xtec.cat\/digital\/wp-content\/uploads\/usu2317\/2025\/01\/Google-Drive-for-Beginners.png\"><img loading=\"lazy\" decoding=\"async\" width=\"1024\" height=\"576\" src=\"https:\/\/projectes.xtec.cat\/digital\/wp-content\/uploads\/usu2317\/2025\/01\/Google-Drive-for-Beginners-1024x576.png\" alt=\"una dona davant de l'ordinador mirant google drive\" class=\"wp-image-33644\" style=\"width:467px;height:auto\" srcset=\"https:\/\/projectes.xtec.cat\/digital\/wp-content\/uploads\/usu2317\/2025\/01\/Google-Drive-for-Beginners-1024x576.png 1024w, https:\/\/projectes.xtec.cat\/digital\/wp-content\/uploads\/usu2317\/2025\/01\/Google-Drive-for-Beginners-300x169.png 300w, https:\/\/projectes.xtec.cat\/digital\/wp-content\/uploads\/usu2317\/2025\/01\/Google-Drive-for-Beginners-768x432.png 768w, https:\/\/projectes.xtec.cat\/digital\/wp-content\/uploads\/usu2317\/2025\/01\/Google-Drive-for-Beginners.png 1200w\" sizes=\"auto, (max-width: 1024px) 100vw, 1024px\" \/><\/a><\/figure>\n\n\n\n<p>El compte XTEC t\u00e9 una quota d&#8217;espai d&#8217;emmagatzematge segons el tipus de perfil de l&#8217;usuari:<\/p>\n\n\n\n<ul class=\"wp-block-list\">\n<li>Docents en actiu: <strong>50 GB<\/strong>.<\/li>\n\n\n\n<li>Docents jubilats: <strong>15 GB<\/strong> (quota no aplicada encara).<\/li>\n\n\n\n<li>Centres educatius: <strong>5 TB<\/strong> (quota no aplicada encara). Comptes tipus a5551234@xtec.cat (o \u00e0lies: ies-sabadell@xtec.cat).<\/li>\n<\/ul>\n\n\n\n<p>Abans del curs 2023-24 no s&#8217;aplicava cap quota, el que va derivar en usos excessius, sense relaci\u00f3 amb la pr\u00e0ctica docent.<\/p>\n\n\n\n<p>En el curs 2023-24 es va iniciar un proc\u00e9s de regulaci\u00f3 d&#8217;aquest espai, que busca la racionalitzaci\u00f3 dels recursos. Les actuacions han sigut: <\/p>\n\n\n\n<ol class=\"wp-block-list\">\n<li>Reducci\u00f3 progressiva de la quota per ajustar-la a les necessitats reals de la pr\u00e0ctica docent.<\/li>\n\n\n\n<li>Restringir la creaci\u00f3 d&#8217;unitats compartides als docents.<\/li>\n<\/ol>\n\n\n\n<div style=\"height:26px\" aria-hidden=\"true\" class=\"wp-block-spacer\"><\/div>\n\n\n\n<h2 class=\"wp-block-heading\">Bones pr\u00e0ctiques<\/h2>\n\n\n\n<ul class=\"wp-block-list\">\n<li>Utilitzeu una carpeta <strong>A esborrar<\/strong>, per aquells documents i arxius que ja sabeu (en el moment d&#8217;afegir-los al Drive) que nom\u00e9s els fareu servir puntualment una vegada. Com que s\u00f3n documents i arxius que ja estan classificats, podeu eliminar la carpeta directament i crear-la de nou. <\/li>\n\n\n\n<li>Reviseu peri\u00f2dicament els arxius que ocupen m\u00e9s espai, especialment els v\u00eddeos i les fotografies a alta resoluci\u00f3. Podeu anar a l&#8217;apartat <strong>Emmagatzematge<\/strong> i filtreu per tipus d&#8217;arxiu. Podeu ordenar per ordre descendent per identificar els arxius que m\u00e9s ocupen:<\/li>\n<\/ul>\n\n\n\n<figure class=\"wp-block-image size-large\"><a href=\"https:\/\/projectes.xtec.cat\/digital\/wp-content\/uploads\/usu2317\/2025\/06\/videos.png\"><img loading=\"lazy\" decoding=\"async\" width=\"1024\" height=\"630\" src=\"https:\/\/projectes.xtec.cat\/digital\/wp-content\/uploads\/usu2317\/2025\/06\/videos-1024x630.png\" alt=\"\" class=\"wp-image-36659\" srcset=\"https:\/\/projectes.xtec.cat\/digital\/wp-content\/uploads\/usu2317\/2025\/06\/videos-1024x630.png 1024w, https:\/\/projectes.xtec.cat\/digital\/wp-content\/uploads\/usu2317\/2025\/06\/videos-300x185.png 300w, https:\/\/projectes.xtec.cat\/digital\/wp-content\/uploads\/usu2317\/2025\/06\/videos-768x473.png 768w, https:\/\/projectes.xtec.cat\/digital\/wp-content\/uploads\/usu2317\/2025\/06\/videos-1536x946.png 1536w, https:\/\/projectes.xtec.cat\/digital\/wp-content\/uploads\/usu2317\/2025\/06\/videos-2048x1261.png 2048w\" sizes=\"auto, (max-width: 1024px) 100vw, 1024px\" \/><\/a><\/figure>\n\n\n\n<h2 class=\"wp-block-heading\">Preguntes freq\u00fcents<\/h2>\n\n\n\n<div class=\"wp-block-getwid-accordion has-icon-left\" data-active-element=\"none\">\n<div class=\"wp-block-getwid-accordion__header-wrapper\"><span class=\"wp-block-getwid-accordion__header\"><a href=\"#\"><span class=\"wp-block-getwid-accordion__header-title\">Com puc alliberar espai? <\/span><span class=\"wp-block-getwid-accordion__icon is-active\"><i class=\"far fa-question-circle\"><\/i><\/span><span class=\"wp-block-getwid-accordion__icon is-passive\"><i class=\"fas fa-chevron-up\"><\/i><\/span><\/a><\/span><\/div><div class=\"wp-block-getwid-accordion__content-wrapper\"><div class=\"wp-block-getwid-accordion__content\">\n<p>Pots consultar <a rel=\"noreferrer noopener\" href=\"https:\/\/drive.google.com\/drive\/quota\" data-type=\"URL\" data-id=\"https:\/\/drive.google.com\/drive\/quota\" target=\"_blank\">l&#8217;\u00fas que est\u00e0s fent de l&#8217;emmagatzamatge<\/a> i veure quins arxius ocupen m\u00e9s espai i eliminar aquells que ja no necessitis. <\/p>\n\n\n\n<figure class=\"wp-block-image size-large\"><a href=\"https:\/\/projectes.xtec.cat\/digital\/wp-content\/uploads\/usu2317\/2023\/12\/drive.jpg\"><img loading=\"lazy\" decoding=\"async\" width=\"1024\" height=\"430\" src=\"https:\/\/projectes.xtec.cat\/digital\/wp-content\/uploads\/usu2317\/2023\/12\/drive-1024x430.jpg\" alt=\"captura de \u00fas d'espai\" class=\"wp-image-21174\" srcset=\"https:\/\/projectes.xtec.cat\/digital\/wp-content\/uploads\/usu2317\/2023\/12\/drive-1024x430.jpg 1024w, https:\/\/projectes.xtec.cat\/digital\/wp-content\/uploads\/usu2317\/2023\/12\/drive-300x126.jpg 300w, https:\/\/projectes.xtec.cat\/digital\/wp-content\/uploads\/usu2317\/2023\/12\/drive-768x322.jpg 768w, https:\/\/projectes.xtec.cat\/digital\/wp-content\/uploads\/usu2317\/2023\/12\/drive.jpg 1504w\" sizes=\"auto, (max-width: 1024px) 100vw, 1024px\" \/><\/a><\/figure>\n\n\n\n<p>Tamb\u00e9 pots identificar els arxius i documents m\u00e9s antics ordenant per data.<\/p>\n\n\n\n<figure class=\"wp-block-image size-large\"><a href=\"https:\/\/projectes.xtec.cat\/digital\/wp-content\/uploads\/usu2317\/2023\/12\/drive2.jpg\"><img loading=\"lazy\" decoding=\"async\" width=\"1024\" height=\"544\" src=\"https:\/\/projectes.xtec.cat\/digital\/wp-content\/uploads\/usu2317\/2023\/12\/drive2-1024x544.jpg\" alt=\"captura \u00fas\" class=\"wp-image-21175\" srcset=\"https:\/\/projectes.xtec.cat\/digital\/wp-content\/uploads\/usu2317\/2023\/12\/drive2-1024x544.jpg 1024w, https:\/\/projectes.xtec.cat\/digital\/wp-content\/uploads\/usu2317\/2023\/12\/drive2-300x159.jpg 300w, https:\/\/projectes.xtec.cat\/digital\/wp-content\/uploads\/usu2317\/2023\/12\/drive2-768x408.jpg 768w, https:\/\/projectes.xtec.cat\/digital\/wp-content\/uploads\/usu2317\/2023\/12\/drive2.jpg 1422w\" sizes=\"auto, (max-width: 1024px) 100vw, 1024px\" \/><\/a><\/figure>\n\n\n\n<p>Trobar\u00e0s m\u00e9s informaci\u00f3 de com alliberar espai en els diferents serveis en el seg\u00fcent enlla\u00e7: <a rel=\"noreferrer noopener\" href=\"https:\/\/support.google.com\/a\/users\/answer\/14300711\" target=\"_blank\">https:\/\/support.google.com\/a\/users\/answer\/14300711<\/a><\/p>\n\n\n\n<p>Revisa les fotografies i v\u00eddeos i elimina tots aquells arxius multimedia que siguin personals sense relaci\u00f3 amb el centre educatiu. <\/p>\n\n\n\n<p><a href=\"https:\/\/photos.google.com\/quotamanagement\">https:\/\/photos.google.com\/quotamanagement<\/a><\/p>\n<\/div><\/div>\n\n\n\n<div class=\"wp-block-getwid-accordion__header-wrapper\"><span class=\"wp-block-getwid-accordion__header\"><a href=\"#\"><span class=\"wp-block-getwid-accordion__header-title\">Estic eliminant arxius, per\u00f2 el proc\u00e9s de revisi\u00f3 \u00e9s lent, qu\u00e8 puc fer? <\/span><span class=\"wp-block-getwid-accordion__icon is-active\"><i class=\"far fa-question-circle\"><\/i><\/span><span class=\"wp-block-getwid-accordion__icon is-passive\"><i class=\"fas fa-chevron-up\"><\/i><\/span><\/a><\/span><\/div><div class=\"wp-block-getwid-accordion__content-wrapper\"><div class=\"wp-block-getwid-accordion__content\">\n<p>Descarrega tot el contingut a un dispositiu d&#8217;emmagatzematge f\u00edsic (disc dur) fent servir l&#8217;aplicaci\u00f3 <a href=\"https:\/\/takeout.google.com\/\" data-type=\"link\" data-id=\"https:\/\/takeout.google.com\/\">Google takeout<\/a>. Tria els serveis i aplicacions que vulguis descarregar (ex. Drive, Photos, etc). <\/p>\n\n\n\n<p>Una vegada descarregat tot el contingut, allibera espai del teu compte. <br>Una vegada feta la revisi\u00f3 del contingut en el teu disc dur, pots tornar a afegir el contingut que necessitis per a la teva pr\u00e0ctica docent del curs actual. <\/p>\n<\/div><\/div>\n\n\n\n<div class=\"wp-block-getwid-accordion__header-wrapper\"><span class=\"wp-block-getwid-accordion__header\"><a href=\"#\"><span class=\"wp-block-getwid-accordion__header-title\">Elimino arxius, per\u00f2 l&#8217;espai utilitzat no canvia<\/span><span class=\"wp-block-getwid-accordion__icon is-active\"><i class=\"far fa-question-circle\"><\/i><\/span><span class=\"wp-block-getwid-accordion__icon is-passive\"><i class=\"fas fa-chevron-up\"><\/i><\/span><\/a><\/span><\/div><div class=\"wp-block-getwid-accordion__content-wrapper\"><div class=\"wp-block-getwid-accordion__content\">\n<p>Despr\u00e9s d&#8217;eliminar els arxius, <strong>buideu la paperera<\/strong>. <\/p>\n\n\n\n<p>De vegades, l&#8217;indicador d&#8217;espai utilitzat pot trigar uns minuts o unes hores en actualitzar-se. <\/p>\n<\/div><\/div>\n\n\n\n<div class=\"wp-block-getwid-accordion__header-wrapper\"><span class=\"wp-block-getwid-accordion__header\"><a href=\"#\"><span class=\"wp-block-getwid-accordion__header-title\">Tot el que tinc \u00e9s material docent i ja em passo dels 50 GB, qu\u00e8 puc fer? <\/span><span class=\"wp-block-getwid-accordion__icon is-active\"><i class=\"far fa-question-circle\"><\/i><\/span><span class=\"wp-block-getwid-accordion__icon is-passive\"><i class=\"fas fa-chevron-up\"><\/i><\/span><\/a><\/span><\/div><div class=\"wp-block-getwid-accordion__content-wrapper\"><div class=\"wp-block-getwid-accordion__content\">\n<p>Cal reservar l&#8217;espai disponible pels materials i recursos que es facin servir <strong>durant el curs actual<\/strong>, movent els continguts de cursos anteriors al servidor de centre, a un servei en el n\u00favol, o a un disc dur extern. <\/p>\n\n\n\n<p>\ud83d\udc49 En el cas de recursos que puguin ser d&#8217;inter\u00e8s per tot el centre, podeu consultar amb la direcci\u00f3 del centre si podeu allotjar recursos a les unitats compartides del seu compte de centre. Les unitats compartides en un compte de centre tenen una quota total de 3TB. <\/p>\n<\/div><\/div>\n\n\n\n<div class=\"wp-block-getwid-accordion__header-wrapper\"><span class=\"wp-block-getwid-accordion__header\"><a href=\"#\"><span class=\"wp-block-getwid-accordion__header-title\">Estic ocupant m\u00e9s espai dels 50 GB, qu\u00e8 passa si no baixo d&#8217;aquesta quota? <\/span><span class=\"wp-block-getwid-accordion__icon is-active\"><i class=\"far fa-question-circle\"><\/i><\/span><span class=\"wp-block-getwid-accordion__icon is-passive\"><i class=\"fas fa-chevron-up\"><\/i><\/span><\/a><\/span><\/div><div class=\"wp-block-getwid-accordion__content-wrapper\"><div class=\"wp-block-getwid-accordion__content\">\n<ul class=\"wp-block-list\">\n<li>A partir de l&#8217;1 de setembre de 2026 no podr\u00e0s afegir m\u00e9s continguts en el servei de Google Drive fins que baixis dels 50 GB.<\/li>\n<\/ul>\n<\/div><\/div>\n\n\n\n<div class=\"wp-block-getwid-accordion__header-wrapper\"><span class=\"wp-block-getwid-accordion__header\"><a href=\"#\"><span class=\"wp-block-getwid-accordion__header-title\">He alliberat espai, per\u00f2 encara surt el missatge indicant que estic ocupant el 100% de l&#8217;espai disponible<\/span><span class=\"wp-block-getwid-accordion__icon is-active\"><i class=\"far fa-question-circle\"><\/i><\/span><span class=\"wp-block-getwid-accordion__icon is-passive\"><i class=\"fas fa-chevron-up\"><\/i><\/span><\/a><\/span><\/div><div class=\"wp-block-getwid-accordion__content-wrapper\"><div class=\"wp-block-getwid-accordion__content\">\n<p>Si no superes el l\u00edmit de 50 GB d&#8217;\u00fas d&#8217;emmagatzematge no \u00e9s necessari que facis cap acci\u00f3 m\u00e9s.<\/p>\n<\/div><\/div>\n\n\n\n<div class=\"wp-block-getwid-accordion__header-wrapper\"><span class=\"wp-block-getwid-accordion__header\"><a href=\"#\"><span class=\"wp-block-getwid-accordion__header-title\">Afectar\u00e0 els comptes dels centres i serveis educatius? <\/span><span class=\"wp-block-getwid-accordion__icon is-active\"><i class=\"far fa-question-circle\"><\/i><\/span><span class=\"wp-block-getwid-accordion__icon is-passive\"><i class=\"fas fa-chevron-up\"><\/i><\/span><\/a><\/span><\/div><div class=\"wp-block-getwid-accordion__content-wrapper\"><div class=\"wp-block-getwid-accordion__content\">\n<p>No. La quota de 50 GB nom\u00e9s aplica a comptes d&#8217;usuari personals.<\/p>\n<\/div><\/div>\n\n\n\n<div class=\"wp-block-getwid-accordion__header-wrapper\"><span class=\"wp-block-getwid-accordion__header\"><a href=\"#\"><span class=\"wp-block-getwid-accordion__header-title\">Una part dels continguts allotjats en el meu compte s\u00f3n documents i arxius del centre<\/span><span class=\"wp-block-getwid-accordion__icon is-active\"><i class=\"far fa-question-circle\"><\/i><\/span><span class=\"wp-block-getwid-accordion__icon is-passive\"><i class=\"fas fa-chevron-up\"><\/i><\/span><\/a><\/span><\/div><div class=\"wp-block-getwid-accordion__content-wrapper\"><div class=\"wp-block-getwid-accordion__content\">\n<p>Aquests continguts haurien d&#8217;estar allotjats en el compte XTEC del centre educatiu o, si en disposeu, d&#8217;un compte Google Worspace amb domini propi. <br>Poseu-vos en contacte amb el vostre equip directiu per moure els continguts des del vostre usuari personal a una <strong>unitat compartida del centre<\/strong>. El centre us pot proporcionar un perm\u00eds de gestor de contingut temporal en una unitat compartida del centre on poder moure el contingut.<\/p>\n<\/div><\/div>\n\n\n\n<div class=\"wp-block-getwid-accordion__header-wrapper\"><span class=\"wp-block-getwid-accordion__header\"><a href=\"#\"><span class=\"wp-block-getwid-accordion__header-title\">No he rebut cap correu, per\u00f2 m&#8217;apareix un av\u00eds que he exhaurit l&#8217;espai d&#8217;emmagatzematge, qu\u00e8 he de fer? <\/span><span class=\"wp-block-getwid-accordion__icon is-active\"><i class=\"far fa-question-circle\"><\/i><\/span><span class=\"wp-block-getwid-accordion__icon is-passive\"><i class=\"fas fa-chevron-up\"><\/i><\/span><\/a><\/span><\/div><div class=\"wp-block-getwid-accordion__content-wrapper\"><div class=\"wp-block-getwid-accordion__content\">\n<p>Aquest av\u00eds fa refer\u00e8ncia a l&#8217;espai usat per tota l&#8217;organitzaci\u00f3 i apareix puntualment a diferents usuaris per animar-los a buidar contingut que ja no sigui \u00fatil. Si no excedeixes els 50 GB, pots aprofitar per buidar arxius que ja no facis servir i ajudar a optimitzar els recursos.<\/p>\n\n\n\n<p>\u26a0\ufe0f Recordeu que el compte XTEC nom\u00e9s es pot fer servir per usos professionals, tal com indiquen les <a href=\"https:\/\/xtec.gencat.cat\/ca\/condicions-us\">condicions d\u2019\u00fas<\/a>. No podeu allotjar v\u00eddeos, fotografies o d\u2019altres arxius que no estiguin relacionats amb la vostra pr\u00e0ctica docent.&nbsp;<\/p>\n<\/div><\/div>\n\n\n\n<div class=\"wp-block-getwid-accordion__header-wrapper\"><span class=\"wp-block-getwid-accordion__header\"><a href=\"#\"><span class=\"wp-block-getwid-accordion__header-title\">Tinc una especialitat i treballo en un centre que imparteix estudis d&#8217;arts pl\u00e0stiques o audiovisuals. Puc demanar m\u00e9s espai? <\/span><span class=\"wp-block-getwid-accordion__icon is-active\"><i class=\"far fa-question-circle\"><\/i><\/span><span class=\"wp-block-getwid-accordion__icon is-passive\"><i class=\"fas fa-chevron-up\"><\/i><\/span><\/a><\/span><\/div><div class=\"wp-block-getwid-accordion__content-wrapper\"><div class=\"wp-block-getwid-accordion__content\">\n<p>Us heu de posar en contacte amb la direcci\u00f3 del vostre centre i demanar que us habiliti un directori dins d&#8217;una unitat compartida de centre. <\/p>\n\n\n\n<p>M\u00e9s informaci\u00f3: <a href=\"https:\/\/projectes.xtec.cat\/digital\/serveis-digitals\/la-meva-xtec\/us-unitats-compartides-de-centre#docents-mes-espai\">https:\/\/projectes.xtec.cat\/digital\/serveis-digitals\/la-meva-xtec\/us-unitats-compartides-de-centre#docents-mes-espai<\/a><\/p>\n<\/div><\/div>\n<\/div>\n<\/div><\/div><\/div><\/div><\/div>\n\n\n\n<div style=\"height:100px\" aria-hidden=\"true\" class=\"wp-block-spacer\"><\/div>\n","protected":false},"excerpt":{"rendered":"","protected":false},"author":1,"featured_media":0,"parent":20746,"menu_order":0,"comment_status":"closed","ping_status":"close","template":"","meta":{"site-sidebar-layout":"default","site-content-layout":"","ast-site-content-layout":"default","site-content-style":"default","site-sidebar-style":"default","ast-global-header-display":"","ast-banner-title-visibility":"","ast-main-header-display":"","ast-hfb-above-header-display":"","ast-hfb-below-header-display":"","ast-hfb-mobile-header-display":"","site-post-title":"","ast-breadcrumbs-content":"","ast-featured-img":"","footer-sml-layout":"","theme-transparent-header-meta":"","adv-header-id-meta":"","stick-header-meta":"","header-above-stick-meta":"","header-main-stick-meta":"","header-below-stick-meta":"","astra-migrate-meta-layouts":"set","ast-page-background-enabled":"default","ast-page-background-meta":{"desktop":{"background-color":"var(--ast-global-color-4)","background-image":"","background-repeat":"repeat","background-position":"center center","background-size":"auto","background-attachment":"scroll","background-type":"","background-media":"","overlay-type":"","overlay-color":"","overlay-opacity":"","overlay-gradient":""},"tablet":{"background-color":"","background-image":"","background-repeat":"repeat","background-position":"center center","background-size":"auto","background-attachment":"scroll","background-type":"","background-media":"","overlay-type":"","overlay-color":"","overlay-opacity":"","overlay-gradient":""},"mobile":{"background-color":"","background-image":"","background-repeat":"repeat","background-position":"center center","background-size":"auto","background-attachment":"scroll","background-type":"","background-media":"","overlay-type":"","overlay-color":"","overlay-opacity":"","overlay-gradient":""}},"ast-content-background-meta":{"desktop":{"background-color":"var(--ast-global-color-5)","background-image":"","background-repeat":"repeat","background-position":"center center","background-size":"auto","background-attachment":"scroll","background-type":"","background-media":"","overlay-type":"","overlay-color":"","overlay-opacity":"","overlay-gradient":""},"tablet":{"background-color":"var(--ast-global-color-5)","background-image":"","background-repeat":"repeat","background-position":"center center","background-size":"auto","background-attachment":"scroll","background-type":"","background-media":"","overlay-type":"","overlay-color":"","overlay-opacity":"","overlay-gradient":""},"mobile":{"background-color":"var(--ast-global-color-5)","background-image":"","background-repeat":"repeat","background-position":"center center","background-size":"auto","background-attachment":"scroll","background-type":"","background-media":"","overlay-type":"","overlay-color":"","overlay-opacity":"","overlay-gradient":""}},"footnotes":""},"class_list":["post-20742","page","type-page","status-publish","hentry"],"post_mailing_queue_ids":[],"_links":{"self":[{"href":"https:\/\/projectes.xtec.cat\/digital\/wp-json\/wp\/v2\/pages\/20742","targetHints":{"allow":["GET"]}}],"collection":[{"href":"https:\/\/projectes.xtec.cat\/digital\/wp-json\/wp\/v2\/pages"}],"about":[{"href":"https:\/\/projectes.xtec.cat\/digital\/wp-json\/wp\/v2\/types\/page"}],"author":[{"embeddable":true,"href":"https:\/\/projectes.xtec.cat\/digital\/wp-json\/wp\/v2\/users\/1"}],"replies":[{"embeddable":true,"href":"https:\/\/projectes.xtec.cat\/digital\/wp-json\/wp\/v2\/comments?post=20742"}],"version-history":[{"count":6,"href":"https:\/\/projectes.xtec.cat\/digital\/wp-json\/wp\/v2\/pages\/20742\/revisions"}],"predecessor-version":[{"id":38477,"href":"https:\/\/projectes.xtec.cat\/digital\/wp-json\/wp\/v2\/pages\/20742\/revisions\/38477"}],"up":[{"embeddable":true,"href":"https:\/\/projectes.xtec.cat\/digital\/wp-json\/wp\/v2\/pages\/20746"}],"wp:attachment":[{"href":"https:\/\/projectes.xtec.cat\/digital\/wp-json\/wp\/v2\/media?parent=20742"}],"curies":[{"name":"wp","href":"https:\/\/api.w.org\/{rel}","templated":true}]}}