{"id":20746,"date":"2023-12-14T10:54:42","date_gmt":"2023-12-14T09:54:42","guid":{"rendered":"https:\/\/projectes.xtec.cat\/digital\/?page_id=20746"},"modified":"2025-11-29T14:12:05","modified_gmt":"2025-11-29T13:12:05","slug":"la-meva-xtec","status":"publish","type":"page","link":"https:\/\/projectes.xtec.cat\/digital\/serveis-digitals\/la-meva-xtec\/","title":{"rendered":"La meva XTEC"},"content":{"rendered":"\n<p class=\"has-medium-font-size\">La meva XTEC \u00e9s el nom de <a href=\"https:\/\/edu.google.com\/intl\/ALL_es\/\" data-type=\"URL\" data-id=\"https:\/\/edu.google.com\/intl\/ALL_es\/\">Google Workspace<\/a> en el domini xtec.cat, que proporciona els serveis: <\/p>\n\n\n\n<div class=\"wp-block-getwid-section alignfull alignwide alignwide\"><div class=\"wp-block-getwid-section__wrapper getwid-align-items-flex-start\"><div class=\"wp-block-getwid-section__inner-wrapper\"><div class=\"wp-block-getwid-section__background-holder\"><div class=\"wp-block-getwid-section__background\"><\/div><div class=\"wp-block-getwid-section__foreground\"><\/div><\/div><div class=\"wp-block-getwid-section__content\"><div class=\"wp-block-getwid-section__inner-content\">\n<div class=\"wp-block-columns is-layout-flex wp-container-core-columns-is-layout-1 wp-block-columns-is-layout-flex\">\n<div class=\"wp-block-column is-layout-flow wp-block-column-is-layout-flow\">\n<figure class=\"wp-block-image aligncenter size-full is-resized\"><img loading=\"lazy\" decoding=\"async\" width=\"115\" height=\"91\" src=\"https:\/\/projectes.xtec.cat\/digital\/wp-content\/uploads\/usu2317\/2024\/01\/logo-gmail-1.jpg\" alt=\"\" class=\"wp-image-21374\" style=\"aspect-ratio:4\/3;object-fit:cover;width:76px;height:auto\"\/><\/figure>\n\n\n\n<div class=\"wp-block-getwid-advanced-heading\" style=\"margin-bottom:10px\"><h3 class=\"wp-block-getwid-advanced-heading__content\" style=\"text-align:center\"><strong>Gmail XTEC<\/strong><\/h3><\/div>\n\n\n\n<p class=\"has-text-align-center\" style=\"padding-top:0;padding-bottom:0;line-height:1.3\">Servei de correu electr\u00f2nic per als docents. El correu XTEC \u00e9s l&#8217;eina de comunicaci\u00f3 amb l&#8217;equip docent i l&#8217;alumnat.<\/p>\n<\/div>\n\n\n\n<div class=\"wp-block-column is-layout-flow wp-block-column-is-layout-flow\">\n<figure class=\"wp-block-image aligncenter size-full is-resized\"><img loading=\"lazy\" decoding=\"async\" width=\"170\" height=\"159\" src=\"https:\/\/projectes.xtec.cat\/digital\/wp-content\/uploads\/usu2317\/2024\/01\/logo-meet-2.jpg\" alt=\"\" class=\"wp-image-21372\" style=\"aspect-ratio:1.069182389937107;width:57px;height:auto\"\/><\/figure>\n\n\n\n<div class=\"wp-block-getwid-advanced-heading\" style=\"margin-bottom:10px\"><h3 class=\"wp-block-getwid-advanced-heading__content\" style=\"text-align:center\"><strong><strong>Meet XTEC<\/strong><\/strong><\/h3><\/div>\n\n\n\n<p class=\"has-text-align-center\" style=\"padding-top:0;padding-bottom:0;line-height:1.3\">Servei de videoconfer\u00e8ncia a disposici\u00f3 de l&#8217;equip docent del centre, per facilitar la coordinaci\u00f3 de les tasques educatives i de gesti\u00f3 del centre.<\/p>\n<\/div>\n\n\n\n<div class=\"wp-block-column is-layout-flow wp-block-column-is-layout-flow\">\n<figure class=\"wp-block-image aligncenter size-full is-resized\"><img loading=\"lazy\" decoding=\"async\" width=\"141\" height=\"139\" src=\"https:\/\/projectes.xtec.cat\/digital\/wp-content\/uploads\/usu2317\/2024\/01\/logo-calendar.jpg\" alt=\"\" class=\"wp-image-21352\" style=\"aspect-ratio:1.014388489208633;object-fit:cover;width:53px\"\/><\/figure>\n\n\n\n<div class=\"wp-block-getwid-advanced-heading\" style=\"margin-bottom:10px\"><h3 class=\"wp-block-getwid-advanced-heading__content\" style=\"text-align:center\"><strong><strong>Calendar XTEC<\/strong><\/strong><\/h3><\/div>\n\n\n\n<p class=\"has-text-align-center\" style=\"padding-top:0;padding-bottom:0;line-height:1.3\">Agenda per l&#8217;organitzaci\u00f3 de la doc\u00e8ncia i el funcionament del centre educatiu.<\/p>\n<\/div>\n\n\n\n<div class=\"wp-block-column is-layout-flow wp-block-column-is-layout-flow\">\n<figure class=\"wp-block-image aligncenter size-full is-resized\"><img loading=\"lazy\" decoding=\"async\" width=\"103\" height=\"90\" src=\"https:\/\/projectes.xtec.cat\/digital\/wp-content\/uploads\/usu2317\/2023\/12\/contactes-e1705407019483.png\" alt=\"\" class=\"wp-image-21161\" style=\"aspect-ratio:0.8066666666666666;object-fit:cover;width:43px\"\/><\/figure>\n\n\n\n<div class=\"wp-block-getwid-advanced-heading\" style=\"margin-bottom:10px\"><h3 class=\"wp-block-getwid-advanced-heading__content\" style=\"text-align:center\"><strong><strong>Contactes XTEC<\/strong><\/strong><\/h3><\/div>\n\n\n\n<p class=\"has-text-align-center\" style=\"padding-top:0;padding-bottom:0;line-height:1.3\">Servei de correu electr\u00f2nic per als docents. El correu XTEC \u00e9s l&#8217;eina de comunicaci\u00f3 amb l&#8217;equip docent i l&#8217;alumnat.<\/p>\n<\/div>\n<\/div>\n\n\n\n<div style=\"height:48px\" aria-hidden=\"true\" class=\"wp-block-spacer\"><\/div>\n\n\n\n<div class=\"wp-block-columns is-layout-flex wp-container-core-columns-is-layout-2 wp-block-columns-is-layout-flex\">\n<div class=\"wp-block-column is-layout-flow wp-block-column-is-layout-flow\">\n<figure class=\"wp-block-image aligncenter size-full is-resized\"><img loading=\"lazy\" decoding=\"async\" width=\"319\" height=\"272\" src=\"https:\/\/projectes.xtec.cat\/digital\/wp-content\/uploads\/usu2317\/2024\/01\/logo-drive-1.jpg\" alt=\"\" class=\"wp-image-21347\" style=\"aspect-ratio:1.1727941176470589;object-fit:cover;width:62px;height:auto\" srcset=\"https:\/\/projectes.xtec.cat\/digital\/wp-content\/uploads\/usu2317\/2024\/01\/logo-drive-1.jpg 319w, https:\/\/projectes.xtec.cat\/digital\/wp-content\/uploads\/usu2317\/2024\/01\/logo-drive-1-300x256.jpg 300w\" sizes=\"auto, (max-width: 319px) 100vw, 319px\" \/><\/figure>\n\n\n\n<div class=\"wp-block-getwid-advanced-heading\" style=\"margin-bottom:10px\"><h3 class=\"wp-block-getwid-advanced-heading__content\" style=\"text-align:center\"><strong>Drive XTEC<\/strong><\/h3><\/div>\n\n\n\n<p class=\"has-text-align-center\" style=\"padding-top:0;padding-bottom:0;line-height:1.3\">Servei d&#8217;emmagatzematge del material educatiu dels docents, amb una capacitat de 100 GB.<\/p>\n<\/div>\n\n\n\n<div class=\"wp-block-column is-layout-flow wp-block-column-is-layout-flow\">\n<figure class=\"wp-block-image aligncenter size-full is-resized\"><img loading=\"lazy\" decoding=\"async\" width=\"259\" height=\"241\" src=\"https:\/\/projectes.xtec.cat\/digital\/wp-content\/uploads\/usu2317\/2024\/01\/chat-google.jpg\" alt=\"\" class=\"wp-image-21361\" style=\"aspect-ratio:1.0746887966804979;object-fit:cover;width:58px;height:auto\"\/><\/figure>\n\n\n\n<div class=\"wp-block-getwid-advanced-heading\" style=\"margin-bottom:10px\"><h3 class=\"wp-block-getwid-advanced-heading__content\" style=\"text-align:center\"><strong><strong>Chat XTEC<\/strong><\/strong><\/h3><\/div>\n\n\n\n<p class=\"has-text-align-center has-small-font-size\">Servei de comunicaci\u00f3 instant\u00e0nia entre tots els membres de l&#8217;equip docent.<\/p>\n<\/div>\n\n\n\n<div class=\"wp-block-column is-layout-flow wp-block-column-is-layout-flow\">\n<figure class=\"wp-block-image aligncenter size-full is-resized\"><img loading=\"lazy\" decoding=\"async\" width=\"654\" height=\"899\" src=\"https:\/\/projectes.xtec.cat\/digital\/wp-content\/uploads\/usu2317\/2024\/01\/Google_Docs_2020_Logo.svg.png\" alt=\"\" class=\"wp-image-21435\" style=\"aspect-ratio:0.75;object-fit:cover;width:38px;height:auto\" srcset=\"https:\/\/projectes.xtec.cat\/digital\/wp-content\/uploads\/usu2317\/2024\/01\/Google_Docs_2020_Logo.svg.png 654w, https:\/\/projectes.xtec.cat\/digital\/wp-content\/uploads\/usu2317\/2024\/01\/Google_Docs_2020_Logo.svg-218x300.png 218w\" sizes=\"auto, (max-width: 654px) 100vw, 654px\" \/><\/figure>\n\n\n\n<div class=\"wp-block-getwid-advanced-heading\" style=\"margin-bottom:10px\"><h3 class=\"wp-block-getwid-advanced-heading__content\" style=\"text-align:center\"><strong>Documents XTEC<\/strong><\/h3><\/div>\n\n\n\n<p class=\"has-text-align-center\" style=\"padding-top:0;padding-bottom:0;line-height:1.3\">Emmagatzematge dels contactes de l&#8217;equip docent. <\/p>\n<\/div>\n\n\n\n<div class=\"wp-block-column is-layout-flow wp-block-column-is-layout-flow\">\n<figure class=\"wp-block-image aligncenter size-full is-resized\"><img loading=\"lazy\" decoding=\"async\" width=\"191\" height=\"263\" src=\"https:\/\/projectes.xtec.cat\/digital\/wp-content\/uploads\/usu2317\/2024\/01\/logo-full-calcul-2.png\" alt=\"\" class=\"wp-image-21433\" style=\"aspect-ratio:0.75;object-fit:cover;width:38px;height:auto\"\/><\/figure>\n\n\n\n<div class=\"wp-block-getwid-advanced-heading\" style=\"margin-bottom:10px\"><h3 class=\"wp-block-getwid-advanced-heading__content\" style=\"text-align:center\"><strong><strong>Fulls de c\u00e0lcul XTEC<\/strong><\/strong><\/h3><\/div>\n\n\n\n<p class=\"has-text-align-center\" style=\"padding-top:0;padding-bottom:0;line-height:1.3\">Creaci\u00f3 de fulls de c\u00e0lcul per compartir amb altres docents o alumnat.<\/p>\n<\/div>\n<\/div>\n<\/div><\/div><\/div><\/div><\/div>\n\n\n\n<div style=\"height:58px\" aria-hidden=\"true\" class=\"wp-block-spacer\"><\/div>\n\n\n\n<div class=\"wp-block-getwid-section alignwide alignfull alignfull\"><div class=\"wp-block-getwid-section__wrapper\"><div class=\"wp-block-getwid-section__inner-wrapper\"><div class=\"wp-block-getwid-section__background-holder\"><div class=\"wp-block-getwid-section__background has-background has-ast-global-color-4-background-color\"><\/div><div class=\"wp-block-getwid-section__foreground\"><\/div><\/div><div class=\"wp-block-getwid-section__content\"><div class=\"wp-block-getwid-section__inner-content\">\n<div style=\"height:80px\" aria-hidden=\"true\" class=\"wp-block-spacer\"><\/div>\n\n\n\n<h2 class=\"wp-block-heading\">Sobre els comptes XTEC<\/h2>\n\n\n\n<div class=\"wp-block-columns is-layout-flex wp-container-core-columns-is-layout-3 wp-block-columns-is-layout-flex\">\n<div class=\"wp-block-column caixa-link is-layout-flow wp-block-column-is-layout-flow\" id=\"https:\/\/projectes.xtec.cat\/digital\/serveis-digitals\/la-meva-xtec\/aplicacio-de-quotes-demmagatzematge\/\">\n<h2 class=\"wp-block-heading\" style=\"font-size:25px\">Emmagatzematge<\/h2>\n\n\n\n<p>Quotes i full de ruta per a la sostenibilitat de l&#8217;espai d&#8217;emmagatzematge XTEC<\/p>\n<\/div>\n\n\n\n<div class=\"wp-block-column caixa-link is-layout-flow wp-block-column-is-layout-flow\" id=\"https:\/\/projectes.xtec.cat\/digital\/serveis-digitals\/la-meva-xtec\/us-unitats-compartides-de-centre\/\">\n<h2 class=\"wp-block-heading\" style=\"font-size:25px;text-transform:none\">\u00das d\u2019unitats compartides de centre<\/h2>\n\n\n\n<p>Per organitzar els arxius i documents de centre<\/p>\n<\/div>\n\n\n\n<div class=\"wp-block-column caixa-link is-layout-flow wp-block-column-is-layout-flow\" id=\"https:\/\/edu.google.com\/intl\/ALL_es\/why-google\/privacy-security\/frequently-asked-questions\/\">\n<h2 class=\"wp-block-heading\" style=\"font-size:25px\">Preguntes freq\u00fcents de privacitat i seguretat<\/h2>\n\n\n\n<p>P\u00e0gina de Google on s&#8217;explica els seus compromisos amb la RGPD.<\/p>\n<\/div>\n\n\n\n<div class=\"wp-block-column caixa-link is-layout-flow wp-block-column-is-layout-flow\" id=\"https:\/\/projectes.xtec.cat\/digital\/serveis-digitals\/la-meva-xtec\/sobre-grups\/\">\n<h2 class=\"wp-block-heading\" style=\"font-size:25px\">Sobre els Grups<\/h2>\n\n\n\n<p>Com afegir membres i quina \u00e9s la visibilitat recomanada.<\/p>\n<\/div>\n<\/div>\n\n\n\n<div style=\"height:36px\" aria-hidden=\"true\" class=\"wp-block-spacer\"><\/div>\n\n\n\n<div class=\"wp-block-columns is-layout-flex wp-container-core-columns-is-layout-4 wp-block-columns-is-layout-flex\">\n<div class=\"wp-block-column caixa-link is-layout-flow wp-block-column-is-layout-flow\" style=\"flex-basis:24%\" id=\"https:\/\/projectes.xtec.cat\/digital\/serveis-digitals\/la-meva-xtec\/verificacio-en-dos-passos-del-compte-xtec\/\">\n<h2 class=\"wp-block-heading\" style=\"font-size:25px\">Configurar la verificaci\u00f3 en dues passes<\/h2>\n\n\n\n<p>Accedeix al teu compte XTEC amb m\u00e9s seguretat<\/p>\n<\/div>\n\n\n\n<div class=\"wp-block-column caixa gris is-layout-flow wp-block-column-is-layout-flow\" style=\"flex-basis:24%\" id=\"https:\/\/projectes.xtec.cat\/digital\/serveis-digitals\/la-meva-xtec\/verificacio-en-dos-passos-del-compte-xtec\/\">\n<h2 class=\"wp-block-heading\" style=\"font-size:25px\">Cicle de vida d&#8217;un compte XTEC<\/h2>\n\n\n\n<p>Creaci\u00f3, restabliment de contrasenyes i eliminaci\u00f3 del compte.<\/p>\n<\/div>\n<\/div>\n\n\n\n<div style=\"height:80px\" aria-hidden=\"true\" class=\"wp-block-spacer\"><\/div>\n<\/div><\/div><\/div><\/div><\/div>\n","protected":false},"excerpt":{"rendered":"<p>La meva XTEC \u00e9s el nom de Google Workspace en el domini xtec.cat, que proporciona els serveis:<\/p>\n","protected":false},"author":2,"featured_media":0,"parent":8706,"menu_order":0,"comment_status":"closed","ping_status":"close","template":"","meta":{"site-sidebar-layout":"default","site-content-layout":"","ast-site-content-layout":"default","site-content-style":"default","site-sidebar-style":"default","ast-global-header-display":"","ast-banner-title-visibility":"","ast-main-header-display":"","ast-hfb-above-header-display":"","ast-hfb-below-header-display":"","ast-hfb-mobile-header-display":"","site-post-title":"","ast-breadcrumbs-content":"","ast-featured-img":"","footer-sml-layout":"","theme-transparent-header-meta":"","adv-header-id-meta":"","stick-header-meta":"","header-above-stick-meta":"","header-main-stick-meta":"","header-below-stick-meta":"","astra-migrate-meta-layouts":"set","ast-page-background-enabled":"default","ast-page-background-meta":{"desktop":{"background-color":"var(--ast-global-color-4)","background-image":"","background-repeat":"repeat","background-position":"center center","background-size":"auto","background-attachment":"scroll","background-type":"","background-media":"","overlay-type":"","overlay-color":"","overlay-opacity":"","overlay-gradient":""},"tablet":{"background-color":"","background-image":"","background-repeat":"repeat","background-position":"center center","background-size":"auto","background-attachment":"scroll","background-type":"","background-media":"","overlay-type":"","overlay-color":"","overlay-opacity":"","overlay-gradient":""},"mobile":{"background-color":"","background-image":"","background-repeat":"repeat","background-position":"center center","background-size":"auto","background-attachment":"scroll","background-type":"","background-media":"","overlay-type":"","overlay-color":"","overlay-opacity":"","overlay-gradient":""}},"ast-content-background-meta":{"desktop":{"background-color":"var(--ast-global-color-5)","background-image":"","background-repeat":"repeat","background-position":"center center","background-size":"auto","background-attachment":"scroll","background-type":"","background-media":"","overlay-type":"","overlay-color":"","overlay-opacity":"","overlay-gradient":""},"tablet":{"background-color":"var(--ast-global-color-5)","background-image":"","background-repeat":"repeat","background-position":"center center","background-size":"auto","background-attachment":"scroll","background-type":"","background-media":"","overlay-type":"","overlay-color":"","overlay-opacity":"","overlay-gradient":""},"mobile":{"background-color":"var(--ast-global-color-5)","background-image":"","background-repeat":"repeat","background-position":"center center","background-size":"auto","background-attachment":"scroll","background-type":"","background-media":"","overlay-type":"","overlay-color":"","overlay-opacity":"","overlay-gradient":""}},"footnotes":""},"class_list":["post-20746","page","type-page","status-publish","hentry"],"post_mailing_queue_ids":[],"_links":{"self":[{"href":"https:\/\/projectes.xtec.cat\/digital\/wp-json\/wp\/v2\/pages\/20746","targetHints":{"allow":["GET"]}}],"collection":[{"href":"https:\/\/projectes.xtec.cat\/digital\/wp-json\/wp\/v2\/pages"}],"about":[{"href":"https:\/\/projectes.xtec.cat\/digital\/wp-json\/wp\/v2\/types\/page"}],"author":[{"embeddable":true,"href":"https:\/\/projectes.xtec.cat\/digital\/wp-json\/wp\/v2\/users\/2"}],"replies":[{"embeddable":true,"href":"https:\/\/projectes.xtec.cat\/digital\/wp-json\/wp\/v2\/comments?post=20746"}],"version-history":[{"count":6,"href":"https:\/\/projectes.xtec.cat\/digital\/wp-json\/wp\/v2\/pages\/20746\/revisions"}],"predecessor-version":[{"id":38032,"href":"https:\/\/projectes.xtec.cat\/digital\/wp-json\/wp\/v2\/pages\/20746\/revisions\/38032"}],"up":[{"embeddable":true,"href":"https:\/\/projectes.xtec.cat\/digital\/wp-json\/wp\/v2\/pages\/8706"}],"wp:attachment":[{"href":"https:\/\/projectes.xtec.cat\/digital\/wp-json\/wp\/v2\/media?parent=20746"}],"curies":[{"name":"wp","href":"https:\/\/api.w.org\/{rel}","templated":true}]}}