{"id":20778,"date":"2023-12-14T23:09:23","date_gmt":"2023-12-14T22:09:23","guid":{"rendered":"https:\/\/projectes.xtec.cat\/digital\/?page_id=20778"},"modified":"2024-01-01T19:58:00","modified_gmt":"2024-01-01T18:58:00","slug":"politica-de-galetes","status":"publish","type":"page","link":"https:\/\/projectes.xtec.cat\/digital\/politica-de-galetes\/","title":{"rendered":"Pol\u00edtica de galetes"},"content":{"rendered":"\n<div class=\"wp-block-getwid-section alignfull alignfull\"><div class=\"wp-block-getwid-section__wrapper\"><div class=\"wp-block-getwid-section__inner-wrapper\"><div class=\"wp-block-getwid-section__background-holder\"><div class=\"wp-block-getwid-section__background\"><\/div><div class=\"wp-block-getwid-section__foreground\"><\/div><\/div><div class=\"wp-block-getwid-section__content\"><div class=\"wp-block-getwid-section__inner-content\">\n<p>Al nostre web fem servir galetes. En cas que continu\u00efs navegant amb el teu navegador configurat per a acceptar galetes, entendrem que acceptes la instal\u00b7laci\u00f3 d\u2019aquestes tal com es detalla a la<strong> Pol\u00edtica de galetes<\/strong>.<\/p>\n\n\n\n<h2 class=\"wp-block-heading\">Informaci\u00f3 b\u00e0sica de galetes<\/h2>\n\n\n\n<h3 class=\"wp-block-heading\">Qu\u00e8 s\u00f3n les galetes?<\/h3>\n\n\n\n<p>Les galetes (cookies en angl\u00e8s) s\u00f3n petits arxius de text que s\u2019instal\u00b7len als equips des dels quals s\u2019accedeix al nostre lloc web. Poden guardar la identificaci\u00f3 de l\u2019usuari que visita el web i els llocs pels quals navega. Quan l\u2019usuari (vost\u00e8 en aquest cas) ens torna a visitar, es llegeixen les cookies per a identificar-lo i restablir les seves prefer\u00e8ncies o configuraci\u00f3 de navegaci\u00f3. Si un usuari no autoritza l\u2019\u00fas de les galetes, alguns serveis o funcionalitats del lloc web podrien no estar disponibles.<\/p>\n\n\n\n<h3 class=\"wp-block-heading\">Qu\u00e8 fan les galetes?<\/h3>\n\n\n\n<p>Les galetes no t\u2019identifiquen personalment i no suposes cap risc per al teu ordinador o dispositiu m\u00f2bil. No s\u00f3n virus ni programari espia. Simplement, s\u00f3n eines utilitzades per als llocs web que visites amb l\u2019objectiu de millorar la navegaci\u00f3.<\/p>\n\n\n\n<h3 class=\"wp-block-heading\">Com configurar\/desactivar les galetes<\/h3>\n\n\n\n<p>Generalment, els navegadors permeten l\u2019\u00fas de galetes per defecte. Quan navegues per <strong>projectes.xtec.cat\/digital <\/strong>est\u00e0s acceptant l\u2019\u00fas de les galetes. No obstant aix\u00f2, tu decideixes si vols navegar amb o sense galetes, ja que pots modificar les teves prefer\u00e8ncies en qualsevol moment. Pots trobar informaci\u00f3 sobre com fer-ho a:<\/p>\n\n\n\n<ul class=\"wp-block-list\">\n<li>Per a Firefox a&nbsp;<a href=\"https:\/\/support.mozilla.org\/ca\/kb\/Galetes\">https:\/\/support.mozilla.org\/ca\/kb\/Galetes<\/a><\/li>\n\n\n\n<li>Per a Chrome a&nbsp;<a href=\"https:\/\/support.google.com\/chrome\/answer\/95647?hl=ca\">https:\/\/support.google.com\/chrome\/answer\/95647?hl=ca<\/a><\/li>\n\n\n\n<li>Per a Internet Explorer a&nbsp;<a href=\"https:\/\/support.microsoft.com\/es-es\/windows\/eliminar-y-administrar-cookies-168dab11-0753-043d-7c16-ede5947fc64d\">https:\/\/support.microsoft.com\/es-es\/windows\/eliminar-y-administrar-cookies-168dab11-0753-043d-7c16-ede5947fc64d<\/a><\/li>\n\n\n\n<li>Per a Edge a&nbsp;<a href=\"https:\/\/privacy.microsoft.com\/es-es\/windows-10-microsoft-edge-and-privacy\">https:\/\/privacy.microsoft.com\/es-es\/windows-10-microsoft-edge-and-privacy<\/a><\/li>\n\n\n\n<li>Per a Safari a&nbsp;<a href=\"https:\/\/support.apple.com\/es-es\/guide\/safari\/sfri11471\/mac\">https:\/\/support.apple.com\/es-es\/guide\/safari\/sfri11471\/mac<\/a><\/li>\n\n\n\n<li>Per a Safari per a iOS a&nbsp;<a href=\"http:\/\/support.apple.com\/kb\/HT1677?viewlocale=es_ES&amp;locale=es_ES\">http:\/\/support.apple.com\/kb\/HT1677?viewlocale=es_ES&amp;locale=es_ES<\/a><\/li>\n\n\n\n<li>Per a Opera a [angl\u00e8s]&nbsp;<a href=\"https:\/\/www.opera.com\/help\/tutorials\/security\/privacy\/\">https:\/\/www.opera.com\/help\/tutorials\/security\/privacy\/<\/a><\/li>\n<\/ul>\n\n\n\n<h3 class=\"wp-block-heading\">Identificaci\u00f3 de galetes utilitzades<\/h3>\n\n\n\n<p>A continuaci\u00f3 et mostrem les galetes utilitzades i la seva funci\u00f3:<\/p>\n\n\n\n<ul class=\"wp-block-list\">\n<li><strong>wordpress_logged_in<\/strong>: permet identificar a l&#8217;usuari per mostrar el seu perfil i permetre una navegaci\u00f3 adaptada al seu perfil i rol. <\/li>\n\n\n\n<li><strong>wordpress_sec<\/strong>: proporciona seguretat contra robatori de dades del compte.<\/li>\n\n\n\n<li><strong>wordpress_test_cookie<\/strong>: cookie que comprova si es poden emmagatzemar cookies en el navegador. <\/li>\n\n\n\n<li><strong>wp-settings-{user}<\/strong>: S&#8217;utilitza per personalitzar la vista de la interf\u00edcie d&#8217;administraci\u00f3 i, possiblement, tamb\u00e9 la interf\u00edcie principal del lloc.<\/li>\n\n\n\n<li><strong>wp-settings-time-{user}<\/strong>: Hora en la qual es va establir la cookie wp-settings-{user}<\/li>\n\n\n\n<li><strong>koko_analytics_pages_viewed<\/strong>: Aquesta galeta s&#8217;utilitza per detectar de manera fiable les p\u00e0gines vistes \u00faniques i els visitants recurrents sense haver d&#8217;emmagatzemar cap informaci\u00f3 personal al vostre servidor.<\/li>\n<\/ul>\n<\/div><\/div><\/div><\/div><\/div>\n","protected":false},"excerpt":{"rendered":"","protected":false},"author":2,"featured_media":0,"parent":0,"menu_order":0,"comment_status":"closed","ping_status":"close","template":"","meta":{"site-sidebar-layout":"default","site-content-layout":"","ast-site-content-layout":"","site-content-style":"default","site-sidebar-style":"default","ast-global-header-display":"","ast-banner-title-visibility":"","ast-main-header-display":"","ast-hfb-above-header-display":"","ast-hfb-below-header-display":"","ast-hfb-mobile-header-display":"","site-post-title":"","ast-breadcrumbs-content":"","ast-featured-img":"","footer-sml-layout":"","theme-transparent-header-meta":"","adv-header-id-meta":"","stick-header-meta":"","header-above-stick-meta":"","header-main-stick-meta":"","header-below-stick-meta":"","astra-migrate-meta-layouts":"default","ast-page-background-enabled":"default","ast-page-background-meta":{"desktop":{"background-color":"var(--ast-global-color-4)","background-image":"","background-repeat":"repeat","background-position":"center center","background-size":"auto","background-attachment":"scroll","background-type":"","background-media":"","overlay-type":"","overlay-color":"","overlay-opacity":"","overlay-gradient":""},"tablet":{"background-color":"","background-image":"","background-repeat":"repeat","background-position":"center center","background-size":"auto","background-attachment":"scroll","background-type":"","background-media":"","overlay-type":"","overlay-color":"","overlay-opacity":"","overlay-gradient":""},"mobile":{"background-color":"","background-image":"","background-repeat":"repeat","background-position":"center center","background-size":"auto","background-attachment":"scroll","background-type":"","background-media":"","overlay-type":"","overlay-color":"","overlay-opacity":"","overlay-gradient":""}},"ast-content-background-meta":{"desktop":{"background-color":"var(--ast-global-color-5)","background-image":"","background-repeat":"repeat","background-position":"center center","background-size":"auto","background-attachment":"scroll","background-type":"","background-media":"","overlay-type":"","overlay-color":"","overlay-opacity":"","overlay-gradient":""},"tablet":{"background-color":"var(--ast-global-color-5)","background-image":"","background-repeat":"repeat","background-position":"center center","background-size":"auto","background-attachment":"scroll","background-type":"","background-media":"","overlay-type":"","overlay-color":"","overlay-opacity":"","overlay-gradient":""},"mobile":{"background-color":"var(--ast-global-color-5)","background-image":"","background-repeat":"repeat","background-position":"center center","background-size":"auto","background-attachment":"scroll","background-type":"","background-media":"","overlay-type":"","overlay-color":"","overlay-opacity":"","overlay-gradient":""}},"footnotes":""},"class_list":["post-20778","page","type-page","status-publish","hentry"],"post_mailing_queue_ids":[],"_links":{"self":[{"href":"https:\/\/projectes.xtec.cat\/digital\/wp-json\/wp\/v2\/pages\/20778","targetHints":{"allow":["GET"]}}],"collection":[{"href":"https:\/\/projectes.xtec.cat\/digital\/wp-json\/wp\/v2\/pages"}],"about":[{"href":"https:\/\/projectes.xtec.cat\/digital\/wp-json\/wp\/v2\/types\/page"}],"author":[{"embeddable":true,"href":"https:\/\/projectes.xtec.cat\/digital\/wp-json\/wp\/v2\/users\/2"}],"replies":[{"embeddable":true,"href":"https:\/\/projectes.xtec.cat\/digital\/wp-json\/wp\/v2\/comments?post=20778"}],"version-history":[{"count":7,"href":"https:\/\/projectes.xtec.cat\/digital\/wp-json\/wp\/v2\/pages\/20778\/revisions"}],"predecessor-version":[{"id":37100,"href":"https:\/\/projectes.xtec.cat\/digital\/wp-json\/wp\/v2\/pages\/20778\/revisions\/37100"}],"wp:attachment":[{"href":"https:\/\/projectes.xtec.cat\/digital\/wp-json\/wp\/v2\/media?parent=20778"}],"curies":[{"name":"wp","href":"https:\/\/api.w.org\/{rel}","templated":true}]}}