{"id":21585,"date":"2024-01-19T13:54:27","date_gmt":"2024-01-19T12:54:27","guid":{"rendered":"https:\/\/projectes.xtec.cat\/digital\/?page_id=21585"},"modified":"2024-12-03T15:02:38","modified_gmt":"2024-12-03T14:02:38","slug":"us-unitats-compartides-de-centre","status":"publish","type":"page","link":"https:\/\/projectes.xtec.cat\/digital\/serveis-digitals\/la-meva-xtec\/us-unitats-compartides-de-centre\/","title":{"rendered":"\u00das d&#8217;unitats compartides de centre a XTEC"},"content":{"rendered":"\n<figure class=\"wp-block-image alignright size-full\"><a href=\"https:\/\/projectes.xtec.cat\/digital\/wp-content\/uploads\/usu2317\/2024\/01\/ws-shared.png\"><img loading=\"lazy\" decoding=\"async\" width=\"203\" height=\"205\" src=\"https:\/\/projectes.xtec.cat\/digital\/wp-content\/uploads\/usu2317\/2024\/01\/ws-shared.png\" alt=\"imatge de ws\" class=\"wp-image-21625\" srcset=\"https:\/\/projectes.xtec.cat\/digital\/wp-content\/uploads\/usu2317\/2024\/01\/ws-shared.png 203w, https:\/\/projectes.xtec.cat\/digital\/wp-content\/uploads\/usu2317\/2024\/01\/ws-shared-150x150.png 150w\" sizes=\"auto, (max-width: 203px) 100vw, 203px\" \/><\/a><\/figure>\n\n\n\n<p>Els <a href=\"https:\/\/projectes.xtec.cat\/digital\/directori\/compte-dusuari-de-centre-xtec\/\" data-type=\"link\" data-id=\"https:\/\/projectes.xtec.cat\/digital\/directori\/compte-dusuari-de-centre-xtec\/\">comptes d&#8217;usuari XTEC de centre educatiu<\/a> permeten la creaci\u00f3 d&#8217;<strong>unitats compartides<\/strong> per organitzar els documents i arxius que cal compartir amb la comunitat educativa. S\u00f3n els espais adients per emmagatzemar: <\/p>\n\n\n\n<ul class=\"wp-block-list\">\n<li>Documents i arxius privats per a tots els docents del centre.<\/li>\n\n\n\n<li>Documents i arxius privats per a un grup de docents (ex. Departament de M\u00fasica).<\/li>\n\n\n\n<li>Documents i arxius privats per a un docent que, per la seva especialitat o metodologia, necessiti m\u00e9s espai del que t\u00e9 disponible en el seu compte personal XTEC. <\/li>\n\n\n\n<li>Documents i arxius p\u00fablics per alumnes i fam\u00edlies.<\/li>\n\n\n\n<li>Documents i arxius de projectes en col\u00b7laboraci\u00f3 amb altres centres, on el centre fa d&#8217;amfitri\u00f3 creant una unitat compartida. <\/li>\n<\/ul>\n\n\n\n<div style=\"height:30px\" aria-hidden=\"true\" class=\"wp-block-spacer\"><\/div>\n\n\n\n<div class=\"wp-block-getwid-section alignfull alignfull\"><div class=\"wp-block-getwid-section__wrapper\"><div class=\"wp-block-getwid-section__inner-wrapper\"><div class=\"wp-block-getwid-section__background-holder\"><div class=\"wp-block-getwid-section__background has-background\" style=\"background-color:#cfe6e8\"><\/div><div class=\"wp-block-getwid-section__foreground\"><\/div><\/div><div class=\"wp-block-getwid-section__content\"><div class=\"wp-block-getwid-section__inner-content\">\n<div style=\"height:38px\" aria-hidden=\"true\" class=\"wp-block-spacer\"><\/div>\n\n\n\n<h2 class=\"wp-block-heading alignwide\">Quins avantatges t\u00e9 una <strong>unitat compartida de centre<\/strong> respecte a un <strong>directori<\/strong>?   <\/h2>\n\n\n\n<ol class=\"wp-block-list\">\n<li>Si el docent (propietari original del directori) marxa del centre, el centre t\u00e9 el control sobre els permisos d&#8217;acc\u00e9s el directori.<\/li>\n\n\n\n<li>El docent (propietari original del directori) <strong>allibera espai<\/strong> de la seva quota d&#8217;emmagatzematge. <\/li>\n\n\n\n<li>La <strong>gesti\u00f3 de directoris i arxius<\/strong> ja no dep\u00e8n nom\u00e9s del docent que va crear el directori o t\u00e9 l&#8217;arxiu sin\u00f3 que es pot <strong>centralitzar en un equip<\/strong> de persones. <\/li>\n\n\n\n<li>Les <strong>unitats compartides<\/strong> de centre poden ser de fins a 3\u202fTB, espai molt m\u00e9s gran que els 100 GB assignat a docent. <\/li>\n<\/ol>\n\n\n\n<div style=\"height:30px\" aria-hidden=\"true\" class=\"wp-block-spacer\"><\/div>\n<\/div><\/div><\/div><\/div><\/div>\n\n\n\n<div class=\"wp-block-getwid-section alignfull alignfull\"><div class=\"wp-block-getwid-section__wrapper\"><div class=\"wp-block-getwid-section__inner-wrapper\"><div class=\"wp-block-getwid-section__background-holder\"><div class=\"wp-block-getwid-section__background\"><\/div><div class=\"wp-block-getwid-section__foreground\"><\/div><\/div><div class=\"wp-block-getwid-section__content\"><div class=\"wp-block-getwid-section__inner-content\">\n<div style=\"height:40px\" aria-hidden=\"true\" class=\"wp-block-spacer\"><\/div>\n\n\n\n<h2 class=\"wp-block-heading alignwide\">Com es crea una unitat compartida de centre? <\/h2>\n\n\n\n<p>L&#8217;equip directiu o alguna persona amb acc\u00e9s al compte XTEC de centre ha de crear tantes unitats compartides com siguin necess\u00e0ries per estructurar la informaci\u00f3 del centre. <\/p>\n\n\n\n<p>Per fer-ho, nom\u00e9s cal iniciar sessi\u00f3 amb el compte XTEC de centre (no el compte XTEC personal), anar al <strong>Google Drive<\/strong> i fer clic amb el bot\u00f3 dret a l&#8217;element <strong>Unitats compartides<\/strong> -&gt; <strong>Unitat compartida nova<\/strong>. <\/p>\n\n\n\n<div class=\"wp-block-columns is-layout-flex wp-container-core-columns-is-layout-1 wp-block-columns-is-layout-flex\">\n<div class=\"wp-block-column is-layout-flow wp-block-column-is-layout-flow\" style=\"flex-basis:33%\">\n<figure class=\"wp-block-image size-full is-resized vora\"><a href=\"https:\/\/projectes.xtec.cat\/digital\/wp-content\/uploads\/usu2317\/2024\/01\/unitat-compartida-nova.png\"><img loading=\"lazy\" decoding=\"async\" width=\"517\" height=\"543\" src=\"https:\/\/projectes.xtec.cat\/digital\/wp-content\/uploads\/usu2317\/2024\/01\/unitat-compartida-nova.png\" alt=\"unitat-compartida-nova\" class=\"wp-image-21635\" style=\"aspect-ratio:0.9521178637200737;width:409px;height:auto\" srcset=\"https:\/\/projectes.xtec.cat\/digital\/wp-content\/uploads\/usu2317\/2024\/01\/unitat-compartida-nova.png 517w, https:\/\/projectes.xtec.cat\/digital\/wp-content\/uploads\/usu2317\/2024\/01\/unitat-compartida-nova-286x300.png 286w\" sizes=\"auto, (max-width: 517px) 100vw, 517px\" \/><\/a><\/figure>\n<\/div>\n\n\n\n<div class=\"wp-block-column is-layout-flow wp-block-column-is-layout-flow\" style=\"flex-basis:66%\">\n<figure class=\"wp-block-image size-full is-resized vora\"><a href=\"https:\/\/projectes.xtec.cat\/digital\/wp-content\/uploads\/usu2317\/2024\/01\/estructura-unitat-compartida.png\"><img loading=\"lazy\" decoding=\"async\" width=\"988\" height=\"619\" src=\"https:\/\/projectes.xtec.cat\/digital\/wp-content\/uploads\/usu2317\/2024\/01\/estructura-unitat-compartida.png\" alt=\"Estructura-unitats-compartides-centre\" class=\"wp-image-21637\" style=\"aspect-ratio:1.5961227786752827;width:659px;height:auto\" srcset=\"https:\/\/projectes.xtec.cat\/digital\/wp-content\/uploads\/usu2317\/2024\/01\/estructura-unitat-compartida.png 988w, https:\/\/projectes.xtec.cat\/digital\/wp-content\/uploads\/usu2317\/2024\/01\/estructura-unitat-compartida-300x188.png 300w, https:\/\/projectes.xtec.cat\/digital\/wp-content\/uploads\/usu2317\/2024\/01\/estructura-unitat-compartida-768x481.png 768w\" sizes=\"auto, (max-width: 988px) 100vw, 988px\" \/><\/a><\/figure>\n<\/div>\n<\/div>\n\n\n\n<div style=\"height:37px\" aria-hidden=\"true\" class=\"wp-block-spacer\"><\/div>\n\n\n\n<p>Una vegada creada l&#8217;estructura d&#8217;unitats, es pot delegar la gesti\u00f3 dels continguts en una o m\u00e9s persones. Per exemple, cada cap de Departament pot gestionar la unitat compartida del seu Departament. <\/p>\n\n\n\n<p class=\"paragraf-rodo has-ast-global-color-7-color has-text-color has-background has-medium-font-size\" style=\"background-color:#fddf99;margin-top:var(--wp--preset--spacing--50);margin-right:var(--wp--preset--spacing--80);margin-bottom:var(--wp--preset--spacing--50);margin-left:var(--wp--preset--spacing--80);padding-right:var(--wp--preset--spacing--60);padding-left:var(--wp--preset--spacing--60)\">La creaci\u00f3 de les unitats des d&#8217;un compte de centre garanteix tenir el control dels continguts des de la direcci\u00f3 del centre en tot moment. <\/p>\n\n\n\n<div style=\"height:20px\" aria-hidden=\"true\" class=\"wp-block-spacer\"><\/div>\n\n\n\n<p>Podeu trobar m\u00e9s informaci\u00f3 sobre la creaci\u00f3 d&#8217;unitats compartides en <a href=\"https:\/\/support.google.com\/a\/users\/answer\/9310249?hl=es&amp;ref_topic=9298590&amp;sjid=14579968441078335430-EU\" data-type=\"link\" data-id=\"https:\/\/support.google.com\/a\/users\/answer\/9310249?hl=es&amp;ref_topic=9298590&amp;sjid=14579968441078335430-EU\" target=\"_blank\" rel=\"noreferrer noopener\">la p\u00e0gina de refer\u00e8ncia<\/a> de Google.<\/p>\n\n\n\n<div style=\"height:30px\" aria-hidden=\"true\" class=\"wp-block-spacer\"><\/div>\n<\/div><\/div><\/div><\/div><\/div>\n\n\n\n<div class=\"wp-block-getwid-section alignfull alignfull\"><div class=\"wp-block-getwid-section__wrapper\"><div class=\"wp-block-getwid-section__inner-wrapper\"><div class=\"wp-block-getwid-section__background-holder\"><div class=\"wp-block-getwid-section__background has-background has-ast-global-color-4-background-color\"><\/div><div class=\"wp-block-getwid-section__foreground\"><\/div><\/div><div class=\"wp-block-getwid-section__content\"><div class=\"wp-block-getwid-section__inner-content\">\n<div style=\"height:40px\" aria-hidden=\"true\" class=\"wp-block-spacer\"><\/div>\n\n\n\n<h2 class=\"wp-block-heading alignwide\">Com es pot delegar la gesti\u00f3 d&#8217;una unitat compartida? <\/h2>\n\n\n\n<div style=\"height:20px\" aria-hidden=\"true\" class=\"wp-block-spacer\"><\/div>\n\n\n\n<p>Si despr\u00e9s de crear l&#8217;estructura d&#8217;unitats compartides, l&#8217;equip directiu vol delegar la gesti\u00f3 de les unitats compartides nom\u00e9s cal: <\/p>\n\n\n\n<div class=\"wp-block-columns is-layout-flex wp-container-core-columns-is-layout-2 wp-block-columns-is-layout-flex\">\n<div class=\"wp-block-column is-layout-flow wp-block-column-is-layout-flow\" style=\"flex-basis:40%\">\n<ol class=\"wp-block-list\">\n<li>Fer clic amb el bot\u00f3 dret sobre la unitat compartida i seleccionar <strong>Gestiona membres<\/strong>. <\/li>\n<\/ol>\n\n\n\n<figure class=\"wp-block-image size-full is-resized\"><a href=\"https:\/\/projectes.xtec.cat\/digital\/wp-content\/uploads\/usu2317\/2024\/01\/gestiona-membres.png\"><img loading=\"lazy\" decoding=\"async\" width=\"592\" height=\"434\" src=\"https:\/\/projectes.xtec.cat\/digital\/wp-content\/uploads\/usu2317\/2024\/01\/gestiona-membres.png\" alt=\"Captura on es veu l'opci\u00f3 de gestiona membres\" class=\"wp-image-21697\" style=\"aspect-ratio:1.3640552995391706;width:477px;height:auto\" srcset=\"https:\/\/projectes.xtec.cat\/digital\/wp-content\/uploads\/usu2317\/2024\/01\/gestiona-membres.png 592w, https:\/\/projectes.xtec.cat\/digital\/wp-content\/uploads\/usu2317\/2024\/01\/gestiona-membres-300x220.png 300w\" sizes=\"auto, (max-width: 592px) 100vw, 592px\" \/><\/a><\/figure>\n<\/div>\n\n\n\n<div class=\"wp-block-column is-layout-flow wp-block-column-is-layout-flow\">\n<p>2. Assignar a la persona o persones que han de gestionar l&#8217;espai el rol de <strong>Gestor de continguts<\/strong>.<\/p>\n\n\n\n<figure class=\"wp-block-image size-full is-resized\"><a href=\"https:\/\/projectes.xtec.cat\/digital\/wp-content\/uploads\/usu2317\/2024\/01\/gestor-continguts.png\"><img loading=\"lazy\" decoding=\"async\" width=\"973\" height=\"320\" src=\"https:\/\/projectes.xtec.cat\/digital\/wp-content\/uploads\/usu2317\/2024\/01\/gestor-continguts.png\" alt=\"captura del di\u00e0leg modal per afegir membres i definir el seu rol\" class=\"wp-image-21698\" style=\"aspect-ratio:3.040625;width:704px;height:auto\" srcset=\"https:\/\/projectes.xtec.cat\/digital\/wp-content\/uploads\/usu2317\/2024\/01\/gestor-continguts.png 973w, https:\/\/projectes.xtec.cat\/digital\/wp-content\/uploads\/usu2317\/2024\/01\/gestor-continguts-300x99.png 300w, https:\/\/projectes.xtec.cat\/digital\/wp-content\/uploads\/usu2317\/2024\/01\/gestor-continguts-768x253.png 768w\" sizes=\"auto, (max-width: 973px) 100vw, 973px\" \/><\/a><\/figure>\n<\/div>\n<\/div>\n\n\n\n<div style=\"height:30px\" aria-hidden=\"true\" class=\"wp-block-spacer\"><\/div>\n\n\n\n<p>Un gestor de continguts pot crear, modificar i enviar a la paperera arxius i carpetes de la unitat compartida. Podeu trobar m\u00e9s informaci\u00f3 sobre la gesti\u00f3 d&#8217;unitats compartides a la <a rel=\"noreferrer noopener\" href=\"https:\/\/support.google.com\/a\/users\/answer\/7212025?hl=es&amp;ref_topic=12369809&amp;sjid=12274897489622899624-EU\" data-type=\"link\" data-id=\"https:\/\/support.google.com\/a\/users\/answer\/7212025?hl=es&amp;ref_topic=12369809&amp;sjid=12274897489622899624-EU\" target=\"_blank\">p\u00e0gina de refer\u00e8ncia<\/a> de Google. <\/p>\n\n\n\n<div style=\"height:30px\" aria-hidden=\"true\" class=\"wp-block-spacer\"><\/div>\n<\/div><\/div><\/div><\/div><\/div>\n\n\n\n<div class=\"wp-block-getwid-section alignfull alignfull\"><div class=\"wp-block-getwid-section__wrapper\"><div class=\"wp-block-getwid-section__inner-wrapper\"><div class=\"wp-block-getwid-section__background-holder\"><div class=\"wp-block-getwid-section__background\"><\/div><div class=\"wp-block-getwid-section__foreground\"><\/div><\/div><div class=\"wp-block-getwid-section__content\"><div class=\"wp-block-getwid-section__inner-content\">\n<div style=\"height:40px\" aria-hidden=\"true\" class=\"wp-block-spacer\"><\/div>\n\n\n\n<h2 class=\"wp-block-heading alignwide\" id=\"docents-mes-espai\">Docents que necessiten m\u00e9s espai<\/h2>\n\n\n\n<figure class=\"wp-block-image alignright size-full\"><a href=\"https:\/\/projectes.xtec.cat\/digital\/wp-content\/uploads\/usu2317\/2024\/01\/afegir-mes.png\"><img loading=\"lazy\" decoding=\"async\" width=\"226\" height=\"211\" src=\"https:\/\/projectes.xtec.cat\/digital\/wp-content\/uploads\/usu2317\/2024\/01\/afegir-mes.png\" alt=\"Un docent demanant m\u00e9s espai\" class=\"wp-image-21661\"\/><\/a><\/figure>\n\n\n\n<p>L&#8217;espai natural per allotjar els materials i recursos de classe d&#8217;un docent \u00e9s l&#8217;espai vinculat al seu compte anomenat <strong>La  meva unitat<\/strong>, amb una capacitat de 100 GB. Aquest espai est\u00e0 destinat per emmagatzemar el contingut necessari per al <strong>curs actual<\/strong> o contingut de refer\u00e8ncia de consulta freq\u00fcent. <\/p>\n\n\n\n<p class=\"paragraf-rodo has-background\" style=\"background-color:#fddf99\">El contingut de cursos passats, que no sigui de refer\u00e8ncia, cal moure&#8217;l a altres espai d&#8217;emmagatzematge, ja siguin dispositius f\u00edsics (servidor de centre, discs durs) o altres serveis en el n\u00favol.<\/p>\n\n\n\n<p>S\u00ed, una vegada mogut el contingut de cursos anteriors, el docent necessita m\u00e9s espai: <\/p>\n\n\n\n<ul class=\"wp-block-list\">\n<li>Si el contingut \u00e9s d&#8217;inter\u00e8s per a la resta de companys, pot afegir el contingut a la <strong>unitat compartida del seu departament<\/strong>, cicle o nivell.<\/li>\n<\/ul>\n\n\n\n<figure class=\"wp-block-image alignright size-full\"><a href=\"https:\/\/projectes.xtec.cat\/digital\/wp-content\/uploads\/usu2317\/2024\/01\/unitats-compartides.png\"><img loading=\"lazy\" decoding=\"async\" width=\"319\" height=\"488\" src=\"https:\/\/projectes.xtec.cat\/digital\/wp-content\/uploads\/usu2317\/2024\/01\/unitats-compartides.png\" alt=\"docents-mes-espai\" class=\"wp-image-21780\" srcset=\"https:\/\/projectes.xtec.cat\/digital\/wp-content\/uploads\/usu2317\/2024\/01\/unitats-compartides.png 319w, https:\/\/projectes.xtec.cat\/digital\/wp-content\/uploads\/usu2317\/2024\/01\/unitats-compartides-196x300.png 196w\" sizes=\"auto, (max-width: 319px) 100vw, 319px\" \/><\/a><\/figure>\n\n\n\n<ul class=\"wp-block-list\">\n<li>Si el contingut \u00e9s un contingut sense inter\u00e8s per a la resta de companys, pot demanar a la direcci\u00f3 del centre la creaci\u00f3 d&#8217;un <strong>directori <\/strong>dins d&#8217;una unitat compartida del centre destinada a docents que, justificadament, necessiten m\u00e9s espai. <\/li>\n<\/ul>\n\n\n\n<div style=\"height:30px\" aria-hidden=\"true\" class=\"wp-block-spacer\"><\/div>\n<\/div><\/div><\/div><\/div><\/div>\n\n\n\n<p class=\"paragraf-rodo has-ast-global-color-7-color has-text-color has-background has-medium-font-size\" style=\"background-color:#c4eed0;margin-top:var(--wp--preset--spacing--50);margin-right:var(--wp--preset--spacing--80);margin-bottom:var(--wp--preset--spacing--50);margin-left:var(--wp--preset--spacing--80);padding-right:var(--wp--preset--spacing--60);padding-left:var(--wp--preset--spacing--60)\">L&#8217;objectiu d&#8217;aquesta ordenaci\u00f3 d&#8217;espai d&#8217;emmagatzematge \u00e9s fer sostenible el servei, evitant que s&#8217;afegeixin continguts personals no relacionats amb la pr\u00e0ctica docent. <\/p>\n\n\n\n<div style=\"height:30px\" aria-hidden=\"true\" class=\"wp-block-spacer\"><\/div>\n\n\n\n<div class=\"wp-block-getwid-section alignfull alignfull\"><div class=\"wp-block-getwid-section__wrapper\"><div class=\"wp-block-getwid-section__inner-wrapper\"><div class=\"wp-block-getwid-section__background-holder\"><div class=\"wp-block-getwid-section__background has-background has-ast-global-color-4-background-color\"><\/div><div class=\"wp-block-getwid-section__foreground\"><\/div><\/div><div class=\"wp-block-getwid-section__content\"><div class=\"wp-block-getwid-section__inner-content\">\n<div style=\"height:40px\" aria-hidden=\"true\" class=\"wp-block-spacer\"><\/div>\n\n\n\n<h2 class=\"wp-block-heading alignwide\">Converses a la xarxa Nus sobre l&#8217;espai XTEC<\/h2>\n\n\n\n<div class=\"wp-block-columns alignwide is-layout-flex wp-container-core-columns-is-layout-3 wp-block-columns-is-layout-flex\">\n<div class=\"wp-block-column is-layout-flow wp-block-column-is-layout-flow\">\n<h3 class=\"wp-block-heading\">Darreres converses<\/h3>\n\n\n<div class='nus_topics'><span class=\"nus_data\">19.04.26<\/span> <a target=\"_blank\" href=\"https:\/\/comunitat.edigital.cat\/t\/ia-gemini-activada-als-correus-xtec\/45229\">IA Gemini activada als correus xtec<\/a><br><span class=\"nus_data\">05.11.25<\/span> <a target=\"_blank\" href=\"https:\/\/comunitat.edigital.cat\/t\/claus-dacces-per-iniciar-la-sessio-al-compte-xtec\/29799\">Claus d'acc\u00e9s per iniciar la sessi\u00f3 al compte XTEC<\/a><br><span class=\"nus_data\">22.10.25<\/span> <a target=\"_blank\" href=\"https:\/\/comunitat.edigital.cat\/t\/correu-de-cultura-digital-us-molt-alt-d-emmagatzematge-en-el-teu-compte-xtec\/29621\">Correu de Cultura Digital \"\u00das molt alt d\u2019emmagatzematge en el teu compte XTEC\"<\/a><br><span class=\"nus_data\">24.04.25<\/span> <a target=\"_blank\" href=\"https:\/\/comunitat.edigital.cat\/t\/error-amb-el-recaptcha-pel-canvi-de-contrasenya-xtec\/40153\">Error amb el reCaptcha pel canvi de contrasenya XTEC<\/a><br><span class=\"nus_data\">26.11.24<\/span> <a target=\"_blank\" href=\"https:\/\/comunitat.edigital.cat\/t\/transferencia-unitat-compartida-sense-propietari\/35484\">Transfer\u00e8ncia unitat compartida sense propietari<\/a><br><span class=\"nus_data\">09.05.24<\/span> <a target=\"_blank\" href=\"https:\/\/comunitat.edigital.cat\/t\/crear-unitats-compartides-amb-xtec-de-docent\/32483\">Crear Unitats compartides amb xtec de docent<\/a><br><span class=\"nus_data\">23.01.24<\/span> <a target=\"_blank\" href=\"https:\/\/comunitat.edigital.cat\/t\/emmagatzematge-compte-xtec-100gb\/29767\">Emmagatzematge compte XTEC 100GB<\/a><br><span class=\"nus_data\">15.01.24<\/span> <a target=\"_blank\" href=\"https:\/\/comunitat.edigital.cat\/t\/tema-espai-xtec\/29757\">Tema espai XTEC<\/a><br><span class=\"nus_data\">28.12.23<\/span> <a target=\"_blank\" href=\"https:\/\/comunitat.edigital.cat\/t\/emmagatzematge-xtec\/29611\">Emmagatzematge xtec<\/a><br><span class=\"nus_data\">23.12.23<\/span> <a target=\"_blank\" href=\"https:\/\/comunitat.edigital.cat\/t\/avis-de-compte-xtec-ple\/29476\">Av\u00eds de compte XTEC ple<\/a><br><\/div>\n<\/div>\n\n\n\n<div class=\"wp-block-column is-layout-flow wp-block-column-is-layout-flow\">\n<h3 class=\"wp-block-heading\">Converses m\u00e9s vistes<\/h3>\n\n\n<div class='nus_topics'><span class=\"nus_data\">22.10.25<\/span> <a target=\"_blank\" href=\"https:\/\/comunitat.edigital.cat\/t\/correu-de-cultura-digital-us-molt-alt-d-emmagatzematge-en-el-teu-compte-xtec\/29621\">Correu de Cultura Digital \"\u00das molt alt d\u2019emmagatzematge en el teu compte XTEC\"<\/a><br><span class=\"nus_data\">23.01.24<\/span> <a target=\"_blank\" href=\"https:\/\/comunitat.edigital.cat\/t\/emmagatzematge-compte-xtec-100gb\/29767\">Emmagatzematge compte XTEC 100GB<\/a><br><span class=\"nus_data\">23.12.23<\/span> <a target=\"_blank\" href=\"https:\/\/comunitat.edigital.cat\/t\/avis-de-compte-xtec-ple\/29476\">Av\u00eds de compte XTEC ple<\/a><br><span class=\"nus_data\">28.12.23<\/span> <a target=\"_blank\" href=\"https:\/\/comunitat.edigital.cat\/t\/emmagatzematge-xtec\/29611\">Emmagatzematge xtec<\/a><br><span class=\"nus_data\">27.11.23<\/span> <a target=\"_blank\" href=\"https:\/\/comunitat.edigital.cat\/t\/el-compte-xtec-te-capacitar-limitada\/29355\">El compte xtec t\u00e9 capacitar limitada?<\/a><br><span class=\"nus_data\">19.04.26<\/span> <a target=\"_blank\" href=\"https:\/\/comunitat.edigital.cat\/t\/ia-gemini-activada-als-correus-xtec\/45229\">IA Gemini activada als correus xtec<\/a><br><span class=\"nus_data\">05.11.25<\/span> <a target=\"_blank\" href=\"https:\/\/comunitat.edigital.cat\/t\/claus-dacces-per-iniciar-la-sessio-al-compte-xtec\/29799\">Claus d'acc\u00e9s per iniciar la sessi\u00f3 al compte XTEC<\/a><br><span class=\"nus_data\">09.05.24<\/span> <a target=\"_blank\" href=\"https:\/\/comunitat.edigital.cat\/t\/crear-unitats-compartides-amb-xtec-de-docent\/32483\">Crear Unitats compartides amb xtec de docent<\/a><br><span class=\"nus_data\">24.04.25<\/span> <a target=\"_blank\" href=\"https:\/\/comunitat.edigital.cat\/t\/error-amb-el-recaptcha-pel-canvi-de-contrasenya-xtec\/40153\">Error amb el reCaptcha pel canvi de contrasenya XTEC<\/a><br><span class=\"nus_data\">13.12.23<\/span> <a target=\"_blank\" href=\"https:\/\/comunitat.edigital.cat\/t\/espai-d-emmagatzematge-fotos-xtec\/29533\">Espai d\u2019emmagatzematge fotos XTEC<\/a><br><\/div>\n<\/div>\n<\/div>\n\n\n\n<div style=\"height:40px\" aria-hidden=\"true\" class=\"wp-block-spacer\"><\/div>\n<\/div><\/div><\/div><\/div><\/div>\n","protected":false},"excerpt":{"rendered":"<p>Els comptes d&#8217;usuari XTEC de centre educatiu permeten la creaci\u00f3 d&#8217;unitats compartides per organitzar els documents i arxius que cal compartir amb la comunitat educativa. S\u00f3n els espais adients per emmagatzemar: L&#8217;objectiu d&#8217;aquesta ordenaci\u00f3 d&#8217;espai d&#8217;emmagatzematge \u00e9s fer sostenible el servei, evitant que s&#8217;afegeixin continguts personals no relacionats amb la pr\u00e0ctica docent.<\/p>\n","protected":false},"author":1,"featured_media":0,"parent":20746,"menu_order":0,"comment_status":"closed","ping_status":"close","template":"","meta":{"site-sidebar-layout":"default","site-content-layout":"","ast-site-content-layout":"default","site-content-style":"default","site-sidebar-style":"default","ast-global-header-display":"","ast-banner-title-visibility":"","ast-main-header-display":"","ast-hfb-above-header-display":"","ast-hfb-below-header-display":"","ast-hfb-mobile-header-display":"","site-post-title":"","ast-breadcrumbs-content":"","ast-featured-img":"","footer-sml-layout":"","theme-transparent-header-meta":"","adv-header-id-meta":"","stick-header-meta":"","header-above-stick-meta":"","header-main-stick-meta":"","header-below-stick-meta":"","astra-migrate-meta-layouts":"set","ast-page-background-enabled":"default","ast-page-background-meta":{"desktop":{"background-color":"var(--ast-global-color-4)","background-image":"","background-repeat":"repeat","background-position":"center center","background-size":"auto","background-attachment":"scroll","background-type":"","background-media":"","overlay-type":"","overlay-color":"","overlay-opacity":"","overlay-gradient":""},"tablet":{"background-color":"","background-image":"","background-repeat":"repeat","background-position":"center center","background-size":"auto","background-attachment":"scroll","background-type":"","background-media":"","overlay-type":"","overlay-color":"","overlay-opacity":"","overlay-gradient":""},"mobile":{"background-color":"","background-image":"","background-repeat":"repeat","background-position":"center center","background-size":"auto","background-attachment":"scroll","background-type":"","background-media":"","overlay-type":"","overlay-color":"","overlay-opacity":"","overlay-gradient":""}},"ast-content-background-meta":{"desktop":{"background-color":"var(--ast-global-color-5)","background-image":"","background-repeat":"repeat","background-position":"center center","background-size":"auto","background-attachment":"scroll","background-type":"","background-media":"","overlay-type":"","overlay-color":"","overlay-opacity":"","overlay-gradient":""},"tablet":{"background-color":"var(--ast-global-color-5)","background-image":"","background-repeat":"repeat","background-position":"center center","background-size":"auto","background-attachment":"scroll","background-type":"","background-media":"","overlay-type":"","overlay-color":"","overlay-opacity":"","overlay-gradient":""},"mobile":{"background-color":"var(--ast-global-color-5)","background-image":"","background-repeat":"repeat","background-position":"center center","background-size":"auto","background-attachment":"scroll","background-type":"","background-media":"","overlay-type":"","overlay-color":"","overlay-opacity":"","overlay-gradient":""}},"footnotes":""},"class_list":["post-21585","page","type-page","status-publish","hentry"],"post_mailing_queue_ids":[],"_links":{"self":[{"href":"https:\/\/projectes.xtec.cat\/digital\/wp-json\/wp\/v2\/pages\/21585","targetHints":{"allow":["GET"]}}],"collection":[{"href":"https:\/\/projectes.xtec.cat\/digital\/wp-json\/wp\/v2\/pages"}],"about":[{"href":"https:\/\/projectes.xtec.cat\/digital\/wp-json\/wp\/v2\/types\/page"}],"author":[{"embeddable":true,"href":"https:\/\/projectes.xtec.cat\/digital\/wp-json\/wp\/v2\/users\/1"}],"replies":[{"embeddable":true,"href":"https:\/\/projectes.xtec.cat\/digital\/wp-json\/wp\/v2\/comments?post=21585"}],"version-history":[{"count":6,"href":"https:\/\/projectes.xtec.cat\/digital\/wp-json\/wp\/v2\/pages\/21585\/revisions"}],"predecessor-version":[{"id":32841,"href":"https:\/\/projectes.xtec.cat\/digital\/wp-json\/wp\/v2\/pages\/21585\/revisions\/32841"}],"up":[{"embeddable":true,"href":"https:\/\/projectes.xtec.cat\/digital\/wp-json\/wp\/v2\/pages\/20746"}],"wp:attachment":[{"href":"https:\/\/projectes.xtec.cat\/digital\/wp-json\/wp\/v2\/media?parent=21585"}],"curies":[{"name":"wp","href":"https:\/\/api.w.org\/{rel}","templated":true}]}}