{"id":21872,"date":"2024-01-31T08:28:00","date_gmt":"2024-01-31T07:28:00","guid":{"rendered":"https:\/\/projectes.xtec.cat\/digital\/?page_id=21872"},"modified":"2024-10-22T16:07:43","modified_gmt":"2024-10-22T14:07:43","slug":"portal-tallafocs-cisco","status":"publish","type":"page","link":"https:\/\/projectes.xtec.cat\/digital\/equipaments-i-infraestructures\/infraestructures-digitals\/portal-tallafocs-cisco\/","title":{"rendered":"Portal de monitoratge i filtratge CISCO"},"content":{"rendered":"\n<p>El portal integra funcionalitats\/informaci\u00f3 del servei de control de la navegaci\u00f3 i seguretat (Equips Fortinet).<\/p>\n\n\n\n<p>Per poder accedir a l\u2019aplicatiu, \u00e9s necessari pr\u00e9mer l&#8217;opci\u00f3 del portal dins del vostre panell web d&#8217;educaci\u00f3 o b\u00e9 entrar a la URL: <a href=\"https:\/\/controlnavegacio.gestioeducativa.gencat.cat\">https:\/\/controlnavegacio.gestioeducativa.gencat.cat<\/a>.<\/p>\n\n\n\n<p class=\"has-text-align-center has-background\" style=\"background-color:#ffe6e6\">\u26a0\ufe0f \u00c9s indispensable estar connectat dins del centre educatiu.<\/p>\n\n\n\n<div class=\"wp-block-getwid-section alignfull alignfull\"><div class=\"wp-block-getwid-section__wrapper\" style=\"padding-left:30px\"><div class=\"wp-block-getwid-section__inner-wrapper\"><div class=\"wp-block-getwid-section__background-holder\"><div class=\"wp-block-getwid-section__background\"><\/div><div class=\"wp-block-getwid-section__foreground\"><\/div><\/div><div class=\"wp-block-getwid-section__content\"><div class=\"wp-block-getwid-section__inner-content\">\n<div class=\"wp-block-columns is-layout-flex wp-container-core-columns-is-layout-1 wp-block-columns-is-layout-flex\">\n<div class=\"wp-block-column caixa-link is-layout-flow wp-block-column-is-layout-flow\" id=\"https:\/\/projectes.xtec.cat\/digital\/equipaments-i-infraestructures\/infraestructures\/portal-tallafocs-cisco\/monitoratge-cisco\/\">\n<figure class=\"wp-block-image aligncenter is-resized is-style-default\"><img decoding=\"async\" src=\"https:\/\/projectes.xtec.cat\/digital\/wp-content\/uploads\/usu2317\/2023\/11\/image-6.png\" alt=\"Aquesta imatge t\u00e9 l'atribut alt buit; el seu nom \u00e9s image-6.png\" style=\"aspect-ratio:1.065217391304348;width:83px;height:auto\"\/><\/figure>\n\n\n\n<h2 class=\"wp-block-heading has-text-align-center\" id=\"https:\/\/projectes.xtec.cat\/digital\/wp-admin\/post.php?post=20145&amp;action=edit\">Monitoratge<\/h2>\n\n\n\n<p class=\"has-text-align-left\">El m\u00f2dul de monitoratge facilita informaci\u00f3, en temps real, de les regles aplicades pel tallafocs en centres amb tecnologia Cisco.<\/p>\n<\/div>\n\n\n\n<div class=\"wp-block-column caixa-link is-layout-flow wp-block-column-is-layout-flow\" id=\"https:\/\/projectes.xtec.cat\/digital\/equipaments-i-infraestructures\/infraestructures\/portal-tallafocs-cisco\/configuracio-cisco\/\">\n<figure class=\"wp-block-image aligncenter size-full is-resized is-style-default\"><img loading=\"lazy\" decoding=\"async\" width=\"219\" height=\"213\" src=\"https:\/\/projectes.xtec.cat\/digital\/wp-content\/uploads\/usu2317\/2023\/11\/image-9.png\" alt=\"\" class=\"wp-image-20371\" style=\"aspect-ratio:1.028169014084507;width:84px;height:auto\"\/><\/figure>\n\n\n\n<h2 class=\"wp-block-heading has-text-align-center\">Configuraci\u00f3<\/h2>\n\n\n\n<p>El m\u00f2dul de configuraci\u00f3 permet configurar les regles i controls de navegaci\u00f3 que s\u2019aplicaran al centre des de l\u2019equip Fortinet disponible al Centre, en el cas que aquest estigui habilitat.<\/p>\n<\/div>\n\n\n\n<div class=\"wp-block-column caixa-link is-layout-flow wp-block-column-is-layout-flow\" id=\"https:\/\/projectes.xtec.cat\/digital\/equipaments-i-infraestructures\/infraestructures\/portal-tallafocs-cisco\/volumetries-cisco-cal-adequar\/\">\n<figure class=\"wp-block-image aligncenter size-full is-resized is-style-default\"><img loading=\"lazy\" decoding=\"async\" width=\"239\" height=\"210\" src=\"https:\/\/projectes.xtec.cat\/digital\/wp-content\/uploads\/usu2317\/2023\/11\/image-10.png\" alt=\"\" class=\"wp-image-20372\" style=\"aspect-ratio:1.138095238095238;width:98px;height:auto\"\/><\/figure>\n\n\n\n<h2 class=\"wp-block-heading has-text-align-center\">Volumetries<\/h2>\n\n\n\n<p>El m\u00f2dul de volumetries facilita estad\u00edstiques d\u2019\u00fas del tallafocs en centres amb tecnologia Cisco.<\/p>\n<\/div>\n<\/div>\n<\/div><\/div><\/div><\/div><\/div>\n\n\n\n<div style=\"height:100px\" aria-hidden=\"true\" class=\"wp-block-spacer\"><\/div>\n","protected":false},"excerpt":{"rendered":"<p>El portal integra funcionalitats\/informaci\u00f3 del servei de control de la navegaci\u00f3 i seguretat (Equips Fortinet). Per poder accedir a l\u2019aplicatiu, \u00e9s necessari pr\u00e9mer l&#8217;opci\u00f3 del portal dins del vostre panell web d&#8217;educaci\u00f3 o b\u00e9 entrar a la URL: https:\/\/controlnavegacio.gestioeducativa.gencat.cat. \u26a0\ufe0f \u00c9s indispensable estar connectat dins del centre educatiu.<\/p>\n","protected":false},"author":373,"featured_media":0,"parent":12695,"menu_order":0,"comment_status":"closed","ping_status":"close","template":"","meta":{"site-sidebar-layout":"default","site-content-layout":"","ast-site-content-layout":"default","site-content-style":"default","site-sidebar-style":"default","ast-global-header-display":"","ast-banner-title-visibility":"","ast-main-header-display":"","ast-hfb-above-header-display":"","ast-hfb-below-header-display":"","ast-hfb-mobile-header-display":"","site-post-title":"","ast-breadcrumbs-content":"","ast-featured-img":"","footer-sml-layout":"","theme-transparent-header-meta":"","adv-header-id-meta":"","stick-header-meta":"","header-above-stick-meta":"","header-main-stick-meta":"","header-below-stick-meta":"","astra-migrate-meta-layouts":"set","ast-page-background-enabled":"default","ast-page-background-meta":{"desktop":{"background-color":"var(--ast-global-color-4)","background-image":"","background-repeat":"repeat","background-position":"center center","background-size":"auto","background-attachment":"scroll","background-type":"","background-media":"","overlay-type":"","overlay-color":"","overlay-opacity":"","overlay-gradient":""},"tablet":{"background-color":"","background-image":"","background-repeat":"repeat","background-position":"center center","background-size":"auto","background-attachment":"scroll","background-type":"","background-media":"","overlay-type":"","overlay-color":"","overlay-opacity":"","overlay-gradient":""},"mobile":{"background-color":"","background-image":"","background-repeat":"repeat","background-position":"center center","background-size":"auto","background-attachment":"scroll","background-type":"","background-media":"","overlay-type":"","overlay-color":"","overlay-opacity":"","overlay-gradient":""}},"ast-content-background-meta":{"desktop":{"background-color":"var(--ast-global-color-5)","background-image":"","background-repeat":"repeat","background-position":"center center","background-size":"auto","background-attachment":"scroll","background-type":"","background-media":"","overlay-type":"","overlay-color":"","overlay-opacity":"","overlay-gradient":""},"tablet":{"background-color":"var(--ast-global-color-5)","background-image":"","background-repeat":"repeat","background-position":"center center","background-size":"auto","background-attachment":"scroll","background-type":"","background-media":"","overlay-type":"","overlay-color":"","overlay-opacity":"","overlay-gradient":""},"mobile":{"background-color":"var(--ast-global-color-5)","background-image":"","background-repeat":"repeat","background-position":"center center","background-size":"auto","background-attachment":"scroll","background-type":"","background-media":"","overlay-type":"","overlay-color":"","overlay-opacity":"","overlay-gradient":""}},"footnotes":""},"class_list":["post-21872","page","type-page","status-publish","hentry"],"post_mailing_queue_ids":[],"_links":{"self":[{"href":"https:\/\/projectes.xtec.cat\/digital\/wp-json\/wp\/v2\/pages\/21872","targetHints":{"allow":["GET"]}}],"collection":[{"href":"https:\/\/projectes.xtec.cat\/digital\/wp-json\/wp\/v2\/pages"}],"about":[{"href":"https:\/\/projectes.xtec.cat\/digital\/wp-json\/wp\/v2\/types\/page"}],"author":[{"embeddable":true,"href":"https:\/\/projectes.xtec.cat\/digital\/wp-json\/wp\/v2\/users\/373"}],"replies":[{"embeddable":true,"href":"https:\/\/projectes.xtec.cat\/digital\/wp-json\/wp\/v2\/comments?post=21872"}],"version-history":[{"count":7,"href":"https:\/\/projectes.xtec.cat\/digital\/wp-json\/wp\/v2\/pages\/21872\/revisions"}],"predecessor-version":[{"id":30962,"href":"https:\/\/projectes.xtec.cat\/digital\/wp-json\/wp\/v2\/pages\/21872\/revisions\/30962"}],"up":[{"embeddable":true,"href":"https:\/\/projectes.xtec.cat\/digital\/wp-json\/wp\/v2\/pages\/12695"}],"wp:attachment":[{"href":"https:\/\/projectes.xtec.cat\/digital\/wp-json\/wp\/v2\/media?parent=21872"}],"curies":[{"name":"wp","href":"https:\/\/api.w.org\/{rel}","templated":true}]}}