{"id":21937,"date":"2024-01-30T08:26:37","date_gmt":"2024-01-30T07:26:37","guid":{"rendered":"https:\/\/projectes.xtec.cat\/digital\/?page_id=21937"},"modified":"2024-11-12T14:45:48","modified_gmt":"2024-11-12T13:45:48","slug":"microbit","status":"publish","type":"page","link":"https:\/\/projectes.xtec.cat\/digital\/equipaments-i-infraestructures\/robotica\/formacio-tecnica-robotica\/plaques-microcontroladores\/microbit\/","title":{"rendered":"Micro:bit"},"content":{"rendered":"\n<div class=\"wp-block-getwid-section alignfull alignfull\"><div class=\"wp-block-getwid-section__wrapper\"><div class=\"wp-block-getwid-section__inner-wrapper\"><div class=\"wp-block-getwid-section__background-holder\"><div class=\"wp-block-getwid-section__background\"><\/div><div class=\"wp-block-getwid-section__foreground\"><\/div><\/div><div class=\"wp-block-getwid-section__content\"><div class=\"wp-block-getwid-section__inner-content\">\n<div style=\"height:50px\" aria-hidden=\"true\" class=\"wp-block-spacer\"><\/div>\n\n\n\n<div class=\"wp-block-columns is-layout-flex wp-container-core-columns-is-layout-1 wp-block-columns-is-layout-flex\">\n<div class=\"wp-block-column is-vertically-aligned-center is-layout-flow wp-block-column-is-layout-flow\" style=\"flex-basis:25%\">\n<figure class=\"wp-block-image size-full\"><img loading=\"lazy\" decoding=\"async\" width=\"237\" height=\"205\" src=\"https:\/\/projectes.xtec.cat\/digital\/wp-content\/uploads\/usu2317\/2023\/11\/microbit-front-and-back-e1706599301843.png\" alt=\"targeta\" class=\"wp-image-19539\"\/><\/figure>\n<\/div>\n\n\n\n<div class=\"wp-block-column is-layout-flow wp-block-column-is-layout-flow\" style=\"flex-basis:66.66%\">\n<h1 class=\"wp-block-heading\" style=\"font-size:37px\">Micro:bit<\/h1>\n\n\n\n<p><strong>Micro:bit<\/strong> \u00e9s una placa programable, ideal per introduir l\u2019alumnat de prim\u00e0ria i secund\u00e0ria en el m\u00f3n de la programaci\u00f3 i la rob\u00f2tica educativa. Tot i ser una placa petita (4 x 5 cm), t\u00e9 diversos sensors i actuadors integrats. Aix\u00ed que nom\u00e9s amb la targeta es poden realitzar centenars de projectes.<\/p>\n\n\n\n<div class=\"wp-block-buttons is-horizontal is-content-justification-center is-layout-flex wp-container-core-buttons-is-layout-1 wp-block-buttons-is-layout-flex\">\n<div class=\"wp-block-button is-style-fill\"><a class=\"wp-block-button__link has-ast-global-color-8-color has-white-background-color has-text-color has-background wp-element-button\" href=\"https:\/\/projectes.xtec.cat\/digital\/wp-content\/uploads\/usu2317\/2024\/10\/micro_bit.pdf\" style=\"border-radius:20px\" target=\"_blank\" rel=\"noreferrer noopener\">Fitxa resum<\/a><\/div>\n\n\n\n<div class=\"wp-block-button is-style-fill\"><a class=\"wp-block-button__link has-ast-global-color-8-color has-white-background-color has-text-color has-background wp-element-button\" href=\"https:\/\/projectes.xtec.cat\/digital\/wp-content\/uploads\/usu2317\/2024\/02\/Manual-d_usuari-micro_bit.pdf\" style=\"border-radius:20px\" target=\"_blank\" rel=\"noreferrer noopener\">Manual d&#8217;\u00fas<\/a><\/div>\n\n\n\n<div class=\"wp-block-button is-style-fill\"><a class=\"wp-block-button__link has-ast-global-color-8-color has-white-background-color has-text-color has-background wp-element-button\" href=\"https:\/\/comunitat.edigital.cat\/c\/tecnologies-aula\/pensament-computacional\/165\" style=\"border-radius:20px\">Suport<\/a><\/div>\n<\/div>\n<\/div>\n<\/div>\n\n\n\n<div style=\"height:50px\" aria-hidden=\"true\" class=\"wp-block-spacer\"><\/div>\n\n\n\n<div class=\"wp-block-getwid-tabs\" data-active-tab=\"0\"><ul class=\"wp-block-getwid-tabs__nav-links\"><\/ul>\n<div class=\"wp-block-getwid-tabs__nav-link\"><span class=\"wp-block-getwid-tabs__title-wrapper\"><a href=\"#\"><span class=\"wp-block-getwid-tabs__title\">V\u00eddeos<\/span><\/a><\/span><\/div><div class=\"wp-block-getwid-tabs__tab-content-wrapper\"><div class=\"wp-block-getwid-tabs__tab-content\">\n<div class=\"wp-block-columns is-layout-flex wp-container-core-columns-is-layout-4 wp-block-columns-is-layout-flex\">\n<div class=\"wp-block-column is-layout-flow wp-block-column-is-layout-flow\">\n<div class=\"video-responsive\"><iframe loading=\"lazy\" width=\"560\" height=\"315\" src=\"https:\/\/www.youtube.com\/embed\/91MdnjT45gs?si=fGeirGY226NN6pEk\" title=\"YouTube video player\" frameborder=\"0\" allow=\"accelerometer; autoplay; clipboard-write; encrypted-media; gyroscope; picture-in-picture; web-share\" referrerpolicy=\"strict-origin-when-cross-origin\" allowfullscreen><\/iframe><\/div>\n\n\n\n<div style=\"height:10px\" aria-hidden=\"true\" class=\"wp-block-spacer\"><\/div>\n\n\n\n<div class=\"wp-block-columns is-layout-flex wp-container-core-columns-is-layout-2 wp-block-columns-is-layout-flex\">\n<div class=\"wp-block-column is-layout-flow wp-block-column-is-layout-flow\">\n<div class=\"video-responsive\"><iframe loading=\"lazy\" width=\"560\" height=\"315\" src=\"https:\/\/www.youtube.com\/embed\/VbFxThGTmUw?si=zO-sKjh5-ZnSmb6d\" title=\"YouTube video player\" frameborder=\"0\" allow=\"accelerometer; autoplay; clipboard-write; encrypted-media; gyroscope; picture-in-picture; web-share\" referrerpolicy=\"strict-origin-when-cross-origin\" allowfullscreen><\/iframe><\/div>\n<\/div>\n<\/div>\n<\/div>\n\n\n\n<div class=\"wp-block-column is-layout-flow wp-block-column-is-layout-flow\">\n<div class=\"video-responsive\"><iframe loading=\"lazy\" width=\"560\" height=\"315\" src=\"https:\/\/www.youtube.com\/embed\/hRSBm6Tpin4?si=sH5TvACaHJLvZVfx\" title=\"YouTube video player\" frameborder=\"0\" allow=\"accelerometer; autoplay; clipboard-write; encrypted-media; gyroscope; picture-in-picture; web-share\" referrerpolicy=\"strict-origin-when-cross-origin\" allowfullscreen><\/iframe><\/div>\n\n\n\n<div style=\"height:10px\" aria-hidden=\"true\" class=\"wp-block-spacer\"><\/div>\n\n\n\n<div class=\"wp-block-columns is-layout-flex wp-container-core-columns-is-layout-3 wp-block-columns-is-layout-flex\">\n<div class=\"wp-block-column is-layout-flow wp-block-column-is-layout-flow\">\n<div class=\"video-responsive\"><iframe loading=\"lazy\" width=\"560\" height=\"315\" src=\"https:\/\/www.youtube.com\/embed\/NBh4RRavHcQ?si=e3GQzZlBZ81IejsF\" title=\"YouTube video player\" frameborder=\"0\" allow=\"accelerometer; autoplay; clipboard-write; encrypted-media; gyroscope; picture-in-picture; web-share\" referrerpolicy=\"strict-origin-when-cross-origin\" allowfullscreen><\/iframe><\/div>\n<\/div>\n<\/div>\n<\/div>\n<\/div>\n<\/div><\/div>\n\n\n\n<div class=\"wp-block-getwid-tabs__nav-link\"><span class=\"wp-block-getwid-tabs__title-wrapper\"><a href=\"#\"><span class=\"wp-block-getwid-tabs__title\">Preguntes freq\u00fcents<\/span><\/a><\/span><\/div><div class=\"wp-block-getwid-tabs__tab-content-wrapper\"><div class=\"wp-block-getwid-tabs__tab-content\">\n<div class=\"wp-block-getwid-accordion has-icon-left\" data-active-element=\"none\">\n<div class=\"wp-block-getwid-accordion__header-wrapper\"><span class=\"wp-block-getwid-accordion__header\"><a href=\"#\"><span class=\"wp-block-getwid-accordion__header-title\">No es vincula la placa micro:bit amb l\u2019entorn de programaci\u00f3&nbsp;<\/span><span class=\"wp-block-getwid-accordion__icon is-active\"><i class=\"far fa-question-circle\"><\/i><\/span><span class=\"wp-block-getwid-accordion__icon is-passive\"><i class=\"fas fa-chevron-up\"><\/i><\/span><\/a><\/span><\/div><div class=\"wp-block-getwid-accordion__content-wrapper\"><div class=\"wp-block-getwid-accordion__content\">\n<p>Es recomana fer \u00fas del navegador Chrome.&nbsp;<\/p>\n<\/div><\/div>\n\n\n\n<div class=\"wp-block-getwid-accordion__header-wrapper\"><span class=\"wp-block-getwid-accordion__header\"><a href=\"#\"><span class=\"wp-block-getwid-accordion__header-title\">Com es pot recuperar el programa predefinit de la placa micro:bit?&nbsp;&nbsp;<\/span><span class=\"wp-block-getwid-accordion__icon is-active\"><i class=\"far fa-question-circle\"><\/i><\/span><span class=\"wp-block-getwid-accordion__icon is-passive\"><i class=\"fas fa-chevron-up\"><\/i><\/span><\/a><\/span><\/div><div class=\"wp-block-getwid-accordion__content-wrapper\"><div class=\"wp-block-getwid-accordion__content\">\n<p>Cal descarregar l\u2019arxiu \u201cmeet the micro:bit\u201d de la <a rel=\"noreferrer noopener\" href=\"https:\/\/microbit.org\/get-started\/user-guide\/meet-the-microbit-program\/\" target=\"_blank\">p\u00e0gina web de micro:bit<\/a>, i desar-lo a la placa.<\/p>\n<\/div><\/div>\n\n\n\n<div class=\"wp-block-getwid-accordion__header-wrapper\"><span class=\"wp-block-getwid-accordion__header\"><a href=\"#\"><span class=\"wp-block-getwid-accordion__header-title\">Qu\u00e8 \u00e9s el mode de manteniment de la placa micro:bit?&nbsp;<\/span><span class=\"wp-block-getwid-accordion__icon is-active\"><i class=\"far fa-question-circle\"><\/i><\/span><span class=\"wp-block-getwid-accordion__icon is-passive\"><i class=\"fas fa-chevron-up\"><\/i><\/span><\/a><\/span><\/div><div class=\"wp-block-getwid-accordion__content-wrapper\"><div class=\"wp-block-getwid-accordion__content\">\n<p>La placa entra en mode \u201cmanteniment\u201d quan es connecta a l\u2019ordinador prement el bot\u00f3 de reinici situat a la part posterior de la placa micro:bit. Aix\u00ed doncs, apareixer\u00e0 en aquest mode al gestor de fitxers.&nbsp;<\/p>\n\n\n\n<p>Per resoldre aquest problema, cal tornar a connectar la font d\u2019alimentaci\u00f3, sense pr\u00e9mer el bot\u00f3 de restabliment de la part posterior mentre ho feu. Per conseg\u00fcent, la unitat MICROBIT hauria de reapar\u00e8ixer.&nbsp;<\/p>\n\n\n\n<p>Si encara es detecten problemes, caldr\u00e0 actualitzar el microprogramari.&nbsp;<\/p>\n<\/div><\/div>\n<\/div>\n<\/div><\/div>\n<\/div>\n\n\n\n<div style=\"height:40px\" aria-hidden=\"true\" class=\"wp-block-spacer\"><\/div>\n<\/div><\/div><\/div><\/div><\/div>\n\n\n\n<div class=\"wp-block-getwid-section alignfull alignfull\"><div class=\"wp-block-getwid-section__wrapper\"><div class=\"wp-block-getwid-section__inner-wrapper\"><div class=\"wp-block-getwid-section__background-holder\"><div class=\"wp-block-getwid-section__background has-background has-ast-global-color-4-background-color\"><\/div><div class=\"wp-block-getwid-section__foreground\"><\/div><\/div><div class=\"wp-block-getwid-section__content\"><div class=\"wp-block-getwid-section__inner-content\">\n<div style=\"height:50px\" aria-hidden=\"true\" class=\"wp-block-spacer\"><\/div>\n\n\n\n<h2 class=\"wp-block-heading alignwide\">Converses sobre <em>micro:bit<\/em> a la xarxa docent Nus<\/h2>\n\n\n\n<div style=\"height:20px\" aria-hidden=\"true\" class=\"wp-block-spacer\"><\/div>\n\n\n\n<div class=\"wp-block-columns alignwide is-layout-flex wp-container-core-columns-is-layout-5 wp-block-columns-is-layout-flex\">\n<div class=\"wp-block-column is-layout-flow wp-block-column-is-layout-flow\">\n<h3 class=\"wp-block-heading\">Darreres converses<\/h3>\n\n\n<div class='nus_topics'><span class=\"nus_data\">05.04.26<\/span> <a target=\"_blank\" href=\"https:\/\/comunitat.edigital.cat\/t\/robotica-basica-i-programacio-grafica-pensament-computacional\/35873\">Rob\u00f2tica b\u00e0sica i programaci\u00f3 gr\u00e0fica (pensament computacional)<\/a><br><span class=\"nus_data\">25.03.26<\/span> <a target=\"_blank\" href=\"https:\/\/comunitat.edigital.cat\/t\/problema-en-donar-dalta-plaques-iot-bit-del-centre-a-la-wifi-gencat-ens-edu-lab\/32124\">Problema en donar d'alta plaques IoT:Bit del centre a la wifi gencat_ENS_EDU_LAB<\/a><br><span class=\"nus_data\">16.03.26<\/span> <a target=\"_blank\" href=\"https:\/\/comunitat.edigital.cat\/t\/comparteixo-materials-del-projecte-robosteam-programacio-de-robotica\/32425\">Comparteixo materials del Projecte ROBOSTEAM (programaci\u00f3 de rob\u00f2tica)<\/a><br><span class=\"nus_data\">06.03.26<\/span> <a target=\"_blank\" href=\"https:\/\/comunitat.edigital.cat\/t\/biorobotica-aplicacio-de-sensors-de-biopotencials-a-la-robotica-educativa-de-manera-senzilla-i-contextualitzada\/44596\">BIOROB\u00d2TICA: Aplicaci\u00f3 de sensors de biopotencials a la rob\u00f2tica educativa de manera senzilla i contextualitzada<\/a><br><span class=\"nus_data\">02.03.26<\/span> <a target=\"_blank\" href=\"https:\/\/comunitat.edigital.cat\/t\/comparteixo-taller-cuidem-les-plantes-microbit-i-micro-bit-microshield\/44695\">Comparteixo Taller Cuidem les Plantes (micro:bit+Whappsto:bit i micro:bit+microshield)<\/a><br><span class=\"nus_data\">26.02.26<\/span> <a target=\"_blank\" href=\"https:\/\/comunitat.edigital.cat\/t\/micro-activitats-dampliacio\/44458\">Micro activitats d'ampliacI\u00f3<\/a><br><span class=\"nus_data\">19.02.26<\/span> <a target=\"_blank\" href=\"https:\/\/comunitat.edigital.cat\/t\/cute-bot-micro-bit\/44459\">Cute:bot \/ micro:bit<\/a><br><span class=\"nus_data\">13.02.26<\/span> <a target=\"_blank\" href=\"https:\/\/comunitat.edigital.cat\/t\/camera-ia-smart-lens-delecfreaks-amb-la-micro-bit\/44467\">C\u00e0mera IA Smart Lens d'Elecfreaks amb la micro:bit<\/a><br><span class=\"nus_data\">12.02.26<\/span> <a target=\"_blank\" href=\"https:\/\/comunitat.edigital.cat\/t\/minireptes-amb-micro-bit-i-cute-bot-cs-i-1r-cicle-eso\/40260\">MINIREPTES AMB MICRO_BIT I CUTE BOT (CS I 1r Cicle Eso)<\/a><br><span class=\"nus_data\">06.02.26<\/span> <a target=\"_blank\" href=\"https:\/\/comunitat.edigital.cat\/t\/targetes-microbit-cards-en-catala\/34030\">Targetes microbit-cards en catal\u00e0<\/a><br><\/div>\n<\/div>\n\n\n\n<div class=\"wp-block-column is-layout-flow wp-block-column-is-layout-flow\">\n<h3 class=\"wp-block-heading\">Converses m\u00e9s vistes<\/h3>\n\n\n<div class='nus_topics'><span class=\"nus_data\">05.04.26<\/span> <a target=\"_blank\" href=\"https:\/\/comunitat.edigital.cat\/t\/robotica-basica-i-programacio-grafica-pensament-computacional\/35873\">Rob\u00f2tica b\u00e0sica i programaci\u00f3 gr\u00e0fica (pensament computacional)<\/a><br><span class=\"nus_data\">27.03.25<\/span> <a target=\"_blank\" href=\"https:\/\/comunitat.edigital.cat\/t\/comparteixo-materials-didactics-amb-micro-bit\/36506\">Comparteixo materials did\u00e0ctics amb Micro:bit<\/a><br><span class=\"nus_data\">12.01.26<\/span> <a target=\"_blank\" href=\"https:\/\/comunitat.edigital.cat\/t\/projectes-amb-microbit-i-cartro\/32626\">Projectes amb Microbit i Cartr\u00f3<\/a><br><span class=\"nus_data\">16.03.26<\/span> <a target=\"_blank\" href=\"https:\/\/comunitat.edigital.cat\/t\/comparteixo-materials-del-projecte-robosteam-programacio-de-robotica\/32425\">Comparteixo materials del Projecte ROBOSTEAM (programaci\u00f3 de rob\u00f2tica)<\/a><br><span class=\"nus_data\">07.02.23<\/span> <a target=\"_blank\" href=\"https:\/\/comunitat.edigital.cat\/t\/propostes-didactiques-pensament-computacional-robotica-i-micro-bit\/17071\"> Propostes did\u00e0ctiques: Pensament computacional, rob\u00f2tica i micro:bit<\/a><br><span class=\"nus_data\">06.02.26<\/span> <a target=\"_blank\" href=\"https:\/\/comunitat.edigital.cat\/t\/targetes-microbit-cards-en-catala\/34030\">Targetes microbit-cards en catal\u00e0<\/a><br><span class=\"nus_data\">12.05.25<\/span> <a target=\"_blank\" href=\"https:\/\/comunitat.edigital.cat\/t\/exces-de-micro-shield\/31892\">Exc\u00e9s de Micro:shield<\/a><br><span class=\"nus_data\">05.05.25<\/span> <a target=\"_blank\" href=\"https:\/\/comunitat.edigital.cat\/t\/noves-activitats-de-sant-jordi\/39723\">Noves activitats de Sant Jordi<\/a><br><span class=\"nus_data\">27.07.23<\/span> <a target=\"_blank\" href=\"https:\/\/comunitat.edigital.cat\/t\/vols-venir-a-treballar-a-cultura-digital-amb-temes-de-robotica\/26462\">Vols venir a treballar a Cultura Digital amb temes de rob\u00f2tica?<\/a><br><span class=\"nus_data\">03.01.25<\/span> <a target=\"_blank\" href=\"https:\/\/comunitat.edigital.cat\/t\/micro-shield-i-sensors\/32524\">Micro:shield i sensors<\/a><br><\/div>\n<\/div>\n<\/div>\n\n\n\n<div style=\"height:100px\" aria-hidden=\"true\" class=\"wp-block-spacer\"><\/div>\n<\/div><\/div><\/div><\/div><\/div>\n\n\n\n<div class=\"wp-block-getwid-section alignfull alignwide alignfull\"><div class=\"wp-block-getwid-section__wrapper\"><div class=\"wp-block-getwid-section__inner-wrapper\"><div class=\"wp-block-getwid-section__background-holder\"><div class=\"wp-block-getwid-section__background has-background has-ast-global-color-5-background-color\"><\/div><div class=\"wp-block-getwid-section__foreground\"><\/div><\/div><div class=\"wp-block-getwid-section__content\"><div class=\"wp-block-getwid-section__inner-content\">\n<hr class=\"wp-block-separator has-css-opacity is-style-wide\"\/>\n\n\n\n<p>Finan\u00e7at per: <\/p>\n\n\n\n<div class=\"wp-block-columns is-layout-flex wp-container-core-columns-is-layout-6 wp-block-columns-is-layout-flex\">\n<div class=\"wp-block-column is-layout-flow wp-block-column-is-layout-flow\" style=\"flex-basis:30%\">\n<figure class=\"wp-block-image size-large is-resized is-style-default\"><img loading=\"lazy\" decoding=\"async\" width=\"440\" height=\"131\" src=\"https:\/\/projectes.xtec.cat\/digital\/wp-content\/uploads\/usu2317\/2023\/06\/NextGenerationCatalunya.png\" alt=\"\" class=\"wp-image-16598\" srcset=\"https:\/\/projectes.xtec.cat\/digital\/wp-content\/uploads\/usu2317\/2023\/06\/NextGenerationCatalunya.png 440w, https:\/\/projectes.xtec.cat\/digital\/wp-content\/uploads\/usu2317\/2023\/06\/NextGenerationCatalunya-300x89.png 300w\" sizes=\"auto, (max-width: 440px) 100vw, 440px\" \/><\/figure>\n<\/div>\n\n\n\n<div class=\"wp-block-column is-layout-flow wp-block-column-is-layout-flow\">\n<figure class=\"wp-block-image size-large is-resized is-style-default\"><img loading=\"lazy\" decoding=\"async\" width=\"300\" height=\"88\" src=\"https:\/\/projectes.xtec.cat\/digital\/wp-content\/uploads\/usu2317\/2023\/06\/Gencat-300x88-1.png\" alt=\"\" class=\"wp-image-16597\"\/><\/figure>\n<\/div>\n<\/div>\n<\/div><\/div><\/div><\/div><\/div>\n","protected":false},"excerpt":{"rendered":"","protected":false},"author":371,"featured_media":0,"parent":18973,"menu_order":0,"comment_status":"closed","ping_status":"close","template":"","meta":{"site-sidebar-layout":"default","site-content-layout":"","ast-site-content-layout":"default","site-content-style":"default","site-sidebar-style":"default","ast-global-header-display":"","ast-banner-title-visibility":"","ast-main-header-display":"","ast-hfb-above-header-display":"","ast-hfb-below-header-display":"","ast-hfb-mobile-header-display":"","site-post-title":"disabled","ast-breadcrumbs-content":"","ast-featured-img":"","footer-sml-layout":"","theme-transparent-header-meta":"","adv-header-id-meta":"","stick-header-meta":"","header-above-stick-meta":"","header-main-stick-meta":"","header-below-stick-meta":"","astra-migrate-meta-layouts":"set","ast-page-background-enabled":"default","ast-page-background-meta":{"desktop":{"background-color":"var(--ast-global-color-4)","background-image":"","background-repeat":"repeat","background-position":"center center","background-size":"auto","background-attachment":"scroll","background-type":"","background-media":"","overlay-type":"","overlay-color":"","overlay-opacity":"","overlay-gradient":""},"tablet":{"background-color":"","background-image":"","background-repeat":"repeat","background-position":"center center","background-size":"auto","background-attachment":"scroll","background-type":"","background-media":"","overlay-type":"","overlay-color":"","overlay-opacity":"","overlay-gradient":""},"mobile":{"background-color":"","background-image":"","background-repeat":"repeat","background-position":"center center","background-size":"auto","background-attachment":"scroll","background-type":"","background-media":"","overlay-type":"","overlay-color":"","overlay-opacity":"","overlay-gradient":""}},"ast-content-background-meta":{"desktop":{"background-color":"var(--ast-global-color-5)","background-image":"","background-repeat":"repeat","background-position":"center center","background-size":"auto","background-attachment":"scroll","background-type":"","background-media":"","overlay-type":"","overlay-color":"","overlay-opacity":"","overlay-gradient":""},"tablet":{"background-color":"var(--ast-global-color-5)","background-image":"","background-repeat":"repeat","background-position":"center center","background-size":"auto","background-attachment":"scroll","background-type":"","background-media":"","overlay-type":"","overlay-color":"","overlay-opacity":"","overlay-gradient":""},"mobile":{"background-color":"var(--ast-global-color-5)","background-image":"","background-repeat":"repeat","background-position":"center center","background-size":"auto","background-attachment":"scroll","background-type":"","background-media":"","overlay-type":"","overlay-color":"","overlay-opacity":"","overlay-gradient":""}},"footnotes":""},"class_list":["post-21937","page","type-page","status-publish","hentry"],"post_mailing_queue_ids":[],"_links":{"self":[{"href":"https:\/\/projectes.xtec.cat\/digital\/wp-json\/wp\/v2\/pages\/21937","targetHints":{"allow":["GET"]}}],"collection":[{"href":"https:\/\/projectes.xtec.cat\/digital\/wp-json\/wp\/v2\/pages"}],"about":[{"href":"https:\/\/projectes.xtec.cat\/digital\/wp-json\/wp\/v2\/types\/page"}],"author":[{"embeddable":true,"href":"https:\/\/projectes.xtec.cat\/digital\/wp-json\/wp\/v2\/users\/371"}],"replies":[{"embeddable":true,"href":"https:\/\/projectes.xtec.cat\/digital\/wp-json\/wp\/v2\/comments?post=21937"}],"version-history":[{"count":6,"href":"https:\/\/projectes.xtec.cat\/digital\/wp-json\/wp\/v2\/pages\/21937\/revisions"}],"predecessor-version":[{"id":31624,"href":"https:\/\/projectes.xtec.cat\/digital\/wp-json\/wp\/v2\/pages\/21937\/revisions\/31624"}],"up":[{"embeddable":true,"href":"https:\/\/projectes.xtec.cat\/digital\/wp-json\/wp\/v2\/pages\/18973"}],"wp:attachment":[{"href":"https:\/\/projectes.xtec.cat\/digital\/wp-json\/wp\/v2\/media?parent=21937"}],"curies":[{"name":"wp","href":"https:\/\/api.w.org\/{rel}","templated":true}]}}