{"id":23389,"date":"2024-03-13T08:54:13","date_gmt":"2024-03-13T07:54:13","guid":{"rendered":"https:\/\/projectes.xtec.cat\/digital\/?page_id=23389"},"modified":"2024-11-25T01:53:20","modified_gmt":"2024-11-25T00:53:20","slug":"subscripcions","status":"publish","type":"page","link":"https:\/\/projectes.xtec.cat\/digital\/serveis-digitals\/nodes\/subscripcions\/","title":{"rendered":"Subscripcions"},"content":{"rendered":"\n<div class=\"wp-block-media-text alignwide is-stacked-on-mobile\" style=\"grid-template-columns:15% auto\"><figure class=\"wp-block-media-text__media\"><img loading=\"lazy\" decoding=\"async\" width=\"81\" height=\"84\" src=\"https:\/\/projectes.xtec.cat\/digital\/wp-content\/uploads\/usu2317\/2024\/02\/icona-Subscribe2.png\" alt=\"\" class=\"wp-image-23409 size-full\"\/><\/figure><div class=\"wp-block-media-text__content\">\n<p style=\"font-size:22px\"><strong>Subscribe2<\/strong> \u00e9s una extensi\u00f3 per a Nodes que permet gestionar les subscripcions del lloc web. Ofereix al visitant del nostre web la possibilitat de subscriure&#8217;s, per rebre avisos de modificaci\u00f3 dels blocs, al seu correu.<\/p>\n<\/div><\/div>\n\n\n\n<figure class=\"wp-block-embed is-type-video is-provider-youtube wp-block-embed-youtube wp-embed-aspect-16-9 wp-has-aspect-ratio\"><div class=\"wp-block-embed__wrapper\">\n<div class=\"ast-oembed-container \" style=\"height: 100%;\"><iframe loading=\"lazy\" title=\"Subscripcions\" width=\"500\" height=\"281\" src=\"https:\/\/www.youtube.com\/embed\/pbE0B07spKw?feature=oembed\" frameborder=\"0\" allow=\"accelerometer; autoplay; clipboard-write; encrypted-media; gyroscope; picture-in-picture; web-share\" referrerpolicy=\"strict-origin-when-cross-origin\" allowfullscreen><\/iframe><\/div>\n<\/div><\/figure>\n\n\n\n<div style=\"height:109px\" aria-hidden=\"true\" class=\"wp-block-spacer\"><\/div>\n\n\n\n<p class=\"has-ast-global-color-4-background-color has-background\" style=\"font-size:22px\">A partir d&#8217;aqu\u00ed, contingut pendent de revisi\u00f3 (versi\u00f3 anterior del programari) <\/p>\n\n\n\n<div class=\"wp-block-columns alignwide vora is-layout-flex wp-container-core-columns-is-layout-1 wp-block-columns-is-layout-flex\">\n<div class=\"wp-block-column is-vertically-aligned-center is-layout-flow wp-block-column-is-layout-flow\" style=\"padding-top:var(--wp--preset--spacing--50);padding-right:var(--wp--preset--spacing--80);padding-bottom:var(--wp--preset--spacing--50);padding-left:var(--wp--preset--spacing--80)\">\n<p>Funciona com un sistema de subscripcions de correu de manera que l&#8217;alumnat, el professorat i les fam\u00edlies puguin subscriure&#8217;s als articles de la web del centre. L&#8217;extensi\u00f3 permet:<\/p>\n\n\n\n<ul class=\"wp-block-list\">\n<li><strong>Subscripci\u00f3 a tots els articles<\/strong>. S&#8217;enviar\u00e0 una notificaci\u00f3 per correu electr\u00f2nic cada vegada que es publiqui un article.<\/li>\n\n\n\n<li><strong>Subscripci\u00f3 a una categoria<\/strong>&nbsp;determinada. S&#8217;enviar\u00e0 una notificaci\u00f3 per correu electr\u00f2nic cada vegada que es publiqui un article a aquesta categoria.<\/li>\n\n\n\n<li><strong>Enviament de butlletins<\/strong>&nbsp;o correu a tots els usuaris subscrits, per enviar informaci\u00f3 independent dels articles publicats al web.<\/li>\n<\/ul>\n\n\n\n<p>Cal entrar el nom i l&#8217;adre\u00e7a de correu on es volen rebre els avisos.<\/p>\n<\/div>\n\n\n\n<div class=\"wp-block-column is-vertically-aligned-center marc is-layout-flow wp-block-column-is-layout-flow\" style=\"padding-top:var(--wp--preset--spacing--50);padding-right:var(--wp--preset--spacing--50);padding-bottom:var(--wp--preset--spacing--50);padding-left:var(--wp--preset--spacing--50)\">\n<figure class=\"wp-block-image size-large\"><a href=\"https:\/\/projectes.xtec.cat\/digital\/wp-content\/uploads\/usu2317\/2024\/03\/Imatge_1.png\"><img loading=\"lazy\" decoding=\"async\" width=\"1024\" height=\"700\" src=\"https:\/\/projectes.xtec.cat\/digital\/wp-content\/uploads\/usu2317\/2024\/03\/Imatge_1-1024x700.png\" alt=\"\" class=\"wp-image-24595\" srcset=\"https:\/\/projectes.xtec.cat\/digital\/wp-content\/uploads\/usu2317\/2024\/03\/Imatge_1-1024x700.png 1024w, https:\/\/projectes.xtec.cat\/digital\/wp-content\/uploads\/usu2317\/2024\/03\/Imatge_1-300x205.png 300w, https:\/\/projectes.xtec.cat\/digital\/wp-content\/uploads\/usu2317\/2024\/03\/Imatge_1-768x525.png 768w, https:\/\/projectes.xtec.cat\/digital\/wp-content\/uploads\/usu2317\/2024\/03\/Imatge_1.png 1309w\" sizes=\"auto, (max-width: 1024px) 100vw, 1024px\" \/><\/a><\/figure>\n<\/div>\n<\/div>\n\n\n\n<div style=\"height:10px\" aria-hidden=\"true\" class=\"wp-block-spacer\"><\/div>\n\n\n\n<div class=\"wp-block-columns alignwide vora is-layout-flex wp-container-core-columns-is-layout-2 wp-block-columns-is-layout-flex\">\n<div class=\"wp-block-column is-vertically-aligned-center is-layout-flow wp-block-column-is-layout-flow\" style=\"padding-top:var(--wp--preset--spacing--50);padding-right:var(--wp--preset--spacing--80);padding-bottom:var(--wp--preset--spacing--50);padding-left:var(--wp--preset--spacing--80)\">\n<p>Un cop enregistrades les dades, es mostra un missatge on s&#8217;indica que s&#8217;ha de confirmar la subscripci\u00f3, accedint al missatge autom\u00e0tic que s&#8217;envia a la b\u00fastia de l&#8217;usuari.<\/p>\n<\/div>\n\n\n\n<div class=\"wp-block-column is-vertically-aligned-center marc is-layout-flow wp-block-column-is-layout-flow\" style=\"padding-top:var(--wp--preset--spacing--50);padding-right:var(--wp--preset--spacing--50);padding-bottom:var(--wp--preset--spacing--50);padding-left:var(--wp--preset--spacing--50)\">\n<figure class=\"wp-block-image size-large\"><a href=\"https:\/\/projectes.xtec.cat\/digital\/wp-content\/uploads\/usu2317\/2024\/03\/Imatge_2.png\"><img loading=\"lazy\" decoding=\"async\" width=\"1024\" height=\"607\" src=\"https:\/\/projectes.xtec.cat\/digital\/wp-content\/uploads\/usu2317\/2024\/03\/Imatge_2-1024x607.png\" alt=\"\" class=\"wp-image-24599\" srcset=\"https:\/\/projectes.xtec.cat\/digital\/wp-content\/uploads\/usu2317\/2024\/03\/Imatge_2-1024x607.png 1024w, https:\/\/projectes.xtec.cat\/digital\/wp-content\/uploads\/usu2317\/2024\/03\/Imatge_2-300x178.png 300w, https:\/\/projectes.xtec.cat\/digital\/wp-content\/uploads\/usu2317\/2024\/03\/Imatge_2-768x455.png 768w, https:\/\/projectes.xtec.cat\/digital\/wp-content\/uploads\/usu2317\/2024\/03\/Imatge_2.png 1474w\" sizes=\"auto, (max-width: 1024px) 100vw, 1024px\" \/><\/a><\/figure>\n<\/div>\n<\/div>\n\n\n\n<div style=\"height:10px\" aria-hidden=\"true\" class=\"wp-block-spacer\"><\/div>\n\n\n\n<div style=\"height:10px\" aria-hidden=\"true\" class=\"wp-block-spacer\"><\/div>\n\n\n\n<div style=\"height:10px\" aria-hidden=\"true\" class=\"wp-block-spacer\"><\/div>\n\n\n\n<div class=\"wp-block-columns alignwide vora is-layout-flex wp-container-core-columns-is-layout-3 wp-block-columns-is-layout-flex\">\n<div class=\"wp-block-column is-vertically-aligned-center is-layout-flow wp-block-column-is-layout-flow\" style=\"padding-top:var(--wp--preset--spacing--50);padding-right:var(--wp--preset--spacing--80);padding-bottom:var(--wp--preset--spacing--50);padding-left:var(--wp--preset--spacing--80)\">\n<p style=\"margin-right:var(--wp--preset--spacing--50);margin-left:var(--wp--preset--spacing--50)\">Per accedir a la configuraci\u00f3 d&#8217;aquesta extensi\u00f3 cal anar a <strong>Tauler -&gt; Subscripcions<\/strong>, on es pot veure el nombre de subscriptors actualitzat en aquell moment.<\/p>\n<\/div>\n\n\n\n<div class=\"wp-block-column is-vertically-aligned-center marc is-layout-flow wp-block-column-is-layout-flow\" style=\"padding-top:var(--wp--preset--spacing--50);padding-right:var(--wp--preset--spacing--50);padding-bottom:var(--wp--preset--spacing--50);padding-left:var(--wp--preset--spacing--50)\"><\/div>\n<\/div>\n\n\n\n<div style=\"height:10px\" aria-hidden=\"true\" class=\"wp-block-spacer\"><\/div>\n\n\n\n<div style=\"height:10px\" aria-hidden=\"true\" class=\"wp-block-spacer\"><\/div>\n\n\n\n<div style=\"height:54px\" aria-hidden=\"true\" class=\"wp-block-spacer\"><\/div>\n\n\n\n<div class=\"wp-block-getwid-section alignfull alignfull\"><div class=\"wp-block-getwid-section__wrapper\"><div class=\"wp-block-getwid-section__inner-wrapper\"><div class=\"wp-block-getwid-section__background-holder\"><div class=\"wp-block-getwid-section__background has-background has-ast-global-color-4-background-color\"><\/div><div class=\"wp-block-getwid-section__foreground\"><\/div><\/div><div class=\"wp-block-getwid-section__content\"><div class=\"wp-block-getwid-section__inner-content\">\n<h3 class=\"wp-block-heading\">Com funciona l&#8217;extensi\u00f3 de Subscripcions?<\/h3>\n\n\n\n<div class=\"wp-block-getwid-accordion has-icon-left\" data-active-element=\"none\">\n<div class=\"wp-block-getwid-accordion__header-wrapper\"><h4 class=\"wp-block-getwid-accordion__header\"><a href=\"#\"><span class=\"wp-block-getwid-accordion__header-title\"><mark style=\"background-color:rgba(0, 0, 0, 0)\" class=\"has-inline-color has-ast-global-color-1-color\">1. Creaci\u00f3 de llistes<\/mark><\/span><span class=\"wp-block-getwid-accordion__icon is-active\"><i class=\"fas fa-chevron-down\"><\/i><\/span><span class=\"wp-block-getwid-accordion__icon is-passive\"><i class=\"fas fa-minus\"><\/i><\/span><\/a><\/h4><\/div><div class=\"wp-block-getwid-accordion__content-wrapper\"><div class=\"wp-block-getwid-accordion__content\">\n<p>Com a administradors, el primer que hem de fer \u00e9s crear les nostres llistes de distribuci\u00f3. Podeu crear tantes llistes com necessiteu. Poden correspondre a un grup-classe, a un projecte, a una activitat concreta, etc. Exemples: ESO 1A, ESO 1B, ESO 1, Projecte Hort Escolar, Viatge de fi de curs, etc.<\/p>\n\n\n\n<p>Per crear una llista aneu a&nbsp;<strong>Audi\u00e8ncia | Gestiona les llistes<\/strong><\/p>\n\n\n\n<figure class=\"wp-block-image size-large is-style-default\"><img loading=\"lazy\" decoding=\"async\" width=\"1024\" height=\"324\" src=\"https:\/\/projectes.xtec.cat\/digital\/wp-content\/uploads\/usu2317\/2024\/03\/seleccio_043-1024x324.png\" alt=\"\" class=\"wp-image-25195\" srcset=\"https:\/\/projectes.xtec.cat\/digital\/wp-content\/uploads\/usu2317\/2024\/03\/seleccio_043-1024x324.png 1024w, https:\/\/projectes.xtec.cat\/digital\/wp-content\/uploads\/usu2317\/2024\/03\/seleccio_043-300x95.png 300w, https:\/\/projectes.xtec.cat\/digital\/wp-content\/uploads\/usu2317\/2024\/03\/seleccio_043-768x243.png 768w, https:\/\/projectes.xtec.cat\/digital\/wp-content\/uploads\/usu2317\/2024\/03\/seleccio_043.png 1171w\" sizes=\"auto, (max-width: 1024px) 100vw, 1024px\" \/><\/figure>\n\n\n\n<div style=\"height:20px\" aria-hidden=\"true\" class=\"wp-block-spacer\"><\/div>\n\n\n\n<p>A la pantalla d\u2019<strong>Audi\u00e8ncia &gt; Llistes<\/strong>, feu clic al bot\u00f3&nbsp;<strong>Afegir nova llista (Add New)<\/strong> i poseu-li un nom descriptiu a la llista. Per exemple, si voleu crear una llista de nom\u00e9s els articles que corresponguin als articles de&nbsp;<strong>Portada<\/strong>, podeu posar com a nom&nbsp;<strong>Portada<\/strong>&nbsp;i desar els canvis.<\/p>\n\n\n\n<div class=\"wp-block-columns is-layout-flex wp-container-core-columns-is-layout-4 wp-block-columns-is-layout-flex\">\n<div class=\"wp-block-column is-layout-flow wp-block-column-is-layout-flow\">\n<figure class=\"wp-block-image size-full is-resized is-style-default\"><img loading=\"lazy\" decoding=\"async\" width=\"515\" height=\"223\" src=\"https:\/\/projectes.xtec.cat\/digital\/wp-content\/uploads\/usu2317\/2024\/03\/seleccio_044.png\" alt=\"\" class=\"wp-image-25196\" style=\"aspect-ratio:2.309417040358744;width:500px;height:auto\" srcset=\"https:\/\/projectes.xtec.cat\/digital\/wp-content\/uploads\/usu2317\/2024\/03\/seleccio_044.png 515w, https:\/\/projectes.xtec.cat\/digital\/wp-content\/uploads\/usu2317\/2024\/03\/seleccio_044-300x130.png 300w\" sizes=\"auto, (max-width: 515px) 100vw, 515px\" \/><\/figure>\n<\/div>\n\n\n\n<div class=\"wp-block-column is-layout-flow wp-block-column-is-layout-flow\">\n<figure class=\"wp-block-image size-full is-resized is-style-default\"><img loading=\"lazy\" decoding=\"async\" width=\"508\" height=\"238\" src=\"https:\/\/projectes.xtec.cat\/digital\/wp-content\/uploads\/usu2317\/2024\/03\/seleccio_045.png\" alt=\"\" class=\"wp-image-25197\" style=\"width:460px\" srcset=\"https:\/\/projectes.xtec.cat\/digital\/wp-content\/uploads\/usu2317\/2024\/03\/seleccio_045.png 508w, https:\/\/projectes.xtec.cat\/digital\/wp-content\/uploads\/usu2317\/2024\/03\/seleccio_045-300x141.png 300w\" sizes=\"auto, (max-width: 508px) 100vw, 508px\" \/><\/figure>\n<\/div>\n<\/div>\n\n\n\n<div style=\"height:20px\" aria-hidden=\"true\" class=\"wp-block-spacer\"><\/div>\n\n\n\n<p>Ara hem de vincular aquesta llista amb la categoria&nbsp;<strong>Portada<\/strong>. Aix\u00f2 ho farem mitjan\u00e7ant les&nbsp;<strong>Campanyes<\/strong>.<\/p>\n\n\n\n<div style=\"height:20px\" aria-hidden=\"true\" class=\"wp-block-spacer\"><\/div>\n<\/div><\/div>\n\n\n\n<div class=\"wp-block-getwid-accordion__header-wrapper\"><h4 class=\"wp-block-getwid-accordion__header\"><a href=\"#\"><span class=\"wp-block-getwid-accordion__header-title\"><mark style=\"background-color:rgba(0, 0, 0, 0)\" class=\"has-inline-color has-ast-global-color-8-color\">2. Creaci\u00f3 d&#8217;una campanya de notificaci\u00f3 de publicaci\u00f3 d&#8217;articles nous<\/mark><\/span><span class=\"wp-block-getwid-accordion__icon is-active\"><i class=\"fas fa-chevron-down\"><\/i><\/span><span class=\"wp-block-getwid-accordion__icon is-passive\"><i class=\"fas fa-minus\"><\/i><\/span><\/a><\/h4><\/div><div class=\"wp-block-getwid-accordion__content-wrapper\"><div class=\"wp-block-getwid-accordion__content\">\n<p>Aneu a&nbsp;<strong>Tauler | Subscripcions | Campanyes<\/strong>&nbsp;i trieu&nbsp;<strong>Crea una notificaci\u00f3 de publicaci\u00f3<\/strong><\/p>\n\n\n\n<figure class=\"wp-block-image size-full is-style-default\"><img loading=\"lazy\" decoding=\"async\" width=\"862\" height=\"367\" src=\"https:\/\/projectes.xtec.cat\/digital\/wp-content\/uploads\/usu2317\/2024\/03\/seleccio_046.png\" alt=\"\" class=\"wp-image-25206\" srcset=\"https:\/\/projectes.xtec.cat\/digital\/wp-content\/uploads\/usu2317\/2024\/03\/seleccio_046.png 862w, https:\/\/projectes.xtec.cat\/digital\/wp-content\/uploads\/usu2317\/2024\/03\/seleccio_046-300x128.png 300w, https:\/\/projectes.xtec.cat\/digital\/wp-content\/uploads\/usu2317\/2024\/03\/seleccio_046-768x327.png 768w\" sizes=\"auto, (max-width: 862px) 100vw, 862px\" \/><\/figure>\n\n\n\n<div style=\"height:20px\" aria-hidden=\"true\" class=\"wp-block-spacer\"><\/div>\n\n\n\n<p>Seleccioneu la llista, la plantilla de text que apareixer\u00e0 al correu electr\u00f2nic informant d\u2019una nova publicaci\u00f3, i vinculeu-la amb la categoria dels articles.<\/p>\n\n\n\n<figure class=\"wp-block-image size-full is-style-default\"><img loading=\"lazy\" decoding=\"async\" width=\"957\" height=\"627\" src=\"https:\/\/projectes.xtec.cat\/digital\/wp-content\/uploads\/usu2317\/2024\/03\/seleccio_047.png\" alt=\"\" class=\"wp-image-25207\" srcset=\"https:\/\/projectes.xtec.cat\/digital\/wp-content\/uploads\/usu2317\/2024\/03\/seleccio_047.png 957w, https:\/\/projectes.xtec.cat\/digital\/wp-content\/uploads\/usu2317\/2024\/03\/seleccio_047-300x197.png 300w, https:\/\/projectes.xtec.cat\/digital\/wp-content\/uploads\/usu2317\/2024\/03\/seleccio_047-768x503.png 768w\" sizes=\"auto, (max-width: 957px) 100vw, 957px\" \/><\/figure>\n\n\n\n<div style=\"height:20px\" aria-hidden=\"true\" class=\"wp-block-spacer\"><\/div>\n\n\n\n<p>Una vegada creada la campanya, creeu un formulari de subscripci\u00f3 i afegir un giny perqu\u00e8 els nostres usuaris se\u2019n puguin subscriure.<\/p>\n\n\n\n<div style=\"height:20px\" aria-hidden=\"true\" class=\"wp-block-spacer\"><\/div>\n<\/div><\/div>\n\n\n\n<div class=\"wp-block-getwid-accordion__header-wrapper\"><h4 class=\"wp-block-getwid-accordion__header\"><a href=\"#\"><span class=\"wp-block-getwid-accordion__header-title\"><mark style=\"background-color:rgba(0, 0, 0, 0)\" class=\"has-inline-color has-ast-global-color-8-color\">3. Creaci\u00f3 d&#8217;un formulari de subscripci\u00f3<\/mark><\/span><span class=\"wp-block-getwid-accordion__icon is-active\"><i class=\"fas fa-chevron-down\"><\/i><\/span><span class=\"wp-block-getwid-accordion__icon is-passive\"><i class=\"fas fa-minus\"><\/i><\/span><\/a><\/h4><\/div><div class=\"wp-block-getwid-accordion__content-wrapper\"><div class=\"wp-block-getwid-accordion__content\">\n<p>Aneu a&nbsp;<strong>Tauler | Subscripcions | Formularis<\/strong>&nbsp;i feu clic a&nbsp;<strong>Afegeix (Add New)<\/strong>. Despr\u00e9s, ompliu els camps i trieu la llista on voleu que els usuaris se subscriguin.<\/p>\n\n\n\n<div class=\"wp-block-columns is-layout-flex wp-container-core-columns-is-layout-5 wp-block-columns-is-layout-flex\">\n<div class=\"wp-block-column is-layout-flow wp-block-column-is-layout-flow\" style=\"flex-basis:40%\"><\/div>\n\n\n\n<div class=\"wp-block-column is-layout-flow wp-block-column-is-layout-flow\" style=\"flex-basis:60%\"><\/div>\n<\/div>\n\n\n\n<div style=\"height:20px\" aria-hidden=\"true\" class=\"wp-block-spacer\"><\/div>\n<\/div><\/div>\n\n\n\n<div class=\"wp-block-getwid-accordion__header-wrapper\"><h4 class=\"wp-block-getwid-accordion__header\"><a href=\"#\"><span class=\"wp-block-getwid-accordion__header-title\"><mark style=\"background-color:rgba(0, 0, 0, 0)\" class=\"has-inline-color has-ast-global-color-8-color\">4. Creaci\u00f3 d&#8217;un giny de subscripci\u00f3<\/mark><\/span><span class=\"wp-block-getwid-accordion__icon is-active\"><i class=\"fas fa-chevron-down\"><\/i><\/span><span class=\"wp-block-getwid-accordion__icon is-passive\"><i class=\"fas fa-minus\"><\/i><\/span><\/a><\/h4><\/div><div class=\"wp-block-getwid-accordion__content-wrapper\"><div class=\"wp-block-getwid-accordion__content\">\n<p>Ara nom\u00e9s queda afegir un giny a la nostra web on els usuaris es puguin subscriure autom\u00e0ticament. Aneu a la p\u00e0gina principal i feu clic a&nbsp;<strong>Personalitza | Ginys<\/strong>&nbsp;i trieu la zona de ginys on voleu ubicar el giny. Feu clic al bot\u00f3&nbsp;<strong>Afegeix un giny<\/strong>&nbsp;i busqueu un giny de tipus&nbsp;<strong>Subscripcions<\/strong>.<\/p>\n\n\n\n<p>Ompliu el t\u00edtol i trieu el formulari desitjat.<\/p>\n\n\n\n<div class=\"wp-block-columns is-layout-flex wp-container-core-columns-is-layout-6 wp-block-columns-is-layout-flex\">\n<div class=\"wp-block-column is-layout-flow wp-block-column-is-layout-flow\"><\/div>\n\n\n\n<div class=\"wp-block-column is-layout-flow wp-block-column-is-layout-flow\"><\/div>\n<\/div>\n\n\n\n<div style=\"height:20px\" aria-hidden=\"true\" class=\"wp-block-spacer\"><\/div>\n\n\n\n<p>A la imatge podeu veure l\u2019aspecte del giny amb el formulari de subscripci\u00f3. Ara, l\u2019usuari pot subscriure\u2019s a la llista i rebre un correu cada vegada que hi hagi un nou article vinculat a aquesta llista (en aquest cas, els articles categoritzats com a&nbsp;<strong>Portada<\/strong>).<\/p>\n\n\n\n<p>\u00c9s necessari que l\u2019usuari confirmi la subscripci\u00f3 validant un missatge de confirmaci\u00f3 que ser\u00e0 enviat al seu correu.<\/p>\n\n\n\n<p>Podeu consultar els usuaris i l\u2019estat de la subscripci\u00f3 a&nbsp;<strong>Tauler | Subscripcions | Audi\u00e8ncia<\/strong>. Podeu veure un indicador verd a les llistes confirmades i un indicador groc per a les no confirmades.<\/p>\n\n\n\n<div style=\"height:20px\" aria-hidden=\"true\" class=\"wp-block-spacer\"><\/div>\n<\/div><\/div>\n\n\n\n<div class=\"wp-block-getwid-accordion__header-wrapper\"><h4 class=\"wp-block-getwid-accordion__header\"><a href=\"#\"><span class=\"wp-block-getwid-accordion__header-title\"><mark style=\"background-color:rgba(0, 0, 0, 0)\" class=\"has-inline-color has-ast-global-color-8-color\">5. Subscripci\u00f3 d&#8217;usuaris en massa mitjan\u00e7ant un fitxer CSV<\/mark><\/span><span class=\"wp-block-getwid-accordion__icon is-active\"><i class=\"fas fa-chevron-down\"><\/i><\/span><span class=\"wp-block-getwid-accordion__icon is-passive\"><i class=\"fas fa-minus\"><\/i><\/span><\/a><\/h4><\/div><div class=\"wp-block-getwid-accordion__content-wrapper\"><div class=\"wp-block-getwid-accordion__content\">\n<p>L\u2019administrador del Nodes tamb\u00e9 pot pujar una s\u00e8rie d\u2019usuaris i subscriure\u2019ls a un grup determinat a trav\u00e9s d\u2019un fitxer CSV. <\/p>\n\n\n\n<p>Per fer-ho cal anar a l\u2019apartat&nbsp;<strong>Subscripcions | Audi\u00e8ncia<\/strong>&nbsp;i fer clic a&nbsp;<strong>Importa els contactes<\/strong>.<\/p>\n\n\n\n<div style=\"height:20px\" aria-hidden=\"true\" class=\"wp-block-spacer\"><\/div>\n\n\n\n<p>Seleccioneu un fitxer CSV que contingui els usuaris que es volen importar, amb el format:&nbsp;<strong>Nom, correu electr\u00f2nic<\/strong><\/p>\n\n\n\n<pre class=\"wp-block-code\"><code>Nom1, correu1@email.cat\nNom2, correu2@email.cat\nNom3, correu3@email.cat\nNom4, correu4@email.cat<\/code><\/pre>\n<\/div><\/div>\n\n\n\n<div class=\"wp-block-getwid-accordion__header-wrapper\"><h4 class=\"wp-block-getwid-accordion__header\"><a href=\"#\"><span class=\"wp-block-getwid-accordion__header-title\"><mark style=\"background-color:rgba(0, 0, 0, 0)\" class=\"has-inline-color has-ast-global-color-8-color\">6. Missatges \/ Butlletins<\/mark><\/span><span class=\"wp-block-getwid-accordion__icon is-active\"><i class=\"fas fa-chevron-down\"><\/i><\/span><span class=\"wp-block-getwid-accordion__icon is-passive\"><i class=\"fas fa-minus\"><\/i><\/span><\/a><\/h4><\/div><div class=\"wp-block-getwid-accordion__content-wrapper\"><div class=\"wp-block-getwid-accordion__content\">\n<p>S\u00f3n missatges que s\u2019envien a un grup de subscripci\u00f3 determinat. S\u00f3n independents dels articles o p\u00e0gines que es publiquen a la web. Per enviar un missatge a un grup d\u2019usuaris subscrit, calen tamb\u00e9 dos passos:<\/p>\n\n\n\n<ul class=\"wp-block-list\">\n<li>A&nbsp;<strong>Tauler | Subscripcions | Campanyes | Gesti\u00f3 de plantilles<\/strong>, cal crear una plantilla (de tipus est\u00e0tica) amb el missatge que es vol trametre.<\/li>\n\n\n\n<li>A&nbsp;<strong>Tauler | Subscripcions | Campanyes | Envia una difusi\u00f3<\/strong>, trieu la plantilla i la llista de distribuci\u00f3 a la qual es vol enviar el missatge.<\/li>\n<\/ul>\n\n\n\n<div class=\"wp-block-columns is-layout-flex wp-container-core-columns-is-layout-7 wp-block-columns-is-layout-flex\">\n<div class=\"wp-block-column is-layout-flow wp-block-column-is-layout-flow\"><\/div>\n\n\n\n<div class=\"wp-block-column is-layout-flow wp-block-column-is-layout-flow\"><\/div>\n<\/div>\n\n\n\n<div style=\"height:20px\" aria-hidden=\"true\" class=\"wp-block-spacer\"><\/div>\n\n\n\n<p>El missatge trigar\u00e0 1 hora a enviar-se. Podeu consultar l\u2019estat de l\u2019enviament o fins i tot enviar-lo immediatament a&nbsp;<strong>Tauler | Subscripcions | Informes<\/strong><\/p>\n\n\n\n<div style=\"height:20px\" aria-hidden=\"true\" class=\"wp-block-spacer\"><\/div>\n<\/div><\/div>\n<\/div>\n\n\n\n<div style=\"height:114px\" aria-hidden=\"true\" class=\"wp-block-spacer\"><\/div>\n<\/div><\/div><\/div><\/div><\/div>\n","protected":false},"excerpt":{"rendered":"<p>Subscribe2 \u00e9s una extensi\u00f3 per a Nodes que permet gestionar les subscripcions del lloc web. Ofereix al visitant del nostre web la possibilitat de subscriure&#8217;s, per rebre avisos de modificaci\u00f3 dels blocs, al seu correu. A partir d&#8217;aqu\u00ed, contingut pendent de revisi\u00f3 (versi\u00f3 anterior del programari) Funciona com un sistema de subscripcions de correu de [&hellip;]<\/p>\n","protected":false},"author":10,"featured_media":0,"parent":10077,"menu_order":0,"comment_status":"closed","ping_status":"close","template":"","meta":{"site-sidebar-layout":"default","site-content-layout":"","ast-site-content-layout":"default","site-content-style":"default","site-sidebar-style":"default","ast-global-header-display":"","ast-banner-title-visibility":"","ast-main-header-display":"","ast-hfb-above-header-display":"","ast-hfb-below-header-display":"","ast-hfb-mobile-header-display":"","site-post-title":"","ast-breadcrumbs-content":"","ast-featured-img":"","footer-sml-layout":"","theme-transparent-header-meta":"","adv-header-id-meta":"","stick-header-meta":"","header-above-stick-meta":"","header-main-stick-meta":"","header-below-stick-meta":"","astra-migrate-meta-layouts":"set","ast-page-background-enabled":"default","ast-page-background-meta":{"desktop":{"background-color":"var(--ast-global-color-4)","background-image":"","background-repeat":"repeat","background-position":"center center","background-size":"auto","background-attachment":"scroll","background-type":"","background-media":"","overlay-type":"","overlay-color":"","overlay-opacity":"","overlay-gradient":""},"tablet":{"background-color":"","background-image":"","background-repeat":"repeat","background-position":"center center","background-size":"auto","background-attachment":"scroll","background-type":"","background-media":"","overlay-type":"","overlay-color":"","overlay-opacity":"","overlay-gradient":""},"mobile":{"background-color":"","background-image":"","background-repeat":"repeat","background-position":"center center","background-size":"auto","background-attachment":"scroll","background-type":"","background-media":"","overlay-type":"","overlay-color":"","overlay-opacity":"","overlay-gradient":""}},"ast-content-background-meta":{"desktop":{"background-color":"var(--ast-global-color-5)","background-image":"","background-repeat":"repeat","background-position":"center center","background-size":"auto","background-attachment":"scroll","background-type":"","background-media":"","overlay-type":"","overlay-color":"","overlay-opacity":"","overlay-gradient":""},"tablet":{"background-color":"var(--ast-global-color-5)","background-image":"","background-repeat":"repeat","background-position":"center center","background-size":"auto","background-attachment":"scroll","background-type":"","background-media":"","overlay-type":"","overlay-color":"","overlay-opacity":"","overlay-gradient":""},"mobile":{"background-color":"var(--ast-global-color-5)","background-image":"","background-repeat":"repeat","background-position":"center center","background-size":"auto","background-attachment":"scroll","background-type":"","background-media":"","overlay-type":"","overlay-color":"","overlay-opacity":"","overlay-gradient":""}},"footnotes":""},"class_list":["post-23389","page","type-page","status-publish","hentry"],"post_mailing_queue_ids":[],"_links":{"self":[{"href":"https:\/\/projectes.xtec.cat\/digital\/wp-json\/wp\/v2\/pages\/23389","targetHints":{"allow":["GET"]}}],"collection":[{"href":"https:\/\/projectes.xtec.cat\/digital\/wp-json\/wp\/v2\/pages"}],"about":[{"href":"https:\/\/projectes.xtec.cat\/digital\/wp-json\/wp\/v2\/types\/page"}],"author":[{"embeddable":true,"href":"https:\/\/projectes.xtec.cat\/digital\/wp-json\/wp\/v2\/users\/10"}],"replies":[{"embeddable":true,"href":"https:\/\/projectes.xtec.cat\/digital\/wp-json\/wp\/v2\/comments?post=23389"}],"version-history":[{"count":6,"href":"https:\/\/projectes.xtec.cat\/digital\/wp-json\/wp\/v2\/pages\/23389\/revisions"}],"predecessor-version":[{"id":32099,"href":"https:\/\/projectes.xtec.cat\/digital\/wp-json\/wp\/v2\/pages\/23389\/revisions\/32099"}],"up":[{"embeddable":true,"href":"https:\/\/projectes.xtec.cat\/digital\/wp-json\/wp\/v2\/pages\/10077"}],"wp:attachment":[{"href":"https:\/\/projectes.xtec.cat\/digital\/wp-json\/wp\/v2\/media?parent=23389"}],"curies":[{"name":"wp","href":"https:\/\/api.w.org\/{rel}","templated":true}]}}