{"id":24720,"date":"2024-03-15T16:15:45","date_gmt":"2024-03-15T15:15:45","guid":{"rendered":"https:\/\/projectes.xtec.cat\/digital\/?page_id=24720"},"modified":"2024-09-18T21:33:34","modified_gmt":"2024-09-18T19:33:34","slug":"evitar-que-sactivi-el-bloqueig-de-pantalla","status":"publish","type":"page","link":"https:\/\/projectes.xtec.cat\/digital\/equipaments-i-infraestructures\/ordinadors\/evitar-que-sactivi-el-bloqueig-de-pantalla\/","title":{"rendered":"Evitar que s&#8217;activi el bloqueig de pantalla (Windows)"},"content":{"rendered":"\n<div class=\"wp-block-getwid-section\"><div class=\"wp-block-getwid-section__wrapper\"><div class=\"wp-block-getwid-section__inner-wrapper\"><div class=\"wp-block-getwid-section__background-holder\"><div class=\"wp-block-getwid-section__background\"><\/div><div class=\"wp-block-getwid-section__foreground\"><\/div><\/div><div class=\"wp-block-getwid-section__content\"><div class=\"wp-block-getwid-section__inner-content\">\n<div class=\"wp-block-columns is-layout-flex wp-container-core-columns-is-layout-1 wp-block-columns-is-layout-flex\">\n<div class=\"wp-block-column caixa is-layout-flow wp-block-column-is-layout-flow\">\n<h2 class=\"wp-block-heading\">Keep Screen On<\/h2>\n\n\n\n<p>Per evitar el bloqueig autom\u00e0tic de pantalla quan esteu fent classe, podeu instal\u00b7lar-vos&nbsp;<a href=\"https:\/\/www.microsoft.com\/es-es\/p\/keep-screen-on\/9n7qscs3lwfs?activetab=pivot:overviewtab0\">Keep Screen On<\/a>, una aplicaci\u00f3 disponible a Microsoft Store.<\/p>\n<\/div>\n<\/div>\n\n\n\n<div style=\"height:30px\" aria-hidden=\"true\" class=\"wp-block-spacer\"><\/div>\n\n\n\n<div class=\"wp-block-columns is-layout-flex wp-container-core-columns-is-layout-2 wp-block-columns-is-layout-flex\">\n<div class=\"wp-block-column caixa is-layout-flow wp-block-column-is-layout-flow\">\n<h2 class=\"wp-block-heading\">Caffeine<\/h2>\n\n\n\n<p>Un programa alternatiu que no requereix l&#8217;acc\u00e9s a la botiga d&#8217;aplicacions de Microsoft \u00e9s&nbsp;<a href=\"https:\/\/www.zhornsoftware.co.uk\/caffeine\/index.html\">Caffeine<\/a>. Aquesta aplicaci\u00f3 \u00e9s&nbsp;<a href=\"https:\/\/ca.wikipedia.org\/wiki\/Programari_gratu%C3%AFt\">Freeware<\/a>&nbsp;per la qual cosa no hi ha problemes per a la seva distribuci\u00f3. El seu \u00fas \u00e9s senzill. Nom\u00e9s cal descarregar el&nbsp;<a href=\"https:\/\/www.zhornsoftware.co.uk\/caffeine\/caffeine.zip\">fitxer comprimit<\/a>&nbsp;i descomprimir-lo. Un cop descomprimit, es mostraran dos fitxers: caffeine32.exe i caffeine64.exe.<\/p>\n\n\n\n<figure class=\"wp-block-image\"><a href=\"https:\/\/projectes.xtec.cat\/coordinaciodigital\/wp-content\/uploads\/usu2494\/2021\/03\/img-01.png\"><img decoding=\"async\" src=\"https:\/\/projectes.xtec.cat\/coordinaciodigital\/wp-content\/uploads\/usu2494\/2021\/03\/img-01.png\" alt=\"\" class=\"wp-image-8754\"\/><\/a><\/figure>\n\n\n\n<p>El W10 dels ordinadors del PEDC s\u00f3n de 64 bits per la qual cosa s&#8217;extreur\u00e0 a l&#8217;escriptori i s&#8217;executar\u00e0 el fitxer caffeine64.exe.<\/p>\n\n\n\n<figure class=\"wp-block-image\"><a href=\"https:\/\/projectes.xtec.cat\/coordinaciodigital\/wp-content\/uploads\/usu2494\/2021\/03\/img-02.png\"><img decoding=\"async\" src=\"https:\/\/projectes.xtec.cat\/coordinaciodigital\/wp-content\/uploads\/usu2494\/2021\/03\/img-02.png\" alt=\"\" class=\"wp-image-8755\"\/><\/a><\/figure>\n\n\n\n<p>El primer cop que s&#8217;executi el programa, es mostrar\u00e0 la pantalla d&#8217;av\u00eds seg\u00fcent:<\/p>\n\n\n\n<figure class=\"wp-block-image\"><a href=\"https:\/\/projectes.xtec.cat\/coordinaciodigital\/wp-content\/uploads\/usu2494\/2021\/03\/img-03.png\"><img decoding=\"async\" src=\"https:\/\/projectes.xtec.cat\/coordinaciodigital\/wp-content\/uploads\/usu2494\/2021\/03\/img-03.png\" alt=\"\" class=\"wp-image-8756\"\/><\/a><\/figure>\n\n\n\n<p>Cal clicar a &#8220;M\u00e9s informaci\u00f3&#8221; per autoritzar l&#8217;execuci\u00f3 del programa ja que prov\u00e9 d&#8217;una font externa:<\/p>\n\n\n\n<figure class=\"wp-block-image\"><a href=\"https:\/\/projectes.xtec.cat\/coordinaciodigital\/wp-content\/uploads\/usu2494\/2021\/03\/img-04.png\"><img decoding=\"async\" src=\"https:\/\/projectes.xtec.cat\/coordinaciodigital\/wp-content\/uploads\/usu2494\/2021\/03\/img-04.png\" alt=\"\" class=\"wp-image-8757\"\/><\/a><\/figure>\n\n\n\n<p>Un cop clicat a &#8220;Executa de totes maneres&#8221;, el programa Caffeine es troba amagat per la qual cosa s&#8217;han de desplegar les icones amagades per poder accedir al programa:<\/p>\n\n\n\n<figure class=\"wp-block-image\"><a href=\"https:\/\/projectes.xtec.cat\/coordinaciodigital\/wp-content\/uploads\/usu2494\/2021\/03\/img-05.png\"><img decoding=\"async\" src=\"https:\/\/projectes.xtec.cat\/coordinaciodigital\/wp-content\/uploads\/usu2494\/2021\/03\/img-05.png\" alt=\"\" class=\"wp-image-8758\"\/><\/a><\/figure>\n\n\n\n<p>Si es fa clic amb el bot\u00f3 dret del ratol\u00ed es desplega el men\u00fa seg\u00fcent:<\/p>\n\n\n\n<figure class=\"wp-block-image\"><a href=\"https:\/\/projectes.xtec.cat\/coordinaciodigital\/wp-content\/uploads\/usu2494\/2021\/03\/img-06.png\"><img decoding=\"async\" src=\"https:\/\/projectes.xtec.cat\/coordinaciodigital\/wp-content\/uploads\/usu2494\/2021\/03\/img-06.png\" alt=\"\" class=\"wp-image-8759\"\/><\/a><\/figure>\n\n\n\n<p>on es pot configurar el temps durant el qual l&#8217;ordinador es mant\u00e9 actiu o b\u00e9 el temps d&#8217;inactivitat del programa Caffeine.<\/p>\n<\/div>\n<\/div>\n<\/div><\/div><\/div><\/div><\/div>\n\n\n\n<div style=\"height:100px\" aria-hidden=\"true\" class=\"wp-block-spacer\"><\/div>\n","protected":false},"excerpt":{"rendered":"","protected":false},"author":1,"featured_media":0,"parent":12586,"menu_order":0,"comment_status":"closed","ping_status":"close","template":"","meta":{"site-sidebar-layout":"default","site-content-layout":"","ast-site-content-layout":"default","site-content-style":"default","site-sidebar-style":"default","ast-global-header-display":"","ast-banner-title-visibility":"","ast-main-header-display":"","ast-hfb-above-header-display":"","ast-hfb-below-header-display":"","ast-hfb-mobile-header-display":"","site-post-title":"","ast-breadcrumbs-content":"","ast-featured-img":"","footer-sml-layout":"","theme-transparent-header-meta":"","adv-header-id-meta":"","stick-header-meta":"","header-above-stick-meta":"","header-main-stick-meta":"","header-below-stick-meta":"","astra-migrate-meta-layouts":"set","ast-page-background-enabled":"default","ast-page-background-meta":{"desktop":{"background-color":"var(--ast-global-color-4)","background-image":"","background-repeat":"repeat","background-position":"center center","background-size":"auto","background-attachment":"scroll","background-type":"","background-media":"","overlay-type":"","overlay-color":"","overlay-opacity":"","overlay-gradient":""},"tablet":{"background-color":"","background-image":"","background-repeat":"repeat","background-position":"center center","background-size":"auto","background-attachment":"scroll","background-type":"","background-media":"","overlay-type":"","overlay-color":"","overlay-opacity":"","overlay-gradient":""},"mobile":{"background-color":"","background-image":"","background-repeat":"repeat","background-position":"center center","background-size":"auto","background-attachment":"scroll","background-type":"","background-media":"","overlay-type":"","overlay-color":"","overlay-opacity":"","overlay-gradient":""}},"ast-content-background-meta":{"desktop":{"background-color":"var(--ast-global-color-5)","background-image":"","background-repeat":"repeat","background-position":"center center","background-size":"auto","background-attachment":"scroll","background-type":"","background-media":"","overlay-type":"","overlay-color":"","overlay-opacity":"","overlay-gradient":""},"tablet":{"background-color":"var(--ast-global-color-5)","background-image":"","background-repeat":"repeat","background-position":"center center","background-size":"auto","background-attachment":"scroll","background-type":"","background-media":"","overlay-type":"","overlay-color":"","overlay-opacity":"","overlay-gradient":""},"mobile":{"background-color":"var(--ast-global-color-5)","background-image":"","background-repeat":"repeat","background-position":"center center","background-size":"auto","background-attachment":"scroll","background-type":"","background-media":"","overlay-type":"","overlay-color":"","overlay-opacity":"","overlay-gradient":""}},"footnotes":""},"class_list":["post-24720","page","type-page","status-publish","hentry"],"post_mailing_queue_ids":[],"_links":{"self":[{"href":"https:\/\/projectes.xtec.cat\/digital\/wp-json\/wp\/v2\/pages\/24720","targetHints":{"allow":["GET"]}}],"collection":[{"href":"https:\/\/projectes.xtec.cat\/digital\/wp-json\/wp\/v2\/pages"}],"about":[{"href":"https:\/\/projectes.xtec.cat\/digital\/wp-json\/wp\/v2\/types\/page"}],"author":[{"embeddable":true,"href":"https:\/\/projectes.xtec.cat\/digital\/wp-json\/wp\/v2\/users\/1"}],"replies":[{"embeddable":true,"href":"https:\/\/projectes.xtec.cat\/digital\/wp-json\/wp\/v2\/comments?post=24720"}],"version-history":[{"count":6,"href":"https:\/\/projectes.xtec.cat\/digital\/wp-json\/wp\/v2\/pages\/24720\/revisions"}],"predecessor-version":[{"id":30132,"href":"https:\/\/projectes.xtec.cat\/digital\/wp-json\/wp\/v2\/pages\/24720\/revisions\/30132"}],"up":[{"embeddable":true,"href":"https:\/\/projectes.xtec.cat\/digital\/wp-json\/wp\/v2\/pages\/12586"}],"wp:attachment":[{"href":"https:\/\/projectes.xtec.cat\/digital\/wp-json\/wp\/v2\/media?parent=24720"}],"curies":[{"name":"wp","href":"https:\/\/api.w.org\/{rel}","templated":true}]}}