{"id":25053,"date":"2024-03-20T09:59:42","date_gmt":"2024-03-20T08:59:42","guid":{"rendered":"https:\/\/projectes.xtec.cat\/digital\/?page_id=25053"},"modified":"2025-09-01T10:25:25","modified_gmt":"2025-09-01T08:25:25","slug":"us-de-les-imatges","status":"publish","type":"page","link":"https:\/\/projectes.xtec.cat\/digital\/serveis-digitals\/nodes\/consells-per-una-bona-comunicacio\/us-de-les-imatges\/","title":{"rendered":"\u00das de les imatges"},"content":{"rendered":"\n<div class=\"wp-block-getwid-section alignfull alignfull\"><div class=\"wp-block-getwid-section__wrapper\"><div class=\"wp-block-getwid-section__inner-wrapper\"><div class=\"wp-block-getwid-section__background-holder\"><div class=\"wp-block-getwid-section__background\"><\/div><div class=\"wp-block-getwid-section__foreground\"><\/div><\/div><div class=\"wp-block-getwid-section__content\"><div class=\"wp-block-getwid-section__inner-content\">\n<p>At\u00e8s que el dret a la mateixa imatge \u00e9s reconegut a l\u2019article 18.1 de la Constituci\u00f3 espanyola i est\u00e0 regulat per la Llei org\u00e0nica 1\/1982, de 5 de maig, sobre dret a l\u2019honor, a la intimitat i a la mateixa imatge, la direcci\u00f3 del centre ha de demanar el consentiment als pares, mares o tutors legals per publicar fotografies i v\u00eddeos on apareguin els seus fills i filles i hi siguin clarament identificables. <\/p>\n\n\n\n<div class=\"wp-block-getwid-accordion has-icon-left\" data-active-element=\"none\">\n<div class=\"wp-block-getwid-accordion__header-wrapper\"><h4 class=\"wp-block-getwid-accordion__header\"><a href=\"#\"><span class=\"wp-block-getwid-accordion__header-title\"><mark style=\"background-color:rgba(0, 0, 0, 0)\" class=\"has-inline-color has-ast-global-color-8-color\">Autoritzaci\u00f3 de les fam\u00edlies per publicar imatges al web<\/mark><\/span><span class=\"wp-block-getwid-accordion__icon is-active\"><i class=\"fas fa-chevron-down\"><\/i><\/span><span class=\"wp-block-getwid-accordion__icon is-passive\"><i class=\"fas fa-minus\"><\/i><\/span><\/a><\/h4><\/div><div class=\"wp-block-getwid-accordion__content-wrapper\"><div class=\"wp-block-getwid-accordion__content\">\n<p>Per tant, el primer pas per gestionar correctament la publicaci\u00f3 d\u2019imatges al web \u00e9s aconseguir<strong>&nbsp;l\u2019autoritzaci\u00f3 de les fam\u00edlies.<\/strong><\/p>\n\n\n\n<ul class=\"wp-block-list\">\n<li><a href=\"https:\/\/projectes.xtec.cat\/digital\/wp-content\/uploads\/usu2317\/2025\/09\/A251_autoritzacio_menors_nou.pdf\" data-type=\"link\" data-id=\"https:\/\/projectes.xtec.cat\/digital\/wp-content\/uploads\/usu2317\/2025\/09\/A251_autoritzacio_menors_nou.pdf\" target=\"_blank\" rel=\"noreferrer noopener\">Autoritzaci\u00f3\u00a0<strong>per a menors<\/strong>\u00a0de 14 anys<\/a><\/li>\n\n\n\n<li><a href=\"https:\/\/projectes.xtec.cat\/digital\/wp-content\/uploads\/usu2317\/2025\/09\/A254_autoritzacio_majors_nou.pdf\" data-type=\"link\" data-id=\"https:\/\/projectes.xtec.cat\/digital\/wp-content\/uploads\/usu2317\/2025\/09\/A254_autoritzacio_majors_nou.pdf\" target=\"_blank\" rel=\"noreferrer noopener\">Autoritzaci\u00f3\u00a0<strong>per a majors<\/strong>\u00a0de 14 anys<\/a><\/li>\n<\/ul>\n\n\n\n<p>Per a la publicaci\u00f3 d\u2019imatges d\u2019un alumne\/a o grup, us heu d\u2019assegurar que les fam\u00edlies han marcat les dues caselles seg\u00fcents:<\/p>\n\n\n\n<figure class=\"wp-block-image aligncenter size-full is-resized is-style-default vora\"><a href=\"https:\/\/projectes.xtec.cat\/digital\/wp-content\/uploads\/usu2317\/2024\/03\/autoritzacio-1024x476-1.png\"><img loading=\"lazy\" decoding=\"async\" width=\"1024\" height=\"476\" src=\"https:\/\/projectes.xtec.cat\/digital\/wp-content\/uploads\/usu2317\/2024\/03\/autoritzacio-1024x476-1.png\" alt=\"\" class=\"wp-image-25072\" style=\"aspect-ratio:2.158273381294964;width:386px;height:auto\" srcset=\"https:\/\/projectes.xtec.cat\/digital\/wp-content\/uploads\/usu2317\/2024\/03\/autoritzacio-1024x476-1.png 1024w, https:\/\/projectes.xtec.cat\/digital\/wp-content\/uploads\/usu2317\/2024\/03\/autoritzacio-1024x476-1-300x139.png 300w, https:\/\/projectes.xtec.cat\/digital\/wp-content\/uploads\/usu2317\/2024\/03\/autoritzacio-1024x476-1-768x357.png 768w\" sizes=\"auto, (max-width: 1024px) 100vw, 1024px\" \/><\/a><\/figure>\n\n\n\n<div style=\"height:10px\" aria-hidden=\"true\" class=\"wp-block-spacer\"><\/div>\n\n\n\n<p>Tot i haver marcat aquestes caselles, les fam\u00edlies tenen el dret a demanar la retirada de les fotos i v\u00eddeos on surt la seva filla o el seu fill. <\/p>\n<\/div><\/div>\n<\/div>\n\n\n\n<div style=\"height:20px\" aria-hidden=\"true\" class=\"wp-block-spacer\"><\/div>\n\n\n\n<p>Per evitar que les fam\u00edlies demanin la retirada de les fotos i v\u00eddeos on surt la seva filla o el seu fill, us fem les recomanacions seg\u00fcents per a les&nbsp;fotografies<strong>&nbsp;p\u00fabliques<\/strong>:<\/p>\n\n\n\n<div style=\"height:20px\" aria-hidden=\"true\" class=\"wp-block-spacer\"><\/div>\n<\/div><\/div><\/div><\/div><\/div>\n\n\n\n<div class=\"wp-block-getwid-section alignfull alignfull\"><div class=\"wp-block-getwid-section__wrapper\"><div class=\"wp-block-getwid-section__inner-wrapper\"><div class=\"wp-block-getwid-section__background-holder\"><div class=\"wp-block-getwid-section__background\"><\/div><div class=\"wp-block-getwid-section__foreground\"><\/div><\/div><div class=\"wp-block-getwid-section__content\"><div class=\"wp-block-getwid-section__inner-content\">\n<div style=\"height:20px\" aria-hidden=\"true\" class=\"wp-block-spacer\"><\/div>\n\n\n\n<div class=\"wp-block-columns caixa is-layout-flex wp-container-core-columns-is-layout-2 wp-block-columns-is-layout-flex\">\n<div class=\"wp-block-column is-layout-flow wp-block-column-is-layout-flow\" style=\"flex-basis:100%\">\n<p>A la&nbsp;<strong>part p\u00fablica<\/strong>&nbsp;del web,&nbsp;<strong>eviteu<\/strong>&nbsp;fer fotografies o v\u00eddeos mostrant l\u2019alumne\/a en&nbsp;<strong>primer pla<\/strong>, on s\u2019identifiquin molt clarament. Mostreu accions, m\u00e9s que persones.<\/p>\n\n\n\n<p><strong>Eviteu etiquetar<\/strong>&nbsp;les fotos amb el nom de l\u2019alumne\/a.&nbsp;<\/p>\n\n\n\n<div class=\"wp-block-columns is-layout-flex wp-container-core-columns-is-layout-1 wp-block-columns-is-layout-flex\">\n<div class=\"wp-block-column is-layout-flow wp-block-column-is-layout-flow\">\n<figure class=\"wp-block-image aligncenter size-full is-style-default\"><img loading=\"lazy\" decoding=\"async\" width=\"300\" height=\"213\" src=\"https:\/\/projectes.xtec.cat\/digital\/wp-content\/uploads\/usu2317\/2024\/03\/nena-pp-300x213-2.png\" alt=\"Alumna en primer pla\" class=\"wp-image-25075\"\/><\/figure>\n<\/div>\n\n\n\n<div class=\"wp-block-column is-layout-flow wp-block-column-is-layout-flow\">\n<figure class=\"wp-block-image aligncenter size-full is-style-default\"><img loading=\"lazy\" decoding=\"async\" width=\"300\" height=\"213\" src=\"https:\/\/projectes.xtec.cat\/digital\/wp-content\/uploads\/usu2317\/2024\/03\/nena-pintant-okMesa-de-trabajo-1-300x213-2.png\" alt=\"Alumnes dif\u00edcilment identificables\" class=\"wp-image-25076\"\/><\/figure>\n<\/div>\n<\/div>\n<\/div>\n<\/div>\n\n\n\n<div style=\"height:20px\" aria-hidden=\"true\" class=\"wp-block-spacer\"><\/div>\n\n\n\n<div class=\"wp-block-columns caixa is-layout-flex wp-container-core-columns-is-layout-4 wp-block-columns-is-layout-flex\">\n<div class=\"wp-block-column is-layout-flow wp-block-column-is-layout-flow\" style=\"flex-basis:100%\">\n<p>Si heu de fer una foto propera,&nbsp;<strong>eleveu una mica la c\u00e0mera<\/strong>&nbsp;per amagar part dels rostres dels infants. L\u2019angle tamb\u00e9 permet veure millor el que estan fent.<\/p>\n\n\n\n<div class=\"wp-block-columns is-layout-flex wp-container-core-columns-is-layout-3 wp-block-columns-is-layout-flex\">\n<div class=\"wp-block-column is-layout-flow wp-block-column-is-layout-flow\">\n<figure class=\"wp-block-image aligncenter size-full is-style-default\"><img loading=\"lazy\" decoding=\"async\" width=\"300\" height=\"226\" src=\"https:\/\/projectes.xtec.cat\/digital\/wp-content\/uploads\/usu2317\/2024\/03\/infants-jugant-taula-300x226-1.png\" alt=\"Infants jugant\" class=\"wp-image-25077\"\/><\/figure>\n<\/div>\n\n\n\n<div class=\"wp-block-column is-layout-flow wp-block-column-is-layout-flow\">\n<figure class=\"wp-block-image aligncenter size-full is-style-default\"><img loading=\"lazy\" decoding=\"async\" width=\"300\" height=\"279\" src=\"https:\/\/projectes.xtec.cat\/digital\/wp-content\/uploads\/usu2317\/2024\/03\/nena-vegetals-1-300x279-1.png\" alt=\"Alumne jugant\" class=\"wp-image-25078\"\/><\/figure>\n<\/div>\n\n\n\n<div class=\"wp-block-column is-layout-flow wp-block-column-is-layout-flow\">\n<figure class=\"wp-block-image size-full is-style-default\"><img loading=\"lazy\" decoding=\"async\" width=\"300\" height=\"220\" src=\"https:\/\/projectes.xtec.cat\/digital\/wp-content\/uploads\/usu2317\/2024\/03\/nen-dibuixant1-300x220-1.png\" alt=\"Alumne dibuixant\" class=\"wp-image-25079\"\/><\/figure>\n<\/div>\n<\/div>\n<\/div>\n<\/div>\n\n\n\n<div style=\"height:20px\" aria-hidden=\"true\" class=\"wp-block-spacer\"><\/div>\n\n\n\n<div class=\"wp-block-columns is-layout-flex wp-container-core-columns-is-layout-5 wp-block-columns-is-layout-flex\">\n<div class=\"wp-block-column caixa is-layout-flow wp-block-column-is-layout-flow\" style=\"flex-basis:50%\">\n<p>Si heu de fer una foto propera,&nbsp;<strong>eleveu una mica la c\u00e0mera<\/strong>&nbsp;per amagar part dels rostres dels infants. L\u2019angle tamb\u00e9 permet veure millor el que estan fent.<\/p>\n\n\n\n<figure class=\"wp-block-image aligncenter size-full is-resized is-style-default\"><img loading=\"lazy\" decoding=\"async\" width=\"768\" height=\"527\" src=\"https:\/\/projectes.xtec.cat\/digital\/wp-content\/uploads\/usu2317\/2024\/03\/nens-teatre-768x527-2.png\" alt=\"Grup d'infants d'esquena\" class=\"wp-image-25106\" style=\"aspect-ratio:1.4573055028462998;object-fit:cover;width:300px\" srcset=\"https:\/\/projectes.xtec.cat\/digital\/wp-content\/uploads\/usu2317\/2024\/03\/nens-teatre-768x527-2.png 768w, https:\/\/projectes.xtec.cat\/digital\/wp-content\/uploads\/usu2317\/2024\/03\/nens-teatre-768x527-2-300x206.png 300w\" sizes=\"auto, (max-width: 768px) 100vw, 768px\" \/><\/figure>\n<\/div>\n\n\n\n<div class=\"wp-block-column caixa is-layout-flow wp-block-column-is-layout-flow\" style=\"flex-basis:50%\">\n<p>Si una alumna o alumne \u00e9s la\/el protagonista d\u2019una not\u00edcia i voleu publicar la seva fotografia a la part&nbsp;<strong>p\u00fablica<\/strong>, demaneu&nbsp;<strong>autoritzaci\u00f3 expressa<\/strong>&nbsp;a la fam\u00edlia.<\/p>\n\n\n\n<figure class=\"wp-block-image aligncenter size-full is-resized is-style-default\"><img loading=\"lazy\" decoding=\"async\" width=\"768\" height=\"516\" src=\"https:\/\/projectes.xtec.cat\/digital\/wp-content\/uploads\/usu2317\/2024\/03\/premi-2-768x516-1.jpg\" alt=\"Alumna guanyant un premi\" class=\"wp-image-25107\" style=\"width:300px\" srcset=\"https:\/\/projectes.xtec.cat\/digital\/wp-content\/uploads\/usu2317\/2024\/03\/premi-2-768x516-1.jpg 768w, https:\/\/projectes.xtec.cat\/digital\/wp-content\/uploads\/usu2317\/2024\/03\/premi-2-768x516-1-300x202.jpg 300w\" sizes=\"auto, (max-width: 768px) 100vw, 768px\" \/><\/figure>\n<\/div>\n<\/div>\n\n\n\n<div style=\"height:20px\" aria-hidden=\"true\" class=\"wp-block-spacer\"><\/div>\n\n\n\n<div class=\"wp-block-columns is-layout-flex wp-container-core-columns-is-layout-6 wp-block-columns-is-layout-flex\">\n<div class=\"wp-block-column caixa is-layout-flow wp-block-column-is-layout-flow\" style=\"flex-basis:50%\">\n<p>A la&nbsp;<strong>part p\u00fablica&nbsp;<\/strong>del web,&nbsp;<strong>no utilitzeu imatges amb copyright&nbsp;<\/strong>si no teniu l\u2019autoritzaci\u00f3 escrita de l\u2019autor\/a.<\/p>\n\n\n\n<div style=\"height:70px\" aria-hidden=\"true\" class=\"wp-block-spacer\"><\/div>\n\n\n\n<figure class=\"wp-block-image size-full is-style-default\"><img loading=\"lazy\" decoding=\"async\" width=\"768\" height=\"307\" src=\"https:\/\/projectes.xtec.cat\/digital\/wp-content\/uploads\/usu2317\/2024\/03\/no-copy-768x307-1.png\" alt=\"Copyright i Creative Commons\" class=\"wp-image-25113\" style=\"aspect-ratio:2.501628664495114;object-fit:cover\" srcset=\"https:\/\/projectes.xtec.cat\/digital\/wp-content\/uploads\/usu2317\/2024\/03\/no-copy-768x307-1.png 768w, https:\/\/projectes.xtec.cat\/digital\/wp-content\/uploads\/usu2317\/2024\/03\/no-copy-768x307-1-300x120.png 300w\" sizes=\"auto, (max-width: 768px) 100vw, 768px\" \/><\/figure>\n<\/div>\n\n\n\n<div class=\"wp-block-column caixa is-layout-flow wp-block-column-is-layout-flow\" style=\"flex-basis:50%\">\n<p><strong>Podeu fer servir imatges amb copyright<\/strong>&nbsp;sense demanar autoritzaci\u00f3,&nbsp;<strong>a l\u2019entorn virtual d\u2019aprenentatge<\/strong>&nbsp;(Moodle, Classroom, etc.) sempre que sigui un&nbsp;<strong>entorn privat<\/strong>&nbsp;i que el seu \u00fas estigui&nbsp;<strong>justificat did\u00e0cticament.<\/strong><\/p>\n\n\n\n<p>En qualsevol cas,&nbsp;<strong>sempre s\u2019ha de citar l\u2019autor<\/strong>&nbsp;de la imatge.<\/p>\n\n\n\n<figure class=\"wp-block-image size-full is-style-default\"><img loading=\"lazy\" decoding=\"async\" width=\"768\" height=\"327\" src=\"https:\/\/projectes.xtec.cat\/digital\/wp-content\/uploads\/usu2317\/2024\/03\/Captura-de-Pantalla-2020-06-06-a-les-22.33.53-768x327-1.png\" alt=\"Copyright i Creative Commons\" class=\"wp-image-25114\" srcset=\"https:\/\/projectes.xtec.cat\/digital\/wp-content\/uploads\/usu2317\/2024\/03\/Captura-de-Pantalla-2020-06-06-a-les-22.33.53-768x327-1.png 768w, https:\/\/projectes.xtec.cat\/digital\/wp-content\/uploads\/usu2317\/2024\/03\/Captura-de-Pantalla-2020-06-06-a-les-22.33.53-768x327-1-300x128.png 300w\" sizes=\"auto, (max-width: 768px) 100vw, 768px\" \/><\/figure>\n<\/div>\n<\/div>\n\n\n\n<div style=\"height:20px\" aria-hidden=\"true\" class=\"wp-block-spacer\"><\/div>\n\n\n\n<div class=\"wp-block-columns is-layout-flex wp-container-core-columns-is-layout-7 wp-block-columns-is-layout-flex\">\n<div class=\"wp-block-column caixa is-layout-flow wp-block-column-is-layout-flow\" style=\"flex-basis:50%\">\n<p>Si voleu compartir fotos on s\u2019identifiqui clarament l\u2019alumnat, podeu crear un article o p\u00e0gina<strong>&nbsp;amb contrasenya<\/strong>. Si s\u00f3n menys de 10 fotos, podeu afegir-les directament o inserir un carrusel.<\/p>\n\n\n\n<p>Si teniu moltes fotos, \u00e9s preferible compartir un enlla\u00e7 a una galeria externa.<\/p>\n\n\n\n<p>\u00c9s preferible no etiquetar les fotografies amb els noms i cognoms de l\u2019alumnat.<\/p>\n\n\n\n<figure class=\"wp-block-image aligncenter size-full is-resized is-style-default\"><img loading=\"lazy\" decoding=\"async\" width=\"512\" height=\"512\" src=\"https:\/\/projectes.xtec.cat\/digital\/wp-content\/uploads\/usu2317\/2024\/03\/password.png\" alt=\"Protecci\u00f3 amb contrasenya\" class=\"wp-image-25126\" style=\"aspect-ratio:1;object-fit:cover;width:150px\" srcset=\"https:\/\/projectes.xtec.cat\/digital\/wp-content\/uploads\/usu2317\/2024\/03\/password.png 512w, https:\/\/projectes.xtec.cat\/digital\/wp-content\/uploads\/usu2317\/2024\/03\/password-300x300.png 300w, https:\/\/projectes.xtec.cat\/digital\/wp-content\/uploads\/usu2317\/2024\/03\/password-150x150.png 150w\" sizes=\"auto, (max-width: 512px) 100vw, 512px\" \/><\/figure>\n<\/div>\n\n\n\n<div class=\"wp-block-column caixa is-layout-flow wp-block-column-is-layout-flow\" style=\"flex-basis:50%\">\n<p><strong>Citeu l\u2019autor\/a de la imatge. <\/strong><\/p>\n\n\n\n<p>Si nom\u00e9s teniu unes poques imatges o totes les imatges tenen una font comuna, us recomanem fer-ho al peu de la p\u00e0gina. Si no, citeu a l\u2019autor com a llegenda de la imatge.<\/p>\n\n\n\n<figure class=\"wp-block-image aligncenter size-full is-resized is-style-default\"><img loading=\"lazy\" decoding=\"async\" width=\"768\" height=\"476\" src=\"https:\/\/projectes.xtec.cat\/digital\/wp-content\/uploads\/usu2317\/2024\/03\/peu-768x476-1.png\" alt=\"Cita de l'autor de la imatge\" class=\"wp-image-25127\" style=\"aspect-ratio:1.6134453781512605;object-fit:cover;width:375px\" srcset=\"https:\/\/projectes.xtec.cat\/digital\/wp-content\/uploads\/usu2317\/2024\/03\/peu-768x476-1.png 768w, https:\/\/projectes.xtec.cat\/digital\/wp-content\/uploads\/usu2317\/2024\/03\/peu-768x476-1-300x186.png 300w\" sizes=\"auto, (max-width: 768px) 100vw, 768px\" \/><\/figure>\n<\/div>\n<\/div>\n\n\n\n<div style=\"height:20px\" aria-hidden=\"true\" class=\"wp-block-spacer\"><\/div>\n\n\n\n<div class=\"wp-block-columns is-layout-flex wp-container-core-columns-is-layout-8 wp-block-columns-is-layout-flex\">\n<div class=\"wp-block-column caixa is-layout-flow wp-block-column-is-layout-flow\" style=\"flex-basis:50%\">\n<p><strong>Procureu<\/strong>&nbsp;que les imatges gen\u00e8riques siguin&nbsp;<strong>equitatives quant a g\u00e8nere.<\/strong>&nbsp;La proporci\u00f3 d\u2019imatges de nens i nenes amb un&nbsp;<strong>paper actiu<\/strong>&nbsp;ha de ser similar.<\/p>\n\n\n\n<figure class=\"wp-block-image aligncenter size-full is-resized is-style-default\"><img loading=\"lazy\" decoding=\"async\" width=\"768\" height=\"523\" src=\"https:\/\/projectes.xtec.cat\/digital\/wp-content\/uploads\/usu2317\/2024\/03\/nenadibuixa-768x523-1.png\" alt=\"Alumna prenent notes\" class=\"wp-image-25139\" style=\"width:300px\" srcset=\"https:\/\/projectes.xtec.cat\/digital\/wp-content\/uploads\/usu2317\/2024\/03\/nenadibuixa-768x523-1.png 768w, https:\/\/projectes.xtec.cat\/digital\/wp-content\/uploads\/usu2317\/2024\/03\/nenadibuixa-768x523-1-300x204.png 300w\" sizes=\"auto, (max-width: 768px) 100vw, 768px\" \/><\/figure>\n<\/div>\n\n\n\n<div class=\"wp-block-column caixa is-layout-flow wp-block-column-is-layout-flow\" style=\"flex-basis:50%\">\n<p>El format d\u2019imatge recomanat \u00e9s<strong>&nbsp;JPG.<\/strong><\/p>\n\n\n\n<p>Si necessiteu&nbsp;<strong>transpar\u00e8ncia<\/strong>, el format recomanat \u00e9s&nbsp;<strong>PNG<\/strong>.<\/p>\n\n\n\n<p>El&nbsp;<strong>pes m\u00e0xim&nbsp;<\/strong>de la imatge no hauria de superar els&nbsp;<strong>250 kB<\/strong>, sobretot si \u00e9s a una p\u00e0gina on hi ha m\u00e9s imatges. El cercador&nbsp;<strong>Google penalitza<\/strong>&nbsp;les p\u00e0gines que triguen a carregar.<\/p>\n\n\n\n<figure class=\"wp-block-image aligncenter size-full is-resized is-style-default\"><img loading=\"lazy\" decoding=\"async\" width=\"300\" height=\"236\" src=\"https:\/\/projectes.xtec.cat\/digital\/wp-content\/uploads\/usu2317\/2024\/03\/jpg-png-300x236-1.png\" alt=\"Format PNG\" class=\"wp-image-25140\" style=\"width:200px\"\/><\/figure>\n<\/div>\n<\/div>\n\n\n\n<div style=\"height:20px\" aria-hidden=\"true\" class=\"wp-block-spacer\"><\/div>\n\n\n\n<div class=\"wp-block-columns is-layout-flex wp-container-core-columns-is-layout-9 wp-block-columns-is-layout-flex\">\n<div class=\"wp-block-column caixa is-layout-flow wp-block-column-is-layout-flow\" style=\"flex-basis:50%\">\n<p><strong>La mida ideal&nbsp;<\/strong>d\u2019una imatge a Nodes dep\u00e8n del lloc on es vulgui posar:<\/p>\n\n\n\n<ul class=\"wp-block-list\">\n<li>Carrusel de la p\u00e0gina d&#8217;inici:&nbsp;<strong>1370<\/strong> px x&nbsp;<strong>450<\/strong> px.<\/li>\n\n\n\n<li>Barra lateral esquerra:&nbsp;<strong>330<\/strong>px de l\u2019amplada.<\/li>\n<\/ul>\n\n\n\n<div style=\"height:30px\" aria-hidden=\"true\" class=\"wp-block-spacer\"><\/div>\n<\/div>\n\n\n\n<div class=\"wp-block-column caixa is-layout-flow wp-block-column-is-layout-flow\" style=\"flex-basis:50%\">\n<p><strong>La mida ideal&nbsp;<\/strong>d\u2019una imatge a Nodes&nbsp;<strong>dins d\u2019un article:&nbsp;<\/strong><\/p>\n\n\n\n<ul class=\"wp-block-list\">\n<li><strong>1\/3<\/strong>&nbsp;d\u2019amplada:&nbsp;<strong>342<\/strong>px de l\u2019amplada.<\/li>\n\n\n\n<li><strong>1\/2<\/strong>&nbsp;d\u2019amplada:&nbsp;<strong>512<\/strong>px de l\u2019amplada.<\/li>\n\n\n\n<li><strong>100%<\/strong>&nbsp;d\u2019amplada:&nbsp;<strong>1024<\/strong>px de l\u2019amplada.<\/li>\n\n\n\n<li>Imatge resum:&nbsp;<strong>440<\/strong>px x&nbsp;<strong>200<\/strong>px.<\/li>\n<\/ul>\n<\/div>\n<\/div>\n\n\n\n<div style=\"height:20px\" aria-hidden=\"true\" class=\"wp-block-spacer\"><\/div>\n\n\n\n<div class=\"wp-block-columns is-layout-flex wp-container-core-columns-is-layout-10 wp-block-columns-is-layout-flex\">\n<div class=\"wp-block-column caixa is-layout-flow wp-block-column-is-layout-flow\" style=\"flex-basis:49%\">\n<p>Si necessiteu <strong>imatges lliures<\/strong> per il\u00b7lustrar les not\u00edcies i apartats de la vostra web visiteu el&nbsp;<a href=\"https:\/\/sinapsi.xtec.cat\/ca\/synapses\/banc-imatges\">Banc d\u2019imatges de Sinapsi<\/a>.<\/p>\n\n\n\n<figure class=\"wp-block-image aligncenter size-full is-resized is-style-default\"><img loading=\"lazy\" decoding=\"async\" width=\"768\" height=\"616\" src=\"https:\/\/projectes.xtec.cat\/digital\/wp-content\/uploads\/usu2317\/2024\/03\/Captura-de-Pantalla-2020-06-03-a-les-23.11.34-768x616-1.png\" alt=\"Banc d'imatges de Sinapsi\" class=\"wp-image-25152\" style=\"width:300px\" srcset=\"https:\/\/projectes.xtec.cat\/digital\/wp-content\/uploads\/usu2317\/2024\/03\/Captura-de-Pantalla-2020-06-03-a-les-23.11.34-768x616-1.png 768w, https:\/\/projectes.xtec.cat\/digital\/wp-content\/uploads\/usu2317\/2024\/03\/Captura-de-Pantalla-2020-06-03-a-les-23.11.34-768x616-1-300x241.png 300w\" sizes=\"auto, (max-width: 768px) 100vw, 768px\" \/><\/figure>\n<\/div>\n\n\n\n<div class=\"wp-block-column is-layout-flow wp-block-column-is-layout-flow\"><\/div>\n<\/div>\n\n\n\n<div style=\"height:20px\" aria-hidden=\"true\" class=\"wp-block-spacer\"><\/div>\n<\/div><\/div><\/div><\/div><\/div>\n\n\n\n<div class=\"wp-block-getwid-section alignfull alignfull\"><div class=\"wp-block-getwid-section__wrapper\"><div class=\"wp-block-getwid-section__inner-wrapper\"><div class=\"wp-block-getwid-section__background-holder\"><div class=\"wp-block-getwid-section__background\"><\/div><div class=\"wp-block-getwid-section__foreground\"><\/div><\/div><div class=\"wp-block-getwid-section__content\"><div class=\"wp-block-getwid-section__inner-content\">\n<div style=\"height:20px\" aria-hidden=\"true\" class=\"wp-block-spacer\"><\/div>\n\n\n\n<p>Fonts:&nbsp;<\/p>\n\n\n\n<ul class=\"wp-block-list\">\n<li>Xarxa Telem\u00e0tica de Catalunya (XTEC).&nbsp;<a href=\"http:\/\/xtec.gencat.cat\/ca\/recursos\/tecinformacio\/internet_segura\/documents\/us-imatges\/\">\u00das d\u2019imatges, publicaci\u00f3 de dades de car\u00e0cter personal i de materials. Models d\u2019autoritzaci\u00f3.<\/a><\/li>\n<\/ul>\n\n\n\n<p>Imatges: <\/p>\n\n\n\n<ul class=\"wp-block-list\">\n<li>Il\u00b7lustracions realitzades per l\u2019\u00e0rea de Cultura digital, disponibles al&nbsp;<a rel=\"noreferrer noopener\" href=\"https:\/\/sinapsi.xtec.cat\/ca\/synapses\/banc-imatges\" target=\"_blank\">banc d\u2019imatges<\/a>&nbsp;de Sinapsi.<\/li>\n<\/ul>\n\n\n\n<div style=\"height:20px\" aria-hidden=\"true\" class=\"wp-block-spacer\"><\/div>\n<\/div><\/div><\/div><\/div><\/div>\n","protected":false},"excerpt":{"rendered":"","protected":false},"author":1,"featured_media":0,"parent":10173,"menu_order":0,"comment_status":"closed","ping_status":"close","template":"","meta":{"site-sidebar-layout":"left-sidebar","site-content-layout":"","ast-site-content-layout":"default","site-content-style":"default","site-sidebar-style":"default","ast-global-header-display":"","ast-banner-title-visibility":"","ast-main-header-display":"","ast-hfb-above-header-display":"","ast-hfb-below-header-display":"","ast-hfb-mobile-header-display":"","site-post-title":"","ast-breadcrumbs-content":"","ast-featured-img":"","footer-sml-layout":"","theme-transparent-header-meta":"","adv-header-id-meta":"","stick-header-meta":"","header-above-stick-meta":"","header-main-stick-meta":"","header-below-stick-meta":"","astra-migrate-meta-layouts":"set","ast-page-background-enabled":"default","ast-page-background-meta":{"desktop":{"background-color":"var(--ast-global-color-4)","background-image":"","background-repeat":"repeat","background-position":"center center","background-size":"auto","background-attachment":"scroll","background-type":"","background-media":"","overlay-type":"","overlay-color":"","overlay-opacity":"","overlay-gradient":""},"tablet":{"background-color":"","background-image":"","background-repeat":"repeat","background-position":"center center","background-size":"auto","background-attachment":"scroll","background-type":"","background-media":"","overlay-type":"","overlay-color":"","overlay-opacity":"","overlay-gradient":""},"mobile":{"background-color":"","background-image":"","background-repeat":"repeat","background-position":"center center","background-size":"auto","background-attachment":"scroll","background-type":"","background-media":"","overlay-type":"","overlay-color":"","overlay-opacity":"","overlay-gradient":""}},"ast-content-background-meta":{"desktop":{"background-color":"var(--ast-global-color-5)","background-image":"","background-repeat":"repeat","background-position":"center center","background-size":"auto","background-attachment":"scroll","background-type":"","background-media":"","overlay-type":"","overlay-color":"","overlay-opacity":"","overlay-gradient":""},"tablet":{"background-color":"var(--ast-global-color-5)","background-image":"","background-repeat":"repeat","background-position":"center center","background-size":"auto","background-attachment":"scroll","background-type":"","background-media":"","overlay-type":"","overlay-color":"","overlay-opacity":"","overlay-gradient":""},"mobile":{"background-color":"var(--ast-global-color-5)","background-image":"","background-repeat":"repeat","background-position":"center center","background-size":"auto","background-attachment":"scroll","background-type":"","background-media":"","overlay-type":"","overlay-color":"","overlay-opacity":"","overlay-gradient":""}},"footnotes":""},"class_list":["post-25053","page","type-page","status-publish","hentry"],"post_mailing_queue_ids":[],"_links":{"self":[{"href":"https:\/\/projectes.xtec.cat\/digital\/wp-json\/wp\/v2\/pages\/25053","targetHints":{"allow":["GET"]}}],"collection":[{"href":"https:\/\/projectes.xtec.cat\/digital\/wp-json\/wp\/v2\/pages"}],"about":[{"href":"https:\/\/projectes.xtec.cat\/digital\/wp-json\/wp\/v2\/types\/page"}],"author":[{"embeddable":true,"href":"https:\/\/projectes.xtec.cat\/digital\/wp-json\/wp\/v2\/users\/1"}],"replies":[{"embeddable":true,"href":"https:\/\/projectes.xtec.cat\/digital\/wp-json\/wp\/v2\/comments?post=25053"}],"version-history":[{"count":6,"href":"https:\/\/projectes.xtec.cat\/digital\/wp-json\/wp\/v2\/pages\/25053\/revisions"}],"predecessor-version":[{"id":37207,"href":"https:\/\/projectes.xtec.cat\/digital\/wp-json\/wp\/v2\/pages\/25053\/revisions\/37207"}],"up":[{"embeddable":true,"href":"https:\/\/projectes.xtec.cat\/digital\/wp-json\/wp\/v2\/pages\/10173"}],"wp:attachment":[{"href":"https:\/\/projectes.xtec.cat\/digital\/wp-json\/wp\/v2\/media?parent=25053"}],"curies":[{"name":"wp","href":"https:\/\/api.w.org\/{rel}","templated":true}]}}