{"id":25160,"date":"2024-03-20T10:21:47","date_gmt":"2024-03-20T09:21:47","guid":{"rendered":"https:\/\/projectes.xtec.cat\/digital\/?page_id=25160"},"modified":"2024-10-12T20:31:18","modified_gmt":"2024-10-12T18:31:18","slug":"propietat-intellectual-i-autoria","status":"publish","type":"page","link":"https:\/\/projectes.xtec.cat\/digital\/serveis-digitals\/nodes\/consells-per-una-bona-comunicacio\/propietat-intellectual-i-autoria\/","title":{"rendered":"Propietat intel\u00b7lectual i autoria"},"content":{"rendered":"\n<div class=\"wp-block-getwid-section alignfull alignfull\"><div class=\"wp-block-getwid-section__wrapper\"><div class=\"wp-block-getwid-section__inner-wrapper\"><div class=\"wp-block-getwid-section__background-holder\"><div class=\"wp-block-getwid-section__background\"><\/div><div class=\"wp-block-getwid-section__foreground\"><\/div><\/div><div class=\"wp-block-getwid-section__content\"><div class=\"wp-block-getwid-section__inner-content\">\n<p>A un centre educatiu s\u2019esdevenen situacions en les quals cal tenir en compte q\u00fcestions relacionades amb la propietat intel\u00b7lectual i els drets d\u2019autoria. <\/p>\n\n\n\n<p>El web del centre \u00e9s l\u2019espai p\u00fablic de comunicaci\u00f3 amb m\u00e9s visibilitat i conv\u00e9 saber qu\u00e8 es pot publicar i en quines condicions.<\/p>\n<\/div><\/div><\/div><\/div><\/div>\n\n\n\n<div class=\"wp-block-getwid-section alignfull alignfull\"><div class=\"wp-block-getwid-section__wrapper\"><div class=\"wp-block-getwid-section__inner-wrapper\"><div class=\"wp-block-getwid-section__background-holder\"><div class=\"wp-block-getwid-section__background\"><\/div><div class=\"wp-block-getwid-section__foreground\"><\/div><\/div><div class=\"wp-block-getwid-section__content\"><div class=\"wp-block-getwid-section__inner-content\">\n<div style=\"height:20px\" aria-hidden=\"true\" class=\"wp-block-spacer\"><\/div>\n\n\n\n<div class=\"wp-block-columns is-layout-flex wp-container-core-columns-is-layout-1 wp-block-columns-is-layout-flex\">\n<div class=\"wp-block-column caixa is-layout-flow wp-block-column-is-layout-flow\" style=\"flex-basis:50%\">\n<p><strong>Podeu publicar les creacions originals de l\u2019alumnat<\/strong>&nbsp;(contes, poemes, fotografies, v\u00eddeos, m\u00fasica, etc.) pr\u00e8via autoritzaci\u00f3 expressa.<br>Si \u00e9s menor de 18 anys, heu de demanar l\u2019autoritzaci\u00f3 a la fam\u00edlia.<\/p>\n\n\n\n<figure class=\"wp-block-image aligncenter size-full is-resized is-style-default\"><img loading=\"lazy\" decoding=\"async\" width=\"768\" height=\"494\" src=\"https:\/\/projectes.xtec.cat\/digital\/wp-content\/uploads\/usu2317\/2024\/03\/rick4-768x494-1.png\" alt=\"\" class=\"wp-image-25161\" style=\"width:300px\" srcset=\"https:\/\/projectes.xtec.cat\/digital\/wp-content\/uploads\/usu2317\/2024\/03\/rick4-768x494-1.png 768w, https:\/\/projectes.xtec.cat\/digital\/wp-content\/uploads\/usu2317\/2024\/03\/rick4-768x494-1-300x193.png 300w\" sizes=\"auto, (max-width: 768px) 100vw, 768px\" \/><\/figure>\n<\/div>\n\n\n\n<div class=\"wp-block-column caixa is-layout-flow wp-block-column-is-layout-flow\" style=\"flex-basis:50%\">\n<p><strong>Podeu inserir v\u00eddeos&nbsp;<\/strong>d\u2019altres que estiguin&nbsp;<strong>allotjats a serveis en el n\u00favol<\/strong>&nbsp;(YouTube, Vimeo, etc.) sempre que el v\u00eddeo no sigui el principal reclam per vendre un producte o servei (fi lucratiu).<\/p>\n\n\n\n<figure class=\"wp-block-image aligncenter size-full is-resized is-style-default\"><img loading=\"lazy\" decoding=\"async\" width=\"768\" height=\"449\" src=\"https:\/\/projectes.xtec.cat\/digital\/wp-content\/uploads\/usu2317\/2024\/03\/rick2-768x449-1.png\" alt=\"\" class=\"wp-image-25162\" style=\"width:300px\" srcset=\"https:\/\/projectes.xtec.cat\/digital\/wp-content\/uploads\/usu2317\/2024\/03\/rick2-768x449-1.png 768w, https:\/\/projectes.xtec.cat\/digital\/wp-content\/uploads\/usu2317\/2024\/03\/rick2-768x449-1-300x175.png 300w\" sizes=\"auto, (max-width: 768px) 100vw, 768px\" \/><\/figure>\n<\/div>\n<\/div>\n\n\n\n<div style=\"height:20px\" aria-hidden=\"true\" class=\"wp-block-spacer\"><\/div>\n\n\n\n<div class=\"wp-block-columns caixa is-layout-flex wp-container-core-columns-is-layout-2 wp-block-columns-is-layout-flex\">\n<div class=\"wp-block-column is-layout-flow wp-block-column-is-layout-flow\" style=\"flex-basis:60%\">\n<p>A les aules virtuals i als blogs d\u2019aula podeu fer servir fragments d\u2019un llibre*, d\u2019una pel\u00b7l\u00edcula o una can\u00e7\u00f3 sempre que el seu \u00fas tingui una&nbsp;<strong>finalitat educativa sense \u00e0nim de lucre.<\/strong><\/p>\n\n\n\n<ul class=\"wp-block-list\">\n<li>Un poema per parlar d\u2019un autor o moviment literari<\/li>\n\n\n\n<li>Aprendre angl\u00e8s amb una can\u00e7\u00f3<\/li>\n\n\n\n<li>Fragments d\u2019una pel\u00b7l\u00edcula de romans per parlar de l\u2019antiga Roma.<\/li>\n<\/ul>\n\n\n\n<p><em>* Excepte llibres de text<\/em><\/p>\n<\/div>\n\n\n\n<div class=\"wp-block-column is-layout-flow wp-block-column-is-layout-flow\">\n<figure class=\"wp-block-image aligncenter size-full is-resized is-style-default\"><img loading=\"lazy\" decoding=\"async\" width=\"768\" height=\"522\" src=\"https:\/\/projectes.xtec.cat\/digital\/wp-content\/uploads\/usu2317\/2024\/03\/roma-768x522-1.jpg\" alt=\"\" class=\"wp-image-25163\" style=\"width:300px\" srcset=\"https:\/\/projectes.xtec.cat\/digital\/wp-content\/uploads\/usu2317\/2024\/03\/roma-768x522-1.jpg 768w, https:\/\/projectes.xtec.cat\/digital\/wp-content\/uploads\/usu2317\/2024\/03\/roma-768x522-1-300x204.jpg 300w\" sizes=\"auto, (max-width: 768px) 100vw, 768px\" \/><\/figure>\n<\/div>\n<\/div>\n\n\n\n<div style=\"height:20px\" aria-hidden=\"true\" class=\"wp-block-spacer\"><\/div>\n\n\n\n<div class=\"wp-block-columns caixa is-layout-flex wp-container-core-columns-is-layout-5 wp-block-columns-is-layout-flex\">\n<div class=\"wp-block-column is-layout-flow wp-block-column-is-layout-flow\" style=\"flex-basis:60%\">\n<p>Tot i que tingueu l\u2019autoritzaci\u00f3 de la persona,&nbsp;<strong>\u00e9s preferible<\/strong>&nbsp;no publicar les dades personals del personal del centre a la part p\u00fablica del web.<\/p>\n<\/div>\n\n\n\n<div class=\"wp-block-column is-layout-flow wp-block-column-is-layout-flow\">\n<div class=\"wp-block-columns is-layout-flex wp-container-core-columns-is-layout-3 wp-block-columns-is-layout-flex\">\n<div class=\"wp-block-column is-layout-flow wp-block-column-is-layout-flow\" style=\"flex-basis:20%\">\n<figure class=\"wp-block-image aligncenter size-full is-resized is-style-default\"><img loading=\"lazy\" decoding=\"async\" width=\"512\" height=\"512\" src=\"https:\/\/projectes.xtec.cat\/digital\/wp-content\/uploads\/usu2317\/2024\/03\/comment-check.png\" alt=\"\" class=\"wp-image-24940\" style=\"aspect-ratio:1;width:39px;height:auto\" srcset=\"https:\/\/projectes.xtec.cat\/digital\/wp-content\/uploads\/usu2317\/2024\/03\/comment-check.png 512w, https:\/\/projectes.xtec.cat\/digital\/wp-content\/uploads\/usu2317\/2024\/03\/comment-check-300x300.png 300w, https:\/\/projectes.xtec.cat\/digital\/wp-content\/uploads\/usu2317\/2024\/03\/comment-check-150x150.png 150w\" sizes=\"auto, (max-width: 512px) 100vw, 512px\" \/><\/figure>\n<\/div>\n\n\n\n<div class=\"wp-block-column is-layout-flow wp-block-column-is-layout-flow\" style=\"flex-basis:66.66%\">\n<p class=\"has-vivid-red-color has-text-color\"><strong>Artur Saura Canudes, Tutor 2A<br>asaura9@xtec.cat<\/strong><\/p>\n<\/div>\n<\/div>\n\n\n\n<div class=\"wp-block-columns is-layout-flex wp-container-core-columns-is-layout-4 wp-block-columns-is-layout-flex\">\n<div class=\"wp-block-column is-layout-flow wp-block-column-is-layout-flow\" style=\"flex-basis:20%\">\n<figure class=\"wp-block-image aligncenter size-full is-resized is-style-default\"><img loading=\"lazy\" decoding=\"async\" width=\"512\" height=\"512\" src=\"https:\/\/projectes.xtec.cat\/digital\/wp-content\/uploads\/usu2317\/2024\/03\/comment-check-1.png\" alt=\"\" class=\"wp-image-24943\" style=\"width:39px\" srcset=\"https:\/\/projectes.xtec.cat\/digital\/wp-content\/uploads\/usu2317\/2024\/03\/comment-check-1.png 512w, https:\/\/projectes.xtec.cat\/digital\/wp-content\/uploads\/usu2317\/2024\/03\/comment-check-1-300x300.png 300w, https:\/\/projectes.xtec.cat\/digital\/wp-content\/uploads\/usu2317\/2024\/03\/comment-check-1-150x150.png 150w\" sizes=\"auto, (max-width: 512px) 100vw, 512px\" \/><\/figure>\n<\/div>\n\n\n\n<div class=\"wp-block-column is-layout-flow wp-block-column-is-layout-flow\" style=\"flex-basis:66.66%\">\n<p class=\"has-text-color\" style=\"color:#05b574\"><strong>Artur, Tutor 2A<br>tutor2a@inslarany.cat<\/strong><\/p>\n<\/div>\n<\/div>\n<\/div>\n<\/div>\n\n\n\n<div style=\"height:20px\" aria-hidden=\"true\" class=\"wp-block-spacer\"><\/div>\n\n\n\n<div class=\"wp-block-columns is-layout-flex wp-container-core-columns-is-layout-6 wp-block-columns-is-layout-flex\">\n<div class=\"wp-block-column caixa is-layout-flow wp-block-column-is-layout-flow\" style=\"flex-basis:50%\">\n<p><strong>No utilitzeu fotografies amb copyright<\/strong>&nbsp;sense tenir l\u2019autoritzaci\u00f3 expressa de l\u2019autor\/a.<\/p>\n\n\n\n<p>Si necessiteu imatges lliures per il\u00b7lustrar les not\u00edcies i apartats de la vostra web visiteu el&nbsp;<a href=\"https:\/\/sinapsi.xtec.cat\/ca\/synapses\/banc-imatges\">Banc d\u2019imatges de Sinapsi<\/a>.<\/p>\n\n\n\n<p>M\u00e9s informaci\u00f3 sobre&nbsp;<a href=\"https:\/\/agora.xtec.cat\/nodes\/consells-per-una-bona-comunicacio-families\/imatges\/\">l\u2019<\/a><a href=\"https:\/\/projectes.xtec.cat\/digital\/serveis-digitals\/nodes\/consells-per-una-bona-comunicacio\/us-de-les-imatges\/\" data-type=\"link\" data-id=\"https:\/\/projectes.xtec.cat\/digital\/serveis-digitals\/nodes\/consells-per-una-bona-comunicacio\/us-de-les-imatges\/\">\u00fas de les imatges<\/a><\/p>\n\n\n\n<figure class=\"wp-block-image aligncenter size-full is-resized is-style-default\"><img loading=\"lazy\" decoding=\"async\" width=\"768\" height=\"616\" src=\"https:\/\/projectes.xtec.cat\/digital\/wp-content\/uploads\/usu2317\/2024\/03\/Captura-de-Pantalla-2020-06-03-a-les-23.11.34-768x616-1.png\" alt=\"\" class=\"wp-image-25152\" style=\"width:300px\" srcset=\"https:\/\/projectes.xtec.cat\/digital\/wp-content\/uploads\/usu2317\/2024\/03\/Captura-de-Pantalla-2020-06-03-a-les-23.11.34-768x616-1.png 768w, https:\/\/projectes.xtec.cat\/digital\/wp-content\/uploads\/usu2317\/2024\/03\/Captura-de-Pantalla-2020-06-03-a-les-23.11.34-768x616-1-300x241.png 300w\" sizes=\"auto, (max-width: 768px) 100vw, 768px\" \/><\/figure>\n<\/div>\n\n\n\n<div class=\"wp-block-column caixa is-layout-flow wp-block-column-is-layout-flow\" style=\"flex-basis:50%\">\n<p><strong>No utilitzeu m\u00fasica amb copyright<\/strong>&nbsp;sense tenir l\u2019autoritzaci\u00f3 expressa de l\u2019autor\/a.<\/p>\n\n\n\n<p>Si necessiteu m\u00fasica per als v\u00eddeos del vostre centre podeu obtenir-la del repositori&nbsp;<a href=\"https:\/\/freemusicarchive.org\/static\">Free Music Archive<\/a>&nbsp;o de la<a href=\"https:\/\/www.youtube.com\/audiolibrary\/\">&nbsp;llibreria d\u2019\u00e0udio&nbsp;<\/a>de Youtube.<\/p>\n\n\n\n<div style=\"height:30px\" aria-hidden=\"true\" class=\"wp-block-spacer\"><\/div>\n\n\n\n<figure class=\"wp-block-image aligncenter size-full is-resized is-style-default\"><img loading=\"lazy\" decoding=\"async\" width=\"976\" height=\"618\" src=\"https:\/\/projectes.xtec.cat\/digital\/wp-content\/uploads\/usu2317\/2024\/03\/Captura-de-Pantalla-2020-06-09-a-les-19.24.36.png\" alt=\"\" class=\"wp-image-25172\" style=\"width:300px\" srcset=\"https:\/\/projectes.xtec.cat\/digital\/wp-content\/uploads\/usu2317\/2024\/03\/Captura-de-Pantalla-2020-06-09-a-les-19.24.36.png 976w, https:\/\/projectes.xtec.cat\/digital\/wp-content\/uploads\/usu2317\/2024\/03\/Captura-de-Pantalla-2020-06-09-a-les-19.24.36-300x190.png 300w, https:\/\/projectes.xtec.cat\/digital\/wp-content\/uploads\/usu2317\/2024\/03\/Captura-de-Pantalla-2020-06-09-a-les-19.24.36-768x486.png 768w\" sizes=\"auto, (max-width: 976px) 100vw, 976px\" \/><\/figure>\n<\/div>\n<\/div>\n\n\n\n<div style=\"height:20px\" aria-hidden=\"true\" class=\"wp-block-spacer\"><\/div>\n<\/div><\/div><\/div><\/div><\/div>\n\n\n\n<div class=\"wp-block-getwid-section alignfull alignfull\"><div class=\"wp-block-getwid-section__wrapper\"><div class=\"wp-block-getwid-section__inner-wrapper\"><div class=\"wp-block-getwid-section__background-holder\"><div class=\"wp-block-getwid-section__background\"><\/div><div class=\"wp-block-getwid-section__foreground\"><\/div><\/div><div class=\"wp-block-getwid-section__content\"><div class=\"wp-block-getwid-section__inner-content\">\n<div style=\"height:20px\" aria-hidden=\"true\" class=\"wp-block-spacer\"><\/div>\n\n\n\n<p>Aquest apartat \u00e9s una reelaboraci\u00f3 a partir de les seg\u00fcents fonts:<\/p>\n\n\n\n<ul class=\"wp-block-list\">\n<li>Xarxa Telem\u00e0tica de Catalunya (XTEC). (2020).&nbsp;<a href=\"http:\/\/xtec.gencat.cat\/ca\/centres\/propintel_dretauto\/\">Propietat intel\u00b7lectual i drets d\u2019autoria<\/a>.<\/li>\n\n\n\n<li>XTEC. (2020).&nbsp;<a href=\"http:\/\/xtec.gencat.cat\/ca\/recursos\/tecinformacio\/internet_segura\/pmf\/\">Internet segura. Preguntes freq\u00fcents<\/a>.<\/li>\n\n\n\n<li>Altozano, J. (2018).&nbsp;<a href=\"https:\/\/www.youtube.com\/watch?v=4xJw0JIC2BA\">El Copyright en Youtube<\/a>&nbsp;[V\u00eddeo]<\/li>\n\n\n\n<li>XTEC. (2020).&nbsp;<a href=\"http:\/\/xtec.gencat.cat\/ca\/recursos\/tecinformacio\/internet_segura\/documents\/us-imatges\/\">\u00das d\u2019imatges, publicaci\u00f3 de dades de car\u00e0cter personal i de materials. Models d\u2019autoritzaci\u00f3.<\/a><\/li>\n<\/ul>\n\n\n\n<p>Imatges: <\/p>\n\n\n\n<ul class=\"wp-block-list\">\n<li>Il\u00b7lustracions realitzades per l\u2019\u00e0rea de Cultura digital, disponibles al&nbsp;<a rel=\"noreferrer noopener\" href=\"https:\/\/sinapsi.xtec.cat\/ca\/synapses\/banc-imatges\" target=\"_blank\">banc d\u2019imatges<\/a>&nbsp;de Sinapsi.<\/li>\n<\/ul>\n\n\n\n<div style=\"height:20px\" aria-hidden=\"true\" class=\"wp-block-spacer\"><\/div>\n<\/div><\/div><\/div><\/div><\/div>\n","protected":false},"excerpt":{"rendered":"","protected":false},"author":1,"featured_media":0,"parent":10173,"menu_order":0,"comment_status":"closed","ping_status":"close","template":"","meta":{"site-sidebar-layout":"left-sidebar","site-content-layout":"","ast-site-content-layout":"default","site-content-style":"default","site-sidebar-style":"default","ast-global-header-display":"","ast-banner-title-visibility":"","ast-main-header-display":"","ast-hfb-above-header-display":"","ast-hfb-below-header-display":"","ast-hfb-mobile-header-display":"","site-post-title":"","ast-breadcrumbs-content":"","ast-featured-img":"","footer-sml-layout":"","theme-transparent-header-meta":"","adv-header-id-meta":"","stick-header-meta":"","header-above-stick-meta":"","header-main-stick-meta":"","header-below-stick-meta":"","astra-migrate-meta-layouts":"set","ast-page-background-enabled":"default","ast-page-background-meta":{"desktop":{"background-color":"var(--ast-global-color-4)","background-image":"","background-repeat":"repeat","background-position":"center center","background-size":"auto","background-attachment":"scroll","background-type":"","background-media":"","overlay-type":"","overlay-color":"","overlay-opacity":"","overlay-gradient":""},"tablet":{"background-color":"","background-image":"","background-repeat":"repeat","background-position":"center center","background-size":"auto","background-attachment":"scroll","background-type":"","background-media":"","overlay-type":"","overlay-color":"","overlay-opacity":"","overlay-gradient":""},"mobile":{"background-color":"","background-image":"","background-repeat":"repeat","background-position":"center center","background-size":"auto","background-attachment":"scroll","background-type":"","background-media":"","overlay-type":"","overlay-color":"","overlay-opacity":"","overlay-gradient":""}},"ast-content-background-meta":{"desktop":{"background-color":"var(--ast-global-color-5)","background-image":"","background-repeat":"repeat","background-position":"center center","background-size":"auto","background-attachment":"scroll","background-type":"","background-media":"","overlay-type":"","overlay-color":"","overlay-opacity":"","overlay-gradient":""},"tablet":{"background-color":"var(--ast-global-color-5)","background-image":"","background-repeat":"repeat","background-position":"center center","background-size":"auto","background-attachment":"scroll","background-type":"","background-media":"","overlay-type":"","overlay-color":"","overlay-opacity":"","overlay-gradient":""},"mobile":{"background-color":"var(--ast-global-color-5)","background-image":"","background-repeat":"repeat","background-position":"center center","background-size":"auto","background-attachment":"scroll","background-type":"","background-media":"","overlay-type":"","overlay-color":"","overlay-opacity":"","overlay-gradient":""}},"footnotes":""},"class_list":["post-25160","page","type-page","status-publish","hentry"],"post_mailing_queue_ids":[],"_links":{"self":[{"href":"https:\/\/projectes.xtec.cat\/digital\/wp-json\/wp\/v2\/pages\/25160","targetHints":{"allow":["GET"]}}],"collection":[{"href":"https:\/\/projectes.xtec.cat\/digital\/wp-json\/wp\/v2\/pages"}],"about":[{"href":"https:\/\/projectes.xtec.cat\/digital\/wp-json\/wp\/v2\/types\/page"}],"author":[{"embeddable":true,"href":"https:\/\/projectes.xtec.cat\/digital\/wp-json\/wp\/v2\/users\/1"}],"replies":[{"embeddable":true,"href":"https:\/\/projectes.xtec.cat\/digital\/wp-json\/wp\/v2\/comments?post=25160"}],"version-history":[{"count":6,"href":"https:\/\/projectes.xtec.cat\/digital\/wp-json\/wp\/v2\/pages\/25160\/revisions"}],"predecessor-version":[{"id":30854,"href":"https:\/\/projectes.xtec.cat\/digital\/wp-json\/wp\/v2\/pages\/25160\/revisions\/30854"}],"up":[{"embeddable":true,"href":"https:\/\/projectes.xtec.cat\/digital\/wp-json\/wp\/v2\/pages\/10173"}],"wp:attachment":[{"href":"https:\/\/projectes.xtec.cat\/digital\/wp-json\/wp\/v2\/media?parent=25160"}],"curies":[{"name":"wp","href":"https:\/\/api.w.org\/{rel}","templated":true}]}}