{"id":25182,"date":"2024-03-20T11:33:09","date_gmt":"2024-03-20T10:33:09","guid":{"rendered":"https:\/\/projectes.xtec.cat\/digital\/?page_id=25182"},"modified":"2024-10-12T20:32:00","modified_gmt":"2024-10-12T18:32:00","slug":"canal-de-telegram","status":"publish","type":"page","link":"https:\/\/projectes.xtec.cat\/digital\/serveis-digitals\/nodes\/canal-de-telegram\/","title":{"rendered":"Canal de Telegram"},"content":{"rendered":"\n<div class=\"wp-block-getwid-section alignfull alignfull\"><div class=\"wp-block-getwid-section__wrapper\"><div class=\"wp-block-getwid-section__inner-wrapper\"><div class=\"wp-block-getwid-section__background-holder\"><div class=\"wp-block-getwid-section__background\"><\/div><div class=\"wp-block-getwid-section__foreground\"><\/div><\/div><div class=\"wp-block-getwid-section__content\"><div class=\"wp-block-getwid-section__inner-content\">\n<div class=\"video-responsive\"><iframe loading=\"lazy\" width=\"560\" height=\"315\" src=\"https:\/\/player.vimeo.com\/video\/402377317?h=1de8cf6087\" title=\"Vimeo video player\" frameborder=\"0\"><\/iframe><\/div>\n\n\n\n<div style=\"height:20px\" aria-hidden=\"true\" class=\"wp-block-spacer\"><\/div>\n<\/div><\/div><\/div><\/div><\/div>\n\n\n\n<div class=\"wp-block-getwid-section alignfull alignfull\"><div class=\"wp-block-getwid-section__wrapper\"><div class=\"wp-block-getwid-section__inner-wrapper\"><div class=\"wp-block-getwid-section__background-holder\"><div class=\"wp-block-getwid-section__background\"><\/div><div class=\"wp-block-getwid-section__foreground\"><\/div><\/div><div class=\"wp-block-getwid-section__content\"><div class=\"wp-block-getwid-section__inner-content\">\n<div style=\"height:20px\" aria-hidden=\"true\" class=\"wp-block-spacer\"><\/div>\n\n\n\n<h3 class=\"wp-block-heading\">Transcripci\u00f3 del v\u00eddeo<\/h3>\n\n\n\n<p><strong>Telegram <\/strong>\u00e9s una aplicaci\u00f3 de missatgeria instant\u00e0nia, semblant al WhatsApp, que permet crear canals de comunicaci\u00f3 unidireccionals. Aix\u00f2 permet enviar missatges a les fam\u00edlies, alumnes i docents que arribaran en forma de notificacions als seus tel\u00e8fons m\u00f2bils.<\/p>\n\n\n\n<p>A part d\u2019enviar missatges manualment,&nbsp;<strong>Telegram<\/strong>&nbsp;pot rebre l\u2019ordre d\u2019enviar una notificaci\u00f3 de manera autom\u00e0tica per a cada nou article publicat al web del centre.<\/p>\n\n\n\n<p>Per aconseguir aix\u00f2, hem de crear un canal de Telegram i un robot que reenviar\u00e0 les not\u00edcies de Nodes al nostre canal de Telegram associat.<\/p>\n\n\n\n<h4 class=\"wp-block-heading\">Creaci\u00f3 del robot:<\/h4>\n\n\n\n<ul class=\"wp-block-list\">\n<li>Entreu a Telegram un usuari gen\u00e8ric del centre i busqueu l\u2019usuari&nbsp;@BotFather. Feu clic sobre l\u2019enlla\u00e7&nbsp;<strong>\/newbot<\/strong>.<\/li>\n\n\n\n<li>Al primer missatge, BotFather us demanar\u00e0 un nom descriptiu pel vostre robot.<\/li>\n\n\n\n<li>Al segon missatge us demanar\u00e0 un nom d\u2019usuari que, obligat\u00f2riament, ha d\u2019acabar en&nbsp;<strong>bot<\/strong>.<\/li>\n\n\n\n<li>BotFather us contestar\u00e0 amb un identificador, tamb\u00e9 anomenat Bot Token. Copieu-lo perqu\u00e8 el necessitarem m\u00e9s endavant.<\/li>\n<\/ul>\n\n\n\n<h4 class=\"wp-block-heading\">Creaci\u00f3 del canal:<\/h4>\n\n\n\n<ul class=\"wp-block-list\">\n<li>Feu clic a&nbsp;<strong>Crea un canal&nbsp;<\/strong>i ompliu els camps.<\/li>\n\n\n\n<li>Deixeu el canal com a p\u00fablic i definiu l\u2019adre\u00e7a de l\u2019enlla\u00e7.<\/li>\n\n\n\n<li>No cal afegir cap subscriptor, per\u00f2 s\u00ed que \u00e9s necessari definir el robot que hem creat abans com a administrador del canal.<\/li>\n\n\n\n<li>Deshabiliteu tots els permisos excepte el perm\u00eds per publicar missatges.<\/li>\n<\/ul>\n\n\n\n<h4 class=\"wp-block-heading\">Obtenir l\u2019ID del canal:<\/h4>\n\n\n\n<ul class=\"wp-block-list\">\n<li>Necessitareu l\u2019identificador del nou canal creat.<\/li>\n\n\n\n<li>Per aconseguir-ho, hem de contactar amb un altre robot de Telegram que es diu&nbsp;@MyChatInfoBot. Busqueu-lo i feu clic al bot\u00f3&nbsp;<strong>Inicia<\/strong>.<\/li>\n\n\n\n<li>Ignoreu el missatge de benvinguda del robot i aneu al canal recentment creat, escriviu un missatge qualsevol i reenvieu-lo a&nbsp;@MyChatInfoBot.<\/li>\n\n\n\n<li>@MyChatInfoBot&nbsp;us tornar\u00e0 l\u2019identificador del vostre canal. Copieu-lo perqu\u00e8 el necessitareu aviat.<\/li>\n<\/ul>\n\n\n\n<p>Una vegada configurat el bot i el canal de Telegram, aneu al vostre Nodes per fer el lligam.<\/p>\n\n\n\n<h4 class=\"wp-block-heading\">Configuraci\u00f3 a Nodes:<\/h4>\n\n\n\n<ul class=\"wp-block-list\">\n<li>Entreu com a administradors, aneu al&nbsp;<strong>Tauler<\/strong>&nbsp;i feu clic a l\u2019opci\u00f3&nbsp;<strong>WP Telegram&nbsp;<\/strong>de la barra lateral. Us demanar\u00e0 el&nbsp;<strong>Bot Token<\/strong>. Poseu el codi que heu copiat abans i feu clic al bot\u00f3 de prova.<\/li>\n\n\n\n<li>Seleccioneu&nbsp;<strong>Publica a Telegram<\/strong>&nbsp;i deseu els canvis.<\/li>\n\n\n\n<li>En desar, apareix un nou enlla\u00e7&nbsp;<strong>Ajustaments<\/strong>&nbsp;al costat del selector&nbsp;<strong>Publica a Telegram.<\/strong>&nbsp;Feu clic a l\u2019enlla\u00e7, enganxeu l\u2019identificador del canal i envieu una prova. Si tot va b\u00e9, us ha d\u2019apar\u00e8ixer&nbsp;<strong>Satisfactori<\/strong>&nbsp;a l\u2019estat de la prova.<\/li>\n\n\n\n<li>Respecte a quan enviar missatges de Telegram, us recomanem que no satureu els vostres usuaris i reserveu l\u2019enviament de missatges pels articles nous publicats a&nbsp;<strong>Portada<\/strong>.<\/li>\n<\/ul>\n\n\n\n<p>Ara nom\u00e9s queda que els usuaris es puguin subscriure al vostre canal de <strong>Telegram<\/strong>. Aneu al canal i feu clic al t\u00edtol. Trobareu l\u2019enlla\u00e7 del canal al camp enlla\u00e7 d\u2019invitaci\u00f3.<\/p>\n\n\n\n<p>Publiciteu aquest enlla\u00e7 a les vostres xarxes socials i al web del centre.<\/p>\n\n\n\n<p>Podeu, per exemple, afegir un giny de tipus <strong>Imatge <\/strong>a la barra lateral de la portada i vincular la imatge al vostre canal.<\/p>\n\n\n\n<p>Amb tot configurat, els usuaris subscrits rebran una notificaci\u00f3 al m\u00f2bil i podran veure a <strong>Telegram <\/strong>un resum del nou article publicat.<\/p>\n\n\n\n<div style=\"height:30px\" aria-hidden=\"true\" class=\"wp-block-spacer\"><\/div>\n<\/div><\/div><\/div><\/div><\/div>\n","protected":false},"excerpt":{"rendered":"","protected":false},"author":1,"featured_media":0,"parent":10077,"menu_order":0,"comment_status":"closed","ping_status":"close","template":"","meta":{"site-sidebar-layout":"left-sidebar","site-content-layout":"plain-container","ast-site-content-layout":"normal-width-container","site-content-style":"unboxed","site-sidebar-style":"unboxed","ast-global-header-display":"","ast-banner-title-visibility":"","ast-main-header-display":"","ast-hfb-above-header-display":"","ast-hfb-below-header-display":"","ast-hfb-mobile-header-display":"","site-post-title":"","ast-breadcrumbs-content":"","ast-featured-img":"","footer-sml-layout":"","theme-transparent-header-meta":"","adv-header-id-meta":"","stick-header-meta":"","header-above-stick-meta":"","header-main-stick-meta":"","header-below-stick-meta":"","astra-migrate-meta-layouts":"set","ast-page-background-enabled":"default","ast-page-background-meta":{"desktop":{"background-color":"var(--ast-global-color-4)","background-image":"","background-repeat":"repeat","background-position":"center center","background-size":"auto","background-attachment":"scroll","background-type":"","background-media":"","overlay-type":"","overlay-color":"","overlay-opacity":"","overlay-gradient":""},"tablet":{"background-color":"","background-image":"","background-repeat":"repeat","background-position":"center center","background-size":"auto","background-attachment":"scroll","background-type":"","background-media":"","overlay-type":"","overlay-color":"","overlay-opacity":"","overlay-gradient":""},"mobile":{"background-color":"","background-image":"","background-repeat":"repeat","background-position":"center center","background-size":"auto","background-attachment":"scroll","background-type":"","background-media":"","overlay-type":"","overlay-color":"","overlay-opacity":"","overlay-gradient":""}},"ast-content-background-meta":{"desktop":{"background-color":"var(--ast-global-color-5)","background-image":"","background-repeat":"repeat","background-position":"center center","background-size":"auto","background-attachment":"scroll","background-type":"","background-media":"","overlay-type":"","overlay-color":"","overlay-opacity":"","overlay-gradient":""},"tablet":{"background-color":"var(--ast-global-color-5)","background-image":"","background-repeat":"repeat","background-position":"center center","background-size":"auto","background-attachment":"scroll","background-type":"","background-media":"","overlay-type":"","overlay-color":"","overlay-opacity":"","overlay-gradient":""},"mobile":{"background-color":"var(--ast-global-color-5)","background-image":"","background-repeat":"repeat","background-position":"center center","background-size":"auto","background-attachment":"scroll","background-type":"","background-media":"","overlay-type":"","overlay-color":"","overlay-opacity":"","overlay-gradient":""}},"footnotes":""},"class_list":["post-25182","page","type-page","status-publish","hentry"],"post_mailing_queue_ids":[],"_links":{"self":[{"href":"https:\/\/projectes.xtec.cat\/digital\/wp-json\/wp\/v2\/pages\/25182","targetHints":{"allow":["GET"]}}],"collection":[{"href":"https:\/\/projectes.xtec.cat\/digital\/wp-json\/wp\/v2\/pages"}],"about":[{"href":"https:\/\/projectes.xtec.cat\/digital\/wp-json\/wp\/v2\/types\/page"}],"author":[{"embeddable":true,"href":"https:\/\/projectes.xtec.cat\/digital\/wp-json\/wp\/v2\/users\/1"}],"replies":[{"embeddable":true,"href":"https:\/\/projectes.xtec.cat\/digital\/wp-json\/wp\/v2\/comments?post=25182"}],"version-history":[{"count":6,"href":"https:\/\/projectes.xtec.cat\/digital\/wp-json\/wp\/v2\/pages\/25182\/revisions"}],"predecessor-version":[{"id":30856,"href":"https:\/\/projectes.xtec.cat\/digital\/wp-json\/wp\/v2\/pages\/25182\/revisions\/30856"}],"up":[{"embeddable":true,"href":"https:\/\/projectes.xtec.cat\/digital\/wp-json\/wp\/v2\/pages\/10077"}],"wp:attachment":[{"href":"https:\/\/projectes.xtec.cat\/digital\/wp-json\/wp\/v2\/media?parent=25182"}],"curies":[{"name":"wp","href":"https:\/\/api.w.org\/{rel}","templated":true}]}}