{"id":25246,"date":"2024-03-20T12:49:06","date_gmt":"2024-03-20T11:49:06","guid":{"rendered":"https:\/\/projectes.xtec.cat\/digital\/?page_id=25246"},"modified":"2024-10-12T21:17:56","modified_gmt":"2024-10-12T19:17:56","slug":"xarxes-socials","status":"publish","type":"page","link":"https:\/\/projectes.xtec.cat\/digital\/serveis-digitals\/nodes\/consells-per-una-bona-comunicacio\/xarxes-socials\/","title":{"rendered":"Xarxes socials"},"content":{"rendered":"\n<div class=\"wp-block-getwid-section alignfull alignfull\"><div class=\"wp-block-getwid-section__wrapper\"><div class=\"wp-block-getwid-section__inner-wrapper\"><div class=\"wp-block-getwid-section__background-holder\"><div class=\"wp-block-getwid-section__background\"><\/div><div class=\"wp-block-getwid-section__foreground\"><\/div><\/div><div class=\"wp-block-getwid-section__content\"><div class=\"wp-block-getwid-section__inner-content\">\n<p>Les xarxes socials s\u00f3n grans canals de comunicaci\u00f3, complementaris del web del centre.&nbsp; <\/p>\n\n\n\n<p>Mentre que l\u2019usuari ha de fer un pensament actiu per visitar la web del centre, a les xarxes socials la informaci\u00f3 apareix autom\u00e0ticament a l\u2019espai personal de lectura de l\u2019usuari (sempre que s\u2019hagi subscrit als canals o p\u00e0gines).<\/p>\n\n\n\n<div style=\"height:20px\" aria-hidden=\"true\" class=\"wp-block-spacer\"><\/div>\n<\/div><\/div><\/div><\/div><\/div>\n\n\n\n<div class=\"wp-block-getwid-section alignfull alignfull\"><div class=\"wp-block-getwid-section__wrapper\"><div class=\"wp-block-getwid-section__inner-wrapper\"><div class=\"wp-block-getwid-section__background-holder\"><div class=\"wp-block-getwid-section__background\"><\/div><div class=\"wp-block-getwid-section__foreground\"><\/div><\/div><div class=\"wp-block-getwid-section__content\"><div class=\"wp-block-getwid-section__inner-content\">\n<div style=\"height:20px\" aria-hidden=\"true\" class=\"wp-block-spacer\"><\/div>\n\n\n\n<div class=\"wp-block-columns is-layout-flex wp-container-core-columns-is-layout-1 wp-block-columns-is-layout-flex\">\n<div class=\"wp-block-column caixa is-layout-flow wp-block-column-is-layout-flow\">\n<figure class=\"wp-block-image aligncenter size-full is-resized is-style-default\"><img loading=\"lazy\" decoding=\"async\" width=\"144\" height=\"144\" src=\"https:\/\/projectes.xtec.cat\/digital\/wp-content\/uploads\/usu2317\/2024\/03\/icons8-twitter-144.png\" alt=\"\" class=\"wp-image-25247\" style=\"width:116px;height:auto\"\/><\/figure>\n\n\n\n<p>A part d\u2019informacions replicades del vostre web,&nbsp;<a href=\"https:\/\/twitter.com\/\"><strong>Twitter<\/strong><\/a>&nbsp;(tamb\u00e9 conegut com a X) permet repiular informacions d\u2019entitats properes (ajuntament, biblioteques, xtec, gencat, altres centres educatius, clubs esportius, etc.) que poden ser d\u2019inter\u00e8s per el vostre alumnat i fam\u00edlies.<\/p>\n\n\n\n<p>Exemples:&nbsp;<a rel=\"noreferrer noopener\" href=\"https:\/\/twitter.com\/MontserratinaV\" target=\"_blank\">Escola Montserratina<\/a>,&nbsp;<a rel=\"noreferrer noopener\" href=\"https:\/\/twitter.com\/iesteveterradas\" target=\"_blank\">Institut Esteve Terrades<\/a><\/p>\n\n\n\n<p class=\"has-ast-global-color-4-background-color has-background\">Us recomanem inserir el twitter del vostre centre&nbsp;fent servir un giny de tipus \u201cHTML Personalitzat\u201d i enganxant el codi generat per la&nbsp;<a rel=\"noreferrer noopener\" href=\"https:\/\/agora.xtec.cat\/nodes\/consells-per-una-bona-comunicacio-families\/xarxes-socials\/#\" target=\"_blank\">caixa d\u2019eines de Nodes<\/a>.<\/p>\n<\/div>\n\n\n\n<div class=\"wp-block-column caixa is-layout-flow wp-block-column-is-layout-flow\">\n<figure class=\"wp-block-image aligncenter size-full is-resized is-style-default\"><img loading=\"lazy\" decoding=\"async\" width=\"240\" height=\"240\" src=\"https:\/\/projectes.xtec.cat\/digital\/wp-content\/uploads\/usu2317\/2024\/03\/icons8-instagram-240.png\" alt=\"\" class=\"wp-image-25248\" style=\"width:106px;height:auto\" srcset=\"https:\/\/projectes.xtec.cat\/digital\/wp-content\/uploads\/usu2317\/2024\/03\/icons8-instagram-240.png 240w, https:\/\/projectes.xtec.cat\/digital\/wp-content\/uploads\/usu2317\/2024\/03\/icons8-instagram-240-150x150.png 150w\" sizes=\"auto, (max-width: 240px) 100vw, 240px\" \/><\/figure>\n\n\n\n<p><a href=\"https:\/\/www.instagram.com\/\"><strong>Instagram<\/strong><\/a>&nbsp;\u00e9s la xarxa social amb un major creixement i \u00e9s for\u00e7a popular entre els adolescents. Moltes escoles ho fan servir com aparador, fent protagonistes als alumnes i docents.<\/p>\n\n\n\n<p>Exemples:&nbsp;<a href=\"https:\/\/www.instagram.com\/joanpelegricat\/\" target=\"_blank\" rel=\"noreferrer noopener\">Escola Joan Pelegr\u00ed<\/a>,&nbsp;<a href=\"https:\/\/www.instagram.com\/insmilabcn.cat\/\" target=\"_blank\" rel=\"noreferrer noopener\">Institut Mil\u00e0 i Fontanals<\/a><\/p>\n\n\n\n<p class=\"has-ast-global-color-4-background-color has-background\">Podeu inserir l\u2019Instagram del vostre centre fent servir un giny de tipus \u201cHTML Personalitzat\u201d i enganxant el codi generat a&nbsp;<a href=\"https:\/\/snapwidget.com\/\">SnapWidget<\/a><\/p>\n<\/div>\n<\/div>\n\n\n\n<div style=\"height:38px\" aria-hidden=\"true\" class=\"wp-block-spacer\"><\/div>\n\n\n\n<div class=\"wp-block-columns is-layout-flex wp-container-core-columns-is-layout-2 wp-block-columns-is-layout-flex\">\n<div class=\"wp-block-column caixa is-layout-flow wp-block-column-is-layout-flow\">\n<figure class=\"wp-block-image aligncenter size-full is-resized is-style-default\"><img loading=\"lazy\" decoding=\"async\" width=\"160\" height=\"160\" src=\"https:\/\/projectes.xtec.cat\/digital\/wp-content\/uploads\/usu2317\/2024\/03\/facebook-new.png\" alt=\"\" class=\"wp-image-25249\" style=\"width:90px;height:auto\" srcset=\"https:\/\/projectes.xtec.cat\/digital\/wp-content\/uploads\/usu2317\/2024\/03\/facebook-new.png 160w, https:\/\/projectes.xtec.cat\/digital\/wp-content\/uploads\/usu2317\/2024\/03\/facebook-new-150x150.png 150w\" sizes=\"auto, (max-width: 160px) 100vw, 160px\" \/><\/figure>\n\n\n\n<p><a href=\"https:\/\/www.facebook.com\/\"><strong>Facebook<\/strong><\/a>&nbsp;\u00e9s la xarxa social amb m\u00e9s usuaris. Est\u00e0 perdent popularitat per\u00f2 molts centres encara ho fan servir com a canal complementari al web del centre.<\/p>\n\n\n\n<p>Exemples:&nbsp;<a href=\"https:\/\/www.facebook.com\/EscolaBalaguer\">Escola Balaguer<\/a>,&nbsp;<a href=\"https:\/\/www.facebook.com\/institutcastellet\/\" target=\"_blank\" rel=\"noreferrer noopener\">Institut Castellet<\/a><\/p>\n<\/div>\n\n\n\n<div class=\"wp-block-column caixa is-layout-flow wp-block-column-is-layout-flow\">\n<p class=\"has-ast-global-color-5-color has-vivid-red-background-color has-text-color has-background has-link-color wp-elements-84d800210c9840bb3fb1f15e6cae1ddd\">NO ES RECOMANA L&#8217;US<\/p>\n\n\n\n<figure class=\"wp-block-image aligncenter size-full is-resized\"><a href=\"https:\/\/projectes.xtec.cat\/digital\/wp-content\/uploads\/usu2317\/2024\/10\/tiktok-logo-tiktok-app-social-media-icons-free-png.webp\"><img loading=\"lazy\" decoding=\"async\" width=\"980\" height=\"980\" src=\"https:\/\/projectes.xtec.cat\/digital\/wp-content\/uploads\/usu2317\/2024\/10\/tiktok-logo-tiktok-app-social-media-icons-free-png.webp\" alt=\"\" class=\"wp-image-30866\" style=\"width:114px;height:auto\" srcset=\"https:\/\/projectes.xtec.cat\/digital\/wp-content\/uploads\/usu2317\/2024\/10\/tiktok-logo-tiktok-app-social-media-icons-free-png.webp 980w, https:\/\/projectes.xtec.cat\/digital\/wp-content\/uploads\/usu2317\/2024\/10\/tiktok-logo-tiktok-app-social-media-icons-free-png-300x300.webp 300w, https:\/\/projectes.xtec.cat\/digital\/wp-content\/uploads\/usu2317\/2024\/10\/tiktok-logo-tiktok-app-social-media-icons-free-png-150x150.webp 150w, https:\/\/projectes.xtec.cat\/digital\/wp-content\/uploads\/usu2317\/2024\/10\/tiktok-logo-tiktok-app-social-media-icons-free-png-768x768.webp 768w\" sizes=\"auto, (max-width: 980px) 100vw, 980px\" \/><\/a><\/figure>\n\n\n\n<p><strong>Tik Tok<\/strong> \u00e9s una xarxa social molt popular entre els adolescents, per\u00f2 no compleix amb la llei de protecci\u00f3 de dades i fomenta conductes de risc.<\/p>\n\n\n\n<ul class=\"wp-block-list\">\n<li><a href=\"https:\/\/www.enriquedans.com\/2019\/07\/tiktok-y-la-irresponsabilidad.html\" data-type=\"link\" data-id=\"https:\/\/www.enriquedans.com\/2019\/07\/tiktok-y-la-irresponsabilidad.html\" target=\"_blank\" rel=\"noreferrer noopener\">Tik Tok y la irresponsabilidad<\/a>(Enrique Dans)<\/li>\n\n\n\n<li><a href=\"https:\/\/www.youtube.com\/watch?v=nJu-9oiP6zw\" target=\"_blank\" rel=\"noreferrer noopener\">Los (por)menores de TikTok<\/a>. Seminari web de Pablo Duchement<\/li>\n\n\n\n<li><a href=\"https:\/\/www.educaciontrespuntocero.com\/noticias\/riesgos-tiktok\/\" target=\"_blank\" rel=\"noreferrer noopener\">Estos son los riesgos de TikTok para los menores<\/a><\/li>\n<\/ul>\n<\/div>\n<\/div>\n\n\n\n<div style=\"height:20px\" aria-hidden=\"true\" class=\"wp-block-spacer\"><\/div>\n<\/div><\/div><\/div><\/div><\/div>\n\n\n\n<div class=\"wp-block-getwid-section alignfull alignfull\"><div class=\"wp-block-getwid-section__wrapper\"><div class=\"wp-block-getwid-section__inner-wrapper\"><div class=\"wp-block-getwid-section__background-holder\"><div class=\"wp-block-getwid-section__background\"><\/div><div class=\"wp-block-getwid-section__foreground\"><\/div><\/div><div class=\"wp-block-getwid-section__content\"><div class=\"wp-block-getwid-section__inner-content\">\n<div style=\"height:20px\" aria-hidden=\"true\" class=\"wp-block-spacer\"><\/div>\n\n\n\n<p>Imatges:<\/p>\n\n\n\n<p>Totes les imatges s\u2019han obtingut de&nbsp;<a href=\"http:\/\/icons8.com\/\">icons8.com<\/a><\/p>\n\n\n\n<div style=\"height:20px\" aria-hidden=\"true\" class=\"wp-block-spacer\"><\/div>\n<\/div><\/div><\/div><\/div><\/div>\n","protected":false},"excerpt":{"rendered":"","protected":false},"author":1,"featured_media":0,"parent":10173,"menu_order":0,"comment_status":"closed","ping_status":"close","template":"","meta":{"site-sidebar-layout":"left-sidebar","site-content-layout":"","ast-site-content-layout":"default","site-content-style":"default","site-sidebar-style":"default","ast-global-header-display":"","ast-banner-title-visibility":"","ast-main-header-display":"","ast-hfb-above-header-display":"","ast-hfb-below-header-display":"","ast-hfb-mobile-header-display":"","site-post-title":"","ast-breadcrumbs-content":"","ast-featured-img":"","footer-sml-layout":"","theme-transparent-header-meta":"","adv-header-id-meta":"","stick-header-meta":"","header-above-stick-meta":"","header-main-stick-meta":"","header-below-stick-meta":"","astra-migrate-meta-layouts":"set","ast-page-background-enabled":"default","ast-page-background-meta":{"desktop":{"background-color":"var(--ast-global-color-4)","background-image":"","background-repeat":"repeat","background-position":"center center","background-size":"auto","background-attachment":"scroll","background-type":"","background-media":"","overlay-type":"","overlay-color":"","overlay-opacity":"","overlay-gradient":""},"tablet":{"background-color":"","background-image":"","background-repeat":"repeat","background-position":"center center","background-size":"auto","background-attachment":"scroll","background-type":"","background-media":"","overlay-type":"","overlay-color":"","overlay-opacity":"","overlay-gradient":""},"mobile":{"background-color":"","background-image":"","background-repeat":"repeat","background-position":"center center","background-size":"auto","background-attachment":"scroll","background-type":"","background-media":"","overlay-type":"","overlay-color":"","overlay-opacity":"","overlay-gradient":""}},"ast-content-background-meta":{"desktop":{"background-color":"var(--ast-global-color-5)","background-image":"","background-repeat":"repeat","background-position":"center center","background-size":"auto","background-attachment":"scroll","background-type":"","background-media":"","overlay-type":"","overlay-color":"","overlay-opacity":"","overlay-gradient":""},"tablet":{"background-color":"var(--ast-global-color-5)","background-image":"","background-repeat":"repeat","background-position":"center center","background-size":"auto","background-attachment":"scroll","background-type":"","background-media":"","overlay-type":"","overlay-color":"","overlay-opacity":"","overlay-gradient":""},"mobile":{"background-color":"var(--ast-global-color-5)","background-image":"","background-repeat":"repeat","background-position":"center center","background-size":"auto","background-attachment":"scroll","background-type":"","background-media":"","overlay-type":"","overlay-color":"","overlay-opacity":"","overlay-gradient":""}},"footnotes":""},"class_list":["post-25246","page","type-page","status-publish","hentry"],"post_mailing_queue_ids":[],"_links":{"self":[{"href":"https:\/\/projectes.xtec.cat\/digital\/wp-json\/wp\/v2\/pages\/25246","targetHints":{"allow":["GET"]}}],"collection":[{"href":"https:\/\/projectes.xtec.cat\/digital\/wp-json\/wp\/v2\/pages"}],"about":[{"href":"https:\/\/projectes.xtec.cat\/digital\/wp-json\/wp\/v2\/types\/page"}],"author":[{"embeddable":true,"href":"https:\/\/projectes.xtec.cat\/digital\/wp-json\/wp\/v2\/users\/1"}],"replies":[{"embeddable":true,"href":"https:\/\/projectes.xtec.cat\/digital\/wp-json\/wp\/v2\/comments?post=25246"}],"version-history":[{"count":6,"href":"https:\/\/projectes.xtec.cat\/digital\/wp-json\/wp\/v2\/pages\/25246\/revisions"}],"predecessor-version":[{"id":30872,"href":"https:\/\/projectes.xtec.cat\/digital\/wp-json\/wp\/v2\/pages\/25246\/revisions\/30872"}],"up":[{"embeddable":true,"href":"https:\/\/projectes.xtec.cat\/digital\/wp-json\/wp\/v2\/pages\/10173"}],"wp:attachment":[{"href":"https:\/\/projectes.xtec.cat\/digital\/wp-json\/wp\/v2\/media?parent=25246"}],"curies":[{"name":"wp","href":"https:\/\/api.w.org\/{rel}","templated":true}]}}