{"id":25662,"date":"2024-04-08T08:44:17","date_gmt":"2024-04-08T06:44:17","guid":{"rendered":"https:\/\/projectes.xtec.cat\/digital\/?page_id=25662"},"modified":"2025-11-28T12:25:47","modified_gmt":"2025-11-28T11:25:47","slug":"no-puc-iniciar-sessio-a-windows","status":"publish","type":"page","link":"https:\/\/projectes.xtec.cat\/digital\/perfils\/docents\/no-puc-iniciar-sessio-a-windows\/","title":{"rendered":"No puc iniciar sessi\u00f3 a Windows"},"content":{"rendered":"\n<div class=\"wp-block-getwid-section alignfull alignfull\"><div class=\"wp-block-getwid-section__wrapper\"><div class=\"wp-block-getwid-section__inner-wrapper\"><div class=\"wp-block-getwid-section__background-holder\"><div class=\"wp-block-getwid-section__background\"><\/div><div class=\"wp-block-getwid-section__foreground\"><\/div><\/div><div class=\"wp-block-getwid-section__content\"><div class=\"wp-block-getwid-section__inner-content\">\n<p>Si no podeu iniciar sessi\u00f3 en un equip Windows de docent o d&#8217;alumnat, podeu utilitzar l&#8217;eina seg\u00fcent per a detectar quin \u00e9s el motiu i qu\u00e8 podeu fer per a resoldre-ho.<\/p>\n\n\n\n<p class=\"has-border-color has-ast-global-color-1-border-color has-ast-global-color-5-color has-vivid-red-background-color has-text-color has-background has-link-color wp-elements-9d0f2b2f936f09c5a91f8f7f12c4bd93\" style=\"border-width:2px\">Per a <strong>docents<\/strong>, podeu consultar tamb\u00e9 la <strong>guia<\/strong>: <a href=\"https:\/\/docs.google.com\/document\/d\/1KRITNhMJQjZ2a07Zp1U83K4yH2QLIoQEQo4D0kimm6g\/edit?usp=sharing\" data-type=\"link\" data-id=\"https:\/\/docs.google.com\/document\/d\/1KRITNhMJQjZ2a07Zp1U83K4yH2QLIoQEQo4D0kimm6g\/edit?usp=sharing\">Protocol de revisi\u00f3 quan una persona no t\u00e9 acc\u00e9s al port\u00e0til de dotaci\u00f3 docent<\/a>.<\/p>\n\n\n\n<div style=\"height:20px\" aria-hidden=\"true\" class=\"wp-block-spacer\"><\/div>\n<\/div><\/div><\/div><\/div><\/div>\n\n\n\n<div class=\"wp-block-getwid-section alignfull alignfull\"><div class=\"wp-block-getwid-section__wrapper\"><div class=\"wp-block-getwid-section__inner-wrapper\"><div class=\"wp-block-getwid-section__background-holder\"><div class=\"wp-block-getwid-section__background\"><\/div><div class=\"wp-block-getwid-section__foreground\"><\/div><\/div><div class=\"wp-block-getwid-section__content\"><div class=\"wp-block-getwid-section__inner-content\"><div class=\"h5p-iframe-wrapper\"><iframe id=\"h5p-iframe-2\" class=\"h5p-iframe\" data-content-id=\"2\" style=\"height:1px\" src=\"about:blank\" frameBorder=\"0\" scrolling=\"no\" title=\"NO PUC INICIAR SESSI\u00d3 A WINDOWS\"><\/iframe><\/div>\n\n\n\n<div style=\"height:50px\" aria-hidden=\"true\" class=\"wp-block-spacer\"><\/div>\n<\/div><\/div><\/div><\/div><\/div>\n\n\n\n<div class=\"wp-block-getwid-section alignfull alignfull\"><div class=\"wp-block-getwid-section__wrapper\"><div class=\"wp-block-getwid-section__inner-wrapper\"><div class=\"wp-block-getwid-section__background-holder\"><div class=\"wp-block-getwid-section__background has-background has-ast-global-color-4-background-color\"><\/div><div class=\"wp-block-getwid-section__foreground\"><\/div><\/div><div class=\"wp-block-getwid-section__content\"><div class=\"wp-block-getwid-section__inner-content\">\n<div class=\"wp-block-getwid-section alignfull alignfull\"><div class=\"wp-block-getwid-section__wrapper\"><div class=\"wp-block-getwid-section__inner-wrapper\"><div class=\"wp-block-getwid-section__background-holder\"><div class=\"wp-block-getwid-section__background has-background has-ast-global-color-4-background-color\"><\/div><div class=\"wp-block-getwid-section__foreground\"><\/div><\/div><div class=\"wp-block-getwid-section__content\"><div class=\"wp-block-getwid-section__inner-content\">\n<div style=\"height:50px\" aria-hidden=\"true\" class=\"wp-block-spacer\"><\/div>\n\n\n\n<h2 class=\"wp-block-heading alignwide\">Converses sobre <em>inici de sessi\u00f3 a Windows<\/em> a la xarxa docent Nus<\/h2>\n\n\n\n<div style=\"height:20px\" aria-hidden=\"true\" class=\"wp-block-spacer\"><\/div>\n\n\n\n<div class=\"wp-block-columns alignwide is-layout-flex wp-container-core-columns-is-layout-1 wp-block-columns-is-layout-flex\">\n<div class=\"wp-block-column is-layout-flow wp-block-column-is-layout-flow\">\n<h3 class=\"wp-block-heading\">Darreres converses<\/h3>\n\n\n<div class='nus_topics'><span class=\"nus_data\">21.01.26<\/span> <a target=\"_blank\" href=\"https:\/\/comunitat.edigital.cat\/t\/cryptohome-is-corrupted-error-dinici-de-sessio-alumnat\/44168\">Cryptohome is corrupted. error d'inici de sessi\u00f3 alumnat<\/a><br><span class=\"nus_data\">20.01.24<\/span> <a target=\"_blank\" href=\"https:\/\/comunitat.edigital.cat\/t\/alumne-no-pot-iniciar-sessio-a-ordinador-pedc\/11933\">Alumne no pot iniciar sessi\u00f3 a ordinador PEDC<\/a><br><span class=\"nus_data\">03.11.23<\/span> <a target=\"_blank\" href=\"https:\/\/comunitat.edigital.cat\/t\/inici-de-sessio\/28897\">Inici de sessi\u00f3<\/a><br><span class=\"nus_data\">30.09.23<\/span> <a target=\"_blank\" href=\"https:\/\/comunitat.edigital.cat\/t\/sense-acces-a-ordinadors-alumnat\/27244\">Sense acc\u00e9s a ordinadors alumnat<\/a><br><span class=\"nus_data\">26.09.23<\/span> <a target=\"_blank\" href=\"https:\/\/comunitat.edigital.cat\/t\/no-es-guarda-lusuari-a-linici-de-sessio\/10691\">No es guarda l'usuari a l'inici de sessi\u00f3<\/a><br><span class=\"nus_data\">26.09.23<\/span> <a target=\"_blank\" href=\"https:\/\/comunitat.edigital.cat\/t\/problemes-en-ordinadors-portatils-5e\/27712\">Problemes en Ordinadors port\u00e0tils 5\u00e8<\/a><br><span class=\"nus_data\">02.09.23<\/span> <a target=\"_blank\" href=\"https:\/\/comunitat.edigital.cat\/t\/problemes-amb-inici-de-sessio-a-ordinador-portatil\/26629\">Problemes amb inici de sessi\u00f3 a ordinador port\u00e0til<\/a><br><span class=\"nus_data\">21.10.22<\/span> <a target=\"_blank\" href=\"https:\/\/comunitat.edigital.cat\/t\/portatils-de-sise\/20338\">Port\u00e0tils de sis\u00e8<\/a><br><span class=\"nus_data\">14.09.22<\/span> <a target=\"_blank\" href=\"https:\/\/comunitat.edigital.cat\/t\/alumnes-no-poden-iniciar-sessio\/17915\">Alumnes no poden iniciar sessi\u00f3<\/a><br><span class=\"nus_data\">08.09.22<\/span> <a target=\"_blank\" href=\"https:\/\/comunitat.edigital.cat\/t\/impossibilitat-de-canvi-contrasenya-alumne\/17698\">Impossibilitat de canvi contrasenya alumne<\/a><br><\/div>\n<\/div>\n\n\n\n<div class=\"wp-block-column is-layout-flow wp-block-column-is-layout-flow\">\n<h3 class=\"wp-block-heading\">Converses m\u00e9s vistes<\/h3>\n\n\n<div class='nus_topics'><span class=\"nus_data\">02.10.21<\/span> <a target=\"_blank\" href=\"https:\/\/comunitat.edigital.cat\/t\/docent-sense-usuari-assignat\/4031\">Docent sense usuari assignat<\/a><br><span class=\"nus_data\">26.09.23<\/span> <a target=\"_blank\" href=\"https:\/\/comunitat.edigital.cat\/t\/no-es-guarda-lusuari-a-linici-de-sessio\/10691\">No es guarda l'usuari a l'inici de sessi\u00f3<\/a><br><span class=\"nus_data\">30.09.23<\/span> <a target=\"_blank\" href=\"https:\/\/comunitat.edigital.cat\/t\/sense-acces-a-ordinadors-alumnat\/27244\">Sense acc\u00e9s a ordinadors alumnat<\/a><br><span class=\"nus_data\">20.01.24<\/span> <a target=\"_blank\" href=\"https:\/\/comunitat.edigital.cat\/t\/alumne-no-pot-iniciar-sessio-a-ordinador-pedc\/11933\">Alumne no pot iniciar sessi\u00f3 a ordinador PEDC<\/a><br><span class=\"nus_data\">03.11.23<\/span> <a target=\"_blank\" href=\"https:\/\/comunitat.edigital.cat\/t\/inici-de-sessio\/28897\">Inici de sessi\u00f3<\/a><br><span class=\"nus_data\">25.10.21<\/span> <a target=\"_blank\" href=\"https:\/\/comunitat.edigital.cat\/t\/login-mitjancant-compte-gmail-gsuite-workspaces\/6822\">Login mitjan\u00e7ant compte gmail\/gsuite\/workspaces<\/a><br><span class=\"nus_data\">14.09.22<\/span> <a target=\"_blank\" href=\"https:\/\/comunitat.edigital.cat\/t\/alumnes-no-poden-iniciar-sessio\/17915\">Alumnes no poden iniciar sessi\u00f3<\/a><br><span class=\"nus_data\">22.09.21<\/span> <a target=\"_blank\" href=\"https:\/\/comunitat.edigital.cat\/t\/assignacio-professorat-nou-error-usuari\/3884\">Assignaci\u00f3 professorat nou, error usuari<\/a><br><span class=\"nus_data\">26.09.23<\/span> <a target=\"_blank\" href=\"https:\/\/comunitat.edigital.cat\/t\/problemes-en-ordinadors-portatils-5e\/27712\">Problemes en Ordinadors port\u00e0tils 5\u00e8<\/a><br><span class=\"nus_data\">02.09.23<\/span> <a target=\"_blank\" href=\"https:\/\/comunitat.edigital.cat\/t\/problemes-amb-inici-de-sessio-a-ordinador-portatil\/26629\">Problemes amb inici de sessi\u00f3 a ordinador port\u00e0til<\/a><br><\/div>\n<\/div>\n<\/div>\n\n\n\n<div style=\"height:100px\" aria-hidden=\"true\" class=\"wp-block-spacer\"><\/div>\n<\/div><\/div><\/div><\/div><\/div>\n<\/div><\/div><\/div><\/div><\/div>\n","protected":false},"excerpt":{"rendered":"","protected":false},"author":1,"featured_media":0,"parent":14671,"menu_order":0,"comment_status":"closed","ping_status":"close","template":"","meta":{"site-sidebar-layout":"no-sidebar","site-content-layout":"plain-container","ast-site-content-layout":"normal-width-container","site-content-style":"unboxed","site-sidebar-style":"unboxed","ast-global-header-display":"","ast-banner-title-visibility":"","ast-main-header-display":"","ast-hfb-above-header-display":"","ast-hfb-below-header-display":"","ast-hfb-mobile-header-display":"","site-post-title":"","ast-breadcrumbs-content":"","ast-featured-img":"","footer-sml-layout":"","theme-transparent-header-meta":"","adv-header-id-meta":"","stick-header-meta":"","header-above-stick-meta":"","header-main-stick-meta":"","header-below-stick-meta":"","astra-migrate-meta-layouts":"set","ast-page-background-enabled":"default","ast-page-background-meta":{"desktop":{"background-color":"var(--ast-global-color-4)","background-image":"","background-repeat":"repeat","background-position":"center center","background-size":"auto","background-attachment":"scroll","background-type":"","background-media":"","overlay-type":"","overlay-color":"","overlay-opacity":"","overlay-gradient":""},"tablet":{"background-color":"","background-image":"","background-repeat":"repeat","background-position":"center center","background-size":"auto","background-attachment":"scroll","background-type":"","background-media":"","overlay-type":"","overlay-color":"","overlay-opacity":"","overlay-gradient":""},"mobile":{"background-color":"","background-image":"","background-repeat":"repeat","background-position":"center center","background-size":"auto","background-attachment":"scroll","background-type":"","background-media":"","overlay-type":"","overlay-color":"","overlay-opacity":"","overlay-gradient":""}},"ast-content-background-meta":{"desktop":{"background-color":"var(--ast-global-color-5)","background-image":"","background-repeat":"repeat","background-position":"center center","background-size":"auto","background-attachment":"scroll","background-type":"","background-media":"","overlay-type":"","overlay-color":"","overlay-opacity":"","overlay-gradient":""},"tablet":{"background-color":"var(--ast-global-color-5)","background-image":"","background-repeat":"repeat","background-position":"center center","background-size":"auto","background-attachment":"scroll","background-type":"","background-media":"","overlay-type":"","overlay-color":"","overlay-opacity":"","overlay-gradient":""},"mobile":{"background-color":"var(--ast-global-color-5)","background-image":"","background-repeat":"repeat","background-position":"center center","background-size":"auto","background-attachment":"scroll","background-type":"","background-media":"","overlay-type":"","overlay-color":"","overlay-opacity":"","overlay-gradient":""}},"footnotes":""},"class_list":["post-25662","page","type-page","status-publish","hentry"],"post_mailing_queue_ids":[],"_links":{"self":[{"href":"https:\/\/projectes.xtec.cat\/digital\/wp-json\/wp\/v2\/pages\/25662","targetHints":{"allow":["GET"]}}],"collection":[{"href":"https:\/\/projectes.xtec.cat\/digital\/wp-json\/wp\/v2\/pages"}],"about":[{"href":"https:\/\/projectes.xtec.cat\/digital\/wp-json\/wp\/v2\/types\/page"}],"author":[{"embeddable":true,"href":"https:\/\/projectes.xtec.cat\/digital\/wp-json\/wp\/v2\/users\/1"}],"replies":[{"embeddable":true,"href":"https:\/\/projectes.xtec.cat\/digital\/wp-json\/wp\/v2\/comments?post=25662"}],"version-history":[{"count":6,"href":"https:\/\/projectes.xtec.cat\/digital\/wp-json\/wp\/v2\/pages\/25662\/revisions"}],"predecessor-version":[{"id":38030,"href":"https:\/\/projectes.xtec.cat\/digital\/wp-json\/wp\/v2\/pages\/25662\/revisions\/38030"}],"up":[{"embeddable":true,"href":"https:\/\/projectes.xtec.cat\/digital\/wp-json\/wp\/v2\/pages\/14671"}],"wp:attachment":[{"href":"https:\/\/projectes.xtec.cat\/digital\/wp-json\/wp\/v2\/media?parent=25662"}],"curies":[{"name":"wp","href":"https:\/\/api.w.org\/{rel}","templated":true}]}}