{"id":26091,"date":"2024-04-14T01:47:31","date_gmt":"2024-04-13T23:47:31","guid":{"rendered":"https:\/\/projectes.xtec.cat\/digital\/?page_id=26091"},"modified":"2024-06-24T12:40:43","modified_gmt":"2024-06-24T10:40:43","slug":"4-1-aplicacio-pissarra","status":"publish","type":"page","link":"https:\/\/projectes.xtec.cat\/digital\/equipaments-i-infraestructures\/panells-digitals\/manual\/4-funcions-mes-habituals-pel-professorat\/4-1-aplicacio-pissarra\/","title":{"rendered":"4.1 Aplicaci\u00f3 \u201cPissarra\u201d"},"content":{"rendered":"\n<div style=\"height:30px\" aria-hidden=\"true\" class=\"wp-block-spacer\"><\/div>\n\n\n\n<div style=\"height:30px\" aria-hidden=\"true\" class=\"wp-block-spacer\"><\/div>\n\n\n\n<p>L\u2019aplicaci\u00f3 \u201c<strong>Pissarra<\/strong>\u201d mostra una pissarra molt completa amb m\u00e9s versatilitat que una pissarra anal\u00f2gica. A continuaci\u00f3 examinarem de manera detallada les seves funcions. Es pot accedir a l\u2019aplicaci\u00f3 de tres maneres:&nbsp;<\/p>\n\n\n\n<ol class=\"wp-block-list\" start=\"1\">\n<li>Des del bot\u00f3 de la barra d\u2019eines que hi ha als extrems (esquerra i dreta) del panell.&nbsp;<\/li>\n<\/ol>\n\n\n\n<figure class=\"wp-block-image size-full\"><a href=\"https:\/\/projectes.xtec.cat\/digital\/wp-content\/uploads\/usu2317\/2024\/04\/image-38.png\"><img loading=\"lazy\" decoding=\"async\" width=\"93\" height=\"327\" src=\"https:\/\/projectes.xtec.cat\/digital\/wp-content\/uploads\/usu2317\/2024\/04\/image-38.png\" alt=\"\" class=\"wp-image-26056\" srcset=\"https:\/\/projectes.xtec.cat\/digital\/wp-content\/uploads\/usu2317\/2024\/04\/image-38.png 93w, https:\/\/projectes.xtec.cat\/digital\/wp-content\/uploads\/usu2317\/2024\/04\/image-38-85x300.png 85w\" sizes=\"auto, (max-width: 93px) 100vw, 93px\" \/><\/a><\/figure>\n\n\n\n<ol class=\"wp-block-list\" start=\"2\">\n<li>Des del men\u00fa d\u2019aplicacions del panell que es desplega fent lliscar el dit cap amunt. En aquest cas l\u2019aplicaci\u00f3 s\u2019anomena \u201c<strong>Nota<\/strong>\u201d.&nbsp;&nbsp;<\/li>\n<\/ol>\n\n\n\n<figure class=\"wp-block-image size-full\"><a href=\"https:\/\/projectes.xtec.cat\/digital\/wp-content\/uploads\/usu2317\/2024\/04\/image-39.png\"><img loading=\"lazy\" decoding=\"async\" width=\"384\" height=\"216\" src=\"https:\/\/projectes.xtec.cat\/digital\/wp-content\/uploads\/usu2317\/2024\/04\/image-39.png\" alt=\"\" class=\"wp-image-26057\" srcset=\"https:\/\/projectes.xtec.cat\/digital\/wp-content\/uploads\/usu2317\/2024\/04\/image-39.png 384w, https:\/\/projectes.xtec.cat\/digital\/wp-content\/uploads\/usu2317\/2024\/04\/image-39-300x169.png 300w\" sizes=\"auto, (max-width: 384px) 100vw, 384px\" \/><\/a><\/figure>\n\n\n\n<ol class=\"wp-block-list\" start=\"3\">\n<li>Des del men\u00fa inferior del panell, on es troba per defecte, tal com es mostra a la imatge.&nbsp;<\/li>\n<\/ol>\n\n\n\n<figure class=\"wp-block-image size-full\"><a href=\"https:\/\/projectes.xtec.cat\/digital\/wp-content\/uploads\/usu2317\/2024\/04\/image-61.png\"><img loading=\"lazy\" decoding=\"async\" width=\"393\" height=\"219\" src=\"https:\/\/projectes.xtec.cat\/digital\/wp-content\/uploads\/usu2317\/2024\/04\/image-61.png\" alt=\"\" class=\"wp-image-26085\" srcset=\"https:\/\/projectes.xtec.cat\/digital\/wp-content\/uploads\/usu2317\/2024\/04\/image-61.png 393w, https:\/\/projectes.xtec.cat\/digital\/wp-content\/uploads\/usu2317\/2024\/04\/image-61-300x167.png 300w\" sizes=\"auto, (max-width: 393px) 100vw, 393px\" \/><\/a><\/figure>\n\n\n\n<p>Eines de l\u2019aplicaci\u00f3 \u201cPissarra\u201d&nbsp;<\/p>\n\n\n\n<p>L\u2019aplicaci\u00f3 \u201cPissarra\u201d disposa d\u2019una barra d\u2019eines situada al centre del marge inferior de la pantalla, aix\u00ed com d\u2019eines addicionals als laterals.&nbsp;<\/p>\n\n\n\n<figure class=\"wp-block-image size-full\"><a href=\"https:\/\/projectes.xtec.cat\/digital\/wp-content\/uploads\/usu2317\/2024\/04\/image-43.png\"><img loading=\"lazy\" decoding=\"async\" width=\"638\" height=\"35\" src=\"https:\/\/projectes.xtec.cat\/digital\/wp-content\/uploads\/usu2317\/2024\/04\/image-43.png\" alt=\"\" class=\"wp-image-26061\" srcset=\"https:\/\/projectes.xtec.cat\/digital\/wp-content\/uploads\/usu2317\/2024\/04\/image-43.png 638w, https:\/\/projectes.xtec.cat\/digital\/wp-content\/uploads\/usu2317\/2024\/04\/image-43-300x16.png 300w\" sizes=\"auto, (max-width: 638px) 100vw, 638px\" \/><\/a><\/figure>\n\n\n\n<div style=\"height:50px\" aria-hidden=\"true\" class=\"wp-block-spacer\"><\/div>\n\n\n\n<div class=\"wp-block-columns is-layout-flex wp-container-core-columns-is-layout-1 wp-block-columns-is-layout-flex\">\n<div class=\"wp-block-column is-layout-flow wp-block-column-is-layout-flow\">\n<p class=\"caixa-link has-medium-font-size\">Barra inferior izquierda<\/p>\n<\/div>\n\n\n\n<div class=\"wp-block-column caixa-link is-layout-flow wp-block-column-is-layout-flow\" id=\"https:\/\/projectes.xtec.cat\/digital\/equipaments-i-infraestructures\/panells-digitals\/synetech\/manual\/4-1-aplicacio-pissarra\/4-1-1-barra-central\/\">\n<p class=\"has-medium-font-size\">Barra central<\/p>\n<\/div>\n\n\n\n<div class=\"wp-block-column caixa-link is-layout-flow wp-block-column-is-layout-flow\">\n<p class=\"has-medium-font-size\">Barra inferior dreta<\/p>\n<\/div>\n<\/div>\n","protected":false},"excerpt":{"rendered":"<p>L\u2019aplicaci\u00f3 \u201cPissarra\u201d mostra una pissarra molt completa amb m\u00e9s versatilitat que una pissarra anal\u00f2gica. A continuaci\u00f3 examinarem de manera detallada les seves funcions. Es pot accedir a l\u2019aplicaci\u00f3 de tres maneres:&nbsp; Eines de l\u2019aplicaci\u00f3 \u201cPissarra\u201d&nbsp; L\u2019aplicaci\u00f3 \u201cPissarra\u201d disposa d\u2019una barra d\u2019eines situada al centre del marge inferior de la pantalla, aix\u00ed com d\u2019eines addicionals als [&hellip;]<\/p>\n","protected":false},"author":1,"featured_media":0,"parent":25978,"menu_order":0,"comment_status":"closed","ping_status":"close","template":"","meta":{"site-sidebar-layout":"left-sidebar","site-content-layout":"","ast-site-content-layout":"default","site-content-style":"default","site-sidebar-style":"default","ast-global-header-display":"","ast-banner-title-visibility":"","ast-main-header-display":"","ast-hfb-above-header-display":"","ast-hfb-below-header-display":"","ast-hfb-mobile-header-display":"","site-post-title":"","ast-breadcrumbs-content":"","ast-featured-img":"","footer-sml-layout":"","theme-transparent-header-meta":"","adv-header-id-meta":"","stick-header-meta":"","header-above-stick-meta":"","header-main-stick-meta":"","header-below-stick-meta":"","astra-migrate-meta-layouts":"set","ast-page-background-enabled":"default","ast-page-background-meta":{"desktop":{"background-color":"var(--ast-global-color-4)","background-image":"","background-repeat":"repeat","background-position":"center center","background-size":"auto","background-attachment":"scroll","background-type":"","background-media":"","overlay-type":"","overlay-color":"","overlay-opacity":"","overlay-gradient":""},"tablet":{"background-color":"","background-image":"","background-repeat":"repeat","background-position":"center center","background-size":"auto","background-attachment":"scroll","background-type":"","background-media":"","overlay-type":"","overlay-color":"","overlay-opacity":"","overlay-gradient":""},"mobile":{"background-color":"","background-image":"","background-repeat":"repeat","background-position":"center center","background-size":"auto","background-attachment":"scroll","background-type":"","background-media":"","overlay-type":"","overlay-color":"","overlay-opacity":"","overlay-gradient":""}},"ast-content-background-meta":{"desktop":{"background-color":"var(--ast-global-color-5)","background-image":"","background-repeat":"repeat","background-position":"center center","background-size":"auto","background-attachment":"scroll","background-type":"","background-media":"","overlay-type":"","overlay-color":"","overlay-opacity":"","overlay-gradient":""},"tablet":{"background-color":"var(--ast-global-color-5)","background-image":"","background-repeat":"repeat","background-position":"center center","background-size":"auto","background-attachment":"scroll","background-type":"","background-media":"","overlay-type":"","overlay-color":"","overlay-opacity":"","overlay-gradient":""},"mobile":{"background-color":"var(--ast-global-color-5)","background-image":"","background-repeat":"repeat","background-position":"center center","background-size":"auto","background-attachment":"scroll","background-type":"","background-media":"","overlay-type":"","overlay-color":"","overlay-opacity":"","overlay-gradient":""}},"footnotes":""},"class_list":["post-26091","page","type-page","status-publish","hentry"],"post_mailing_queue_ids":[],"_links":{"self":[{"href":"https:\/\/projectes.xtec.cat\/digital\/wp-json\/wp\/v2\/pages\/26091","targetHints":{"allow":["GET"]}}],"collection":[{"href":"https:\/\/projectes.xtec.cat\/digital\/wp-json\/wp\/v2\/pages"}],"about":[{"href":"https:\/\/projectes.xtec.cat\/digital\/wp-json\/wp\/v2\/types\/page"}],"author":[{"embeddable":true,"href":"https:\/\/projectes.xtec.cat\/digital\/wp-json\/wp\/v2\/users\/1"}],"replies":[{"embeddable":true,"href":"https:\/\/projectes.xtec.cat\/digital\/wp-json\/wp\/v2\/comments?post=26091"}],"version-history":[{"count":6,"href":"https:\/\/projectes.xtec.cat\/digital\/wp-json\/wp\/v2\/pages\/26091\/revisions"}],"predecessor-version":[{"id":26140,"href":"https:\/\/projectes.xtec.cat\/digital\/wp-json\/wp\/v2\/pages\/26091\/revisions\/26140"}],"up":[{"embeddable":true,"href":"https:\/\/projectes.xtec.cat\/digital\/wp-json\/wp\/v2\/pages\/25978"}],"wp:attachment":[{"href":"https:\/\/projectes.xtec.cat\/digital\/wp-json\/wp\/v2\/media?parent=26091"}],"curies":[{"name":"wp","href":"https:\/\/api.w.org\/{rel}","templated":true}]}}