{"id":27151,"date":"2024-05-31T11:37:21","date_gmt":"2024-05-31T09:37:21","guid":{"rendered":"https:\/\/projectes.xtec.cat\/digital\/?page_id=27151"},"modified":"2025-03-24T10:57:55","modified_gmt":"2025-03-24T09:57:55","slug":"ratoli-adaptat","status":"publish","type":"page","link":"https:\/\/projectes.xtec.cat\/digital\/equipaments-i-infraestructures\/aules-digitals-vivencials\/kit-dacces\/ratoli-adaptat\/","title":{"rendered":"Ratol\u00ed adaptat"},"content":{"rendered":"\n<div class=\"wp-block-getwid-section alignfull alignfull\"><div class=\"wp-block-getwid-section__wrapper\"><div class=\"wp-block-getwid-section__inner-wrapper\"><div class=\"wp-block-getwid-section__background-holder\"><div class=\"wp-block-getwid-section__background\"><\/div><div class=\"wp-block-getwid-section__foreground\"><\/div><\/div><div class=\"wp-block-getwid-section__content\"><div class=\"wp-block-getwid-section__inner-content\">\n<div style=\"height:50px\" aria-hidden=\"true\" class=\"wp-block-spacer\"><\/div>\n\n\n\n<div class=\"wp-block-columns is-layout-flex wp-container-core-columns-is-layout-1 wp-block-columns-is-layout-flex\">\n<div class=\"wp-block-column is-vertically-aligned-center is-layout-flow wp-block-column-is-layout-flow\" style=\"flex-basis:25%\">\n<figure class=\"wp-block-image aligncenter size-full is-resized wp-duotone-unset-1\"><img loading=\"lazy\" decoding=\"async\" width=\"210\" height=\"211\" src=\"https:\/\/projectes.xtec.cat\/digital\/wp-content\/uploads\/usu2317\/2023\/11\/ratoli.jpg\" alt=\"\" class=\"wp-image-19726\" style=\"aspect-ratio:1.051660516605166;width:171px;height:auto\" srcset=\"https:\/\/projectes.xtec.cat\/digital\/wp-content\/uploads\/usu2317\/2023\/11\/ratoli.jpg 210w, https:\/\/projectes.xtec.cat\/digital\/wp-content\/uploads\/usu2317\/2023\/11\/ratoli-150x150.jpg 150w\" sizes=\"auto, (max-width: 210px) 100vw, 210px\" \/><\/figure>\n<\/div>\n\n\n\n<div class=\"wp-block-column is-layout-flow wp-block-column-is-layout-flow\" style=\"flex-basis:66.66%\">\n<h1 class=\"wp-block-heading\" style=\"font-size:37px\">Ratol\u00ed adaptat<\/h1>\n\n\n\n<p>Ratol\u00ed USB adaptat per connectar 1 o 2 commutadors que permet substituir d\u2019aquesta manera el bot\u00f3 esquerre o el dret del ratol\u00ed. Dissenyat per a l\u2019alumnat amb diversitat funcional.<\/p>\n\n\n\n<p><\/p>\n\n\n\n<div class=\"wp-block-buttons is-horizontal is-content-justification-center is-layout-flex wp-container-core-buttons-is-layout-1 wp-block-buttons-is-layout-flex\">\n<div class=\"wp-block-button is-style-fill\"><a class=\"wp-block-button__link has-ast-global-color-8-color has-white-background-color has-text-color has-background wp-element-button\" href=\"https:\/\/projectes.xtec.cat\/digital\/wp-content\/uploads\/usu2317\/2024\/10\/Ratoli-adaptat.pdf\" style=\"border-radius:20px\">Fitxa resum<\/a><\/div>\n\n\n\n<div class=\"wp-block-button is-style-fill\"><a class=\"wp-block-button__link has-ast-global-color-8-color has-white-background-color has-text-color has-background wp-element-button\" href=\"https:\/\/comunitat.edigital.cat\/c\/aules-vivencials\/241\" style=\"border-radius:20px\">Suport<\/a><\/div>\n<\/div>\n<\/div>\n<\/div>\n\n\n\n<div style=\"height:50px\" aria-hidden=\"true\" class=\"wp-block-spacer\"><\/div>\n\n\n\n<div class=\"wp-block-getwid-tabs\" data-active-tab=\"0\"><ul class=\"wp-block-getwid-tabs__nav-links\"><\/ul>\n<div class=\"wp-block-getwid-tabs__nav-link\"><span class=\"wp-block-getwid-tabs__title-wrapper\"><a href=\"#\"><span class=\"wp-block-getwid-tabs__title\">V\u00eddeos<\/span><\/a><\/span><\/div><div class=\"wp-block-getwid-tabs__tab-content-wrapper\"><div class=\"wp-block-getwid-tabs__tab-content\">\n<div class=\"wp-block-columns is-layout-flex wp-container-core-columns-is-layout-2 wp-block-columns-is-layout-flex\">\n<div class=\"wp-block-column is-layout-flow wp-block-column-is-layout-flow\">\n<div style=\"text-align:center\"><iframe loading=\"lazy\" width=\"560\" height=\"315\" src=\"https:\/\/www.youtube.com\/embed\/pNvWXKo0Th4?si=IlljtgLLgVO5DidG\" title=\"YouTube video player\" frameborder=\"0\" allow=\"accelerometer; autoplay; clipboard-write; encrypted-media; gyroscope; picture-in-picture; web-share\" referrerpolicy=\"strict-origin-when-cross-origin\" allowfullscreen><\/iframe><\/div>\n<\/div>\n<\/div>\n<\/div><\/div>\n\n\n\n<div class=\"wp-block-getwid-tabs__nav-link\"><span class=\"wp-block-getwid-tabs__title-wrapper\"><a href=\"#\"><span class=\"wp-block-getwid-tabs__title\">Preguntes freq\u00fcents<\/span><\/a><\/span><\/div><div class=\"wp-block-getwid-tabs__tab-content-wrapper\"><div class=\"wp-block-getwid-tabs__tab-content\">\n<div class=\"wp-block-getwid-accordion has-icon-left\" data-active-element=\"none\">\n<div class=\"wp-block-getwid-accordion__header-wrapper\"><span class=\"wp-block-getwid-accordion__header\"><a href=\"#\"><span class=\"wp-block-getwid-accordion__header-title\">On \u00e9s la garantia dels productes i com es gestiona?<\/span><span class=\"wp-block-getwid-accordion__icon is-active\"><i class=\"far fa-question-circle\"><\/i><\/span><span class=\"wp-block-getwid-accordion__icon is-passive\"><i class=\"fas fa-minus\"><\/i><\/span><\/a><\/span><\/div><div class=\"wp-block-getwid-accordion__content-wrapper\"><div class=\"wp-block-getwid-accordion__content\">\n<p>La garantia de cada un dels elements \u00e9s la que estableix el fabricant. La garantia s\u2019associa a l\u2019<strong>etiqueta <\/strong>adhesiva que hi ha <strong>a l\u2019exterior de la caixa de cada un dels productes rebuts.<\/strong> En cas que algun dels dispositius no funcioni correctament, caldr\u00e0 que us adreceu a<strong> ATOM (antic SAU).<\/strong><\/p>\n<\/div><\/div>\n\n\n\n<div class=\"wp-block-getwid-accordion__header-wrapper\"><span class=\"wp-block-getwid-accordion__header\"><a href=\"#\"><span class=\"wp-block-getwid-accordion__header-title\">Per a qu\u00e8 serveixen les dues entrades mini jack que hi ha en els laterals del ratol\u00ed?<\/span><span class=\"wp-block-getwid-accordion__icon is-active\"><i class=\"far fa-question-circle\"><\/i><\/span><span class=\"wp-block-getwid-accordion__icon is-passive\"><i class=\"fas fa-minus\"><\/i><\/span><\/a><\/span><\/div><div class=\"wp-block-getwid-accordion__content-wrapper\"><div class=\"wp-block-getwid-accordion__content\">\n<p>Les dues entrades de mini jack 3,5 mm que hi ha a cada un dels laterals del ratol\u00ed adaptat serveixen per connectar commutadors. El commutador que es connecti al costat dret far\u00e0 la funci\u00f3 del bot\u00f3 dret del ratol\u00ed i el que es connecti al costat esquerre, far\u00e0 la funci\u00f3 del bot\u00f3 esquerre del ratol\u00ed.<\/p>\n<\/div><\/div>\n\n\n\n<div class=\"wp-block-getwid-accordion__header-wrapper\"><span class=\"wp-block-getwid-accordion__header\"><a href=\"#\"><span class=\"wp-block-getwid-accordion__header-title\">Si tinc commutadors connectats, queden inhabilitats els botons dret i esquerre del ratol\u00ed?<\/span><span class=\"wp-block-getwid-accordion__icon is-active\"><i class=\"far fa-question-circle\"><\/i><\/span><span class=\"wp-block-getwid-accordion__icon is-passive\"><i class=\"fas fa-minus\"><\/i><\/span><\/a><\/span><\/div><div class=\"wp-block-getwid-accordion__content-wrapper\"><div class=\"wp-block-getwid-accordion__content\">\n<p>No, tot i que estiguin connectats els commutadors al ratol\u00ed adaptat, les funcions dels botons dret i esquerre segueixen amb el seu funcionament habitual.<\/p>\n<\/div><\/div>\n\n\n\n<div class=\"wp-block-getwid-accordion__header-wrapper\"><span class=\"wp-block-getwid-accordion__header\"><a href=\"#\"><span class=\"wp-block-getwid-accordion__header-title\">Necessita algun tipus d\u2019instal\u00b7laci\u00f3 o software?<\/span><span class=\"wp-block-getwid-accordion__icon is-active\"><i class=\"far fa-question-circle\"><\/i><\/span><span class=\"wp-block-getwid-accordion__icon is-passive\"><i class=\"fas fa-minus\"><\/i><\/span><\/a><\/span><\/div><div class=\"wp-block-getwid-accordion__content-wrapper\"><div class=\"wp-block-getwid-accordion__content\">\n<p>El ratol\u00ed adaptat no necessita instal\u00b7laci\u00f3 de cap software espec\u00edfic. Nom\u00e9s cal connectar l\u2019USB a l\u2019ordinador i el ratol\u00ed funcionar\u00e0 com un perif\u00e8ric m\u00e9s.<\/p>\n<\/div><\/div>\n\n\n\n<div class=\"wp-block-getwid-accordion__header-wrapper\"><span class=\"wp-block-getwid-accordion__header\"><a href=\"#\"><span class=\"wp-block-getwid-accordion__header-title\">Amb quins sistemes operatius \u00e9s compatible?<\/span><span class=\"wp-block-getwid-accordion__icon is-active\"><i class=\"far fa-question-circle\"><\/i><\/span><span class=\"wp-block-getwid-accordion__icon is-passive\"><i class=\"fas fa-minus\"><\/i><\/span><\/a><\/span><\/div><div class=\"wp-block-getwid-accordion__content-wrapper\"><div class=\"wp-block-getwid-accordion__content\">\n<p>El ratol\u00ed adaptat \u00e9s compatible amb Windows, Android, Chrome US, Mac US, iOS i Linux.<\/p>\n<\/div><\/div>\n<\/div>\n<\/div><\/div>\n<\/div>\n\n\n\n<div style=\"height:40px\" aria-hidden=\"true\" class=\"wp-block-spacer\"><\/div>\n<\/div><\/div><\/div><\/div><\/div>\n\n\n\n<div class=\"wp-block-getwid-section alignfull alignfull\"><div class=\"wp-block-getwid-section__wrapper\"><div class=\"wp-block-getwid-section__inner-wrapper\"><div class=\"wp-block-getwid-section__background-holder\"><div class=\"wp-block-getwid-section__background has-background has-ast-global-color-4-background-color\"><\/div><div class=\"wp-block-getwid-section__foreground\"><\/div><\/div><div class=\"wp-block-getwid-section__content\"><div class=\"wp-block-getwid-section__inner-content\">\n<div style=\"height:50px\" aria-hidden=\"true\" class=\"wp-block-spacer\"><\/div>\n\n\n\n<h2 class=\"wp-block-heading alignwide\">Converses sobre <em>Aules vivencials<\/em> la xarxa docent Nus<\/h2>\n\n\n\n<div style=\"height:20px\" aria-hidden=\"true\" class=\"wp-block-spacer\"><\/div>\n\n\n\n<div class=\"wp-block-columns alignwide is-layout-flex wp-container-core-columns-is-layout-3 wp-block-columns-is-layout-flex\">\n<div class=\"wp-block-column is-layout-flow wp-block-column-is-layout-flow\">\n<h3 class=\"wp-block-heading\">Darreres converses<\/h3>\n\n\n<div class='nus_topics'><span class=\"nus_data\">02.07.24<\/span> <a target=\"_blank\" href=\"https:\/\/comunitat.edigital.cat\/t\/peticio-de-panells-digitals-i-equipament-de-robotica\/25848\">Petici\u00f3 de panells digitals i equipament de rob\u00f2tica<\/a><br><span class=\"nus_data\">06.06.24<\/span> <a target=\"_blank\" href=\"https:\/\/comunitat.edigital.cat\/t\/benvinguts-a-la-sessio-4-de-la-subxarxa-de-coordinacio-digital-cdc\/31909\">Benvinguts a la sessio 4 de la subxarxa de Coordinaci\u00f3 digital (CDC)<\/a><br><span class=\"nus_data\">07.05.24<\/span> <a target=\"_blank\" href=\"https:\/\/comunitat.edigital.cat\/t\/manteniment-equips-aules-vivencials-centres-concertats\/32196\">Manteniment equips aules vivencials centres concertats<\/a><br><span class=\"nus_data\">29.04.24<\/span> <a target=\"_blank\" href=\"https:\/\/comunitat.edigital.cat\/t\/dotacions-centres-concertats\/32043\">Dotacions centres concertats<\/a><br><span class=\"nus_data\">19.04.24<\/span> <a target=\"_blank\" href=\"https:\/\/comunitat.edigital.cat\/t\/ordinadors-de-gestio\/31973\">Ordinadors de gesti\u00f3<\/a><br><span class=\"nus_data\">04.02.24<\/span> <a target=\"_blank\" href=\"https:\/\/comunitat.edigital.cat\/t\/equipaments-centres-concertats\/28297\">Equipaments centres concertats<\/a><br><span class=\"nus_data\">17.01.24<\/span> <a target=\"_blank\" href=\"https:\/\/comunitat.edigital.cat\/t\/aula-vivencial-digital-de-cee\/25945\">Aula vivencial digital de cee<\/a><br><span class=\"nus_data\">24.11.23<\/span> <a target=\"_blank\" href=\"https:\/\/comunitat.edigital.cat\/t\/roda-de-premsa-de-les-properes-dotacions\/29304\">Roda de premsa de les properes dotacions<\/a><br><span class=\"nus_data\">23.11.23<\/span> <a target=\"_blank\" href=\"https:\/\/comunitat.edigital.cat\/t\/formacio-de-panells-robotica-maletes-audiovisuals-i-aules-vivencials\/29053\">Formaci\u00f3 de panells, rob\u00f2tica, maletes audiovisuals i aules vivencials<\/a><br><span class=\"nus_data\">23.11.23<\/span> <a target=\"_blank\" href=\"https:\/\/comunitat.edigital.cat\/t\/al-respecte-de-la-formacio-de-robotica-panells-media\/29303\">Al respecte de la formaci\u00f3 de rob\u00f2tica, panells , media<\/a><br><\/div>\n<\/div>\n\n\n\n<div class=\"wp-block-column is-layout-flow wp-block-column-is-layout-flow\">\n<h3 class=\"wp-block-heading\">Converses m\u00e9s vistes<\/h3>\n\n\n<div class='nus_topics'><span class=\"nus_data\">02.07.24<\/span> <a target=\"_blank\" href=\"https:\/\/comunitat.edigital.cat\/t\/peticio-de-panells-digitals-i-equipament-de-robotica\/25848\">Petici\u00f3 de panells digitals i equipament de rob\u00f2tica<\/a><br><span class=\"nus_data\">07.06.23<\/span> <a target=\"_blank\" href=\"https:\/\/comunitat.edigital.cat\/t\/lus-de-la-tecnologia-a-led-infantil\/5078\">L'\u00fas de la tecnologia a l'Ed. Infantil<\/a><br><span class=\"nus_data\">06.06.24<\/span> <a target=\"_blank\" href=\"https:\/\/comunitat.edigital.cat\/t\/benvinguts-a-la-sessio-4-de-la-subxarxa-de-coordinacio-digital-cdc\/31909\">Benvinguts a la sessio 4 de la subxarxa de Coordinaci\u00f3 digital (CDC)<\/a><br><span class=\"nus_data\">23.11.23<\/span> <a target=\"_blank\" href=\"https:\/\/comunitat.edigital.cat\/t\/formacio-de-panells-robotica-maletes-audiovisuals-i-aules-vivencials\/29053\">Formaci\u00f3 de panells, rob\u00f2tica, maletes audiovisuals i aules vivencials<\/a><br><span class=\"nus_data\">04.02.24<\/span> <a target=\"_blank\" href=\"https:\/\/comunitat.edigital.cat\/t\/equipaments-centres-concertats\/28297\">Equipaments centres concertats<\/a><br><span class=\"nus_data\">19.04.24<\/span> <a target=\"_blank\" href=\"https:\/\/comunitat.edigital.cat\/t\/ordinadors-de-gestio\/31973\">Ordinadors de gesti\u00f3<\/a><br><span class=\"nus_data\">17.01.24<\/span> <a target=\"_blank\" href=\"https:\/\/comunitat.edigital.cat\/t\/aula-vivencial-digital-de-cee\/25945\">Aula vivencial digital de cee<\/a><br><span class=\"nus_data\">23.11.23<\/span> <a target=\"_blank\" href=\"https:\/\/comunitat.edigital.cat\/t\/al-respecte-de-la-formacio-de-robotica-panells-media\/29303\">Al respecte de la formaci\u00f3 de rob\u00f2tica, panells , media<\/a><br><span class=\"nus_data\">29.04.24<\/span> <a target=\"_blank\" href=\"https:\/\/comunitat.edigital.cat\/t\/dotacions-centres-concertats\/32043\">Dotacions centres concertats<\/a><br><span class=\"nus_data\">07.05.24<\/span> <a target=\"_blank\" href=\"https:\/\/comunitat.edigital.cat\/t\/manteniment-equips-aules-vivencials-centres-concertats\/32196\">Manteniment equips aules vivencials centres concertats<\/a><br><\/div>\n<\/div>\n<\/div>\n\n\n\n<div style=\"height:100px\" aria-hidden=\"true\" class=\"wp-block-spacer\"><\/div>\n<\/div><\/div><\/div><\/div><\/div>\n\n\n\n<div class=\"wp-block-getwid-section alignfull alignwide alignfull\"><div class=\"wp-block-getwid-section__wrapper\"><div class=\"wp-block-getwid-section__inner-wrapper\"><div class=\"wp-block-getwid-section__background-holder\"><div class=\"wp-block-getwid-section__background has-background has-ast-global-color-5-background-color\"><\/div><div class=\"wp-block-getwid-section__foreground\"><\/div><\/div><div class=\"wp-block-getwid-section__content\"><div class=\"wp-block-getwid-section__inner-content\">\n<hr class=\"wp-block-separator has-css-opacity is-style-wide\"\/>\n\n\n\n<p>Finan\u00e7at per: <\/p>\n\n\n\n<div class=\"wp-block-columns is-layout-flex wp-container-core-columns-is-layout-4 wp-block-columns-is-layout-flex\">\n<div class=\"wp-block-column is-layout-flow wp-block-column-is-layout-flow\" style=\"flex-basis:30%\">\n<figure class=\"wp-block-image size-large is-resized\"><a href=\"https:\/\/projectes.xtec.cat\/digital\/wp-content\/uploads\/usu2317\/2023\/06\/NextGenerationCatalunya.png\"><img loading=\"lazy\" decoding=\"async\" width=\"440\" height=\"131\" src=\"https:\/\/projectes.xtec.cat\/digital\/wp-content\/uploads\/usu2317\/2023\/06\/NextGenerationCatalunya.png\" alt=\"\" class=\"wp-image-16598\" srcset=\"https:\/\/projectes.xtec.cat\/digital\/wp-content\/uploads\/usu2317\/2023\/06\/NextGenerationCatalunya.png 440w, https:\/\/projectes.xtec.cat\/digital\/wp-content\/uploads\/usu2317\/2023\/06\/NextGenerationCatalunya-300x89.png 300w\" sizes=\"auto, (max-width: 440px) 100vw, 440px\" \/><\/a><\/figure>\n<\/div>\n\n\n\n<div class=\"wp-block-column is-layout-flow wp-block-column-is-layout-flow\">\n<figure class=\"wp-block-image size-large is-resized\"><a href=\"https:\/\/projectes.xtec.cat\/digital\/wp-content\/uploads\/usu2317\/2023\/06\/Gencat-300x88-1.png\"><img loading=\"lazy\" decoding=\"async\" width=\"300\" height=\"88\" src=\"https:\/\/projectes.xtec.cat\/digital\/wp-content\/uploads\/usu2317\/2023\/06\/Gencat-300x88-1.png\" alt=\"\" class=\"wp-image-16597\"\/><\/a><\/figure>\n<\/div>\n<\/div>\n<\/div><\/div><\/div><\/div><\/div>\n","protected":false},"excerpt":{"rendered":"","protected":false},"author":1,"featured_media":0,"parent":19742,"menu_order":0,"comment_status":"closed","ping_status":"close","template":"","meta":{"site-sidebar-layout":"default","site-content-layout":"","ast-site-content-layout":"default","site-content-style":"default","site-sidebar-style":"default","ast-global-header-display":"","ast-banner-title-visibility":"","ast-main-header-display":"","ast-hfb-above-header-display":"","ast-hfb-below-header-display":"","ast-hfb-mobile-header-display":"","site-post-title":"disabled","ast-breadcrumbs-content":"","ast-featured-img":"","footer-sml-layout":"","theme-transparent-header-meta":"","adv-header-id-meta":"","stick-header-meta":"","header-above-stick-meta":"","header-main-stick-meta":"","header-below-stick-meta":"","astra-migrate-meta-layouts":"set","ast-page-background-enabled":"default","ast-page-background-meta":{"desktop":{"background-color":"var(--ast-global-color-4)","background-image":"","background-repeat":"repeat","background-position":"center center","background-size":"auto","background-attachment":"scroll","background-type":"","background-media":"","overlay-type":"","overlay-color":"","overlay-opacity":"","overlay-gradient":""},"tablet":{"background-color":"","background-image":"","background-repeat":"repeat","background-position":"center center","background-size":"auto","background-attachment":"scroll","background-type":"","background-media":"","overlay-type":"","overlay-color":"","overlay-opacity":"","overlay-gradient":""},"mobile":{"background-color":"","background-image":"","background-repeat":"repeat","background-position":"center center","background-size":"auto","background-attachment":"scroll","background-type":"","background-media":"","overlay-type":"","overlay-color":"","overlay-opacity":"","overlay-gradient":""}},"ast-content-background-meta":{"desktop":{"background-color":"var(--ast-global-color-5)","background-image":"","background-repeat":"repeat","background-position":"center center","background-size":"auto","background-attachment":"scroll","background-type":"","background-media":"","overlay-type":"","overlay-color":"","overlay-opacity":"","overlay-gradient":""},"tablet":{"background-color":"var(--ast-global-color-5)","background-image":"","background-repeat":"repeat","background-position":"center center","background-size":"auto","background-attachment":"scroll","background-type":"","background-media":"","overlay-type":"","overlay-color":"","overlay-opacity":"","overlay-gradient":""},"mobile":{"background-color":"var(--ast-global-color-5)","background-image":"","background-repeat":"repeat","background-position":"center center","background-size":"auto","background-attachment":"scroll","background-type":"","background-media":"","overlay-type":"","overlay-color":"","overlay-opacity":"","overlay-gradient":""}},"footnotes":""},"class_list":["post-27151","page","type-page","status-publish","hentry"],"post_mailing_queue_ids":[],"_links":{"self":[{"href":"https:\/\/projectes.xtec.cat\/digital\/wp-json\/wp\/v2\/pages\/27151","targetHints":{"allow":["GET"]}}],"collection":[{"href":"https:\/\/projectes.xtec.cat\/digital\/wp-json\/wp\/v2\/pages"}],"about":[{"href":"https:\/\/projectes.xtec.cat\/digital\/wp-json\/wp\/v2\/types\/page"}],"author":[{"embeddable":true,"href":"https:\/\/projectes.xtec.cat\/digital\/wp-json\/wp\/v2\/users\/1"}],"replies":[{"embeddable":true,"href":"https:\/\/projectes.xtec.cat\/digital\/wp-json\/wp\/v2\/comments?post=27151"}],"version-history":[{"count":6,"href":"https:\/\/projectes.xtec.cat\/digital\/wp-json\/wp\/v2\/pages\/27151\/revisions"}],"predecessor-version":[{"id":34734,"href":"https:\/\/projectes.xtec.cat\/digital\/wp-json\/wp\/v2\/pages\/27151\/revisions\/34734"}],"up":[{"embeddable":true,"href":"https:\/\/projectes.xtec.cat\/digital\/wp-json\/wp\/v2\/pages\/19742"}],"wp:attachment":[{"href":"https:\/\/projectes.xtec.cat\/digital\/wp-json\/wp\/v2\/media?parent=27151"}],"curies":[{"name":"wp","href":"https:\/\/api.w.org\/{rel}","templated":true}]}}