{"id":27338,"date":"2024-05-30T16:08:45","date_gmt":"2024-05-30T14:08:45","guid":{"rendered":"https:\/\/projectes.xtec.cat\/digital\/?page_id=27338"},"modified":"2024-09-06T13:59:29","modified_gmt":"2024-09-06T11:59:29","slug":"sobre-grups","status":"publish","type":"page","link":"https:\/\/projectes.xtec.cat\/digital\/serveis-digitals\/la-meva-xtec\/sobre-grups\/","title":{"rendered":"Sobre els Grups de Google"},"content":{"rendered":"\n<p><strong>Grups <\/strong>\u00e9s un part de la plataforma Google Workspace que permet als usuaris crear i participar en grups de discussi\u00f3 i llistes de correu electr\u00f2nic. \u00c9s una eina \u00fatil per a la comunicaci\u00f3 i col\u00b7laboraci\u00f3 en equip, on els membres poden compartir informaci\u00f3, debatre temes i organitzar-se al voltant d\u2019interessos comuns o projectes.<\/p>\n\n\n\n<h2 class=\"wp-block-heading alignwide\">Com afegir membres<\/h2>\n\n\n\n<p>Per afegir membres a un grup, aneu a <strong>Grups<\/strong> -&gt; <strong>Gent<\/strong> -&gt; <strong>Membres<\/strong> i feu clic en <strong>Afegeix membres<\/strong><\/p>\n\n\n\n<figure class=\"wp-block-image aligncenter size-large is-resized has-custom-border\"><a href=\"https:\/\/projectes.xtec.cat\/digital\/wp-content\/uploads\/usu2317\/2024\/09\/afegir-membres.png\"><img loading=\"lazy\" decoding=\"async\" width=\"1024\" height=\"554\" src=\"https:\/\/projectes.xtec.cat\/digital\/wp-content\/uploads\/usu2317\/2024\/09\/afegir-membres-1024x554.png\" alt=\"captura-com-afegir-membres\n\" class=\"has-border-color has-ast-global-color-7-border-color wp-image-29314\" style=\"border-width:1px;width:655px;height:auto\" srcset=\"https:\/\/projectes.xtec.cat\/digital\/wp-content\/uploads\/usu2317\/2024\/09\/afegir-membres-1024x554.png 1024w, https:\/\/projectes.xtec.cat\/digital\/wp-content\/uploads\/usu2317\/2024\/09\/afegir-membres-300x162.png 300w, https:\/\/projectes.xtec.cat\/digital\/wp-content\/uploads\/usu2317\/2024\/09\/afegir-membres-768x415.png 768w, https:\/\/projectes.xtec.cat\/digital\/wp-content\/uploads\/usu2317\/2024\/09\/afegir-membres.png 1117w\" sizes=\"auto, (max-width: 1024px) 100vw, 1024px\" \/><\/a><\/figure>\n\n\n\n<h2 class=\"wp-block-heading alignwide\">Configuraci\u00f3 de visibilitat<\/h2>\n\n\n\n<p>Per defecte, quan creem un grup <strong>nom\u00e9s els membres del grup<\/strong> poden veure les converses, publicar els missatges i veure qui forma part del grup. En general, es recomana no tocar aquesta configuraci\u00f3 i <strong>no augmentar la visibilitat<\/strong>. <\/p>\n\n\n\n<figure class=\"wp-block-image aligncenter size-full is-resized has-custom-border\"><a href=\"https:\/\/projectes.xtec.cat\/digital\/wp-content\/uploads\/usu2317\/2024\/09\/Configuracio-visibilitat-grups.jpg\"><img loading=\"lazy\" decoding=\"async\" width=\"796\" height=\"780\" src=\"https:\/\/projectes.xtec.cat\/digital\/wp-content\/uploads\/usu2317\/2024\/09\/Configuracio-visibilitat-grups.jpg\" alt=\"captura de la visibilitat de grups de Google\" class=\"has-border-color has-ast-global-color-7-border-color wp-image-29303\" style=\"border-width:1px;width:486px;height:auto\" srcset=\"https:\/\/projectes.xtec.cat\/digital\/wp-content\/uploads\/usu2317\/2024\/09\/Configuracio-visibilitat-grups.jpg 796w, https:\/\/projectes.xtec.cat\/digital\/wp-content\/uploads\/usu2317\/2024\/09\/Configuracio-visibilitat-grups-300x294.jpg 300w, https:\/\/projectes.xtec.cat\/digital\/wp-content\/uploads\/usu2317\/2024\/09\/Configuracio-visibilitat-grups-768x753.jpg 768w\" sizes=\"auto, (max-width: 796px) 100vw, 796px\" \/><\/a><figcaption class=\"wp-element-caption\">Configuraci\u00f3 de visibilitat per defecte. Millor no augmentar la visibilitat.<\/figcaption><\/figure>\n\n\n\n<p>Nom\u00e9s en el cas que volgueu crear un grup transversal a molts centres, amb molts membres, pot ser interessant augmentar la visibilitat, per\u00f2 cal ser conscient que ho podr\u00e0 veure qualsevol membre de l&#8217;organitzaci\u00f3 XTEC (si trieu <strong>Tota la organitzaci\u00f3<\/strong> ) o qualsevol persona d&#8217;internet (si trieu l&#8217;opci\u00f3 <strong>Tothom al web<\/strong>).<\/p>\n\n\n\n<div style=\"height:33px\" aria-hidden=\"true\" class=\"wp-block-spacer\"><\/div>\n\n\n\n<div class=\"wp-block-getwid-section alignfull alignfull\"><div class=\"wp-block-getwid-section__wrapper\"><div class=\"wp-block-getwid-section__inner-wrapper\"><div class=\"wp-block-getwid-section__background-holder\"><div class=\"wp-block-getwid-section__background has-background has-ast-global-color-4-background-color\"><\/div><div class=\"wp-block-getwid-section__foreground\"><\/div><\/div><div class=\"wp-block-getwid-section__content\"><div class=\"wp-block-getwid-section__inner-content\">\n<div style=\"height:30px\" aria-hidden=\"true\" class=\"wp-block-spacer\"><\/div>\n\n\n\n<h2 class=\"wp-block-heading\">Preguntes freq\u00fcents<\/h2>\n\n\n\n<div class=\"wp-block-getwid-accordion has-icon-left\" data-active-element=\"none\">\n<div class=\"wp-block-getwid-accordion__header-wrapper\"><span class=\"wp-block-getwid-accordion__header\"><a href=\"#\"><span class=\"wp-block-getwid-accordion__header-title\">Algunes persones han perdut acc\u00e9s al grup<\/span><span class=\"wp-block-getwid-accordion__icon is-active\"><i class=\"far fa-question-circle\"><\/i><\/span><span class=\"wp-block-getwid-accordion__icon is-passive\"><i class=\"fas fa-chevron-up\"><\/i><\/span><\/a><\/span><\/div><div class=\"wp-block-getwid-accordion__content-wrapper\"><div class=\"wp-block-getwid-accordion__content\">\n<p>S&#8217;ha detectat que hi ha alguns grups <strong>p\u00fablics<\/strong> al Workspace XTEC, el que vol dir que estaven visibles per a tots els usuaris XTEC i\/o visible per qualsevol usuari an\u00f2nim d&#8217;internet. <\/p>\n\n\n\n<p>Per precauci\u00f3, s&#8217;ha restringit la visibilitat de tots aquests grups a <strong>Membres del grup<\/strong>.<\/p>\n\n\n\n<p>Aix\u00f2 pot fer que usuaris que abans tenien acc\u00e9s al grup (perqu\u00e8 el grup era obert), ara calgui afegir-los expl\u00edcitament tal com es detalla a l&#8217;apartat <strong>Com afegir membres<\/strong> en aquesta mateixa p\u00e0gina.<\/p>\n<\/div><\/div>\n\n\n\n<div class=\"wp-block-getwid-accordion__header-wrapper\"><span class=\"wp-block-getwid-accordion__header\"><a href=\"#\"><span class=\"wp-block-getwid-accordion__header-title\">No puc accedir a un grup on abans podia accedir-hi&#8230;<\/span><span class=\"wp-block-getwid-accordion__icon is-active\"><i class=\"far fa-question-circle\"><\/i><\/span><span class=\"wp-block-getwid-accordion__icon is-passive\"><i class=\"fas fa-chevron-up\"><\/i><\/span><\/a><\/span><\/div><div class=\"wp-block-getwid-accordion__content-wrapper\"><div class=\"wp-block-getwid-accordion__content\">\n<p>Recentment, s&#8217;han aplicat mesures de seguretat que impliquen restriccions de visibilitat en alguns grups p\u00fablics. Contacteu amb l&#8217;administrador del grup (normalment la persona encarregada de la Coordinaci\u00f3 digital del vostre centre) perqu\u00e8 us afegeixi al grup.&nbsp;<\/p>\n<\/div><\/div>\n<\/div>\n\n\n\n<div style=\"height:111px\" aria-hidden=\"true\" class=\"wp-block-spacer\"><\/div>\n<\/div><\/div><\/div><\/div><\/div>\n\n\n\n<p><\/p>\n","protected":false},"excerpt":{"rendered":"<p>Grups \u00e9s un part de la plataforma Google Workspace que permet als usuaris crear i participar en grups de discussi\u00f3 i llistes de correu electr\u00f2nic. \u00c9s una eina \u00fatil per a la comunicaci\u00f3 i col\u00b7laboraci\u00f3 en equip, on els membres poden compartir informaci\u00f3, debatre temes i organitzar-se al voltant d\u2019interessos comuns o projectes. Com afegir [&hellip;]<\/p>\n","protected":false},"author":1,"featured_media":0,"parent":20746,"menu_order":0,"comment_status":"closed","ping_status":"close","template":"","meta":{"site-sidebar-layout":"default","site-content-layout":"","ast-site-content-layout":"default","site-content-style":"default","site-sidebar-style":"default","ast-global-header-display":"","ast-banner-title-visibility":"","ast-main-header-display":"","ast-hfb-above-header-display":"","ast-hfb-below-header-display":"","ast-hfb-mobile-header-display":"","site-post-title":"","ast-breadcrumbs-content":"","ast-featured-img":"","footer-sml-layout":"","theme-transparent-header-meta":"","adv-header-id-meta":"","stick-header-meta":"","header-above-stick-meta":"","header-main-stick-meta":"","header-below-stick-meta":"","astra-migrate-meta-layouts":"set","ast-page-background-enabled":"default","ast-page-background-meta":{"desktop":{"background-color":"var(--ast-global-color-4)","background-image":"","background-repeat":"repeat","background-position":"center center","background-size":"auto","background-attachment":"scroll","background-type":"","background-media":"","overlay-type":"","overlay-color":"","overlay-opacity":"","overlay-gradient":""},"tablet":{"background-color":"","background-image":"","background-repeat":"repeat","background-position":"center center","background-size":"auto","background-attachment":"scroll","background-type":"","background-media":"","overlay-type":"","overlay-color":"","overlay-opacity":"","overlay-gradient":""},"mobile":{"background-color":"","background-image":"","background-repeat":"repeat","background-position":"center center","background-size":"auto","background-attachment":"scroll","background-type":"","background-media":"","overlay-type":"","overlay-color":"","overlay-opacity":"","overlay-gradient":""}},"ast-content-background-meta":{"desktop":{"background-color":"var(--ast-global-color-5)","background-image":"","background-repeat":"repeat","background-position":"center center","background-size":"auto","background-attachment":"scroll","background-type":"","background-media":"","overlay-type":"","overlay-color":"","overlay-opacity":"","overlay-gradient":""},"tablet":{"background-color":"var(--ast-global-color-5)","background-image":"","background-repeat":"repeat","background-position":"center center","background-size":"auto","background-attachment":"scroll","background-type":"","background-media":"","overlay-type":"","overlay-color":"","overlay-opacity":"","overlay-gradient":""},"mobile":{"background-color":"var(--ast-global-color-5)","background-image":"","background-repeat":"repeat","background-position":"center center","background-size":"auto","background-attachment":"scroll","background-type":"","background-media":"","overlay-type":"","overlay-color":"","overlay-opacity":"","overlay-gradient":""}},"footnotes":""},"class_list":["post-27338","page","type-page","status-publish","hentry"],"post_mailing_queue_ids":[],"_links":{"self":[{"href":"https:\/\/projectes.xtec.cat\/digital\/wp-json\/wp\/v2\/pages\/27338","targetHints":{"allow":["GET"]}}],"collection":[{"href":"https:\/\/projectes.xtec.cat\/digital\/wp-json\/wp\/v2\/pages"}],"about":[{"href":"https:\/\/projectes.xtec.cat\/digital\/wp-json\/wp\/v2\/types\/page"}],"author":[{"embeddable":true,"href":"https:\/\/projectes.xtec.cat\/digital\/wp-json\/wp\/v2\/users\/1"}],"replies":[{"embeddable":true,"href":"https:\/\/projectes.xtec.cat\/digital\/wp-json\/wp\/v2\/comments?post=27338"}],"version-history":[{"count":6,"href":"https:\/\/projectes.xtec.cat\/digital\/wp-json\/wp\/v2\/pages\/27338\/revisions"}],"predecessor-version":[{"id":29397,"href":"https:\/\/projectes.xtec.cat\/digital\/wp-json\/wp\/v2\/pages\/27338\/revisions\/29397"}],"up":[{"embeddable":true,"href":"https:\/\/projectes.xtec.cat\/digital\/wp-json\/wp\/v2\/pages\/20746"}],"wp:attachment":[{"href":"https:\/\/projectes.xtec.cat\/digital\/wp-json\/wp\/v2\/media?parent=27338"}],"curies":[{"name":"wp","href":"https:\/\/api.w.org\/{rel}","templated":true}]}}