{"id":28519,"date":"2024-08-01T18:19:18","date_gmt":"2024-08-01T16:19:18","guid":{"rendered":"https:\/\/projectes.xtec.cat\/digital\/?page_id=28519"},"modified":"2025-05-09T14:15:18","modified_gmt":"2025-05-09T12:15:18","slug":"matricula-viva","status":"publish","type":"page","link":"https:\/\/projectes.xtec.cat\/digital\/equipaments-i-infraestructures\/ordinadors\/ordinadors-alumnat\/matricula-viva\/","title":{"rendered":"Matr\u00edcula viva"},"content":{"rendered":"\n<div class=\"wp-block-getwid-section alignfull alignfull\"><div class=\"wp-block-getwid-section__wrapper\"><div class=\"wp-block-getwid-section__inner-wrapper\"><div class=\"wp-block-getwid-section__background-holder\"><div class=\"wp-block-getwid-section__background has-background\" style=\"background-color:#cfe6e8\"><\/div><div class=\"wp-block-getwid-section__foreground\"><\/div><\/div><div class=\"wp-block-getwid-section__content\"><div class=\"wp-block-getwid-section__inner-content\">\n<p>Aquest procediment aplica a l&#8217;alumnat matriculat despr\u00e9s del dia <strong>22.07.24<\/strong> i estar\u00e0 obert fins el <strong>30.05.25<\/strong> (incl\u00f2s) en els seg\u00fcents nivells educatius:<\/p>\n\n\n\n<ul class=\"wp-block-list\">\n<li>5\u00e8 i 6\u00e8 de prim\u00e0ria<\/li>\n\n\n\n<li>1r, 2n, 3r i 4t d\u2019ESO <\/li>\n<\/ul>\n<\/div><\/div><\/div><\/div><\/div>\n\n\n\n<div class=\"wp-block-getwid-section alignfull alignfull\"><div class=\"wp-block-getwid-section__wrapper\"><div class=\"wp-block-getwid-section__inner-wrapper\"><div class=\"wp-block-getwid-section__background-holder\"><div class=\"wp-block-getwid-section__background\"><\/div><div class=\"wp-block-getwid-section__foreground\"><\/div><\/div><div class=\"wp-block-getwid-section__content\"><div class=\"wp-block-getwid-section__inner-content\">\n<h3 class=\"wp-block-heading\">Procediment de demanda<\/h3>\n\n\n\n<p>Aneu a <strong>INDIC<\/strong> -&gt; <strong>Inventari<\/strong> -&gt; <strong>Persones<\/strong><\/p>\n\n\n\n<figure class=\"wp-block-image size-full is-resized\"><a href=\"https:\/\/projectes.xtec.cat\/digital\/wp-content\/uploads\/usu2317\/2024\/11\/Captura-de-pantalla-2024-11-08-a-les-13.00.20.png\"><img loading=\"lazy\" decoding=\"async\" width=\"518\" height=\"258\" src=\"https:\/\/projectes.xtec.cat\/digital\/wp-content\/uploads\/usu2317\/2024\/11\/Captura-de-pantalla-2024-11-08-a-les-13.00.20.png\" alt=\"captura persones\" class=\"wp-image-31456\" style=\"width:274px;height:auto\" srcset=\"https:\/\/projectes.xtec.cat\/digital\/wp-content\/uploads\/usu2317\/2024\/11\/Captura-de-pantalla-2024-11-08-a-les-13.00.20.png 518w, https:\/\/projectes.xtec.cat\/digital\/wp-content\/uploads\/usu2317\/2024\/11\/Captura-de-pantalla-2024-11-08-a-les-13.00.20-300x149.png 300w\" sizes=\"auto, (max-width: 518px) 100vw, 518px\" \/><\/a><\/figure>\n\n\n\n<p>Per defecte, es mostrar\u00e0 el llistat de tot l\u2019alumnat i personal docent dels centre<strong>. <\/strong>Per veure nom\u00e9s l&#8217;alumnat, desplegueu l\u2019opci\u00f3 de<strong> Mostra filtres.<\/strong><\/p>\n\n\n\n<ol class=\"wp-block-list\">\n<li>Ompliu les dades de<strong> persona (nom) <\/strong>i <strong>identificador.<\/strong><\/li>\n\n\n\n<li>Un cop identificat l\u2019alumne\/a, clic al bot\u00f3 <strong>\u201ci\u201d<\/strong> per visualitzar el detall de l\u2019alumne\/a.<\/li>\n<\/ol>\n\n\n\n<p>A la fitxa de l\u2019alumne\/a, s\u2019ha de pr\u00e9mer el bot\u00f3 \u201c<strong>+<\/strong>\u201d que apareix a la part inferior dreta.<\/p>\n\n\n\n<figure data-wp-context=\"{&quot;imageId&quot;:&quot;69f0ef10be7a6&quot;}\" data-wp-interactive=\"core\/image\" class=\"wp-block-image size-full is-resized has-custom-border wp-lightbox-container\"><img loading=\"lazy\" decoding=\"async\" width=\"1228\" height=\"712\" data-wp-class--hide=\"state.isContentHidden\" data-wp-class--show=\"state.isContentVisible\" data-wp-init=\"callbacks.setButtonStyles\" data-wp-on-async--click=\"actions.showLightbox\" data-wp-on-async--load=\"callbacks.setButtonStyles\" data-wp-on-async-window--resize=\"callbacks.setButtonStyles\" src=\"https:\/\/projectes.xtec.cat\/digital\/wp-content\/uploads\/usu2317\/2024\/11\/matricula-viva.jpg\" alt=\"captura matr\u00edcula viva\n\" class=\"has-border-color has-ast-global-color-1-border-color wp-image-31474\" style=\"width:741px;height:auto\" srcset=\"https:\/\/projectes.xtec.cat\/digital\/wp-content\/uploads\/usu2317\/2024\/11\/matricula-viva.jpg 1228w, https:\/\/projectes.xtec.cat\/digital\/wp-content\/uploads\/usu2317\/2024\/11\/matricula-viva-300x174.jpg 300w, https:\/\/projectes.xtec.cat\/digital\/wp-content\/uploads\/usu2317\/2024\/11\/matricula-viva-1024x594.jpg 1024w, https:\/\/projectes.xtec.cat\/digital\/wp-content\/uploads\/usu2317\/2024\/11\/matricula-viva-768x445.jpg 768w\" sizes=\"auto, (max-width: 1228px) 100vw, 1228px\" \/><button\n\t\t\tclass=\"lightbox-trigger\"\n\t\t\ttype=\"button\"\n\t\t\taria-haspopup=\"dialog\"\n\t\t\taria-label=\"Amplia la imatge: captura matr\u00edcula viva\n\"\n\t\t\tdata-wp-init=\"callbacks.initTriggerButton\"\n\t\t\tdata-wp-on-async--click=\"actions.showLightbox\"\n\t\t\tdata-wp-style--right=\"state.imageButtonRight\"\n\t\t\tdata-wp-style--top=\"state.imageButtonTop\"\n\t\t>\n\t\t\t<svg xmlns=\"http:\/\/www.w3.org\/2000\/svg\" width=\"12\" height=\"12\" fill=\"none\" viewBox=\"0 0 12 12\">\n\t\t\t\t<path fill=\"#fff\" d=\"M2 0a2 2 0 0 0-2 2v2h1.5V2a.5.5 0 0 1 .5-.5h2V0H2Zm2 10.5H2a.5.5 0 0 1-.5-.5V8H0v2a2 2 0 0 0 2 2h2v-1.5ZM8 12v-1.5h2a.5.5 0 0 0 .5-.5V8H12v2a2 2 0 0 1-2 2H8Zm2-12a2 2 0 0 1 2 2v2h-1.5V2a.5.5 0 0 0-.5-.5H8V0h2Z\" \/>\n\t\t\t<\/svg>\n\t\t<\/button><\/figure>\n\n\n\n<div style=\"height:13px\" aria-hidden=\"true\" class=\"wp-block-spacer\"><\/div>\n\n\n\n<p>Durant el proc\u00e9s apareixeran di\u00e0legs en finestres emergents, que us guiaran en el proc\u00e9s de sol\u00b7licitud d\u2019un nou ordinador. El proc\u00e9s de petici\u00f3 d\u2019un nou equip s&#8217;interrompr\u00e0 en els seg\u00fcents casos:<\/p>\n\n\n\n<ul class=\"wp-block-list\">\n<li>L\u2019alumne\/a ja t\u00e9 un equip assignat. Si l&#8217;assignaci\u00f3 \u00e9s amb el centre anterior, contacteu amb el responsable de l&#8217;INDIC del centre anterior perqu\u00e8 faci la desassignaci\u00f3. <\/li>\n\n\n\n<li>L\u2019alumne s\u2019ha matriculat al per\u00edode ordinari. Si no vau considerar a aquest alumne en la petici\u00f3 inicial, contacteu amb el gestor TIC del vostre Servei territorial.<\/li>\n\n\n\n<li>El centre t\u00e9 equips disponibles.<\/li>\n<\/ul>\n<\/div><\/div><\/div><\/div><\/div>\n\n\n\n<div style=\"height:57px\" aria-hidden=\"true\" class=\"wp-block-spacer\"><\/div>\n","protected":false},"excerpt":{"rendered":"","protected":false},"author":1,"featured_media":0,"parent":12876,"menu_order":0,"comment_status":"closed","ping_status":"close","template":"","meta":{"site-sidebar-layout":"no-sidebar","site-content-layout":"","ast-site-content-layout":"normal-width-container","site-content-style":"default","site-sidebar-style":"default","ast-global-header-display":"","ast-banner-title-visibility":"","ast-main-header-display":"","ast-hfb-above-header-display":"","ast-hfb-below-header-display":"","ast-hfb-mobile-header-display":"","site-post-title":"","ast-breadcrumbs-content":"","ast-featured-img":"","footer-sml-layout":"","theme-transparent-header-meta":"","adv-header-id-meta":"","stick-header-meta":"","header-above-stick-meta":"","header-main-stick-meta":"","header-below-stick-meta":"","astra-migrate-meta-layouts":"set","ast-page-background-enabled":"default","ast-page-background-meta":{"desktop":{"background-color":"var(--ast-global-color-4)","background-image":"","background-repeat":"repeat","background-position":"center center","background-size":"auto","background-attachment":"scroll","background-type":"","background-media":"","overlay-type":"","overlay-color":"","overlay-opacity":"","overlay-gradient":""},"tablet":{"background-color":"","background-image":"","background-repeat":"repeat","background-position":"center center","background-size":"auto","background-attachment":"scroll","background-type":"","background-media":"","overlay-type":"","overlay-color":"","overlay-opacity":"","overlay-gradient":""},"mobile":{"background-color":"","background-image":"","background-repeat":"repeat","background-position":"center center","background-size":"auto","background-attachment":"scroll","background-type":"","background-media":"","overlay-type":"","overlay-color":"","overlay-opacity":"","overlay-gradient":""}},"ast-content-background-meta":{"desktop":{"background-color":"var(--ast-global-color-5)","background-image":"","background-repeat":"repeat","background-position":"center center","background-size":"auto","background-attachment":"scroll","background-type":"","background-media":"","overlay-type":"","overlay-color":"","overlay-opacity":"","overlay-gradient":""},"tablet":{"background-color":"var(--ast-global-color-5)","background-image":"","background-repeat":"repeat","background-position":"center center","background-size":"auto","background-attachment":"scroll","background-type":"","background-media":"","overlay-type":"","overlay-color":"","overlay-opacity":"","overlay-gradient":""},"mobile":{"background-color":"var(--ast-global-color-5)","background-image":"","background-repeat":"repeat","background-position":"center center","background-size":"auto","background-attachment":"scroll","background-type":"","background-media":"","overlay-type":"","overlay-color":"","overlay-opacity":"","overlay-gradient":""}},"footnotes":""},"class_list":["post-28519","page","type-page","status-publish","hentry"],"post_mailing_queue_ids":[],"_links":{"self":[{"href":"https:\/\/projectes.xtec.cat\/digital\/wp-json\/wp\/v2\/pages\/28519","targetHints":{"allow":["GET"]}}],"collection":[{"href":"https:\/\/projectes.xtec.cat\/digital\/wp-json\/wp\/v2\/pages"}],"about":[{"href":"https:\/\/projectes.xtec.cat\/digital\/wp-json\/wp\/v2\/types\/page"}],"author":[{"embeddable":true,"href":"https:\/\/projectes.xtec.cat\/digital\/wp-json\/wp\/v2\/users\/1"}],"replies":[{"embeddable":true,"href":"https:\/\/projectes.xtec.cat\/digital\/wp-json\/wp\/v2\/comments?post=28519"}],"version-history":[{"count":6,"href":"https:\/\/projectes.xtec.cat\/digital\/wp-json\/wp\/v2\/pages\/28519\/revisions"}],"predecessor-version":[{"id":36338,"href":"https:\/\/projectes.xtec.cat\/digital\/wp-json\/wp\/v2\/pages\/28519\/revisions\/36338"}],"up":[{"embeddable":true,"href":"https:\/\/projectes.xtec.cat\/digital\/wp-json\/wp\/v2\/pages\/12876"}],"wp:attachment":[{"href":"https:\/\/projectes.xtec.cat\/digital\/wp-json\/wp\/v2\/media?parent=28519"}],"curies":[{"name":"wp","href":"https:\/\/api.w.org\/{rel}","templated":true}]}}