{"id":28546,"date":"2024-12-16T11:52:20","date_gmt":"2024-12-16T10:52:20","guid":{"rendered":"https:\/\/projectes.xtec.cat\/digital\/?page_id=28546"},"modified":"2025-05-06T09:24:06","modified_gmt":"2025-05-06T07:24:06","slug":"manual-dus-del-panell-digital-newline","status":"publish","type":"page","link":"https:\/\/projectes.xtec.cat\/digital\/equipaments-i-infraestructures\/panells-digitals\/panell-newline\/manual-dus-del-panell-digital-newline\/","title":{"rendered":"Manual d&#8217;\u00fas de Newline"},"content":{"rendered":"\n<figure class=\"wp-block-image aligncenter size-full is-resized is-style-default\"><img loading=\"lazy\" decoding=\"async\" width=\"511\" height=\"445\" src=\"https:\/\/projectes.xtec.cat\/digital\/wp-content\/uploads\/usu2317\/2023\/10\/newline.png\" alt=\"\" class=\"wp-image-18808\" style=\"width:auto;height:300px\" srcset=\"https:\/\/projectes.xtec.cat\/digital\/wp-content\/uploads\/usu2317\/2023\/10\/newline.png 511w, https:\/\/projectes.xtec.cat\/digital\/wp-content\/uploads\/usu2317\/2023\/10\/newline-300x261.png 300w\" sizes=\"auto, (max-width: 511px) 100vw, 511px\" \/><\/figure>\n\n\n\n<p class=\"has-text-align-center has-background has-medium-font-size\" style=\"background-color:#ffcdcd\"><img loading=\"lazy\" decoding=\"async\" width=\"30\" height=\"30\" class=\"wp-image-36156\" style=\"width: 30px;\" src=\"https:\/\/projectes.xtec.cat\/digital\/wp-content\/uploads\/usu2317\/2025\/05\/ChatGPT-Image-6-de-maig-del-2025-09_17_38.png\" alt=\"\" srcset=\"https:\/\/projectes.xtec.cat\/digital\/wp-content\/uploads\/usu2317\/2025\/05\/ChatGPT-Image-6-de-maig-del-2025-09_17_38.png 1024w, https:\/\/projectes.xtec.cat\/digital\/wp-content\/uploads\/usu2317\/2025\/05\/ChatGPT-Image-6-de-maig-del-2025-09_17_38-300x300.png 300w, https:\/\/projectes.xtec.cat\/digital\/wp-content\/uploads\/usu2317\/2025\/05\/ChatGPT-Image-6-de-maig-del-2025-09_17_38-150x150.png 150w, https:\/\/projectes.xtec.cat\/digital\/wp-content\/uploads\/usu2317\/2025\/05\/ChatGPT-Image-6-de-maig-del-2025-09_17_38-768x768.png 768w\" sizes=\"auto, (max-width: 30px) 100vw, 30px\" \/> Aquesta informaci\u00f3 aplica a partir de la versi\u00f3 V2.2.33 (20250326091719)<\/p>\n\n\n\n<div class=\"wp-block-columns is-layout-flex wp-container-core-columns-is-layout-1 wp-block-columns-is-layout-flex\">\n<div class=\"wp-block-column caixa-link is-layout-flow wp-block-column-is-layout-flow\" id=\"https:\/\/projectes.xtec.cat\/digital\/equipaments-i-infraestructures\/panells-digitals\/panell-newline\/manual-dus-del-panell-digital-newline\/introduccio\">\n<h2 class=\"wp-block-heading\">Introducci\u00f3<\/h2>\n\n\n\n<p>Qu\u00e8 \u00e9s un panell digital? Quins connectors incorpora? <\/p>\n<\/div>\n\n\n\n<div class=\"wp-block-column caixa-link is-layout-flow wp-block-column-is-layout-flow\" id=\"https:\/\/projectes.xtec.cat\/digital\/equipaments-i-infraestructures\/panells-digitals\/panell-newline\/manual-dus-del-panell-digital-newline\/1-acces-al-panell\/\">\n<h2 class=\"wp-block-heading\">1. Acc\u00e9s al panell<\/h2>\n\n\n\n<p>Quins rols d&#8217;acc\u00e9s hi ha? Com crear usuaris nous? Com desbloquejar la pantalla?<\/p>\n<\/div>\n<\/div>\n\n\n\n<div style=\"height:20px\" aria-hidden=\"true\" class=\"wp-block-spacer\"><\/div>\n\n\n\n<div class=\"wp-block-columns is-layout-flex wp-container-core-columns-is-layout-2 wp-block-columns-is-layout-flex\">\n<div class=\"wp-block-column caixa-link is-layout-flow wp-block-column-is-layout-flow\" id=\"https:\/\/projectes.xtec.cat\/digital\/equipaments-i-infraestructures\/panells-digitals\/panell-newline\/manual-dus-del-panell-digital-newline\/2-interficie-basica-del-panell\/\">\n<h2 class=\"wp-block-heading\">2. Interf\u00edcie b\u00e0sica del panell<\/h2>\n\n\n\n<p>Escriptori &#8220;lliscant&#8221;, configuraci\u00f3 de les aplicacions i barres d&#8217;eines.<\/p>\n<\/div>\n\n\n\n<div class=\"wp-block-column caixa-link is-layout-flow wp-block-column-is-layout-flow\" id=\"https:\/\/projectes.xtec.cat\/digital\/equipaments-i-infraestructures\/panells-digitals\/panell-newline\/manual-dus-del-panell-digital-newline\/3-funcions-dus-mes-habitual-a-laula\/\">\n<h2 class=\"wp-block-heading\">3. Funcions d&#8217;\u00fas m\u00e9s habituals a l&#8217;aula<\/h2>\n\n\n\n<p>Com utilitzar la pissarra? Com compartir pantalla? Com obrir fitxers?<\/p>\n<\/div>\n<\/div>\n\n\n\n<div style=\"height:20px\" aria-hidden=\"true\" class=\"wp-block-spacer\"><\/div>\n\n\n\n<div class=\"wp-block-columns is-layout-flex wp-container-core-columns-is-layout-3 wp-block-columns-is-layout-flex\">\n<div class=\"wp-block-column caixa-link is-layout-flow wp-block-column-is-layout-flow\" id=\"https:\/\/projectes.xtec.cat\/digital\/equipaments-i-infraestructures\/panells-digitals\/panell-newline\/manual-dus-del-panell-digital-newline\/4-recomanacions-dus\/\">\n<h2 class=\"wp-block-heading\">4. Recomanacions d&#8217;\u00fas<\/h2>\n\n\n\n<p>Quines recomanacions de seguretat i de neteja hem de tenir en compte? <\/p>\n<\/div>\n\n\n\n<div class=\"wp-block-column caixa-link is-layout-flow wp-block-column-is-layout-flow\" id=\"https:\/\/projectes.xtec.cat\/digital\/equipaments-i-infraestructures\/panells-digitals\/panell-newline\/manual-dus-del-panell-digital-newline\/5-periferics\/\">\n<h2 class=\"wp-block-heading\">5. Perif\u00e8rics<\/h2>\n\n\n\n<p>Podeu connectar perif\u00e8rics al panell ja sigui per cable o Bluetooth.<\/p>\n<\/div>\n<\/div>\n","protected":false},"excerpt":{"rendered":"<p>Introducci\u00f3 Qu\u00e8 \u00e9s un panell digital? Quins connectors incorpora? 1. Acc\u00e9s al panell Quins rols d&#8217;acc\u00e9s hi ha? Com crear usuaris nous? Com desbloquejar la pantalla? 2. Interf\u00edcie b\u00e0sica del panell Escriptori &#8220;lliscant&#8221;, configuraci\u00f3 de les aplicacions i barres d&#8217;eines. 3. Funcions d&#8217;\u00fas m\u00e9s habituals a l&#8217;aula Com utilitzar la pissarra? Com compartir pantalla? Com [&hellip;]<\/p>\n","protected":false},"author":1,"featured_media":0,"parent":30230,"menu_order":0,"comment_status":"closed","ping_status":"close","template":"","meta":{"site-sidebar-layout":"left-sidebar","site-content-layout":"","ast-site-content-layout":"default","site-content-style":"default","site-sidebar-style":"default","ast-global-header-display":"","ast-banner-title-visibility":"","ast-main-header-display":"","ast-hfb-above-header-display":"","ast-hfb-below-header-display":"","ast-hfb-mobile-header-display":"","site-post-title":"","ast-breadcrumbs-content":"","ast-featured-img":"","footer-sml-layout":"","theme-transparent-header-meta":"","adv-header-id-meta":"","stick-header-meta":"","header-above-stick-meta":"","header-main-stick-meta":"","header-below-stick-meta":"","astra-migrate-meta-layouts":"set","ast-page-background-enabled":"default","ast-page-background-meta":{"desktop":{"background-color":"var(--ast-global-color-4)","background-image":"","background-repeat":"repeat","background-position":"center center","background-size":"auto","background-attachment":"scroll","background-type":"","background-media":"","overlay-type":"","overlay-color":"","overlay-opacity":"","overlay-gradient":""},"tablet":{"background-color":"","background-image":"","background-repeat":"repeat","background-position":"center center","background-size":"auto","background-attachment":"scroll","background-type":"","background-media":"","overlay-type":"","overlay-color":"","overlay-opacity":"","overlay-gradient":""},"mobile":{"background-color":"","background-image":"","background-repeat":"repeat","background-position":"center center","background-size":"auto","background-attachment":"scroll","background-type":"","background-media":"","overlay-type":"","overlay-color":"","overlay-opacity":"","overlay-gradient":""}},"ast-content-background-meta":{"desktop":{"background-color":"var(--ast-global-color-5)","background-image":"","background-repeat":"repeat","background-position":"center center","background-size":"auto","background-attachment":"scroll","background-type":"","background-media":"","overlay-type":"","overlay-color":"","overlay-opacity":"","overlay-gradient":""},"tablet":{"background-color":"var(--ast-global-color-5)","background-image":"","background-repeat":"repeat","background-position":"center center","background-size":"auto","background-attachment":"scroll","background-type":"","background-media":"","overlay-type":"","overlay-color":"","overlay-opacity":"","overlay-gradient":""},"mobile":{"background-color":"var(--ast-global-color-5)","background-image":"","background-repeat":"repeat","background-position":"center center","background-size":"auto","background-attachment":"scroll","background-type":"","background-media":"","overlay-type":"","overlay-color":"","overlay-opacity":"","overlay-gradient":""}},"footnotes":""},"class_list":["post-28546","page","type-page","status-publish","hentry"],"post_mailing_queue_ids":[],"_links":{"self":[{"href":"https:\/\/projectes.xtec.cat\/digital\/wp-json\/wp\/v2\/pages\/28546","targetHints":{"allow":["GET"]}}],"collection":[{"href":"https:\/\/projectes.xtec.cat\/digital\/wp-json\/wp\/v2\/pages"}],"about":[{"href":"https:\/\/projectes.xtec.cat\/digital\/wp-json\/wp\/v2\/types\/page"}],"author":[{"embeddable":true,"href":"https:\/\/projectes.xtec.cat\/digital\/wp-json\/wp\/v2\/users\/1"}],"replies":[{"embeddable":true,"href":"https:\/\/projectes.xtec.cat\/digital\/wp-json\/wp\/v2\/comments?post=28546"}],"version-history":[{"count":6,"href":"https:\/\/projectes.xtec.cat\/digital\/wp-json\/wp\/v2\/pages\/28546\/revisions"}],"predecessor-version":[{"id":36163,"href":"https:\/\/projectes.xtec.cat\/digital\/wp-json\/wp\/v2\/pages\/28546\/revisions\/36163"}],"up":[{"embeddable":true,"href":"https:\/\/projectes.xtec.cat\/digital\/wp-json\/wp\/v2\/pages\/30230"}],"wp:attachment":[{"href":"https:\/\/projectes.xtec.cat\/digital\/wp-json\/wp\/v2\/media?parent=28546"}],"curies":[{"name":"wp","href":"https:\/\/api.w.org\/{rel}","templated":true}]}}