{"id":30205,"date":"2024-09-25T08:11:43","date_gmt":"2024-09-25T06:11:43","guid":{"rendered":"https:\/\/projectes.xtec.cat\/digital\/?page_id=30205"},"modified":"2024-09-25T08:12:40","modified_gmt":"2024-09-25T06:12:40","slug":"mentoria-4-0","status":"publish","type":"page","link":"https:\/\/projectes.xtec.cat\/digital\/suport-a-la-digitalitzacio\/mentoria-4-0\/","title":{"rendered":"Mentor\/a 4.0"},"content":{"rendered":"\n\n<div class=\"wp-block-columns alignwide is-layout-flex wp-container-core-columns-is-layout-1 wp-block-columns-is-layout-flex\">\n<div class=\"wp-block-column is-vertically-aligned-center is-layout-flow wp-block-column-is-layout-flow\">\n<p>El programa de <strong>Mentories 4.0<\/strong> t\u00e9 com a finalitat la millora de les compet\u00e8ncies digitals en l\u2019\u00e0mbit educatiu,\u00a0en relaci\u00f3 amb les compet\u00e8ncies de l&#8217;alumnat, als mitjans tecnol\u00f2gics disponibles i a la seva integraci\u00f3 efectiva i efica\u00e7 en els processos d\u2019ensenyament i aprenentatge.<\/p>\n\n\n\n<p>En concret les tasques de les persones mentores del programa Mentories 4.0 s\u00f3n les seg\u00fcents<\/p>\n\n\n\n<ol class=\"wp-block-list\">\n<li>1. Acompanyament als docents en la implementaci\u00f3 de compet\u00e8ncies referides al pensament computacional, la programaci\u00f3 i la rob\u00f2tica.<\/li>\n\n\n\n<li>2. Formacions espec\u00edfiques als centres.<\/li>\n\n\n\n<li>3. Xarxes i vincles.<\/li>\n\n\n\n<li>4. Assessorar per a l&#8217;actualitzaci\u00f3 de l&#8217;Estrat\u00e8gia digital de centre.<\/li>\n\n\n\n<li>5. Coordinaci\u00f3 amb el CRP per atendre les necessitats dels centres educatius.<\/li>\n\n\n\n<li>6. Dinamitzaci\u00f3 de la subxarxa COMD en col\u00b7laboraci\u00f3 amb el CRP.<\/li>\n<\/ol>\n<\/div>\n\n\n\n<div class=\"wp-block-column is-layout-flow wp-block-column-is-layout-flow\">\n\n\n<p style=\"font-size:15px\"><\/p>\n<\/div>\n<\/div>\n\n\n\n<div style=\"height:50px\" aria-hidden=\"true\" class=\"wp-block-spacer\"><\/div>\n\n\n\n<div style=\"height:60px\" aria-hidden=\"true\" class=\"wp-block-spacer\"><\/div>\n","protected":false},"excerpt":{"rendered":"<p>El programa de Mentories 4.0 t\u00e9 com a finalitat la millora de les compet\u00e8ncies digitals en l\u2019\u00e0mbit educatiu,\u00a0en relaci\u00f3 amb les compet\u00e8ncies de l&#8217;alumnat, als mitjans tecnol\u00f2gics disponibles i a la seva integraci\u00f3 efectiva i efica\u00e7 en els processos d\u2019ensenyament i aprenentatge. En concret les tasques de les persones mentores del programa Mentories 4.0 s\u00f3n [&hellip;]<\/p>\n","protected":false},"author":1,"featured_media":0,"parent":13787,"menu_order":0,"comment_status":"closed","ping_status":"close","template":"","meta":{"site-sidebar-layout":"default","site-content-layout":"","ast-site-content-layout":"default","site-content-style":"default","site-sidebar-style":"default","ast-global-header-display":"","ast-banner-title-visibility":"","ast-main-header-display":"","ast-hfb-above-header-display":"","ast-hfb-below-header-display":"","ast-hfb-mobile-header-display":"","site-post-title":"","ast-breadcrumbs-content":"","ast-featured-img":"","footer-sml-layout":"","theme-transparent-header-meta":"","adv-header-id-meta":"","stick-header-meta":"","header-above-stick-meta":"","header-main-stick-meta":"","header-below-stick-meta":"","astra-migrate-meta-layouts":"set","ast-page-background-enabled":"default","ast-page-background-meta":{"desktop":{"background-color":"var(--ast-global-color-4)","background-image":"","background-repeat":"repeat","background-position":"center center","background-size":"auto","background-attachment":"scroll","background-type":"","background-media":"","overlay-type":"","overlay-color":"","overlay-opacity":"","overlay-gradient":""},"tablet":{"background-color":"","background-image":"","background-repeat":"repeat","background-position":"center center","background-size":"auto","background-attachment":"scroll","background-type":"","background-media":"","overlay-type":"","overlay-color":"","overlay-opacity":"","overlay-gradient":""},"mobile":{"background-color":"","background-image":"","background-repeat":"repeat","background-position":"center center","background-size":"auto","background-attachment":"scroll","background-type":"","background-media":"","overlay-type":"","overlay-color":"","overlay-opacity":"","overlay-gradient":""}},"ast-content-background-meta":{"desktop":{"background-color":"var(--ast-global-color-5)","background-image":"","background-repeat":"repeat","background-position":"center center","background-size":"auto","background-attachment":"scroll","background-type":"","background-media":"","overlay-type":"","overlay-color":"","overlay-opacity":"","overlay-gradient":""},"tablet":{"background-color":"var(--ast-global-color-5)","background-image":"","background-repeat":"repeat","background-position":"center center","background-size":"auto","background-attachment":"scroll","background-type":"","background-media":"","overlay-type":"","overlay-color":"","overlay-opacity":"","overlay-gradient":""},"mobile":{"background-color":"var(--ast-global-color-5)","background-image":"","background-repeat":"repeat","background-position":"center center","background-size":"auto","background-attachment":"scroll","background-type":"","background-media":"","overlay-type":"","overlay-color":"","overlay-opacity":"","overlay-gradient":""}},"footnotes":""},"class_list":["post-30205","page","type-page","status-publish","hentry"],"post_mailing_queue_ids":[],"_links":{"self":[{"href":"https:\/\/projectes.xtec.cat\/digital\/wp-json\/wp\/v2\/pages\/30205","targetHints":{"allow":["GET"]}}],"collection":[{"href":"https:\/\/projectes.xtec.cat\/digital\/wp-json\/wp\/v2\/pages"}],"about":[{"href":"https:\/\/projectes.xtec.cat\/digital\/wp-json\/wp\/v2\/types\/page"}],"author":[{"embeddable":true,"href":"https:\/\/projectes.xtec.cat\/digital\/wp-json\/wp\/v2\/users\/1"}],"replies":[{"embeddable":true,"href":"https:\/\/projectes.xtec.cat\/digital\/wp-json\/wp\/v2\/comments?post=30205"}],"version-history":[{"count":2,"href":"https:\/\/projectes.xtec.cat\/digital\/wp-json\/wp\/v2\/pages\/30205\/revisions"}],"predecessor-version":[{"id":30207,"href":"https:\/\/projectes.xtec.cat\/digital\/wp-json\/wp\/v2\/pages\/30205\/revisions\/30207"}],"up":[{"embeddable":true,"href":"https:\/\/projectes.xtec.cat\/digital\/wp-json\/wp\/v2\/pages\/13787"}],"wp:attachment":[{"href":"https:\/\/projectes.xtec.cat\/digital\/wp-json\/wp\/v2\/media?parent=30205"}],"curies":[{"name":"wp","href":"https:\/\/api.w.org\/{rel}","templated":true}]}}