{"id":30548,"date":"2024-10-09T10:18:08","date_gmt":"2024-10-09T08:18:08","guid":{"rendered":"https:\/\/projectes.xtec.cat\/digital\/?page_id=30548"},"modified":"2024-11-16T17:53:26","modified_gmt":"2024-11-16T16:53:26","slug":"columnes","status":"publish","type":"page","link":"https:\/\/projectes.xtec.cat\/digital\/serveis-digitals\/nodes\/editor-gutenberg\/columnes\/","title":{"rendered":"Columnes"},"content":{"rendered":"\n<div class=\"wp-block-getwid-section alignfull alignfull\"><div class=\"wp-block-getwid-section__wrapper\"><div class=\"wp-block-getwid-section__inner-wrapper\"><div class=\"wp-block-getwid-section__background-holder\"><div class=\"wp-block-getwid-section__background\"><\/div><div class=\"wp-block-getwid-section__foreground\"><\/div><\/div><div class=\"wp-block-getwid-section__content\"><div class=\"wp-block-getwid-section__inner-content\">\n<div class=\"wp-block-columns paragraf-rodo has-background is-layout-flex wp-container-core-columns-is-layout-1 wp-block-columns-is-layout-flex\" style=\"background-color:#cfe6e8\">\n<div class=\"wp-block-column is-layout-flow wp-block-column-is-layout-flow\" style=\"flex-basis:100%\">\n<p>El bloc <strong>Columnes<\/strong> de l&#8217;editor Gutenberg de WordPress \u00e9s una eina molt \u00fatil que us permet organitzar el contingut en diferents columnes, facilitant aix\u00ed una presentaci\u00f3 m\u00e9s atractiva i estructurada.<\/p>\n<\/div>\n<\/div>\n\n\n\n<div style=\"height:20px\" aria-hidden=\"true\" class=\"wp-block-spacer\"><\/div>\n\n\n\n<figure class=\"wp-block-embed is-type-video is-provider-youtube wp-block-embed-youtube wp-embed-aspect-16-9 wp-has-aspect-ratio\"><div class=\"wp-block-embed__wrapper\">\n<div class=\"ast-oembed-container \" style=\"height: 100%;\"><iframe loading=\"lazy\" title=\"Columnes\" width=\"500\" height=\"281\" src=\"https:\/\/www.youtube.com\/embed\/7KOtVl9_jJU?feature=oembed\" frameborder=\"0\" allow=\"accelerometer; autoplay; clipboard-write; encrypted-media; gyroscope; picture-in-picture; web-share\" referrerpolicy=\"strict-origin-when-cross-origin\" allowfullscreen><\/iframe><\/div>\n<\/div><\/figure>\n<\/div><\/div><\/div><\/div><\/div>\n\n\n\n<div class=\"wp-block-getwid-section alignfull alignfull\"><div class=\"wp-block-getwid-section__wrapper\"><div class=\"wp-block-getwid-section__inner-wrapper\"><div class=\"wp-block-getwid-section__background-holder\"><div class=\"wp-block-getwid-section__background\"><\/div><div class=\"wp-block-getwid-section__foreground\"><\/div><\/div><div class=\"wp-block-getwid-section__content\"><div class=\"wp-block-getwid-section__inner-content\">\n<h2 class=\"wp-block-heading\">1.&nbsp;Inserir un bloc Columnes<\/h2>\n\n\n\n<p>Podeu afegir un bloc Columnes fent clic al bot\u00f3 &#8220;+&#8221; (Afegir bloc) i cercant &#8220;Columnes&#8221; o seleccionant-lo de la llista de blocs.<\/p>\n\n\n\n<figure class=\"wp-block-image aligncenter size-large is-resized has-custom-border is-style-default\"><a href=\"https:\/\/projectes.xtec.cat\/digital\/wp-content\/uploads\/usu2317\/2024\/10\/6.-Columnes.png\"><img loading=\"lazy\" decoding=\"async\" width=\"1024\" height=\"350\" src=\"https:\/\/projectes.xtec.cat\/digital\/wp-content\/uploads\/usu2317\/2024\/10\/6.-Columnes-1024x350.png\" alt=\"\" class=\"has-border-color has-ast-global-color-7-border-color wp-image-30551\" style=\"border-width:1px;width:800px\" srcset=\"https:\/\/projectes.xtec.cat\/digital\/wp-content\/uploads\/usu2317\/2024\/10\/6.-Columnes-1024x350.png 1024w, https:\/\/projectes.xtec.cat\/digital\/wp-content\/uploads\/usu2317\/2024\/10\/6.-Columnes-300x103.png 300w, https:\/\/projectes.xtec.cat\/digital\/wp-content\/uploads\/usu2317\/2024\/10\/6.-Columnes-768x263.png 768w, https:\/\/projectes.xtec.cat\/digital\/wp-content\/uploads\/usu2317\/2024\/10\/6.-Columnes.png 1275w\" sizes=\"auto, (max-width: 1024px) 100vw, 1024px\" \/><\/a><\/figure>\n\n\n\n<div style=\"height:20px\" aria-hidden=\"true\" class=\"wp-block-spacer\"><\/div>\n\n\n\n<p>Un cop afegit el bloc Columnes, podreu escollir l&#8217;estructura de columnes que desitgeu, sigui dues columnes, tres, o fins i tot m\u00e9s, amb proporcions diferents.<\/p>\n\n\n\n<figure class=\"wp-block-image aligncenter size-large is-resized has-custom-border is-style-default\"><a href=\"https:\/\/projectes.xtec.cat\/digital\/wp-content\/uploads\/usu2317\/2024\/10\/6.-Columnes1.png\"><img loading=\"lazy\" decoding=\"async\" width=\"1024\" height=\"310\" src=\"https:\/\/projectes.xtec.cat\/digital\/wp-content\/uploads\/usu2317\/2024\/10\/6.-Columnes1-1024x310.png\" alt=\"\" class=\"has-border-color has-ast-global-color-7-border-color wp-image-30552\" style=\"border-width:1px;width:800px\" srcset=\"https:\/\/projectes.xtec.cat\/digital\/wp-content\/uploads\/usu2317\/2024\/10\/6.-Columnes1-1024x310.png 1024w, https:\/\/projectes.xtec.cat\/digital\/wp-content\/uploads\/usu2317\/2024\/10\/6.-Columnes1-300x91.png 300w, https:\/\/projectes.xtec.cat\/digital\/wp-content\/uploads\/usu2317\/2024\/10\/6.-Columnes1-768x232.png 768w, https:\/\/projectes.xtec.cat\/digital\/wp-content\/uploads\/usu2317\/2024\/10\/6.-Columnes1.png 1355w\" sizes=\"auto, (max-width: 1024px) 100vw, 1024px\" \/><\/a><\/figure>\n\n\n\n<div style=\"height:20px\" aria-hidden=\"true\" class=\"wp-block-spacer\"><\/div>\n\n\n\n<p>Despr\u00e9s d&#8217;haver seleccionat la disposici\u00f3, cada columna funcionar\u00e0 com un bloc individual. Podreu afegir diversos tipus de contingut, com text, imatges, botons, etc.<\/p>\n\n\n\n<figure class=\"wp-block-image aligncenter size-large is-resized has-custom-border is-style-default\"><a href=\"https:\/\/projectes.xtec.cat\/digital\/wp-content\/uploads\/usu2317\/2024\/10\/6.-Columnes2.png\"><img loading=\"lazy\" decoding=\"async\" width=\"1024\" height=\"395\" src=\"https:\/\/projectes.xtec.cat\/digital\/wp-content\/uploads\/usu2317\/2024\/10\/6.-Columnes2-1024x395.png\" alt=\"\" class=\"has-border-color has-ast-global-color-7-border-color wp-image-30553\" style=\"border-width:1px;width:800px\" srcset=\"https:\/\/projectes.xtec.cat\/digital\/wp-content\/uploads\/usu2317\/2024\/10\/6.-Columnes2-1024x395.png 1024w, https:\/\/projectes.xtec.cat\/digital\/wp-content\/uploads\/usu2317\/2024\/10\/6.-Columnes2-300x116.png 300w, https:\/\/projectes.xtec.cat\/digital\/wp-content\/uploads\/usu2317\/2024\/10\/6.-Columnes2-768x297.png 768w, https:\/\/projectes.xtec.cat\/digital\/wp-content\/uploads\/usu2317\/2024\/10\/6.-Columnes2.png 1243w\" sizes=\"auto, (max-width: 1024px) 100vw, 1024px\" \/><\/a><\/figure>\n\n\n\n<div style=\"height:20px\" aria-hidden=\"true\" class=\"wp-block-spacer\"><\/div>\n<\/div><\/div><\/div><\/div><\/div>\n\n\n\n<div class=\"wp-block-getwid-section alignfull alignfull\"><div class=\"wp-block-getwid-section__wrapper\"><div class=\"wp-block-getwid-section__inner-wrapper\"><div class=\"wp-block-getwid-section__background-holder\"><div class=\"wp-block-getwid-section__background has-background has-ast-global-color-4-background-color\"><\/div><div class=\"wp-block-getwid-section__foreground\"><\/div><\/div><div class=\"wp-block-getwid-section__content\"><div class=\"wp-block-getwid-section__inner-content\">\n<h2 class=\"wp-block-heading\">2.&nbsp;Opcions de personalitzaci\u00f3 (barra lateral dreta)<\/h2>\n\n\n\n<h3 class=\"wp-block-heading\">2.1. Opcions per a tot el bloc Columnes<\/h3>\n\n\n\n<p>Quan seleccioneu el bloc de Columnes, a la barra lateral dreta tindreu diverses opcions de personalitzaci\u00f3, on destaquem:<\/p>\n\n\n\n<ul class=\"wp-block-list\">\n<li><strong>Opcions de columnes<\/strong>: Podeu ajustar el nombre de columnes.<\/li>\n\n\n\n<li><strong>Color de text i de fons<\/strong>: Tamb\u00e9 podreu aplicar colors o imatges de fons a cada columna, ajudant a destacar certs continguts.<\/li>\n<\/ul>\n\n\n\n<figure class=\"wp-block-image aligncenter size-full is-resized has-custom-border is-style-default\"><a href=\"https:\/\/projectes.xtec.cat\/digital\/wp-content\/uploads\/usu2317\/2024\/10\/6.-Columnes-Opcions.png\"><img loading=\"lazy\" decoding=\"async\" width=\"1745\" height=\"605\" src=\"https:\/\/projectes.xtec.cat\/digital\/wp-content\/uploads\/usu2317\/2024\/10\/6.-Columnes-Opcions.png\" alt=\"\" class=\"has-border-color has-ast-global-color-7-border-color wp-image-30557\" style=\"border-width:1px;width:800px\" srcset=\"https:\/\/projectes.xtec.cat\/digital\/wp-content\/uploads\/usu2317\/2024\/10\/6.-Columnes-Opcions.png 1745w, https:\/\/projectes.xtec.cat\/digital\/wp-content\/uploads\/usu2317\/2024\/10\/6.-Columnes-Opcions-300x104.png 300w, https:\/\/projectes.xtec.cat\/digital\/wp-content\/uploads\/usu2317\/2024\/10\/6.-Columnes-Opcions-1024x355.png 1024w, https:\/\/projectes.xtec.cat\/digital\/wp-content\/uploads\/usu2317\/2024\/10\/6.-Columnes-Opcions-768x266.png 768w, https:\/\/projectes.xtec.cat\/digital\/wp-content\/uploads\/usu2317\/2024\/10\/6.-Columnes-Opcions-1536x533.png 1536w\" sizes=\"auto, (max-width: 1745px) 100vw, 1745px\" \/><\/a><\/figure>\n\n\n\n<div style=\"height:20px\" aria-hidden=\"true\" class=\"wp-block-spacer\"><\/div>\n\n\n\n<h3 class=\"wp-block-heading\">2.1. Opcions per a cada columna existent<\/h3>\n\n\n\n<p>Quan seleccioneu una de les columnes que conformen el bloc, podeu accedir a la barra lateral dreta per a opcions de personalitzaci\u00f3, entre les quals destaquem:<\/p>\n\n\n\n<ul class=\"wp-block-list\">\n<li><strong>Opcions de columnes:<\/strong> Podeu ajustar el nombre de columnes.<\/li>\n\n\n\n<li><strong>Fons de columna<\/strong>: Podeu triar colors de fons diferents per a cada columna, cosa que us permet destacar continguts espec\u00edfics.<\/li>\n<\/ul>\n\n\n\n<figure class=\"wp-block-image aligncenter size-full is-resized has-custom-border is-style-default\"><a href=\"https:\/\/projectes.xtec.cat\/digital\/wp-content\/uploads\/usu2317\/2024\/10\/6.-Columnes-Opcions2.png\"><img loading=\"lazy\" decoding=\"async\" width=\"1744\" height=\"635\" src=\"https:\/\/projectes.xtec.cat\/digital\/wp-content\/uploads\/usu2317\/2024\/10\/6.-Columnes-Opcions2.png\" alt=\"\" class=\"has-border-color has-ast-global-color-7-border-color wp-image-30558\" style=\"border-width:1px;width:800px\" srcset=\"https:\/\/projectes.xtec.cat\/digital\/wp-content\/uploads\/usu2317\/2024\/10\/6.-Columnes-Opcions2.png 1744w, https:\/\/projectes.xtec.cat\/digital\/wp-content\/uploads\/usu2317\/2024\/10\/6.-Columnes-Opcions2-300x109.png 300w, https:\/\/projectes.xtec.cat\/digital\/wp-content\/uploads\/usu2317\/2024\/10\/6.-Columnes-Opcions2-1024x373.png 1024w, https:\/\/projectes.xtec.cat\/digital\/wp-content\/uploads\/usu2317\/2024\/10\/6.-Columnes-Opcions2-768x280.png 768w, https:\/\/projectes.xtec.cat\/digital\/wp-content\/uploads\/usu2317\/2024\/10\/6.-Columnes-Opcions2-1536x559.png 1536w\" sizes=\"auto, (max-width: 1744px) 100vw, 1744px\" \/><\/a><\/figure>\n\n\n\n<div style=\"height:20px\" aria-hidden=\"true\" class=\"wp-block-spacer\"><\/div>\n<\/div><\/div><\/div><\/div><\/div>\n\n\n\n<div class=\"wp-block-getwid-section alignfull alignfull\"><div class=\"wp-block-getwid-section__wrapper\"><div class=\"wp-block-getwid-section__inner-wrapper\"><div class=\"wp-block-getwid-section__background-holder\"><div class=\"wp-block-getwid-section__background\"><\/div><div class=\"wp-block-getwid-section__foreground\"><\/div><\/div><div class=\"wp-block-getwid-section__content\"><div class=\"wp-block-getwid-section__inner-content\">\n<h2 class=\"wp-block-heading\">4.&nbsp;Opcions avan\u00e7ades (barra lateral dreta)<\/h2>\n\n\n\n<figure class=\"wp-block-image alignright size-full is-resized has-custom-border is-style-default\"><a href=\"https:\/\/projectes.xtec.cat\/digital\/wp-content\/uploads\/usu2317\/2024\/10\/6.-Columnes-Avancat.png\"><img loading=\"lazy\" decoding=\"async\" width=\"280\" height=\"467\" src=\"https:\/\/projectes.xtec.cat\/digital\/wp-content\/uploads\/usu2317\/2024\/10\/6.-Columnes-Avancat.png\" alt=\"\" class=\"has-border-color has-ast-global-color-7-border-color wp-image-30561\" style=\"border-width:1px;width:200px\" srcset=\"https:\/\/projectes.xtec.cat\/digital\/wp-content\/uploads\/usu2317\/2024\/10\/6.-Columnes-Avancat.png 280w, https:\/\/projectes.xtec.cat\/digital\/wp-content\/uploads\/usu2317\/2024\/10\/6.-Columnes-Avancat-180x300.png 180w\" sizes=\"auto, (max-width: 280px) 100vw, 280px\" \/><\/a><\/figure>\n\n\n\n<p>Tamb\u00e9, seleccionant una de les columnes del bloc, podeu trobar altres opcions de personalitzaci\u00f3 addicionals que es poden afegir utilitzant l&#8217;opci\u00f3 &#8220;Avan\u00e7at&#8221; de la barra lateral dreta, a l&#8217;apartat &#8220;Bloc&#8221;. <\/p>\n\n\n\n<ul class=\"wp-block-list\">\n<li><strong>Caixa: <\/strong>Escrivint &#8220;caixa&#8221; a &#8220;classe(s) CSS addicional(s)&#8221;, la columna seleccionada queda encaixada amb una vora arrodonida.<\/li>\n\n\n\n<li><strong>Caixa-link:<\/strong> Escrivint &#8220;caixa&#8221; a &#8220;classe(s) CSS addicional(s)&#8221;, i enlla\u00e7ant la p\u00e0gina web desitjada a &#8220;\u00e0ncora HTML&#8221;, la columna seleccionada queda encaixada amb una vora arrodonida, i si cliqueu sobre la columna, se us redirigeix a la p\u00e0gina web enlla\u00e7ada.<\/li>\n<\/ul>\n\n\n\n<p>Per tal de veure plasmats aquests canvis, cal que deseu els canvis i visualitzeu la p\u00e0gina.<\/p>\n\n\n\n<div style=\"height:20px\" aria-hidden=\"true\" class=\"wp-block-spacer\"><\/div>\n<\/div><\/div><\/div><\/div><\/div>\n\n\n\n<div class=\"wp-block-getwid-section alignfull alignfull\"><div class=\"wp-block-getwid-section__wrapper\"><div class=\"wp-block-getwid-section__inner-wrapper\"><div class=\"wp-block-getwid-section__background-holder\"><div class=\"wp-block-getwid-section__background has-background has-ast-global-color-4-background-color\"><\/div><div class=\"wp-block-getwid-section__foreground\"><\/div><\/div><div class=\"wp-block-getwid-section__content\"><div class=\"wp-block-getwid-section__inner-content\">\n<h2 class=\"wp-block-heading\">5.&nbsp;M\u00e9s opcions<\/h2>\n\n\n\n<p>Clicant els <strong>tres punts<\/strong> a la barra d&#8217;eines, pots accedir a opcions com duplicar el bloc, suprimir-lo, moure&#8217;l, i m\u00e9s. Tamb\u00e9 ho pots fer des de la <strong>&#8220;Vista de llista&#8221;<\/strong>.<\/p>\n\n\n\n<div class=\"wp-block-columns is-layout-flex wp-container-core-columns-is-layout-2 wp-block-columns-is-layout-flex\">\n<div class=\"wp-block-column is-layout-flow wp-block-column-is-layout-flow\">\n<figure class=\"wp-block-image alignright size-full is-resized has-custom-border is-style-default\"><a href=\"https:\/\/projectes.xtec.cat\/digital\/wp-content\/uploads\/usu2317\/2024\/10\/6.-Columnes-Opcions3.png\"><img loading=\"lazy\" decoding=\"async\" width=\"1452\" height=\"681\" src=\"https:\/\/projectes.xtec.cat\/digital\/wp-content\/uploads\/usu2317\/2024\/10\/6.-Columnes-Opcions3.png\" alt=\"\" class=\"has-border-color has-ast-global-color-7-border-color wp-image-30567\" style=\"border-width:1px;object-fit:cover;width:497px;height:auto\" srcset=\"https:\/\/projectes.xtec.cat\/digital\/wp-content\/uploads\/usu2317\/2024\/10\/6.-Columnes-Opcions3.png 1452w, https:\/\/projectes.xtec.cat\/digital\/wp-content\/uploads\/usu2317\/2024\/10\/6.-Columnes-Opcions3-300x141.png 300w, https:\/\/projectes.xtec.cat\/digital\/wp-content\/uploads\/usu2317\/2024\/10\/6.-Columnes-Opcions3-1024x480.png 1024w, https:\/\/projectes.xtec.cat\/digital\/wp-content\/uploads\/usu2317\/2024\/10\/6.-Columnes-Opcions3-768x360.png 768w\" sizes=\"auto, (max-width: 1452px) 100vw, 1452px\" \/><\/a><\/figure>\n<\/div>\n\n\n\n<div class=\"wp-block-column is-layout-flow wp-block-column-is-layout-flow\">\n<figure class=\"wp-block-image alignleft size-large is-resized has-custom-border is-style-default\"><a href=\"https:\/\/projectes.xtec.cat\/digital\/wp-content\/uploads\/usu2317\/2024\/10\/6.-Columnes-Opcions4.png\"><img loading=\"lazy\" decoding=\"async\" width=\"1024\" height=\"400\" src=\"https:\/\/projectes.xtec.cat\/digital\/wp-content\/uploads\/usu2317\/2024\/10\/6.-Columnes-Opcions4-1024x400.png\" alt=\"\" class=\"has-border-color has-ast-global-color-7-border-color wp-image-30568\" style=\"border-width:1px;object-fit:cover;width:686px;height:auto\" srcset=\"https:\/\/projectes.xtec.cat\/digital\/wp-content\/uploads\/usu2317\/2024\/10\/6.-Columnes-Opcions4-1024x400.png 1024w, https:\/\/projectes.xtec.cat\/digital\/wp-content\/uploads\/usu2317\/2024\/10\/6.-Columnes-Opcions4-300x117.png 300w, https:\/\/projectes.xtec.cat\/digital\/wp-content\/uploads\/usu2317\/2024\/10\/6.-Columnes-Opcions4-768x300.png 768w, https:\/\/projectes.xtec.cat\/digital\/wp-content\/uploads\/usu2317\/2024\/10\/6.-Columnes-Opcions4.png 1444w\" sizes=\"auto, (max-width: 1024px) 100vw, 1024px\" \/><\/a><\/figure>\n<\/div>\n<\/div>\n\n\n\n<div style=\"height:100px\" aria-hidden=\"true\" class=\"wp-block-spacer\"><\/div>\n<\/div><\/div><\/div><\/div><\/div>\n","protected":false},"excerpt":{"rendered":"","protected":false},"author":1,"featured_media":0,"parent":15562,"menu_order":0,"comment_status":"closed","ping_status":"close","template":"","meta":{"site-sidebar-layout":"left-sidebar","site-content-layout":"","ast-site-content-layout":"default","site-content-style":"default","site-sidebar-style":"default","ast-global-header-display":"","ast-banner-title-visibility":"","ast-main-header-display":"","ast-hfb-above-header-display":"","ast-hfb-below-header-display":"","ast-hfb-mobile-header-display":"","site-post-title":"","ast-breadcrumbs-content":"","ast-featured-img":"","footer-sml-layout":"","theme-transparent-header-meta":"","adv-header-id-meta":"","stick-header-meta":"","header-above-stick-meta":"","header-main-stick-meta":"","header-below-stick-meta":"","astra-migrate-meta-layouts":"set","ast-page-background-enabled":"default","ast-page-background-meta":{"desktop":{"background-color":"var(--ast-global-color-4)","background-image":"","background-repeat":"repeat","background-position":"center center","background-size":"auto","background-attachment":"scroll","background-type":"","background-media":"","overlay-type":"","overlay-color":"","overlay-opacity":"","overlay-gradient":""},"tablet":{"background-color":"","background-image":"","background-repeat":"repeat","background-position":"center center","background-size":"auto","background-attachment":"scroll","background-type":"","background-media":"","overlay-type":"","overlay-color":"","overlay-opacity":"","overlay-gradient":""},"mobile":{"background-color":"","background-image":"","background-repeat":"repeat","background-position":"center center","background-size":"auto","background-attachment":"scroll","background-type":"","background-media":"","overlay-type":"","overlay-color":"","overlay-opacity":"","overlay-gradient":""}},"ast-content-background-meta":{"desktop":{"background-color":"var(--ast-global-color-5)","background-image":"","background-repeat":"repeat","background-position":"center center","background-size":"auto","background-attachment":"scroll","background-type":"","background-media":"","overlay-type":"","overlay-color":"","overlay-opacity":"","overlay-gradient":""},"tablet":{"background-color":"var(--ast-global-color-5)","background-image":"","background-repeat":"repeat","background-position":"center center","background-size":"auto","background-attachment":"scroll","background-type":"","background-media":"","overlay-type":"","overlay-color":"","overlay-opacity":"","overlay-gradient":""},"mobile":{"background-color":"var(--ast-global-color-5)","background-image":"","background-repeat":"repeat","background-position":"center center","background-size":"auto","background-attachment":"scroll","background-type":"","background-media":"","overlay-type":"","overlay-color":"","overlay-opacity":"","overlay-gradient":""}},"footnotes":""},"class_list":["post-30548","page","type-page","status-publish","hentry"],"post_mailing_queue_ids":[],"_links":{"self":[{"href":"https:\/\/projectes.xtec.cat\/digital\/wp-json\/wp\/v2\/pages\/30548","targetHints":{"allow":["GET"]}}],"collection":[{"href":"https:\/\/projectes.xtec.cat\/digital\/wp-json\/wp\/v2\/pages"}],"about":[{"href":"https:\/\/projectes.xtec.cat\/digital\/wp-json\/wp\/v2\/types\/page"}],"author":[{"embeddable":true,"href":"https:\/\/projectes.xtec.cat\/digital\/wp-json\/wp\/v2\/users\/1"}],"replies":[{"embeddable":true,"href":"https:\/\/projectes.xtec.cat\/digital\/wp-json\/wp\/v2\/comments?post=30548"}],"version-history":[{"count":6,"href":"https:\/\/projectes.xtec.cat\/digital\/wp-json\/wp\/v2\/pages\/30548\/revisions"}],"predecessor-version":[{"id":31815,"href":"https:\/\/projectes.xtec.cat\/digital\/wp-json\/wp\/v2\/pages\/30548\/revisions\/31815"}],"up":[{"embeddable":true,"href":"https:\/\/projectes.xtec.cat\/digital\/wp-json\/wp\/v2\/pages\/15562"}],"wp:attachment":[{"href":"https:\/\/projectes.xtec.cat\/digital\/wp-json\/wp\/v2\/media?parent=30548"}],"curies":[{"name":"wp","href":"https:\/\/api.w.org\/{rel}","templated":true}]}}