{"id":30665,"date":"2024-10-10T10:04:57","date_gmt":"2024-10-10T08:04:57","guid":{"rendered":"https:\/\/projectes.xtec.cat\/digital\/?page_id=30665"},"modified":"2024-11-02T22:52:30","modified_gmt":"2024-11-02T21:52:30","slug":"carrusel-imatges","status":"publish","type":"page","link":"https:\/\/projectes.xtec.cat\/digital\/serveis-digitals\/nodes\/editor-gutenberg\/carrusel-imatges\/","title":{"rendered":"Carrusel d&#8217;imatges"},"content":{"rendered":"\n<div class=\"wp-block-getwid-section alignfull alignfull\"><div class=\"wp-block-getwid-section__wrapper\"><div class=\"wp-block-getwid-section__inner-wrapper\"><div class=\"wp-block-getwid-section__background-holder\"><div class=\"wp-block-getwid-section__background\"><\/div><div class=\"wp-block-getwid-section__foreground\"><\/div><\/div><div class=\"wp-block-getwid-section__content\"><div class=\"wp-block-getwid-section__inner-content\">\n<div class=\"wp-block-columns paragraf-rodo has-background is-layout-flex wp-container-core-columns-is-layout-1 wp-block-columns-is-layout-flex\" style=\"background-color:#cfe6e8\">\n<div class=\"wp-block-column is-layout-flow wp-block-column-is-layout-flow\" style=\"flex-basis:100%\">\n<p>El bloc <strong>Carrusel d&#8217;imatges<\/strong> de l&#8217;editor Gutenberg de WordPress \u00e9s una eina que permet mostrar diverses imatges de manera din\u00e0mica i visual. <\/p>\n<\/div>\n<\/div>\n\n\n\n<div style=\"height:20px\" aria-hidden=\"true\" class=\"wp-block-spacer\"><\/div>\n<\/div><\/div><\/div><\/div><\/div>\n\n\n\n<div class=\"wp-block-getwid-section alignfull alignfull\"><div class=\"wp-block-getwid-section__wrapper\"><div class=\"wp-block-getwid-section__inner-wrapper\"><div class=\"wp-block-getwid-section__background-holder\"><div class=\"wp-block-getwid-section__background\"><\/div><div class=\"wp-block-getwid-section__foreground\"><\/div><\/div><div class=\"wp-block-getwid-section__content\"><div class=\"wp-block-getwid-section__inner-content\">\n<h2 class=\"wp-block-heading\">1.&nbsp;Inserir un bloc Carrusel d&#8217;imatges<\/h2>\n\n\n\n<p>Podeu afegir un bloc Carrusel d&#8217;imatges fent clic al bot\u00f3 &#8220;+&#8221; (Afegir bloc) i cercant &#8220;Carrusel d&#8217;imatges&#8221; a la llista d&#8217;opcions.<\/p>\n\n\n\n<figure class=\"wp-block-image aligncenter size-large is-resized has-custom-border is-style-default\"><a href=\"https:\/\/projectes.xtec.cat\/digital\/wp-content\/uploads\/usu2317\/2024\/10\/8.-Carrusel.png\"><img loading=\"lazy\" decoding=\"async\" width=\"1024\" height=\"443\" src=\"https:\/\/projectes.xtec.cat\/digital\/wp-content\/uploads\/usu2317\/2024\/10\/8.-Carrusel-1024x443.png\" alt=\"\" class=\"has-border-color has-ast-global-color-7-border-color wp-image-30573\" style=\"border-width:1px;width:800px\" srcset=\"https:\/\/projectes.xtec.cat\/digital\/wp-content\/uploads\/usu2317\/2024\/10\/8.-Carrusel-1024x443.png 1024w, https:\/\/projectes.xtec.cat\/digital\/wp-content\/uploads\/usu2317\/2024\/10\/8.-Carrusel-300x130.png 300w, https:\/\/projectes.xtec.cat\/digital\/wp-content\/uploads\/usu2317\/2024\/10\/8.-Carrusel-768x332.png 768w, https:\/\/projectes.xtec.cat\/digital\/wp-content\/uploads\/usu2317\/2024\/10\/8.-Carrusel.png 1187w\" sizes=\"auto, (max-width: 1024px) 100vw, 1024px\" \/><\/a><\/figure>\n\n\n\n<div style=\"height:20px\" aria-hidden=\"true\" class=\"wp-block-spacer\"><\/div>\n\n\n\n<p>Un cop seleccionat el bloc, podeu fer clic a &#8220;Afegir imatges&#8221; per pujar noves imatges o seleccionar-les de la biblioteca de mitjans. <\/p>\n\n\n\n<figure class=\"wp-block-image aligncenter size-full is-resized has-custom-border is-style-default\"><a href=\"https:\/\/projectes.xtec.cat\/digital\/wp-content\/uploads\/usu2317\/2024\/10\/9.-C-Imatges.png\"><img loading=\"lazy\" decoding=\"async\" width=\"1114\" height=\"238\" src=\"https:\/\/projectes.xtec.cat\/digital\/wp-content\/uploads\/usu2317\/2024\/10\/9.-C-Imatges.png\" alt=\"\" class=\"has-border-color has-ast-global-color-7-border-color wp-image-30666\" style=\"border-width:1px;width:800px\" srcset=\"https:\/\/projectes.xtec.cat\/digital\/wp-content\/uploads\/usu2317\/2024\/10\/9.-C-Imatges.png 1114w, https:\/\/projectes.xtec.cat\/digital\/wp-content\/uploads\/usu2317\/2024\/10\/9.-C-Imatges-300x64.png 300w, https:\/\/projectes.xtec.cat\/digital\/wp-content\/uploads\/usu2317\/2024\/10\/9.-C-Imatges-1024x219.png 1024w, https:\/\/projectes.xtec.cat\/digital\/wp-content\/uploads\/usu2317\/2024\/10\/9.-C-Imatges-768x164.png 768w\" sizes=\"auto, (max-width: 1114px) 100vw, 1114px\" \/><\/a><\/figure>\n\n\n\n<div style=\"height:20px\" aria-hidden=\"true\" class=\"wp-block-spacer\"><\/div>\n\n\n\n<p>Un cop seleccionades les imatges, tindreu opci\u00f3 d&#8217;afegir-ne m\u00e9s posteriorment, pujant de noves o seleccionant-les a la Mediateca; tamb\u00e9, des de la Mediateca, podreu editar l&#8217;ordre de les imatges i afegir t\u00edtols, entre d&#8217;altres.<\/p>\n\n\n\n<p>\u00c9s important que cliqueu &#8220;Actualitza la galeria&#8221; quan finalitzeu els canvis.<\/p>\n\n\n\n<figure class=\"wp-block-image aligncenter size-full is-resized has-custom-border is-style-default\"><a href=\"https:\/\/projectes.xtec.cat\/digital\/wp-content\/uploads\/usu2317\/2024\/10\/9.-C-Imatges-0.png\"><img loading=\"lazy\" decoding=\"async\" width=\"2493\" height=\"737\" src=\"https:\/\/projectes.xtec.cat\/digital\/wp-content\/uploads\/usu2317\/2024\/10\/9.-C-Imatges-0.png\" alt=\"\" class=\"has-border-color has-ast-global-color-7-border-color wp-image-30670\" style=\"border-width:1px;width:800px\" srcset=\"https:\/\/projectes.xtec.cat\/digital\/wp-content\/uploads\/usu2317\/2024\/10\/9.-C-Imatges-0.png 2493w, https:\/\/projectes.xtec.cat\/digital\/wp-content\/uploads\/usu2317\/2024\/10\/9.-C-Imatges-0-300x89.png 300w, https:\/\/projectes.xtec.cat\/digital\/wp-content\/uploads\/usu2317\/2024\/10\/9.-C-Imatges-0-1024x303.png 1024w, https:\/\/projectes.xtec.cat\/digital\/wp-content\/uploads\/usu2317\/2024\/10\/9.-C-Imatges-0-768x227.png 768w, https:\/\/projectes.xtec.cat\/digital\/wp-content\/uploads\/usu2317\/2024\/10\/9.-C-Imatges-0-1536x454.png 1536w, https:\/\/projectes.xtec.cat\/digital\/wp-content\/uploads\/usu2317\/2024\/10\/9.-C-Imatges-0-2048x605.png 2048w\" sizes=\"auto, (max-width: 2493px) 100vw, 2493px\" \/><\/a><\/figure>\n\n\n\n<div style=\"height:20px\" aria-hidden=\"true\" class=\"wp-block-spacer\"><\/div>\n<\/div><\/div><\/div><\/div><\/div>\n\n\n\n<div class=\"wp-block-getwid-section alignfull alignfull\"><div class=\"wp-block-getwid-section__wrapper\"><div class=\"wp-block-getwid-section__inner-wrapper\"><div class=\"wp-block-getwid-section__background-holder\"><div class=\"wp-block-getwid-section__background has-background has-ast-global-color-4-background-color\"><\/div><div class=\"wp-block-getwid-section__foreground\"><\/div><\/div><div class=\"wp-block-getwid-section__content\"><div class=\"wp-block-getwid-section__inner-content\">\n<h2 class=\"wp-block-heading\">2.&nbsp;Opcions de personalitzaci\u00f3 (barra lateral dreta)<\/h2>\n\n\n\n<p>Un cop h\u00e0giu afegit les imatges, veureu diverses opcions de personalitzaci\u00f3 a la barra lateral dreta:<\/p>\n\n\n\n<h3 class=\"wp-block-heading\">General:<\/h3>\n\n\n\n<ul class=\"wp-block-list\">\n<li><strong>Mides de les imatges (<em>Image size<\/em>)<\/strong>: Podreu escollir la mida de les imatges (petita, mitjana, gran) que s&#8217;adapti millor al vostre disseny.<\/li>\n\n\n\n<li><strong>Mostrar el t\u00edtol <\/strong>(<em>Show caption<\/em>): Tamb\u00e9 podeu decidir mostrar el t\u00edtol que heu definit a cada imatge pr\u00e8viament, i personalitzar l&#8217;estil (<em>caption style<\/em>) i la posici\u00f3 (<em>caption position<\/em>).<\/li>\n\n\n\n<li><strong>Enlla\u00e7 a les imatges<\/strong> (<em>Link to<\/em>): Destaquem la possibilitat de triar l&#8217;opci\u00f3 d&#8217;enlla\u00e7ar un URL a cada imatge (<em>custom link per slide<\/em>), enlla\u00e7 a on es redirigir\u00e0 la p\u00e0gina quan premeu la imatge.<\/li>\n<\/ul>\n\n\n\n<figure class=\"wp-block-image aligncenter size-full is-resized has-custom-border is-style-default\"><a href=\"https:\/\/projectes.xtec.cat\/digital\/wp-content\/uploads\/usu2317\/2024\/10\/9.-C-Imatges-1-2.png\"><img loading=\"lazy\" decoding=\"async\" width=\"1598\" height=\"668\" src=\"https:\/\/projectes.xtec.cat\/digital\/wp-content\/uploads\/usu2317\/2024\/10\/9.-C-Imatges-1-2.png\" alt=\"\" class=\"has-border-color has-ast-global-color-7-border-color wp-image-30672\" style=\"border-width:1px;width:800px\" srcset=\"https:\/\/projectes.xtec.cat\/digital\/wp-content\/uploads\/usu2317\/2024\/10\/9.-C-Imatges-1-2.png 1598w, https:\/\/projectes.xtec.cat\/digital\/wp-content\/uploads\/usu2317\/2024\/10\/9.-C-Imatges-1-2-300x125.png 300w, https:\/\/projectes.xtec.cat\/digital\/wp-content\/uploads\/usu2317\/2024\/10\/9.-C-Imatges-1-2-1024x428.png 1024w, https:\/\/projectes.xtec.cat\/digital\/wp-content\/uploads\/usu2317\/2024\/10\/9.-C-Imatges-1-2-768x321.png 768w, https:\/\/projectes.xtec.cat\/digital\/wp-content\/uploads\/usu2317\/2024\/10\/9.-C-Imatges-1-2-1536x642.png 1536w\" sizes=\"auto, (max-width: 1598px) 100vw, 1598px\" \/><\/a><\/figure>\n\n\n\n<div style=\"height:20px\" aria-hidden=\"true\" class=\"wp-block-spacer\"><\/div>\n\n\n\n<ul class=\"wp-block-list\">\n<li><strong>Transicions i efectes<\/strong>: Hi ha opcions per personalitzar les transicions entre imatges, com la durada de la transici\u00f3 i els efectes visuals.<\/li>\n<\/ul>\n\n\n\n<figure class=\"wp-block-image aligncenter size-full is-resized has-custom-border is-style-default\"><a href=\"https:\/\/projectes.xtec.cat\/digital\/wp-content\/uploads\/usu2317\/2024\/10\/9.-C-Imatges-2.png\"><img loading=\"lazy\" decoding=\"async\" width=\"1663\" height=\"678\" src=\"https:\/\/projectes.xtec.cat\/digital\/wp-content\/uploads\/usu2317\/2024\/10\/9.-C-Imatges-2.png\" alt=\"\" class=\"has-border-color has-ast-global-color-7-border-color wp-image-30668\" style=\"border-width:1px;width:800px\" srcset=\"https:\/\/projectes.xtec.cat\/digital\/wp-content\/uploads\/usu2317\/2024\/10\/9.-C-Imatges-2.png 1663w, https:\/\/projectes.xtec.cat\/digital\/wp-content\/uploads\/usu2317\/2024\/10\/9.-C-Imatges-2-300x122.png 300w, https:\/\/projectes.xtec.cat\/digital\/wp-content\/uploads\/usu2317\/2024\/10\/9.-C-Imatges-2-1024x417.png 1024w, https:\/\/projectes.xtec.cat\/digital\/wp-content\/uploads\/usu2317\/2024\/10\/9.-C-Imatges-2-768x313.png 768w, https:\/\/projectes.xtec.cat\/digital\/wp-content\/uploads\/usu2317\/2024\/10\/9.-C-Imatges-2-1536x626.png 1536w\" sizes=\"auto, (max-width: 1663px) 100vw, 1663px\" \/><\/a><\/figure>\n\n\n\n<div style=\"height:20px\" aria-hidden=\"true\" class=\"wp-block-spacer\"><\/div>\n\n\n\n<h3 class=\"wp-block-heading\">Avan\u00e7at:<\/h3>\n\n\n\n<ul class=\"wp-block-list\">\n<li><strong>Nombre d\u2019articles visibles<\/strong>&nbsp;(<em>Slides on desktop<\/em>): Podeu personalitzar el nombre d\u2019articles visibles.<\/li>\n\n\n\n<li><strong>Configuraci\u00f3 de control<\/strong> (<em>Control settings<\/em>): Podeu personalitzar els elements de control del carrusel, concretament els <strong>punts <\/strong>(<em>dots<\/em>) inferiors que defineixen cada imatge i les <strong>fletxes <\/strong>(<em>arrows<\/em>) per a passar d&#8217;una imatge a una altra.<\/li>\n<\/ul>\n\n\n\n<figure class=\"wp-block-image aligncenter size-full is-resized has-custom-border is-style-default\"><a href=\"https:\/\/projectes.xtec.cat\/digital\/wp-content\/uploads\/usu2317\/2024\/10\/9.-C-Imatges-3.png\"><img loading=\"lazy\" decoding=\"async\" width=\"1614\" height=\"575\" src=\"https:\/\/projectes.xtec.cat\/digital\/wp-content\/uploads\/usu2317\/2024\/10\/9.-C-Imatges-3.png\" alt=\"\" class=\"has-border-color has-ast-global-color-7-border-color wp-image-30669\" style=\"border-width:1px;width:800px\" srcset=\"https:\/\/projectes.xtec.cat\/digital\/wp-content\/uploads\/usu2317\/2024\/10\/9.-C-Imatges-3.png 1614w, https:\/\/projectes.xtec.cat\/digital\/wp-content\/uploads\/usu2317\/2024\/10\/9.-C-Imatges-3-300x107.png 300w, https:\/\/projectes.xtec.cat\/digital\/wp-content\/uploads\/usu2317\/2024\/10\/9.-C-Imatges-3-1024x365.png 1024w, https:\/\/projectes.xtec.cat\/digital\/wp-content\/uploads\/usu2317\/2024\/10\/9.-C-Imatges-3-768x274.png 768w, https:\/\/projectes.xtec.cat\/digital\/wp-content\/uploads\/usu2317\/2024\/10\/9.-C-Imatges-3-1536x547.png 1536w\" sizes=\"auto, (max-width: 1614px) 100vw, 1614px\" \/><\/a><\/figure>\n\n\n\n<div style=\"height:20px\" aria-hidden=\"true\" class=\"wp-block-spacer\"><\/div>\n<\/div><\/div><\/div><\/div><\/div>\n\n\n\n<div class=\"wp-block-getwid-section alignfull alignfull\"><div class=\"wp-block-getwid-section__wrapper\"><div class=\"wp-block-getwid-section__inner-wrapper\"><div class=\"wp-block-getwid-section__background-holder\"><div class=\"wp-block-getwid-section__background\"><\/div><div class=\"wp-block-getwid-section__foreground\"><\/div><\/div><div class=\"wp-block-getwid-section__content\"><div class=\"wp-block-getwid-section__inner-content\">\n<h2 class=\"wp-block-heading\">3.\u00a0M\u00e9s opcions<\/h2>\n\n\n\n<p>Clicant els <strong>tres punts<\/strong> a la barra d&#8217;eines, pots accedir a opcions com duplicar el bloc, suprimir-lo, moure&#8217;l, i m\u00e9s. Tamb\u00e9 ho pots fer des de la <strong>&#8220;Vista de llista&#8221;<\/strong>.<\/p>\n\n\n\n<div class=\"wp-block-columns is-layout-flex wp-container-core-columns-is-layout-2 wp-block-columns-is-layout-flex\">\n<div class=\"wp-block-column is-layout-flow wp-block-column-is-layout-flow\">\n<figure class=\"wp-block-image alignright size-full is-resized has-custom-border is-style-default\"><a href=\"https:\/\/projectes.xtec.cat\/digital\/wp-content\/uploads\/usu2317\/2024\/10\/9.-C-Imatges-opcions.png\"><img loading=\"lazy\" decoding=\"async\" width=\"1360\" height=\"714\" src=\"https:\/\/projectes.xtec.cat\/digital\/wp-content\/uploads\/usu2317\/2024\/10\/9.-C-Imatges-opcions.png\" alt=\"\" class=\"has-border-color has-ast-global-color-7-border-color wp-image-30675\" style=\"border-width:1px;object-fit:cover;width:497px;height:auto\" srcset=\"https:\/\/projectes.xtec.cat\/digital\/wp-content\/uploads\/usu2317\/2024\/10\/9.-C-Imatges-opcions.png 1360w, https:\/\/projectes.xtec.cat\/digital\/wp-content\/uploads\/usu2317\/2024\/10\/9.-C-Imatges-opcions-300x158.png 300w, https:\/\/projectes.xtec.cat\/digital\/wp-content\/uploads\/usu2317\/2024\/10\/9.-C-Imatges-opcions-1024x538.png 1024w, https:\/\/projectes.xtec.cat\/digital\/wp-content\/uploads\/usu2317\/2024\/10\/9.-C-Imatges-opcions-768x403.png 768w\" sizes=\"auto, (max-width: 1360px) 100vw, 1360px\" \/><\/a><\/figure>\n<\/div>\n\n\n\n<div class=\"wp-block-column is-layout-flow wp-block-column-is-layout-flow\">\n<figure class=\"wp-block-image alignleft size-large is-resized has-custom-border is-style-default\"><a href=\"https:\/\/projectes.xtec.cat\/digital\/wp-content\/uploads\/usu2317\/2024\/10\/9.-C-Imatges-opcions2.png\"><img loading=\"lazy\" decoding=\"async\" width=\"1024\" height=\"449\" src=\"https:\/\/projectes.xtec.cat\/digital\/wp-content\/uploads\/usu2317\/2024\/10\/9.-C-Imatges-opcions2-1024x449.png\" alt=\"\" class=\"has-border-color has-ast-global-color-7-border-color wp-image-30676\" style=\"border-width:1px;object-fit:cover;width:645px;height:auto\" srcset=\"https:\/\/projectes.xtec.cat\/digital\/wp-content\/uploads\/usu2317\/2024\/10\/9.-C-Imatges-opcions2-1024x449.png 1024w, https:\/\/projectes.xtec.cat\/digital\/wp-content\/uploads\/usu2317\/2024\/10\/9.-C-Imatges-opcions2-300x131.png 300w, https:\/\/projectes.xtec.cat\/digital\/wp-content\/uploads\/usu2317\/2024\/10\/9.-C-Imatges-opcions2-768x337.png 768w, https:\/\/projectes.xtec.cat\/digital\/wp-content\/uploads\/usu2317\/2024\/10\/9.-C-Imatges-opcions2-1536x673.png 1536w, https:\/\/projectes.xtec.cat\/digital\/wp-content\/uploads\/usu2317\/2024\/10\/9.-C-Imatges-opcions2.png 1668w\" sizes=\"auto, (max-width: 1024px) 100vw, 1024px\" \/><\/a><\/figure>\n<\/div>\n<\/div>\n\n\n\n<div style=\"height:100px\" aria-hidden=\"true\" class=\"wp-block-spacer\"><\/div>\n<\/div><\/div><\/div><\/div><\/div>\n","protected":false},"excerpt":{"rendered":"","protected":false},"author":1,"featured_media":0,"parent":15562,"menu_order":0,"comment_status":"closed","ping_status":"close","template":"","meta":{"site-sidebar-layout":"left-sidebar","site-content-layout":"","ast-site-content-layout":"default","site-content-style":"default","site-sidebar-style":"default","ast-global-header-display":"","ast-banner-title-visibility":"","ast-main-header-display":"","ast-hfb-above-header-display":"","ast-hfb-below-header-display":"","ast-hfb-mobile-header-display":"","site-post-title":"","ast-breadcrumbs-content":"","ast-featured-img":"","footer-sml-layout":"","theme-transparent-header-meta":"","adv-header-id-meta":"","stick-header-meta":"","header-above-stick-meta":"","header-main-stick-meta":"","header-below-stick-meta":"","astra-migrate-meta-layouts":"set","ast-page-background-enabled":"default","ast-page-background-meta":{"desktop":{"background-color":"var(--ast-global-color-4)","background-image":"","background-repeat":"repeat","background-position":"center center","background-size":"auto","background-attachment":"scroll","background-type":"","background-media":"","overlay-type":"","overlay-color":"","overlay-opacity":"","overlay-gradient":""},"tablet":{"background-color":"","background-image":"","background-repeat":"repeat","background-position":"center center","background-size":"auto","background-attachment":"scroll","background-type":"","background-media":"","overlay-type":"","overlay-color":"","overlay-opacity":"","overlay-gradient":""},"mobile":{"background-color":"","background-image":"","background-repeat":"repeat","background-position":"center center","background-size":"auto","background-attachment":"scroll","background-type":"","background-media":"","overlay-type":"","overlay-color":"","overlay-opacity":"","overlay-gradient":""}},"ast-content-background-meta":{"desktop":{"background-color":"var(--ast-global-color-5)","background-image":"","background-repeat":"repeat","background-position":"center center","background-size":"auto","background-attachment":"scroll","background-type":"","background-media":"","overlay-type":"","overlay-color":"","overlay-opacity":"","overlay-gradient":""},"tablet":{"background-color":"var(--ast-global-color-5)","background-image":"","background-repeat":"repeat","background-position":"center center","background-size":"auto","background-attachment":"scroll","background-type":"","background-media":"","overlay-type":"","overlay-color":"","overlay-opacity":"","overlay-gradient":""},"mobile":{"background-color":"var(--ast-global-color-5)","background-image":"","background-repeat":"repeat","background-position":"center center","background-size":"auto","background-attachment":"scroll","background-type":"","background-media":"","overlay-type":"","overlay-color":"","overlay-opacity":"","overlay-gradient":""}},"footnotes":""},"class_list":["post-30665","page","type-page","status-publish","hentry"],"post_mailing_queue_ids":[],"_links":{"self":[{"href":"https:\/\/projectes.xtec.cat\/digital\/wp-json\/wp\/v2\/pages\/30665","targetHints":{"allow":["GET"]}}],"collection":[{"href":"https:\/\/projectes.xtec.cat\/digital\/wp-json\/wp\/v2\/pages"}],"about":[{"href":"https:\/\/projectes.xtec.cat\/digital\/wp-json\/wp\/v2\/types\/page"}],"author":[{"embeddable":true,"href":"https:\/\/projectes.xtec.cat\/digital\/wp-json\/wp\/v2\/users\/1"}],"replies":[{"embeddable":true,"href":"https:\/\/projectes.xtec.cat\/digital\/wp-json\/wp\/v2\/comments?post=30665"}],"version-history":[{"count":6,"href":"https:\/\/projectes.xtec.cat\/digital\/wp-json\/wp\/v2\/pages\/30665\/revisions"}],"predecessor-version":[{"id":31327,"href":"https:\/\/projectes.xtec.cat\/digital\/wp-json\/wp\/v2\/pages\/30665\/revisions\/31327"}],"up":[{"embeddable":true,"href":"https:\/\/projectes.xtec.cat\/digital\/wp-json\/wp\/v2\/pages\/15562"}],"wp:attachment":[{"href":"https:\/\/projectes.xtec.cat\/digital\/wp-json\/wp\/v2\/media?parent=30665"}],"curies":[{"name":"wp","href":"https:\/\/api.w.org\/{rel}","templated":true}]}}