{"id":30752,"date":"2024-10-11T15:02:19","date_gmt":"2024-10-11T13:02:19","guid":{"rendered":"https:\/\/projectes.xtec.cat\/digital\/?page_id=30752"},"modified":"2024-11-02T22:26:20","modified_gmt":"2024-11-02T21:26:20","slug":"html-personalitzat","status":"publish","type":"page","link":"https:\/\/projectes.xtec.cat\/digital\/serveis-digitals\/nodes\/editor-gutenberg\/html-personalitzat\/","title":{"rendered":"HTML Personalitzat"},"content":{"rendered":"\n<div class=\"wp-block-getwid-section alignfull alignfull\"><div class=\"wp-block-getwid-section__wrapper\"><div class=\"wp-block-getwid-section__inner-wrapper\"><div class=\"wp-block-getwid-section__background-holder\"><div class=\"wp-block-getwid-section__background\"><\/div><div class=\"wp-block-getwid-section__foreground\"><\/div><\/div><div class=\"wp-block-getwid-section__content\"><div class=\"wp-block-getwid-section__inner-content\">\n<div class=\"wp-block-columns paragraf-rodo has-background is-layout-flex wp-container-core-columns-is-layout-1 wp-block-columns-is-layout-flex\" style=\"background-color:#cfe6e8\">\n<div class=\"wp-block-column is-layout-flow wp-block-column-is-layout-flow\" style=\"flex-basis:100%\">\n<p>El bloc <strong>HTML personalitzat<\/strong> de l&#8217;editor <strong>Gutenberg<\/strong> de WordPress permet afegir codi HTML directament dins una p\u00e0gina o entrada. Aix\u00f2 \u00e9s \u00fatil quan necessiteu un control total sobre el format o funcionalitats especials que no es poden aconseguir amb els blocs predeterminats.<\/p>\n<\/div>\n<\/div>\n\n\n\n<div style=\"height:20px\" aria-hidden=\"true\" class=\"wp-block-spacer\"><\/div>\n<\/div><\/div><\/div><\/div><\/div>\n\n\n\n<div class=\"wp-block-getwid-section alignfull alignfull\"><div class=\"wp-block-getwid-section__wrapper\"><div class=\"wp-block-getwid-section__inner-wrapper\"><div class=\"wp-block-getwid-section__background-holder\"><div class=\"wp-block-getwid-section__background\"><\/div><div class=\"wp-block-getwid-section__foreground\"><\/div><\/div><div class=\"wp-block-getwid-section__content\"><div class=\"wp-block-getwid-section__inner-content\">\n<h2 class=\"wp-block-heading\">1.&nbsp;Inserir un bloc HTML Personalitzat<\/h2>\n\n\n\n<p>Podeu afegir un bloc HTML Personalitzat fent clic al bot\u00f3 &#8220;+&#8221; (Afegir bloc) i cercant &#8220;HTML Personalitzat&#8221; o seleccionant-lo de la llista de blocs.<\/p>\n\n\n\n<figure class=\"wp-block-image aligncenter size-large is-resized has-custom-border is-style-default\"><a href=\"https:\/\/projectes.xtec.cat\/digital\/wp-content\/uploads\/usu2317\/2024\/10\/13.-html.png\"><img loading=\"lazy\" decoding=\"async\" width=\"1024\" height=\"355\" src=\"https:\/\/projectes.xtec.cat\/digital\/wp-content\/uploads\/usu2317\/2024\/10\/13.-html-1024x355.png\" alt=\"\" class=\"has-border-color has-ast-global-color-7-border-color wp-image-30753\" style=\"border-width:1px;width:800px\" srcset=\"https:\/\/projectes.xtec.cat\/digital\/wp-content\/uploads\/usu2317\/2024\/10\/13.-html-1024x355.png 1024w, https:\/\/projectes.xtec.cat\/digital\/wp-content\/uploads\/usu2317\/2024\/10\/13.-html-300x104.png 300w, https:\/\/projectes.xtec.cat\/digital\/wp-content\/uploads\/usu2317\/2024\/10\/13.-html-768x266.png 768w, https:\/\/projectes.xtec.cat\/digital\/wp-content\/uploads\/usu2317\/2024\/10\/13.-html.png 1181w\" sizes=\"auto, (max-width: 1024px) 100vw, 1024px\" \/><\/a><\/figure>\n\n\n\n<div style=\"height:20px\" aria-hidden=\"true\" class=\"wp-block-spacer\"><\/div>\n\n\n\n<p>Un exemple d&#8217;\u00fas de codi HTML seria afegir un enlla\u00e7 de Youtube a una p\u00e0gina amb unes caracter\u00edstiques molt concretes:<\/p>\n\n\n\n<figure class=\"wp-block-image aligncenter size-full is-resized has-custom-border is-style-default\"><a href=\"https:\/\/projectes.xtec.cat\/digital\/wp-content\/uploads\/usu2317\/2024\/10\/13.-html-youtube.png\"><img loading=\"lazy\" decoding=\"async\" width=\"1483\" height=\"306\" src=\"https:\/\/projectes.xtec.cat\/digital\/wp-content\/uploads\/usu2317\/2024\/10\/13.-html-youtube.png\" alt=\"\" class=\"has-border-color has-ast-global-color-7-border-color wp-image-30757\" style=\"border-width:1px;width:800px\" srcset=\"https:\/\/projectes.xtec.cat\/digital\/wp-content\/uploads\/usu2317\/2024\/10\/13.-html-youtube.png 1483w, https:\/\/projectes.xtec.cat\/digital\/wp-content\/uploads\/usu2317\/2024\/10\/13.-html-youtube-300x62.png 300w, https:\/\/projectes.xtec.cat\/digital\/wp-content\/uploads\/usu2317\/2024\/10\/13.-html-youtube-1024x211.png 1024w, https:\/\/projectes.xtec.cat\/digital\/wp-content\/uploads\/usu2317\/2024\/10\/13.-html-youtube-768x158.png 768w\" sizes=\"auto, (max-width: 1483px) 100vw, 1483px\" \/><\/a><\/figure>\n\n\n\n<div style=\"height:20px\" aria-hidden=\"true\" class=\"wp-block-spacer\"><\/div>\n\n\n\n<p>En aquest cas, despr\u00e9s d&#8217;afegir el codi, en previsualitzar la p\u00e0gina es veuria el seg\u00fcent:<\/p>\n\n\n\n<figure class=\"wp-block-image aligncenter size-full is-resized has-custom-border is-style-default\"><a href=\"https:\/\/projectes.xtec.cat\/digital\/wp-content\/uploads\/usu2317\/2024\/10\/13.-html-youtube1.png\"><img loading=\"lazy\" decoding=\"async\" width=\"1380\" height=\"443\" src=\"https:\/\/projectes.xtec.cat\/digital\/wp-content\/uploads\/usu2317\/2024\/10\/13.-html-youtube1.png\" alt=\"\" class=\"has-border-color has-ast-global-color-7-border-color wp-image-30758\" style=\"border-width:1px;width:800px\" srcset=\"https:\/\/projectes.xtec.cat\/digital\/wp-content\/uploads\/usu2317\/2024\/10\/13.-html-youtube1.png 1380w, https:\/\/projectes.xtec.cat\/digital\/wp-content\/uploads\/usu2317\/2024\/10\/13.-html-youtube1-300x96.png 300w, https:\/\/projectes.xtec.cat\/digital\/wp-content\/uploads\/usu2317\/2024\/10\/13.-html-youtube1-1024x329.png 1024w, https:\/\/projectes.xtec.cat\/digital\/wp-content\/uploads\/usu2317\/2024\/10\/13.-html-youtube1-768x247.png 768w\" sizes=\"auto, (max-width: 1380px) 100vw, 1380px\" \/><\/a><\/figure>\n\n\n\n<div style=\"height:20px\" aria-hidden=\"true\" class=\"wp-block-spacer\"><\/div>\n<\/div><\/div><\/div><\/div><\/div>\n\n\n\n<div class=\"wp-block-getwid-section alignfull alignfull\"><div class=\"wp-block-getwid-section__wrapper\"><div class=\"wp-block-getwid-section__inner-wrapper\"><div class=\"wp-block-getwid-section__background-holder\"><div class=\"wp-block-getwid-section__background has-background has-ast-global-color-4-background-color\"><\/div><div class=\"wp-block-getwid-section__foreground\"><\/div><\/div><div class=\"wp-block-getwid-section__content\"><div class=\"wp-block-getwid-section__inner-content\">\n<h2 class=\"wp-block-heading\">2.\u00a0M\u00e9s opcions<\/h2>\n\n\n\n<p>Clicant els <strong>tres punts<\/strong> a la barra d&#8217;eines, pots accedir a opcions com duplicar el bloc, suprimir-lo, moure&#8217;l, i m\u00e9s. Tamb\u00e9 ho pots fer des de la <strong>&#8220;Vista de llista&#8221;<\/strong>.<\/p>\n\n\n\n<div class=\"wp-block-columns is-layout-flex wp-container-core-columns-is-layout-2 wp-block-columns-is-layout-flex\">\n<div class=\"wp-block-column is-layout-flow wp-block-column-is-layout-flow\">\n<figure class=\"wp-block-image alignright size-full is-resized has-custom-border is-style-default\"><a href=\"https:\/\/projectes.xtec.cat\/digital\/wp-content\/uploads\/usu2317\/2024\/10\/13.-html-opcions2.png\"><img loading=\"lazy\" decoding=\"async\" width=\"1340\" height=\"611\" src=\"https:\/\/projectes.xtec.cat\/digital\/wp-content\/uploads\/usu2317\/2024\/10\/13.-html-opcions2.png\" alt=\"\" class=\"has-border-color has-ast-global-color-7-border-color wp-image-30755\" style=\"border-width:1px;object-fit:cover;width:594px;height:auto\" srcset=\"https:\/\/projectes.xtec.cat\/digital\/wp-content\/uploads\/usu2317\/2024\/10\/13.-html-opcions2.png 1340w, https:\/\/projectes.xtec.cat\/digital\/wp-content\/uploads\/usu2317\/2024\/10\/13.-html-opcions2-300x137.png 300w, https:\/\/projectes.xtec.cat\/digital\/wp-content\/uploads\/usu2317\/2024\/10\/13.-html-opcions2-1024x467.png 1024w, https:\/\/projectes.xtec.cat\/digital\/wp-content\/uploads\/usu2317\/2024\/10\/13.-html-opcions2-768x350.png 768w\" sizes=\"auto, (max-width: 1340px) 100vw, 1340px\" \/><\/a><\/figure>\n<\/div>\n\n\n\n<div class=\"wp-block-column is-layout-flow wp-block-column-is-layout-flow\">\n<figure class=\"wp-block-image alignleft size-large is-resized has-custom-border is-style-default\"><a href=\"https:\/\/projectes.xtec.cat\/digital\/wp-content\/uploads\/usu2317\/2024\/10\/13.-html-opcions.png\"><img loading=\"lazy\" decoding=\"async\" width=\"1024\" height=\"474\" src=\"https:\/\/projectes.xtec.cat\/digital\/wp-content\/uploads\/usu2317\/2024\/10\/13.-html-opcions-1024x474.png\" alt=\"\" class=\"has-border-color has-ast-global-color-7-border-color wp-image-30756\" style=\"border-width:1px;object-fit:cover;width:585px;height:auto\" srcset=\"https:\/\/projectes.xtec.cat\/digital\/wp-content\/uploads\/usu2317\/2024\/10\/13.-html-opcions-1024x474.png 1024w, https:\/\/projectes.xtec.cat\/digital\/wp-content\/uploads\/usu2317\/2024\/10\/13.-html-opcions-300x139.png 300w, https:\/\/projectes.xtec.cat\/digital\/wp-content\/uploads\/usu2317\/2024\/10\/13.-html-opcions-768x355.png 768w, https:\/\/projectes.xtec.cat\/digital\/wp-content\/uploads\/usu2317\/2024\/10\/13.-html-opcions-1536x710.png 1536w, https:\/\/projectes.xtec.cat\/digital\/wp-content\/uploads\/usu2317\/2024\/10\/13.-html-opcions.png 1665w\" sizes=\"auto, (max-width: 1024px) 100vw, 1024px\" \/><\/a><\/figure>\n<\/div>\n<\/div>\n\n\n\n<div style=\"height:100px\" aria-hidden=\"true\" class=\"wp-block-spacer\"><\/div>\n<\/div><\/div><\/div><\/div><\/div>\n","protected":false},"excerpt":{"rendered":"","protected":false},"author":1,"featured_media":0,"parent":15562,"menu_order":0,"comment_status":"closed","ping_status":"close","template":"","meta":{"site-sidebar-layout":"left-sidebar","site-content-layout":"","ast-site-content-layout":"default","site-content-style":"default","site-sidebar-style":"default","ast-global-header-display":"","ast-banner-title-visibility":"","ast-main-header-display":"","ast-hfb-above-header-display":"","ast-hfb-below-header-display":"","ast-hfb-mobile-header-display":"","site-post-title":"","ast-breadcrumbs-content":"","ast-featured-img":"","footer-sml-layout":"","theme-transparent-header-meta":"","adv-header-id-meta":"","stick-header-meta":"","header-above-stick-meta":"","header-main-stick-meta":"","header-below-stick-meta":"","astra-migrate-meta-layouts":"set","ast-page-background-enabled":"default","ast-page-background-meta":{"desktop":{"background-color":"var(--ast-global-color-4)","background-image":"","background-repeat":"repeat","background-position":"center center","background-size":"auto","background-attachment":"scroll","background-type":"","background-media":"","overlay-type":"","overlay-color":"","overlay-opacity":"","overlay-gradient":""},"tablet":{"background-color":"","background-image":"","background-repeat":"repeat","background-position":"center center","background-size":"auto","background-attachment":"scroll","background-type":"","background-media":"","overlay-type":"","overlay-color":"","overlay-opacity":"","overlay-gradient":""},"mobile":{"background-color":"","background-image":"","background-repeat":"repeat","background-position":"center center","background-size":"auto","background-attachment":"scroll","background-type":"","background-media":"","overlay-type":"","overlay-color":"","overlay-opacity":"","overlay-gradient":""}},"ast-content-background-meta":{"desktop":{"background-color":"var(--ast-global-color-5)","background-image":"","background-repeat":"repeat","background-position":"center center","background-size":"auto","background-attachment":"scroll","background-type":"","background-media":"","overlay-type":"","overlay-color":"","overlay-opacity":"","overlay-gradient":""},"tablet":{"background-color":"var(--ast-global-color-5)","background-image":"","background-repeat":"repeat","background-position":"center center","background-size":"auto","background-attachment":"scroll","background-type":"","background-media":"","overlay-type":"","overlay-color":"","overlay-opacity":"","overlay-gradient":""},"mobile":{"background-color":"var(--ast-global-color-5)","background-image":"","background-repeat":"repeat","background-position":"center center","background-size":"auto","background-attachment":"scroll","background-type":"","background-media":"","overlay-type":"","overlay-color":"","overlay-opacity":"","overlay-gradient":""}},"footnotes":""},"class_list":["post-30752","page","type-page","status-publish","hentry"],"post_mailing_queue_ids":[],"_links":{"self":[{"href":"https:\/\/projectes.xtec.cat\/digital\/wp-json\/wp\/v2\/pages\/30752","targetHints":{"allow":["GET"]}}],"collection":[{"href":"https:\/\/projectes.xtec.cat\/digital\/wp-json\/wp\/v2\/pages"}],"about":[{"href":"https:\/\/projectes.xtec.cat\/digital\/wp-json\/wp\/v2\/types\/page"}],"author":[{"embeddable":true,"href":"https:\/\/projectes.xtec.cat\/digital\/wp-json\/wp\/v2\/users\/1"}],"replies":[{"embeddable":true,"href":"https:\/\/projectes.xtec.cat\/digital\/wp-json\/wp\/v2\/comments?post=30752"}],"version-history":[{"count":5,"href":"https:\/\/projectes.xtec.cat\/digital\/wp-json\/wp\/v2\/pages\/30752\/revisions"}],"predecessor-version":[{"id":31334,"href":"https:\/\/projectes.xtec.cat\/digital\/wp-json\/wp\/v2\/pages\/30752\/revisions\/31334"}],"up":[{"embeddable":true,"href":"https:\/\/projectes.xtec.cat\/digital\/wp-json\/wp\/v2\/pages\/15562"}],"wp:attachment":[{"href":"https:\/\/projectes.xtec.cat\/digital\/wp-json\/wp\/v2\/media?parent=30752"}],"curies":[{"name":"wp","href":"https:\/\/api.w.org\/{rel}","templated":true}]}}