{"id":30837,"date":"2024-10-12T20:22:19","date_gmt":"2024-10-12T18:22:19","guid":{"rendered":"https:\/\/projectes.xtec.cat\/digital\/?page_id=30837"},"modified":"2024-10-12T20:23:04","modified_gmt":"2024-10-12T18:23:04","slug":"comunicacio-clara","status":"publish","type":"page","link":"https:\/\/projectes.xtec.cat\/digital\/serveis-digitals\/nodes\/consells-per-una-bona-comunicacio\/comunicacio-clara\/","title":{"rendered":"Comunicaci\u00f3 clara"},"content":{"rendered":"\n<p>La Direcci\u00f3 General de Serveis Digitals i Experi\u00e8ncia Ciutadana (DGSEC) va publicar a principis de 2024 un magn\u00edfic apartat a la seva <a href=\"https:\/\/atenciociutadana.gencat.cat\/ca\/comunicacio-clara\/\" data-type=\"link\" data-id=\"https:\/\/atenciociutadana.gencat.cat\/ca\/comunicacio-clara\/\">web amb molts consells i recursos<\/a>, incloent-hi la <strong>Guia de comunicaci\u00f3 clara<\/strong>.<\/p>\n\n\n\n<p><\/p>\n","protected":false},"excerpt":{"rendered":"<p>La Direcci\u00f3 General de Serveis Digitals i Experi\u00e8ncia Ciutadana (DGSEC) va publicar a principis de 2024 un magn\u00edfic apartat a la seva web amb molts consells i recursos, incloent-hi la Guia de comunicaci\u00f3 clara.<\/p>\n","protected":false},"author":1,"featured_media":0,"parent":10173,"menu_order":0,"comment_status":"closed","ping_status":"close","template":"","meta":{"site-sidebar-layout":"left-sidebar","site-content-layout":"","ast-site-content-layout":"default","site-content-style":"default","site-sidebar-style":"default","ast-global-header-display":"","ast-banner-title-visibility":"","ast-main-header-display":"","ast-hfb-above-header-display":"","ast-hfb-below-header-display":"","ast-hfb-mobile-header-display":"","site-post-title":"","ast-breadcrumbs-content":"","ast-featured-img":"","footer-sml-layout":"","theme-transparent-header-meta":"","adv-header-id-meta":"","stick-header-meta":"","header-above-stick-meta":"","header-main-stick-meta":"","header-below-stick-meta":"","astra-migrate-meta-layouts":"set","ast-page-background-enabled":"default","ast-page-background-meta":{"desktop":{"background-color":"var(--ast-global-color-4)","background-image":"","background-repeat":"repeat","background-position":"center center","background-size":"auto","background-attachment":"scroll","background-type":"","background-media":"","overlay-type":"","overlay-color":"","overlay-opacity":"","overlay-gradient":""},"tablet":{"background-color":"","background-image":"","background-repeat":"repeat","background-position":"center center","background-size":"auto","background-attachment":"scroll","background-type":"","background-media":"","overlay-type":"","overlay-color":"","overlay-opacity":"","overlay-gradient":""},"mobile":{"background-color":"","background-image":"","background-repeat":"repeat","background-position":"center center","background-size":"auto","background-attachment":"scroll","background-type":"","background-media":"","overlay-type":"","overlay-color":"","overlay-opacity":"","overlay-gradient":""}},"ast-content-background-meta":{"desktop":{"background-color":"var(--ast-global-color-5)","background-image":"","background-repeat":"repeat","background-position":"center center","background-size":"auto","background-attachment":"scroll","background-type":"","background-media":"","overlay-type":"","overlay-color":"","overlay-opacity":"","overlay-gradient":""},"tablet":{"background-color":"var(--ast-global-color-5)","background-image":"","background-repeat":"repeat","background-position":"center center","background-size":"auto","background-attachment":"scroll","background-type":"","background-media":"","overlay-type":"","overlay-color":"","overlay-opacity":"","overlay-gradient":""},"mobile":{"background-color":"var(--ast-global-color-5)","background-image":"","background-repeat":"repeat","background-position":"center center","background-size":"auto","background-attachment":"scroll","background-type":"","background-media":"","overlay-type":"","overlay-color":"","overlay-opacity":"","overlay-gradient":""}},"footnotes":""},"class_list":["post-30837","page","type-page","status-publish","hentry"],"post_mailing_queue_ids":[],"_links":{"self":[{"href":"https:\/\/projectes.xtec.cat\/digital\/wp-json\/wp\/v2\/pages\/30837","targetHints":{"allow":["GET"]}}],"collection":[{"href":"https:\/\/projectes.xtec.cat\/digital\/wp-json\/wp\/v2\/pages"}],"about":[{"href":"https:\/\/projectes.xtec.cat\/digital\/wp-json\/wp\/v2\/types\/page"}],"author":[{"embeddable":true,"href":"https:\/\/projectes.xtec.cat\/digital\/wp-json\/wp\/v2\/users\/1"}],"replies":[{"embeddable":true,"href":"https:\/\/projectes.xtec.cat\/digital\/wp-json\/wp\/v2\/comments?post=30837"}],"version-history":[{"count":1,"href":"https:\/\/projectes.xtec.cat\/digital\/wp-json\/wp\/v2\/pages\/30837\/revisions"}],"predecessor-version":[{"id":30838,"href":"https:\/\/projectes.xtec.cat\/digital\/wp-json\/wp\/v2\/pages\/30837\/revisions\/30838"}],"up":[{"embeddable":true,"href":"https:\/\/projectes.xtec.cat\/digital\/wp-json\/wp\/v2\/pages\/10173"}],"wp:attachment":[{"href":"https:\/\/projectes.xtec.cat\/digital\/wp-json\/wp\/v2\/media?parent=30837"}],"curies":[{"name":"wp","href":"https:\/\/api.w.org\/{rel}","templated":true}]}}