{"id":31843,"date":"2024-11-16T19:06:19","date_gmt":"2024-11-16T18:06:19","guid":{"rendered":"https:\/\/projectes.xtec.cat\/digital\/?page_id=31843"},"modified":"2025-11-27T09:23:01","modified_gmt":"2025-11-27T08:23:01","slug":"pautes-per-al-canvi","status":"publish","type":"page","link":"https:\/\/projectes.xtec.cat\/digital\/serveis-digitals\/nodes\/guia-de-nodes\/pautes-per-al-canvi\/","title":{"rendered":"Pautes per fer el canvi a Nodes 2"},"content":{"rendered":"\n<p class=\"paragraf-rodo has-background\" style=\"background-color:#cfe6e8\">Disponible a partir del 7 de gener de 2025 fins al setembre de 2026 (despr\u00e9s es migrar\u00e0 autom\u00e0ticament). Cada centre i servei educatiu pot triar quin \u00e9s el millor moment per fer el canvi. <\/p>\n\n\n\n<p>El nou tema gr\u00e0fic \u00e9s m\u00e9s modern i t\u00e9 un millor rendiment (carrega m\u00e9s de pressa). Inclou per defecte l&#8217;editor de blocs Gutenberg, que permet editar el contingut de manera m\u00e9s flexible i atractiva.<\/p>\n\n\n\n<h2 class=\"wp-block-heading\">Abans de fer el canvi<\/h2>\n\n\n\n<p>La p\u00e0gina inicial canvia bastant. On abans nom\u00e9s hi havia articles, ara trobareu un carrusel, un conjunt de targetes, un av\u00eds i un carrusel d&#8217;articles. Amb la vostra comissi\u00f3 digital, inicieu un proc\u00e9s de reflexi\u00f3 de com voleu que sigui la p\u00e0gina inicial del nou web:<\/p>\n\n\n\n<ol class=\"wp-block-list\">\n<li>\u26a0\ufe0f\u26a0\ufe0f\u26a0\ufe0f Si no teniu configurat un carrusel a la portada, heu de configurar-ne un temporalment per fer la migraci\u00f3. Si no teniu cap carrusel configurat, la migraci\u00f3 donar\u00e0 error.<\/li>\n\n\n\n<li>Prepareu una imatge del logo del vostre centre, seguint les recomanacions d&#8217;<a href=\"https:\/\/youtu.be\/hpPLzwCGcRo?si=kcRoskh0qijGdIXW&amp;t=75\">aquest v\u00eddeo<\/a>.<\/li>\n\n\n\n<li>Penseu quins dos enlla\u00e7os voleu afegir a la graella de botons (en moure el men\u00fa i el cercador al men\u00fa horitzontal cl\u00e0ssic, es guanyen dos botons).<\/li>\n\n\n\n<li>Penseu quin ser\u00e0 el contingut del carrusel de la p\u00e0gina d&#8217;inici. Per defecte, s&#8217;importaran les fotografies del carrusel de la cap\u00e7alera del Nodes 1. Si voleu canviar, seleccioneu 5 bones fotografies tenint en compte <a href=\"https:\/\/projectes.xtec.cat\/digital\/serveis-digitals\/nodes\/carrusel-imatges-de-la-pagina-inici\/\" target=\"_blank\" rel=\"noreferrer noopener\">aquestes recomanacions<\/a>.<\/li>\n\n\n\n<li>Penseu quins seran els 4 conceptes (i p\u00e0gines associades) que voleu enlla\u00e7ar a les 4 targetes. Seleccioneu amb antelaci\u00f3 quines seran les imatges. <\/li>\n\n\n\n<li>Si teniu ginys a la barra esquerra i\/o barra dreta, elimineu els que no siguin imprescindibles. A la nova versi\u00f3 de Nodes, la barra dreta desapareix i els ginys es mouen a l&#8217;esquerra. En general, \u00e9s convenient no sobrecarregar la p\u00e0gina inicial.<\/li>\n\n\n\n<li>Penseu si podeu moure algun giny al peu, convertir-ho en l&#8217;av\u00eds o afegir-ho a la p\u00e0gina d&#8217;inici (editant la p\u00e0gina d&#8217;inici).<\/li>\n\n\n\n<li>\u26a0\ufe0f Si teniu un calendari de Google a la portada de tipus &#8220;Calendari agregat&#8221; pot donar error, fent que la p\u00e0gina d&#8217;inici no es carregui. Utilitzeu un calendari de tipus &#8220;Calendari de Google&#8221;<\/li>\n<\/ol>\n\n\n\n<p class=\"paragraf-rodo has-background\" style=\"background-color:#cfe6e8\">\ud83d\udc49 Aprofiteu el canvi a Nodes 2 per <strong>repensar el web<\/strong>, eliminant o reduint elements que no siguin imprescindibles. <\/p>\n\n\n\n<h2 class=\"wp-block-heading\">Activar Nodes 2<\/h2>\n\n\n\n<p>El centre educatiu pot triar el moment per fer el canvi. Aneu al Tauler i localitzeu una caixa <strong>Nodes 2<\/strong>.<\/p>\n\n\n\n<figure class=\"wp-block-image aligncenter size-full is-resized\"><a href=\"https:\/\/projectes.xtec.cat\/digital\/wp-content\/uploads\/usu2317\/2024\/11\/Captura-de-pantalla-2024-11-16-a-les-20.07.29.png\"><img loading=\"lazy\" decoding=\"async\" width=\"464\" height=\"237\" src=\"https:\/\/projectes.xtec.cat\/digital\/wp-content\/uploads\/usu2317\/2024\/11\/Captura-de-pantalla-2024-11-16-a-les-20.07.29.png\" alt=\"Activa Nodes 2\n\" class=\"wp-image-31865\" style=\"width:396px;height:auto\" srcset=\"https:\/\/projectes.xtec.cat\/digital\/wp-content\/uploads\/usu2317\/2024\/11\/Captura-de-pantalla-2024-11-16-a-les-20.07.29.png 464w, https:\/\/projectes.xtec.cat\/digital\/wp-content\/uploads\/usu2317\/2024\/11\/Captura-de-pantalla-2024-11-16-a-les-20.07.29-300x153.png 300w\" sizes=\"auto, (max-width: 464px) 100vw, 464px\" \/><\/a><\/figure>\n\n\n\n<p>\ud83d\udc49 Si la caixa no apareix, aneu a la part superior, a <strong>Opcions de pantalla<\/strong> i seleccioneu &#8220;Nodes 2&#8221;.<\/p>\n\n\n\n<figure class=\"wp-block-image aligncenter size-full is-resized has-custom-border\"><a href=\"https:\/\/projectes.xtec.cat\/digital\/wp-content\/uploads\/usu2317\/2024\/11\/Captura-de-pantalla-2024-11-16-a-les-20.35.36.png\"><img loading=\"lazy\" decoding=\"async\" width=\"687\" height=\"115\" src=\"https:\/\/projectes.xtec.cat\/digital\/wp-content\/uploads\/usu2317\/2024\/11\/Captura-de-pantalla-2024-11-16-a-les-20.35.36.png\" alt=\"Captura Nodes2\" class=\"has-border-color has-ast-global-color-7-border-color wp-image-31868\" style=\"border-width:1px;width:587px;height:auto\" srcset=\"https:\/\/projectes.xtec.cat\/digital\/wp-content\/uploads\/usu2317\/2024\/11\/Captura-de-pantalla-2024-11-16-a-les-20.35.36.png 687w, https:\/\/projectes.xtec.cat\/digital\/wp-content\/uploads\/usu2317\/2024\/11\/Captura-de-pantalla-2024-11-16-a-les-20.35.36-300x50.png 300w\" sizes=\"auto, (max-width: 687px) 100vw, 687px\" \/><\/a><\/figure>\n\n\n\n<h2 class=\"wp-block-heading\">Despr\u00e9s de l&#8217;activaci\u00f3<\/h2>\n\n\n\n<ol class=\"wp-block-list\">\n<li>Si no apareix el logo del centre o voleu actualitzar-lo, definiu el nou logo. <\/li>\n\n\n\n<li>Definiu la titularitat del centre entre aquestes 2 opcions: CENTRE P\u00daBLIC o CENTRE CONCERTAT.<\/li>\n\n\n\n<li>Definiu els nous dos botons que han quedat lliures de la graella de botons. <\/li>\n\n\n\n<li>Reviseu que el men\u00fa principal s&#8217;hagi importat b\u00e9. <br>Si no \u00e9s aix\u00ed, aneu a <strong>Aparen\u00e7a<\/strong> -&gt; <strong>Men\u00fas<\/strong> i cerqueu el men\u00fa que voleu que sigui el men\u00fa principal. Marqueu-lo com a Men\u00fa principal. <\/li>\n<\/ol>\n\n\n\n<figure class=\"wp-block-image size-full\"><a href=\"https:\/\/projectes.xtec.cat\/digital\/wp-content\/uploads\/usu2317\/2024\/11\/menu-principal.png\"><img loading=\"lazy\" decoding=\"async\" width=\"647\" height=\"113\" src=\"https:\/\/projectes.xtec.cat\/digital\/wp-content\/uploads\/usu2317\/2024\/11\/menu-principal.png\" alt=\"Men\u00fa principal\" class=\"wp-image-31909\" srcset=\"https:\/\/projectes.xtec.cat\/digital\/wp-content\/uploads\/usu2317\/2024\/11\/menu-principal.png 647w, https:\/\/projectes.xtec.cat\/digital\/wp-content\/uploads\/usu2317\/2024\/11\/menu-principal-300x52.png 300w\" sizes=\"auto, (max-width: 647px) 100vw, 647px\" \/><\/a><\/figure>\n\n\n\n<ol start=\"5\" class=\"wp-block-list\">\n<li>Si no us apareix el carrusel de fotografies ni les targetes, reviseu que tingueu definida una p\u00e0gina d&#8217;inici: <\/li>\n<\/ol>\n\n\n\n<figure data-wp-context=\"{&quot;imageId&quot;:&quot;69e385ba4e1cf&quot;}\" data-wp-interactive=\"core\/image\" class=\"wp-block-image size-full is-resized has-custom-border wp-lightbox-container\"><img loading=\"lazy\" decoding=\"async\" width=\"862\" height=\"631\" data-wp-class--hide=\"state.isContentHidden\" data-wp-class--show=\"state.isContentVisible\" data-wp-init=\"callbacks.setButtonStyles\" data-wp-on-async--click=\"actions.showLightbox\" data-wp-on-async--load=\"callbacks.setButtonStyles\" data-wp-on-async-window--resize=\"callbacks.setButtonStyles\" src=\"https:\/\/projectes.xtec.cat\/digital\/wp-content\/uploads\/usu2317\/2025\/01\/pagina-inici.png\" alt=\"p\u00e0gina d'inici\" class=\"has-border-color has-cyan-bluish-gray-border-color wp-image-33375\" style=\"border-width:2px;width:656px;height:auto\" srcset=\"https:\/\/projectes.xtec.cat\/digital\/wp-content\/uploads\/usu2317\/2025\/01\/pagina-inici.png 862w, https:\/\/projectes.xtec.cat\/digital\/wp-content\/uploads\/usu2317\/2025\/01\/pagina-inici-300x220.png 300w, https:\/\/projectes.xtec.cat\/digital\/wp-content\/uploads\/usu2317\/2025\/01\/pagina-inici-768x562.png 768w\" sizes=\"auto, (max-width: 862px) 100vw, 862px\" \/><button\n\t\t\tclass=\"lightbox-trigger\"\n\t\t\ttype=\"button\"\n\t\t\taria-haspopup=\"dialog\"\n\t\t\taria-label=\"Amplia la imatge: p\u00e0gina d&#039;inici\"\n\t\t\tdata-wp-init=\"callbacks.initTriggerButton\"\n\t\t\tdata-wp-on-async--click=\"actions.showLightbox\"\n\t\t\tdata-wp-style--right=\"state.imageButtonRight\"\n\t\t\tdata-wp-style--top=\"state.imageButtonTop\"\n\t\t>\n\t\t\t<svg xmlns=\"http:\/\/www.w3.org\/2000\/svg\" width=\"12\" height=\"12\" fill=\"none\" viewBox=\"0 0 12 12\">\n\t\t\t\t<path fill=\"#fff\" d=\"M2 0a2 2 0 0 0-2 2v2h1.5V2a.5.5 0 0 1 .5-.5h2V0H2Zm2 10.5H2a.5.5 0 0 1-.5-.5V8H0v2a2 2 0 0 0 2 2h2v-1.5ZM8 12v-1.5h2a.5.5 0 0 0 .5-.5V8H12v2a2 2 0 0 1-2 2H8Zm2-12a2 2 0 0 1 2 2v2h-1.5V2a.5.5 0 0 0-.5-.5H8V0h2Z\" \/>\n\t\t\t<\/svg>\n\t\t<\/button><\/figure>\n\n\n\n<ol start=\"6\" class=\"wp-block-list\">\n<li>Reviseu que les fotografies del carrusel s&#8217;hagin carregat b\u00e9 o definiu-ne de noves.<\/li>\n\n\n\n<li>Si heu triat una disposici\u00f3 amb barra esquerra i teniu molts ginys, podeu moure els ginys al peu de la p\u00e0gina. Feu clic a Personalitza i trieu la zona on voleu afegir el giny. Mireu aquest v\u00eddeo (sense veu) on es pot veure com es crea un giny al peu. <\/li>\n<\/ol>\n\n\n\n<figure class=\"wp-block-embed is-type-video is-provider-youtube wp-block-embed-youtube wp-embed-aspect-16-9 wp-has-aspect-ratio\"><div class=\"wp-block-embed__wrapper\">\n<div class=\"ast-oembed-container \" style=\"height: 100%;\"><iframe loading=\"lazy\" title=\"Giny al peu\" width=\"500\" height=\"281\" src=\"https:\/\/www.youtube.com\/embed\/-QM5reI0_38?feature=oembed\" frameborder=\"0\" allow=\"accelerometer; autoplay; clipboard-write; encrypted-media; gyroscope; picture-in-picture; web-share\" referrerpolicy=\"strict-origin-when-cross-origin\" allowfullscreen><\/iframe><\/div>\n<\/div><\/figure>\n\n\n\n<div style=\"height:0px\" aria-hidden=\"true\" class=\"wp-block-spacer\"><\/div>\n\n\n\n<div style=\"height:30px\" aria-hidden=\"true\" class=\"wp-block-spacer\"><\/div>\n\n\n\n<h2 class=\"wp-block-heading\">Retrocompatibilitat amb el contingut antic<\/h2>\n\n\n\n<p>I qu\u00e8 passa amb el contingut de les p\u00e0gines i articles que no estan fets amb blocs? I amb els carrusels i pestanyes antigues? S\u00f3n compatibles?<\/p>\n\n\n\n<figure class=\"wp-block-embed is-type-video is-provider-youtube wp-block-embed-youtube wp-embed-aspect-16-9 wp-has-aspect-ratio\"><div class=\"wp-block-embed__wrapper\">\n<div class=\"ast-oembed-container \" style=\"height: 100%;\"><iframe loading=\"lazy\" title=\"2.Nodes: Retrocompatibilitat\" width=\"500\" height=\"281\" src=\"https:\/\/www.youtube.com\/embed\/MlqJoKJ_9lg?feature=oembed\" frameborder=\"0\" allow=\"accelerometer; autoplay; clipboard-write; encrypted-media; gyroscope; picture-in-picture; web-share\" referrerpolicy=\"strict-origin-when-cross-origin\" allowfullscreen><\/iframe><\/div>\n<\/div><\/figure>\n\n\n\n<div style=\"height:52px\" aria-hidden=\"true\" class=\"wp-block-spacer\"><\/div>\n","protected":false},"excerpt":{"rendered":"<p>Disponible a partir del 7 de gener de 2025 fins al setembre de 2026 (despr\u00e9s es migrar\u00e0 autom\u00e0ticament). Cada centre i servei educatiu pot triar quin \u00e9s el millor moment per fer el canvi. El nou tema gr\u00e0fic \u00e9s m\u00e9s modern i t\u00e9 un millor rendiment (carrega m\u00e9s de pressa). Inclou per defecte l&#8217;editor de [&hellip;]<\/p>\n","protected":false},"author":1,"featured_media":0,"parent":31739,"menu_order":0,"comment_status":"closed","ping_status":"close","template":"","meta":{"site-sidebar-layout":"left-sidebar","site-content-layout":"","ast-site-content-layout":"default","site-content-style":"default","site-sidebar-style":"default","ast-global-header-display":"","ast-banner-title-visibility":"","ast-main-header-display":"","ast-hfb-above-header-display":"","ast-hfb-below-header-display":"","ast-hfb-mobile-header-display":"","site-post-title":"","ast-breadcrumbs-content":"","ast-featured-img":"","footer-sml-layout":"","theme-transparent-header-meta":"","adv-header-id-meta":"","stick-header-meta":"","header-above-stick-meta":"","header-main-stick-meta":"","header-below-stick-meta":"","astra-migrate-meta-layouts":"set","ast-page-background-enabled":"default","ast-page-background-meta":{"desktop":{"background-color":"var(--ast-global-color-4)","background-image":"","background-repeat":"repeat","background-position":"center center","background-size":"auto","background-attachment":"scroll","background-type":"","background-media":"","overlay-type":"","overlay-color":"","overlay-opacity":"","overlay-gradient":""},"tablet":{"background-color":"","background-image":"","background-repeat":"repeat","background-position":"center center","background-size":"auto","background-attachment":"scroll","background-type":"","background-media":"","overlay-type":"","overlay-color":"","overlay-opacity":"","overlay-gradient":""},"mobile":{"background-color":"","background-image":"","background-repeat":"repeat","background-position":"center center","background-size":"auto","background-attachment":"scroll","background-type":"","background-media":"","overlay-type":"","overlay-color":"","overlay-opacity":"","overlay-gradient":""}},"ast-content-background-meta":{"desktop":{"background-color":"var(--ast-global-color-5)","background-image":"","background-repeat":"repeat","background-position":"center center","background-size":"auto","background-attachment":"scroll","background-type":"","background-media":"","overlay-type":"","overlay-color":"","overlay-opacity":"","overlay-gradient":""},"tablet":{"background-color":"var(--ast-global-color-5)","background-image":"","background-repeat":"repeat","background-position":"center center","background-size":"auto","background-attachment":"scroll","background-type":"","background-media":"","overlay-type":"","overlay-color":"","overlay-opacity":"","overlay-gradient":""},"mobile":{"background-color":"var(--ast-global-color-5)","background-image":"","background-repeat":"repeat","background-position":"center center","background-size":"auto","background-attachment":"scroll","background-type":"","background-media":"","overlay-type":"","overlay-color":"","overlay-opacity":"","overlay-gradient":""}},"footnotes":""},"class_list":["post-31843","page","type-page","status-publish","hentry"],"post_mailing_queue_ids":[],"_links":{"self":[{"href":"https:\/\/projectes.xtec.cat\/digital\/wp-json\/wp\/v2\/pages\/31843","targetHints":{"allow":["GET"]}}],"collection":[{"href":"https:\/\/projectes.xtec.cat\/digital\/wp-json\/wp\/v2\/pages"}],"about":[{"href":"https:\/\/projectes.xtec.cat\/digital\/wp-json\/wp\/v2\/types\/page"}],"author":[{"embeddable":true,"href":"https:\/\/projectes.xtec.cat\/digital\/wp-json\/wp\/v2\/users\/1"}],"replies":[{"embeddable":true,"href":"https:\/\/projectes.xtec.cat\/digital\/wp-json\/wp\/v2\/comments?post=31843"}],"version-history":[{"count":6,"href":"https:\/\/projectes.xtec.cat\/digital\/wp-json\/wp\/v2\/pages\/31843\/revisions"}],"predecessor-version":[{"id":38010,"href":"https:\/\/projectes.xtec.cat\/digital\/wp-json\/wp\/v2\/pages\/31843\/revisions\/38010"}],"up":[{"embeddable":true,"href":"https:\/\/projectes.xtec.cat\/digital\/wp-json\/wp\/v2\/pages\/31739"}],"wp:attachment":[{"href":"https:\/\/projectes.xtec.cat\/digital\/wp-json\/wp\/v2\/media?parent=31843"}],"curies":[{"name":"wp","href":"https:\/\/api.w.org\/{rel}","templated":true}]}}