{"id":32925,"date":"2024-12-03T19:26:30","date_gmt":"2024-12-03T18:26:30","guid":{"rendered":"https:\/\/projectes.xtec.cat\/digital\/?page_id=32925"},"modified":"2025-03-25T09:12:07","modified_gmt":"2025-03-25T08:12:07","slug":"preguntes-frequents","status":"publish","type":"page","link":"https:\/\/projectes.xtec.cat\/digital\/equipaments-i-infraestructures\/panells-digitals\/mdm\/preguntes-frequents\/","title":{"rendered":"Preguntes freq\u00fcents i servei t\u00e8cnic"},"content":{"rendered":"\n<h2 class=\"wp-block-heading\">Preguntes freq\u00fcents<\/h2>\n\n\n\n<div class=\"wp-block-getwid-accordion has-icon-left\" data-active-element=\"none\">\n<div class=\"wp-block-getwid-accordion__header-wrapper\"><span class=\"wp-block-getwid-accordion__header\"><a href=\"#\"><span class=\"wp-block-getwid-accordion__header-title\">No veig tots els panells digitals del meu centre<\/span><span class=\"wp-block-getwid-accordion__icon is-active\"><i class=\"fas fa-chevron-down\"><\/i><\/span><span class=\"wp-block-getwid-accordion__icon is-passive\"><i class=\"fas fa-chevron-up\"><\/i><\/span><\/a><\/span><\/div><div class=\"wp-block-getwid-accordion__content-wrapper\"><div class=\"wp-block-getwid-accordion__content\">\n<p><\/p>\n<\/div><\/div>\n\n\n\n<div class=\"wp-block-getwid-accordion__header-wrapper\"><span class=\"wp-block-getwid-accordion__header\"><a href=\"#\"><span class=\"wp-block-getwid-accordion__header-title\">No veig cap panell digital <\/span><span class=\"wp-block-getwid-accordion__icon is-active\"><i class=\"fas fa-chevron-down\"><\/i><\/span><span class=\"wp-block-getwid-accordion__icon is-passive\"><i class=\"fas fa-chevron-up\"><\/i><\/span><\/a><\/span><\/div><div class=\"wp-block-getwid-accordion__content-wrapper\"><div class=\"wp-block-getwid-accordion__content\">\n<p><\/p>\n<\/div><\/div>\n<\/div>\n\n\n\n<p class=\"paragraf-rodo has-background\" style=\"background-color:#cfe6e8\">Pr\u00f2ximament. <\/p>\n\n\n\n<h2 class=\"wp-block-heading\">En cas d&#8217;incid\u00e8ncia<\/h2>\n\n\n\n<ul class=\"wp-block-list\">\n<li>Tel\u00e8fon: <strong>900 82 82 82 (opci\u00f3 4)<\/strong><\/li>\n\n\n\n<li>Us demanaran Correu XTEC, nom\u00e9s es tractaran incid\u00e8ncies d&#8217;usuaris amb rol de INTUNE_TOTAL<\/li>\n<\/ul>\n\n\n\n<div style=\"height:33px\" aria-hidden=\"true\" class=\"wp-block-spacer\"><\/div>\n\n\n\n<div class=\"wp-block-getwid-section alignfull alignfull\"><div class=\"wp-block-getwid-section__wrapper\"><div class=\"wp-block-getwid-section__inner-wrapper\"><div class=\"wp-block-getwid-section__background-holder\"><div class=\"wp-block-getwid-section__background has-background has-ast-global-color-4-background-color\"><\/div><div class=\"wp-block-getwid-section__foreground\"><\/div><\/div><div class=\"wp-block-getwid-section__content\"><div class=\"wp-block-getwid-section__inner-content\">\n<div style=\"height:50px\" aria-hidden=\"true\" class=\"wp-block-spacer\"><\/div>\n\n\n\n<h2 class=\"wp-block-heading alignwide\">Xarxa docent NUS<\/h2>\n\n\n\n<div class=\"wp-block-columns alignwide is-layout-flex wp-container-core-columns-is-layout-1 wp-block-columns-is-layout-flex\">\n<div class=\"wp-block-column is-layout-flow wp-block-column-is-layout-flow\">\n<h3 class=\"wp-block-heading\">Darreres converses<\/h3>\n\n\n<div class='nus_topics'><span class=\"nus_data\">19.02.26<\/span> <a target=\"_blank\" href=\"https:\/\/comunitat.edigital.cat\/t\/versio-microprogramari-pantalles-digitals-a-radix\/44545\">Versi\u00f3 Microprogramari pantalles digitals a RADIX<\/a><br><span class=\"nus_data\">02.12.25<\/span> <a target=\"_blank\" href=\"https:\/\/comunitat.edigital.cat\/t\/problemes-dacces-al-radix\/43663\">Problemes d'acc\u00e9s al radix<\/a><br><span class=\"nus_data\">02.12.25<\/span> <a target=\"_blank\" href=\"https:\/\/comunitat.edigital.cat\/t\/no-puc-entrar-a-radix\/38603\">No puc entrar a RADIX<\/a><br><span class=\"nus_data\">14.10.25<\/span> <a target=\"_blank\" href=\"https:\/\/comunitat.edigital.cat\/t\/us-de-plataforma-per-gestio-de-dispositius\/42594\">\u00das de plataforma per gesti\u00f3 de dispositius<\/a><br><span class=\"nus_data\">06.10.25<\/span> <a target=\"_blank\" href=\"https:\/\/comunitat.edigital.cat\/t\/radix-panells-sense-nom-sace\/39969\">Radix - panells sense nom \/ sace<\/a><br><span class=\"nus_data\">01.09.25<\/span> <a target=\"_blank\" href=\"https:\/\/comunitat.edigital.cat\/t\/radix-i-les-ordres-pendents\/41383\">Radix i les ordres pendents<\/a><br><span class=\"nus_data\">19.05.25<\/span> <a target=\"_blank\" href=\"https:\/\/comunitat.edigital.cat\/t\/no-mapareixen-dispositius-a-radix\/39303\">No m'apareixen dispositius a RADIX<\/a><br><span class=\"nus_data\">22.04.25<\/span> <a target=\"_blank\" href=\"https:\/\/comunitat.edigital.cat\/t\/enroll-dispositius-radix\/39643\">Enroll dispositius radix<\/a><br><span class=\"nus_data\">02.04.25<\/span> <a target=\"_blank\" href=\"https:\/\/comunitat.edigital.cat\/t\/estat-dels-dispositius-a-radix\/37461\">Estat dels dispositius a RADIX<\/a><br><span class=\"nus_data\">19.03.25<\/span> <a target=\"_blank\" href=\"https:\/\/comunitat.edigital.cat\/t\/formacio-radix\/39678\">Formaci\u00f3 Radix<\/a><br><\/div>\n<\/div>\n\n\n\n<div class=\"wp-block-column is-layout-flow wp-block-column-is-layout-flow\">\n<h3 class=\"wp-block-heading\">Converses m\u00e9s vistes<\/h3>\n\n\n<div class='nus_topics'><span class=\"nus_data\">02.12.25<\/span> <a target=\"_blank\" href=\"https:\/\/comunitat.edigital.cat\/t\/no-puc-entrar-a-radix\/38603\">No puc entrar a RADIX<\/a><br><span class=\"nus_data\">02.04.25<\/span> <a target=\"_blank\" href=\"https:\/\/comunitat.edigital.cat\/t\/estat-dels-dispositius-a-radix\/37461\">Estat dels dispositius a RADIX<\/a><br><span class=\"nus_data\">19.05.25<\/span> <a target=\"_blank\" href=\"https:\/\/comunitat.edigital.cat\/t\/no-mapareixen-dispositius-a-radix\/39303\">No m'apareixen dispositius a RADIX<\/a><br><span class=\"nus_data\">22.04.25<\/span> <a target=\"_blank\" href=\"https:\/\/comunitat.edigital.cat\/t\/enroll-dispositius-radix\/39643\">Enroll dispositius radix<\/a><br><span class=\"nus_data\">10.12.24<\/span> <a target=\"_blank\" href=\"https:\/\/comunitat.edigital.cat\/t\/sobre-la-formacio-radix-nomes-synetech\/37104\">Sobre la formaci\u00f3 RADIX (nom\u00e9s Synetech)<\/a><br><span class=\"nus_data\">21.01.25<\/span> <a target=\"_blank\" href=\"https:\/\/comunitat.edigital.cat\/t\/dispositius-radix\/38425\">Dispositius RADIX<\/a><br><span class=\"nus_data\">19.03.25<\/span> <a target=\"_blank\" href=\"https:\/\/comunitat.edigital.cat\/t\/formacio-radix\/39678\">Formaci\u00f3 Radix<\/a><br><span class=\"nus_data\">06.10.25<\/span> <a target=\"_blank\" href=\"https:\/\/comunitat.edigital.cat\/t\/radix-panells-sense-nom-sace\/39969\">Radix - panells sense nom \/ sace<\/a><br><span class=\"nus_data\">11.02.25<\/span> <a target=\"_blank\" href=\"https:\/\/comunitat.edigital.cat\/t\/visita-a-centre-per-a-configuracio-de-newline-display-management\/38919\">Visita a centre per a configuraci\u00f3 de Newline Display Management +<\/a><br><span class=\"nus_data\">14.10.25<\/span> <a target=\"_blank\" href=\"https:\/\/comunitat.edigital.cat\/t\/us-de-plataforma-per-gestio-de-dispositius\/42594\">\u00das de plataforma per gesti\u00f3 de dispositius<\/a><br><\/div>\n<\/div>\n<\/div>\n\n\n\n<div style=\"height:100px\" aria-hidden=\"true\" class=\"wp-block-spacer\"><\/div>\n<\/div><\/div><\/div><\/div><\/div>\n","protected":false},"excerpt":{"rendered":"<p>Preguntes freq\u00fcents Pr\u00f2ximament. En cas d&#8217;incid\u00e8ncia<\/p>\n","protected":false},"author":1,"featured_media":0,"parent":31916,"menu_order":0,"comment_status":"closed","ping_status":"close","template":"","meta":{"site-sidebar-layout":"left-sidebar","site-content-layout":"","ast-site-content-layout":"default","site-content-style":"default","site-sidebar-style":"default","ast-global-header-display":"","ast-banner-title-visibility":"","ast-main-header-display":"","ast-hfb-above-header-display":"","ast-hfb-below-header-display":"","ast-hfb-mobile-header-display":"","site-post-title":"","ast-breadcrumbs-content":"","ast-featured-img":"","footer-sml-layout":"","theme-transparent-header-meta":"","adv-header-id-meta":"","stick-header-meta":"","header-above-stick-meta":"","header-main-stick-meta":"","header-below-stick-meta":"","astra-migrate-meta-layouts":"set","ast-page-background-enabled":"default","ast-page-background-meta":{"desktop":{"background-color":"var(--ast-global-color-4)","background-image":"","background-repeat":"repeat","background-position":"center center","background-size":"auto","background-attachment":"scroll","background-type":"","background-media":"","overlay-type":"","overlay-color":"","overlay-opacity":"","overlay-gradient":""},"tablet":{"background-color":"","background-image":"","background-repeat":"repeat","background-position":"center center","background-size":"auto","background-attachment":"scroll","background-type":"","background-media":"","overlay-type":"","overlay-color":"","overlay-opacity":"","overlay-gradient":""},"mobile":{"background-color":"","background-image":"","background-repeat":"repeat","background-position":"center center","background-size":"auto","background-attachment":"scroll","background-type":"","background-media":"","overlay-type":"","overlay-color":"","overlay-opacity":"","overlay-gradient":""}},"ast-content-background-meta":{"desktop":{"background-color":"var(--ast-global-color-5)","background-image":"","background-repeat":"repeat","background-position":"center center","background-size":"auto","background-attachment":"scroll","background-type":"","background-media":"","overlay-type":"","overlay-color":"","overlay-opacity":"","overlay-gradient":""},"tablet":{"background-color":"var(--ast-global-color-5)","background-image":"","background-repeat":"repeat","background-position":"center center","background-size":"auto","background-attachment":"scroll","background-type":"","background-media":"","overlay-type":"","overlay-color":"","overlay-opacity":"","overlay-gradient":""},"mobile":{"background-color":"var(--ast-global-color-5)","background-image":"","background-repeat":"repeat","background-position":"center center","background-size":"auto","background-attachment":"scroll","background-type":"","background-media":"","overlay-type":"","overlay-color":"","overlay-opacity":"","overlay-gradient":""}},"footnotes":""},"class_list":["post-32925","page","type-page","status-publish","hentry"],"post_mailing_queue_ids":[],"_links":{"self":[{"href":"https:\/\/projectes.xtec.cat\/digital\/wp-json\/wp\/v2\/pages\/32925","targetHints":{"allow":["GET"]}}],"collection":[{"href":"https:\/\/projectes.xtec.cat\/digital\/wp-json\/wp\/v2\/pages"}],"about":[{"href":"https:\/\/projectes.xtec.cat\/digital\/wp-json\/wp\/v2\/types\/page"}],"author":[{"embeddable":true,"href":"https:\/\/projectes.xtec.cat\/digital\/wp-json\/wp\/v2\/users\/1"}],"replies":[{"embeddable":true,"href":"https:\/\/projectes.xtec.cat\/digital\/wp-json\/wp\/v2\/comments?post=32925"}],"version-history":[{"count":6,"href":"https:\/\/projectes.xtec.cat\/digital\/wp-json\/wp\/v2\/pages\/32925\/revisions"}],"predecessor-version":[{"id":34774,"href":"https:\/\/projectes.xtec.cat\/digital\/wp-json\/wp\/v2\/pages\/32925\/revisions\/34774"}],"up":[{"embeddable":true,"href":"https:\/\/projectes.xtec.cat\/digital\/wp-json\/wp\/v2\/pages\/31916"}],"wp:attachment":[{"href":"https:\/\/projectes.xtec.cat\/digital\/wp-json\/wp\/v2\/media?parent=32925"}],"curies":[{"name":"wp","href":"https:\/\/api.w.org\/{rel}","templated":true}]}}