{"id":33240,"date":"2024-12-16T12:07:25","date_gmt":"2024-12-16T11:07:25","guid":{"rendered":"https:\/\/projectes.xtec.cat\/digital\/?page_id=33240"},"modified":"2025-05-06T09:41:23","modified_gmt":"2025-05-06T07:41:23","slug":"1-acces-al-panell","status":"publish","type":"page","link":"https:\/\/projectes.xtec.cat\/digital\/equipaments-i-infraestructures\/panells-digitals\/panell-newline\/manual-dus-del-panell-digital-newline\/1-acces-al-panell\/","title":{"rendered":"1. Acc\u00e9s al panell"},"content":{"rendered":"\n<p class=\"has-text-align-center has-background has-medium-font-size\" style=\"background-color:#ffcdcd\"><img loading=\"lazy\" decoding=\"async\" width=\"30\" height=\"30\" class=\"wp-image-36156\" style=\"width: 30px;\" src=\"https:\/\/projectes.xtec.cat\/digital\/wp-content\/uploads\/usu2317\/2025\/05\/ChatGPT-Image-6-de-maig-del-2025-09_17_38.png\" alt=\"\" srcset=\"https:\/\/projectes.xtec.cat\/digital\/wp-content\/uploads\/usu2317\/2025\/05\/ChatGPT-Image-6-de-maig-del-2025-09_17_38.png 1024w, https:\/\/projectes.xtec.cat\/digital\/wp-content\/uploads\/usu2317\/2025\/05\/ChatGPT-Image-6-de-maig-del-2025-09_17_38-300x300.png 300w, https:\/\/projectes.xtec.cat\/digital\/wp-content\/uploads\/usu2317\/2025\/05\/ChatGPT-Image-6-de-maig-del-2025-09_17_38-150x150.png 150w, https:\/\/projectes.xtec.cat\/digital\/wp-content\/uploads\/usu2317\/2025\/05\/ChatGPT-Image-6-de-maig-del-2025-09_17_38-768x768.png 768w\" sizes=\"auto, (max-width: 30px) 100vw, 30px\" \/> Aquesta informaci\u00f3 aplica a partir de la versi\u00f3 V2.2.33 (20250326091719)<\/p>\n\n\n\n<div class=\"wp-block-getwid-section alignfull alignfull\"><div class=\"wp-block-getwid-section__wrapper\"><div class=\"wp-block-getwid-section__inner-wrapper\"><div class=\"wp-block-getwid-section__background-holder\"><div class=\"wp-block-getwid-section__background\"><\/div><div class=\"wp-block-getwid-section__foreground\"><\/div><\/div><div class=\"wp-block-getwid-section__content\"><div class=\"wp-block-getwid-section__inner-content\">\n<h2 class=\"wp-block-heading alignwide\">1.1. Tipus d\u2019acc\u00e9s&nbsp;<\/h2>\n\n\n\n<p>El panell t\u00e9 diversos rols d\u2019acc\u00e9s:&nbsp;<\/p>\n\n\n\n<p><strong>Rol administrador<\/strong> <strong>o Propietari<\/strong>&nbsp;<\/p>\n\n\n\n<p>L\u2019administrador \u00e9s un \u00fanic perfil amb privilegis que permet gestionar i configurar el panell i els seus usuaris. T\u00e9 acc\u00e9s complet a les funcions del dispositiu i pot fer canvis en la configuraci\u00f3 i en les pol\u00edtiques de seguretat.&nbsp;<\/p>\n\n\n\n<p>L\u2019usuari Propietari est\u00e0 protegit per codi PIN. Aquest usuari t\u00e9 la sessi\u00f3 iniciada d\u2019un compte XTEC (Google) que permet fer tasques de control i gesti\u00f3 de manera remota als panells per part del servei t\u00e8cnic. Aquest compte \u00e9s un compte gen\u00e8ric pel panell i no t\u00e9 cap altre \u00fas o interacci\u00f3 amb el panell que aquella que permet vincular el dispositiu al sistema de gesti\u00f3 remota, al MDM de Google Workspace propi del Departament d\u2019Educaci\u00f3.&nbsp;<\/p>\n\n\n\n<p><strong>Rol usuari identificat<\/strong>&nbsp;<\/p>\n\n\n\n<p>Cada usuari pot personalitzar el seu perfil i associar-lo a diferents aplicacions, contactes i arxius personals. Aquestes dades s\u00f3n privades i inaccessibles per als altres usuaris. Es pot configurar un PIN d\u2019acc\u00e9s al panell (num\u00e8ric o gr\u00e0fic) i els usuaris tamb\u00e9 poden vincular la seva sessi\u00f3 amb un compte de Google.&nbsp;&nbsp;<\/p>\n<\/div><\/div><\/div><\/div><\/div>\n\n\n\n<div class=\"wp-block-getwid-section alignfull alignfull\"><div class=\"wp-block-getwid-section__wrapper\"><div class=\"wp-block-getwid-section__inner-wrapper\"><div class=\"wp-block-getwid-section__background-holder\"><div class=\"wp-block-getwid-section__background has-background has-ast-global-color-4-background-color\"><\/div><div class=\"wp-block-getwid-section__foreground\"><\/div><\/div><div class=\"wp-block-getwid-section__content\"><div class=\"wp-block-getwid-section__inner-content\">\n<h2 class=\"wp-block-heading alignwide\">1.2. Creaci\u00f3 d\u2019un nou usuari&nbsp;<\/h2>\n\n\n\n<p>Es poden crear usuaris amb dos m\u00e8todes diferents:&nbsp;&nbsp;<\/p>\n\n\n\n<ul class=\"wp-block-list\">\n<li><strong>Des del panell<\/strong>: des de l\u2019usuari propietari. Com s\u2019ha mencionat anteriorment, l\u2019usuari propietari deixar\u00e0 d\u2019estar accessible als panells. Per tant, \u00e9s el segon m\u00e8tode el que es far\u00e0 servir per la creaci\u00f3 de nous usuaris als panells, un cop el propietari estigui restringit.&nbsp;<\/li>\n<\/ul>\n\n\n\n<ul class=\"wp-block-list\">\n<li><strong>Des de RADIX<\/strong>: RADIX \u00e9s el sistema que permet gestionar de manera centralitzada tauletes i panells digitals Android, que s\u2019han desplegat del projecte MRR. A trav\u00e9s d&#8217;una eina en l\u00ednia permet la monitoritzaci\u00f3 dels dispositius, la creaci\u00f3 d&#8217;usuaris remota i la instal\u00b7laci\u00f3 d&#8217;aplicacions.&nbsp;<\/li>\n<\/ul>\n\n\n\n<p>A continuaci\u00f3 s\u2019expliquen en detall els dos m\u00e8todes:&nbsp;&nbsp;<\/p>\n\n\n\n<div class=\"wp-block-getwid-accordion has-icon-left\" data-active-element=\"none\">\n<div class=\"wp-block-getwid-accordion__header-wrapper\"><span class=\"wp-block-getwid-accordion__header\"><a href=\"#\"><span class=\"wp-block-getwid-accordion__header-title\">1.2.1. Creaci\u00f3 d\u2019usuari mitjan\u00e7ant l\u2019usuari propietari<\/span><span class=\"wp-block-getwid-accordion__icon is-active\"><i class=\"fas fa-chevron-down\"><\/i><\/span><span class=\"wp-block-getwid-accordion__icon is-passive\"><i class=\"fas fa-chevron-up\"><\/i><\/span><\/a><\/span><\/div><div class=\"wp-block-getwid-accordion__content-wrapper\"><div class=\"wp-block-getwid-accordion__content\">\n<p>Nom\u00e9s l\u2019usuari propietari pot crear un nou usuari. Per fer-ho, cal seguir les seg\u00fcents indicacions:&nbsp;<\/p>\n\n\n\n<ol class=\"wp-block-list\" start=\"1\">\n<li>A la pantalla d\u2019inici, s\u2019ha de lliscar amb el dit cap avall fins que apareguin les opcions de configuraci\u00f3. A continuaci\u00f3, cal clicar sobre la icona vermella d\u2019una persona situada a la part inferior de la pantalla.&nbsp;<\/li>\n<\/ol>\n\n\n\n<figure data-wp-context=\"{&quot;imageId&quot;:&quot;69f2847711f84&quot;}\" data-wp-interactive=\"core\/image\" class=\"wp-block-image aligncenter size-full is-resized is-style-default wp-lightbox-container\"><img loading=\"lazy\" decoding=\"async\" width=\"987\" height=\"522\" data-wp-class--hide=\"state.isContentHidden\" data-wp-class--show=\"state.isContentVisible\" data-wp-init=\"callbacks.setButtonStyles\" data-wp-on-async--click=\"actions.showLightbox\" data-wp-on-async--load=\"callbacks.setButtonStyles\" data-wp-on-async-window--resize=\"callbacks.setButtonStyles\" src=\"https:\/\/projectes.xtec.cat\/digital\/wp-content\/uploads\/usu2317\/2025\/04\/Pantalla-inici.jpg\" alt=\"\" class=\"wp-image-35872\" style=\"width:681px;height:auto\" srcset=\"https:\/\/projectes.xtec.cat\/digital\/wp-content\/uploads\/usu2317\/2025\/04\/Pantalla-inici.jpg 987w, https:\/\/projectes.xtec.cat\/digital\/wp-content\/uploads\/usu2317\/2025\/04\/Pantalla-inici-300x159.jpg 300w, https:\/\/projectes.xtec.cat\/digital\/wp-content\/uploads\/usu2317\/2025\/04\/Pantalla-inici-768x406.jpg 768w\" sizes=\"auto, (max-width: 987px) 100vw, 987px\" \/><button\n\t\t\tclass=\"lightbox-trigger\"\n\t\t\ttype=\"button\"\n\t\t\taria-haspopup=\"dialog\"\n\t\t\taria-label=\"Amplia la imatge\"\n\t\t\tdata-wp-init=\"callbacks.initTriggerButton\"\n\t\t\tdata-wp-on-async--click=\"actions.showLightbox\"\n\t\t\tdata-wp-style--right=\"state.imageButtonRight\"\n\t\t\tdata-wp-style--top=\"state.imageButtonTop\"\n\t\t>\n\t\t\t<svg xmlns=\"http:\/\/www.w3.org\/2000\/svg\" width=\"12\" height=\"12\" fill=\"none\" viewBox=\"0 0 12 12\">\n\t\t\t\t<path fill=\"#fff\" d=\"M2 0a2 2 0 0 0-2 2v2h1.5V2a.5.5 0 0 1 .5-.5h2V0H2Zm2 10.5H2a.5.5 0 0 1-.5-.5V8H0v2a2 2 0 0 0 2 2h2v-1.5ZM8 12v-1.5h2a.5.5 0 0 0 .5-.5V8H12v2a2 2 0 0 1-2 2H8Zm2-12a2 2 0 0 1 2 2v2h-1.5V2a.5.5 0 0 0-.5-.5H8V0h2Z\" \/>\n\t\t\t<\/svg>\n\t\t<\/button><\/figure>\n\n\n\n<div style=\"height:10px\" aria-hidden=\"true\" class=\"wp-block-spacer\"><\/div>\n\n\n\n<ol class=\"wp-block-list\" start=\"2\">\n<li>Apareix una finestra emergent amb tots els usuaris, un usuari convidat i l\u2019opci\u00f3 \u201cafegeix un usuari\u201d. Cal seleccionar aquesta darrera opci\u00f3.&nbsp;<\/li>\n<\/ol>\n\n\n\n<figure class=\"wp-block-image aligncenter size-full has-custom-border is-style-default\"><img loading=\"lazy\" decoding=\"async\" width=\"275\" height=\"175\" src=\"https:\/\/projectes.xtec.cat\/digital\/wp-content\/uploads\/usu2317\/2025\/04\/image-23.png\" alt=\"\" class=\"has-border-color has-cyan-bluish-gray-border-color wp-image-35620\" style=\"border-width:1px\"\/><\/figure>\n\n\n\n<div style=\"height:10px\" aria-hidden=\"true\" class=\"wp-block-spacer\"><\/div>\n\n\n\n<ol class=\"wp-block-list\" start=\"3\">\n<li>A continuaci\u00f3, apareix un missatge emergent que pregunta si es vol crear un nou usuari. Cal seleccionar \u201cd\u2019acord\u201d.&nbsp;<\/li>\n<\/ol>\n\n\n\n<figure class=\"wp-block-image aligncenter size-full is-style-default\"><img loading=\"lazy\" decoding=\"async\" width=\"356\" height=\"193\" src=\"https:\/\/projectes.xtec.cat\/digital\/wp-content\/uploads\/usu2317\/2025\/04\/image-24.png\" alt=\"\" class=\"wp-image-35621\" srcset=\"https:\/\/projectes.xtec.cat\/digital\/wp-content\/uploads\/usu2317\/2025\/04\/image-24.png 356w, https:\/\/projectes.xtec.cat\/digital\/wp-content\/uploads\/usu2317\/2025\/04\/image-24-300x163.png 300w\" sizes=\"auto, (max-width: 356px) 100vw, 356px\" \/><\/figure>\n\n\n\n<div style=\"height:10px\" aria-hidden=\"true\" class=\"wp-block-spacer\"><\/div>\n\n\n\n<ol class=\"wp-block-list\" start=\"4\">\n<li>En fer-ho, la pantalla mostra la finestra de la imatge on s\u2019ha d\u2019introduir el nom de l\u2019usuari i fer clic a \u201cd\u2019acord.\u201d Autom\u00e0ticament, es crea el nou usuari que pot personalitzar les aplicacions i els arxius.&nbsp;<\/li>\n<\/ol>\n\n\n\n<figure class=\"wp-block-image aligncenter size-full is-style-default\"><img loading=\"lazy\" decoding=\"async\" width=\"371\" height=\"166\" src=\"https:\/\/projectes.xtec.cat\/digital\/wp-content\/uploads\/usu2317\/2025\/04\/image-25.png\" alt=\"\" class=\"wp-image-35622\" srcset=\"https:\/\/projectes.xtec.cat\/digital\/wp-content\/uploads\/usu2317\/2025\/04\/image-25.png 371w, https:\/\/projectes.xtec.cat\/digital\/wp-content\/uploads\/usu2317\/2025\/04\/image-25-300x134.png 300w\" sizes=\"auto, (max-width: 371px) 100vw, 371px\" \/><\/figure>\n\n\n\n<div style=\"height:10px\" aria-hidden=\"true\" class=\"wp-block-spacer\"><\/div>\n\n\n\n<p>Un cop introdu\u00eft el nom d\u2019usuari, l\u2019aplicaci\u00f3 demana si es vol <strong>vincular <\/strong>l\u2019<strong>usuari <\/strong>a un <strong>compte de Google, <\/strong>tot i que aquest pas es pot ometre. Si es duu a terme aquesta vinculaci\u00f3, es carrega tota la informaci\u00f3 desada de l\u2019usuari i se sincronitzen autom\u00e0ticament les aplicacions de Google amb el panell (Drive, mapes, calendari, etc.).&nbsp;<\/p>\n\n\n\n<p>A continuaci\u00f3, s\u2019ha d\u2019introduir un <strong>PIN <\/strong>d\u2019acc\u00e9s personal de 8 d\u00edgits. I en acabar, es pot afegir un altre compte de correu electr\u00f2nic, canviar com es mostra el text o revisar m\u00e9s aplicacions. Aquestes opcions es poden ometre i configurar-les m\u00e9s endavant.&nbsp;<\/p>\n\n\n\n<p>Tot seguit, les opcions que ofereix cada una de les opcions esmentades:&nbsp;<\/p>\n\n\n\n<p><strong>Afegir un altre compte de correu electr\u00f2nic:<\/strong><\/p>\n\n\n\n<ul class=\"wp-block-list\">\n<li>Google&nbsp;<\/li>\n\n\n\n<li>Outlook, Hotmail i Live&nbsp;<\/li>\n\n\n\n<li>Yahoo&nbsp;<\/li>\n\n\n\n<li>Exchange i Office 365&nbsp;<\/li>\n\n\n\n<li>Un altre<\/li>\n<\/ul>\n\n\n\n<p><strong>Text i mida de visualitzaci\u00f3<\/strong>:<\/p>\n\n\n\n<ul class=\"wp-block-list\">\n<li>Cos de font: amplia o redueix el text&nbsp;<\/li>\n\n\n\n<li>Mida de visualitzaci\u00f3: amplia o redueix tot&nbsp;<\/li>\n\n\n\n<li>Text en negreta&nbsp;<\/li>\n\n\n\n<li>Text d\u2019alt contrast: canvia el color del text a blanc o negre. Maximitza el contrast amb el fons.&nbsp;<\/li>\n<\/ul>\n<\/div><\/div>\n\n\n\n<div class=\"wp-block-getwid-accordion__header-wrapper\"><span class=\"wp-block-getwid-accordion__header\"><a href=\"#\"><span class=\"wp-block-getwid-accordion__header-title\">1.2.2. Creaci\u00f3 d\u2019un usuari mitjan\u00e7ant RADIX&nbsp;<\/span><span class=\"wp-block-getwid-accordion__icon is-active\"><i class=\"fas fa-chevron-down\"><\/i><\/span><span class=\"wp-block-getwid-accordion__icon is-passive\"><i class=\"fas fa-chevron-up\"><\/i><\/span><\/a><\/span><\/div><div class=\"wp-block-getwid-accordion__content-wrapper\"><div class=\"wp-block-getwid-accordion__content\">\n<p>L\u2019acc\u00e9s a RADIX estar\u00e0 limitat als seg\u00fcents perfils de docents:&nbsp;&nbsp;<\/p>\n\n\n\n<p><strong>Coordinadors\/es digitals (centre):<\/strong><\/p>\n\n\n\n<ul class=\"wp-block-list\">\n<li>Responsables de la gesti\u00f3 di\u00e0ria dels panells digitals dins de les seves aules.&nbsp;<\/li>\n\n\n\n<li>Configuraci\u00f3 inicial de comptes locals i la resoluci\u00f3 de problemes t\u00e8cnics menors.&nbsp;&nbsp;<\/li>\n<\/ul>\n\n\n\n<p><strong>Gestors TIC i assessors digitals (solen tenir abast territorial i gestionar m\u00e9s d\u2019un centre):&nbsp;<\/strong><\/p>\n\n\n\n<ul class=\"wp-block-list\">\n<li>Tenen responsabilitats similars als coordinadors digitals i, a m\u00e9s, podran veure i actuar sobre tots els dispositius del seu servei territorial.&nbsp;<\/li>\n<\/ul>\n\n\n\n<p>Seran els coordinadors, gestors TIC i assessors digitals els encarregats de la gesti\u00f3 d\u2019usuaris dels panells als centres, mitjan\u00e7ant l\u2019eina de gesti\u00f3 de RADIX. El proc\u00e9s de creaci\u00f3 d\u2019usuaris permetr\u00e0 la creaci\u00f3 d\u2019usuaris de manera remota que, en obrir-los al panell, se\u2019ns demana que els configurem, seguint els mateixos passos que els descrits en el proc\u00e9s anterior (assignaci\u00f3 d\u2019un m\u00e8tode de seguretat d\u2019entrada com el PIN i vinculaci\u00f3 a un compte de Google).&nbsp;<\/p>\n<\/div><\/div>\n<\/div>\n\n\n\n<div style=\"height:53px\" aria-hidden=\"true\" class=\"wp-block-spacer\"><\/div>\n<\/div><\/div><\/div><\/div><\/div>\n\n\n\n<div class=\"wp-block-getwid-section alignfull alignfull\"><div class=\"wp-block-getwid-section__wrapper\"><div class=\"wp-block-getwid-section__inner-wrapper\"><div class=\"wp-block-getwid-section__background-holder\"><div class=\"wp-block-getwid-section__background\"><\/div><div class=\"wp-block-getwid-section__foreground\"><\/div><\/div><div class=\"wp-block-getwid-section__content\"><div class=\"wp-block-getwid-section__inner-content\">\n<h3 class=\"wp-block-heading alignwide\">1.3. Desbloquejant la pantalla&nbsp;<\/h3>\n\n\n\n<p>En engegar el panell, ens apareixer\u00e0 la pantalla del panell bloquejada. Cal <strong>lliscar la pantalla cap amunt<\/strong> per accedir a la pantalla de bloqueig.&nbsp;&nbsp;<\/p>\n\n\n\n<p>Es pot desbloquejar la pantalla fent servir el teclat num\u00e8ric que hi apareix. Tanmateix, si es vol evitar introduir el codi PIN en aquest teclat, es pot fer servir el lector QR. En llegir el codi QR des d\u2019un altre dispositiu, es redirigeix a una finestra a on introduir, des del vostre dispositiu, la clau per desbloquejar la pantalla.<\/p>\n\n\n\n<div class=\"wp-block-columns is-layout-flex wp-container-core-columns-is-layout-1 wp-block-columns-is-layout-flex\">\n<div class=\"wp-block-column is-layout-flow wp-block-column-is-layout-flow\">\n<figure data-wp-context=\"{&quot;imageId&quot;:&quot;69f2847713f6f&quot;}\" data-wp-interactive=\"core\/image\" class=\"wp-block-image alignright size-full has-custom-border wp-lightbox-container\"><img loading=\"lazy\" decoding=\"async\" width=\"172\" height=\"251\" data-wp-class--hide=\"state.isContentHidden\" data-wp-class--show=\"state.isContentVisible\" data-wp-init=\"callbacks.setButtonStyles\" data-wp-on-async--click=\"actions.showLightbox\" data-wp-on-async--load=\"callbacks.setButtonStyles\" data-wp-on-async-window--resize=\"callbacks.setButtonStyles\" src=\"https:\/\/projectes.xtec.cat\/digital\/wp-content\/uploads\/usu2317\/2024\/12\/image-18.png\" alt=\"\" class=\"has-border-color has-cyan-bluish-gray-border-color wp-image-33263\" style=\"border-width:1px\"\/><button\n\t\t\tclass=\"lightbox-trigger\"\n\t\t\ttype=\"button\"\n\t\t\taria-haspopup=\"dialog\"\n\t\t\taria-label=\"Amplia la imatge\"\n\t\t\tdata-wp-init=\"callbacks.initTriggerButton\"\n\t\t\tdata-wp-on-async--click=\"actions.showLightbox\"\n\t\t\tdata-wp-style--right=\"state.imageButtonRight\"\n\t\t\tdata-wp-style--top=\"state.imageButtonTop\"\n\t\t>\n\t\t\t<svg xmlns=\"http:\/\/www.w3.org\/2000\/svg\" width=\"12\" height=\"12\" fill=\"none\" viewBox=\"0 0 12 12\">\n\t\t\t\t<path fill=\"#fff\" d=\"M2 0a2 2 0 0 0-2 2v2h1.5V2a.5.5 0 0 1 .5-.5h2V0H2Zm2 10.5H2a.5.5 0 0 1-.5-.5V8H0v2a2 2 0 0 0 2 2h2v-1.5ZM8 12v-1.5h2a.5.5 0 0 0 .5-.5V8H12v2a2 2 0 0 1-2 2H8Zm2-12a2 2 0 0 1 2 2v2h-1.5V2a.5.5 0 0 0-.5-.5H8V0h2Z\" \/>\n\t\t\t<\/svg>\n\t\t<\/button><\/figure>\n<\/div>\n\n\n\n<div class=\"wp-block-column is-layout-flow wp-block-column-is-layout-flow\">\n<figure data-wp-context=\"{&quot;imageId&quot;:&quot;69f284771448b&quot;}\" data-wp-interactive=\"core\/image\" class=\"wp-block-image alignleft size-full has-custom-border wp-lightbox-container\"><img loading=\"lazy\" decoding=\"async\" width=\"116\" height=\"257\" data-wp-class--hide=\"state.isContentHidden\" data-wp-class--show=\"state.isContentVisible\" data-wp-init=\"callbacks.setButtonStyles\" data-wp-on-async--click=\"actions.showLightbox\" data-wp-on-async--load=\"callbacks.setButtonStyles\" data-wp-on-async-window--resize=\"callbacks.setButtonStyles\" src=\"https:\/\/projectes.xtec.cat\/digital\/wp-content\/uploads\/usu2317\/2024\/12\/image-17.png\" alt=\"\" class=\"has-border-color has-cyan-bluish-gray-border-color wp-image-33268\" style=\"border-width:1px\"\/><button\n\t\t\tclass=\"lightbox-trigger\"\n\t\t\ttype=\"button\"\n\t\t\taria-haspopup=\"dialog\"\n\t\t\taria-label=\"Amplia la imatge\"\n\t\t\tdata-wp-init=\"callbacks.initTriggerButton\"\n\t\t\tdata-wp-on-async--click=\"actions.showLightbox\"\n\t\t\tdata-wp-style--right=\"state.imageButtonRight\"\n\t\t\tdata-wp-style--top=\"state.imageButtonTop\"\n\t\t>\n\t\t\t<svg xmlns=\"http:\/\/www.w3.org\/2000\/svg\" width=\"12\" height=\"12\" fill=\"none\" viewBox=\"0 0 12 12\">\n\t\t\t\t<path fill=\"#fff\" d=\"M2 0a2 2 0 0 0-2 2v2h1.5V2a.5.5 0 0 1 .5-.5h2V0H2Zm2 10.5H2a.5.5 0 0 1-.5-.5V8H0v2a2 2 0 0 0 2 2h2v-1.5ZM8 12v-1.5h2a.5.5 0 0 0 .5-.5V8H12v2a2 2 0 0 1-2 2H8Zm2-12a2 2 0 0 1 2 2v2h-1.5V2a.5.5 0 0 0-.5-.5H8V0h2Z\" \/>\n\t\t\t<\/svg>\n\t\t<\/button><\/figure>\n<\/div>\n<\/div>\n<\/div><\/div><\/div><\/div><\/div>\n","protected":false},"excerpt":{"rendered":"","protected":false},"author":1,"featured_media":0,"parent":28546,"menu_order":0,"comment_status":"closed","ping_status":"close","template":"","meta":{"site-sidebar-layout":"left-sidebar","site-content-layout":"","ast-site-content-layout":"default","site-content-style":"default","site-sidebar-style":"default","ast-global-header-display":"","ast-banner-title-visibility":"","ast-main-header-display":"","ast-hfb-above-header-display":"","ast-hfb-below-header-display":"","ast-hfb-mobile-header-display":"","site-post-title":"","ast-breadcrumbs-content":"","ast-featured-img":"","footer-sml-layout":"","theme-transparent-header-meta":"","adv-header-id-meta":"","stick-header-meta":"","header-above-stick-meta":"","header-main-stick-meta":"","header-below-stick-meta":"","astra-migrate-meta-layouts":"set","ast-page-background-enabled":"default","ast-page-background-meta":{"desktop":{"background-color":"var(--ast-global-color-4)","background-image":"","background-repeat":"repeat","background-position":"center center","background-size":"auto","background-attachment":"scroll","background-type":"","background-media":"","overlay-type":"","overlay-color":"","overlay-opacity":"","overlay-gradient":""},"tablet":{"background-color":"","background-image":"","background-repeat":"repeat","background-position":"center center","background-size":"auto","background-attachment":"scroll","background-type":"","background-media":"","overlay-type":"","overlay-color":"","overlay-opacity":"","overlay-gradient":""},"mobile":{"background-color":"","background-image":"","background-repeat":"repeat","background-position":"center center","background-size":"auto","background-attachment":"scroll","background-type":"","background-media":"","overlay-type":"","overlay-color":"","overlay-opacity":"","overlay-gradient":""}},"ast-content-background-meta":{"desktop":{"background-color":"var(--ast-global-color-5)","background-image":"","background-repeat":"repeat","background-position":"center center","background-size":"auto","background-attachment":"scroll","background-type":"","background-media":"","overlay-type":"","overlay-color":"","overlay-opacity":"","overlay-gradient":""},"tablet":{"background-color":"var(--ast-global-color-5)","background-image":"","background-repeat":"repeat","background-position":"center center","background-size":"auto","background-attachment":"scroll","background-type":"","background-media":"","overlay-type":"","overlay-color":"","overlay-opacity":"","overlay-gradient":""},"mobile":{"background-color":"var(--ast-global-color-5)","background-image":"","background-repeat":"repeat","background-position":"center center","background-size":"auto","background-attachment":"scroll","background-type":"","background-media":"","overlay-type":"","overlay-color":"","overlay-opacity":"","overlay-gradient":""}},"footnotes":""},"class_list":["post-33240","page","type-page","status-publish","hentry"],"post_mailing_queue_ids":[],"_links":{"self":[{"href":"https:\/\/projectes.xtec.cat\/digital\/wp-json\/wp\/v2\/pages\/33240","targetHints":{"allow":["GET"]}}],"collection":[{"href":"https:\/\/projectes.xtec.cat\/digital\/wp-json\/wp\/v2\/pages"}],"about":[{"href":"https:\/\/projectes.xtec.cat\/digital\/wp-json\/wp\/v2\/types\/page"}],"author":[{"embeddable":true,"href":"https:\/\/projectes.xtec.cat\/digital\/wp-json\/wp\/v2\/users\/1"}],"replies":[{"embeddable":true,"href":"https:\/\/projectes.xtec.cat\/digital\/wp-json\/wp\/v2\/comments?post=33240"}],"version-history":[{"count":6,"href":"https:\/\/projectes.xtec.cat\/digital\/wp-json\/wp\/v2\/pages\/33240\/revisions"}],"predecessor-version":[{"id":36167,"href":"https:\/\/projectes.xtec.cat\/digital\/wp-json\/wp\/v2\/pages\/33240\/revisions\/36167"}],"up":[{"embeddable":true,"href":"https:\/\/projectes.xtec.cat\/digital\/wp-json\/wp\/v2\/pages\/28546"}],"wp:attachment":[{"href":"https:\/\/projectes.xtec.cat\/digital\/wp-json\/wp\/v2\/media?parent=33240"}],"curies":[{"name":"wp","href":"https:\/\/api.w.org\/{rel}","templated":true}]}}