{"id":33358,"date":"2025-01-07T21:27:29","date_gmt":"2025-01-07T20:27:29","guid":{"rendered":"https:\/\/projectes.xtec.cat\/digital\/?page_id=33358"},"modified":"2025-01-12T16:30:37","modified_gmt":"2025-01-12T15:30:37","slug":"patrons","status":"publish","type":"page","link":"https:\/\/projectes.xtec.cat\/digital\/serveis-digitals\/nodes\/guia-de-nodes\/patrons\/","title":{"rendered":"Patrons"},"content":{"rendered":"\n<div class=\"wp-block-getwid-table-of-contents is-style-none\"><ul class=\"wp-block-getwid-table-of-contents__list\"><li><a href=\"#gd7ef1a61e5ef\">Crear un patr\u00f3<\/a><\/li><li><a href=\"#g2f35d310c847\">Modificar un patr\u00f3<\/a><\/li><li><a href=\"#geefa989abb1b\">Afegir un patr\u00f3 a una p\u00e0gina<\/a><\/li><li><a href=\"#g59ceb89e5053\">Eliminar un patr\u00f3<\/a><\/li><\/ul><\/div>\n\n\n\n<div style=\"height:29px\" aria-hidden=\"true\" class=\"wp-block-spacer\"><\/div>\n\n\n\n<p>Els patrons s\u00f3n conjunts de blocs preconfigurats amb un estil espec\u00edfic. Poden incloure textos, imatges, botons i altres blocs, col\u00b7locats i dissenyats per a diverses finalitats (per exemple, cap\u00e7aleres, crides a l&#8217;acci\u00f3, llistes de funcions, etc.).<\/p>\n\n\n\n<p>Els patrons es poden classificar en patrons sincronitzats i no sincronitzats segons la seva reutilitzaci\u00f3 i edici\u00f3.<\/p>\n\n\n\n<h2 class=\"wp-block-heading\" id=\"gd7ef1a61e5ef\">Crear un patr\u00f3<\/h2>\n\n\n\n<p>Per crear un patr\u00f3 aneu a <strong>Aparen\u00e7a<\/strong> -&gt; <strong>Patrons<\/strong> i feu clic a <strong>Afegeix un nou patr\u00f3<\/strong>. <\/p>\n\n\n\n<figure data-wp-context=\"{&quot;imageId&quot;:&quot;69d7dc1504743&quot;}\" data-wp-interactive=\"core\/image\" class=\"wp-block-image size-full has-custom-border wp-lightbox-container\"><img loading=\"lazy\" decoding=\"async\" width=\"662\" height=\"468\" data-wp-class--hide=\"state.isContentHidden\" data-wp-class--show=\"state.isContentVisible\" data-wp-init=\"callbacks.setButtonStyles\" data-wp-on-async--click=\"actions.showLightbox\" data-wp-on-async--load=\"callbacks.setButtonStyles\" data-wp-on-async-window--resize=\"callbacks.setButtonStyles\" src=\"https:\/\/projectes.xtec.cat\/digital\/wp-content\/uploads\/usu2317\/2025\/01\/patrons-1.png\" alt=\"Captura de pantalla de patrons\" class=\"has-border-color has-cyan-bluish-gray-border-color wp-image-33471\" style=\"border-width:1px\" srcset=\"https:\/\/projectes.xtec.cat\/digital\/wp-content\/uploads\/usu2317\/2025\/01\/patrons-1.png 662w, https:\/\/projectes.xtec.cat\/digital\/wp-content\/uploads\/usu2317\/2025\/01\/patrons-1-300x212.png 300w\" sizes=\"auto, (max-width: 662px) 100vw, 662px\" \/><button\n\t\t\tclass=\"lightbox-trigger\"\n\t\t\ttype=\"button\"\n\t\t\taria-haspopup=\"dialog\"\n\t\t\taria-label=\"Amplia la imatge: Captura de pantalla de patrons\"\n\t\t\tdata-wp-init=\"callbacks.initTriggerButton\"\n\t\t\tdata-wp-on-async--click=\"actions.showLightbox\"\n\t\t\tdata-wp-style--right=\"state.imageButtonRight\"\n\t\t\tdata-wp-style--top=\"state.imageButtonTop\"\n\t\t>\n\t\t\t<svg xmlns=\"http:\/\/www.w3.org\/2000\/svg\" width=\"12\" height=\"12\" fill=\"none\" viewBox=\"0 0 12 12\">\n\t\t\t\t<path fill=\"#fff\" d=\"M2 0a2 2 0 0 0-2 2v2h1.5V2a.5.5 0 0 1 .5-.5h2V0H2Zm2 10.5H2a.5.5 0 0 1-.5-.5V8H0v2a2 2 0 0 0 2 2h2v-1.5ZM8 12v-1.5h2a.5.5 0 0 0 .5-.5V8H12v2a2 2 0 0 1-2 2H8Zm2-12a2 2 0 0 1 2 2v2h-1.5V2a.5.5 0 0 0-.5-.5H8V0h2Z\" \/>\n\t\t\t<\/svg>\n\t\t<\/button><\/figure>\n\n\n\n<p>Definiu el <strong>nom<\/strong> i el si \u00e9s un <strong>bloc sincronitzat o no<\/strong>. <\/p>\n\n\n\n<figure class=\"wp-block-image size-full is-resized\"><a href=\"https:\/\/projectes.xtec.cat\/digital\/wp-content\/uploads\/usu2317\/2025\/01\/dialeg-creacio-patro.png\"><img loading=\"lazy\" decoding=\"async\" width=\"468\" height=\"428\" src=\"https:\/\/projectes.xtec.cat\/digital\/wp-content\/uploads\/usu2317\/2025\/01\/dialeg-creacio-patro.png\" alt=\"Di\u00e0leg de creaci\u00f3 d'un patr\u00f3\" class=\"wp-image-33476\" style=\"width:334px;height:auto\" srcset=\"https:\/\/projectes.xtec.cat\/digital\/wp-content\/uploads\/usu2317\/2025\/01\/dialeg-creacio-patro.png 468w, https:\/\/projectes.xtec.cat\/digital\/wp-content\/uploads\/usu2317\/2025\/01\/dialeg-creacio-patro-300x274.png 300w\" sizes=\"auto, (max-width: 468px) 100vw, 468px\" \/><\/a><\/figure>\n\n\n\n<p>Un<strong> patr\u00f3 sincronitzat<\/strong> \u00e9s un patr\u00f3 que replica autom\u00e0ticament els canvis que es facin en el patr\u00f3 a totes les inst\u00e0ncies. No \u00e9s possible tenir contingut diferent en diferents inst\u00e0ncies d&#8217;un patr\u00f3 sincronitzat. <\/p>\n\n\n\n<ul class=\"wp-block-list\">\n<li>La utilitat principal \u00e9s repetir contingut com avisos, aclariments o enlla\u00e7os de suport que han d&#8217;apar\u00e8ixer en diverses p\u00e0gines del web. <\/li>\n\n\n\n<li>\u00c9s m\u00e9s senzill mantenir la coher\u00e8ncia del contingut com\u00fa, ja que nom\u00e9s cal modificar-ho en un lloc.<\/li>\n<\/ul>\n\n\n\n<p>Un <strong>patr\u00f3 no sincronitzat<\/strong> \u00e9s un patr\u00f3 que tamb\u00e9 permet fer inst\u00e0ncies a partir d&#8217;un patr\u00f3 original, per\u00f2 que, a partir de la seva creaci\u00f3, es converteixen en blocs independents. Si modifiquem una inst\u00e0ncia, nom\u00e9s es modifica aquella inst\u00e0ncia i no la resta. <\/p>\n\n\n\n<ul class=\"wp-block-list\">\n<li>Permet estalviar temps en la creaci\u00f3 de blocs similars. Es fa una inst\u00e0ncia del patr\u00f3 (blocs originals) i es modifica per adaptar-ho a cada p\u00e0gina o context.<\/li>\n<\/ul>\n\n\n\n<p>El contingut d&#8217;un patr\u00f3, sigui sincronitzat o no, s&#8217;edita en un editor <strong>Gutenberg<\/strong>, d&#8217;igual forma a com es crea un article o p\u00e0gina.<\/p>\n\n\n\n<p>A partir d&#8217;aquell moment, apareixer\u00e0 a <strong>Blocs<\/strong>, pestanya <strong>Patrons<\/strong>, <strong>Els meus patrons<\/strong>.<\/p>\n\n\n\n<figure class=\"wp-block-image aligncenter size-full has-custom-border\"><a href=\"https:\/\/projectes.xtec.cat\/digital\/wp-content\/uploads\/usu2317\/2025\/01\/Captura-de-pantalla-2025-01-12-a-les-15.15.55.png\"><img loading=\"lazy\" decoding=\"async\" width=\"821\" height=\"432\" src=\"https:\/\/projectes.xtec.cat\/digital\/wp-content\/uploads\/usu2317\/2025\/01\/Captura-de-pantalla-2025-01-12-a-les-15.15.55.png\" alt=\"Captura de els meus patrons\" class=\"has-border-color has-cyan-bluish-gray-border-color wp-image-33473\" style=\"border-width:1px\" srcset=\"https:\/\/projectes.xtec.cat\/digital\/wp-content\/uploads\/usu2317\/2025\/01\/Captura-de-pantalla-2025-01-12-a-les-15.15.55.png 821w, https:\/\/projectes.xtec.cat\/digital\/wp-content\/uploads\/usu2317\/2025\/01\/Captura-de-pantalla-2025-01-12-a-les-15.15.55-300x158.png 300w, https:\/\/projectes.xtec.cat\/digital\/wp-content\/uploads\/usu2317\/2025\/01\/Captura-de-pantalla-2025-01-12-a-les-15.15.55-768x404.png 768w\" sizes=\"auto, (max-width: 821px) 100vw, 821px\" \/><\/a><figcaption class=\"wp-element-caption\">El patr\u00f3 anomenat PEC \u00e9s un patr\u00f3 sincronitzat. Podeu observar el s\u00edmbol del doble rombe que ho indica.<\/figcaption><\/figure>\n\n\n\n<p>Hi ha altres llocs o dreceres des d&#8217;on es pot crear un patr\u00f3. <\/p>\n\n\n\n<ol class=\"wp-block-list\" style=\"list-style-type:lower-alpha\">\n<li>Seleccionant qualsevol bloc en qualsevol p\u00e0gina i anant als tres puntets de la barra superior, <strong>Crea un patr\u00f3<\/strong>.<\/li>\n<\/ol>\n\n\n\n<figure class=\"wp-block-image size-full has-custom-border\"><a href=\"https:\/\/projectes.xtec.cat\/digital\/wp-content\/uploads\/usu2317\/2025\/01\/Captura-de-pantalla-2025-01-12-a-les-15.56.41.png\"><img loading=\"lazy\" decoding=\"async\" width=\"1021\" height=\"645\" src=\"https:\/\/projectes.xtec.cat\/digital\/wp-content\/uploads\/usu2317\/2025\/01\/Captura-de-pantalla-2025-01-12-a-les-15.56.41.png\" alt=\"\" class=\"has-border-color has-cyan-bluish-gray-border-color wp-image-33488\" style=\"border-width:1px\" srcset=\"https:\/\/projectes.xtec.cat\/digital\/wp-content\/uploads\/usu2317\/2025\/01\/Captura-de-pantalla-2025-01-12-a-les-15.56.41.png 1021w, https:\/\/projectes.xtec.cat\/digital\/wp-content\/uploads\/usu2317\/2025\/01\/Captura-de-pantalla-2025-01-12-a-les-15.56.41-300x190.png 300w, https:\/\/projectes.xtec.cat\/digital\/wp-content\/uploads\/usu2317\/2025\/01\/Captura-de-pantalla-2025-01-12-a-les-15.56.41-768x485.png 768w\" sizes=\"auto, (max-width: 1021px) 100vw, 1021px\" \/><\/a><\/figure>\n\n\n\n<ol class=\"wp-block-list\" start=\"2\" style=\"list-style-type:lower-alpha\">\n<li>Des de la vista de llista, seleccionant un element i anant als tres punts, <strong>Crea un patr\u00f3<\/strong>.<\/li>\n<\/ol>\n\n\n\n<figure class=\"wp-block-image aligncenter size-large is-resized has-custom-border is-style-default\"><a href=\"https:\/\/projectes.xtec.cat\/digital\/wp-content\/uploads\/usu2317\/2025\/01\/crea-patro.png\"><img loading=\"lazy\" decoding=\"async\" width=\"1024\" height=\"339\" src=\"https:\/\/projectes.xtec.cat\/digital\/wp-content\/uploads\/usu2317\/2025\/01\/crea-patro-1024x339.png\" alt=\"\" class=\"has-border-color has-cyan-bluish-gray-border-color wp-image-33393\" style=\"border-width:1px;width:791px;height:auto\" srcset=\"https:\/\/projectes.xtec.cat\/digital\/wp-content\/uploads\/usu2317\/2025\/01\/crea-patro-1024x339.png 1024w, https:\/\/projectes.xtec.cat\/digital\/wp-content\/uploads\/usu2317\/2025\/01\/crea-patro-300x99.png 300w, https:\/\/projectes.xtec.cat\/digital\/wp-content\/uploads\/usu2317\/2025\/01\/crea-patro-768x255.png 768w, https:\/\/projectes.xtec.cat\/digital\/wp-content\/uploads\/usu2317\/2025\/01\/crea-patro.png 1478w\" sizes=\"auto, (max-width: 1024px) 100vw, 1024px\" \/><\/a><\/figure>\n\n\n\n<div style=\"height:39px\" aria-hidden=\"true\" class=\"wp-block-spacer\"><\/div>\n\n\n\n<h2 class=\"wp-block-heading\" id=\"g2f35d310c847\">Modificar un patr\u00f3<\/h2>\n\n\n\n<p>En el cas d&#8217;un <strong>patr\u00f3 sincronitzat<\/strong>, podeu anar a <strong>Aparen\u00e7a<\/strong> -&gt; <strong>Patrons<\/strong>, cercar el patr\u00f3 i fer clic a <strong>Editar<\/strong>:<\/p>\n\n\n\n<figure class=\"wp-block-image size-full is-resized has-custom-border\"><a href=\"https:\/\/projectes.xtec.cat\/digital\/wp-content\/uploads\/usu2317\/2025\/01\/Captura-de-pantalla-2025-01-12-a-les-15.46.39.png\"><img loading=\"lazy\" decoding=\"async\" width=\"687\" height=\"500\" src=\"https:\/\/projectes.xtec.cat\/digital\/wp-content\/uploads\/usu2317\/2025\/01\/Captura-de-pantalla-2025-01-12-a-les-15.46.39.png\" alt=\"\" class=\"has-border-color has-cyan-bluish-gray-border-color wp-image-33481\" style=\"border-width:1px;width:658px;height:auto\" srcset=\"https:\/\/projectes.xtec.cat\/digital\/wp-content\/uploads\/usu2317\/2025\/01\/Captura-de-pantalla-2025-01-12-a-les-15.46.39.png 687w, https:\/\/projectes.xtec.cat\/digital\/wp-content\/uploads\/usu2317\/2025\/01\/Captura-de-pantalla-2025-01-12-a-les-15.46.39-300x218.png 300w\" sizes=\"auto, (max-width: 687px) 100vw, 687px\" \/><\/a><\/figure>\n\n\n\n<p>o podeu localitzar la inst\u00e0ncia d&#8217;un patr\u00f3 en una p\u00e0gina i fer clic en <strong>Edita l&#8217;original<\/strong>: <\/p>\n\n\n\n<figure class=\"wp-block-image size-full is-resized has-custom-border\"><a href=\"https:\/\/projectes.xtec.cat\/digital\/wp-content\/uploads\/usu2317\/2025\/01\/Captura-de-pantalla-2025-01-12-a-les-15.48.18.png\"><img loading=\"lazy\" decoding=\"async\" width=\"941\" height=\"570\" src=\"https:\/\/projectes.xtec.cat\/digital\/wp-content\/uploads\/usu2317\/2025\/01\/Captura-de-pantalla-2025-01-12-a-les-15.48.18.png\" alt=\"Captura de com editar un patr\u00f3\" class=\"has-border-color has-cyan-bluish-gray-border-color wp-image-33480\" style=\"border-width:1px;width:656px;height:auto\" srcset=\"https:\/\/projectes.xtec.cat\/digital\/wp-content\/uploads\/usu2317\/2025\/01\/Captura-de-pantalla-2025-01-12-a-les-15.48.18.png 941w, https:\/\/projectes.xtec.cat\/digital\/wp-content\/uploads\/usu2317\/2025\/01\/Captura-de-pantalla-2025-01-12-a-les-15.48.18-300x182.png 300w, https:\/\/projectes.xtec.cat\/digital\/wp-content\/uploads\/usu2317\/2025\/01\/Captura-de-pantalla-2025-01-12-a-les-15.48.18-768x465.png 768w\" sizes=\"auto, (max-width: 941px) 100vw, 941px\" \/><\/a><\/figure>\n\n\n\n<p>En el cas d&#8217;un <strong>patr\u00f3 no sincronitzat<\/strong>, nom\u00e9s cal fer clic en el bloc i editar-lo com si fos un contingut qualsevol. Les modificacions no afectaran els blocs &#8220;germans&#8221; (que es van crear a partir del mateix patr\u00f3). <\/p>\n\n\n\n<div style=\"height:33px\" aria-hidden=\"true\" class=\"wp-block-spacer\"><\/div>\n\n\n\n<h2 class=\"wp-block-heading\" id=\"geefa989abb1b\">Afegir un patr\u00f3 a una p\u00e0gina<\/h2>\n\n\n\n<p>Per poder afegir un patr\u00f3 ja creat pr\u00e8viament a una p\u00e0gina, cal accedir un bloc nou, pestanya <strong>Patrons<\/strong>, i seleccionar <strong>Els meus patrons<\/strong>. All\u00e0, trobareu la llista de tots els patrons ja creats. <\/p>\n\n\n\n<figure class=\"wp-block-image aligncenter size-full has-custom-border\"><a href=\"https:\/\/projectes.xtec.cat\/digital\/wp-content\/uploads\/usu2317\/2025\/01\/Captura-de-pantalla-2025-01-12-a-les-15.15.55.png\"><img loading=\"lazy\" decoding=\"async\" width=\"821\" height=\"432\" src=\"https:\/\/projectes.xtec.cat\/digital\/wp-content\/uploads\/usu2317\/2025\/01\/Captura-de-pantalla-2025-01-12-a-les-15.15.55.png\" alt=\"Captura de els meus patrons\" class=\"has-border-color has-cyan-bluish-gray-border-color wp-image-33473\" style=\"border-width:1px\" srcset=\"https:\/\/projectes.xtec.cat\/digital\/wp-content\/uploads\/usu2317\/2025\/01\/Captura-de-pantalla-2025-01-12-a-les-15.15.55.png 821w, https:\/\/projectes.xtec.cat\/digital\/wp-content\/uploads\/usu2317\/2025\/01\/Captura-de-pantalla-2025-01-12-a-les-15.15.55-300x158.png 300w, https:\/\/projectes.xtec.cat\/digital\/wp-content\/uploads\/usu2317\/2025\/01\/Captura-de-pantalla-2025-01-12-a-les-15.15.55-768x404.png 768w\" sizes=\"auto, (max-width: 821px) 100vw, 821px\" \/><\/a><\/figure>\n\n\n\n<p>Nom\u00e9s cal fer clic en el patr\u00f3 desitjat i s&#8217;inserir\u00e0 a la p\u00e0gina.<\/p>\n\n\n\n<h2 class=\"wp-block-heading\" id=\"g59ceb89e5053\">Eliminar un patr\u00f3<\/h2>\n\n\n\n<p>Per <strong>eliminar<\/strong> un <strong>patr\u00f3 sincronitzat<\/strong> aneu a <strong>Aparen\u00e7a<\/strong> -&gt; <strong>Patrons<\/strong>, localitzeu el patr\u00f3 i feu clic a <strong>Paperera<\/strong>. <\/p>\n\n\n\n<ul class=\"wp-block-list\">\n<li>En el cas dels <strong>patrons sincronitzats<\/strong>, aix\u00f2 eliminar\u00e0 el patr\u00f3 i totes les inst\u00e0ncies. Si no elimineu el patr\u00f3 de la paperera, podeu restaurar-lo i publicar-lo de nou. Tornaran a apar\u00e8ixer les inst\u00e0ncies autom\u00e0ticament. <\/li>\n\n\n\n<li>En el cas dels <strong>patrons no sincronitzats<\/strong>, les inst\u00e0ncies es mantenen. Si voleu eliminar les inst\u00e0ncies, heu de localitzar-les a les p\u00e0gines on estan inserides i eliminar-les una a una. <\/li>\n<\/ul>\n\n\n\n<div style=\"height:47px\" aria-hidden=\"true\" class=\"wp-block-spacer\"><\/div>\n\n\n\n<div style=\"height:10px\" aria-hidden=\"true\" class=\"wp-block-spacer\"><\/div>\n","protected":false},"excerpt":{"rendered":"<p>Els patrons s\u00f3n conjunts de blocs preconfigurats amb un estil espec\u00edfic. Poden incloure textos, imatges, botons i altres blocs, col\u00b7locats i dissenyats per a diverses finalitats (per exemple, cap\u00e7aleres, crides a l&#8217;acci\u00f3, llistes de funcions, etc.). Els patrons es poden classificar en patrons sincronitzats i no sincronitzats segons la seva reutilitzaci\u00f3 i edici\u00f3. Crear un [&hellip;]<\/p>\n","protected":false},"author":1,"featured_media":0,"parent":31739,"menu_order":0,"comment_status":"closed","ping_status":"close","template":"","meta":{"site-sidebar-layout":"left-sidebar","site-content-layout":"","ast-site-content-layout":"default","site-content-style":"default","site-sidebar-style":"default","ast-global-header-display":"","ast-banner-title-visibility":"","ast-main-header-display":"","ast-hfb-above-header-display":"","ast-hfb-below-header-display":"","ast-hfb-mobile-header-display":"","site-post-title":"","ast-breadcrumbs-content":"","ast-featured-img":"","footer-sml-layout":"","theme-transparent-header-meta":"","adv-header-id-meta":"","stick-header-meta":"","header-above-stick-meta":"","header-main-stick-meta":"","header-below-stick-meta":"","astra-migrate-meta-layouts":"set","ast-page-background-enabled":"default","ast-page-background-meta":{"desktop":{"background-color":"var(--ast-global-color-4)","background-image":"","background-repeat":"repeat","background-position":"center center","background-size":"auto","background-attachment":"scroll","background-type":"","background-media":"","overlay-type":"","overlay-color":"","overlay-opacity":"","overlay-gradient":""},"tablet":{"background-color":"","background-image":"","background-repeat":"repeat","background-position":"center center","background-size":"auto","background-attachment":"scroll","background-type":"","background-media":"","overlay-type":"","overlay-color":"","overlay-opacity":"","overlay-gradient":""},"mobile":{"background-color":"","background-image":"","background-repeat":"repeat","background-position":"center center","background-size":"auto","background-attachment":"scroll","background-type":"","background-media":"","overlay-type":"","overlay-color":"","overlay-opacity":"","overlay-gradient":""}},"ast-content-background-meta":{"desktop":{"background-color":"var(--ast-global-color-5)","background-image":"","background-repeat":"repeat","background-position":"center center","background-size":"auto","background-attachment":"scroll","background-type":"","background-media":"","overlay-type":"","overlay-color":"","overlay-opacity":"","overlay-gradient":""},"tablet":{"background-color":"var(--ast-global-color-5)","background-image":"","background-repeat":"repeat","background-position":"center center","background-size":"auto","background-attachment":"scroll","background-type":"","background-media":"","overlay-type":"","overlay-color":"","overlay-opacity":"","overlay-gradient":""},"mobile":{"background-color":"var(--ast-global-color-5)","background-image":"","background-repeat":"repeat","background-position":"center center","background-size":"auto","background-attachment":"scroll","background-type":"","background-media":"","overlay-type":"","overlay-color":"","overlay-opacity":"","overlay-gradient":""}},"footnotes":""},"class_list":["post-33358","page","type-page","status-publish","hentry"],"post_mailing_queue_ids":[],"_links":{"self":[{"href":"https:\/\/projectes.xtec.cat\/digital\/wp-json\/wp\/v2\/pages\/33358","targetHints":{"allow":["GET"]}}],"collection":[{"href":"https:\/\/projectes.xtec.cat\/digital\/wp-json\/wp\/v2\/pages"}],"about":[{"href":"https:\/\/projectes.xtec.cat\/digital\/wp-json\/wp\/v2\/types\/page"}],"author":[{"embeddable":true,"href":"https:\/\/projectes.xtec.cat\/digital\/wp-json\/wp\/v2\/users\/1"}],"replies":[{"embeddable":true,"href":"https:\/\/projectes.xtec.cat\/digital\/wp-json\/wp\/v2\/comments?post=33358"}],"version-history":[{"count":6,"href":"https:\/\/projectes.xtec.cat\/digital\/wp-json\/wp\/v2\/pages\/33358\/revisions"}],"predecessor-version":[{"id":33491,"href":"https:\/\/projectes.xtec.cat\/digital\/wp-json\/wp\/v2\/pages\/33358\/revisions\/33491"}],"up":[{"embeddable":true,"href":"https:\/\/projectes.xtec.cat\/digital\/wp-json\/wp\/v2\/pages\/31739"}],"wp:attachment":[{"href":"https:\/\/projectes.xtec.cat\/digital\/wp-json\/wp\/v2\/media?parent=33358"}],"curies":[{"name":"wp","href":"https:\/\/api.w.org\/{rel}","templated":true}]}}