{"id":34444,"date":"2025-03-02T15:20:57","date_gmt":"2025-03-02T14:20:57","guid":{"rendered":"https:\/\/projectes.xtec.cat\/digital\/?page_id=34444"},"modified":"2025-05-06T11:51:56","modified_gmt":"2025-05-06T09:51:56","slug":"bones-practiques","status":"publish","type":"page","link":"https:\/\/projectes.xtec.cat\/digital\/google-workspace-de-centre-educatiu\/bones-practiques\/","title":{"rendered":"Bones pr\u00e0ctiques"},"content":{"rendered":"\n<div class=\"wp-block-getwid-section alignwide alignwide\"><div class=\"wp-block-getwid-section__wrapper\"><div class=\"wp-block-getwid-section__inner-wrapper\"><div class=\"wp-block-getwid-section__background-holder\"><div class=\"wp-block-getwid-section__background\"><\/div><div class=\"wp-block-getwid-section__foreground\"><\/div><\/div><div class=\"wp-block-getwid-section__content\"><div class=\"wp-block-getwid-section__inner-content\">\n<p class=\"has-medium-font-size\">Existeixen moltes possibles configuracions per adaptar-se a diferents entorns amb necessitats diferents. Us proposem algunes bones pr\u00e0ctiques pels centres educatius de prim\u00e0ria i secund\u00e0ria.<\/p>\n\n\n\n<div style=\"height:13px\" aria-hidden=\"true\" class=\"wp-block-spacer\"><\/div>\n\n\n\n<div class=\"wp-block-columns is-layout-flex wp-container-core-columns-is-layout-1 wp-block-columns-is-layout-flex\">\n<div class=\"wp-block-column caixa-link is-layout-flow wp-block-column-is-layout-flow\" id=\"https:\/\/projectes.xtec.cat\/digital\/google-workspace-de-centre-educatiu\/bones-practiques\/creacio-dunitats-organitzatives-segons-tipus-dusuaris\/\">\n<div class=\"wp-block-getwid-icon\"><div class=\"wp-block-getwid-icon__wrapper has-text-color\" style=\"font-size:50px;color:#1e6770\"><i class=\"far fa-folder-open\"><\/i><\/div><\/div>\n\n\n\n<h2 class=\"wp-block-heading\" style=\"font-size:26px\">Creaci\u00f3 d\u2019unitats organitzatives segons tipus d\u2019usuaris<\/h2>\n\n\n\n<p>Us donar\u00e0 flexibilitat per aplicar regles diferents a docents i alumnes.<\/p>\n<\/div>\n\n\n\n<div class=\"wp-block-column caixa-link is-layout-flow wp-block-column-is-layout-flow\" id=\"https:\/\/projectes.xtec.cat\/digital\/google-workspace-de-centre-educatiu\/bones-practiques\/serveis-addicionals\/\">\n<div class=\"wp-block-getwid-icon\"><div class=\"wp-block-getwid-icon__wrapper has-text-color\" style=\"font-size:50px;color:#1e6770\"><i class=\"fas fa-plus-circle\"><\/i><\/div><\/div>\n\n\n\n<h2 class=\"wp-block-heading\" style=\"font-size:26px\">Serveis addicionals<\/h2>\n\n\n\n<p>No activeu serveis addicionals o activeu els m\u00ednims serveis disponibles.<\/p>\n<\/div>\n\n\n\n<div class=\"wp-block-column caixa-link is-layout-flow wp-block-column-is-layout-flow\" id=\"https:\/\/projectes.xtec.cat\/digital\/google-workspace-de-centre-educatiu\/bones-practiques\/gestio-de-grups-nomes-membres\/\">\n<div class=\"wp-block-getwid-icon\"><div class=\"wp-block-getwid-icon__wrapper has-text-color\" style=\"font-size:50px;color:#1e6770\"><i class=\"fas fa-user-friends\"><\/i><\/div><\/div>\n\n\n\n<h2 class=\"wp-block-heading\" style=\"font-size:26px\">Gesti\u00f3 de grups: nom\u00e9s membres<\/h2>\n\n\n\n<p>Redu\u00efu la visibilitat dels grups tot el que sigui possible.<\/p>\n<\/div>\n<\/div>\n\n\n\n<div style=\"height:31px\" aria-hidden=\"true\" class=\"wp-block-spacer\"><\/div>\n\n\n\n<div class=\"wp-block-columns is-layout-flex wp-container-core-columns-is-layout-2 wp-block-columns-is-layout-flex\">\n<div class=\"wp-block-column caixa-link is-layout-flow wp-block-column-is-layout-flow\" id=\"https:\/\/projectes.xtec.cat\/digital\/google-workspace-de-centre-educatiu\/bones-practiques\/alumnat-restringir-les-comunicacions-fora-del-domini\/\">\n<div class=\"wp-block-getwid-icon\"><div class=\"wp-block-getwid-icon__wrapper has-text-color\" style=\"font-size:50px;color:#1e6770\"><i class=\"fas fa-exchange-alt\"><\/i><\/div><\/div>\n\n\n\n<h2 class=\"wp-block-heading\" style=\"font-size:26px\">Alumnat: Restringir les comunicacions fora del domini<\/h2>\n\n\n\n<p>L&#8217;alumnat en general no hauria de rebre ni enviar missatges fora del centre. <\/p>\n<\/div>\n\n\n\n<div class=\"wp-block-column caixa-link is-layout-flow wp-block-column-is-layout-flow\" id=\"https:\/\/projectes.xtec.cat\/digital\/google-workspace-de-centre-educatiu\/bones-practiques\/alumnat-restringir-lacces-i-comparticio-de-fitxers-fora-del-domini\/\">\n<div class=\"wp-block-getwid-icon\"><div class=\"wp-block-getwid-icon__wrapper has-text-color\" style=\"font-size:50px;color:#1e6770\"><i class=\"fas fa-folder-open\"><\/i><\/div><\/div>\n\n\n\n<h2 class=\"wp-block-heading\" id=\"https:\/\/projectes.xtec.cat\/digital\/google-workspace-de-centre-educatiu\/bones-practiques\/alumnat-restringir-lacces-i-comparticio-de-fitxers-fora-del-domini\/\" style=\"font-size:26px\">Alumnat: Restringir l\u2019acc\u00e9s i compartici\u00f3 de fitxers fora del domini<\/h2>\n\n\n\n<p>L&#8217;alumnat en general no hauria d&#8217;accedir ni compartir fitxers fora del domini del centre.<\/p>\n<\/div>\n\n\n\n<div class=\"wp-block-column caixa-link is-layout-flow wp-block-column-is-layout-flow\" id=\"https:\/\/projectes.xtec.cat\/digital\/google-workspace-de-centre-educatiu\/bones-practiques\/alumnat-altres-restriccions\/\">\n<div class=\"wp-block-getwid-icon\"><div class=\"wp-block-getwid-icon__wrapper has-text-color\" style=\"font-size:50px;color:#1e6770\"><i class=\"fas fa-filter\"><\/i><\/div><\/div>\n\n\n\n<h2 class=\"wp-block-heading\" id=\"https:\/\/projectes.xtec.cat\/digital\/google-workspace-de-centre-educatiu\/bones-practiques\/alumnat-restringir-lacces-i-comparticio-de-fitxers-fora-del-domini\/\" style=\"font-size:26px\">Alumnat: Altres restriccions<\/h2>\n\n\n\n<p>Desactiveu Google Xat, creaci\u00f3 de Google sites, iniciar Google Meet, etc<\/p>\n<\/div>\n<\/div>\n\n\n\n<div style=\"height:31px\" aria-hidden=\"true\" class=\"wp-block-spacer\"><\/div>\n\n\n\n<div class=\"wp-block-columns is-layout-flex wp-container-core-columns-is-layout-3 wp-block-columns-is-layout-flex\">\n<div class=\"wp-block-column caixa-link is-layout-flow wp-block-column-is-layout-flow\" id=\"https:\/\/projectes.xtec.cat\/digital\/google-workspace-de-centre-educatiu\/verificacio-en-dos-passos\/\">\n<div class=\"wp-block-getwid-icon\"><div class=\"wp-block-getwid-icon__wrapper has-text-color\" style=\"font-size:50px;color:#1e6770\"><i class=\"fas fa-fingerprint\"><\/i><\/div><\/div>\n\n\n\n<h2 class=\"wp-block-heading\" style=\"font-size:26px\">Verificaci\u00f3 de 2 passos<\/h2>\n\n\n\n<p>Per administradors, coordinacions digitals i equip directiu.<\/p>\n<\/div>\n\n\n\n<div class=\"wp-block-column caixa is-layout-flow wp-block-column-is-layout-flow\">\n<h2 class=\"wp-block-heading\"><\/h2>\n<\/div>\n\n\n\n<div class=\"wp-block-column caixa is-layout-flow wp-block-column-is-layout-flow\">\n<h2 class=\"wp-block-heading\"><\/h2>\n<\/div>\n<\/div>\n\n\n\n<div style=\"height:50px\" aria-hidden=\"true\" class=\"wp-block-spacer\"><\/div>\n<\/div><\/div><\/div><\/div><\/div>\n","protected":false},"excerpt":{"rendered":"","protected":false},"author":1,"featured_media":0,"parent":27336,"menu_order":0,"comment_status":"closed","ping_status":"close","template":"","meta":{"site-sidebar-layout":"left-sidebar","site-content-layout":"","ast-site-content-layout":"default","site-content-style":"default","site-sidebar-style":"default","ast-global-header-display":"","ast-banner-title-visibility":"","ast-main-header-display":"","ast-hfb-above-header-display":"","ast-hfb-below-header-display":"","ast-hfb-mobile-header-display":"","site-post-title":"","ast-breadcrumbs-content":"","ast-featured-img":"","footer-sml-layout":"","theme-transparent-header-meta":"","adv-header-id-meta":"","stick-header-meta":"","header-above-stick-meta":"","header-main-stick-meta":"","header-below-stick-meta":"","astra-migrate-meta-layouts":"set","ast-page-background-enabled":"default","ast-page-background-meta":{"desktop":{"background-color":"var(--ast-global-color-4)","background-image":"","background-repeat":"repeat","background-position":"center center","background-size":"auto","background-attachment":"scroll","background-type":"","background-media":"","overlay-type":"","overlay-color":"","overlay-opacity":"","overlay-gradient":""},"tablet":{"background-color":"","background-image":"","background-repeat":"repeat","background-position":"center center","background-size":"auto","background-attachment":"scroll","background-type":"","background-media":"","overlay-type":"","overlay-color":"","overlay-opacity":"","overlay-gradient":""},"mobile":{"background-color":"","background-image":"","background-repeat":"repeat","background-position":"center center","background-size":"auto","background-attachment":"scroll","background-type":"","background-media":"","overlay-type":"","overlay-color":"","overlay-opacity":"","overlay-gradient":""}},"ast-content-background-meta":{"desktop":{"background-color":"var(--ast-global-color-5)","background-image":"","background-repeat":"repeat","background-position":"center center","background-size":"auto","background-attachment":"scroll","background-type":"","background-media":"","overlay-type":"","overlay-color":"","overlay-opacity":"","overlay-gradient":""},"tablet":{"background-color":"var(--ast-global-color-5)","background-image":"","background-repeat":"repeat","background-position":"center center","background-size":"auto","background-attachment":"scroll","background-type":"","background-media":"","overlay-type":"","overlay-color":"","overlay-opacity":"","overlay-gradient":""},"mobile":{"background-color":"var(--ast-global-color-5)","background-image":"","background-repeat":"repeat","background-position":"center center","background-size":"auto","background-attachment":"scroll","background-type":"","background-media":"","overlay-type":"","overlay-color":"","overlay-opacity":"","overlay-gradient":""}},"footnotes":""},"class_list":["post-34444","page","type-page","status-publish","hentry"],"post_mailing_queue_ids":[],"_links":{"self":[{"href":"https:\/\/projectes.xtec.cat\/digital\/wp-json\/wp\/v2\/pages\/34444","targetHints":{"allow":["GET"]}}],"collection":[{"href":"https:\/\/projectes.xtec.cat\/digital\/wp-json\/wp\/v2\/pages"}],"about":[{"href":"https:\/\/projectes.xtec.cat\/digital\/wp-json\/wp\/v2\/types\/page"}],"author":[{"embeddable":true,"href":"https:\/\/projectes.xtec.cat\/digital\/wp-json\/wp\/v2\/users\/1"}],"replies":[{"embeddable":true,"href":"https:\/\/projectes.xtec.cat\/digital\/wp-json\/wp\/v2\/comments?post=34444"}],"version-history":[{"count":6,"href":"https:\/\/projectes.xtec.cat\/digital\/wp-json\/wp\/v2\/pages\/34444\/revisions"}],"predecessor-version":[{"id":36181,"href":"https:\/\/projectes.xtec.cat\/digital\/wp-json\/wp\/v2\/pages\/34444\/revisions\/36181"}],"up":[{"embeddable":true,"href":"https:\/\/projectes.xtec.cat\/digital\/wp-json\/wp\/v2\/pages\/27336"}],"wp:attachment":[{"href":"https:\/\/projectes.xtec.cat\/digital\/wp-json\/wp\/v2\/media?parent=34444"}],"curies":[{"name":"wp","href":"https:\/\/api.w.org\/{rel}","templated":true}]}}